{"id":10794,"date":"2025-12-15T09:52:24","date_gmt":"2025-12-15T09:52:24","guid":{"rendered":"https:\/\/ykmtest.com\/?post_type=product&#038;p=10794"},"modified":"2025-12-15T09:52:27","modified_gmt":"2025-12-15T09:52:27","slug":"hand-operated-auger","status":"publish","type":"product","link":"https:\/\/ykmtest.com\/es\/producto\/hand-operated-auger\/","title":{"rendered":"Sinf\u00edn manual"},"content":{"rendered":"<p style=\"font-weight: 400;\">El sistema de barrena manual consta principalmente de un mecanismo de palanca manual, una abrazadera de sujeci\u00f3n de la barrena y varillas de extensi\u00f3n. El operador introduce la barrena en el suelo girando manualmente la manivela. La barrena manual para suelo est\u00e1 dise\u00f1ada para facilitar su uso. Al girar en sentido contrario, la barrena se puede retirar de forma segura. Este dise\u00f1o permite un control directo por parte del operador y minimiza los riesgos en entornos de campo con escasa infraestructura. El taladro manual para suelo cuenta con una estructura modular compatible con diversos tipos y di\u00e1metros de barrenas. Este taladro manual para suelo puede funcionar con barrenas de entre 50 mm y 150 mm de di\u00e1metro. Con las varillas de extensi\u00f3n adecuadas, se pueden alcanzar profundidades de perforaci\u00f3n superiores a 1 metro. La mayor ventaja del sistema de perforaci\u00f3n manual es su independencia de fuentes de energ\u00eda externas; funciona \u00edntegramente con fuerza humana. Por lo tanto, el taladro manual para suelos permite realizar operaciones de muestreo de suelos incluso en lugares remotos donde no se dispone de electricidad o combustible. Adem\u00e1s, el dispositivo es compacto y liviano, lo que facilita su transporte, mientras que las configuraciones ergon\u00f3micas de la empu\u00f1adura permiten un manejo c\u00f3modo del taladro manual para suelos.<\/p>","protected":false},"excerpt":{"rendered":"<div>\n<p class=\"p2\">El equipo de barrena manual para suelos es un sistema de perforaci\u00f3n del suelo de accionamiento manual dise\u00f1ado para el muestreo de campo y la investigaci\u00f3n del suelo. Es adecuado para su uso en lugares a los que no pueden acceder los sistemas hidr\u00e1ulicos o motorizados, as\u00ed como en zonas donde los recursos el\u00e9ctricos o de combustible son limitados.<\/p>\n<\/div>","protected":false},"featured_media":0,"template":"","meta":{"_acf_changed":false},"product_brand":[],"product_cat":[199],"product_tag":[],"class_list":{"0":"post-10794","1":"product","2":"type-product","3":"status-publish","5":"product_cat-soil-sampling","8":"instock","9":"shipping-taxable","10":"product-type-simple"},"acf":[],"yoast_head":"<!-- This site is optimized with the Yoast SEO Premium plugin v26.5 (Yoast SEO v27.5) - https:\/\/yoast.com\/product\/yoast-seo-premium-wordpress\/ -->\n<title>Hand Operated Auger - YKM TEST<\/title>\n<meta name=\"description\" content=\"Hand Operated Soil Auger System: Hand-powered drilling for depths &gt;1m. Independent, portable, and compatible with 50-150mm augers for remote soil sampling.\" \/>\n<meta name=\"robots\" content=\"index, follow, max-snippet:-1, max-image-preview:large, max-video-preview:-1\" \/>\n<link rel=\"canonical\" href=\"https:\/\/ykmtest.com\/es\/producto\/hand-operated-auger\/\" \/>\n<meta property=\"og:locale\" content=\"es_ES\" \/>\n<meta property=\"og:type\" content=\"article\" \/>\n<meta property=\"og:title\" content=\"Hand Operated Auger\" \/>\n<meta property=\"og:description\" content=\"Hand Operated Soil Auger System: Hand-powered drilling for depths &gt;1m. Independent, portable, and compatible with 50-150mm augers for remote soil sampling.\" \/>\n<meta property=\"og:url\" content=\"https:\/\/ykmtest.com\/es\/producto\/hand-operated-auger\/\" \/>\n<meta property=\"og:site_name\" content=\"YKM TEST\" \/>\n<meta property=\"article:modified_time\" content=\"2025-12-15T09:52:27+00:00\" \/>\n<meta name=\"twitter:card\" content=\"summary_large_image\" \/>\n<meta name=\"twitter:label1\" content=\"Price\" \/>\n\t<meta name=\"twitter:data1\" content=\"\" \/>\n\t<meta name=\"twitter:label2\" content=\"Availability\" \/>\n\t<meta name=\"twitter:data2\" content=\"In stock\" \/>\n<script type=\"application\/ld+json\" class=\"yoast-schema-graph\">{\"@context\":\"https:\\\/\\\/schema.org\",\"@graph\":[{\"@type\":\"WebPage\",\"@id\":\"https:\\\/\\\/ykmtest.com\\\/product\\\/hand-operated-auger\\\/\",\"url\":\"https:\\\/\\\/ykmtest.com\\\/product\\\/hand-operated-auger\\\/\",\"name\":\"Hand Operated Auger - YKM TEST\",\"isPartOf\":{\"@id\":\"https:\\\/\\\/darkorchid-cheetah-525435.hostingersite.com\\\/#website\"},\"datePublished\":\"2025-12-15T09:52:24+00:00\",\"dateModified\":\"2025-12-15T09:52:27+00:00\",\"description\":\"Hand Operated Soil Auger System: Hand-powered drilling for depths >1m. Independent, portable, and compatible with 50-150mm augers for remote soil sampling.\",\"breadcrumb\":{\"@id\":\"https:\\\/\\\/ykmtest.com\\\/product\\\/hand-operated-auger\\\/#breadcrumb\"},\"inLanguage\":\"es-AR\",\"potentialAction\":[{\"@type\":\"ReadAction\",\"target\":[\"https:\\\/\\\/ykmtest.com\\\/product\\\/hand-operated-auger\\\/\"]}]},{\"@type\":\"BreadcrumbList\",\"@id\":\"https:\\\/\\\/ykmtest.com\\\/product\\\/hand-operated-auger\\\/#breadcrumb\",\"itemListElement\":[{\"@type\":\"ListItem\",\"position\":1,\"name\":\"Home\",\"item\":\"https:\\\/\\\/darkorchid-cheetah-525435.hostingersite.com\\\/\"},{\"@type\":\"ListItem\",\"position\":2,\"name\":\"\u0422\u043e\u0432\u0430\u0440\u044b\",\"item\":\"https:\\\/\\\/ykmtest.com\\\/ru\\\/shop\\\/\"},{\"@type\":\"ListItem\",\"position\":3,\"name\":\"Hand Operated Auger\"}]},{\"@type\":\"WebSite\",\"@id\":\"https:\\\/\\\/darkorchid-cheetah-525435.hostingersite.com\\\/#website\",\"url\":\"https:\\\/\\\/darkorchid-cheetah-525435.hostingersite.com\\\/\",\"name\":\"YKM TEST\",\"description\":\"\",\"publisher\":{\"@id\":\"https:\\\/\\\/darkorchid-cheetah-525435.hostingersite.com\\\/#organization\"},\"potentialAction\":[{\"@type\":\"SearchAction\",\"target\":{\"@type\":\"EntryPoint\",\"urlTemplate\":\"https:\\\/\\\/darkorchid-cheetah-525435.hostingersite.com\\\/?s={search_term_string}\"},\"query-input\":{\"@type\":\"PropertyValueSpecification\",\"valueRequired\":true,\"valueName\":\"search_term_string\"}}],\"inLanguage\":\"es-AR\"},{\"@type\":[\"Organization\",\"Place\"],\"@id\":\"https:\\\/\\\/darkorchid-cheetah-525435.hostingersite.com\\\/#organization\",\"name\":\"YKM TEST\",\"url\":\"https:\\\/\\\/darkorchid-cheetah-525435.hostingersite.com\\\/\",\"logo\":{\"@id\":\"https:\\\/\\\/ykmtest.com\\\/product\\\/hand-operated-auger\\\/#local-main-organization-logo\"},\"image\":{\"@id\":\"https:\\\/\\\/ykmtest.com\\\/product\\\/hand-operated-auger\\\/#local-main-organization-logo\"},\"telephone\":[],\"openingHoursSpecification\":[{\"@type\":\"OpeningHoursSpecification\",\"dayOfWeek\":[\"Monday\",\"Tuesday\",\"Wednesday\",\"Thursday\",\"Friday\",\"Saturday\",\"Sunday\"],\"opens\":\"09:00\",\"closes\":\"17:00\"}]},{\"@type\":\"ImageObject\",\"inLanguage\":\"es-AR\",\"@id\":\"https:\\\/\\\/ykmtest.com\\\/product\\\/hand-operated-auger\\\/#local-main-organization-logo\",\"url\":\"https:\\\/\\\/ykmtest.com\\\/wp-content\\\/uploads\\\/2025\\\/10\\\/Asset-2@2x-8.png\",\"contentUrl\":\"https:\\\/\\\/ykmtest.com\\\/wp-content\\\/uploads\\\/2025\\\/10\\\/Asset-2@2x-8.png\",\"width\":1550,\"height\":323,\"caption\":\"YKM TEST\"}]}<\/script>\n<meta property=\"product:price:currency\" content=\"USD\" \/>\n<meta property=\"og:availability\" content=\"instock\" \/>\n<meta property=\"product:availability\" content=\"instock\" \/>\n<meta property=\"product:condition\" content=\"new\" \/>\n<!-- \/ Yoast SEO Premium plugin. -->","yoast_head_json":{"title":"Hand Operated Auger - YKM TEST","description":"Hand Operated Soil Auger System: Hand-powered drilling for depths >1m. Independent, portable, and compatible with 50-150mm augers for remote soil sampling.","robots":{"index":"index","follow":"follow","max-snippet":"max-snippet:-1","max-image-preview":"max-image-preview:large","max-video-preview":"max-video-preview:-1"},"canonical":"https:\/\/ykmtest.com\/es\/producto\/hand-operated-auger\/","og_locale":"es_ES","og_type":"article","og_title":"Hand Operated Auger","og_description":"Hand Operated Soil Auger System: Hand-powered drilling for depths >1m. Independent, portable, and compatible with 50-150mm augers for remote soil sampling.","og_url":"https:\/\/ykmtest.com\/es\/producto\/hand-operated-auger\/","og_site_name":"YKM TEST","article_modified_time":"2025-12-15T09:52:27+00:00","twitter_card":"summary_large_image","twitter_misc":{"Price":"","Availability":"In stock"},"schema":{"@context":"https:\/\/schema.org","@graph":[{"@type":"WebPage","@id":"https:\/\/ykmtest.com\/product\/hand-operated-auger\/","url":"https:\/\/ykmtest.com\/product\/hand-operated-auger\/","name":"Hand Operated Auger - YKM TEST","isPartOf":{"@id":"https:\/\/darkorchid-cheetah-525435.hostingersite.com\/#website"},"datePublished":"2025-12-15T09:52:24+00:00","dateModified":"2025-12-15T09:52:27+00:00","description":"Hand Operated Soil Auger System: Hand-powered drilling for depths >1m. Independent, portable, and compatible with 50-150mm augers for remote soil sampling.","breadcrumb":{"@id":"https:\/\/ykmtest.com\/product\/hand-operated-auger\/#breadcrumb"},"inLanguage":"es-AR","potentialAction":[{"@type":"ReadAction","target":["https:\/\/ykmtest.com\/product\/hand-operated-auger\/"]}]},{"@type":"BreadcrumbList","@id":"https:\/\/ykmtest.com\/product\/hand-operated-auger\/#breadcrumb","itemListElement":[{"@type":"ListItem","position":1,"name":"Home","item":"https:\/\/darkorchid-cheetah-525435.hostingersite.com\/"},{"@type":"ListItem","position":2,"name":"\u0422\u043e\u0432\u0430\u0440\u044b","item":"https:\/\/ykmtest.com\/ru\/shop\/"},{"@type":"ListItem","position":3,"name":"Hand Operated Auger"}]},{"@type":"WebSite","@id":"https:\/\/darkorchid-cheetah-525435.hostingersite.com\/#website","url":"https:\/\/darkorchid-cheetah-525435.hostingersite.com\/","name":"PRUEBA YKM","description":"","publisher":{"@id":"https:\/\/darkorchid-cheetah-525435.hostingersite.com\/#organization"},"potentialAction":[{"@type":"SearchAction","target":{"@type":"EntryPoint","urlTemplate":"https:\/\/darkorchid-cheetah-525435.hostingersite.com\/?s={search_term_string}"},"query-input":{"@type":"PropertyValueSpecification","valueRequired":true,"valueName":"search_term_string"}}],"inLanguage":"es-AR"},{"@type":["Organization","Place"],"@id":"https:\/\/darkorchid-cheetah-525435.hostingersite.com\/#organization","name":"PRUEBA YKM","url":"https:\/\/darkorchid-cheetah-525435.hostingersite.com\/","logo":{"@id":"https:\/\/ykmtest.com\/product\/hand-operated-auger\/#local-main-organization-logo"},"image":{"@id":"https:\/\/ykmtest.com\/product\/hand-operated-auger\/#local-main-organization-logo"},"telephone":[],"openingHoursSpecification":[{"@type":"OpeningHoursSpecification","dayOfWeek":["Monday","Tuesday","Wednesday","Thursday","Friday","Saturday","Sunday"],"opens":"09:00","closes":"17:00"}]},{"@type":"ImageObject","inLanguage":"es-AR","@id":"https:\/\/ykmtest.com\/product\/hand-operated-auger\/#local-main-organization-logo","url":"https:\/\/ykmtest.com\/wp-content\/uploads\/2025\/10\/Asset-2@2x-8.png","contentUrl":"https:\/\/ykmtest.com\/wp-content\/uploads\/2025\/10\/Asset-2@2x-8.png","width":1550,"height":323,"caption":"YKM TEST"}]},"product_price_currency":"USD","og_availability":"instock","product_availability":"instock","product_condition":"new"},"_links":{"self":[{"href":"https:\/\/ykmtest.com\/es\/wp-json\/wp\/v2\/product\/10794","targetHints":{"allow":["GET"]}}],"collection":[{"href":"https:\/\/ykmtest.com\/es\/wp-json\/wp\/v2\/product"}],"about":[{"href":"https:\/\/ykmtest.com\/es\/wp-json\/wp\/v2\/types\/product"}],"version-history":[{"count":1,"href":"https:\/\/ykmtest.com\/es\/wp-json\/wp\/v2\/product\/10794\/revisions"}],"predecessor-version":[{"id":10795,"href":"https:\/\/ykmtest.com\/es\/wp-json\/wp\/v2\/product\/10794\/revisions\/10795"}],"wp:attachment":[{"href":"https:\/\/ykmtest.com\/es\/wp-json\/wp\/v2\/media?parent=10794"}],"wp:term":[{"taxonomy":"product_brand","embeddable":true,"href":"https:\/\/ykmtest.com\/es\/wp-json\/wp\/v2\/product_brand?post=10794"},{"taxonomy":"product_cat","embeddable":true,"href":"https:\/\/ykmtest.com\/es\/wp-json\/wp\/v2\/product_cat?post=10794"},{"taxonomy":"product_tag","embeddable":true,"href":"https:\/\/ykmtest.com\/es\/wp-json\/wp\/v2\/product_tag?post=10794"}],"curies":[{"name":"wp","href":"https:\/\/api.w.org\/{rel}","templated":true}]}}