{"id":11215,"date":"2025-12-17T12:35:39","date_gmt":"2025-12-17T12:35:39","guid":{"rendered":"https:\/\/ykmtest.com\/?post_type=product&#038;p=11215"},"modified":"2025-12-17T12:35:40","modified_gmt":"2025-12-17T12:35:40","slug":"analog-digital-direct-and-residual-shear-testing-machine-dead-weight","status":"publish","type":"product","link":"https:\/\/ykmtest.com\/es\/producto\/analog-digital-direct-and-residual-shear-testing-machine-dead-weight\/","title":{"rendered":"M\u00e1quina de ensayo de cizallamiento directo y residual anal\u00f3gica\/digital (peso muerto)"},"content":{"rendered":"<p>La m\u00e1quina de ensayo de cizallamiento directo y residual anal\u00f3gica\/digital (peso muerto) cuenta con un bastidor de acero r\u00edgido, gu\u00edas lineales sin holgura, una gran capacidad de carrera y capacidad de medici\u00f3n anal\u00f3gica-digital simult\u00e1nea, lo que proporciona resultados repetibles tanto en condiciones de cizallamiento m\u00e1ximo como residual. La unidad de carga de peso muerto funciona con un brazo de palanca de alta precisi\u00f3n y un juego de pesas calibradas. El brazo de palanca, situado sobre un soporte estable, minimiza la excentricidad y garantiza la transferencia uniforme de la fuerza normal a la muestra. El asiento esf\u00e9rico del cabezal de carga se adapta a peque\u00f1as desalineaciones. El desplazamiento de cizallamiento se aplica mediante un mecanismo de movimiento lineal accionado por tornillo sin holgura, lo que proporciona una carga suave a una velocidad constante y controlada. Un amplio rango de velocidades permite seleccionar la velocidad de cizallamiento adecuada para suelos densos, medios y sueltos. El dise\u00f1o de carrera larga garantiza un cizallamiento continuo en el rango residual; los interruptores de fin de carrera evitan la sobrecarga mec\u00e1nica y los da\u00f1os en los sensores. En la configuraci\u00f3n anal\u00f3gica, la fuerza de cizallamiento se mide utilizando un anillo de prueba calibrado, mientras que el desplazamiento de cizallamiento horizontal y el asentamiento vertical se leen en tiempo real utilizando medidores anal\u00f3gicos de dial. El conjunto de la caja de cizallamiento admite varios tama\u00f1os de caja y es compatible con placas porosas, piedras porosas de alta permeabilidad y juegos de pesas, lo que permite realizar ensayos con diferentes tipos de suelos.<\/p>","protected":false},"excerpt":{"rendered":"<p class=\"p3\"><span lang=\"TR\">La m\u00e1quina de ensayo de cizallamiento directo y residual anal\u00f3gica\/digital (peso muerto) es un sistema de caja de cizallamiento dise\u00f1ado para evaluar el comportamiento al cizallamiento de suelos finos y granulares utilizando un principio de carga normal con peso muerto.<\/span><\/p>","protected":false},"featured_media":0,"template":"","meta":{"_acf_changed":false},"product_brand":[],"product_cat":[123,119],"product_tag":[],"class_list":{"0":"post-11215","1":"product","2":"type-product","3":"status-publish","5":"product_cat-direct-residual-shear-equipments","6":"product_cat-soil-lab","9":"instock","10":"shipping-taxable","11":"product-type-simple"},"acf":[],"yoast_head":"<!-- This site is optimized with the Yoast SEO Premium plugin v26.5 (Yoast SEO v27.5) - https:\/\/yoast.com\/product\/yoast-seo-premium-wordpress\/ -->\n<title>Analog \/ Digital Direct and Residual Shear Testing Machine (Dead-Weight) - YKM TEST<\/title>\n<meta name=\"description\" content=\"Direct and Residual Shear Testing Machine (Dead-Weight) evaluates peak and residual shear behavior of soils under dead-weight loading.\" \/>\n<meta name=\"robots\" content=\"index, follow, max-snippet:-1, max-image-preview:large, max-video-preview:-1\" \/>\n<link rel=\"canonical\" href=\"https:\/\/darkorchid-cheetah-525435.hostingersite.com\/product\/analog-digital-direct-and-residual-shear-testing-machine-dead-weight\/\" \/>\n<meta property=\"og:locale\" content=\"es_ES\" \/>\n<meta property=\"og:type\" content=\"article\" \/>\n<meta property=\"og:title\" content=\"Analog \/ Digital Direct and Residual Shear Testing Machine (Dead-Weight)\" \/>\n<meta property=\"og:description\" content=\"Direct and Residual Shear Testing Machine (Dead-Weight) evaluates peak and residual shear behavior of soils under dead-weight loading.\" \/>\n<meta property=\"og:url\" content=\"https:\/\/darkorchid-cheetah-525435.hostingersite.com\/product\/analog-digital-direct-and-residual-shear-testing-machine-dead-weight\/\" \/>\n<meta property=\"og:site_name\" content=\"YKM TEST\" \/>\n<meta property=\"article:modified_time\" content=\"2025-12-17T12:35:40+00:00\" \/>\n<meta name=\"twitter:card\" content=\"summary_large_image\" \/>\n<meta name=\"twitter:label1\" content=\"Price\" \/>\n\t<meta name=\"twitter:data1\" content=\"\" \/>\n\t<meta name=\"twitter:label2\" content=\"Availability\" \/>\n\t<meta name=\"twitter:data2\" content=\"In stock\" \/>\n<script type=\"application\/ld+json\" class=\"yoast-schema-graph\">{\"@context\":\"https:\\\/\\\/schema.org\",\"@graph\":[{\"@type\":\"WebPage\",\"@id\":\"https:\\\/\\\/darkorchid-cheetah-525435.hostingersite.com\\\/product\\\/analog-digital-direct-and-residual-shear-testing-machine-dead-weight\\\/\",\"url\":\"https:\\\/\\\/darkorchid-cheetah-525435.hostingersite.com\\\/product\\\/analog-digital-direct-and-residual-shear-testing-machine-dead-weight\\\/\",\"name\":\"Analog \\\/ Digital Direct and Residual Shear Testing Machine (Dead-Weight) - YKM TEST\",\"isPartOf\":{\"@id\":\"https:\\\/\\\/darkorchid-cheetah-525435.hostingersite.com\\\/#website\"},\"datePublished\":\"2025-12-17T12:35:39+00:00\",\"dateModified\":\"2025-12-17T12:35:40+00:00\",\"description\":\"Direct and Residual Shear Testing Machine (Dead-Weight) evaluates peak and residual shear behavior of soils under dead-weight loading.\",\"breadcrumb\":{\"@id\":\"https:\\\/\\\/darkorchid-cheetah-525435.hostingersite.com\\\/product\\\/analog-digital-direct-and-residual-shear-testing-machine-dead-weight\\\/#breadcrumb\"},\"inLanguage\":\"es-AR\",\"potentialAction\":[{\"@type\":\"ReadAction\",\"target\":[\"https:\\\/\\\/darkorchid-cheetah-525435.hostingersite.com\\\/product\\\/analog-digital-direct-and-residual-shear-testing-machine-dead-weight\\\/\"]}]},{\"@type\":\"BreadcrumbList\",\"@id\":\"https:\\\/\\\/darkorchid-cheetah-525435.hostingersite.com\\\/product\\\/analog-digital-direct-and-residual-shear-testing-machine-dead-weight\\\/#breadcrumb\",\"itemListElement\":[{\"@type\":\"ListItem\",\"position\":1,\"name\":\"Home\",\"item\":\"https:\\\/\\\/darkorchid-cheetah-525435.hostingersite.com\\\/\"},{\"@type\":\"ListItem\",\"position\":2,\"name\":\"\u0422\u043e\u0432\u0430\u0440\u044b\",\"item\":\"https:\\\/\\\/ykmtest.com\\\/ru\\\/shop\\\/\"},{\"@type\":\"ListItem\",\"position\":3,\"name\":\"Analog \\\/ Digital Direct and Residual Shear Testing Machine (Dead-Weight)\"}]},{\"@type\":\"WebSite\",\"@id\":\"https:\\\/\\\/darkorchid-cheetah-525435.hostingersite.com\\\/#website\",\"url\":\"https:\\\/\\\/darkorchid-cheetah-525435.hostingersite.com\\\/\",\"name\":\"YKM TEST\",\"description\":\"\",\"publisher\":{\"@id\":\"https:\\\/\\\/darkorchid-cheetah-525435.hostingersite.com\\\/#organization\"},\"potentialAction\":[{\"@type\":\"SearchAction\",\"target\":{\"@type\":\"EntryPoint\",\"urlTemplate\":\"https:\\\/\\\/darkorchid-cheetah-525435.hostingersite.com\\\/?s={search_term_string}\"},\"query-input\":{\"@type\":\"PropertyValueSpecification\",\"valueRequired\":true,\"valueName\":\"search_term_string\"}}],\"inLanguage\":\"es-AR\"},{\"@type\":[\"Organization\",\"Place\"],\"@id\":\"https:\\\/\\\/darkorchid-cheetah-525435.hostingersite.com\\\/#organization\",\"name\":\"YKM TEST\",\"url\":\"https:\\\/\\\/darkorchid-cheetah-525435.hostingersite.com\\\/\",\"logo\":{\"@id\":\"https:\\\/\\\/darkorchid-cheetah-525435.hostingersite.com\\\/product\\\/analog-digital-direct-and-residual-shear-testing-machine-dead-weight\\\/#local-main-organization-logo\"},\"image\":{\"@id\":\"https:\\\/\\\/darkorchid-cheetah-525435.hostingersite.com\\\/product\\\/analog-digital-direct-and-residual-shear-testing-machine-dead-weight\\\/#local-main-organization-logo\"},\"telephone\":[],\"openingHoursSpecification\":[{\"@type\":\"OpeningHoursSpecification\",\"dayOfWeek\":[\"Monday\",\"Tuesday\",\"Wednesday\",\"Thursday\",\"Friday\",\"Saturday\",\"Sunday\"],\"opens\":\"09:00\",\"closes\":\"17:00\"}]},{\"@type\":\"ImageObject\",\"inLanguage\":\"es-AR\",\"@id\":\"https:\\\/\\\/darkorchid-cheetah-525435.hostingersite.com\\\/product\\\/analog-digital-direct-and-residual-shear-testing-machine-dead-weight\\\/#local-main-organization-logo\",\"url\":\"https:\\\/\\\/ykmtest.com\\\/wp-content\\\/uploads\\\/2025\\\/10\\\/Asset-2@2x-8.png\",\"contentUrl\":\"https:\\\/\\\/ykmtest.com\\\/wp-content\\\/uploads\\\/2025\\\/10\\\/Asset-2@2x-8.png\",\"width\":1550,\"height\":323,\"caption\":\"YKM TEST\"}]}<\/script>\n<meta property=\"product:price:currency\" content=\"USD\" \/>\n<meta property=\"og:availability\" content=\"instock\" \/>\n<meta property=\"product:availability\" content=\"instock\" \/>\n<meta property=\"product:condition\" content=\"new\" \/>\n<!-- \/ Yoast SEO Premium plugin. -->","yoast_head_json":{"title":"Analog \/ Digital Direct and Residual Shear Testing Machine (Dead-Weight) - YKM TEST","description":"Direct and Residual Shear Testing Machine (Dead-Weight) evaluates peak and residual shear behavior of soils under dead-weight loading.","robots":{"index":"index","follow":"follow","max-snippet":"max-snippet:-1","max-image-preview":"max-image-preview:large","max-video-preview":"max-video-preview:-1"},"canonical":"https:\/\/darkorchid-cheetah-525435.hostingersite.com\/product\/analog-digital-direct-and-residual-shear-testing-machine-dead-weight\/","og_locale":"es_ES","og_type":"article","og_title":"Analog \/ Digital Direct and Residual Shear Testing Machine (Dead-Weight)","og_description":"Direct and Residual Shear Testing Machine (Dead-Weight) evaluates peak and residual shear behavior of soils under dead-weight loading.","og_url":"https:\/\/darkorchid-cheetah-525435.hostingersite.com\/product\/analog-digital-direct-and-residual-shear-testing-machine-dead-weight\/","og_site_name":"YKM TEST","article_modified_time":"2025-12-17T12:35:40+00:00","twitter_card":"summary_large_image","twitter_misc":{"Price":"","Availability":"In stock"},"schema":{"@context":"https:\/\/schema.org","@graph":[{"@type":"WebPage","@id":"https:\/\/darkorchid-cheetah-525435.hostingersite.com\/product\/analog-digital-direct-and-residual-shear-testing-machine-dead-weight\/","url":"https:\/\/darkorchid-cheetah-525435.hostingersite.com\/product\/analog-digital-direct-and-residual-shear-testing-machine-dead-weight\/","name":"Analog \/ Digital Direct and Residual Shear Testing Machine (Dead-Weight) - YKM TEST","isPartOf":{"@id":"https:\/\/darkorchid-cheetah-525435.hostingersite.com\/#website"},"datePublished":"2025-12-17T12:35:39+00:00","dateModified":"2025-12-17T12:35:40+00:00","description":"Direct and Residual Shear Testing Machine (Dead-Weight) evaluates peak and residual shear behavior of soils under dead-weight loading.","breadcrumb":{"@id":"https:\/\/darkorchid-cheetah-525435.hostingersite.com\/product\/analog-digital-direct-and-residual-shear-testing-machine-dead-weight\/#breadcrumb"},"inLanguage":"es-AR","potentialAction":[{"@type":"ReadAction","target":["https:\/\/darkorchid-cheetah-525435.hostingersite.com\/product\/analog-digital-direct-and-residual-shear-testing-machine-dead-weight\/"]}]},{"@type":"BreadcrumbList","@id":"https:\/\/darkorchid-cheetah-525435.hostingersite.com\/product\/analog-digital-direct-and-residual-shear-testing-machine-dead-weight\/#breadcrumb","itemListElement":[{"@type":"ListItem","position":1,"name":"Home","item":"https:\/\/darkorchid-cheetah-525435.hostingersite.com\/"},{"@type":"ListItem","position":2,"name":"\u0422\u043e\u0432\u0430\u0440\u044b","item":"https:\/\/ykmtest.com\/ru\/shop\/"},{"@type":"ListItem","position":3,"name":"Analog \/ Digital Direct and Residual Shear Testing Machine (Dead-Weight)"}]},{"@type":"WebSite","@id":"https:\/\/darkorchid-cheetah-525435.hostingersite.com\/#website","url":"https:\/\/darkorchid-cheetah-525435.hostingersite.com\/","name":"PRUEBA YKM","description":"","publisher":{"@id":"https:\/\/darkorchid-cheetah-525435.hostingersite.com\/#organization"},"potentialAction":[{"@type":"SearchAction","target":{"@type":"EntryPoint","urlTemplate":"https:\/\/darkorchid-cheetah-525435.hostingersite.com\/?s={search_term_string}"},"query-input":{"@type":"PropertyValueSpecification","valueRequired":true,"valueName":"search_term_string"}}],"inLanguage":"es-AR"},{"@type":["Organization","Place"],"@id":"https:\/\/darkorchid-cheetah-525435.hostingersite.com\/#organization","name":"PRUEBA YKM","url":"https:\/\/darkorchid-cheetah-525435.hostingersite.com\/","logo":{"@id":"https:\/\/darkorchid-cheetah-525435.hostingersite.com\/product\/analog-digital-direct-and-residual-shear-testing-machine-dead-weight\/#local-main-organization-logo"},"image":{"@id":"https:\/\/darkorchid-cheetah-525435.hostingersite.com\/product\/analog-digital-direct-and-residual-shear-testing-machine-dead-weight\/#local-main-organization-logo"},"telephone":[],"openingHoursSpecification":[{"@type":"OpeningHoursSpecification","dayOfWeek":["Monday","Tuesday","Wednesday","Thursday","Friday","Saturday","Sunday"],"opens":"09:00","closes":"17:00"}]},{"@type":"ImageObject","inLanguage":"es-AR","@id":"https:\/\/darkorchid-cheetah-525435.hostingersite.com\/product\/analog-digital-direct-and-residual-shear-testing-machine-dead-weight\/#local-main-organization-logo","url":"https:\/\/ykmtest.com\/wp-content\/uploads\/2025\/10\/Asset-2@2x-8.png","contentUrl":"https:\/\/ykmtest.com\/wp-content\/uploads\/2025\/10\/Asset-2@2x-8.png","width":1550,"height":323,"caption":"YKM TEST"}]},"product_price_currency":"USD","og_availability":"instock","product_availability":"instock","product_condition":"new"},"_links":{"self":[{"href":"https:\/\/ykmtest.com\/es\/wp-json\/wp\/v2\/product\/11215","targetHints":{"allow":["GET"]}}],"collection":[{"href":"https:\/\/ykmtest.com\/es\/wp-json\/wp\/v2\/product"}],"about":[{"href":"https:\/\/ykmtest.com\/es\/wp-json\/wp\/v2\/types\/product"}],"version-history":[{"count":1,"href":"https:\/\/ykmtest.com\/es\/wp-json\/wp\/v2\/product\/11215\/revisions"}],"predecessor-version":[{"id":11216,"href":"https:\/\/ykmtest.com\/es\/wp-json\/wp\/v2\/product\/11215\/revisions\/11216"}],"wp:attachment":[{"href":"https:\/\/ykmtest.com\/es\/wp-json\/wp\/v2\/media?parent=11215"}],"wp:term":[{"taxonomy":"product_brand","embeddable":true,"href":"https:\/\/ykmtest.com\/es\/wp-json\/wp\/v2\/product_brand?post=11215"},{"taxonomy":"product_cat","embeddable":true,"href":"https:\/\/ykmtest.com\/es\/wp-json\/wp\/v2\/product_cat?post=11215"},{"taxonomy":"product_tag","embeddable":true,"href":"https:\/\/ykmtest.com\/es\/wp-json\/wp\/v2\/product_tag?post=11215"}],"curies":[{"name":"wp","href":"https:\/\/api.w.org\/{rel}","templated":true}]}}