{"id":11219,"date":"2025-12-17T13:19:13","date_gmt":"2025-12-17T13:19:13","guid":{"rendered":"https:\/\/ykmtest.com\/?post_type=product&#038;p=11219"},"modified":"2025-12-17T13:19:14","modified_gmt":"2025-12-17T13:19:14","slug":"standard-triaxial-test-set-with-built-in-data-channel","status":"publish","type":"product","link":"https:\/\/ykmtest.com\/es\/producto\/standard-triaxial-test-set-with-built-in-data-channel\/","title":{"rendered":"Equipo est\u00e1ndar para ensayos triaxiales con canal de datos integrado"},"content":{"rendered":"<p>El equipo de ensayo triaxial est\u00e1ndar es totalmente compatible con los modos de ensayo UU (no consolidado sin drenaje), CU (consolidado sin drenaje) y CD (consolidado con drenaje). Esto permite determinar con precisi\u00f3n la resistencia al corte, las caracter\u00edsticas de deformaci\u00f3n, los par\u00e1metros de corte (c, \u03c6) y el comportamiento volum\u00e9trico en diferentes condiciones de drenaje y consolidaci\u00f3n. Los canales de datos integrados con tecnolog\u00eda moderna de adquisici\u00f3n de datos permiten el registro y el an\u00e1lisis en tiempo real de todos los par\u00e1metros de medici\u00f3n. La prueba UU representa el comportamiento a corto plazo en condiciones no consolidadas y sin drenaje. La prueba CU se realiza despu\u00e9s de la consolidaci\u00f3n, con el drenaje cerrado, lo que permite determinar los par\u00e1metros de tensi\u00f3n efectiva con monitoreo de la presi\u00f3n intersticial. La prueba CD se lleva a cabo en condiciones consolidadas y drenadas para obtener una respuesta a largo plazo bajo tensiones efectivas. Las celdas triaxiales cuentan con cuerpos acr\u00edlicos transparentes de alta resistencia con tapas de aluminio en los extremos. Las celdas admiten varios di\u00e1metros de muestras y utilizan un sistema de sellado especial para mantener una presi\u00f3n estable durante pruebas prolongadas. La presi\u00f3n de la celda, la contrapresi\u00f3n y las l\u00edneas de drenaje se monitorean a trav\u00e9s del sistema de adquisici\u00f3n de datos integrado. El bastidor de carga utiliza una estructura r\u00edgida de doble columna con un sistema de carga accionado por servomotor para un control preciso de la deformaci\u00f3n. El rango de control de velocidad es de 0,00001 mm\/min a 50 mm\/min, lo que proporciona una excelente flexibilidad tanto para ensayos UU r\u00e1pidos como para ensayos CD de larga duraci\u00f3n. Los transductores de desplazamiento LVDT proporcionan una resoluci\u00f3n de nivel microm\u00e9trico; los canales de datos integrados registran simult\u00e1neamente las mediciones de carga, desplazamiento, presi\u00f3n y cambio de volumen a trav\u00e9s de c\u00e9lulas de carga y transductores de presi\u00f3n. A diferencia de los sistemas manuales tradicionales, el sistema triaxial YKMTEST integra todos los canales de medici\u00f3n directamente en la unidad principal. Esta arquitectura integrada de m\u00faltiples canales de datos (8 canales) elimina la necesidad de m\u00f3dulos DAQ externos, reduce la complejidad del cableado y mejora la fiabilidad de las mediciones. Los datos registrados se pueden ver en tiempo real en la pantalla digital, supervisar gr\u00e1ficamente y transferir al software de la computadora. El sistema de control de presi\u00f3n funciona mediante unidades de aceite\/agua con soporte de compresor. La presi\u00f3n de la celda puede alcanzar hasta 1700 kPa, mientras que la contrapresi\u00f3n puede alcanzar 1000 kPa. Los transductores de presi\u00f3n de alta precisi\u00f3n proporcionan una resoluci\u00f3n de \u00b10,1 kPa. Las mediciones de cambio de volumen se supervisan mediante una unidad electr\u00f3nica de cambio de volumen. El sistema de adquisici\u00f3n de datos integrado puede interactuar con registradores de datos externos para configuraciones multicelda.<\/p>","protected":false},"excerpt":{"rendered":"<p class=\"p3\"><span lang=\"TR\">El equipo est\u00e1ndar para ensayos triaxiales con canal de datos integrado es un sistema profesional de laboratorio dise\u00f1ado para determinar con precisi\u00f3n el comportamiento mec\u00e1nico de los suelos bajo carga axial, la respuesta a la presi\u00f3n intersticial y las caracter\u00edsticas de resistencia en diversas condiciones de drenaje.<\/span><\/p>","protected":false},"featured_media":0,"template":"","meta":{"_acf_changed":false},"product_brand":[],"product_cat":[119,124],"product_tag":[],"class_list":{"0":"post-11219","1":"product","2":"type-product","3":"status-publish","5":"product_cat-soil-lab","6":"product_cat-triaxial-testing-equipments","9":"instock","10":"shipping-taxable","11":"product-type-simple"},"acf":[],"yoast_head":"<!-- This site is optimized with the Yoast SEO Premium plugin v26.5 (Yoast SEO v27.5) - https:\/\/yoast.com\/product\/yoast-seo-premium-wordpress\/ -->\n<title>Standard Triaxial Test Set with Built-in Data Channel - YKM TEST<\/title>\n<meta name=\"description\" content=\"Standard Triaxial Test Set with built-in data channels enables accurate UU, CU, and CD soil strength testing with real-time data acquisition.\" \/>\n<meta name=\"robots\" content=\"index, follow, max-snippet:-1, max-image-preview:large, max-video-preview:-1\" \/>\n<link rel=\"canonical\" href=\"https:\/\/darkorchid-cheetah-525435.hostingersite.com\/product\/standard-triaxial-test-set-with-built-in-data-channel\/\" \/>\n<meta property=\"og:locale\" content=\"es_ES\" \/>\n<meta property=\"og:type\" content=\"article\" \/>\n<meta property=\"og:title\" content=\"Standard Triaxial Test Set with Built-in Data Channel\" \/>\n<meta property=\"og:description\" content=\"Standard Triaxial Test Set with built-in data channels enables accurate UU, CU, and CD soil strength testing with real-time data acquisition.\" \/>\n<meta property=\"og:url\" content=\"https:\/\/darkorchid-cheetah-525435.hostingersite.com\/product\/standard-triaxial-test-set-with-built-in-data-channel\/\" \/>\n<meta property=\"og:site_name\" content=\"YKM TEST\" \/>\n<meta property=\"article:modified_time\" content=\"2025-12-17T13:19:14+00:00\" \/>\n<meta name=\"twitter:card\" content=\"summary_large_image\" \/>\n<meta name=\"twitter:label1\" content=\"Price\" \/>\n\t<meta name=\"twitter:data1\" content=\"\" \/>\n\t<meta name=\"twitter:label2\" content=\"Availability\" \/>\n\t<meta name=\"twitter:data2\" content=\"In stock\" \/>\n<script type=\"application\/ld+json\" class=\"yoast-schema-graph\">{\"@context\":\"https:\\\/\\\/schema.org\",\"@graph\":[{\"@type\":\"WebPage\",\"@id\":\"https:\\\/\\\/darkorchid-cheetah-525435.hostingersite.com\\\/product\\\/standard-triaxial-test-set-with-built-in-data-channel\\\/\",\"url\":\"https:\\\/\\\/darkorchid-cheetah-525435.hostingersite.com\\\/product\\\/standard-triaxial-test-set-with-built-in-data-channel\\\/\",\"name\":\"Standard Triaxial Test Set with Built-in Data Channel - YKM TEST\",\"isPartOf\":{\"@id\":\"https:\\\/\\\/darkorchid-cheetah-525435.hostingersite.com\\\/#website\"},\"datePublished\":\"2025-12-17T13:19:13+00:00\",\"dateModified\":\"2025-12-17T13:19:14+00:00\",\"description\":\"Standard Triaxial Test Set with built-in data channels enables accurate UU, CU, and CD soil strength testing with real-time data acquisition.\",\"breadcrumb\":{\"@id\":\"https:\\\/\\\/darkorchid-cheetah-525435.hostingersite.com\\\/product\\\/standard-triaxial-test-set-with-built-in-data-channel\\\/#breadcrumb\"},\"inLanguage\":\"es-AR\",\"potentialAction\":[{\"@type\":\"ReadAction\",\"target\":[\"https:\\\/\\\/darkorchid-cheetah-525435.hostingersite.com\\\/product\\\/standard-triaxial-test-set-with-built-in-data-channel\\\/\"]}]},{\"@type\":\"BreadcrumbList\",\"@id\":\"https:\\\/\\\/darkorchid-cheetah-525435.hostingersite.com\\\/product\\\/standard-triaxial-test-set-with-built-in-data-channel\\\/#breadcrumb\",\"itemListElement\":[{\"@type\":\"ListItem\",\"position\":1,\"name\":\"Home\",\"item\":\"https:\\\/\\\/darkorchid-cheetah-525435.hostingersite.com\\\/\"},{\"@type\":\"ListItem\",\"position\":2,\"name\":\"\u0422\u043e\u0432\u0430\u0440\u044b\",\"item\":\"https:\\\/\\\/ykmtest.com\\\/ru\\\/shop\\\/\"},{\"@type\":\"ListItem\",\"position\":3,\"name\":\"Standard Triaxial Test Set with Built-in Data Channel\"}]},{\"@type\":\"WebSite\",\"@id\":\"https:\\\/\\\/darkorchid-cheetah-525435.hostingersite.com\\\/#website\",\"url\":\"https:\\\/\\\/darkorchid-cheetah-525435.hostingersite.com\\\/\",\"name\":\"YKM TEST\",\"description\":\"\",\"publisher\":{\"@id\":\"https:\\\/\\\/darkorchid-cheetah-525435.hostingersite.com\\\/#organization\"},\"potentialAction\":[{\"@type\":\"SearchAction\",\"target\":{\"@type\":\"EntryPoint\",\"urlTemplate\":\"https:\\\/\\\/darkorchid-cheetah-525435.hostingersite.com\\\/?s={search_term_string}\"},\"query-input\":{\"@type\":\"PropertyValueSpecification\",\"valueRequired\":true,\"valueName\":\"search_term_string\"}}],\"inLanguage\":\"es-AR\"},{\"@type\":[\"Organization\",\"Place\"],\"@id\":\"https:\\\/\\\/darkorchid-cheetah-525435.hostingersite.com\\\/#organization\",\"name\":\"YKM TEST\",\"url\":\"https:\\\/\\\/darkorchid-cheetah-525435.hostingersite.com\\\/\",\"logo\":{\"@id\":\"https:\\\/\\\/darkorchid-cheetah-525435.hostingersite.com\\\/product\\\/standard-triaxial-test-set-with-built-in-data-channel\\\/#local-main-organization-logo\"},\"image\":{\"@id\":\"https:\\\/\\\/darkorchid-cheetah-525435.hostingersite.com\\\/product\\\/standard-triaxial-test-set-with-built-in-data-channel\\\/#local-main-organization-logo\"},\"telephone\":[],\"openingHoursSpecification\":[{\"@type\":\"OpeningHoursSpecification\",\"dayOfWeek\":[\"Monday\",\"Tuesday\",\"Wednesday\",\"Thursday\",\"Friday\",\"Saturday\",\"Sunday\"],\"opens\":\"09:00\",\"closes\":\"17:00\"}]},{\"@type\":\"ImageObject\",\"inLanguage\":\"es-AR\",\"@id\":\"https:\\\/\\\/darkorchid-cheetah-525435.hostingersite.com\\\/product\\\/standard-triaxial-test-set-with-built-in-data-channel\\\/#local-main-organization-logo\",\"url\":\"https:\\\/\\\/ykmtest.com\\\/wp-content\\\/uploads\\\/2025\\\/10\\\/Asset-2@2x-8.png\",\"contentUrl\":\"https:\\\/\\\/ykmtest.com\\\/wp-content\\\/uploads\\\/2025\\\/10\\\/Asset-2@2x-8.png\",\"width\":1550,\"height\":323,\"caption\":\"YKM TEST\"}]}<\/script>\n<meta property=\"product:price:currency\" content=\"USD\" \/>\n<meta property=\"og:availability\" content=\"instock\" \/>\n<meta property=\"product:availability\" content=\"instock\" \/>\n<meta property=\"product:condition\" content=\"new\" \/>\n<!-- \/ Yoast SEO Premium plugin. -->","yoast_head_json":{"title":"Standard Triaxial Test Set with Built-in Data Channel - YKM TEST","description":"Standard Triaxial Test Set with built-in data channels enables accurate UU, CU, and CD soil strength testing with real-time data acquisition.","robots":{"index":"index","follow":"follow","max-snippet":"max-snippet:-1","max-image-preview":"max-image-preview:large","max-video-preview":"max-video-preview:-1"},"canonical":"https:\/\/darkorchid-cheetah-525435.hostingersite.com\/product\/standard-triaxial-test-set-with-built-in-data-channel\/","og_locale":"es_ES","og_type":"article","og_title":"Standard Triaxial Test Set with Built-in Data Channel","og_description":"Standard Triaxial Test Set with built-in data channels enables accurate UU, CU, and CD soil strength testing with real-time data acquisition.","og_url":"https:\/\/darkorchid-cheetah-525435.hostingersite.com\/product\/standard-triaxial-test-set-with-built-in-data-channel\/","og_site_name":"YKM TEST","article_modified_time":"2025-12-17T13:19:14+00:00","twitter_card":"summary_large_image","twitter_misc":{"Price":"","Availability":"In stock"},"schema":{"@context":"https:\/\/schema.org","@graph":[{"@type":"WebPage","@id":"https:\/\/darkorchid-cheetah-525435.hostingersite.com\/product\/standard-triaxial-test-set-with-built-in-data-channel\/","url":"https:\/\/darkorchid-cheetah-525435.hostingersite.com\/product\/standard-triaxial-test-set-with-built-in-data-channel\/","name":"Standard Triaxial Test Set with Built-in Data Channel - YKM TEST","isPartOf":{"@id":"https:\/\/darkorchid-cheetah-525435.hostingersite.com\/#website"},"datePublished":"2025-12-17T13:19:13+00:00","dateModified":"2025-12-17T13:19:14+00:00","description":"Standard Triaxial Test Set with built-in data channels enables accurate UU, CU, and CD soil strength testing with real-time data acquisition.","breadcrumb":{"@id":"https:\/\/darkorchid-cheetah-525435.hostingersite.com\/product\/standard-triaxial-test-set-with-built-in-data-channel\/#breadcrumb"},"inLanguage":"es-AR","potentialAction":[{"@type":"ReadAction","target":["https:\/\/darkorchid-cheetah-525435.hostingersite.com\/product\/standard-triaxial-test-set-with-built-in-data-channel\/"]}]},{"@type":"BreadcrumbList","@id":"https:\/\/darkorchid-cheetah-525435.hostingersite.com\/product\/standard-triaxial-test-set-with-built-in-data-channel\/#breadcrumb","itemListElement":[{"@type":"ListItem","position":1,"name":"Home","item":"https:\/\/darkorchid-cheetah-525435.hostingersite.com\/"},{"@type":"ListItem","position":2,"name":"\u0422\u043e\u0432\u0430\u0440\u044b","item":"https:\/\/ykmtest.com\/ru\/shop\/"},{"@type":"ListItem","position":3,"name":"Standard Triaxial Test Set with Built-in Data Channel"}]},{"@type":"WebSite","@id":"https:\/\/darkorchid-cheetah-525435.hostingersite.com\/#website","url":"https:\/\/darkorchid-cheetah-525435.hostingersite.com\/","name":"PRUEBA YKM","description":"","publisher":{"@id":"https:\/\/darkorchid-cheetah-525435.hostingersite.com\/#organization"},"potentialAction":[{"@type":"SearchAction","target":{"@type":"EntryPoint","urlTemplate":"https:\/\/darkorchid-cheetah-525435.hostingersite.com\/?s={search_term_string}"},"query-input":{"@type":"PropertyValueSpecification","valueRequired":true,"valueName":"search_term_string"}}],"inLanguage":"es-AR"},{"@type":["Organization","Place"],"@id":"https:\/\/darkorchid-cheetah-525435.hostingersite.com\/#organization","name":"PRUEBA YKM","url":"https:\/\/darkorchid-cheetah-525435.hostingersite.com\/","logo":{"@id":"https:\/\/darkorchid-cheetah-525435.hostingersite.com\/product\/standard-triaxial-test-set-with-built-in-data-channel\/#local-main-organization-logo"},"image":{"@id":"https:\/\/darkorchid-cheetah-525435.hostingersite.com\/product\/standard-triaxial-test-set-with-built-in-data-channel\/#local-main-organization-logo"},"telephone":[],"openingHoursSpecification":[{"@type":"OpeningHoursSpecification","dayOfWeek":["Monday","Tuesday","Wednesday","Thursday","Friday","Saturday","Sunday"],"opens":"09:00","closes":"17:00"}]},{"@type":"ImageObject","inLanguage":"es-AR","@id":"https:\/\/darkorchid-cheetah-525435.hostingersite.com\/product\/standard-triaxial-test-set-with-built-in-data-channel\/#local-main-organization-logo","url":"https:\/\/ykmtest.com\/wp-content\/uploads\/2025\/10\/Asset-2@2x-8.png","contentUrl":"https:\/\/ykmtest.com\/wp-content\/uploads\/2025\/10\/Asset-2@2x-8.png","width":1550,"height":323,"caption":"YKM TEST"}]},"product_price_currency":"USD","og_availability":"instock","product_availability":"instock","product_condition":"new"},"_links":{"self":[{"href":"https:\/\/ykmtest.com\/es\/wp-json\/wp\/v2\/product\/11219","targetHints":{"allow":["GET"]}}],"collection":[{"href":"https:\/\/ykmtest.com\/es\/wp-json\/wp\/v2\/product"}],"about":[{"href":"https:\/\/ykmtest.com\/es\/wp-json\/wp\/v2\/types\/product"}],"version-history":[{"count":1,"href":"https:\/\/ykmtest.com\/es\/wp-json\/wp\/v2\/product\/11219\/revisions"}],"predecessor-version":[{"id":11221,"href":"https:\/\/ykmtest.com\/es\/wp-json\/wp\/v2\/product\/11219\/revisions\/11221"}],"wp:attachment":[{"href":"https:\/\/ykmtest.com\/es\/wp-json\/wp\/v2\/media?parent=11219"}],"wp:term":[{"taxonomy":"product_brand","embeddable":true,"href":"https:\/\/ykmtest.com\/es\/wp-json\/wp\/v2\/product_brand?post=11219"},{"taxonomy":"product_cat","embeddable":true,"href":"https:\/\/ykmtest.com\/es\/wp-json\/wp\/v2\/product_cat?post=11219"},{"taxonomy":"product_tag","embeddable":true,"href":"https:\/\/ykmtest.com\/es\/wp-json\/wp\/v2\/product_tag?post=11219"}],"curies":[{"name":"wp","href":"https:\/\/api.w.org\/{rel}","templated":true}]}}