{"id":11237,"date":"2025-12-18T12:08:46","date_gmt":"2025-12-18T12:08:46","guid":{"rendered":"https:\/\/ykmtest.com\/?post_type=product&#038;p=11237"},"modified":"2025-12-18T12:08:47","modified_gmt":"2025-12-18T12:08:47","slug":"automatic-cbr-testing-machine-digitest","status":"publish","type":"product","link":"https:\/\/ykmtest.com\/es\/producto\/automatic-cbr-testing-machine-digitest\/","title":{"rendered":"M\u00e1quina autom\u00e1tica para pruebas CBR DigiTest"},"content":{"rendered":"<p class=\"p3\"><span lang=\"TR\">El mecanismo de carga funciona a una velocidad de penetraci\u00f3n constante, de acuerdo con las normas de ensayo CBR, y el operador puede ajustar la velocidad. La capacidad de carga de 50 kN cumple f\u00e1cilmente los requisitos de tensi\u00f3n est\u00e1ndar para los moldes CBR. La carga se mide mediante una c\u00e9lula de carga y la penetraci\u00f3n se supervisa mediante un transductor de desplazamiento de alta resoluci\u00f3n. El sistema de medici\u00f3n admite la calibraci\u00f3n multipunto para garantizar una estabilidad a largo plazo y una baja hist\u00e9resis. El travesa\u00f1o ajustable permite una configuraci\u00f3n r\u00e1pida con diferentes disposiciones de moldes\/muestras. Se incluyen interruptores de l\u00edmite superior\/inferior, parada de emergencia y protecci\u00f3n contra sobrecargas para la seguridad del operador y la protecci\u00f3n del equipo. Un panel de control con pantalla t\u00e1ctil integrada de 7\u2033 registra simult\u00e1neamente la carga y el desplazamiento, lo que permite la representaci\u00f3n gr\u00e1fica en tiempo real, la captura de valores m\u00e1ximos y la generaci\u00f3n autom\u00e1tica de informes. La velocidad de ensayo, la posici\u00f3n y los datos en tiempo real se muestran claramente. Los perfiles de ensayo se pueden almacenar y recuperar para realizar mediciones repetidas utilizando los mismos par\u00e1metros. La interfaz de pantalla t\u00e1ctil controlada por microprocesador incluye velocidades de carga preestablecidas y tablas de penetraci\u00f3n que cumplen con las normas de prueba actuales. Los operadores pueden seleccionar entre procedimientos est\u00e1ndar o definir modos de prueba personalizados con velocidades de carga e intervalos de lectura especificados por el usuario. Las curvas de carga-deformaci\u00f3n en tiempo real y los valores CBR finales se muestran al finalizar. Se pueden seleccionar unidades de carga (kg o kN) y unidades de desplazamiento (mm o pulgadas). Hay opciones de idioma en ingl\u00e9s y turco. El sistema admite la calibraci\u00f3n de c\u00e9lulas de carga de 10 puntos y LVDT de 10 puntos para una m\u00e1xima precisi\u00f3n. La prueba CBR se realiza aplicando carga a la muestra de suelo utilizando el pist\u00f3n de secci\u00f3n transversal est\u00e1ndar mientras se supervisan la carga y la penetraci\u00f3n. Las cargas medidas se comparan con los valores de referencia est\u00e1ndar para calcular el CBR a una penetraci\u00f3n de 2,5% y 5%. Los valores CBR m\u00e1s altos indican materiales m\u00e1s r\u00edgidos y resistentes.<\/span><\/p>","protected":false},"excerpt":{"rendered":"<p class=\"p3\"><span lang=\"TR\">La m\u00e1quina autom\u00e1tica de ensayo CBR (CBR DigiTest) est\u00e1 dise\u00f1ada para determinar el \u00edndice de soporte de California (CBR) de materiales de subbase, subrasante y suelos. El sistema cuenta con un bastidor de carga de doble columna accionado por motor con una plataforma de medici\u00f3n digital integrada. Su cuerpo r\u00edgido, su accionamiento de baja vibraci\u00f3n y su cabezal de carga ajustable garantizan una transferencia de carga axial uniforme y una penetraci\u00f3n estable a velocidad constante, lo que produce datos repetibles de carga-deformaci\u00f3n. La configuraci\u00f3n de sobremesa y la distribuci\u00f3n equilibrada del peso proporcionan un funcionamiento seguro y estable en entornos de laboratorio.<\/span><\/p>","protected":false},"featured_media":0,"template":"","meta":{"_acf_changed":false},"product_brand":[],"product_cat":[125,119],"product_tag":[],"class_list":{"0":"post-11237","1":"product","2":"type-product","3":"status-publish","5":"product_cat-cbr-california-bearing-ratio","6":"product_cat-soil-lab","9":"instock","10":"shipping-taxable","11":"product-type-simple"},"acf":[],"yoast_head":"<!-- This site is optimized with the Yoast SEO Premium plugin v26.5 (Yoast SEO v27.5) - https:\/\/yoast.com\/product\/yoast-seo-premium-wordpress\/ -->\n<title>Automatic CBR Testing Machine DigiTest - YKM TEST<\/title>\n<meta name=\"description\" content=\"Automatic CBR Testing Machine (DigiTest) determines California Bearing Ratio of soils with motorized loading and digital data acquisition.\" \/>\n<meta name=\"robots\" content=\"index, follow, max-snippet:-1, max-image-preview:large, max-video-preview:-1\" \/>\n<link rel=\"canonical\" href=\"https:\/\/darkorchid-cheetah-525435.hostingersite.com\/product\/automatic-cbr-testing-machine-digitest\/\" \/>\n<meta property=\"og:locale\" content=\"es_ES\" \/>\n<meta property=\"og:type\" content=\"article\" \/>\n<meta property=\"og:title\" content=\"Automatic CBR Testing Machine DigiTest\" \/>\n<meta property=\"og:description\" content=\"Automatic CBR Testing Machine (DigiTest) determines California Bearing Ratio of soils with motorized loading and digital data acquisition.\" \/>\n<meta property=\"og:url\" content=\"https:\/\/darkorchid-cheetah-525435.hostingersite.com\/product\/automatic-cbr-testing-machine-digitest\/\" \/>\n<meta property=\"og:site_name\" content=\"YKM TEST\" \/>\n<meta property=\"article:modified_time\" content=\"2025-12-18T12:08:47+00:00\" \/>\n<meta name=\"twitter:card\" content=\"summary_large_image\" \/>\n<meta name=\"twitter:label1\" content=\"Price\" \/>\n\t<meta name=\"twitter:data1\" content=\"\" \/>\n\t<meta name=\"twitter:label2\" content=\"Availability\" \/>\n\t<meta name=\"twitter:data2\" content=\"In stock\" \/>\n<script type=\"application\/ld+json\" class=\"yoast-schema-graph\">{\"@context\":\"https:\\\/\\\/schema.org\",\"@graph\":[{\"@type\":\"WebPage\",\"@id\":\"https:\\\/\\\/darkorchid-cheetah-525435.hostingersite.com\\\/product\\\/automatic-cbr-testing-machine-digitest\\\/\",\"url\":\"https:\\\/\\\/darkorchid-cheetah-525435.hostingersite.com\\\/product\\\/automatic-cbr-testing-machine-digitest\\\/\",\"name\":\"Automatic CBR Testing Machine DigiTest - YKM TEST\",\"isPartOf\":{\"@id\":\"https:\\\/\\\/darkorchid-cheetah-525435.hostingersite.com\\\/#website\"},\"datePublished\":\"2025-12-18T12:08:46+00:00\",\"dateModified\":\"2025-12-18T12:08:47+00:00\",\"description\":\"Automatic CBR Testing Machine (DigiTest) determines California Bearing Ratio of soils with motorized loading and digital data acquisition.\",\"breadcrumb\":{\"@id\":\"https:\\\/\\\/darkorchid-cheetah-525435.hostingersite.com\\\/product\\\/automatic-cbr-testing-machine-digitest\\\/#breadcrumb\"},\"inLanguage\":\"es-AR\",\"potentialAction\":[{\"@type\":\"ReadAction\",\"target\":[\"https:\\\/\\\/darkorchid-cheetah-525435.hostingersite.com\\\/product\\\/automatic-cbr-testing-machine-digitest\\\/\"]}]},{\"@type\":\"BreadcrumbList\",\"@id\":\"https:\\\/\\\/darkorchid-cheetah-525435.hostingersite.com\\\/product\\\/automatic-cbr-testing-machine-digitest\\\/#breadcrumb\",\"itemListElement\":[{\"@type\":\"ListItem\",\"position\":1,\"name\":\"Home\",\"item\":\"https:\\\/\\\/darkorchid-cheetah-525435.hostingersite.com\\\/\"},{\"@type\":\"ListItem\",\"position\":2,\"name\":\"\u0422\u043e\u0432\u0430\u0440\u044b\",\"item\":\"https:\\\/\\\/ykmtest.com\\\/ru\\\/shop\\\/\"},{\"@type\":\"ListItem\",\"position\":3,\"name\":\"Automatic CBR Testing Machine DigiTest\"}]},{\"@type\":\"WebSite\",\"@id\":\"https:\\\/\\\/darkorchid-cheetah-525435.hostingersite.com\\\/#website\",\"url\":\"https:\\\/\\\/darkorchid-cheetah-525435.hostingersite.com\\\/\",\"name\":\"YKM TEST\",\"description\":\"\",\"publisher\":{\"@id\":\"https:\\\/\\\/darkorchid-cheetah-525435.hostingersite.com\\\/#organization\"},\"potentialAction\":[{\"@type\":\"SearchAction\",\"target\":{\"@type\":\"EntryPoint\",\"urlTemplate\":\"https:\\\/\\\/darkorchid-cheetah-525435.hostingersite.com\\\/?s={search_term_string}\"},\"query-input\":{\"@type\":\"PropertyValueSpecification\",\"valueRequired\":true,\"valueName\":\"search_term_string\"}}],\"inLanguage\":\"es-AR\"},{\"@type\":[\"Organization\",\"Place\"],\"@id\":\"https:\\\/\\\/darkorchid-cheetah-525435.hostingersite.com\\\/#organization\",\"name\":\"YKM TEST\",\"url\":\"https:\\\/\\\/darkorchid-cheetah-525435.hostingersite.com\\\/\",\"logo\":{\"@id\":\"https:\\\/\\\/darkorchid-cheetah-525435.hostingersite.com\\\/product\\\/automatic-cbr-testing-machine-digitest\\\/#local-main-organization-logo\"},\"image\":{\"@id\":\"https:\\\/\\\/darkorchid-cheetah-525435.hostingersite.com\\\/product\\\/automatic-cbr-testing-machine-digitest\\\/#local-main-organization-logo\"},\"telephone\":[],\"openingHoursSpecification\":[{\"@type\":\"OpeningHoursSpecification\",\"dayOfWeek\":[\"Monday\",\"Tuesday\",\"Wednesday\",\"Thursday\",\"Friday\",\"Saturday\",\"Sunday\"],\"opens\":\"09:00\",\"closes\":\"17:00\"}]},{\"@type\":\"ImageObject\",\"inLanguage\":\"es-AR\",\"@id\":\"https:\\\/\\\/darkorchid-cheetah-525435.hostingersite.com\\\/product\\\/automatic-cbr-testing-machine-digitest\\\/#local-main-organization-logo\",\"url\":\"https:\\\/\\\/ykmtest.com\\\/wp-content\\\/uploads\\\/2025\\\/10\\\/Asset-2@2x-8.png\",\"contentUrl\":\"https:\\\/\\\/ykmtest.com\\\/wp-content\\\/uploads\\\/2025\\\/10\\\/Asset-2@2x-8.png\",\"width\":1550,\"height\":323,\"caption\":\"YKM TEST\"}]}<\/script>\n<meta property=\"product:price:currency\" content=\"USD\" \/>\n<meta property=\"og:availability\" content=\"instock\" \/>\n<meta property=\"product:availability\" content=\"instock\" \/>\n<meta property=\"product:condition\" content=\"new\" \/>\n<!-- \/ Yoast SEO Premium plugin. -->","yoast_head_json":{"title":"Automatic CBR Testing Machine DigiTest - YKM TEST","description":"Automatic CBR Testing Machine (DigiTest) determines California Bearing Ratio of soils with motorized loading and digital data acquisition.","robots":{"index":"index","follow":"follow","max-snippet":"max-snippet:-1","max-image-preview":"max-image-preview:large","max-video-preview":"max-video-preview:-1"},"canonical":"https:\/\/darkorchid-cheetah-525435.hostingersite.com\/product\/automatic-cbr-testing-machine-digitest\/","og_locale":"es_ES","og_type":"article","og_title":"Automatic CBR Testing Machine DigiTest","og_description":"Automatic CBR Testing Machine (DigiTest) determines California Bearing Ratio of soils with motorized loading and digital data acquisition.","og_url":"https:\/\/darkorchid-cheetah-525435.hostingersite.com\/product\/automatic-cbr-testing-machine-digitest\/","og_site_name":"YKM TEST","article_modified_time":"2025-12-18T12:08:47+00:00","twitter_card":"summary_large_image","twitter_misc":{"Price":"","Availability":"In stock"},"schema":{"@context":"https:\/\/schema.org","@graph":[{"@type":"WebPage","@id":"https:\/\/darkorchid-cheetah-525435.hostingersite.com\/product\/automatic-cbr-testing-machine-digitest\/","url":"https:\/\/darkorchid-cheetah-525435.hostingersite.com\/product\/automatic-cbr-testing-machine-digitest\/","name":"Automatic CBR Testing Machine DigiTest - YKM TEST","isPartOf":{"@id":"https:\/\/darkorchid-cheetah-525435.hostingersite.com\/#website"},"datePublished":"2025-12-18T12:08:46+00:00","dateModified":"2025-12-18T12:08:47+00:00","description":"Automatic CBR Testing Machine (DigiTest) determines California Bearing Ratio of soils with motorized loading and digital data acquisition.","breadcrumb":{"@id":"https:\/\/darkorchid-cheetah-525435.hostingersite.com\/product\/automatic-cbr-testing-machine-digitest\/#breadcrumb"},"inLanguage":"es-AR","potentialAction":[{"@type":"ReadAction","target":["https:\/\/darkorchid-cheetah-525435.hostingersite.com\/product\/automatic-cbr-testing-machine-digitest\/"]}]},{"@type":"BreadcrumbList","@id":"https:\/\/darkorchid-cheetah-525435.hostingersite.com\/product\/automatic-cbr-testing-machine-digitest\/#breadcrumb","itemListElement":[{"@type":"ListItem","position":1,"name":"Home","item":"https:\/\/darkorchid-cheetah-525435.hostingersite.com\/"},{"@type":"ListItem","position":2,"name":"\u0422\u043e\u0432\u0430\u0440\u044b","item":"https:\/\/ykmtest.com\/ru\/shop\/"},{"@type":"ListItem","position":3,"name":"Automatic CBR Testing Machine DigiTest"}]},{"@type":"WebSite","@id":"https:\/\/darkorchid-cheetah-525435.hostingersite.com\/#website","url":"https:\/\/darkorchid-cheetah-525435.hostingersite.com\/","name":"PRUEBA YKM","description":"","publisher":{"@id":"https:\/\/darkorchid-cheetah-525435.hostingersite.com\/#organization"},"potentialAction":[{"@type":"SearchAction","target":{"@type":"EntryPoint","urlTemplate":"https:\/\/darkorchid-cheetah-525435.hostingersite.com\/?s={search_term_string}"},"query-input":{"@type":"PropertyValueSpecification","valueRequired":true,"valueName":"search_term_string"}}],"inLanguage":"es-AR"},{"@type":["Organization","Place"],"@id":"https:\/\/darkorchid-cheetah-525435.hostingersite.com\/#organization","name":"PRUEBA YKM","url":"https:\/\/darkorchid-cheetah-525435.hostingersite.com\/","logo":{"@id":"https:\/\/darkorchid-cheetah-525435.hostingersite.com\/product\/automatic-cbr-testing-machine-digitest\/#local-main-organization-logo"},"image":{"@id":"https:\/\/darkorchid-cheetah-525435.hostingersite.com\/product\/automatic-cbr-testing-machine-digitest\/#local-main-organization-logo"},"telephone":[],"openingHoursSpecification":[{"@type":"OpeningHoursSpecification","dayOfWeek":["Monday","Tuesday","Wednesday","Thursday","Friday","Saturday","Sunday"],"opens":"09:00","closes":"17:00"}]},{"@type":"ImageObject","inLanguage":"es-AR","@id":"https:\/\/darkorchid-cheetah-525435.hostingersite.com\/product\/automatic-cbr-testing-machine-digitest\/#local-main-organization-logo","url":"https:\/\/ykmtest.com\/wp-content\/uploads\/2025\/10\/Asset-2@2x-8.png","contentUrl":"https:\/\/ykmtest.com\/wp-content\/uploads\/2025\/10\/Asset-2@2x-8.png","width":1550,"height":323,"caption":"YKM TEST"}]},"product_price_currency":"USD","og_availability":"instock","product_availability":"instock","product_condition":"new"},"_links":{"self":[{"href":"https:\/\/ykmtest.com\/es\/wp-json\/wp\/v2\/product\/11237","targetHints":{"allow":["GET"]}}],"collection":[{"href":"https:\/\/ykmtest.com\/es\/wp-json\/wp\/v2\/product"}],"about":[{"href":"https:\/\/ykmtest.com\/es\/wp-json\/wp\/v2\/types\/product"}],"version-history":[{"count":1,"href":"https:\/\/ykmtest.com\/es\/wp-json\/wp\/v2\/product\/11237\/revisions"}],"predecessor-version":[{"id":11238,"href":"https:\/\/ykmtest.com\/es\/wp-json\/wp\/v2\/product\/11237\/revisions\/11238"}],"wp:attachment":[{"href":"https:\/\/ykmtest.com\/es\/wp-json\/wp\/v2\/media?parent=11237"}],"wp:term":[{"taxonomy":"product_brand","embeddable":true,"href":"https:\/\/ykmtest.com\/es\/wp-json\/wp\/v2\/product_brand?post=11237"},{"taxonomy":"product_cat","embeddable":true,"href":"https:\/\/ykmtest.com\/es\/wp-json\/wp\/v2\/product_cat?post=11237"},{"taxonomy":"product_tag","embeddable":true,"href":"https:\/\/ykmtest.com\/es\/wp-json\/wp\/v2\/product_tag?post=11237"}],"curies":[{"name":"wp","href":"https:\/\/api.w.org\/{rel}","templated":true}]}}