{"id":11239,"date":"2025-12-18T12:22:09","date_gmt":"2025-12-18T12:22:09","guid":{"rendered":"https:\/\/ykmtest.com\/?post_type=product&#038;p=11239"},"modified":"2025-12-18T12:22:11","modified_gmt":"2025-12-18T12:22:11","slug":"automatic-universal-testing-machine-versaload","status":"publish","type":"product","link":"https:\/\/ykmtest.com\/es\/producto\/automatic-universal-testing-machine-versaload\/","title":{"rendered":"M\u00e1quina de pruebas universal autom\u00e1tica: VersaLoad"},"content":{"rendered":"<p class=\"p3\"><span lang=\"TR\">La arquitectura de control de bucle cerrado admite modos de prueba controlados por carga, desplazamiento y deformaci\u00f3n. Una c\u00e9lula de carga integrada y un sensor de desplazamiento de alta resoluci\u00f3n proporcionan una capacidad de medici\u00f3n lineal y de amplio rango. El cero autom\u00e1tico, la captura de picos y el control de velocidad basado en la carga o el desplazamiento son caracter\u00edsticas est\u00e1ndar. El panel de control de cuatro canales integrado adquiere m\u00faltiples entradas de sensores simult\u00e1neamente, lo que permite la creaci\u00f3n de gr\u00e1ficos en tiempo real, anotaciones y flujos de trabajo de generaci\u00f3n de informes r\u00e1pidos con plantillas preformateadas. VersaLoad cuenta con un cruceta modular y una interfaz de fijaci\u00f3n de cambio r\u00e1pido. Las placas de compresi\u00f3n, las mordazas de tracci\u00f3n, las fijaciones de flexi\u00f3n de tres\/cuatro puntos, los accesorios brasile\u00f1os (tensi\u00f3n indirecta) y los adaptadores de materiales civiles se pueden utilizar indistintamente en un solo bastidor de ensayo. La amplia distancia vertical y la cruceta ajustable permiten colocar diferentes geometr\u00edas de muestras sin desalineaciones. La interfaz de usuario se gestiona a trav\u00e9s de un panel de control con pantalla t\u00e1ctil y un software para computadora. La velocidad de ensayo, la carga o deformaci\u00f3n objetivo, los criterios de parada y los l\u00edmites de seguridad se configuran desde una \u00fanica pantalla. Las plantillas de ensayo predefinidas y una biblioteca de m\u00e9todos permiten repetir r\u00e1pidamente los ensayos utilizando par\u00e1metros id\u00e9nticos. La seguridad y la ergonom\u00eda son fundamentales en el dise\u00f1o. Los limitadores de sobrecarrera dobles y el bot\u00f3n de parada de emergencia son est\u00e1ndar. El servoaccionamiento silencioso y el bastidor con amortiguaci\u00f3n de vibraciones mejoran el rendimiento del laboratorio y la comodidad del operador.<\/span><\/p>","protected":false},"excerpt":{"rendered":"<p>La m\u00e1quina de pruebas universal autom\u00e1tica VersaLoad es un bastidor de pruebas de materiales servoel\u00e9ctrico de circuito cerrado dise\u00f1ado para realizar pruebas de tracci\u00f3n, compresi\u00f3n y flexi\u00f3n en una sola plataforma. Su estructura r\u00edgida de doble columna, su accionamiento de tornillo de bolas\/servomotor de precisi\u00f3n y su cabezal de carga con asiento esf\u00e9rico garantizan una transferencia de carga uniforme a la muestra y ofrecen un rendimiento de carga-desplazamiento repetible y con bajas vibraciones.<\/p>","protected":false},"featured_media":0,"template":"","meta":{"_acf_changed":false},"product_brand":[],"product_cat":[125,119],"product_tag":[],"class_list":{"0":"post-11239","1":"product","2":"type-product","3":"status-publish","5":"product_cat-cbr-california-bearing-ratio","6":"product_cat-soil-lab","9":"instock","10":"shipping-taxable","11":"product-type-simple"},"acf":[],"yoast_head":"<!-- This site is optimized with the Yoast SEO Premium plugin v26.5 (Yoast SEO v27.5) - https:\/\/yoast.com\/product\/yoast-seo-premium-wordpress\/ -->\n<title>Automatic Universal Testing Machine \u2013 VersaLoad - YKM TEST<\/title>\n<meta name=\"description\" content=\"Automatic Universal Testing Machine VersaLoad performs tensile, compression, and flexural tests with servo-electric closed-loop control.\" \/>\n<meta name=\"robots\" content=\"index, follow, max-snippet:-1, max-image-preview:large, max-video-preview:-1\" \/>\n<link rel=\"canonical\" href=\"https:\/\/darkorchid-cheetah-525435.hostingersite.com\/product\/automatic-universal-testing-machine-versaload\/\" \/>\n<meta property=\"og:locale\" content=\"es_ES\" \/>\n<meta property=\"og:type\" content=\"article\" \/>\n<meta property=\"og:title\" content=\"Automatic Universal Testing Machine \u2013 VersaLoad\" \/>\n<meta property=\"og:description\" content=\"Automatic Universal Testing Machine VersaLoad performs tensile, compression, and flexural tests with servo-electric closed-loop control.\" \/>\n<meta property=\"og:url\" content=\"https:\/\/darkorchid-cheetah-525435.hostingersite.com\/product\/automatic-universal-testing-machine-versaload\/\" \/>\n<meta property=\"og:site_name\" content=\"YKM TEST\" \/>\n<meta property=\"article:modified_time\" content=\"2025-12-18T12:22:11+00:00\" \/>\n<meta name=\"twitter:card\" content=\"summary_large_image\" \/>\n<meta name=\"twitter:label1\" content=\"Price\" \/>\n\t<meta name=\"twitter:data1\" content=\"\" \/>\n\t<meta name=\"twitter:label2\" content=\"Availability\" \/>\n\t<meta name=\"twitter:data2\" content=\"In stock\" \/>\n<script type=\"application\/ld+json\" class=\"yoast-schema-graph\">{\"@context\":\"https:\\\/\\\/schema.org\",\"@graph\":[{\"@type\":\"WebPage\",\"@id\":\"https:\\\/\\\/darkorchid-cheetah-525435.hostingersite.com\\\/product\\\/automatic-universal-testing-machine-versaload\\\/\",\"url\":\"https:\\\/\\\/darkorchid-cheetah-525435.hostingersite.com\\\/product\\\/automatic-universal-testing-machine-versaload\\\/\",\"name\":\"Automatic Universal Testing Machine \u2013 VersaLoad - YKM TEST\",\"isPartOf\":{\"@id\":\"https:\\\/\\\/darkorchid-cheetah-525435.hostingersite.com\\\/#website\"},\"datePublished\":\"2025-12-18T12:22:09+00:00\",\"dateModified\":\"2025-12-18T12:22:11+00:00\",\"description\":\"Automatic Universal Testing Machine VersaLoad performs tensile, compression, and flexural tests with servo-electric closed-loop control.\",\"breadcrumb\":{\"@id\":\"https:\\\/\\\/darkorchid-cheetah-525435.hostingersite.com\\\/product\\\/automatic-universal-testing-machine-versaload\\\/#breadcrumb\"},\"inLanguage\":\"es-AR\",\"potentialAction\":[{\"@type\":\"ReadAction\",\"target\":[\"https:\\\/\\\/darkorchid-cheetah-525435.hostingersite.com\\\/product\\\/automatic-universal-testing-machine-versaload\\\/\"]}]},{\"@type\":\"BreadcrumbList\",\"@id\":\"https:\\\/\\\/darkorchid-cheetah-525435.hostingersite.com\\\/product\\\/automatic-universal-testing-machine-versaload\\\/#breadcrumb\",\"itemListElement\":[{\"@type\":\"ListItem\",\"position\":1,\"name\":\"Home\",\"item\":\"https:\\\/\\\/darkorchid-cheetah-525435.hostingersite.com\\\/\"},{\"@type\":\"ListItem\",\"position\":2,\"name\":\"\u0422\u043e\u0432\u0430\u0440\u044b\",\"item\":\"https:\\\/\\\/ykmtest.com\\\/ru\\\/shop\\\/\"},{\"@type\":\"ListItem\",\"position\":3,\"name\":\"Automatic Universal Testing Machine \u2013 VersaLoad\"}]},{\"@type\":\"WebSite\",\"@id\":\"https:\\\/\\\/darkorchid-cheetah-525435.hostingersite.com\\\/#website\",\"url\":\"https:\\\/\\\/darkorchid-cheetah-525435.hostingersite.com\\\/\",\"name\":\"YKM TEST\",\"description\":\"\",\"publisher\":{\"@id\":\"https:\\\/\\\/darkorchid-cheetah-525435.hostingersite.com\\\/#organization\"},\"potentialAction\":[{\"@type\":\"SearchAction\",\"target\":{\"@type\":\"EntryPoint\",\"urlTemplate\":\"https:\\\/\\\/darkorchid-cheetah-525435.hostingersite.com\\\/?s={search_term_string}\"},\"query-input\":{\"@type\":\"PropertyValueSpecification\",\"valueRequired\":true,\"valueName\":\"search_term_string\"}}],\"inLanguage\":\"es-AR\"},{\"@type\":[\"Organization\",\"Place\"],\"@id\":\"https:\\\/\\\/darkorchid-cheetah-525435.hostingersite.com\\\/#organization\",\"name\":\"YKM TEST\",\"url\":\"https:\\\/\\\/darkorchid-cheetah-525435.hostingersite.com\\\/\",\"logo\":{\"@id\":\"https:\\\/\\\/darkorchid-cheetah-525435.hostingersite.com\\\/product\\\/automatic-universal-testing-machine-versaload\\\/#local-main-organization-logo\"},\"image\":{\"@id\":\"https:\\\/\\\/darkorchid-cheetah-525435.hostingersite.com\\\/product\\\/automatic-universal-testing-machine-versaload\\\/#local-main-organization-logo\"},\"telephone\":[],\"openingHoursSpecification\":[{\"@type\":\"OpeningHoursSpecification\",\"dayOfWeek\":[\"Monday\",\"Tuesday\",\"Wednesday\",\"Thursday\",\"Friday\",\"Saturday\",\"Sunday\"],\"opens\":\"09:00\",\"closes\":\"17:00\"}]},{\"@type\":\"ImageObject\",\"inLanguage\":\"es-AR\",\"@id\":\"https:\\\/\\\/darkorchid-cheetah-525435.hostingersite.com\\\/product\\\/automatic-universal-testing-machine-versaload\\\/#local-main-organization-logo\",\"url\":\"https:\\\/\\\/ykmtest.com\\\/wp-content\\\/uploads\\\/2025\\\/10\\\/Asset-2@2x-8.png\",\"contentUrl\":\"https:\\\/\\\/ykmtest.com\\\/wp-content\\\/uploads\\\/2025\\\/10\\\/Asset-2@2x-8.png\",\"width\":1550,\"height\":323,\"caption\":\"YKM TEST\"}]}<\/script>\n<meta property=\"product:price:currency\" content=\"USD\" \/>\n<meta property=\"og:availability\" content=\"instock\" \/>\n<meta property=\"product:availability\" content=\"instock\" \/>\n<meta property=\"product:condition\" content=\"new\" \/>\n<!-- \/ Yoast SEO Premium plugin. -->","yoast_head_json":{"title":"Automatic Universal Testing Machine \u2013 VersaLoad - YKM TEST","description":"Automatic Universal Testing Machine VersaLoad performs tensile, compression, and flexural tests with servo-electric closed-loop control.","robots":{"index":"index","follow":"follow","max-snippet":"max-snippet:-1","max-image-preview":"max-image-preview:large","max-video-preview":"max-video-preview:-1"},"canonical":"https:\/\/darkorchid-cheetah-525435.hostingersite.com\/product\/automatic-universal-testing-machine-versaload\/","og_locale":"es_ES","og_type":"article","og_title":"Automatic Universal Testing Machine \u2013 VersaLoad","og_description":"Automatic Universal Testing Machine VersaLoad performs tensile, compression, and flexural tests with servo-electric closed-loop control.","og_url":"https:\/\/darkorchid-cheetah-525435.hostingersite.com\/product\/automatic-universal-testing-machine-versaload\/","og_site_name":"YKM TEST","article_modified_time":"2025-12-18T12:22:11+00:00","twitter_card":"summary_large_image","twitter_misc":{"Price":"","Availability":"In stock"},"schema":{"@context":"https:\/\/schema.org","@graph":[{"@type":"WebPage","@id":"https:\/\/darkorchid-cheetah-525435.hostingersite.com\/product\/automatic-universal-testing-machine-versaload\/","url":"https:\/\/darkorchid-cheetah-525435.hostingersite.com\/product\/automatic-universal-testing-machine-versaload\/","name":"Automatic Universal Testing Machine \u2013 VersaLoad - YKM TEST","isPartOf":{"@id":"https:\/\/darkorchid-cheetah-525435.hostingersite.com\/#website"},"datePublished":"2025-12-18T12:22:09+00:00","dateModified":"2025-12-18T12:22:11+00:00","description":"Automatic Universal Testing Machine VersaLoad performs tensile, compression, and flexural tests with servo-electric closed-loop control.","breadcrumb":{"@id":"https:\/\/darkorchid-cheetah-525435.hostingersite.com\/product\/automatic-universal-testing-machine-versaload\/#breadcrumb"},"inLanguage":"es-AR","potentialAction":[{"@type":"ReadAction","target":["https:\/\/darkorchid-cheetah-525435.hostingersite.com\/product\/automatic-universal-testing-machine-versaload\/"]}]},{"@type":"BreadcrumbList","@id":"https:\/\/darkorchid-cheetah-525435.hostingersite.com\/product\/automatic-universal-testing-machine-versaload\/#breadcrumb","itemListElement":[{"@type":"ListItem","position":1,"name":"Home","item":"https:\/\/darkorchid-cheetah-525435.hostingersite.com\/"},{"@type":"ListItem","position":2,"name":"\u0422\u043e\u0432\u0430\u0440\u044b","item":"https:\/\/ykmtest.com\/ru\/shop\/"},{"@type":"ListItem","position":3,"name":"Automatic Universal Testing Machine \u2013 VersaLoad"}]},{"@type":"WebSite","@id":"https:\/\/darkorchid-cheetah-525435.hostingersite.com\/#website","url":"https:\/\/darkorchid-cheetah-525435.hostingersite.com\/","name":"PRUEBA YKM","description":"","publisher":{"@id":"https:\/\/darkorchid-cheetah-525435.hostingersite.com\/#organization"},"potentialAction":[{"@type":"SearchAction","target":{"@type":"EntryPoint","urlTemplate":"https:\/\/darkorchid-cheetah-525435.hostingersite.com\/?s={search_term_string}"},"query-input":{"@type":"PropertyValueSpecification","valueRequired":true,"valueName":"search_term_string"}}],"inLanguage":"es-AR"},{"@type":["Organization","Place"],"@id":"https:\/\/darkorchid-cheetah-525435.hostingersite.com\/#organization","name":"PRUEBA YKM","url":"https:\/\/darkorchid-cheetah-525435.hostingersite.com\/","logo":{"@id":"https:\/\/darkorchid-cheetah-525435.hostingersite.com\/product\/automatic-universal-testing-machine-versaload\/#local-main-organization-logo"},"image":{"@id":"https:\/\/darkorchid-cheetah-525435.hostingersite.com\/product\/automatic-universal-testing-machine-versaload\/#local-main-organization-logo"},"telephone":[],"openingHoursSpecification":[{"@type":"OpeningHoursSpecification","dayOfWeek":["Monday","Tuesday","Wednesday","Thursday","Friday","Saturday","Sunday"],"opens":"09:00","closes":"17:00"}]},{"@type":"ImageObject","inLanguage":"es-AR","@id":"https:\/\/darkorchid-cheetah-525435.hostingersite.com\/product\/automatic-universal-testing-machine-versaload\/#local-main-organization-logo","url":"https:\/\/ykmtest.com\/wp-content\/uploads\/2025\/10\/Asset-2@2x-8.png","contentUrl":"https:\/\/ykmtest.com\/wp-content\/uploads\/2025\/10\/Asset-2@2x-8.png","width":1550,"height":323,"caption":"YKM TEST"}]},"product_price_currency":"USD","og_availability":"instock","product_availability":"instock","product_condition":"new"},"_links":{"self":[{"href":"https:\/\/ykmtest.com\/es\/wp-json\/wp\/v2\/product\/11239","targetHints":{"allow":["GET"]}}],"collection":[{"href":"https:\/\/ykmtest.com\/es\/wp-json\/wp\/v2\/product"}],"about":[{"href":"https:\/\/ykmtest.com\/es\/wp-json\/wp\/v2\/types\/product"}],"version-history":[{"count":1,"href":"https:\/\/ykmtest.com\/es\/wp-json\/wp\/v2\/product\/11239\/revisions"}],"predecessor-version":[{"id":11240,"href":"https:\/\/ykmtest.com\/es\/wp-json\/wp\/v2\/product\/11239\/revisions\/11240"}],"wp:attachment":[{"href":"https:\/\/ykmtest.com\/es\/wp-json\/wp\/v2\/media?parent=11239"}],"wp:term":[{"taxonomy":"product_brand","embeddable":true,"href":"https:\/\/ykmtest.com\/es\/wp-json\/wp\/v2\/product_brand?post=11239"},{"taxonomy":"product_cat","embeddable":true,"href":"https:\/\/ykmtest.com\/es\/wp-json\/wp\/v2\/product_cat?post=11239"},{"taxonomy":"product_tag","embeddable":true,"href":"https:\/\/ykmtest.com\/es\/wp-json\/wp\/v2\/product_tag?post=11239"}],"curies":[{"name":"wp","href":"https:\/\/api.w.org\/{rel}","templated":true}]}}