{"id":11277,"date":"2025-12-19T09:10:39","date_gmt":"2025-12-19T09:10:39","guid":{"rendered":"https:\/\/ykmtest.com\/?post_type=product&#038;p=11277"},"modified":"2025-12-19T09:10:40","modified_gmt":"2025-12-19T09:10:40","slug":"pinhole-test-apparatus","status":"publish","type":"product","link":"https:\/\/ykmtest.com\/es\/producto\/pinhole-test-apparatus\/","title":{"rendered":"Aparato de prueba de agujero de alfiler"},"content":{"rendered":"<p class=\"p3\"><span lang=\"TR\">En la prueba, se somete una muestra de suelo preparada con compactaci\u00f3n est\u00e1ndar a un flujo de agua con una diferencia de altura constante. Se abre un orificio de 1 mm de di\u00e1metro en la muestra con una herramienta de aguja. El agua de la celda fluye a trav\u00e9s de este orificio. Durante el flujo, se observan la descarga, el cambio de color y la formaci\u00f3n de t\u00faneles a lo largo del tiempo. Seg\u00fan los datos obtenidos, la muestra se clasifica como \u201cdispersiva\u201d o \u201cno dispersiva\u201d.\u201d<\/span><\/p>","protected":false},"excerpt":{"rendered":"<p class=\"p3\"><span lang=\"TR\">El aparato de ensayo de porosidad est\u00e1 dise\u00f1ado para determinar la tendencia dispersiva de los suelos cohesivos. Este ensayo eval\u00faa la tendencia de los suelos a disolverse coloidalmente bajo el flujo de agua y la resistencia de las part\u00edculas a separarse. De esta manera, se determina el riesgo de erosi\u00f3n, especialmente en estructuras como presas, diques de tierra y capas de cobertura impermeables.<\/span><\/p>","protected":false},"featured_media":0,"template":"","meta":{"_acf_changed":false},"product_brand":[],"product_cat":[128,119],"product_tag":[],"class_list":{"0":"post-11277","1":"product","2":"type-product","3":"status-publish","5":"product_cat-soil-permeability","6":"product_cat-soil-lab","9":"instock","10":"shipping-taxable","11":"product-type-simple"},"acf":[],"yoast_head":"<!-- This site is optimized with the Yoast SEO Premium plugin v26.5 (Yoast SEO v26.5) - https:\/\/yoast.com\/wordpress\/plugins\/seo\/ -->\n<title>Pinhole Test Apparatus - YKM TEST<\/title>\n<meta name=\"description\" content=\"Efficient Pinhole Test Apparatus for determining the dispersive tendency of cohesive soils. Ideal for assessing erosion risk in dam embankments and earth dikes. Provides accurate results for soil stability and resistance to erosion.\" \/>\n<meta name=\"robots\" content=\"index, follow, max-snippet:-1, max-image-preview:large, max-video-preview:-1\" \/>\n<link rel=\"canonical\" href=\"https:\/\/ykmtest.com\/es\/producto\/pinhole-test-apparatus\/\" \/>\n<meta property=\"og:locale\" content=\"es_ES\" \/>\n<meta property=\"og:type\" content=\"article\" \/>\n<meta property=\"og:title\" content=\"Pinhole Test Apparatus\" \/>\n<meta property=\"og:description\" content=\"Efficient Pinhole Test Apparatus for determining the dispersive tendency of cohesive soils. Ideal for assessing erosion risk in dam embankments and earth dikes. Provides accurate results for soil stability and resistance to erosion.\" \/>\n<meta property=\"og:url\" content=\"https:\/\/ykmtest.com\/es\/producto\/pinhole-test-apparatus\/\" \/>\n<meta property=\"og:site_name\" content=\"YKM TEST\" \/>\n<meta property=\"article:modified_time\" content=\"2025-12-19T09:10:40+00:00\" \/>\n<meta name=\"twitter:card\" content=\"summary_large_image\" \/>\n<meta name=\"twitter:label1\" content=\"Price\" \/>\n\t<meta name=\"twitter:data1\" content=\"\" \/>\n\t<meta name=\"twitter:label2\" content=\"Availability\" \/>\n\t<meta name=\"twitter:data2\" content=\"In stock\" \/>\n<script type=\"application\/ld+json\" class=\"yoast-schema-graph\">{\"@context\":\"https:\/\/schema.org\",\"@graph\":[{\"@type\":\"WebPage\",\"@id\":\"https:\/\/ykmtest.com\/product\/pinhole-test-apparatus\/\",\"url\":\"https:\/\/ykmtest.com\/product\/pinhole-test-apparatus\/\",\"name\":\"Pinhole Test Apparatus - YKM TEST\",\"isPartOf\":{\"@id\":\"https:\/\/darkorchid-cheetah-525435.hostingersite.com\/#website\"},\"datePublished\":\"2025-12-19T09:10:39+00:00\",\"dateModified\":\"2025-12-19T09:10:40+00:00\",\"description\":\"Efficient Pinhole Test Apparatus for determining the dispersive tendency of cohesive soils. Ideal for assessing erosion risk in dam embankments and earth dikes. Provides accurate results for soil stability and resistance to erosion.\",\"breadcrumb\":{\"@id\":\"https:\/\/ykmtest.com\/product\/pinhole-test-apparatus\/#breadcrumb\"},\"inLanguage\":\"es-AR\",\"potentialAction\":[{\"@type\":\"ReadAction\",\"target\":[\"https:\/\/ykmtest.com\/product\/pinhole-test-apparatus\/\"]}]},{\"@type\":\"BreadcrumbList\",\"@id\":\"https:\/\/ykmtest.com\/product\/pinhole-test-apparatus\/#breadcrumb\",\"itemListElement\":[{\"@type\":\"ListItem\",\"position\":1,\"name\":\"Home\",\"item\":\"https:\/\/darkorchid-cheetah-525435.hostingersite.com\/\"},{\"@type\":\"ListItem\",\"position\":2,\"name\":\"\u0422\u043e\u0432\u0430\u0440\u044b\",\"item\":\"https:\/\/ykmtest.com\/ru\/shop\/\"},{\"@type\":\"ListItem\",\"position\":3,\"name\":\"Pinhole Test Apparatus\"}]},{\"@type\":\"WebSite\",\"@id\":\"https:\/\/darkorchid-cheetah-525435.hostingersite.com\/#website\",\"url\":\"https:\/\/darkorchid-cheetah-525435.hostingersite.com\/\",\"name\":\"YKM TEST\",\"description\":\"\",\"publisher\":{\"@id\":\"https:\/\/darkorchid-cheetah-525435.hostingersite.com\/#organization\"},\"potentialAction\":[{\"@type\":\"SearchAction\",\"target\":{\"@type\":\"EntryPoint\",\"urlTemplate\":\"https:\/\/darkorchid-cheetah-525435.hostingersite.com\/?s={search_term_string}\"},\"query-input\":{\"@type\":\"PropertyValueSpecification\",\"valueRequired\":true,\"valueName\":\"search_term_string\"}}],\"inLanguage\":\"es-AR\"},{\"@type\":[\"Organization\",\"Place\"],\"@id\":\"https:\/\/darkorchid-cheetah-525435.hostingersite.com\/#organization\",\"name\":\"YKM TEST\",\"url\":\"https:\/\/darkorchid-cheetah-525435.hostingersite.com\/\",\"logo\":{\"@id\":\"https:\/\/ykmtest.com\/product\/pinhole-test-apparatus\/#local-main-organization-logo\"},\"image\":{\"@id\":\"https:\/\/ykmtest.com\/product\/pinhole-test-apparatus\/#local-main-organization-logo\"},\"telephone\":[],\"openingHoursSpecification\":[{\"@type\":\"OpeningHoursSpecification\",\"dayOfWeek\":[\"Monday\",\"Tuesday\",\"Wednesday\",\"Thursday\",\"Friday\",\"Saturday\",\"Sunday\"],\"opens\":\"09:00\",\"closes\":\"17:00\"}]},{\"@type\":\"ImageObject\",\"inLanguage\":\"es-AR\",\"@id\":\"https:\/\/ykmtest.com\/product\/pinhole-test-apparatus\/#local-main-organization-logo\",\"url\":\"https:\/\/ykmtest.com\/wp-content\/uploads\/2025\/10\/Asset-2@2x-8.png\",\"contentUrl\":\"https:\/\/ykmtest.com\/wp-content\/uploads\/2025\/10\/Asset-2@2x-8.png\",\"width\":1550,\"height\":323,\"caption\":\"YKM TEST\"}]}<\/script>\n<meta property=\"product:price:currency\" content=\"USD\" \/>\n<meta property=\"og:availability\" content=\"instock\" \/>\n<meta property=\"product:availability\" content=\"instock\" \/>\n<meta property=\"product:condition\" content=\"new\" \/>\n<!-- \/ Yoast SEO Premium plugin. -->","yoast_head_json":{"title":"Pinhole Test Apparatus - YKM TEST","description":"Efficient Pinhole Test Apparatus for determining the dispersive tendency of cohesive soils. Ideal for assessing erosion risk in dam embankments and earth dikes. Provides accurate results for soil stability and resistance to erosion.","robots":{"index":"index","follow":"follow","max-snippet":"max-snippet:-1","max-image-preview":"max-image-preview:large","max-video-preview":"max-video-preview:-1"},"canonical":"https:\/\/ykmtest.com\/es\/producto\/pinhole-test-apparatus\/","og_locale":"es_ES","og_type":"article","og_title":"Pinhole Test Apparatus","og_description":"Efficient Pinhole Test Apparatus for determining the dispersive tendency of cohesive soils. Ideal for assessing erosion risk in dam embankments and earth dikes. Provides accurate results for soil stability and resistance to erosion.","og_url":"https:\/\/ykmtest.com\/es\/producto\/pinhole-test-apparatus\/","og_site_name":"YKM TEST","article_modified_time":"2025-12-19T09:10:40+00:00","twitter_card":"summary_large_image","twitter_misc":{"Price":"","Availability":"In stock"},"schema":{"@context":"https:\/\/schema.org","@graph":[{"@type":"WebPage","@id":"https:\/\/ykmtest.com\/product\/pinhole-test-apparatus\/","url":"https:\/\/ykmtest.com\/product\/pinhole-test-apparatus\/","name":"Pinhole Test Apparatus - YKM TEST","isPartOf":{"@id":"https:\/\/darkorchid-cheetah-525435.hostingersite.com\/#website"},"datePublished":"2025-12-19T09:10:39+00:00","dateModified":"2025-12-19T09:10:40+00:00","description":"Efficient Pinhole Test Apparatus for determining the dispersive tendency of cohesive soils. Ideal for assessing erosion risk in dam embankments and earth dikes. Provides accurate results for soil stability and resistance to erosion.","breadcrumb":{"@id":"https:\/\/ykmtest.com\/product\/pinhole-test-apparatus\/#breadcrumb"},"inLanguage":"es-AR","potentialAction":[{"@type":"ReadAction","target":["https:\/\/ykmtest.com\/product\/pinhole-test-apparatus\/"]}]},{"@type":"BreadcrumbList","@id":"https:\/\/ykmtest.com\/product\/pinhole-test-apparatus\/#breadcrumb","itemListElement":[{"@type":"ListItem","position":1,"name":"Home","item":"https:\/\/darkorchid-cheetah-525435.hostingersite.com\/"},{"@type":"ListItem","position":2,"name":"\u0422\u043e\u0432\u0430\u0440\u044b","item":"https:\/\/ykmtest.com\/ru\/shop\/"},{"@type":"ListItem","position":3,"name":"Pinhole Test Apparatus"}]},{"@type":"WebSite","@id":"https:\/\/darkorchid-cheetah-525435.hostingersite.com\/#website","url":"https:\/\/darkorchid-cheetah-525435.hostingersite.com\/","name":"PRUEBA YKM","description":"","publisher":{"@id":"https:\/\/darkorchid-cheetah-525435.hostingersite.com\/#organization"},"potentialAction":[{"@type":"SearchAction","target":{"@type":"EntryPoint","urlTemplate":"https:\/\/darkorchid-cheetah-525435.hostingersite.com\/?s={search_term_string}"},"query-input":{"@type":"PropertyValueSpecification","valueRequired":true,"valueName":"search_term_string"}}],"inLanguage":"es-AR"},{"@type":["Organization","Place"],"@id":"https:\/\/darkorchid-cheetah-525435.hostingersite.com\/#organization","name":"PRUEBA YKM","url":"https:\/\/darkorchid-cheetah-525435.hostingersite.com\/","logo":{"@id":"https:\/\/ykmtest.com\/product\/pinhole-test-apparatus\/#local-main-organization-logo"},"image":{"@id":"https:\/\/ykmtest.com\/product\/pinhole-test-apparatus\/#local-main-organization-logo"},"telephone":[],"openingHoursSpecification":[{"@type":"OpeningHoursSpecification","dayOfWeek":["Monday","Tuesday","Wednesday","Thursday","Friday","Saturday","Sunday"],"opens":"09:00","closes":"17:00"}]},{"@type":"ImageObject","inLanguage":"es-AR","@id":"https:\/\/ykmtest.com\/product\/pinhole-test-apparatus\/#local-main-organization-logo","url":"https:\/\/ykmtest.com\/wp-content\/uploads\/2025\/10\/Asset-2@2x-8.png","contentUrl":"https:\/\/ykmtest.com\/wp-content\/uploads\/2025\/10\/Asset-2@2x-8.png","width":1550,"height":323,"caption":"YKM TEST"}]},"product_price_currency":"USD","og_availability":"instock","product_availability":"instock","product_condition":"new"},"_links":{"self":[{"href":"https:\/\/ykmtest.com\/es\/wp-json\/wp\/v2\/product\/11277","targetHints":{"allow":["GET"]}}],"collection":[{"href":"https:\/\/ykmtest.com\/es\/wp-json\/wp\/v2\/product"}],"about":[{"href":"https:\/\/ykmtest.com\/es\/wp-json\/wp\/v2\/types\/product"}],"version-history":[{"count":1,"href":"https:\/\/ykmtest.com\/es\/wp-json\/wp\/v2\/product\/11277\/revisions"}],"predecessor-version":[{"id":11278,"href":"https:\/\/ykmtest.com\/es\/wp-json\/wp\/v2\/product\/11277\/revisions\/11278"}],"wp:attachment":[{"href":"https:\/\/ykmtest.com\/es\/wp-json\/wp\/v2\/media?parent=11277"}],"wp:term":[{"taxonomy":"product_brand","embeddable":true,"href":"https:\/\/ykmtest.com\/es\/wp-json\/wp\/v2\/product_brand?post=11277"},{"taxonomy":"product_cat","embeddable":true,"href":"https:\/\/ykmtest.com\/es\/wp-json\/wp\/v2\/product_cat?post=11277"},{"taxonomy":"product_tag","embeddable":true,"href":"https:\/\/ykmtest.com\/es\/wp-json\/wp\/v2\/product_tag?post=11277"}],"curies":[{"name":"wp","href":"https:\/\/api.w.org\/{rel}","templated":true}]}}