{"id":11332,"date":"2025-12-19T10:59:37","date_gmt":"2025-12-19T10:59:37","guid":{"rendered":"https:\/\/ykmtest.com\/?post_type=product&#038;p=11332"},"modified":"2025-12-23T09:32:51","modified_gmt":"2025-12-23T09:32:51","slug":"sand-equivalent-test-set","status":"publish","type":"product","link":"https:\/\/ykmtest.com\/es\/producto\/sand-equivalent-test-set\/","title":{"rendered":"Juego de pruebas de equivalencia de arena"},"content":{"rendered":"<p>El kit de ensayo equivalente a arena consta de tubos cil\u00edndricos transparentes graduados, un brazo agitador mec\u00e1nico, un sif\u00f3n de succi\u00f3n, una pipeta de medici\u00f3n, mangueras de goma, un recipiente de mezcla para la preparaci\u00f3n de la soluci\u00f3n, un soporte de transporte con peso y un recipiente para la humedad. Los tubos transparentes est\u00e1n provistos de marcas de calibraci\u00f3n para facilitar la lectura. El agitador mec\u00e1nico opcional aumenta la repetibilidad del ensayo y minimiza la influencia del operador.<\/p>","protected":false},"excerpt":{"rendered":"<p class=\"p3\"><span lang=\"TR\">El equipo de prueba de equivalencia de arena est\u00e1 dise\u00f1ado para determinar la cantidad de arcilla, limo y polvo en agregados de grano fino y es un aparato de laboratorio confiable y f\u00e1cil de usar. La prueba mide la proporci\u00f3n de contaminantes finos en el suelo y los materiales agregados, evaluando la limpieza del material y la idoneidad granulom\u00e9trica.<\/span><\/p>","protected":false},"featured_media":0,"template":"","meta":{"_acf_changed":false},"product_brand":[],"product_cat":[129,119],"product_tag":[],"class_list":{"0":"post-11332","1":"product","2":"type-product","3":"status-publish","5":"product_cat-sand-equivalent-test","6":"product_cat-soil-lab","9":"instock","10":"shipping-taxable","11":"product-type-simple"},"acf":[],"yoast_head":"<!-- This site is optimized with the Yoast SEO Premium plugin v26.5 (Yoast SEO v27.5) - https:\/\/yoast.com\/product\/yoast-seo-premium-wordpress\/ -->\n<title>Sand Equivalent Test Set - YKM TEST<\/title>\n<meta name=\"description\" content=\"Reliable Sand Equivalent Test Set for measuring clay, silt, and dust content in fine aggregates. Ideal for evaluating soil and aggregate cleanliness and suitability in construction projects. Easy-to-use with optional mechanical shaker for improved accuracy.\" \/>\n<meta name=\"robots\" content=\"index, follow, max-snippet:-1, max-image-preview:large, max-video-preview:-1\" \/>\n<link rel=\"canonical\" href=\"https:\/\/ykmtest.com\/es\/producto\/sand-equivalent-test-set\/\" \/>\n<meta property=\"og:locale\" content=\"es_ES\" \/>\n<meta property=\"og:type\" content=\"article\" \/>\n<meta property=\"og:title\" content=\"Sand Equivalent Test Set\" \/>\n<meta property=\"og:description\" content=\"Reliable Sand Equivalent Test Set for measuring clay, silt, and dust content in fine aggregates. Ideal for evaluating soil and aggregate cleanliness and suitability in construction projects. Easy-to-use with optional mechanical shaker for improved accuracy.\" \/>\n<meta property=\"og:url\" content=\"https:\/\/ykmtest.com\/es\/producto\/sand-equivalent-test-set\/\" \/>\n<meta property=\"og:site_name\" content=\"YKM TEST\" \/>\n<meta property=\"article:modified_time\" content=\"2025-12-23T09:32:51+00:00\" \/>\n<meta name=\"twitter:card\" content=\"summary_large_image\" \/>\n<meta name=\"twitter:label1\" content=\"Price\" \/>\n\t<meta name=\"twitter:data1\" content=\"\" \/>\n\t<meta name=\"twitter:label2\" content=\"Availability\" \/>\n\t<meta name=\"twitter:data2\" content=\"In stock\" \/>\n<script type=\"application\/ld+json\" class=\"yoast-schema-graph\">{\"@context\":\"https:\\\/\\\/schema.org\",\"@graph\":[{\"@type\":\"WebPage\",\"@id\":\"https:\\\/\\\/ykmtest.com\\\/product\\\/sand-equivalent-test-set\\\/\",\"url\":\"https:\\\/\\\/ykmtest.com\\\/product\\\/sand-equivalent-test-set\\\/\",\"name\":\"Sand Equivalent Test Set - YKM TEST\",\"isPartOf\":{\"@id\":\"https:\\\/\\\/darkorchid-cheetah-525435.hostingersite.com\\\/#website\"},\"datePublished\":\"2025-12-19T10:59:37+00:00\",\"dateModified\":\"2025-12-23T09:32:51+00:00\",\"description\":\"Reliable Sand Equivalent Test Set for measuring clay, silt, and dust content in fine aggregates. Ideal for evaluating soil and aggregate cleanliness and suitability in construction projects. Easy-to-use with optional mechanical shaker for improved accuracy.\",\"breadcrumb\":{\"@id\":\"https:\\\/\\\/ykmtest.com\\\/product\\\/sand-equivalent-test-set\\\/#breadcrumb\"},\"inLanguage\":\"es-AR\",\"potentialAction\":[{\"@type\":\"ReadAction\",\"target\":[\"https:\\\/\\\/ykmtest.com\\\/product\\\/sand-equivalent-test-set\\\/\"]}]},{\"@type\":\"BreadcrumbList\",\"@id\":\"https:\\\/\\\/ykmtest.com\\\/product\\\/sand-equivalent-test-set\\\/#breadcrumb\",\"itemListElement\":[{\"@type\":\"ListItem\",\"position\":1,\"name\":\"Home\",\"item\":\"https:\\\/\\\/darkorchid-cheetah-525435.hostingersite.com\\\/\"},{\"@type\":\"ListItem\",\"position\":2,\"name\":\"\u0422\u043e\u0432\u0430\u0440\u044b\",\"item\":\"https:\\\/\\\/ykmtest.com\\\/ru\\\/shop\\\/\"},{\"@type\":\"ListItem\",\"position\":3,\"name\":\"Sand Equivalent Test Set\"}]},{\"@type\":\"WebSite\",\"@id\":\"https:\\\/\\\/darkorchid-cheetah-525435.hostingersite.com\\\/#website\",\"url\":\"https:\\\/\\\/darkorchid-cheetah-525435.hostingersite.com\\\/\",\"name\":\"YKM TEST\",\"description\":\"\",\"publisher\":{\"@id\":\"https:\\\/\\\/darkorchid-cheetah-525435.hostingersite.com\\\/#organization\"},\"potentialAction\":[{\"@type\":\"SearchAction\",\"target\":{\"@type\":\"EntryPoint\",\"urlTemplate\":\"https:\\\/\\\/darkorchid-cheetah-525435.hostingersite.com\\\/?s={search_term_string}\"},\"query-input\":{\"@type\":\"PropertyValueSpecification\",\"valueRequired\":true,\"valueName\":\"search_term_string\"}}],\"inLanguage\":\"es-AR\"},{\"@type\":[\"Organization\",\"Place\"],\"@id\":\"https:\\\/\\\/darkorchid-cheetah-525435.hostingersite.com\\\/#organization\",\"name\":\"YKM TEST\",\"url\":\"https:\\\/\\\/darkorchid-cheetah-525435.hostingersite.com\\\/\",\"logo\":{\"@id\":\"https:\\\/\\\/ykmtest.com\\\/product\\\/sand-equivalent-test-set\\\/#local-main-organization-logo\"},\"image\":{\"@id\":\"https:\\\/\\\/ykmtest.com\\\/product\\\/sand-equivalent-test-set\\\/#local-main-organization-logo\"},\"telephone\":[],\"openingHoursSpecification\":[{\"@type\":\"OpeningHoursSpecification\",\"dayOfWeek\":[\"Monday\",\"Tuesday\",\"Wednesday\",\"Thursday\",\"Friday\",\"Saturday\",\"Sunday\"],\"opens\":\"09:00\",\"closes\":\"17:00\"}]},{\"@type\":\"ImageObject\",\"inLanguage\":\"es-AR\",\"@id\":\"https:\\\/\\\/ykmtest.com\\\/product\\\/sand-equivalent-test-set\\\/#local-main-organization-logo\",\"url\":\"https:\\\/\\\/ykmtest.com\\\/wp-content\\\/uploads\\\/2025\\\/10\\\/Asset-2@2x-8.png\",\"contentUrl\":\"https:\\\/\\\/ykmtest.com\\\/wp-content\\\/uploads\\\/2025\\\/10\\\/Asset-2@2x-8.png\",\"width\":1550,\"height\":323,\"caption\":\"YKM TEST\"}]}<\/script>\n<meta property=\"product:price:currency\" content=\"USD\" \/>\n<meta property=\"og:availability\" content=\"instock\" \/>\n<meta property=\"product:availability\" content=\"instock\" \/>\n<meta property=\"product:condition\" content=\"new\" \/>\n<!-- \/ Yoast SEO Premium plugin. -->","yoast_head_json":{"title":"Sand Equivalent Test Set - YKM TEST","description":"Reliable Sand Equivalent Test Set for measuring clay, silt, and dust content in fine aggregates. Ideal for evaluating soil and aggregate cleanliness and suitability in construction projects. Easy-to-use with optional mechanical shaker for improved accuracy.","robots":{"index":"index","follow":"follow","max-snippet":"max-snippet:-1","max-image-preview":"max-image-preview:large","max-video-preview":"max-video-preview:-1"},"canonical":"https:\/\/ykmtest.com\/es\/producto\/sand-equivalent-test-set\/","og_locale":"es_ES","og_type":"article","og_title":"Sand Equivalent Test Set","og_description":"Reliable Sand Equivalent Test Set for measuring clay, silt, and dust content in fine aggregates. Ideal for evaluating soil and aggregate cleanliness and suitability in construction projects. Easy-to-use with optional mechanical shaker for improved accuracy.","og_url":"https:\/\/ykmtest.com\/es\/producto\/sand-equivalent-test-set\/","og_site_name":"YKM TEST","article_modified_time":"2025-12-23T09:32:51+00:00","twitter_card":"summary_large_image","twitter_misc":{"Price":"","Availability":"In stock"},"schema":{"@context":"https:\/\/schema.org","@graph":[{"@type":"WebPage","@id":"https:\/\/ykmtest.com\/product\/sand-equivalent-test-set\/","url":"https:\/\/ykmtest.com\/product\/sand-equivalent-test-set\/","name":"Sand Equivalent Test Set - YKM TEST","isPartOf":{"@id":"https:\/\/darkorchid-cheetah-525435.hostingersite.com\/#website"},"datePublished":"2025-12-19T10:59:37+00:00","dateModified":"2025-12-23T09:32:51+00:00","description":"Reliable Sand Equivalent Test Set for measuring clay, silt, and dust content in fine aggregates. Ideal for evaluating soil and aggregate cleanliness and suitability in construction projects. Easy-to-use with optional mechanical shaker for improved accuracy.","breadcrumb":{"@id":"https:\/\/ykmtest.com\/product\/sand-equivalent-test-set\/#breadcrumb"},"inLanguage":"es-AR","potentialAction":[{"@type":"ReadAction","target":["https:\/\/ykmtest.com\/product\/sand-equivalent-test-set\/"]}]},{"@type":"BreadcrumbList","@id":"https:\/\/ykmtest.com\/product\/sand-equivalent-test-set\/#breadcrumb","itemListElement":[{"@type":"ListItem","position":1,"name":"Home","item":"https:\/\/darkorchid-cheetah-525435.hostingersite.com\/"},{"@type":"ListItem","position":2,"name":"\u0422\u043e\u0432\u0430\u0440\u044b","item":"https:\/\/ykmtest.com\/ru\/shop\/"},{"@type":"ListItem","position":3,"name":"Sand Equivalent Test Set"}]},{"@type":"WebSite","@id":"https:\/\/darkorchid-cheetah-525435.hostingersite.com\/#website","url":"https:\/\/darkorchid-cheetah-525435.hostingersite.com\/","name":"PRUEBA YKM","description":"","publisher":{"@id":"https:\/\/darkorchid-cheetah-525435.hostingersite.com\/#organization"},"potentialAction":[{"@type":"SearchAction","target":{"@type":"EntryPoint","urlTemplate":"https:\/\/darkorchid-cheetah-525435.hostingersite.com\/?s={search_term_string}"},"query-input":{"@type":"PropertyValueSpecification","valueRequired":true,"valueName":"search_term_string"}}],"inLanguage":"es-AR"},{"@type":["Organization","Place"],"@id":"https:\/\/darkorchid-cheetah-525435.hostingersite.com\/#organization","name":"PRUEBA YKM","url":"https:\/\/darkorchid-cheetah-525435.hostingersite.com\/","logo":{"@id":"https:\/\/ykmtest.com\/product\/sand-equivalent-test-set\/#local-main-organization-logo"},"image":{"@id":"https:\/\/ykmtest.com\/product\/sand-equivalent-test-set\/#local-main-organization-logo"},"telephone":[],"openingHoursSpecification":[{"@type":"OpeningHoursSpecification","dayOfWeek":["Monday","Tuesday","Wednesday","Thursday","Friday","Saturday","Sunday"],"opens":"09:00","closes":"17:00"}]},{"@type":"ImageObject","inLanguage":"es-AR","@id":"https:\/\/ykmtest.com\/product\/sand-equivalent-test-set\/#local-main-organization-logo","url":"https:\/\/ykmtest.com\/wp-content\/uploads\/2025\/10\/Asset-2@2x-8.png","contentUrl":"https:\/\/ykmtest.com\/wp-content\/uploads\/2025\/10\/Asset-2@2x-8.png","width":1550,"height":323,"caption":"YKM TEST"}]},"product_price_currency":"USD","og_availability":"instock","product_availability":"instock","product_condition":"new"},"_links":{"self":[{"href":"https:\/\/ykmtest.com\/es\/wp-json\/wp\/v2\/product\/11332","targetHints":{"allow":["GET"]}}],"collection":[{"href":"https:\/\/ykmtest.com\/es\/wp-json\/wp\/v2\/product"}],"about":[{"href":"https:\/\/ykmtest.com\/es\/wp-json\/wp\/v2\/types\/product"}],"version-history":[{"count":2,"href":"https:\/\/ykmtest.com\/es\/wp-json\/wp\/v2\/product\/11332\/revisions"}],"predecessor-version":[{"id":11430,"href":"https:\/\/ykmtest.com\/es\/wp-json\/wp\/v2\/product\/11332\/revisions\/11430"}],"wp:attachment":[{"href":"https:\/\/ykmtest.com\/es\/wp-json\/wp\/v2\/media?parent=11332"}],"wp:term":[{"taxonomy":"product_brand","embeddable":true,"href":"https:\/\/ykmtest.com\/es\/wp-json\/wp\/v2\/product_brand?post=11332"},{"taxonomy":"product_cat","embeddable":true,"href":"https:\/\/ykmtest.com\/es\/wp-json\/wp\/v2\/product_cat?post=11332"},{"taxonomy":"product_tag","embeddable":true,"href":"https:\/\/ykmtest.com\/es\/wp-json\/wp\/v2\/product_tag?post=11332"}],"curies":[{"name":"wp","href":"https:\/\/api.w.org\/{rel}","templated":true}]}}