{"id":11346,"date":"2025-12-19T11:53:22","date_gmt":"2025-12-19T11:53:22","guid":{"rendered":"https:\/\/ykmtest.com\/?post_type=product&#038;p=11346"},"modified":"2025-12-19T11:57:35","modified_gmt":"2025-12-19T11:57:35","slug":"sample-splitters-riffle-type","status":"publish","type":"product","link":"https:\/\/ykmtest.com\/es\/producto\/sample-splitters-riffle-type\/","title":{"rendered":"Divisores de muestras, tipo Riffle"},"content":{"rendered":"<p>El conjunto de tolvas consta de canales de doble cara de tama\u00f1o uniforme. El ancho de las tolvas se selecciona en funci\u00f3n del tama\u00f1o m\u00e1ximo de las part\u00edculas, lo que minimiza los puentes y garantiza un flujo continuo. Las asas laterales y los elementos de bloqueo facilitan el traslado dentro de la planta. Hay disponibles diferentes anchuras de canaleta y configuraciones de canales para adaptarse a diferentes rangos de tama\u00f1o de part\u00edculas y capacidades de lote. El sistema utiliza una serie de canaletas de igual anchura, lo que garantiza una divisi\u00f3n precisa. La amplia tolva de alimentaci\u00f3n superior distribuye el material de manera uniforme, mientras que las canaletas se alternan a ambos lados, produciendo dos porciones iguales con cada pasada.<\/p>","protected":false},"excerpt":{"rendered":"<p>Los divisores de muestras tipo Riffle est\u00e1n dise\u00f1ados para separar de forma r\u00e1pida y confiable grandes lotes de agregados gruesos y materiales granulares en muestras de prueba representativas.<\/p>","protected":false},"featured_media":0,"template":"","meta":{"_acf_changed":false},"product_brand":[],"product_cat":[135,136],"product_tag":[],"class_list":{"0":"post-11346","1":"product","2":"type-product","3":"status-publish","5":"product_cat-aggregate","6":"product_cat-sample-preparation-aggregate","9":"instock","10":"shipping-taxable","11":"product-type-simple"},"acf":[],"yoast_head":"<!-- This site is optimized with the Yoast SEO Premium plugin v26.5 (Yoast SEO v27.5) - https:\/\/yoast.com\/product\/yoast-seo-premium-wordpress\/ -->\n<title>Sample Splitters, Riffle-Type - YKM TEST<\/title>\n<meta name=\"description\" content=\"Reliable Riffle-Type Sample Splitters for fast separation of coarse aggregates. Adjustable chutes ensure precise and uniform sample division.\" \/>\n<meta name=\"robots\" content=\"index, follow, max-snippet:-1, max-image-preview:large, max-video-preview:-1\" \/>\n<link rel=\"canonical\" href=\"https:\/\/ykmtest.com\/es\/producto\/sample-splitters-riffle-type\/\" \/>\n<meta property=\"og:locale\" content=\"es_ES\" \/>\n<meta property=\"og:type\" content=\"article\" \/>\n<meta property=\"og:title\" content=\"Sample Splitters, Riffle-Type\" \/>\n<meta property=\"og:description\" content=\"Reliable Riffle-Type Sample Splitters for fast separation of coarse aggregates. Adjustable chutes ensure precise and uniform sample division.\" \/>\n<meta property=\"og:url\" content=\"https:\/\/ykmtest.com\/es\/producto\/sample-splitters-riffle-type\/\" \/>\n<meta property=\"og:site_name\" content=\"YKM TEST\" \/>\n<meta property=\"article:modified_time\" content=\"2025-12-19T11:57:35+00:00\" \/>\n<meta name=\"twitter:card\" content=\"summary_large_image\" \/>\n<meta name=\"twitter:label1\" content=\"Price\" \/>\n\t<meta name=\"twitter:data1\" content=\"\" \/>\n\t<meta name=\"twitter:label2\" content=\"Availability\" \/>\n\t<meta name=\"twitter:data2\" content=\"In stock\" \/>\n<script type=\"application\/ld+json\" class=\"yoast-schema-graph\">{\"@context\":\"https:\\\/\\\/schema.org\",\"@graph\":[{\"@type\":\"WebPage\",\"@id\":\"https:\\\/\\\/ykmtest.com\\\/product\\\/sample-splitters-riffle-type\\\/\",\"url\":\"https:\\\/\\\/ykmtest.com\\\/product\\\/sample-splitters-riffle-type\\\/\",\"name\":\"Sample Splitters, Riffle-Type - YKM TEST\",\"isPartOf\":{\"@id\":\"https:\\\/\\\/darkorchid-cheetah-525435.hostingersite.com\\\/#website\"},\"datePublished\":\"2025-12-19T11:53:22+00:00\",\"dateModified\":\"2025-12-19T11:57:35+00:00\",\"description\":\"Reliable Riffle-Type Sample Splitters for fast separation of coarse aggregates. Adjustable chutes ensure precise and uniform sample division.\",\"breadcrumb\":{\"@id\":\"https:\\\/\\\/ykmtest.com\\\/product\\\/sample-splitters-riffle-type\\\/#breadcrumb\"},\"inLanguage\":\"es-AR\",\"potentialAction\":[{\"@type\":\"ReadAction\",\"target\":[\"https:\\\/\\\/ykmtest.com\\\/product\\\/sample-splitters-riffle-type\\\/\"]}]},{\"@type\":\"BreadcrumbList\",\"@id\":\"https:\\\/\\\/ykmtest.com\\\/product\\\/sample-splitters-riffle-type\\\/#breadcrumb\",\"itemListElement\":[{\"@type\":\"ListItem\",\"position\":1,\"name\":\"Home\",\"item\":\"https:\\\/\\\/darkorchid-cheetah-525435.hostingersite.com\\\/\"},{\"@type\":\"ListItem\",\"position\":2,\"name\":\"\u0422\u043e\u0432\u0430\u0440\u044b\",\"item\":\"https:\\\/\\\/ykmtest.com\\\/ru\\\/shop\\\/\"},{\"@type\":\"ListItem\",\"position\":3,\"name\":\"Sample Splitters, Riffle-Type\"}]},{\"@type\":\"WebSite\",\"@id\":\"https:\\\/\\\/darkorchid-cheetah-525435.hostingersite.com\\\/#website\",\"url\":\"https:\\\/\\\/darkorchid-cheetah-525435.hostingersite.com\\\/\",\"name\":\"YKM TEST\",\"description\":\"\",\"publisher\":{\"@id\":\"https:\\\/\\\/darkorchid-cheetah-525435.hostingersite.com\\\/#organization\"},\"potentialAction\":[{\"@type\":\"SearchAction\",\"target\":{\"@type\":\"EntryPoint\",\"urlTemplate\":\"https:\\\/\\\/darkorchid-cheetah-525435.hostingersite.com\\\/?s={search_term_string}\"},\"query-input\":{\"@type\":\"PropertyValueSpecification\",\"valueRequired\":true,\"valueName\":\"search_term_string\"}}],\"inLanguage\":\"es-AR\"},{\"@type\":[\"Organization\",\"Place\"],\"@id\":\"https:\\\/\\\/darkorchid-cheetah-525435.hostingersite.com\\\/#organization\",\"name\":\"YKM TEST\",\"url\":\"https:\\\/\\\/darkorchid-cheetah-525435.hostingersite.com\\\/\",\"logo\":{\"@id\":\"https:\\\/\\\/ykmtest.com\\\/product\\\/sample-splitters-riffle-type\\\/#local-main-organization-logo\"},\"image\":{\"@id\":\"https:\\\/\\\/ykmtest.com\\\/product\\\/sample-splitters-riffle-type\\\/#local-main-organization-logo\"},\"telephone\":[],\"openingHoursSpecification\":[{\"@type\":\"OpeningHoursSpecification\",\"dayOfWeek\":[\"Monday\",\"Tuesday\",\"Wednesday\",\"Thursday\",\"Friday\",\"Saturday\",\"Sunday\"],\"opens\":\"09:00\",\"closes\":\"17:00\"}]},{\"@type\":\"ImageObject\",\"inLanguage\":\"es-AR\",\"@id\":\"https:\\\/\\\/ykmtest.com\\\/product\\\/sample-splitters-riffle-type\\\/#local-main-organization-logo\",\"url\":\"https:\\\/\\\/ykmtest.com\\\/wp-content\\\/uploads\\\/2025\\\/10\\\/Asset-2@2x-8.png\",\"contentUrl\":\"https:\\\/\\\/ykmtest.com\\\/wp-content\\\/uploads\\\/2025\\\/10\\\/Asset-2@2x-8.png\",\"width\":1550,\"height\":323,\"caption\":\"YKM TEST\"}]}<\/script>\n<meta property=\"product:price:currency\" content=\"USD\" \/>\n<meta property=\"og:availability\" content=\"instock\" \/>\n<meta property=\"product:availability\" content=\"instock\" \/>\n<meta property=\"product:condition\" content=\"new\" \/>\n<!-- \/ Yoast SEO Premium plugin. -->","yoast_head_json":{"title":"Sample Splitters, Riffle-Type - YKM TEST","description":"Reliable Riffle-Type Sample Splitters for fast separation of coarse aggregates. Adjustable chutes ensure precise and uniform sample division.","robots":{"index":"index","follow":"follow","max-snippet":"max-snippet:-1","max-image-preview":"max-image-preview:large","max-video-preview":"max-video-preview:-1"},"canonical":"https:\/\/ykmtest.com\/es\/producto\/sample-splitters-riffle-type\/","og_locale":"es_ES","og_type":"article","og_title":"Sample Splitters, Riffle-Type","og_description":"Reliable Riffle-Type Sample Splitters for fast separation of coarse aggregates. Adjustable chutes ensure precise and uniform sample division.","og_url":"https:\/\/ykmtest.com\/es\/producto\/sample-splitters-riffle-type\/","og_site_name":"YKM TEST","article_modified_time":"2025-12-19T11:57:35+00:00","twitter_card":"summary_large_image","twitter_misc":{"Price":"","Availability":"In stock"},"schema":{"@context":"https:\/\/schema.org","@graph":[{"@type":"WebPage","@id":"https:\/\/ykmtest.com\/product\/sample-splitters-riffle-type\/","url":"https:\/\/ykmtest.com\/product\/sample-splitters-riffle-type\/","name":"Sample Splitters, Riffle-Type - YKM TEST","isPartOf":{"@id":"https:\/\/darkorchid-cheetah-525435.hostingersite.com\/#website"},"datePublished":"2025-12-19T11:53:22+00:00","dateModified":"2025-12-19T11:57:35+00:00","description":"Reliable Riffle-Type Sample Splitters for fast separation of coarse aggregates. Adjustable chutes ensure precise and uniform sample division.","breadcrumb":{"@id":"https:\/\/ykmtest.com\/product\/sample-splitters-riffle-type\/#breadcrumb"},"inLanguage":"es-AR","potentialAction":[{"@type":"ReadAction","target":["https:\/\/ykmtest.com\/product\/sample-splitters-riffle-type\/"]}]},{"@type":"BreadcrumbList","@id":"https:\/\/ykmtest.com\/product\/sample-splitters-riffle-type\/#breadcrumb","itemListElement":[{"@type":"ListItem","position":1,"name":"Home","item":"https:\/\/darkorchid-cheetah-525435.hostingersite.com\/"},{"@type":"ListItem","position":2,"name":"\u0422\u043e\u0432\u0430\u0440\u044b","item":"https:\/\/ykmtest.com\/ru\/shop\/"},{"@type":"ListItem","position":3,"name":"Sample Splitters, Riffle-Type"}]},{"@type":"WebSite","@id":"https:\/\/darkorchid-cheetah-525435.hostingersite.com\/#website","url":"https:\/\/darkorchid-cheetah-525435.hostingersite.com\/","name":"PRUEBA YKM","description":"","publisher":{"@id":"https:\/\/darkorchid-cheetah-525435.hostingersite.com\/#organization"},"potentialAction":[{"@type":"SearchAction","target":{"@type":"EntryPoint","urlTemplate":"https:\/\/darkorchid-cheetah-525435.hostingersite.com\/?s={search_term_string}"},"query-input":{"@type":"PropertyValueSpecification","valueRequired":true,"valueName":"search_term_string"}}],"inLanguage":"es-AR"},{"@type":["Organization","Place"],"@id":"https:\/\/darkorchid-cheetah-525435.hostingersite.com\/#organization","name":"PRUEBA YKM","url":"https:\/\/darkorchid-cheetah-525435.hostingersite.com\/","logo":{"@id":"https:\/\/ykmtest.com\/product\/sample-splitters-riffle-type\/#local-main-organization-logo"},"image":{"@id":"https:\/\/ykmtest.com\/product\/sample-splitters-riffle-type\/#local-main-organization-logo"},"telephone":[],"openingHoursSpecification":[{"@type":"OpeningHoursSpecification","dayOfWeek":["Monday","Tuesday","Wednesday","Thursday","Friday","Saturday","Sunday"],"opens":"09:00","closes":"17:00"}]},{"@type":"ImageObject","inLanguage":"es-AR","@id":"https:\/\/ykmtest.com\/product\/sample-splitters-riffle-type\/#local-main-organization-logo","url":"https:\/\/ykmtest.com\/wp-content\/uploads\/2025\/10\/Asset-2@2x-8.png","contentUrl":"https:\/\/ykmtest.com\/wp-content\/uploads\/2025\/10\/Asset-2@2x-8.png","width":1550,"height":323,"caption":"YKM TEST"}]},"product_price_currency":"USD","og_availability":"instock","product_availability":"instock","product_condition":"new"},"_links":{"self":[{"href":"https:\/\/ykmtest.com\/es\/wp-json\/wp\/v2\/product\/11346","targetHints":{"allow":["GET"]}}],"collection":[{"href":"https:\/\/ykmtest.com\/es\/wp-json\/wp\/v2\/product"}],"about":[{"href":"https:\/\/ykmtest.com\/es\/wp-json\/wp\/v2\/types\/product"}],"version-history":[{"count":3,"href":"https:\/\/ykmtest.com\/es\/wp-json\/wp\/v2\/product\/11346\/revisions"}],"predecessor-version":[{"id":11349,"href":"https:\/\/ykmtest.com\/es\/wp-json\/wp\/v2\/product\/11346\/revisions\/11349"}],"wp:attachment":[{"href":"https:\/\/ykmtest.com\/es\/wp-json\/wp\/v2\/media?parent=11346"}],"wp:term":[{"taxonomy":"product_brand","embeddable":true,"href":"https:\/\/ykmtest.com\/es\/wp-json\/wp\/v2\/product_brand?post=11346"},{"taxonomy":"product_cat","embeddable":true,"href":"https:\/\/ykmtest.com\/es\/wp-json\/wp\/v2\/product_cat?post=11346"},{"taxonomy":"product_tag","embeddable":true,"href":"https:\/\/ykmtest.com\/es\/wp-json\/wp\/v2\/product_tag?post=11346"}],"curies":[{"name":"wp","href":"https:\/\/api.w.org\/{rel}","templated":true}]}}