{"id":11364,"date":"2025-12-19T13:17:41","date_gmt":"2025-12-19T13:17:41","guid":{"rendered":"https:\/\/ykmtest.com\/?post_type=product&#038;p=11364"},"modified":"2025-12-19T13:17:42","modified_gmt":"2025-12-19T13:17:42","slug":"methylene-blue-test-set","status":"publish","type":"product","link":"https:\/\/ykmtest.com\/es\/producto\/methylene-blue-test-set\/","title":{"rendered":"Kit de prueba con azul de metileno"},"content":{"rendered":"<p class=\"p3\"><span lang=\"TR\">El principio de la prueba se basa en a\u00f1adir una soluci\u00f3n de azul de metileno al agregado o arena que se ha mezclado previamente con agua, y determinar en qu\u00e9 medida los minerales arcillosos absorben la soluci\u00f3n. Se vierte una dosis de 5 ml de soluci\u00f3n de azul de metileno en la muestra y se mezcla; a continuaci\u00f3n, se analiza la suspensi\u00f3n en papel de filtro para observar la formaci\u00f3n de un halo azul. El cambio de color y el di\u00e1metro del halo indican cu\u00e1ndo la superficie arcillosa alcanza la saturaci\u00f3n. Los resultados se expresan como valor de azul de metileno (MBV), directamente proporcional al contenido de arcilla. El juego incluye un vaso de precipitados de vidrio, un mezclador autom\u00e1tico, una bureta, un soporte para bureta, un sistema cuentagotas, papeles de filtro, polvo de azul de metileno y caol\u00edn. El juego cumple con las normas EN 933-9, NF P94-068 y ASTM C837.<\/span><\/p>","protected":false},"excerpt":{"rendered":"<p class=\"p3\"><span lang=\"TR\">El kit de prueba con azul de metileno est\u00e1 dise\u00f1ado para determinar el contenido de arcilla activa y las caracter\u00edsticas de adsorci\u00f3n de los minerales de grano fino en muestras de agregados. Proporciona informaci\u00f3n confiable sobre la contaminaci\u00f3n por arcilla y la actividad superficial, especialmente en el caso de los agregados utilizados en mezclas de concreto y asfalto.<\/span><\/p>","protected":false},"featured_media":0,"template":"","meta":{"_acf_changed":false},"product_brand":[],"product_cat":[135,137],"product_tag":[],"class_list":{"0":"post-11364","1":"product","2":"type-product","3":"status-publish","5":"product_cat-aggregate","6":"product_cat-classification","9":"instock","10":"shipping-taxable","11":"product-type-simple"},"acf":[],"yoast_head":"<!-- This site is optimized with the Yoast SEO Premium plugin v26.5 (Yoast SEO v27.5) - https:\/\/yoast.com\/product\/yoast-seo-premium-wordpress\/ -->\n<title>Methylene Blue Test Set - YKM TEST<\/title>\n<meta name=\"description\" content=\"Reliable Methylene Blue Test Set for determining active clay content and adsorption characteristics in fine aggregates. EN, NF, and ASTM compliant for accurate results.\" \/>\n<meta name=\"robots\" content=\"index, follow, max-snippet:-1, max-image-preview:large, max-video-preview:-1\" \/>\n<link rel=\"canonical\" href=\"https:\/\/darkorchid-cheetah-525435.hostingersite.com\/product\/methylene-blue-test-set\/\" \/>\n<meta property=\"og:locale\" content=\"es_ES\" \/>\n<meta property=\"og:type\" content=\"article\" \/>\n<meta property=\"og:title\" content=\"Methylene Blue Test Set\" \/>\n<meta property=\"og:description\" content=\"Reliable Methylene Blue Test Set for determining active clay content and adsorption characteristics in fine aggregates. EN, NF, and ASTM compliant for accurate results.\" \/>\n<meta property=\"og:url\" content=\"https:\/\/darkorchid-cheetah-525435.hostingersite.com\/product\/methylene-blue-test-set\/\" \/>\n<meta property=\"og:site_name\" content=\"YKM TEST\" \/>\n<meta property=\"article:modified_time\" content=\"2025-12-19T13:17:42+00:00\" \/>\n<meta name=\"twitter:card\" content=\"summary_large_image\" \/>\n<meta name=\"twitter:label1\" content=\"Price\" \/>\n\t<meta name=\"twitter:data1\" content=\"\" \/>\n\t<meta name=\"twitter:label2\" content=\"Availability\" \/>\n\t<meta name=\"twitter:data2\" content=\"In stock\" \/>\n<script type=\"application\/ld+json\" class=\"yoast-schema-graph\">{\"@context\":\"https:\\\/\\\/schema.org\",\"@graph\":[{\"@type\":\"WebPage\",\"@id\":\"https:\\\/\\\/darkorchid-cheetah-525435.hostingersite.com\\\/product\\\/methylene-blue-test-set\\\/\",\"url\":\"https:\\\/\\\/darkorchid-cheetah-525435.hostingersite.com\\\/product\\\/methylene-blue-test-set\\\/\",\"name\":\"Methylene Blue Test Set - YKM TEST\",\"isPartOf\":{\"@id\":\"https:\\\/\\\/darkorchid-cheetah-525435.hostingersite.com\\\/#website\"},\"datePublished\":\"2025-12-19T13:17:41+00:00\",\"dateModified\":\"2025-12-19T13:17:42+00:00\",\"description\":\"Reliable Methylene Blue Test Set for determining active clay content and adsorption characteristics in fine aggregates. EN, NF, and ASTM compliant for accurate results.\",\"breadcrumb\":{\"@id\":\"https:\\\/\\\/darkorchid-cheetah-525435.hostingersite.com\\\/product\\\/methylene-blue-test-set\\\/#breadcrumb\"},\"inLanguage\":\"es-AR\",\"potentialAction\":[{\"@type\":\"ReadAction\",\"target\":[\"https:\\\/\\\/darkorchid-cheetah-525435.hostingersite.com\\\/product\\\/methylene-blue-test-set\\\/\"]}]},{\"@type\":\"BreadcrumbList\",\"@id\":\"https:\\\/\\\/darkorchid-cheetah-525435.hostingersite.com\\\/product\\\/methylene-blue-test-set\\\/#breadcrumb\",\"itemListElement\":[{\"@type\":\"ListItem\",\"position\":1,\"name\":\"Home\",\"item\":\"https:\\\/\\\/darkorchid-cheetah-525435.hostingersite.com\\\/\"},{\"@type\":\"ListItem\",\"position\":2,\"name\":\"\u0422\u043e\u0432\u0430\u0440\u044b\",\"item\":\"https:\\\/\\\/ykmtest.com\\\/ru\\\/shop\\\/\"},{\"@type\":\"ListItem\",\"position\":3,\"name\":\"Methylene Blue Test Set\"}]},{\"@type\":\"WebSite\",\"@id\":\"https:\\\/\\\/darkorchid-cheetah-525435.hostingersite.com\\\/#website\",\"url\":\"https:\\\/\\\/darkorchid-cheetah-525435.hostingersite.com\\\/\",\"name\":\"YKM TEST\",\"description\":\"\",\"publisher\":{\"@id\":\"https:\\\/\\\/darkorchid-cheetah-525435.hostingersite.com\\\/#organization\"},\"potentialAction\":[{\"@type\":\"SearchAction\",\"target\":{\"@type\":\"EntryPoint\",\"urlTemplate\":\"https:\\\/\\\/darkorchid-cheetah-525435.hostingersite.com\\\/?s={search_term_string}\"},\"query-input\":{\"@type\":\"PropertyValueSpecification\",\"valueRequired\":true,\"valueName\":\"search_term_string\"}}],\"inLanguage\":\"es-AR\"},{\"@type\":[\"Organization\",\"Place\"],\"@id\":\"https:\\\/\\\/darkorchid-cheetah-525435.hostingersite.com\\\/#organization\",\"name\":\"YKM TEST\",\"url\":\"https:\\\/\\\/darkorchid-cheetah-525435.hostingersite.com\\\/\",\"logo\":{\"@id\":\"https:\\\/\\\/darkorchid-cheetah-525435.hostingersite.com\\\/product\\\/methylene-blue-test-set\\\/#local-main-organization-logo\"},\"image\":{\"@id\":\"https:\\\/\\\/darkorchid-cheetah-525435.hostingersite.com\\\/product\\\/methylene-blue-test-set\\\/#local-main-organization-logo\"},\"telephone\":[],\"openingHoursSpecification\":[{\"@type\":\"OpeningHoursSpecification\",\"dayOfWeek\":[\"Monday\",\"Tuesday\",\"Wednesday\",\"Thursday\",\"Friday\",\"Saturday\",\"Sunday\"],\"opens\":\"09:00\",\"closes\":\"17:00\"}]},{\"@type\":\"ImageObject\",\"inLanguage\":\"es-AR\",\"@id\":\"https:\\\/\\\/darkorchid-cheetah-525435.hostingersite.com\\\/product\\\/methylene-blue-test-set\\\/#local-main-organization-logo\",\"url\":\"https:\\\/\\\/ykmtest.com\\\/wp-content\\\/uploads\\\/2025\\\/10\\\/Asset-2@2x-8.png\",\"contentUrl\":\"https:\\\/\\\/ykmtest.com\\\/wp-content\\\/uploads\\\/2025\\\/10\\\/Asset-2@2x-8.png\",\"width\":1550,\"height\":323,\"caption\":\"YKM TEST\"}]}<\/script>\n<meta property=\"product:price:currency\" content=\"USD\" \/>\n<meta property=\"og:availability\" content=\"instock\" \/>\n<meta property=\"product:availability\" content=\"instock\" \/>\n<meta property=\"product:condition\" content=\"new\" \/>\n<!-- \/ Yoast SEO Premium plugin. -->","yoast_head_json":{"title":"Methylene Blue Test Set - YKM TEST","description":"Reliable Methylene Blue Test Set for determining active clay content and adsorption characteristics in fine aggregates. EN, NF, and ASTM compliant for accurate results.","robots":{"index":"index","follow":"follow","max-snippet":"max-snippet:-1","max-image-preview":"max-image-preview:large","max-video-preview":"max-video-preview:-1"},"canonical":"https:\/\/darkorchid-cheetah-525435.hostingersite.com\/product\/methylene-blue-test-set\/","og_locale":"es_ES","og_type":"article","og_title":"Methylene Blue Test Set","og_description":"Reliable Methylene Blue Test Set for determining active clay content and adsorption characteristics in fine aggregates. EN, NF, and ASTM compliant for accurate results.","og_url":"https:\/\/darkorchid-cheetah-525435.hostingersite.com\/product\/methylene-blue-test-set\/","og_site_name":"YKM TEST","article_modified_time":"2025-12-19T13:17:42+00:00","twitter_card":"summary_large_image","twitter_misc":{"Price":"","Availability":"In stock"},"schema":{"@context":"https:\/\/schema.org","@graph":[{"@type":"WebPage","@id":"https:\/\/darkorchid-cheetah-525435.hostingersite.com\/product\/methylene-blue-test-set\/","url":"https:\/\/darkorchid-cheetah-525435.hostingersite.com\/product\/methylene-blue-test-set\/","name":"Methylene Blue Test Set - YKM TEST","isPartOf":{"@id":"https:\/\/darkorchid-cheetah-525435.hostingersite.com\/#website"},"datePublished":"2025-12-19T13:17:41+00:00","dateModified":"2025-12-19T13:17:42+00:00","description":"Reliable Methylene Blue Test Set for determining active clay content and adsorption characteristics in fine aggregates. EN, NF, and ASTM compliant for accurate results.","breadcrumb":{"@id":"https:\/\/darkorchid-cheetah-525435.hostingersite.com\/product\/methylene-blue-test-set\/#breadcrumb"},"inLanguage":"es-AR","potentialAction":[{"@type":"ReadAction","target":["https:\/\/darkorchid-cheetah-525435.hostingersite.com\/product\/methylene-blue-test-set\/"]}]},{"@type":"BreadcrumbList","@id":"https:\/\/darkorchid-cheetah-525435.hostingersite.com\/product\/methylene-blue-test-set\/#breadcrumb","itemListElement":[{"@type":"ListItem","position":1,"name":"Home","item":"https:\/\/darkorchid-cheetah-525435.hostingersite.com\/"},{"@type":"ListItem","position":2,"name":"\u0422\u043e\u0432\u0430\u0440\u044b","item":"https:\/\/ykmtest.com\/ru\/shop\/"},{"@type":"ListItem","position":3,"name":"Methylene Blue Test Set"}]},{"@type":"WebSite","@id":"https:\/\/darkorchid-cheetah-525435.hostingersite.com\/#website","url":"https:\/\/darkorchid-cheetah-525435.hostingersite.com\/","name":"PRUEBA YKM","description":"","publisher":{"@id":"https:\/\/darkorchid-cheetah-525435.hostingersite.com\/#organization"},"potentialAction":[{"@type":"SearchAction","target":{"@type":"EntryPoint","urlTemplate":"https:\/\/darkorchid-cheetah-525435.hostingersite.com\/?s={search_term_string}"},"query-input":{"@type":"PropertyValueSpecification","valueRequired":true,"valueName":"search_term_string"}}],"inLanguage":"es-AR"},{"@type":["Organization","Place"],"@id":"https:\/\/darkorchid-cheetah-525435.hostingersite.com\/#organization","name":"PRUEBA YKM","url":"https:\/\/darkorchid-cheetah-525435.hostingersite.com\/","logo":{"@id":"https:\/\/darkorchid-cheetah-525435.hostingersite.com\/product\/methylene-blue-test-set\/#local-main-organization-logo"},"image":{"@id":"https:\/\/darkorchid-cheetah-525435.hostingersite.com\/product\/methylene-blue-test-set\/#local-main-organization-logo"},"telephone":[],"openingHoursSpecification":[{"@type":"OpeningHoursSpecification","dayOfWeek":["Monday","Tuesday","Wednesday","Thursday","Friday","Saturday","Sunday"],"opens":"09:00","closes":"17:00"}]},{"@type":"ImageObject","inLanguage":"es-AR","@id":"https:\/\/darkorchid-cheetah-525435.hostingersite.com\/product\/methylene-blue-test-set\/#local-main-organization-logo","url":"https:\/\/ykmtest.com\/wp-content\/uploads\/2025\/10\/Asset-2@2x-8.png","contentUrl":"https:\/\/ykmtest.com\/wp-content\/uploads\/2025\/10\/Asset-2@2x-8.png","width":1550,"height":323,"caption":"YKM TEST"}]},"product_price_currency":"USD","og_availability":"instock","product_availability":"instock","product_condition":"new"},"_links":{"self":[{"href":"https:\/\/ykmtest.com\/es\/wp-json\/wp\/v2\/product\/11364","targetHints":{"allow":["GET"]}}],"collection":[{"href":"https:\/\/ykmtest.com\/es\/wp-json\/wp\/v2\/product"}],"about":[{"href":"https:\/\/ykmtest.com\/es\/wp-json\/wp\/v2\/types\/product"}],"version-history":[{"count":1,"href":"https:\/\/ykmtest.com\/es\/wp-json\/wp\/v2\/product\/11364\/revisions"}],"predecessor-version":[{"id":11365,"href":"https:\/\/ykmtest.com\/es\/wp-json\/wp\/v2\/product\/11364\/revisions\/11365"}],"wp:attachment":[{"href":"https:\/\/ykmtest.com\/es\/wp-json\/wp\/v2\/media?parent=11364"}],"wp:term":[{"taxonomy":"product_brand","embeddable":true,"href":"https:\/\/ykmtest.com\/es\/wp-json\/wp\/v2\/product_brand?post=11364"},{"taxonomy":"product_cat","embeddable":true,"href":"https:\/\/ykmtest.com\/es\/wp-json\/wp\/v2\/product_cat?post=11364"},{"taxonomy":"product_tag","embeddable":true,"href":"https:\/\/ykmtest.com\/es\/wp-json\/wp\/v2\/product_tag?post=11364"}],"curies":[{"name":"wp","href":"https:\/\/api.w.org\/{rel}","templated":true}]}}