{"id":11405,"date":"2025-12-23T07:01:14","date_gmt":"2025-12-23T07:01:14","guid":{"rendered":"https:\/\/ykmtest.com\/?post_type=product&#038;p=11405"},"modified":"2025-12-23T07:14:03","modified_gmt":"2025-12-23T07:14:03","slug":"skid-resistance-and-friction-tester-2","status":"publish","type":"product","link":"https:\/\/ykmtest.com\/es\/producto\/skid-resistance-and-friction-tester-2\/","title":{"rendered":"Probador de resistencia al deslizamiento y fricci\u00f3n"},"content":{"rendered":"<p>El medidor de resistencia al deslizamiento y fricci\u00f3n est\u00e1 dise\u00f1ado para evaluar la resistencia al deslizamiento de pavimentos de carreteras, superficies de piedra natural, bloques de pavimentaci\u00f3n de concreto y materiales para pisos interiores de acuerdo con m\u00e9todos de prueba estandarizados. El instrumento utiliza un brazo pendular ajustable montado sobre cojinetes de baja fricci\u00f3n para proporcionar la misma energ\u00eda en cada oscilaci\u00f3n, mientras que el contacto controlado entre el deslizador de goma y la superficie de prueba garantiza mediciones repetibles con una influencia m\u00ednima del operador. El cuerpo del medidor de resistencia al deslizamiento y fricci\u00f3n cuenta con patas niveladoras de tres puntos y un nivel de burbuja integrado, lo que permite un posicionamiento estable y preciso incluso en condiciones de campo exigentes. Un indicador de escala de 0 a 150 claramente legible muestra la p\u00e9rdida de energ\u00eda despu\u00e9s del recorrido del p\u00e9ndulo, mientras que el ajuste fino de la gu\u00eda permite una alineaci\u00f3n precisa de la altura del deslizador y la trayectoria de contacto. Un brazo de p\u00e9ndulo de 508 mm y juegos de deslizadores est\u00e1ndar intercambiables permiten realizar pruebas tanto en superficies rugosas al aire libre como en aplicaciones de pavimentos interiores. El accesorio de alimentaci\u00f3n de agua y el protector contra salpicaduras suministrados permiten realizar pruebas fiables en condiciones de humedad. El bastidor compacto y duradero, la pantalla de seguridad transparente, el mecanismo de bloqueo y el contador digital de carreras mantienen la estabilidad de la medici\u00f3n durante el uso frecuente. Las superficies resistentes a la corrosi\u00f3n y las interfaces de contacto lisas proporcionan una larga vida \u00fatil, mientras que la sustituci\u00f3n del deslizador, las comprobaciones de calibraci\u00f3n y los ajustes de nivelaci\u00f3n se pueden realizar r\u00e1pidamente desde un \u00fanico punto de acceso. El medidor de resistencia al deslizamiento y fricci\u00f3n es adecuado para aplicaciones de control de calidad, inspecci\u00f3n de obras y pruebas de laboratorio.<\/p>","protected":false},"excerpt":{"rendered":"<p>El medidor de resistencia al deslizamiento y fricci\u00f3n es un instrumento port\u00e1til dise\u00f1ado para medir la resistencia al deslizamiento de pavimentos de carreteras, piedra natural, bloques de pavimentaci\u00f3n de concreto y superficies de pisos interiores en condiciones estandarizadas, lo que proporciona resultados precisos y repetibles en aplicaciones de campo y de laboratorio.<\/p>","protected":false},"featured_media":0,"template":"","meta":{"_acf_changed":false},"product_brand":[],"product_cat":[138,135],"product_tag":[],"class_list":{"0":"post-11405","1":"product","2":"type-product","3":"status-publish","5":"product_cat-abrasion-fragmentation-and-wear","6":"product_cat-aggregate","9":"instock","10":"shipping-taxable","11":"product-type-simple"},"acf":[],"yoast_head":"<!-- This site is optimized with the Yoast SEO Premium plugin v26.5 (Yoast SEO v27.5) - https:\/\/yoast.com\/product\/yoast-seo-premium-wordpress\/ -->\n<title>Skid Resistance and Friction Tester - YKM TEST<\/title>\n<meta name=\"description\" content=\"Skid Resistance and Friction Tester measures slip resistance of pavements, stone, concrete, and flooring surfaces under dry and wet conditions.\" \/>\n<meta name=\"robots\" content=\"index, follow, max-snippet:-1, max-image-preview:large, max-video-preview:-1\" \/>\n<link rel=\"canonical\" href=\"https:\/\/darkorchid-cheetah-525435.hostingersite.com\/product\/skid-resistance-and-friction-tester-2\/\" \/>\n<meta property=\"og:locale\" content=\"es_ES\" \/>\n<meta property=\"og:type\" content=\"article\" \/>\n<meta property=\"og:title\" content=\"Skid Resistance and Friction Tester\" \/>\n<meta property=\"og:description\" content=\"Skid Resistance and Friction Tester measures slip resistance of pavements, stone, concrete, and flooring surfaces under dry and wet conditions.\" \/>\n<meta property=\"og:url\" content=\"https:\/\/darkorchid-cheetah-525435.hostingersite.com\/product\/skid-resistance-and-friction-tester-2\/\" \/>\n<meta property=\"og:site_name\" content=\"YKM TEST\" \/>\n<meta property=\"article:modified_time\" content=\"2025-12-23T07:14:03+00:00\" \/>\n<meta name=\"twitter:card\" content=\"summary_large_image\" \/>\n<meta name=\"twitter:label1\" content=\"Price\" \/>\n\t<meta name=\"twitter:data1\" content=\"\" \/>\n\t<meta name=\"twitter:label2\" content=\"Availability\" \/>\n\t<meta name=\"twitter:data2\" content=\"In stock\" \/>\n<script type=\"application\/ld+json\" class=\"yoast-schema-graph\">{\"@context\":\"https:\\\/\\\/schema.org\",\"@graph\":[{\"@type\":\"WebPage\",\"@id\":\"https:\\\/\\\/darkorchid-cheetah-525435.hostingersite.com\\\/product\\\/skid-resistance-and-friction-tester-2\\\/\",\"url\":\"https:\\\/\\\/darkorchid-cheetah-525435.hostingersite.com\\\/product\\\/skid-resistance-and-friction-tester-2\\\/\",\"name\":\"Skid Resistance and Friction Tester - YKM TEST\",\"isPartOf\":{\"@id\":\"https:\\\/\\\/darkorchid-cheetah-525435.hostingersite.com\\\/#website\"},\"datePublished\":\"2025-12-23T07:01:14+00:00\",\"dateModified\":\"2025-12-23T07:14:03+00:00\",\"description\":\"Skid Resistance and Friction Tester measures slip resistance of pavements, stone, concrete, and flooring surfaces under dry and wet conditions.\",\"breadcrumb\":{\"@id\":\"https:\\\/\\\/darkorchid-cheetah-525435.hostingersite.com\\\/product\\\/skid-resistance-and-friction-tester-2\\\/#breadcrumb\"},\"inLanguage\":\"es-AR\",\"potentialAction\":[{\"@type\":\"ReadAction\",\"target\":[\"https:\\\/\\\/darkorchid-cheetah-525435.hostingersite.com\\\/product\\\/skid-resistance-and-friction-tester-2\\\/\"]}]},{\"@type\":\"BreadcrumbList\",\"@id\":\"https:\\\/\\\/darkorchid-cheetah-525435.hostingersite.com\\\/product\\\/skid-resistance-and-friction-tester-2\\\/#breadcrumb\",\"itemListElement\":[{\"@type\":\"ListItem\",\"position\":1,\"name\":\"Home\",\"item\":\"https:\\\/\\\/darkorchid-cheetah-525435.hostingersite.com\\\/\"},{\"@type\":\"ListItem\",\"position\":2,\"name\":\"\u0422\u043e\u0432\u0430\u0440\u044b\",\"item\":\"https:\\\/\\\/ykmtest.com\\\/ru\\\/shop\\\/\"},{\"@type\":\"ListItem\",\"position\":3,\"name\":\"Skid Resistance and Friction Tester\"}]},{\"@type\":\"WebSite\",\"@id\":\"https:\\\/\\\/darkorchid-cheetah-525435.hostingersite.com\\\/#website\",\"url\":\"https:\\\/\\\/darkorchid-cheetah-525435.hostingersite.com\\\/\",\"name\":\"YKM TEST\",\"description\":\"\",\"publisher\":{\"@id\":\"https:\\\/\\\/darkorchid-cheetah-525435.hostingersite.com\\\/#organization\"},\"potentialAction\":[{\"@type\":\"SearchAction\",\"target\":{\"@type\":\"EntryPoint\",\"urlTemplate\":\"https:\\\/\\\/darkorchid-cheetah-525435.hostingersite.com\\\/?s={search_term_string}\"},\"query-input\":{\"@type\":\"PropertyValueSpecification\",\"valueRequired\":true,\"valueName\":\"search_term_string\"}}],\"inLanguage\":\"es-AR\"},{\"@type\":[\"Organization\",\"Place\"],\"@id\":\"https:\\\/\\\/darkorchid-cheetah-525435.hostingersite.com\\\/#organization\",\"name\":\"YKM TEST\",\"url\":\"https:\\\/\\\/darkorchid-cheetah-525435.hostingersite.com\\\/\",\"logo\":{\"@id\":\"https:\\\/\\\/darkorchid-cheetah-525435.hostingersite.com\\\/product\\\/skid-resistance-and-friction-tester-2\\\/#local-main-organization-logo\"},\"image\":{\"@id\":\"https:\\\/\\\/darkorchid-cheetah-525435.hostingersite.com\\\/product\\\/skid-resistance-and-friction-tester-2\\\/#local-main-organization-logo\"},\"telephone\":[],\"openingHoursSpecification\":[{\"@type\":\"OpeningHoursSpecification\",\"dayOfWeek\":[\"Monday\",\"Tuesday\",\"Wednesday\",\"Thursday\",\"Friday\",\"Saturday\",\"Sunday\"],\"opens\":\"09:00\",\"closes\":\"17:00\"}]},{\"@type\":\"ImageObject\",\"inLanguage\":\"es-AR\",\"@id\":\"https:\\\/\\\/darkorchid-cheetah-525435.hostingersite.com\\\/product\\\/skid-resistance-and-friction-tester-2\\\/#local-main-organization-logo\",\"url\":\"https:\\\/\\\/ykmtest.com\\\/wp-content\\\/uploads\\\/2025\\\/10\\\/Asset-2@2x-8.png\",\"contentUrl\":\"https:\\\/\\\/ykmtest.com\\\/wp-content\\\/uploads\\\/2025\\\/10\\\/Asset-2@2x-8.png\",\"width\":1550,\"height\":323,\"caption\":\"YKM TEST\"}]}<\/script>\n<meta property=\"product:price:currency\" content=\"USD\" \/>\n<meta property=\"og:availability\" content=\"instock\" \/>\n<meta property=\"product:availability\" content=\"instock\" \/>\n<meta property=\"product:condition\" content=\"new\" \/>\n<!-- \/ Yoast SEO Premium plugin. -->","yoast_head_json":{"title":"Skid Resistance and Friction Tester - YKM TEST","description":"Skid Resistance and Friction Tester measures slip resistance of pavements, stone, concrete, and flooring surfaces under dry and wet conditions.","robots":{"index":"index","follow":"follow","max-snippet":"max-snippet:-1","max-image-preview":"max-image-preview:large","max-video-preview":"max-video-preview:-1"},"canonical":"https:\/\/darkorchid-cheetah-525435.hostingersite.com\/product\/skid-resistance-and-friction-tester-2\/","og_locale":"es_ES","og_type":"article","og_title":"Skid Resistance and Friction Tester","og_description":"Skid Resistance and Friction Tester measures slip resistance of pavements, stone, concrete, and flooring surfaces under dry and wet conditions.","og_url":"https:\/\/darkorchid-cheetah-525435.hostingersite.com\/product\/skid-resistance-and-friction-tester-2\/","og_site_name":"YKM TEST","article_modified_time":"2025-12-23T07:14:03+00:00","twitter_card":"summary_large_image","twitter_misc":{"Price":"","Availability":"In stock"},"schema":{"@context":"https:\/\/schema.org","@graph":[{"@type":"WebPage","@id":"https:\/\/darkorchid-cheetah-525435.hostingersite.com\/product\/skid-resistance-and-friction-tester-2\/","url":"https:\/\/darkorchid-cheetah-525435.hostingersite.com\/product\/skid-resistance-and-friction-tester-2\/","name":"Skid Resistance and Friction Tester - YKM TEST","isPartOf":{"@id":"https:\/\/darkorchid-cheetah-525435.hostingersite.com\/#website"},"datePublished":"2025-12-23T07:01:14+00:00","dateModified":"2025-12-23T07:14:03+00:00","description":"Skid Resistance and Friction Tester measures slip resistance of pavements, stone, concrete, and flooring surfaces under dry and wet conditions.","breadcrumb":{"@id":"https:\/\/darkorchid-cheetah-525435.hostingersite.com\/product\/skid-resistance-and-friction-tester-2\/#breadcrumb"},"inLanguage":"es-AR","potentialAction":[{"@type":"ReadAction","target":["https:\/\/darkorchid-cheetah-525435.hostingersite.com\/product\/skid-resistance-and-friction-tester-2\/"]}]},{"@type":"BreadcrumbList","@id":"https:\/\/darkorchid-cheetah-525435.hostingersite.com\/product\/skid-resistance-and-friction-tester-2\/#breadcrumb","itemListElement":[{"@type":"ListItem","position":1,"name":"Home","item":"https:\/\/darkorchid-cheetah-525435.hostingersite.com\/"},{"@type":"ListItem","position":2,"name":"\u0422\u043e\u0432\u0430\u0440\u044b","item":"https:\/\/ykmtest.com\/ru\/shop\/"},{"@type":"ListItem","position":3,"name":"Skid Resistance and Friction Tester"}]},{"@type":"WebSite","@id":"https:\/\/darkorchid-cheetah-525435.hostingersite.com\/#website","url":"https:\/\/darkorchid-cheetah-525435.hostingersite.com\/","name":"PRUEBA YKM","description":"","publisher":{"@id":"https:\/\/darkorchid-cheetah-525435.hostingersite.com\/#organization"},"potentialAction":[{"@type":"SearchAction","target":{"@type":"EntryPoint","urlTemplate":"https:\/\/darkorchid-cheetah-525435.hostingersite.com\/?s={search_term_string}"},"query-input":{"@type":"PropertyValueSpecification","valueRequired":true,"valueName":"search_term_string"}}],"inLanguage":"es-AR"},{"@type":["Organization","Place"],"@id":"https:\/\/darkorchid-cheetah-525435.hostingersite.com\/#organization","name":"PRUEBA YKM","url":"https:\/\/darkorchid-cheetah-525435.hostingersite.com\/","logo":{"@id":"https:\/\/darkorchid-cheetah-525435.hostingersite.com\/product\/skid-resistance-and-friction-tester-2\/#local-main-organization-logo"},"image":{"@id":"https:\/\/darkorchid-cheetah-525435.hostingersite.com\/product\/skid-resistance-and-friction-tester-2\/#local-main-organization-logo"},"telephone":[],"openingHoursSpecification":[{"@type":"OpeningHoursSpecification","dayOfWeek":["Monday","Tuesday","Wednesday","Thursday","Friday","Saturday","Sunday"],"opens":"09:00","closes":"17:00"}]},{"@type":"ImageObject","inLanguage":"es-AR","@id":"https:\/\/darkorchid-cheetah-525435.hostingersite.com\/product\/skid-resistance-and-friction-tester-2\/#local-main-organization-logo","url":"https:\/\/ykmtest.com\/wp-content\/uploads\/2025\/10\/Asset-2@2x-8.png","contentUrl":"https:\/\/ykmtest.com\/wp-content\/uploads\/2025\/10\/Asset-2@2x-8.png","width":1550,"height":323,"caption":"YKM TEST"}]},"product_price_currency":"USD","og_availability":"instock","product_availability":"instock","product_condition":"new"},"_links":{"self":[{"href":"https:\/\/ykmtest.com\/es\/wp-json\/wp\/v2\/product\/11405","targetHints":{"allow":["GET"]}}],"collection":[{"href":"https:\/\/ykmtest.com\/es\/wp-json\/wp\/v2\/product"}],"about":[{"href":"https:\/\/ykmtest.com\/es\/wp-json\/wp\/v2\/types\/product"}],"version-history":[{"count":2,"href":"https:\/\/ykmtest.com\/es\/wp-json\/wp\/v2\/product\/11405\/revisions"}],"predecessor-version":[{"id":11410,"href":"https:\/\/ykmtest.com\/es\/wp-json\/wp\/v2\/product\/11405\/revisions\/11410"}],"wp:attachment":[{"href":"https:\/\/ykmtest.com\/es\/wp-json\/wp\/v2\/media?parent=11405"}],"wp:term":[{"taxonomy":"product_brand","embeddable":true,"href":"https:\/\/ykmtest.com\/es\/wp-json\/wp\/v2\/product_brand?post=11405"},{"taxonomy":"product_cat","embeddable":true,"href":"https:\/\/ykmtest.com\/es\/wp-json\/wp\/v2\/product_cat?post=11405"},{"taxonomy":"product_tag","embeddable":true,"href":"https:\/\/ykmtest.com\/es\/wp-json\/wp\/v2\/product_tag?post=11405"}],"curies":[{"name":"wp","href":"https:\/\/api.w.org\/{rel}","templated":true}]}}