{"id":11435,"date":"2025-12-23T11:25:40","date_gmt":"2025-12-23T11:25:40","guid":{"rendered":"https:\/\/ykmtest.com\/?post_type=product&#038;p=11435"},"modified":"2025-12-23T11:25:41","modified_gmt":"2025-12-23T11:25:41","slug":"alkali-aggregate-reaction-bath","status":"publish","type":"product","link":"https:\/\/ykmtest.com\/es\/producto\/alkali-aggregate-reaction-bath\/","title":{"rendered":"Ba\u00f1o de reacci\u00f3n de agregados alcalinos"},"content":{"rendered":"<p class=\"p2\"><span lang=\"TR\">El ba\u00f1o de reacci\u00f3n alcalina permite supervisar el comportamiento de expansi\u00f3n mediante el curado de barras de mortero est\u00e1ndar en soluciones altamente alcalinas a una temperatura constante de aproximadamente 80 \u00b0C. Este m\u00e9todo es un procedimiento acelerado desarrollado para detectar en poco tiempo la reactividad potencialmente da\u00f1ina y medir las expansiones internas que afectan a la durabilidad a largo plazo. El cuerpo aislado de doble pared y el tanque interior de acero inoxidable proporcionan una larga vida \u00fatil; los accesorios resistentes a los productos qu\u00edmicos garantizan un funcionamiento seguro con soluciones alcalinas. Las muestras se colocan de manera uniforme dentro de la soluci\u00f3n utilizando bastidores de suspensi\u00f3n de acero inoxidable o cestas para muestras. Este dise\u00f1o garantiza un contacto uniforme de cada muestra con la soluci\u00f3n y resultados de prueba repetibles. Un temporizador digital y una pantalla de temperatura permiten el control automatizado de la duraci\u00f3n de la prueba; la temperatura del ba\u00f1o se mantiene a niveles constantes durante todo el per\u00edodo de prueba. El dispositivo mantiene una temperatura estable de aproximadamente 80 \u00b0C mediante un termostato PID controlado por microprocesador, y una bomba de recirculaci\u00f3n garantiza una distribuci\u00f3n uniforme de la temperatura en todo el ba\u00f1o. La pantalla digital indica claramente la temperatura de consigna y la temperatura actual. El corte por sobrecalentamiento, la protecci\u00f3n de nivel bajo y la entrada de alimentaci\u00f3n con fusible se incluyen como equipamiento de seguridad est\u00e1ndar. El tanque de gran capacidad permite alojar m\u00faltiples muestras de geometr\u00eda prism\u00e1tica o en barra en un solo ciclo utilizando bastidores\/soportes ajustables; los bastidores est\u00e1n fabricados con materiales que ofrecen estabilidad dimensional en entornos qu\u00edmicos. La v\u00e1lvula de drenaje inferior permite una descarga r\u00e1pida y una renovaci\u00f3n segura de la soluci\u00f3n; el indicador de nivel y la tapa de llenado de boca ancha facilitan las operaciones de mantenimiento. El cuerpo aislado aumenta la eficiencia energ\u00e9tica y reduce la temperatura de la superficie externa. Se puede a\u00f1adir un puerto de interfaz externo a la unidad de control para el registro de datos o el control por computadora.<\/span><\/p>","protected":false},"excerpt":{"rendered":"<p>El ba\u00f1o para reacci\u00f3n \u00e1lcali-agregado es un sistema de ba\u00f1o resistente a los productos qu\u00edmicos y con control digital de la temperatura que proporciona condiciones de temperatura constantes y uniformes para investigaciones sobre la reacci\u00f3n \u00e1lcali-agregado en muestras a base de cemento.<\/p>","protected":false},"featured_media":0,"template":"","meta":{"_acf_changed":false},"product_brand":[],"product_cat":[135,140],"product_tag":[],"class_list":{"0":"post-11435","1":"product","2":"type-product","3":"status-publish","5":"product_cat-aggregate","6":"product_cat-chemical-properties","9":"instock","10":"shipping-taxable","11":"product-type-simple"},"acf":[],"yoast_head":"<!-- This site is optimized with the Yoast SEO Premium plugin v26.5 (Yoast SEO v27.5) - https:\/\/yoast.com\/product\/yoast-seo-premium-wordpress\/ -->\n<title>Alkali Aggregate Reaction Bath - YKM TEST<\/title>\n<meta name=\"description\" content=\"Alkali Aggregate Reaction Bath provides uniform, digitally controlled high-temperature conditions for accelerated alkali\u2013aggregate reaction testing of cement specimens.\" \/>\n<meta name=\"robots\" content=\"index, follow, max-snippet:-1, max-image-preview:large, max-video-preview:-1\" \/>\n<link rel=\"canonical\" href=\"https:\/\/darkorchid-cheetah-525435.hostingersite.com\/product\/alkali-aggregate-reaction-bath\/\" \/>\n<meta property=\"og:locale\" content=\"es_ES\" \/>\n<meta property=\"og:type\" content=\"article\" \/>\n<meta property=\"og:title\" content=\"Alkali Aggregate Reaction Bath\" \/>\n<meta property=\"og:description\" content=\"Alkali Aggregate Reaction Bath provides uniform, digitally controlled high-temperature conditions for accelerated alkali\u2013aggregate reaction testing of cement specimens.\" \/>\n<meta property=\"og:url\" content=\"https:\/\/darkorchid-cheetah-525435.hostingersite.com\/product\/alkali-aggregate-reaction-bath\/\" \/>\n<meta property=\"og:site_name\" content=\"YKM TEST\" \/>\n<meta property=\"article:modified_time\" content=\"2025-12-23T11:25:41+00:00\" \/>\n<meta name=\"twitter:card\" content=\"summary_large_image\" \/>\n<meta name=\"twitter:label1\" content=\"Price\" \/>\n\t<meta name=\"twitter:data1\" content=\"\" \/>\n\t<meta name=\"twitter:label2\" content=\"Availability\" \/>\n\t<meta name=\"twitter:data2\" content=\"In stock\" \/>\n<script type=\"application\/ld+json\" class=\"yoast-schema-graph\">{\"@context\":\"https:\\\/\\\/schema.org\",\"@graph\":[{\"@type\":\"WebPage\",\"@id\":\"https:\\\/\\\/darkorchid-cheetah-525435.hostingersite.com\\\/product\\\/alkali-aggregate-reaction-bath\\\/\",\"url\":\"https:\\\/\\\/darkorchid-cheetah-525435.hostingersite.com\\\/product\\\/alkali-aggregate-reaction-bath\\\/\",\"name\":\"Alkali Aggregate Reaction Bath - YKM TEST\",\"isPartOf\":{\"@id\":\"https:\\\/\\\/darkorchid-cheetah-525435.hostingersite.com\\\/#website\"},\"datePublished\":\"2025-12-23T11:25:40+00:00\",\"dateModified\":\"2025-12-23T11:25:41+00:00\",\"description\":\"Alkali Aggregate Reaction Bath provides uniform, digitally controlled high-temperature conditions for accelerated alkali\u2013aggregate reaction testing of cement specimens.\",\"breadcrumb\":{\"@id\":\"https:\\\/\\\/darkorchid-cheetah-525435.hostingersite.com\\\/product\\\/alkali-aggregate-reaction-bath\\\/#breadcrumb\"},\"inLanguage\":\"es-AR\",\"potentialAction\":[{\"@type\":\"ReadAction\",\"target\":[\"https:\\\/\\\/darkorchid-cheetah-525435.hostingersite.com\\\/product\\\/alkali-aggregate-reaction-bath\\\/\"]}]},{\"@type\":\"BreadcrumbList\",\"@id\":\"https:\\\/\\\/darkorchid-cheetah-525435.hostingersite.com\\\/product\\\/alkali-aggregate-reaction-bath\\\/#breadcrumb\",\"itemListElement\":[{\"@type\":\"ListItem\",\"position\":1,\"name\":\"Home\",\"item\":\"https:\\\/\\\/darkorchid-cheetah-525435.hostingersite.com\\\/\"},{\"@type\":\"ListItem\",\"position\":2,\"name\":\"\u0422\u043e\u0432\u0430\u0440\u044b\",\"item\":\"https:\\\/\\\/ykmtest.com\\\/ru\\\/shop\\\/\"},{\"@type\":\"ListItem\",\"position\":3,\"name\":\"Alkali Aggregate Reaction Bath\"}]},{\"@type\":\"WebSite\",\"@id\":\"https:\\\/\\\/darkorchid-cheetah-525435.hostingersite.com\\\/#website\",\"url\":\"https:\\\/\\\/darkorchid-cheetah-525435.hostingersite.com\\\/\",\"name\":\"YKM TEST\",\"description\":\"\",\"publisher\":{\"@id\":\"https:\\\/\\\/darkorchid-cheetah-525435.hostingersite.com\\\/#organization\"},\"potentialAction\":[{\"@type\":\"SearchAction\",\"target\":{\"@type\":\"EntryPoint\",\"urlTemplate\":\"https:\\\/\\\/darkorchid-cheetah-525435.hostingersite.com\\\/?s={search_term_string}\"},\"query-input\":{\"@type\":\"PropertyValueSpecification\",\"valueRequired\":true,\"valueName\":\"search_term_string\"}}],\"inLanguage\":\"es-AR\"},{\"@type\":[\"Organization\",\"Place\"],\"@id\":\"https:\\\/\\\/darkorchid-cheetah-525435.hostingersite.com\\\/#organization\",\"name\":\"YKM TEST\",\"url\":\"https:\\\/\\\/darkorchid-cheetah-525435.hostingersite.com\\\/\",\"logo\":{\"@id\":\"https:\\\/\\\/darkorchid-cheetah-525435.hostingersite.com\\\/product\\\/alkali-aggregate-reaction-bath\\\/#local-main-organization-logo\"},\"image\":{\"@id\":\"https:\\\/\\\/darkorchid-cheetah-525435.hostingersite.com\\\/product\\\/alkali-aggregate-reaction-bath\\\/#local-main-organization-logo\"},\"telephone\":[],\"openingHoursSpecification\":[{\"@type\":\"OpeningHoursSpecification\",\"dayOfWeek\":[\"Monday\",\"Tuesday\",\"Wednesday\",\"Thursday\",\"Friday\",\"Saturday\",\"Sunday\"],\"opens\":\"09:00\",\"closes\":\"17:00\"}]},{\"@type\":\"ImageObject\",\"inLanguage\":\"es-AR\",\"@id\":\"https:\\\/\\\/darkorchid-cheetah-525435.hostingersite.com\\\/product\\\/alkali-aggregate-reaction-bath\\\/#local-main-organization-logo\",\"url\":\"https:\\\/\\\/ykmtest.com\\\/wp-content\\\/uploads\\\/2025\\\/10\\\/Asset-2@2x-8.png\",\"contentUrl\":\"https:\\\/\\\/ykmtest.com\\\/wp-content\\\/uploads\\\/2025\\\/10\\\/Asset-2@2x-8.png\",\"width\":1550,\"height\":323,\"caption\":\"YKM TEST\"}]}<\/script>\n<meta property=\"product:price:currency\" content=\"USD\" \/>\n<meta property=\"og:availability\" content=\"instock\" \/>\n<meta property=\"product:availability\" content=\"instock\" \/>\n<meta property=\"product:condition\" content=\"new\" \/>\n<!-- \/ Yoast SEO Premium plugin. -->","yoast_head_json":{"title":"Alkali Aggregate Reaction Bath - YKM TEST","description":"Alkali Aggregate Reaction Bath provides uniform, digitally controlled high-temperature conditions for accelerated alkali\u2013aggregate reaction testing of cement specimens.","robots":{"index":"index","follow":"follow","max-snippet":"max-snippet:-1","max-image-preview":"max-image-preview:large","max-video-preview":"max-video-preview:-1"},"canonical":"https:\/\/darkorchid-cheetah-525435.hostingersite.com\/product\/alkali-aggregate-reaction-bath\/","og_locale":"es_ES","og_type":"article","og_title":"Alkali Aggregate Reaction Bath","og_description":"Alkali Aggregate Reaction Bath provides uniform, digitally controlled high-temperature conditions for accelerated alkali\u2013aggregate reaction testing of cement specimens.","og_url":"https:\/\/darkorchid-cheetah-525435.hostingersite.com\/product\/alkali-aggregate-reaction-bath\/","og_site_name":"YKM TEST","article_modified_time":"2025-12-23T11:25:41+00:00","twitter_card":"summary_large_image","twitter_misc":{"Price":"","Availability":"In stock"},"schema":{"@context":"https:\/\/schema.org","@graph":[{"@type":"WebPage","@id":"https:\/\/darkorchid-cheetah-525435.hostingersite.com\/product\/alkali-aggregate-reaction-bath\/","url":"https:\/\/darkorchid-cheetah-525435.hostingersite.com\/product\/alkali-aggregate-reaction-bath\/","name":"Alkali Aggregate Reaction Bath - YKM TEST","isPartOf":{"@id":"https:\/\/darkorchid-cheetah-525435.hostingersite.com\/#website"},"datePublished":"2025-12-23T11:25:40+00:00","dateModified":"2025-12-23T11:25:41+00:00","description":"Alkali Aggregate Reaction Bath provides uniform, digitally controlled high-temperature conditions for accelerated alkali\u2013aggregate reaction testing of cement specimens.","breadcrumb":{"@id":"https:\/\/darkorchid-cheetah-525435.hostingersite.com\/product\/alkali-aggregate-reaction-bath\/#breadcrumb"},"inLanguage":"es-AR","potentialAction":[{"@type":"ReadAction","target":["https:\/\/darkorchid-cheetah-525435.hostingersite.com\/product\/alkali-aggregate-reaction-bath\/"]}]},{"@type":"BreadcrumbList","@id":"https:\/\/darkorchid-cheetah-525435.hostingersite.com\/product\/alkali-aggregate-reaction-bath\/#breadcrumb","itemListElement":[{"@type":"ListItem","position":1,"name":"Home","item":"https:\/\/darkorchid-cheetah-525435.hostingersite.com\/"},{"@type":"ListItem","position":2,"name":"\u0422\u043e\u0432\u0430\u0440\u044b","item":"https:\/\/ykmtest.com\/ru\/shop\/"},{"@type":"ListItem","position":3,"name":"Alkali Aggregate Reaction Bath"}]},{"@type":"WebSite","@id":"https:\/\/darkorchid-cheetah-525435.hostingersite.com\/#website","url":"https:\/\/darkorchid-cheetah-525435.hostingersite.com\/","name":"PRUEBA YKM","description":"","publisher":{"@id":"https:\/\/darkorchid-cheetah-525435.hostingersite.com\/#organization"},"potentialAction":[{"@type":"SearchAction","target":{"@type":"EntryPoint","urlTemplate":"https:\/\/darkorchid-cheetah-525435.hostingersite.com\/?s={search_term_string}"},"query-input":{"@type":"PropertyValueSpecification","valueRequired":true,"valueName":"search_term_string"}}],"inLanguage":"es-AR"},{"@type":["Organization","Place"],"@id":"https:\/\/darkorchid-cheetah-525435.hostingersite.com\/#organization","name":"PRUEBA YKM","url":"https:\/\/darkorchid-cheetah-525435.hostingersite.com\/","logo":{"@id":"https:\/\/darkorchid-cheetah-525435.hostingersite.com\/product\/alkali-aggregate-reaction-bath\/#local-main-organization-logo"},"image":{"@id":"https:\/\/darkorchid-cheetah-525435.hostingersite.com\/product\/alkali-aggregate-reaction-bath\/#local-main-organization-logo"},"telephone":[],"openingHoursSpecification":[{"@type":"OpeningHoursSpecification","dayOfWeek":["Monday","Tuesday","Wednesday","Thursday","Friday","Saturday","Sunday"],"opens":"09:00","closes":"17:00"}]},{"@type":"ImageObject","inLanguage":"es-AR","@id":"https:\/\/darkorchid-cheetah-525435.hostingersite.com\/product\/alkali-aggregate-reaction-bath\/#local-main-organization-logo","url":"https:\/\/ykmtest.com\/wp-content\/uploads\/2025\/10\/Asset-2@2x-8.png","contentUrl":"https:\/\/ykmtest.com\/wp-content\/uploads\/2025\/10\/Asset-2@2x-8.png","width":1550,"height":323,"caption":"YKM TEST"}]},"product_price_currency":"USD","og_availability":"instock","product_availability":"instock","product_condition":"new"},"_links":{"self":[{"href":"https:\/\/ykmtest.com\/es\/wp-json\/wp\/v2\/product\/11435","targetHints":{"allow":["GET"]}}],"collection":[{"href":"https:\/\/ykmtest.com\/es\/wp-json\/wp\/v2\/product"}],"about":[{"href":"https:\/\/ykmtest.com\/es\/wp-json\/wp\/v2\/types\/product"}],"version-history":[{"count":1,"href":"https:\/\/ykmtest.com\/es\/wp-json\/wp\/v2\/product\/11435\/revisions"}],"predecessor-version":[{"id":11436,"href":"https:\/\/ykmtest.com\/es\/wp-json\/wp\/v2\/product\/11435\/revisions\/11436"}],"wp:attachment":[{"href":"https:\/\/ykmtest.com\/es\/wp-json\/wp\/v2\/media?parent=11435"}],"wp:term":[{"taxonomy":"product_brand","embeddable":true,"href":"https:\/\/ykmtest.com\/es\/wp-json\/wp\/v2\/product_brand?post=11435"},{"taxonomy":"product_cat","embeddable":true,"href":"https:\/\/ykmtest.com\/es\/wp-json\/wp\/v2\/product_cat?post=11435"},{"taxonomy":"product_tag","embeddable":true,"href":"https:\/\/ykmtest.com\/es\/wp-json\/wp\/v2\/product_tag?post=11435"}],"curies":[{"name":"wp","href":"https:\/\/api.w.org\/{rel}","templated":true}]}}