{"id":11442,"date":"2025-12-23T12:28:10","date_gmt":"2025-12-23T12:28:10","guid":{"rendered":"https:\/\/ykmtest.com\/?post_type=product&#038;p=11442"},"modified":"2025-12-23T12:28:11","modified_gmt":"2025-12-23T12:28:11","slug":"pression-pro-astm-aashto-automatic-compression-testing-machines-for-cylinders","status":"publish","type":"product","link":"https:\/\/ykmtest.com\/es\/producto\/pression-pro-astm-aashto-automatic-compression-testing-machines-for-cylinders\/","title":{"rendered":"Pression Pro ASTM y AASHTO: m\u00e1quinas autom\u00e1ticas de ensayo de compresi\u00f3n para cilindros"},"content":{"rendered":"<p data-start=\"732\" data-end=\"1169\">Las m\u00e1quinas de ensayo de compresi\u00f3n autom\u00e1ticas Presion Pro son sistemas de laboratorio avanzados desarrollados para determinar de forma precisa y repetible la resistencia a la compresi\u00f3n de cilindros de hormig\u00f3n, muestras de mortero, piedra natural y otros materiales de construcci\u00f3n. Con aplicaci\u00f3n de carga, medici\u00f3n, registro de datos y generaci\u00f3n de informes totalmente autom\u00e1ticos, el sistema elimina la influencia del operador y garantiza resultados de ensayo trazables y conformes con las normas.<\/p>\n<p data-start=\"1171\" data-end=\"1797\">El cuerpo de la m\u00e1quina est\u00e1 construido como una estructura soldada monobloque a partir de placas de acero de alta resistencia cortadas con CNC, lo que proporciona una rigidez excepcional y una distribuci\u00f3n uniforme de la tensi\u00f3n bajo carga. Este dise\u00f1o minimiza las desviaciones axiales durante las pruebas y garantiza la estabilidad dimensional a largo plazo. Se utilizan placas de carga de acero rectificado y endurecido; la placa superior est\u00e1 asentada esf\u00e9ricamente para garantizar una distribuci\u00f3n uniforme de la carga, mientras que la placa inferior permite una f\u00e1cil alineaci\u00f3n de las muestras mediante anillos de centrado. El pist\u00f3n y el cilindro hidr\u00e1ulicos est\u00e1n mecanizados con precisi\u00f3n con tolerancias de micras y equipados con elementos de sellado resistentes a altas presiones.<\/p>\n<p data-start=\"1799\" data-end=\"2129\">La unidad de potencia hidr\u00e1ulica genera presi\u00f3n mediante un sistema de bomba de bajo ruido. El flujo de aceite se regula mediante una v\u00e1lvula proporcional para mantener una velocidad de carga constante y precisa durante toda la prueba, en total conformidad con los requisitos de las normas ASTM C39 y AASHTO T 22. El sistema est\u00e1 dise\u00f1ado para un bajo mantenimiento y un funcionamiento continuo en laboratorio.<\/p>\n<p data-start=\"2131\" data-end=\"2617\">La medici\u00f3n de la carga se realiza mediante un transductor de presi\u00f3n electr\u00f3nico de alta precisi\u00f3n con una exactitud de \u00b10,25%, compensado electr\u00f3nicamente para las variaciones de temperatura. El sistema de medici\u00f3n incluye una funci\u00f3n de calibraci\u00f3n de 10 puntos, lo que permite curvas de calibraci\u00f3n independientes para diferentes rangos de carga y garantiza la misma precisi\u00f3n en capacidades bajas y altas. Los procedimientos de calibraci\u00f3n se pueden realizar directamente a trav\u00e9s del panel de control. La integraci\u00f3n opcional de la c\u00e9lula de carga permite la capacidad de medici\u00f3n dual.<\/p>\n<p data-start=\"2619\" data-end=\"3234\">El sistema de control con panel t\u00e1ctil SenseProC gestiona autom\u00e1ticamente todo el ciclo de prueba, incluyendo el control de carga, la detecci\u00f3n de fallos, la adquisici\u00f3n de datos y el c\u00e1lculo de resultados. La pantalla t\u00e1ctil en color de 7 pulgadas con IPS de alto contraste ofrece una interfaz de usuario intuitiva para seleccionar el tipo de muestra, las dimensiones, la velocidad de carga y los par\u00e1metros de prueba. Los gr\u00e1ficos de carga-tiempo se muestran en tiempo real y los resultados de las pruebas se almacenan autom\u00e1ticamente con la fecha, la identificaci\u00f3n de la muestra, el nombre del operador y la informaci\u00f3n del laboratorio. La memoria interna almacena m\u00e1s de 2000 registros de ensayo, y los datos se pueden exportar a trav\u00e9s de USB, Ethernet o una impresora opcional.<\/p>\n<p data-start=\"3236\" data-end=\"3697\">El software SenseProCom integrado permite el control remoto completo, la supervisi\u00f3n, el an\u00e1lisis y la generaci\u00f3n de informes a trav\u00e9s de una computadora. Los datos de carga, tiempo y presi\u00f3n en tiempo real se muestran gr\u00e1ficamente, con opciones para el an\u00e1lisis de tensi\u00f3n-deformaci\u00f3n utilizando sensores opcionales como LVDT y medidores de deformaci\u00f3n. Las curvas de prueba se pueden comparar, superponer y exportar en formatos PDF, Excel o CSV. El historial de calibraci\u00f3n se archiva digitalmente, lo que garantiza la trazabilidad completa para los laboratorios acreditados.<\/p>\n<p data-start=\"3699\" data-end=\"3987\">Las caracter\u00edsticas de seguridad incluyen protecci\u00f3n autom\u00e1tica contra sobrecargas, alarma de nivel de aceite, sistema de parada de emergencia, carcasa de seguridad de policarbonato con enclavamiento de puerta y retorno autom\u00e1tico del pist\u00f3n tras la rotura de la muestra. Las patas antivibratorias y la distribuci\u00f3n equilibrada del peso mejoran la estabilidad durante el funcionamiento.<\/p>\n<p data-start=\"3989\" data-end=\"4413\">Las m\u00e1quinas de ensayo de compresi\u00f3n autom\u00e1ticas Presion Pro ASTM y AASHTO est\u00e1n disponibles en capacidades de 2000 kN y 3000 kN, adecuadas para tama\u00f1os de cilindros de hormig\u00f3n est\u00e1ndar, como 100\u00d7200 mm y 150\u00d7300 mm. Las m\u00e1quinas ofrecen un amplio espacio de trabajo, un centrado r\u00e1pido de las muestras y superficies de platina lisas para un flujo de trabajo de ensayo eficiente, lo que las hace ideales para el control de calidad profesional, la investigaci\u00f3n y los laboratorios de ensayo acreditados.<\/p>","protected":false},"excerpt":{"rendered":"<p>Las m\u00e1quinas de ensayo de compresi\u00f3n autom\u00e1ticas Presion Pro son sistemas totalmente autom\u00e1ticos y de alta precisi\u00f3n dise\u00f1ados para determinar con exactitud la resistencia a la compresi\u00f3n del concreto, el mortero, la piedra y los materiales de construcci\u00f3n, de conformidad con las normas ASTM y AASHTO.<\/p>","protected":false},"featured_media":0,"template":"","meta":{"_acf_changed":false},"product_brand":[],"product_cat":[142,143],"product_tag":[],"class_list":{"0":"post-11442","1":"product","2":"type-product","3":"status-publish","5":"product_cat-concrete","6":"product_cat-concrete-compression-machines","9":"instock","10":"shipping-taxable","11":"product-type-simple"},"acf":[],"yoast_head":"<!-- This site is optimized with the Yoast SEO Premium plugin v26.5 (Yoast SEO v27.5) - https:\/\/yoast.com\/product\/yoast-seo-premium-wordpress\/ -->\n<title>Pression Pro ASTM &amp; AASHTO \u2013 Automatic Compression Testing Machines for Cylinders - YKM TEST<\/title>\n<meta name=\"description\" content=\"Pression Pro Automatic Compression Testing Machines deliver fully automatic, high-accuracy compressive strength testing for concrete and construction materials.\" \/>\n<meta name=\"robots\" content=\"index, follow, max-snippet:-1, max-image-preview:large, max-video-preview:-1\" \/>\n<link rel=\"canonical\" href=\"https:\/\/darkorchid-cheetah-525435.hostingersite.com\/product\/pression-pro-astm-aashto-automatic-compression-testing-machines-for-cylinders\/\" \/>\n<meta property=\"og:locale\" content=\"es_ES\" \/>\n<meta property=\"og:type\" content=\"article\" \/>\n<meta property=\"og:title\" content=\"Pression Pro ASTM &amp; AASHTO \u2013 Automatic Compression Testing Machines for Cylinders\" \/>\n<meta property=\"og:description\" content=\"Pression Pro Automatic Compression Testing Machines deliver fully automatic, high-accuracy compressive strength testing for concrete and construction materials.\" \/>\n<meta property=\"og:url\" content=\"https:\/\/darkorchid-cheetah-525435.hostingersite.com\/product\/pression-pro-astm-aashto-automatic-compression-testing-machines-for-cylinders\/\" \/>\n<meta property=\"og:site_name\" content=\"YKM TEST\" \/>\n<meta property=\"article:modified_time\" content=\"2025-12-23T12:28:11+00:00\" \/>\n<meta name=\"twitter:card\" content=\"summary_large_image\" \/>\n<meta name=\"twitter:label1\" content=\"Price\" \/>\n\t<meta name=\"twitter:data1\" content=\"\" \/>\n\t<meta name=\"twitter:label2\" content=\"Availability\" \/>\n\t<meta name=\"twitter:data2\" content=\"In stock\" \/>\n<script type=\"application\/ld+json\" class=\"yoast-schema-graph\">{\"@context\":\"https:\\\/\\\/schema.org\",\"@graph\":[{\"@type\":\"WebPage\",\"@id\":\"https:\\\/\\\/darkorchid-cheetah-525435.hostingersite.com\\\/product\\\/pression-pro-astm-aashto-automatic-compression-testing-machines-for-cylinders\\\/\",\"url\":\"https:\\\/\\\/darkorchid-cheetah-525435.hostingersite.com\\\/product\\\/pression-pro-astm-aashto-automatic-compression-testing-machines-for-cylinders\\\/\",\"name\":\"Pression Pro ASTM & AASHTO \u2013 Automatic Compression Testing Machines for Cylinders - YKM TEST\",\"isPartOf\":{\"@id\":\"https:\\\/\\\/darkorchid-cheetah-525435.hostingersite.com\\\/#website\"},\"datePublished\":\"2025-12-23T12:28:10+00:00\",\"dateModified\":\"2025-12-23T12:28:11+00:00\",\"description\":\"Pression Pro Automatic Compression Testing Machines deliver fully automatic, high-accuracy compressive strength testing for concrete and construction materials.\",\"breadcrumb\":{\"@id\":\"https:\\\/\\\/darkorchid-cheetah-525435.hostingersite.com\\\/product\\\/pression-pro-astm-aashto-automatic-compression-testing-machines-for-cylinders\\\/#breadcrumb\"},\"inLanguage\":\"es-AR\",\"potentialAction\":[{\"@type\":\"ReadAction\",\"target\":[\"https:\\\/\\\/darkorchid-cheetah-525435.hostingersite.com\\\/product\\\/pression-pro-astm-aashto-automatic-compression-testing-machines-for-cylinders\\\/\"]}]},{\"@type\":\"BreadcrumbList\",\"@id\":\"https:\\\/\\\/darkorchid-cheetah-525435.hostingersite.com\\\/product\\\/pression-pro-astm-aashto-automatic-compression-testing-machines-for-cylinders\\\/#breadcrumb\",\"itemListElement\":[{\"@type\":\"ListItem\",\"position\":1,\"name\":\"Home\",\"item\":\"https:\\\/\\\/darkorchid-cheetah-525435.hostingersite.com\\\/\"},{\"@type\":\"ListItem\",\"position\":2,\"name\":\"\u0422\u043e\u0432\u0430\u0440\u044b\",\"item\":\"https:\\\/\\\/ykmtest.com\\\/ru\\\/shop\\\/\"},{\"@type\":\"ListItem\",\"position\":3,\"name\":\"Pression Pro ASTM &#038; AASHTO \u2013 Automatic Compression Testing Machines for Cylinders\"}]},{\"@type\":\"WebSite\",\"@id\":\"https:\\\/\\\/darkorchid-cheetah-525435.hostingersite.com\\\/#website\",\"url\":\"https:\\\/\\\/darkorchid-cheetah-525435.hostingersite.com\\\/\",\"name\":\"YKM TEST\",\"description\":\"\",\"publisher\":{\"@id\":\"https:\\\/\\\/darkorchid-cheetah-525435.hostingersite.com\\\/#organization\"},\"potentialAction\":[{\"@type\":\"SearchAction\",\"target\":{\"@type\":\"EntryPoint\",\"urlTemplate\":\"https:\\\/\\\/darkorchid-cheetah-525435.hostingersite.com\\\/?s={search_term_string}\"},\"query-input\":{\"@type\":\"PropertyValueSpecification\",\"valueRequired\":true,\"valueName\":\"search_term_string\"}}],\"inLanguage\":\"es-AR\"},{\"@type\":[\"Organization\",\"Place\"],\"@id\":\"https:\\\/\\\/darkorchid-cheetah-525435.hostingersite.com\\\/#organization\",\"name\":\"YKM TEST\",\"url\":\"https:\\\/\\\/darkorchid-cheetah-525435.hostingersite.com\\\/\",\"logo\":{\"@id\":\"https:\\\/\\\/darkorchid-cheetah-525435.hostingersite.com\\\/product\\\/pression-pro-astm-aashto-automatic-compression-testing-machines-for-cylinders\\\/#local-main-organization-logo\"},\"image\":{\"@id\":\"https:\\\/\\\/darkorchid-cheetah-525435.hostingersite.com\\\/product\\\/pression-pro-astm-aashto-automatic-compression-testing-machines-for-cylinders\\\/#local-main-organization-logo\"},\"telephone\":[],\"openingHoursSpecification\":[{\"@type\":\"OpeningHoursSpecification\",\"dayOfWeek\":[\"Monday\",\"Tuesday\",\"Wednesday\",\"Thursday\",\"Friday\",\"Saturday\",\"Sunday\"],\"opens\":\"09:00\",\"closes\":\"17:00\"}]},{\"@type\":\"ImageObject\",\"inLanguage\":\"es-AR\",\"@id\":\"https:\\\/\\\/darkorchid-cheetah-525435.hostingersite.com\\\/product\\\/pression-pro-astm-aashto-automatic-compression-testing-machines-for-cylinders\\\/#local-main-organization-logo\",\"url\":\"https:\\\/\\\/ykmtest.com\\\/wp-content\\\/uploads\\\/2025\\\/10\\\/Asset-2@2x-8.png\",\"contentUrl\":\"https:\\\/\\\/ykmtest.com\\\/wp-content\\\/uploads\\\/2025\\\/10\\\/Asset-2@2x-8.png\",\"width\":1550,\"height\":323,\"caption\":\"YKM TEST\"}]}<\/script>\n<meta property=\"product:price:currency\" content=\"USD\" \/>\n<meta property=\"og:availability\" content=\"instock\" \/>\n<meta property=\"product:availability\" content=\"instock\" \/>\n<meta property=\"product:condition\" content=\"new\" \/>\n<!-- \/ Yoast SEO Premium plugin. -->","yoast_head_json":{"title":"Pression Pro ASTM & AASHTO \u2013 Automatic Compression Testing Machines for Cylinders - YKM TEST","description":"Pression Pro Automatic Compression Testing Machines deliver fully automatic, high-accuracy compressive strength testing for concrete and construction materials.","robots":{"index":"index","follow":"follow","max-snippet":"max-snippet:-1","max-image-preview":"max-image-preview:large","max-video-preview":"max-video-preview:-1"},"canonical":"https:\/\/darkorchid-cheetah-525435.hostingersite.com\/product\/pression-pro-astm-aashto-automatic-compression-testing-machines-for-cylinders\/","og_locale":"es_ES","og_type":"article","og_title":"Pression Pro ASTM & AASHTO \u2013 Automatic Compression Testing Machines for Cylinders","og_description":"Pression Pro Automatic Compression Testing Machines deliver fully automatic, high-accuracy compressive strength testing for concrete and construction materials.","og_url":"https:\/\/darkorchid-cheetah-525435.hostingersite.com\/product\/pression-pro-astm-aashto-automatic-compression-testing-machines-for-cylinders\/","og_site_name":"YKM TEST","article_modified_time":"2025-12-23T12:28:11+00:00","twitter_card":"summary_large_image","twitter_misc":{"Price":"","Availability":"In stock"},"schema":{"@context":"https:\/\/schema.org","@graph":[{"@type":"WebPage","@id":"https:\/\/darkorchid-cheetah-525435.hostingersite.com\/product\/pression-pro-astm-aashto-automatic-compression-testing-machines-for-cylinders\/","url":"https:\/\/darkorchid-cheetah-525435.hostingersite.com\/product\/pression-pro-astm-aashto-automatic-compression-testing-machines-for-cylinders\/","name":"Pression Pro ASTM & AASHTO \u2013 Automatic Compression Testing Machines for Cylinders - YKM TEST","isPartOf":{"@id":"https:\/\/darkorchid-cheetah-525435.hostingersite.com\/#website"},"datePublished":"2025-12-23T12:28:10+00:00","dateModified":"2025-12-23T12:28:11+00:00","description":"Pression Pro Automatic Compression Testing Machines deliver fully automatic, high-accuracy compressive strength testing for concrete and construction materials.","breadcrumb":{"@id":"https:\/\/darkorchid-cheetah-525435.hostingersite.com\/product\/pression-pro-astm-aashto-automatic-compression-testing-machines-for-cylinders\/#breadcrumb"},"inLanguage":"es-AR","potentialAction":[{"@type":"ReadAction","target":["https:\/\/darkorchid-cheetah-525435.hostingersite.com\/product\/pression-pro-astm-aashto-automatic-compression-testing-machines-for-cylinders\/"]}]},{"@type":"BreadcrumbList","@id":"https:\/\/darkorchid-cheetah-525435.hostingersite.com\/product\/pression-pro-astm-aashto-automatic-compression-testing-machines-for-cylinders\/#breadcrumb","itemListElement":[{"@type":"ListItem","position":1,"name":"Home","item":"https:\/\/darkorchid-cheetah-525435.hostingersite.com\/"},{"@type":"ListItem","position":2,"name":"\u0422\u043e\u0432\u0430\u0440\u044b","item":"https:\/\/ykmtest.com\/ru\/shop\/"},{"@type":"ListItem","position":3,"name":"Pression Pro ASTM &#038; AASHTO \u2013 Automatic Compression Testing Machines for Cylinders"}]},{"@type":"WebSite","@id":"https:\/\/darkorchid-cheetah-525435.hostingersite.com\/#website","url":"https:\/\/darkorchid-cheetah-525435.hostingersite.com\/","name":"PRUEBA YKM","description":"","publisher":{"@id":"https:\/\/darkorchid-cheetah-525435.hostingersite.com\/#organization"},"potentialAction":[{"@type":"SearchAction","target":{"@type":"EntryPoint","urlTemplate":"https:\/\/darkorchid-cheetah-525435.hostingersite.com\/?s={search_term_string}"},"query-input":{"@type":"PropertyValueSpecification","valueRequired":true,"valueName":"search_term_string"}}],"inLanguage":"es-AR"},{"@type":["Organization","Place"],"@id":"https:\/\/darkorchid-cheetah-525435.hostingersite.com\/#organization","name":"PRUEBA YKM","url":"https:\/\/darkorchid-cheetah-525435.hostingersite.com\/","logo":{"@id":"https:\/\/darkorchid-cheetah-525435.hostingersite.com\/product\/pression-pro-astm-aashto-automatic-compression-testing-machines-for-cylinders\/#local-main-organization-logo"},"image":{"@id":"https:\/\/darkorchid-cheetah-525435.hostingersite.com\/product\/pression-pro-astm-aashto-automatic-compression-testing-machines-for-cylinders\/#local-main-organization-logo"},"telephone":[],"openingHoursSpecification":[{"@type":"OpeningHoursSpecification","dayOfWeek":["Monday","Tuesday","Wednesday","Thursday","Friday","Saturday","Sunday"],"opens":"09:00","closes":"17:00"}]},{"@type":"ImageObject","inLanguage":"es-AR","@id":"https:\/\/darkorchid-cheetah-525435.hostingersite.com\/product\/pression-pro-astm-aashto-automatic-compression-testing-machines-for-cylinders\/#local-main-organization-logo","url":"https:\/\/ykmtest.com\/wp-content\/uploads\/2025\/10\/Asset-2@2x-8.png","contentUrl":"https:\/\/ykmtest.com\/wp-content\/uploads\/2025\/10\/Asset-2@2x-8.png","width":1550,"height":323,"caption":"YKM TEST"}]},"product_price_currency":"USD","og_availability":"instock","product_availability":"instock","product_condition":"new"},"_links":{"self":[{"href":"https:\/\/ykmtest.com\/es\/wp-json\/wp\/v2\/product\/11442","targetHints":{"allow":["GET"]}}],"collection":[{"href":"https:\/\/ykmtest.com\/es\/wp-json\/wp\/v2\/product"}],"about":[{"href":"https:\/\/ykmtest.com\/es\/wp-json\/wp\/v2\/types\/product"}],"version-history":[{"count":1,"href":"https:\/\/ykmtest.com\/es\/wp-json\/wp\/v2\/product\/11442\/revisions"}],"predecessor-version":[{"id":11443,"href":"https:\/\/ykmtest.com\/es\/wp-json\/wp\/v2\/product\/11442\/revisions\/11443"}],"wp:attachment":[{"href":"https:\/\/ykmtest.com\/es\/wp-json\/wp\/v2\/media?parent=11442"}],"wp:term":[{"taxonomy":"product_brand","embeddable":true,"href":"https:\/\/ykmtest.com\/es\/wp-json\/wp\/v2\/product_brand?post=11442"},{"taxonomy":"product_cat","embeddable":true,"href":"https:\/\/ykmtest.com\/es\/wp-json\/wp\/v2\/product_cat?post=11442"},{"taxonomy":"product_tag","embeddable":true,"href":"https:\/\/ykmtest.com\/es\/wp-json\/wp\/v2\/product_tag?post=11442"}],"curies":[{"name":"wp","href":"https:\/\/api.w.org\/{rel}","templated":true}]}}