{"id":11459,"date":"2025-12-24T08:15:29","date_gmt":"2025-12-24T08:15:29","guid":{"rendered":"https:\/\/ykmtest.com\/?post_type=product&#038;p=11459"},"modified":"2025-12-24T08:15:30","modified_gmt":"2025-12-24T08:15:30","slug":"compressometer-extensometer","status":"publish","type":"product","link":"https:\/\/ykmtest.com\/es\/producto\/compressometer-extensometer\/","title":{"rendered":"Compres\u00f3metro-extens\u00f3metro"},"content":{"rendered":"<p data-start=\"561\" data-end=\"962\">El compres\u00f3metro-extens\u00f3metro es un conjunto de medici\u00f3n de alta precisi\u00f3n dise\u00f1ado para monitorizar la deformaci\u00f3n longitudinal y lateral en muestras cil\u00edndricas de hormig\u00f3n con el fin de determinar el m\u00f3dulo de elasticidad y el coeficiente de Poisson. Desarrollado para laboratorios profesionales de ensayo de materiales, el sistema garantiza mediciones repetibles y precisas de la deformaci\u00f3n axial cuando se utiliza con bastidores de ensayo de compresi\u00f3n autom\u00e1ticos.<\/p>\n<p data-start=\"964\" data-end=\"1329\">Los bastidores r\u00edgidos pero ligeros se colocan conc\u00e9ntricamente alrededor de la muestra a trav\u00e9s de puntos de contacto de precisi\u00f3n. Este dise\u00f1o mantiene la fidelidad axial, evita el deslizamiento durante la carga y garantiza un posicionamiento estable durante toda la prueba. La arquitectura destaca por su r\u00e1pida configuraci\u00f3n y su funcionamiento seguro, lo que permite una integraci\u00f3n eficiente en los flujos de trabajo rutinarios de las pruebas de compresi\u00f3n.<\/p>\n<p data-start=\"1331\" data-end=\"1888\">El bastidor est\u00e1ndar del compres\u00f3metro incorpora una disposici\u00f3n de sensores de doble desplazamiento colocados sim\u00e9tricamente en lados opuestos de la muestra. Un puente de promediado compensa las excentricidades menores o los efectos de pandeo, lo que permite una medici\u00f3n precisa de la deformaci\u00f3n axial real. Para la medici\u00f3n de la deformaci\u00f3n lateral, el extens\u00f3metro circunferencial aplica una presi\u00f3n constante y uniforme alrededor de la muestra mediante un mecanismo de precarga por resorte. Esta configuraci\u00f3n garantiza una medici\u00f3n fiable de la deformaci\u00f3n transversal y permite el c\u00e1lculo directo del coeficiente de Poisson.<\/p>\n<p data-start=\"1890\" data-end=\"2282\">El sistema es totalmente compatible con los tama\u00f1os habituales de cilindros de hormig\u00f3n, incluidas las muestras de 100 \u00d7 200 mm y 150 \u00d7 300 mm. Las mediciones se pueden realizar utilizando transductores lineales de alta resoluci\u00f3n o medidores de precisi\u00f3n, seg\u00fan las preferencias del laboratorio. El dispositivo se conecta directamente con sistemas de adquisici\u00f3n de datos, registradores de sobremesa y software de pruebas a trav\u00e9s de salidas de se\u00f1al anal\u00f3gicas o digitales.<\/p>\n<p data-start=\"2284\" data-end=\"2658\">El compres\u00f3metro-extens\u00f3metro funciona de conformidad con los requisitos geom\u00e9tricos y de velocidad de carga de la norma ASTM C469, lo que garantiza que los valores del m\u00f3dulo de elasticidad y del coeficiente de Poisson se calculen con precisi\u00f3n dentro de la regi\u00f3n estable, previa a la falla, de la curva tensi\u00f3n-deformaci\u00f3n. Se ofrece una caja de madera opcional para su transporte y almacenamiento, que garantiza su seguridad y protecci\u00f3n cuando no se utiliza.<\/p>","protected":false},"excerpt":{"rendered":"<p>El compres\u00f3metro-extens\u00f3metro es un sistema de medici\u00f3n de deformaci\u00f3n de precisi\u00f3n para determinar el m\u00f3dulo de elasticidad y el coeficiente de Poisson de muestras cil\u00edndricas de hormig\u00f3n, de conformidad con las normas ASTM.<\/p>","protected":false},"featured_media":0,"template":"","meta":{"_acf_changed":false},"product_brand":[],"product_cat":[142,143],"product_tag":[],"class_list":{"0":"post-11459","1":"product","2":"type-product","3":"status-publish","5":"product_cat-concrete","6":"product_cat-concrete-compression-machines","9":"instock","10":"shipping-taxable","11":"product-type-simple"},"acf":[],"yoast_head":"<!-- This site is optimized with the Yoast SEO Premium plugin v26.5 (Yoast SEO v27.5) - https:\/\/yoast.com\/product\/yoast-seo-premium-wordpress\/ -->\n<title>Compressometer-Extensometer - YKM TEST<\/title>\n<meta name=\"description\" content=\"Compressometer-Extensometer measures axial and lateral strain to determine modulus of elasticity and Poisson\u2019s ratio of concrete cylinders.\" \/>\n<meta name=\"robots\" content=\"index, follow, max-snippet:-1, max-image-preview:large, max-video-preview:-1\" \/>\n<link rel=\"canonical\" href=\"https:\/\/darkorchid-cheetah-525435.hostingersite.com\/product\/compressometer-extensometer\/\" \/>\n<meta property=\"og:locale\" content=\"es_ES\" \/>\n<meta property=\"og:type\" content=\"article\" \/>\n<meta property=\"og:title\" content=\"Compressometer-Extensometer\" \/>\n<meta property=\"og:description\" content=\"Compressometer-Extensometer measures axial and lateral strain to determine modulus of elasticity and Poisson\u2019s ratio of concrete cylinders.\" \/>\n<meta property=\"og:url\" content=\"https:\/\/darkorchid-cheetah-525435.hostingersite.com\/product\/compressometer-extensometer\/\" \/>\n<meta property=\"og:site_name\" content=\"YKM TEST\" \/>\n<meta property=\"article:modified_time\" content=\"2025-12-24T08:15:30+00:00\" \/>\n<meta name=\"twitter:card\" content=\"summary_large_image\" \/>\n<meta name=\"twitter:label1\" content=\"Price\" \/>\n\t<meta name=\"twitter:data1\" content=\"\" \/>\n\t<meta name=\"twitter:label2\" content=\"Availability\" \/>\n\t<meta name=\"twitter:data2\" content=\"In stock\" \/>\n<script type=\"application\/ld+json\" class=\"yoast-schema-graph\">{\"@context\":\"https:\\\/\\\/schema.org\",\"@graph\":[{\"@type\":\"WebPage\",\"@id\":\"https:\\\/\\\/darkorchid-cheetah-525435.hostingersite.com\\\/product\\\/compressometer-extensometer\\\/\",\"url\":\"https:\\\/\\\/darkorchid-cheetah-525435.hostingersite.com\\\/product\\\/compressometer-extensometer\\\/\",\"name\":\"Compressometer-Extensometer - YKM TEST\",\"isPartOf\":{\"@id\":\"https:\\\/\\\/darkorchid-cheetah-525435.hostingersite.com\\\/#website\"},\"datePublished\":\"2025-12-24T08:15:29+00:00\",\"dateModified\":\"2025-12-24T08:15:30+00:00\",\"description\":\"Compressometer-Extensometer measures axial and lateral strain to determine modulus of elasticity and Poisson\u2019s ratio of concrete cylinders.\",\"breadcrumb\":{\"@id\":\"https:\\\/\\\/darkorchid-cheetah-525435.hostingersite.com\\\/product\\\/compressometer-extensometer\\\/#breadcrumb\"},\"inLanguage\":\"es-AR\",\"potentialAction\":[{\"@type\":\"ReadAction\",\"target\":[\"https:\\\/\\\/darkorchid-cheetah-525435.hostingersite.com\\\/product\\\/compressometer-extensometer\\\/\"]}]},{\"@type\":\"BreadcrumbList\",\"@id\":\"https:\\\/\\\/darkorchid-cheetah-525435.hostingersite.com\\\/product\\\/compressometer-extensometer\\\/#breadcrumb\",\"itemListElement\":[{\"@type\":\"ListItem\",\"position\":1,\"name\":\"Home\",\"item\":\"https:\\\/\\\/darkorchid-cheetah-525435.hostingersite.com\\\/\"},{\"@type\":\"ListItem\",\"position\":2,\"name\":\"\u0422\u043e\u0432\u0430\u0440\u044b\",\"item\":\"https:\\\/\\\/ykmtest.com\\\/ru\\\/shop\\\/\"},{\"@type\":\"ListItem\",\"position\":3,\"name\":\"Compressometer-Extensometer\"}]},{\"@type\":\"WebSite\",\"@id\":\"https:\\\/\\\/darkorchid-cheetah-525435.hostingersite.com\\\/#website\",\"url\":\"https:\\\/\\\/darkorchid-cheetah-525435.hostingersite.com\\\/\",\"name\":\"YKM TEST\",\"description\":\"\",\"publisher\":{\"@id\":\"https:\\\/\\\/darkorchid-cheetah-525435.hostingersite.com\\\/#organization\"},\"potentialAction\":[{\"@type\":\"SearchAction\",\"target\":{\"@type\":\"EntryPoint\",\"urlTemplate\":\"https:\\\/\\\/darkorchid-cheetah-525435.hostingersite.com\\\/?s={search_term_string}\"},\"query-input\":{\"@type\":\"PropertyValueSpecification\",\"valueRequired\":true,\"valueName\":\"search_term_string\"}}],\"inLanguage\":\"es-AR\"},{\"@type\":[\"Organization\",\"Place\"],\"@id\":\"https:\\\/\\\/darkorchid-cheetah-525435.hostingersite.com\\\/#organization\",\"name\":\"YKM TEST\",\"url\":\"https:\\\/\\\/darkorchid-cheetah-525435.hostingersite.com\\\/\",\"logo\":{\"@id\":\"https:\\\/\\\/darkorchid-cheetah-525435.hostingersite.com\\\/product\\\/compressometer-extensometer\\\/#local-main-organization-logo\"},\"image\":{\"@id\":\"https:\\\/\\\/darkorchid-cheetah-525435.hostingersite.com\\\/product\\\/compressometer-extensometer\\\/#local-main-organization-logo\"},\"telephone\":[],\"openingHoursSpecification\":[{\"@type\":\"OpeningHoursSpecification\",\"dayOfWeek\":[\"Monday\",\"Tuesday\",\"Wednesday\",\"Thursday\",\"Friday\",\"Saturday\",\"Sunday\"],\"opens\":\"09:00\",\"closes\":\"17:00\"}]},{\"@type\":\"ImageObject\",\"inLanguage\":\"es-AR\",\"@id\":\"https:\\\/\\\/darkorchid-cheetah-525435.hostingersite.com\\\/product\\\/compressometer-extensometer\\\/#local-main-organization-logo\",\"url\":\"https:\\\/\\\/ykmtest.com\\\/wp-content\\\/uploads\\\/2025\\\/10\\\/Asset-2@2x-8.png\",\"contentUrl\":\"https:\\\/\\\/ykmtest.com\\\/wp-content\\\/uploads\\\/2025\\\/10\\\/Asset-2@2x-8.png\",\"width\":1550,\"height\":323,\"caption\":\"YKM TEST\"}]}<\/script>\n<meta property=\"product:price:currency\" content=\"USD\" \/>\n<meta property=\"og:availability\" content=\"instock\" \/>\n<meta property=\"product:availability\" content=\"instock\" \/>\n<meta property=\"product:condition\" content=\"new\" \/>\n<!-- \/ Yoast SEO Premium plugin. -->","yoast_head_json":{"title":"Compressometer-Extensometer - YKM TEST","description":"Compressometer-Extensometer measures axial and lateral strain to determine modulus of elasticity and Poisson\u2019s ratio of concrete cylinders.","robots":{"index":"index","follow":"follow","max-snippet":"max-snippet:-1","max-image-preview":"max-image-preview:large","max-video-preview":"max-video-preview:-1"},"canonical":"https:\/\/darkorchid-cheetah-525435.hostingersite.com\/product\/compressometer-extensometer\/","og_locale":"es_ES","og_type":"article","og_title":"Compressometer-Extensometer","og_description":"Compressometer-Extensometer measures axial and lateral strain to determine modulus of elasticity and Poisson\u2019s ratio of concrete cylinders.","og_url":"https:\/\/darkorchid-cheetah-525435.hostingersite.com\/product\/compressometer-extensometer\/","og_site_name":"YKM TEST","article_modified_time":"2025-12-24T08:15:30+00:00","twitter_card":"summary_large_image","twitter_misc":{"Price":"","Availability":"In stock"},"schema":{"@context":"https:\/\/schema.org","@graph":[{"@type":"WebPage","@id":"https:\/\/darkorchid-cheetah-525435.hostingersite.com\/product\/compressometer-extensometer\/","url":"https:\/\/darkorchid-cheetah-525435.hostingersite.com\/product\/compressometer-extensometer\/","name":"Compressometer-Extensometer - YKM TEST","isPartOf":{"@id":"https:\/\/darkorchid-cheetah-525435.hostingersite.com\/#website"},"datePublished":"2025-12-24T08:15:29+00:00","dateModified":"2025-12-24T08:15:30+00:00","description":"Compressometer-Extensometer measures axial and lateral strain to determine modulus of elasticity and Poisson\u2019s ratio of concrete cylinders.","breadcrumb":{"@id":"https:\/\/darkorchid-cheetah-525435.hostingersite.com\/product\/compressometer-extensometer\/#breadcrumb"},"inLanguage":"es-AR","potentialAction":[{"@type":"ReadAction","target":["https:\/\/darkorchid-cheetah-525435.hostingersite.com\/product\/compressometer-extensometer\/"]}]},{"@type":"BreadcrumbList","@id":"https:\/\/darkorchid-cheetah-525435.hostingersite.com\/product\/compressometer-extensometer\/#breadcrumb","itemListElement":[{"@type":"ListItem","position":1,"name":"Home","item":"https:\/\/darkorchid-cheetah-525435.hostingersite.com\/"},{"@type":"ListItem","position":2,"name":"\u0422\u043e\u0432\u0430\u0440\u044b","item":"https:\/\/ykmtest.com\/ru\/shop\/"},{"@type":"ListItem","position":3,"name":"Compressometer-Extensometer"}]},{"@type":"WebSite","@id":"https:\/\/darkorchid-cheetah-525435.hostingersite.com\/#website","url":"https:\/\/darkorchid-cheetah-525435.hostingersite.com\/","name":"PRUEBA YKM","description":"","publisher":{"@id":"https:\/\/darkorchid-cheetah-525435.hostingersite.com\/#organization"},"potentialAction":[{"@type":"SearchAction","target":{"@type":"EntryPoint","urlTemplate":"https:\/\/darkorchid-cheetah-525435.hostingersite.com\/?s={search_term_string}"},"query-input":{"@type":"PropertyValueSpecification","valueRequired":true,"valueName":"search_term_string"}}],"inLanguage":"es-AR"},{"@type":["Organization","Place"],"@id":"https:\/\/darkorchid-cheetah-525435.hostingersite.com\/#organization","name":"PRUEBA YKM","url":"https:\/\/darkorchid-cheetah-525435.hostingersite.com\/","logo":{"@id":"https:\/\/darkorchid-cheetah-525435.hostingersite.com\/product\/compressometer-extensometer\/#local-main-organization-logo"},"image":{"@id":"https:\/\/darkorchid-cheetah-525435.hostingersite.com\/product\/compressometer-extensometer\/#local-main-organization-logo"},"telephone":[],"openingHoursSpecification":[{"@type":"OpeningHoursSpecification","dayOfWeek":["Monday","Tuesday","Wednesday","Thursday","Friday","Saturday","Sunday"],"opens":"09:00","closes":"17:00"}]},{"@type":"ImageObject","inLanguage":"es-AR","@id":"https:\/\/darkorchid-cheetah-525435.hostingersite.com\/product\/compressometer-extensometer\/#local-main-organization-logo","url":"https:\/\/ykmtest.com\/wp-content\/uploads\/2025\/10\/Asset-2@2x-8.png","contentUrl":"https:\/\/ykmtest.com\/wp-content\/uploads\/2025\/10\/Asset-2@2x-8.png","width":1550,"height":323,"caption":"YKM TEST"}]},"product_price_currency":"USD","og_availability":"instock","product_availability":"instock","product_condition":"new"},"_links":{"self":[{"href":"https:\/\/ykmtest.com\/es\/wp-json\/wp\/v2\/product\/11459","targetHints":{"allow":["GET"]}}],"collection":[{"href":"https:\/\/ykmtest.com\/es\/wp-json\/wp\/v2\/product"}],"about":[{"href":"https:\/\/ykmtest.com\/es\/wp-json\/wp\/v2\/types\/product"}],"version-history":[{"count":1,"href":"https:\/\/ykmtest.com\/es\/wp-json\/wp\/v2\/product\/11459\/revisions"}],"predecessor-version":[{"id":11460,"href":"https:\/\/ykmtest.com\/es\/wp-json\/wp\/v2\/product\/11459\/revisions\/11460"}],"wp:attachment":[{"href":"https:\/\/ykmtest.com\/es\/wp-json\/wp\/v2\/media?parent=11459"}],"wp:term":[{"taxonomy":"product_brand","embeddable":true,"href":"https:\/\/ykmtest.com\/es\/wp-json\/wp\/v2\/product_brand?post=11459"},{"taxonomy":"product_cat","embeddable":true,"href":"https:\/\/ykmtest.com\/es\/wp-json\/wp\/v2\/product_cat?post=11459"},{"taxonomy":"product_tag","embeddable":true,"href":"https:\/\/ykmtest.com\/es\/wp-json\/wp\/v2\/product_tag?post=11459"}],"curies":[{"name":"wp","href":"https:\/\/api.w.org\/{rel}","templated":true}]}}