{"id":11470,"date":"2025-12-24T08:51:22","date_gmt":"2025-12-24T08:51:22","guid":{"rendered":"https:\/\/ykmtest.com\/?post_type=product&#038;p=11470"},"modified":"2025-12-24T08:53:05","modified_gmt":"2025-12-24T08:53:05","slug":"11470","status":"publish","type":"product","link":"https:\/\/ykmtest.com\/es\/producto\/11470\/","title":{"rendered":"Unidades de control"},"content":{"rendered":"<p class=\"p2\"><span lang=\"TR\">Las unidades de control hidr\u00e1ulico son sistemas de control avanzados que realizan ensayos de compresi\u00f3n y flexi\u00f3n totalmente autom\u00e1ticos en probetas de hormig\u00f3n y cemento bajo control de bucle cerrado. Trabajando en integraci\u00f3n con el accionamiento hidr\u00e1ulico de la m\u00e1quina de ensayo, aplican velocidades de carga constantes definidas en las normas pertinentes de manera estable; al procesar la carga, el desplazamiento y (cuando es necesario) la retroalimentaci\u00f3n de la extensi\u00f3n en tiempo real, garantizan resultados precisos y repetibles. La interfaz de operador con pantalla t\u00e1ctil de grado industrial incluye plantillas de m\u00e9todos preestablecidos para aplicaciones de compresi\u00f3n de cilindros y cubos de hormig\u00f3n y flexi\u00f3n de prismas de mortero. Cuando se introducen las dimensiones de la muestra, los c\u00e1lculos de resistencia se realizan autom\u00e1ticamente; la supervisi\u00f3n en tiempo real de los gr\u00e1ficos de carga-tiempo y carga-desplazamiento proporciona al operador una gesti\u00f3n clara del proceso. La puesta a cero autom\u00e1tica, la precarga, la carga a velocidad objetivo y los pasos de ensayo secuenciales se gestionan para minimizar la influencia del operador. La electr\u00f3nica de control funciona con sensores de medici\u00f3n de alta resoluci\u00f3n y una arquitectura de accionamiento de baja latencia. La compatibilidad con m\u00faltiples marcos permite gestionar las estaciones de compresi\u00f3n y flexi\u00f3n desde una sola unidad. La conectividad USB\/Ethernet y la generaci\u00f3n de informes CSV\/PDF aceleran la integraci\u00f3n en el laboratorio. El equipo de seguridad incluye entrada de bloqueo de puerta, parada de emergencia, sobrecarga y l\u00edmites de carrera. El dise\u00f1o compacto, el acceso de servicio trasero y el cableado modular proporcionan una configuraci\u00f3n r\u00e1pida y un f\u00e1cil mantenimiento.<\/span><\/p>","protected":false},"excerpt":{"rendered":"<p>Las unidades de control hidr\u00e1ulico son sistemas avanzados de circuito cerrado que permiten realizar ensayos de compresi\u00f3n y flexi\u00f3n totalmente autom\u00e1ticos y conformes con las normas de muestras de hormig\u00f3n y cemento, proporcionando un control preciso de la carga, supervisi\u00f3n en tiempo real, gesti\u00f3n automatizada de los ensayos y una integraci\u00f3n perfecta en el laboratorio con s\u00f3lidas caracter\u00edsticas de seguridad.<\/p>","protected":false},"featured_media":0,"template":"","meta":{"_acf_changed":false},"product_brand":[],"product_cat":[142,143],"product_tag":[],"class_list":{"0":"post-11470","1":"product","2":"type-product","3":"status-publish","5":"product_cat-concrete","6":"product_cat-concrete-compression-machines","9":"instock","10":"shipping-taxable","11":"product-type-simple"},"acf":[],"yoast_head":"<!-- This site is optimized with the Yoast SEO Premium plugin v26.5 (Yoast SEO v27.5) - https:\/\/yoast.com\/product\/yoast-seo-premium-wordpress\/ -->\n<title>Control Units - YKM TEST<\/title>\n<meta name=\"description\" content=\"Hydraulic Control Units provide fully automatic, closed-loop compression and flexure testing of concrete and cement specimens with precise load control and data integration.\" \/>\n<meta name=\"robots\" content=\"index, follow, max-snippet:-1, max-image-preview:large, max-video-preview:-1\" \/>\n<link rel=\"canonical\" href=\"https:\/\/ykmtest.com\/es\/producto\/11470\/\" \/>\n<meta property=\"og:locale\" content=\"es_ES\" \/>\n<meta property=\"og:type\" content=\"article\" \/>\n<meta property=\"og:title\" content=\"Control Units\" \/>\n<meta property=\"og:description\" content=\"Hydraulic Control Units provide fully automatic, closed-loop compression and flexure testing of concrete and cement specimens with precise load control and data integration.\" \/>\n<meta property=\"og:url\" content=\"https:\/\/ykmtest.com\/es\/producto\/11470\/\" \/>\n<meta property=\"og:site_name\" content=\"YKM TEST\" \/>\n<meta property=\"article:modified_time\" content=\"2025-12-24T08:53:05+00:00\" \/>\n<meta name=\"twitter:card\" content=\"summary_large_image\" \/>\n<meta name=\"twitter:label1\" content=\"Price\" \/>\n\t<meta name=\"twitter:data1\" content=\"\" \/>\n\t<meta name=\"twitter:label2\" content=\"Availability\" \/>\n\t<meta name=\"twitter:data2\" content=\"In stock\" \/>\n<script type=\"application\/ld+json\" class=\"yoast-schema-graph\">{\"@context\":\"https:\\\/\\\/schema.org\",\"@graph\":[{\"@type\":\"WebPage\",\"@id\":\"https:\\\/\\\/ykmtest.com\\\/product\\\/11470\\\/\",\"url\":\"https:\\\/\\\/ykmtest.com\\\/product\\\/11470\\\/\",\"name\":\"Control Units - YKM TEST\",\"isPartOf\":{\"@id\":\"https:\\\/\\\/ykmtest.com\\\/french\\\/#website\"},\"datePublished\":\"2025-12-24T08:51:22+00:00\",\"dateModified\":\"2025-12-24T08:53:05+00:00\",\"description\":\"Hydraulic Control Units provide fully automatic, closed-loop compression and flexure testing of concrete and cement specimens with precise load control and data integration.\",\"breadcrumb\":{\"@id\":\"https:\\\/\\\/ykmtest.com\\\/product\\\/11470\\\/#breadcrumb\"},\"inLanguage\":\"es-AR\",\"potentialAction\":[{\"@type\":\"ReadAction\",\"target\":[\"https:\\\/\\\/ykmtest.com\\\/product\\\/11470\\\/\"]}]},{\"@type\":\"BreadcrumbList\",\"@id\":\"https:\\\/\\\/ykmtest.com\\\/product\\\/11470\\\/#breadcrumb\",\"itemListElement\":[{\"@type\":\"ListItem\",\"position\":1,\"name\":\"Home\",\"item\":\"https:\\\/\\\/ykmtest.com\\\/\"},{\"@type\":\"ListItem\",\"position\":2,\"name\":\"Produits\",\"item\":\"https:\\\/\\\/ykmtest.com\\\/french\\\/shop\\\/\"},{\"@type\":\"ListItem\",\"position\":3,\"name\":\"Control Units\"}]},{\"@type\":\"WebSite\",\"@id\":\"https:\\\/\\\/ykmtest.com\\\/french\\\/#website\",\"url\":\"https:\\\/\\\/ykmtest.com\\\/french\\\/\",\"name\":\"YKM TEST\",\"description\":\"\",\"publisher\":{\"@id\":\"https:\\\/\\\/ykmtest.com\\\/french\\\/#organization\"},\"potentialAction\":[{\"@type\":\"SearchAction\",\"target\":{\"@type\":\"EntryPoint\",\"urlTemplate\":\"https:\\\/\\\/ykmtest.com\\\/french\\\/?s={search_term_string}\"},\"query-input\":{\"@type\":\"PropertyValueSpecification\",\"valueRequired\":true,\"valueName\":\"search_term_string\"}}],\"inLanguage\":\"es-AR\"},{\"@type\":[\"Organization\",\"Place\"],\"@id\":\"https:\\\/\\\/ykmtest.com\\\/french\\\/#organization\",\"name\":\"YKM TEST\",\"url\":\"https:\\\/\\\/ykmtest.com\\\/french\\\/\",\"logo\":{\"@id\":\"https:\\\/\\\/ykmtest.com\\\/product\\\/11470\\\/#local-main-organization-logo\"},\"image\":{\"@id\":\"https:\\\/\\\/ykmtest.com\\\/product\\\/11470\\\/#local-main-organization-logo\"},\"telephone\":[],\"openingHoursSpecification\":[{\"@type\":\"OpeningHoursSpecification\",\"dayOfWeek\":[\"Monday\",\"Tuesday\",\"Wednesday\",\"Thursday\",\"Friday\",\"Saturday\",\"Sunday\"],\"opens\":\"09:00\",\"closes\":\"17:00\"}]},{\"@type\":\"ImageObject\",\"inLanguage\":\"es-AR\",\"@id\":\"https:\\\/\\\/ykmtest.com\\\/product\\\/11470\\\/#local-main-organization-logo\",\"url\":\"https:\\\/\\\/ykmtest.com\\\/wp-content\\\/uploads\\\/2025\\\/10\\\/Asset-2@2x-8.png\",\"contentUrl\":\"https:\\\/\\\/ykmtest.com\\\/wp-content\\\/uploads\\\/2025\\\/10\\\/Asset-2@2x-8.png\",\"width\":1550,\"height\":323,\"caption\":\"YKM TEST\"}]}<\/script>\n<meta property=\"product:price:currency\" content=\"USD\" \/>\n<meta property=\"og:availability\" content=\"instock\" \/>\n<meta property=\"product:availability\" content=\"instock\" \/>\n<meta property=\"product:condition\" content=\"new\" \/>\n<!-- \/ Yoast SEO Premium plugin. -->","yoast_head_json":{"title":"Control Units - YKM TEST","description":"Hydraulic Control Units provide fully automatic, closed-loop compression and flexure testing of concrete and cement specimens with precise load control and data integration.","robots":{"index":"index","follow":"follow","max-snippet":"max-snippet:-1","max-image-preview":"max-image-preview:large","max-video-preview":"max-video-preview:-1"},"canonical":"https:\/\/ykmtest.com\/es\/producto\/11470\/","og_locale":"es_ES","og_type":"article","og_title":"Control Units","og_description":"Hydraulic Control Units provide fully automatic, closed-loop compression and flexure testing of concrete and cement specimens with precise load control and data integration.","og_url":"https:\/\/ykmtest.com\/es\/producto\/11470\/","og_site_name":"YKM TEST","article_modified_time":"2025-12-24T08:53:05+00:00","twitter_card":"summary_large_image","twitter_misc":{"Price":"","Availability":"In stock"},"schema":{"@context":"https:\/\/schema.org","@graph":[{"@type":"WebPage","@id":"https:\/\/ykmtest.com\/product\/11470\/","url":"https:\/\/ykmtest.com\/product\/11470\/","name":"Control Units - YKM TEST","isPartOf":{"@id":"https:\/\/ykmtest.com\/french\/#website"},"datePublished":"2025-12-24T08:51:22+00:00","dateModified":"2025-12-24T08:53:05+00:00","description":"Hydraulic Control Units provide fully automatic, closed-loop compression and flexure testing of concrete and cement specimens with precise load control and data integration.","breadcrumb":{"@id":"https:\/\/ykmtest.com\/product\/11470\/#breadcrumb"},"inLanguage":"es-AR","potentialAction":[{"@type":"ReadAction","target":["https:\/\/ykmtest.com\/product\/11470\/"]}]},{"@type":"BreadcrumbList","@id":"https:\/\/ykmtest.com\/product\/11470\/#breadcrumb","itemListElement":[{"@type":"ListItem","position":1,"name":"Home","item":"https:\/\/ykmtest.com\/"},{"@type":"ListItem","position":2,"name":"Produits","item":"https:\/\/ykmtest.com\/french\/shop\/"},{"@type":"ListItem","position":3,"name":"Control Units"}]},{"@type":"WebSite","@id":"https:\/\/ykmtest.com\/french\/#website","url":"https:\/\/ykmtest.com\/french\/","name":"PRUEBA YKM","description":"","publisher":{"@id":"https:\/\/ykmtest.com\/french\/#organization"},"potentialAction":[{"@type":"SearchAction","target":{"@type":"EntryPoint","urlTemplate":"https:\/\/ykmtest.com\/french\/?s={search_term_string}"},"query-input":{"@type":"PropertyValueSpecification","valueRequired":true,"valueName":"search_term_string"}}],"inLanguage":"es-AR"},{"@type":["Organization","Place"],"@id":"https:\/\/ykmtest.com\/french\/#organization","name":"PRUEBA YKM","url":"https:\/\/ykmtest.com\/french\/","logo":{"@id":"https:\/\/ykmtest.com\/product\/11470\/#local-main-organization-logo"},"image":{"@id":"https:\/\/ykmtest.com\/product\/11470\/#local-main-organization-logo"},"telephone":[],"openingHoursSpecification":[{"@type":"OpeningHoursSpecification","dayOfWeek":["Monday","Tuesday","Wednesday","Thursday","Friday","Saturday","Sunday"],"opens":"09:00","closes":"17:00"}]},{"@type":"ImageObject","inLanguage":"es-AR","@id":"https:\/\/ykmtest.com\/product\/11470\/#local-main-organization-logo","url":"https:\/\/ykmtest.com\/wp-content\/uploads\/2025\/10\/Asset-2@2x-8.png","contentUrl":"https:\/\/ykmtest.com\/wp-content\/uploads\/2025\/10\/Asset-2@2x-8.png","width":1550,"height":323,"caption":"YKM TEST"}]},"product_price_currency":"USD","og_availability":"instock","product_availability":"instock","product_condition":"new"},"_links":{"self":[{"href":"https:\/\/ykmtest.com\/es\/wp-json\/wp\/v2\/product\/11470","targetHints":{"allow":["GET"]}}],"collection":[{"href":"https:\/\/ykmtest.com\/es\/wp-json\/wp\/v2\/product"}],"about":[{"href":"https:\/\/ykmtest.com\/es\/wp-json\/wp\/v2\/types\/product"}],"version-history":[{"count":2,"href":"https:\/\/ykmtest.com\/es\/wp-json\/wp\/v2\/product\/11470\/revisions"}],"predecessor-version":[{"id":11472,"href":"https:\/\/ykmtest.com\/es\/wp-json\/wp\/v2\/product\/11470\/revisions\/11472"}],"wp:attachment":[{"href":"https:\/\/ykmtest.com\/es\/wp-json\/wp\/v2\/media?parent=11470"}],"wp:term":[{"taxonomy":"product_brand","embeddable":true,"href":"https:\/\/ykmtest.com\/es\/wp-json\/wp\/v2\/product_brand?post=11470"},{"taxonomy":"product_cat","embeddable":true,"href":"https:\/\/ykmtest.com\/es\/wp-json\/wp\/v2\/product_cat?post=11470"},{"taxonomy":"product_tag","embeddable":true,"href":"https:\/\/ykmtest.com\/es\/wp-json\/wp\/v2\/product_tag?post=11470"}],"curies":[{"name":"wp","href":"https:\/\/api.w.org\/{rel}","templated":true}]}}