{"id":11488,"date":"2025-12-24T12:14:42","date_gmt":"2025-12-24T12:14:42","guid":{"rendered":"https:\/\/ykmtest.com\/?post_type=product&#038;p=11488"},"modified":"2025-12-24T12:14:43","modified_gmt":"2025-12-24T12:14:43","slug":"degree-of-compactability-waltz-container","status":"publish","type":"product","link":"https:\/\/ykmtest.com\/es\/producto\/degree-of-compactability-waltz-container\/","title":{"rendered":"Grado de compactabilidad (Waltz) Contenedor"},"content":{"rendered":"<p class=\"p2\"><span lang=\"TR\">El recipiente para medir el grado de compactabilidad (Waltz) es un recipiente r\u00edgido de volumen fijo dise\u00f1ado para evaluar el grado de compactabilidad del concreto fresco de acuerdo con las normas EN. El cuerpo de paredes gruesas y resistente a la deformaci\u00f3n est\u00e1 recubierto con pintura electrost\u00e1tica resistente a la corrosi\u00f3n. Seg\u00fan el principio de la prueba, la muestra de hormig\u00f3n se vierte en el recipiente superior y se deja fluir libremente hacia la c\u00e1mara inferior. Una vez que el recipiente inferior est\u00e1 lleno, se nivela la superficie y se mide la masa del hormig\u00f3n. A continuaci\u00f3n, se vuelve a medir el mismo hormig\u00f3n despu\u00e9s de la compactaci\u00f3n para obtener la densidad del hormig\u00f3n compactado.<\/span><\/p>","protected":false},"excerpt":{"rendered":"<p class=\"p1\"><span lang=\"TR\">El contenedor de grado de compactabilidad (Waltz) es un recipiente r\u00edgido y resistente a la corrosi\u00f3n dise\u00f1ado para medir la compactabilidad del concreto fresco comparando la masa de muestras vertidas libremente y compactadas mec\u00e1nicamente de acuerdo con las normas EN.<\/span><\/p>","protected":false},"featured_media":0,"template":"","meta":{"_acf_changed":false},"product_brand":[],"product_cat":[142,145],"product_tag":[],"class_list":{"0":"post-11488","1":"product","2":"type-product","3":"status-publish","5":"product_cat-concrete","6":"product_cat-workability-and-consistency","9":"instock","10":"shipping-taxable","11":"product-type-simple"},"acf":[],"yoast_head":"<!-- This site is optimized with the Yoast SEO Premium plugin v26.5 (Yoast SEO v27.5) - https:\/\/yoast.com\/product\/yoast-seo-premium-wordpress\/ -->\n<title>Degree of Compactability (Waltz) Container - YKM TEST<\/title>\n<meta name=\"description\" content=\"Degree of Compactability (Waltz) Container for EN-standard testing of fresh concrete compactability. Rigid, corrosion-resistant fixed-volume vessel for accurate mass comparison measurements.\" \/>\n<meta name=\"robots\" content=\"index, follow, max-snippet:-1, max-image-preview:large, max-video-preview:-1\" \/>\n<link rel=\"canonical\" href=\"https:\/\/darkorchid-cheetah-525435.hostingersite.com\/product\/degree-of-compactability-waltz-container\/\" \/>\n<meta property=\"og:locale\" content=\"es_ES\" \/>\n<meta property=\"og:type\" content=\"article\" \/>\n<meta property=\"og:title\" content=\"Degree of Compactability (Waltz) Container\" \/>\n<meta property=\"og:description\" content=\"Degree of Compactability (Waltz) Container for EN-standard testing of fresh concrete compactability. Rigid, corrosion-resistant fixed-volume vessel for accurate mass comparison measurements.\" \/>\n<meta property=\"og:url\" content=\"https:\/\/darkorchid-cheetah-525435.hostingersite.com\/product\/degree-of-compactability-waltz-container\/\" \/>\n<meta property=\"og:site_name\" content=\"YKM TEST\" \/>\n<meta property=\"article:modified_time\" content=\"2025-12-24T12:14:43+00:00\" \/>\n<meta name=\"twitter:card\" content=\"summary_large_image\" \/>\n<meta name=\"twitter:label1\" content=\"Price\" \/>\n\t<meta name=\"twitter:data1\" content=\"\" \/>\n\t<meta name=\"twitter:label2\" content=\"Availability\" \/>\n\t<meta name=\"twitter:data2\" content=\"In stock\" \/>\n<script type=\"application\/ld+json\" class=\"yoast-schema-graph\">{\"@context\":\"https:\\\/\\\/schema.org\",\"@graph\":[{\"@type\":\"WebPage\",\"@id\":\"https:\\\/\\\/darkorchid-cheetah-525435.hostingersite.com\\\/product\\\/degree-of-compactability-waltz-container\\\/\",\"url\":\"https:\\\/\\\/darkorchid-cheetah-525435.hostingersite.com\\\/product\\\/degree-of-compactability-waltz-container\\\/\",\"name\":\"Degree of Compactability (Waltz) Container - YKM TEST\",\"isPartOf\":{\"@id\":\"https:\\\/\\\/darkorchid-cheetah-525435.hostingersite.com\\\/#website\"},\"datePublished\":\"2025-12-24T12:14:42+00:00\",\"dateModified\":\"2025-12-24T12:14:43+00:00\",\"description\":\"Degree of Compactability (Waltz) Container for EN-standard testing of fresh concrete compactability. Rigid, corrosion-resistant fixed-volume vessel for accurate mass comparison measurements.\",\"breadcrumb\":{\"@id\":\"https:\\\/\\\/darkorchid-cheetah-525435.hostingersite.com\\\/product\\\/degree-of-compactability-waltz-container\\\/#breadcrumb\"},\"inLanguage\":\"es-AR\",\"potentialAction\":[{\"@type\":\"ReadAction\",\"target\":[\"https:\\\/\\\/darkorchid-cheetah-525435.hostingersite.com\\\/product\\\/degree-of-compactability-waltz-container\\\/\"]}]},{\"@type\":\"BreadcrumbList\",\"@id\":\"https:\\\/\\\/darkorchid-cheetah-525435.hostingersite.com\\\/product\\\/degree-of-compactability-waltz-container\\\/#breadcrumb\",\"itemListElement\":[{\"@type\":\"ListItem\",\"position\":1,\"name\":\"Home\",\"item\":\"https:\\\/\\\/darkorchid-cheetah-525435.hostingersite.com\\\/\"},{\"@type\":\"ListItem\",\"position\":2,\"name\":\"\u0422\u043e\u0432\u0430\u0440\u044b\",\"item\":\"https:\\\/\\\/ykmtest.com\\\/ru\\\/shop\\\/\"},{\"@type\":\"ListItem\",\"position\":3,\"name\":\"Degree of Compactability (Waltz) Container\"}]},{\"@type\":\"WebSite\",\"@id\":\"https:\\\/\\\/darkorchid-cheetah-525435.hostingersite.com\\\/#website\",\"url\":\"https:\\\/\\\/darkorchid-cheetah-525435.hostingersite.com\\\/\",\"name\":\"YKM TEST\",\"description\":\"\",\"publisher\":{\"@id\":\"https:\\\/\\\/darkorchid-cheetah-525435.hostingersite.com\\\/#organization\"},\"potentialAction\":[{\"@type\":\"SearchAction\",\"target\":{\"@type\":\"EntryPoint\",\"urlTemplate\":\"https:\\\/\\\/darkorchid-cheetah-525435.hostingersite.com\\\/?s={search_term_string}\"},\"query-input\":{\"@type\":\"PropertyValueSpecification\",\"valueRequired\":true,\"valueName\":\"search_term_string\"}}],\"inLanguage\":\"es-AR\"},{\"@type\":[\"Organization\",\"Place\"],\"@id\":\"https:\\\/\\\/darkorchid-cheetah-525435.hostingersite.com\\\/#organization\",\"name\":\"YKM TEST\",\"url\":\"https:\\\/\\\/darkorchid-cheetah-525435.hostingersite.com\\\/\",\"logo\":{\"@id\":\"https:\\\/\\\/darkorchid-cheetah-525435.hostingersite.com\\\/product\\\/degree-of-compactability-waltz-container\\\/#local-main-organization-logo\"},\"image\":{\"@id\":\"https:\\\/\\\/darkorchid-cheetah-525435.hostingersite.com\\\/product\\\/degree-of-compactability-waltz-container\\\/#local-main-organization-logo\"},\"telephone\":[],\"openingHoursSpecification\":[{\"@type\":\"OpeningHoursSpecification\",\"dayOfWeek\":[\"Monday\",\"Tuesday\",\"Wednesday\",\"Thursday\",\"Friday\",\"Saturday\",\"Sunday\"],\"opens\":\"09:00\",\"closes\":\"17:00\"}]},{\"@type\":\"ImageObject\",\"inLanguage\":\"es-AR\",\"@id\":\"https:\\\/\\\/darkorchid-cheetah-525435.hostingersite.com\\\/product\\\/degree-of-compactability-waltz-container\\\/#local-main-organization-logo\",\"url\":\"https:\\\/\\\/ykmtest.com\\\/wp-content\\\/uploads\\\/2025\\\/10\\\/Asset-2@2x-8.png\",\"contentUrl\":\"https:\\\/\\\/ykmtest.com\\\/wp-content\\\/uploads\\\/2025\\\/10\\\/Asset-2@2x-8.png\",\"width\":1550,\"height\":323,\"caption\":\"YKM TEST\"}]}<\/script>\n<meta property=\"product:price:currency\" content=\"USD\" \/>\n<meta property=\"og:availability\" content=\"instock\" \/>\n<meta property=\"product:availability\" content=\"instock\" \/>\n<meta property=\"product:condition\" content=\"new\" \/>\n<!-- \/ Yoast SEO Premium plugin. -->","yoast_head_json":{"title":"Degree of Compactability (Waltz) Container - YKM TEST","description":"Degree of Compactability (Waltz) Container for EN-standard testing of fresh concrete compactability. Rigid, corrosion-resistant fixed-volume vessel for accurate mass comparison measurements.","robots":{"index":"index","follow":"follow","max-snippet":"max-snippet:-1","max-image-preview":"max-image-preview:large","max-video-preview":"max-video-preview:-1"},"canonical":"https:\/\/darkorchid-cheetah-525435.hostingersite.com\/product\/degree-of-compactability-waltz-container\/","og_locale":"es_ES","og_type":"article","og_title":"Degree of Compactability (Waltz) Container","og_description":"Degree of Compactability (Waltz) Container for EN-standard testing of fresh concrete compactability. Rigid, corrosion-resistant fixed-volume vessel for accurate mass comparison measurements.","og_url":"https:\/\/darkorchid-cheetah-525435.hostingersite.com\/product\/degree-of-compactability-waltz-container\/","og_site_name":"YKM TEST","article_modified_time":"2025-12-24T12:14:43+00:00","twitter_card":"summary_large_image","twitter_misc":{"Price":"","Availability":"In stock"},"schema":{"@context":"https:\/\/schema.org","@graph":[{"@type":"WebPage","@id":"https:\/\/darkorchid-cheetah-525435.hostingersite.com\/product\/degree-of-compactability-waltz-container\/","url":"https:\/\/darkorchid-cheetah-525435.hostingersite.com\/product\/degree-of-compactability-waltz-container\/","name":"Degree of Compactability (Waltz) Container - YKM TEST","isPartOf":{"@id":"https:\/\/darkorchid-cheetah-525435.hostingersite.com\/#website"},"datePublished":"2025-12-24T12:14:42+00:00","dateModified":"2025-12-24T12:14:43+00:00","description":"Degree of Compactability (Waltz) Container for EN-standard testing of fresh concrete compactability. Rigid, corrosion-resistant fixed-volume vessel for accurate mass comparison measurements.","breadcrumb":{"@id":"https:\/\/darkorchid-cheetah-525435.hostingersite.com\/product\/degree-of-compactability-waltz-container\/#breadcrumb"},"inLanguage":"es-AR","potentialAction":[{"@type":"ReadAction","target":["https:\/\/darkorchid-cheetah-525435.hostingersite.com\/product\/degree-of-compactability-waltz-container\/"]}]},{"@type":"BreadcrumbList","@id":"https:\/\/darkorchid-cheetah-525435.hostingersite.com\/product\/degree-of-compactability-waltz-container\/#breadcrumb","itemListElement":[{"@type":"ListItem","position":1,"name":"Home","item":"https:\/\/darkorchid-cheetah-525435.hostingersite.com\/"},{"@type":"ListItem","position":2,"name":"\u0422\u043e\u0432\u0430\u0440\u044b","item":"https:\/\/ykmtest.com\/ru\/shop\/"},{"@type":"ListItem","position":3,"name":"Degree of Compactability (Waltz) Container"}]},{"@type":"WebSite","@id":"https:\/\/darkorchid-cheetah-525435.hostingersite.com\/#website","url":"https:\/\/darkorchid-cheetah-525435.hostingersite.com\/","name":"PRUEBA YKM","description":"","publisher":{"@id":"https:\/\/darkorchid-cheetah-525435.hostingersite.com\/#organization"},"potentialAction":[{"@type":"SearchAction","target":{"@type":"EntryPoint","urlTemplate":"https:\/\/darkorchid-cheetah-525435.hostingersite.com\/?s={search_term_string}"},"query-input":{"@type":"PropertyValueSpecification","valueRequired":true,"valueName":"search_term_string"}}],"inLanguage":"es-AR"},{"@type":["Organization","Place"],"@id":"https:\/\/darkorchid-cheetah-525435.hostingersite.com\/#organization","name":"PRUEBA YKM","url":"https:\/\/darkorchid-cheetah-525435.hostingersite.com\/","logo":{"@id":"https:\/\/darkorchid-cheetah-525435.hostingersite.com\/product\/degree-of-compactability-waltz-container\/#local-main-organization-logo"},"image":{"@id":"https:\/\/darkorchid-cheetah-525435.hostingersite.com\/product\/degree-of-compactability-waltz-container\/#local-main-organization-logo"},"telephone":[],"openingHoursSpecification":[{"@type":"OpeningHoursSpecification","dayOfWeek":["Monday","Tuesday","Wednesday","Thursday","Friday","Saturday","Sunday"],"opens":"09:00","closes":"17:00"}]},{"@type":"ImageObject","inLanguage":"es-AR","@id":"https:\/\/darkorchid-cheetah-525435.hostingersite.com\/product\/degree-of-compactability-waltz-container\/#local-main-organization-logo","url":"https:\/\/ykmtest.com\/wp-content\/uploads\/2025\/10\/Asset-2@2x-8.png","contentUrl":"https:\/\/ykmtest.com\/wp-content\/uploads\/2025\/10\/Asset-2@2x-8.png","width":1550,"height":323,"caption":"YKM TEST"}]},"product_price_currency":"USD","og_availability":"instock","product_availability":"instock","product_condition":"new"},"_links":{"self":[{"href":"https:\/\/ykmtest.com\/es\/wp-json\/wp\/v2\/product\/11488","targetHints":{"allow":["GET"]}}],"collection":[{"href":"https:\/\/ykmtest.com\/es\/wp-json\/wp\/v2\/product"}],"about":[{"href":"https:\/\/ykmtest.com\/es\/wp-json\/wp\/v2\/types\/product"}],"version-history":[{"count":1,"href":"https:\/\/ykmtest.com\/es\/wp-json\/wp\/v2\/product\/11488\/revisions"}],"predecessor-version":[{"id":11489,"href":"https:\/\/ykmtest.com\/es\/wp-json\/wp\/v2\/product\/11488\/revisions\/11489"}],"wp:attachment":[{"href":"https:\/\/ykmtest.com\/es\/wp-json\/wp\/v2\/media?parent=11488"}],"wp:term":[{"taxonomy":"product_brand","embeddable":true,"href":"https:\/\/ykmtest.com\/es\/wp-json\/wp\/v2\/product_brand?post=11488"},{"taxonomy":"product_cat","embeddable":true,"href":"https:\/\/ykmtest.com\/es\/wp-json\/wp\/v2\/product_cat?post=11488"},{"taxonomy":"product_tag","embeddable":true,"href":"https:\/\/ykmtest.com\/es\/wp-json\/wp\/v2\/product_tag?post=11488"}],"curies":[{"name":"wp","href":"https:\/\/api.w.org\/{rel}","templated":true}]}}