{"id":11498,"date":"2025-12-25T11:10:42","date_gmt":"2025-12-25T11:10:42","guid":{"rendered":"https:\/\/ykmtest.com\/?post_type=product&#038;p=11498"},"modified":"2025-12-25T11:10:43","modified_gmt":"2025-12-25T11:10:43","slug":"l-shape-box-apparatus","status":"publish","type":"product","link":"https:\/\/ykmtest.com\/es\/producto\/l-shape-box-apparatus\/","title":{"rendered":"Aparato con caja en forma de L"},"content":{"rendered":"<p class=\"p2\"><span lang=\"TR\">El aparato de caja en forma de L es un dispositivo de prueba r\u00edgido dise\u00f1ado para evaluar el comportamiento del flujo del concreto autocompactante (SCC) a trav\u00e9s de aberturas estrechas y obst\u00e1culos similares a refuerzos en condiciones que cumplen con las normas. La c\u00e1mara en forma de L, de una sola pieza y a prueba de fugas, consta de una columna vertical, una compuerta deslizante de liberaci\u00f3n r\u00e1pida y barras de acero lisas colocadas a lo largo de la secci\u00f3n horizontal. El aparato est\u00e1 fabricado en acero inoxidable de alta resistencia, lo que garantiza que no se produzcan deformaciones ni desgaste de la superficie durante el ensayo. Consta de dos compartimentos: una c\u00e1mara vertical donde se coloca el concreto y un canal horizontal por donde se produce el flujo. Estos dos compartimentos est\u00e1n separados por una fila de barras verticales en la base. Las barras son de acero de 16 mm de di\u00e1metro y est\u00e1n espaciadas a 41 \u00b1 1 mm. Esta disposici\u00f3n simula la capacidad del concreto para fluir a trav\u00e9s del refuerzo. Durante el ensayo, se vierte el hormig\u00f3n en la secci\u00f3n vertical de la caja en forma de L y se nivela. Cuando se abre la compuerta, el hormig\u00f3n fluye hacia la secci\u00f3n horizontal por su propio peso. Cuando se detiene el borde delantero del hormig\u00f3n, se mide la altura del hormig\u00f3n en la entrada y la salida de la secci\u00f3n horizontal. La relaci\u00f3n entre estas dos alturas se define como el valor L-h (H\u2082\/H\u2081) del hormig\u00f3n. Esta relaci\u00f3n indica la capacidad de paso del hormig\u00f3n.<\/span><\/p>","protected":false},"excerpt":{"rendered":"<p class=\"p1\"><span lang=\"TR\">El aparato de caja en forma de L es un dispositivo de prueba de precisi\u00f3n dise\u00f1ado para evaluar la capacidad de paso y el comportamiento del flujo del concreto autocompactante (SCC) a trav\u00e9s de aberturas estrechas y obst\u00e1culos similares a refuerzos en condiciones estandarizadas.<\/span><\/p>","protected":false},"featured_media":0,"template":"","meta":{"_acf_changed":false},"product_brand":[],"product_cat":[142,146],"product_tag":[],"class_list":{"0":"post-11498","1":"product","2":"type-product","3":"status-publish","5":"product_cat-concrete","6":"product_cat-scc-testing-equipments","9":"instock","10":"shipping-taxable","11":"product-type-simple"},"acf":[],"yoast_head":"<!-- This site is optimized with the Yoast SEO Premium plugin v26.5 (Yoast SEO v27.5) - https:\/\/yoast.com\/product\/yoast-seo-premium-wordpress\/ -->\n<title>L Shape Box Apparatus - YKM TEST<\/title>\n<meta name=\"description\" content=\"L Shape Box Apparatus for SCC testing. Stainless-steel L-box used to evaluate passing ability and flow behavior of self-compacting concrete through reinforcement obstacles.\" \/>\n<meta name=\"robots\" content=\"index, follow, max-snippet:-1, max-image-preview:large, max-video-preview:-1\" \/>\n<link rel=\"canonical\" href=\"https:\/\/darkorchid-cheetah-525435.hostingersite.com\/product\/l-shape-box-apparatus\/\" \/>\n<meta property=\"og:locale\" content=\"es_ES\" \/>\n<meta property=\"og:type\" content=\"article\" \/>\n<meta property=\"og:title\" content=\"L Shape Box Apparatus\" \/>\n<meta property=\"og:description\" content=\"L Shape Box Apparatus for SCC testing. Stainless-steel L-box used to evaluate passing ability and flow behavior of self-compacting concrete through reinforcement obstacles.\" \/>\n<meta property=\"og:url\" content=\"https:\/\/darkorchid-cheetah-525435.hostingersite.com\/product\/l-shape-box-apparatus\/\" \/>\n<meta property=\"og:site_name\" content=\"YKM TEST\" \/>\n<meta property=\"article:modified_time\" content=\"2025-12-25T11:10:43+00:00\" \/>\n<meta name=\"twitter:card\" content=\"summary_large_image\" \/>\n<meta name=\"twitter:label1\" content=\"Price\" \/>\n\t<meta name=\"twitter:data1\" content=\"\" \/>\n\t<meta name=\"twitter:label2\" content=\"Availability\" \/>\n\t<meta name=\"twitter:data2\" content=\"In stock\" \/>\n<script type=\"application\/ld+json\" class=\"yoast-schema-graph\">{\"@context\":\"https:\\\/\\\/schema.org\",\"@graph\":[{\"@type\":\"WebPage\",\"@id\":\"https:\\\/\\\/darkorchid-cheetah-525435.hostingersite.com\\\/product\\\/l-shape-box-apparatus\\\/\",\"url\":\"https:\\\/\\\/darkorchid-cheetah-525435.hostingersite.com\\\/product\\\/l-shape-box-apparatus\\\/\",\"name\":\"L Shape Box Apparatus - YKM TEST\",\"isPartOf\":{\"@id\":\"https:\\\/\\\/darkorchid-cheetah-525435.hostingersite.com\\\/#website\"},\"datePublished\":\"2025-12-25T11:10:42+00:00\",\"dateModified\":\"2025-12-25T11:10:43+00:00\",\"description\":\"L Shape Box Apparatus for SCC testing. Stainless-steel L-box used to evaluate passing ability and flow behavior of self-compacting concrete through reinforcement obstacles.\",\"breadcrumb\":{\"@id\":\"https:\\\/\\\/darkorchid-cheetah-525435.hostingersite.com\\\/product\\\/l-shape-box-apparatus\\\/#breadcrumb\"},\"inLanguage\":\"es-AR\",\"potentialAction\":[{\"@type\":\"ReadAction\",\"target\":[\"https:\\\/\\\/darkorchid-cheetah-525435.hostingersite.com\\\/product\\\/l-shape-box-apparatus\\\/\"]}]},{\"@type\":\"BreadcrumbList\",\"@id\":\"https:\\\/\\\/darkorchid-cheetah-525435.hostingersite.com\\\/product\\\/l-shape-box-apparatus\\\/#breadcrumb\",\"itemListElement\":[{\"@type\":\"ListItem\",\"position\":1,\"name\":\"Home\",\"item\":\"https:\\\/\\\/darkorchid-cheetah-525435.hostingersite.com\\\/\"},{\"@type\":\"ListItem\",\"position\":2,\"name\":\"\u0422\u043e\u0432\u0430\u0440\u044b\",\"item\":\"https:\\\/\\\/ykmtest.com\\\/ru\\\/shop\\\/\"},{\"@type\":\"ListItem\",\"position\":3,\"name\":\"L Shape Box Apparatus\"}]},{\"@type\":\"WebSite\",\"@id\":\"https:\\\/\\\/darkorchid-cheetah-525435.hostingersite.com\\\/#website\",\"url\":\"https:\\\/\\\/darkorchid-cheetah-525435.hostingersite.com\\\/\",\"name\":\"YKM TEST\",\"description\":\"\",\"publisher\":{\"@id\":\"https:\\\/\\\/darkorchid-cheetah-525435.hostingersite.com\\\/#organization\"},\"potentialAction\":[{\"@type\":\"SearchAction\",\"target\":{\"@type\":\"EntryPoint\",\"urlTemplate\":\"https:\\\/\\\/darkorchid-cheetah-525435.hostingersite.com\\\/?s={search_term_string}\"},\"query-input\":{\"@type\":\"PropertyValueSpecification\",\"valueRequired\":true,\"valueName\":\"search_term_string\"}}],\"inLanguage\":\"es-AR\"},{\"@type\":[\"Organization\",\"Place\"],\"@id\":\"https:\\\/\\\/darkorchid-cheetah-525435.hostingersite.com\\\/#organization\",\"name\":\"YKM TEST\",\"url\":\"https:\\\/\\\/darkorchid-cheetah-525435.hostingersite.com\\\/\",\"logo\":{\"@id\":\"https:\\\/\\\/darkorchid-cheetah-525435.hostingersite.com\\\/product\\\/l-shape-box-apparatus\\\/#local-main-organization-logo\"},\"image\":{\"@id\":\"https:\\\/\\\/darkorchid-cheetah-525435.hostingersite.com\\\/product\\\/l-shape-box-apparatus\\\/#local-main-organization-logo\"},\"telephone\":[],\"openingHoursSpecification\":[{\"@type\":\"OpeningHoursSpecification\",\"dayOfWeek\":[\"Monday\",\"Tuesday\",\"Wednesday\",\"Thursday\",\"Friday\",\"Saturday\",\"Sunday\"],\"opens\":\"09:00\",\"closes\":\"17:00\"}]},{\"@type\":\"ImageObject\",\"inLanguage\":\"es-AR\",\"@id\":\"https:\\\/\\\/darkorchid-cheetah-525435.hostingersite.com\\\/product\\\/l-shape-box-apparatus\\\/#local-main-organization-logo\",\"url\":\"https:\\\/\\\/ykmtest.com\\\/wp-content\\\/uploads\\\/2025\\\/10\\\/Asset-2@2x-8.png\",\"contentUrl\":\"https:\\\/\\\/ykmtest.com\\\/wp-content\\\/uploads\\\/2025\\\/10\\\/Asset-2@2x-8.png\",\"width\":1550,\"height\":323,\"caption\":\"YKM TEST\"}]}<\/script>\n<meta property=\"product:price:currency\" content=\"USD\" \/>\n<meta property=\"og:availability\" content=\"instock\" \/>\n<meta property=\"product:availability\" content=\"instock\" \/>\n<meta property=\"product:condition\" content=\"new\" \/>\n<!-- \/ Yoast SEO Premium plugin. -->","yoast_head_json":{"title":"L Shape Box Apparatus - YKM TEST","description":"L Shape Box Apparatus for SCC testing. Stainless-steel L-box used to evaluate passing ability and flow behavior of self-compacting concrete through reinforcement obstacles.","robots":{"index":"index","follow":"follow","max-snippet":"max-snippet:-1","max-image-preview":"max-image-preview:large","max-video-preview":"max-video-preview:-1"},"canonical":"https:\/\/darkorchid-cheetah-525435.hostingersite.com\/product\/l-shape-box-apparatus\/","og_locale":"es_ES","og_type":"article","og_title":"L Shape Box Apparatus","og_description":"L Shape Box Apparatus for SCC testing. Stainless-steel L-box used to evaluate passing ability and flow behavior of self-compacting concrete through reinforcement obstacles.","og_url":"https:\/\/darkorchid-cheetah-525435.hostingersite.com\/product\/l-shape-box-apparatus\/","og_site_name":"YKM TEST","article_modified_time":"2025-12-25T11:10:43+00:00","twitter_card":"summary_large_image","twitter_misc":{"Price":"","Availability":"In stock"},"schema":{"@context":"https:\/\/schema.org","@graph":[{"@type":"WebPage","@id":"https:\/\/darkorchid-cheetah-525435.hostingersite.com\/product\/l-shape-box-apparatus\/","url":"https:\/\/darkorchid-cheetah-525435.hostingersite.com\/product\/l-shape-box-apparatus\/","name":"L Shape Box Apparatus - YKM TEST","isPartOf":{"@id":"https:\/\/darkorchid-cheetah-525435.hostingersite.com\/#website"},"datePublished":"2025-12-25T11:10:42+00:00","dateModified":"2025-12-25T11:10:43+00:00","description":"L Shape Box Apparatus for SCC testing. Stainless-steel L-box used to evaluate passing ability and flow behavior of self-compacting concrete through reinforcement obstacles.","breadcrumb":{"@id":"https:\/\/darkorchid-cheetah-525435.hostingersite.com\/product\/l-shape-box-apparatus\/#breadcrumb"},"inLanguage":"es-AR","potentialAction":[{"@type":"ReadAction","target":["https:\/\/darkorchid-cheetah-525435.hostingersite.com\/product\/l-shape-box-apparatus\/"]}]},{"@type":"BreadcrumbList","@id":"https:\/\/darkorchid-cheetah-525435.hostingersite.com\/product\/l-shape-box-apparatus\/#breadcrumb","itemListElement":[{"@type":"ListItem","position":1,"name":"Home","item":"https:\/\/darkorchid-cheetah-525435.hostingersite.com\/"},{"@type":"ListItem","position":2,"name":"\u0422\u043e\u0432\u0430\u0440\u044b","item":"https:\/\/ykmtest.com\/ru\/shop\/"},{"@type":"ListItem","position":3,"name":"L Shape Box Apparatus"}]},{"@type":"WebSite","@id":"https:\/\/darkorchid-cheetah-525435.hostingersite.com\/#website","url":"https:\/\/darkorchid-cheetah-525435.hostingersite.com\/","name":"PRUEBA YKM","description":"","publisher":{"@id":"https:\/\/darkorchid-cheetah-525435.hostingersite.com\/#organization"},"potentialAction":[{"@type":"SearchAction","target":{"@type":"EntryPoint","urlTemplate":"https:\/\/darkorchid-cheetah-525435.hostingersite.com\/?s={search_term_string}"},"query-input":{"@type":"PropertyValueSpecification","valueRequired":true,"valueName":"search_term_string"}}],"inLanguage":"es-AR"},{"@type":["Organization","Place"],"@id":"https:\/\/darkorchid-cheetah-525435.hostingersite.com\/#organization","name":"PRUEBA YKM","url":"https:\/\/darkorchid-cheetah-525435.hostingersite.com\/","logo":{"@id":"https:\/\/darkorchid-cheetah-525435.hostingersite.com\/product\/l-shape-box-apparatus\/#local-main-organization-logo"},"image":{"@id":"https:\/\/darkorchid-cheetah-525435.hostingersite.com\/product\/l-shape-box-apparatus\/#local-main-organization-logo"},"telephone":[],"openingHoursSpecification":[{"@type":"OpeningHoursSpecification","dayOfWeek":["Monday","Tuesday","Wednesday","Thursday","Friday","Saturday","Sunday"],"opens":"09:00","closes":"17:00"}]},{"@type":"ImageObject","inLanguage":"es-AR","@id":"https:\/\/darkorchid-cheetah-525435.hostingersite.com\/product\/l-shape-box-apparatus\/#local-main-organization-logo","url":"https:\/\/ykmtest.com\/wp-content\/uploads\/2025\/10\/Asset-2@2x-8.png","contentUrl":"https:\/\/ykmtest.com\/wp-content\/uploads\/2025\/10\/Asset-2@2x-8.png","width":1550,"height":323,"caption":"YKM TEST"}]},"product_price_currency":"USD","og_availability":"instock","product_availability":"instock","product_condition":"new"},"_links":{"self":[{"href":"https:\/\/ykmtest.com\/es\/wp-json\/wp\/v2\/product\/11498","targetHints":{"allow":["GET"]}}],"collection":[{"href":"https:\/\/ykmtest.com\/es\/wp-json\/wp\/v2\/product"}],"about":[{"href":"https:\/\/ykmtest.com\/es\/wp-json\/wp\/v2\/types\/product"}],"version-history":[{"count":1,"href":"https:\/\/ykmtest.com\/es\/wp-json\/wp\/v2\/product\/11498\/revisions"}],"predecessor-version":[{"id":11499,"href":"https:\/\/ykmtest.com\/es\/wp-json\/wp\/v2\/product\/11498\/revisions\/11499"}],"wp:attachment":[{"href":"https:\/\/ykmtest.com\/es\/wp-json\/wp\/v2\/media?parent=11498"}],"wp:term":[{"taxonomy":"product_brand","embeddable":true,"href":"https:\/\/ykmtest.com\/es\/wp-json\/wp\/v2\/product_brand?post=11498"},{"taxonomy":"product_cat","embeddable":true,"href":"https:\/\/ykmtest.com\/es\/wp-json\/wp\/v2\/product_cat?post=11498"},{"taxonomy":"product_tag","embeddable":true,"href":"https:\/\/ykmtest.com\/es\/wp-json\/wp\/v2\/product_tag?post=11498"}],"curies":[{"name":"wp","href":"https:\/\/api.w.org\/{rel}","templated":true}]}}