{"id":11646,"date":"2025-12-29T12:03:29","date_gmt":"2025-12-29T12:03:29","guid":{"rendered":"https:\/\/ykmtest.com\/?post_type=product&#038;p=11646"},"modified":"2025-12-29T12:03:30","modified_gmt":"2025-12-29T12:03:30","slug":"automatic-marshall-impact-compactor-for-4-and-6-astm","status":"publish","type":"product","link":"https:\/\/ykmtest.com\/es\/producto\/automatic-marshall-impact-compactor-for-4-and-6-astm\/","title":{"rendered":"Compactador de impacto Marshall autom\u00e1tico para 4\u201d y 6\u201d, ASTM"},"content":{"rendered":"<p class=\"p3\"><span lang=\"TR\">La compactadora autom\u00e1tica Marshall Impact, ASTM, est\u00e1 dise\u00f1ada para realizar la compactaci\u00f3n por impacto de mezclas asf\u00e1lticas mediante el m\u00e9todo Marshall de forma totalmente autom\u00e1tica y con una alta repetibilidad. Un chasis r\u00edgido de acero y una estructura de columna y gu\u00eda de alta resistencia amortiguan las vibraciones durante el impacto, lo que permite una transferencia de energ\u00eda sin p\u00e9rdidas a lo largo del eje del molde y proporciona una densidad objetivo y una altura de la muestra uniformes en la producci\u00f3n en serie. A trav\u00e9s de la unidad de control programable, se puede configurar f\u00e1cilmente el n\u00famero de golpes y el n\u00famero de capas; un contador digital y las funciones autom\u00e1ticas de parada al final del ciclo reducen la dependencia del operador. Un enclavamiento de seguridad que desactiva el funcionamiento cuando la tapa est\u00e1 abierta, un bot\u00f3n de parada de emergencia y una placa base amortiguadora de impactos crean un entorno de trabajo orientado a la seguridad. El sistema es compatible con moldes Marshall de 4 pulgadas (\u2248101,6 mm) y 6 pulgadas (\u2248152,4 mm); los pasadores de alineaci\u00f3n y las robustas abrazaderas de bloqueo evitan la desalineaci\u00f3n y las fugas durante el impacto, mientras que el concepto de cambio r\u00e1pido permite cambiar de tama\u00f1o en cuesti\u00f3n de minutos.<\/span><\/p>","protected":false},"excerpt":{"rendered":"<p>La compactadora autom\u00e1tica Marshall Impact para ASTM de 4\u201d y 6\u201d es un sistema de compactaci\u00f3n de muestras de asfalto totalmente automatizado con un bastidor de acero r\u00edgido, control programable de golpes y capas, alineaci\u00f3n y sujeci\u00f3n del molde, y enclavamientos de seguridad, lo que garantiza una preparaci\u00f3n repetible y conforme a la norma ASTM de muestras Marshall de 4 y 6 pulgadas con una densidad y altura uniformes.<\/p>","protected":false},"featured_media":0,"template":"","meta":{"_acf_changed":false},"product_brand":[],"product_cat":[172,176],"product_tag":[],"class_list":{"0":"post-11646","1":"product","2":"type-product","3":"status-publish","5":"product_cat-asphalt","6":"product_cat-marshall-stability-bmd-and-indirect-tensile","9":"instock","10":"shipping-taxable","11":"product-type-simple"},"acf":[],"yoast_head":"<!-- This site is optimized with the Yoast SEO Premium plugin v26.5 (Yoast SEO v26.5) - https:\/\/yoast.com\/wordpress\/plugins\/seo\/ -->\n<title>Automatic Marshall Impact Compactor for 4\u201d and 6\u201d, ASTM - YKM TEST<\/title>\n<meta name=\"description\" content=\"Automatic Marshall Impact Compactor for 4\u201d and 6\u201d ASTM for repeatable, fully automated asphalt specimen preparation with programmable blows and ASTM compliance.\" \/>\n<meta name=\"robots\" content=\"index, follow, max-snippet:-1, max-image-preview:large, max-video-preview:-1\" \/>\n<link rel=\"canonical\" href=\"https:\/\/darkorchid-cheetah-525435.hostingersite.com\/product\/automatic-marshall-impact-compactor-for-4-and-6-astm\/\" \/>\n<meta property=\"og:locale\" content=\"es_ES\" \/>\n<meta property=\"og:type\" content=\"article\" \/>\n<meta property=\"og:title\" content=\"Automatic Marshall Impact Compactor for 4\u201d and 6\u201d, ASTM\" \/>\n<meta property=\"og:description\" content=\"Automatic Marshall Impact Compactor for 4\u201d and 6\u201d ASTM for repeatable, fully automated asphalt specimen preparation with programmable blows and ASTM compliance.\" \/>\n<meta property=\"og:url\" content=\"https:\/\/darkorchid-cheetah-525435.hostingersite.com\/product\/automatic-marshall-impact-compactor-for-4-and-6-astm\/\" \/>\n<meta property=\"og:site_name\" content=\"YKM TEST\" \/>\n<meta property=\"article:modified_time\" content=\"2025-12-29T12:03:30+00:00\" \/>\n<meta name=\"twitter:card\" content=\"summary_large_image\" \/>\n<meta name=\"twitter:label1\" content=\"Price\" \/>\n\t<meta name=\"twitter:data1\" content=\"\" \/>\n\t<meta name=\"twitter:label2\" content=\"Availability\" \/>\n\t<meta name=\"twitter:data2\" content=\"In stock\" \/>\n<script type=\"application\/ld+json\" class=\"yoast-schema-graph\">{\"@context\":\"https:\/\/schema.org\",\"@graph\":[{\"@type\":\"WebPage\",\"@id\":\"https:\/\/darkorchid-cheetah-525435.hostingersite.com\/product\/automatic-marshall-impact-compactor-for-4-and-6-astm\/\",\"url\":\"https:\/\/darkorchid-cheetah-525435.hostingersite.com\/product\/automatic-marshall-impact-compactor-for-4-and-6-astm\/\",\"name\":\"Automatic Marshall Impact Compactor for 4\u201d and 6\u201d, ASTM - YKM TEST\",\"isPartOf\":{\"@id\":\"https:\/\/darkorchid-cheetah-525435.hostingersite.com\/#website\"},\"datePublished\":\"2025-12-29T12:03:29+00:00\",\"dateModified\":\"2025-12-29T12:03:30+00:00\",\"description\":\"Automatic Marshall Impact Compactor for 4\u201d and 6\u201d ASTM for repeatable, fully automated asphalt specimen preparation with programmable blows and ASTM compliance.\",\"breadcrumb\":{\"@id\":\"https:\/\/darkorchid-cheetah-525435.hostingersite.com\/product\/automatic-marshall-impact-compactor-for-4-and-6-astm\/#breadcrumb\"},\"inLanguage\":\"es-AR\",\"potentialAction\":[{\"@type\":\"ReadAction\",\"target\":[\"https:\/\/darkorchid-cheetah-525435.hostingersite.com\/product\/automatic-marshall-impact-compactor-for-4-and-6-astm\/\"]}]},{\"@type\":\"BreadcrumbList\",\"@id\":\"https:\/\/darkorchid-cheetah-525435.hostingersite.com\/product\/automatic-marshall-impact-compactor-for-4-and-6-astm\/#breadcrumb\",\"itemListElement\":[{\"@type\":\"ListItem\",\"position\":1,\"name\":\"Home\",\"item\":\"https:\/\/darkorchid-cheetah-525435.hostingersite.com\/\"},{\"@type\":\"ListItem\",\"position\":2,\"name\":\"\u0422\u043e\u0432\u0430\u0440\u044b\",\"item\":\"https:\/\/ykmtest.com\/ru\/shop\/\"},{\"@type\":\"ListItem\",\"position\":3,\"name\":\"Automatic Marshall Impact Compactor for 4\u201d and 6\u201d, ASTM\"}]},{\"@type\":\"WebSite\",\"@id\":\"https:\/\/darkorchid-cheetah-525435.hostingersite.com\/#website\",\"url\":\"https:\/\/darkorchid-cheetah-525435.hostingersite.com\/\",\"name\":\"YKM TEST\",\"description\":\"\",\"publisher\":{\"@id\":\"https:\/\/darkorchid-cheetah-525435.hostingersite.com\/#organization\"},\"potentialAction\":[{\"@type\":\"SearchAction\",\"target\":{\"@type\":\"EntryPoint\",\"urlTemplate\":\"https:\/\/darkorchid-cheetah-525435.hostingersite.com\/?s={search_term_string}\"},\"query-input\":{\"@type\":\"PropertyValueSpecification\",\"valueRequired\":true,\"valueName\":\"search_term_string\"}}],\"inLanguage\":\"es-AR\"},{\"@type\":[\"Organization\",\"Place\"],\"@id\":\"https:\/\/darkorchid-cheetah-525435.hostingersite.com\/#organization\",\"name\":\"YKM TEST\",\"url\":\"https:\/\/darkorchid-cheetah-525435.hostingersite.com\/\",\"logo\":{\"@id\":\"https:\/\/darkorchid-cheetah-525435.hostingersite.com\/product\/automatic-marshall-impact-compactor-for-4-and-6-astm\/#local-main-organization-logo\"},\"image\":{\"@id\":\"https:\/\/darkorchid-cheetah-525435.hostingersite.com\/product\/automatic-marshall-impact-compactor-for-4-and-6-astm\/#local-main-organization-logo\"},\"telephone\":[],\"openingHoursSpecification\":[{\"@type\":\"OpeningHoursSpecification\",\"dayOfWeek\":[\"Monday\",\"Tuesday\",\"Wednesday\",\"Thursday\",\"Friday\",\"Saturday\",\"Sunday\"],\"opens\":\"09:00\",\"closes\":\"17:00\"}]},{\"@type\":\"ImageObject\",\"inLanguage\":\"es-AR\",\"@id\":\"https:\/\/darkorchid-cheetah-525435.hostingersite.com\/product\/automatic-marshall-impact-compactor-for-4-and-6-astm\/#local-main-organization-logo\",\"url\":\"https:\/\/ykmtest.com\/wp-content\/uploads\/2025\/10\/Asset-2@2x-8.png\",\"contentUrl\":\"https:\/\/ykmtest.com\/wp-content\/uploads\/2025\/10\/Asset-2@2x-8.png\",\"width\":1550,\"height\":323,\"caption\":\"YKM TEST\"}]}<\/script>\n<meta property=\"product:price:currency\" content=\"USD\" \/>\n<meta property=\"og:availability\" content=\"instock\" \/>\n<meta property=\"product:availability\" content=\"instock\" \/>\n<meta property=\"product:condition\" content=\"new\" \/>\n<!-- \/ Yoast SEO Premium plugin. -->","yoast_head_json":{"title":"Automatic Marshall Impact Compactor for 4\u201d and 6\u201d, ASTM - YKM TEST","description":"Automatic Marshall Impact Compactor for 4\u201d and 6\u201d ASTM for repeatable, fully automated asphalt specimen preparation with programmable blows and ASTM compliance.","robots":{"index":"index","follow":"follow","max-snippet":"max-snippet:-1","max-image-preview":"max-image-preview:large","max-video-preview":"max-video-preview:-1"},"canonical":"https:\/\/darkorchid-cheetah-525435.hostingersite.com\/product\/automatic-marshall-impact-compactor-for-4-and-6-astm\/","og_locale":"es_ES","og_type":"article","og_title":"Automatic Marshall Impact Compactor for 4\u201d and 6\u201d, ASTM","og_description":"Automatic Marshall Impact Compactor for 4\u201d and 6\u201d ASTM for repeatable, fully automated asphalt specimen preparation with programmable blows and ASTM compliance.","og_url":"https:\/\/darkorchid-cheetah-525435.hostingersite.com\/product\/automatic-marshall-impact-compactor-for-4-and-6-astm\/","og_site_name":"YKM TEST","article_modified_time":"2025-12-29T12:03:30+00:00","twitter_card":"summary_large_image","twitter_misc":{"Price":"","Availability":"In stock"},"schema":{"@context":"https:\/\/schema.org","@graph":[{"@type":"WebPage","@id":"https:\/\/darkorchid-cheetah-525435.hostingersite.com\/product\/automatic-marshall-impact-compactor-for-4-and-6-astm\/","url":"https:\/\/darkorchid-cheetah-525435.hostingersite.com\/product\/automatic-marshall-impact-compactor-for-4-and-6-astm\/","name":"Automatic Marshall Impact Compactor for 4\u201d and 6\u201d, ASTM - YKM TEST","isPartOf":{"@id":"https:\/\/darkorchid-cheetah-525435.hostingersite.com\/#website"},"datePublished":"2025-12-29T12:03:29+00:00","dateModified":"2025-12-29T12:03:30+00:00","description":"Automatic Marshall Impact Compactor for 4\u201d and 6\u201d ASTM for repeatable, fully automated asphalt specimen preparation with programmable blows and ASTM compliance.","breadcrumb":{"@id":"https:\/\/darkorchid-cheetah-525435.hostingersite.com\/product\/automatic-marshall-impact-compactor-for-4-and-6-astm\/#breadcrumb"},"inLanguage":"es-AR","potentialAction":[{"@type":"ReadAction","target":["https:\/\/darkorchid-cheetah-525435.hostingersite.com\/product\/automatic-marshall-impact-compactor-for-4-and-6-astm\/"]}]},{"@type":"BreadcrumbList","@id":"https:\/\/darkorchid-cheetah-525435.hostingersite.com\/product\/automatic-marshall-impact-compactor-for-4-and-6-astm\/#breadcrumb","itemListElement":[{"@type":"ListItem","position":1,"name":"Home","item":"https:\/\/darkorchid-cheetah-525435.hostingersite.com\/"},{"@type":"ListItem","position":2,"name":"\u0422\u043e\u0432\u0430\u0440\u044b","item":"https:\/\/ykmtest.com\/ru\/shop\/"},{"@type":"ListItem","position":3,"name":"Automatic Marshall Impact Compactor for 4\u201d and 6\u201d, ASTM"}]},{"@type":"WebSite","@id":"https:\/\/darkorchid-cheetah-525435.hostingersite.com\/#website","url":"https:\/\/darkorchid-cheetah-525435.hostingersite.com\/","name":"PRUEBA YKM","description":"","publisher":{"@id":"https:\/\/darkorchid-cheetah-525435.hostingersite.com\/#organization"},"potentialAction":[{"@type":"SearchAction","target":{"@type":"EntryPoint","urlTemplate":"https:\/\/darkorchid-cheetah-525435.hostingersite.com\/?s={search_term_string}"},"query-input":{"@type":"PropertyValueSpecification","valueRequired":true,"valueName":"search_term_string"}}],"inLanguage":"es-AR"},{"@type":["Organization","Place"],"@id":"https:\/\/darkorchid-cheetah-525435.hostingersite.com\/#organization","name":"PRUEBA YKM","url":"https:\/\/darkorchid-cheetah-525435.hostingersite.com\/","logo":{"@id":"https:\/\/darkorchid-cheetah-525435.hostingersite.com\/product\/automatic-marshall-impact-compactor-for-4-and-6-astm\/#local-main-organization-logo"},"image":{"@id":"https:\/\/darkorchid-cheetah-525435.hostingersite.com\/product\/automatic-marshall-impact-compactor-for-4-and-6-astm\/#local-main-organization-logo"},"telephone":[],"openingHoursSpecification":[{"@type":"OpeningHoursSpecification","dayOfWeek":["Monday","Tuesday","Wednesday","Thursday","Friday","Saturday","Sunday"],"opens":"09:00","closes":"17:00"}]},{"@type":"ImageObject","inLanguage":"es-AR","@id":"https:\/\/darkorchid-cheetah-525435.hostingersite.com\/product\/automatic-marshall-impact-compactor-for-4-and-6-astm\/#local-main-organization-logo","url":"https:\/\/ykmtest.com\/wp-content\/uploads\/2025\/10\/Asset-2@2x-8.png","contentUrl":"https:\/\/ykmtest.com\/wp-content\/uploads\/2025\/10\/Asset-2@2x-8.png","width":1550,"height":323,"caption":"YKM TEST"}]},"product_price_currency":"USD","og_availability":"instock","product_availability":"instock","product_condition":"new"},"_links":{"self":[{"href":"https:\/\/ykmtest.com\/es\/wp-json\/wp\/v2\/product\/11646","targetHints":{"allow":["GET"]}}],"collection":[{"href":"https:\/\/ykmtest.com\/es\/wp-json\/wp\/v2\/product"}],"about":[{"href":"https:\/\/ykmtest.com\/es\/wp-json\/wp\/v2\/types\/product"}],"version-history":[{"count":1,"href":"https:\/\/ykmtest.com\/es\/wp-json\/wp\/v2\/product\/11646\/revisions"}],"predecessor-version":[{"id":11647,"href":"https:\/\/ykmtest.com\/es\/wp-json\/wp\/v2\/product\/11646\/revisions\/11647"}],"wp:attachment":[{"href":"https:\/\/ykmtest.com\/es\/wp-json\/wp\/v2\/media?parent=11646"}],"wp:term":[{"taxonomy":"product_brand","embeddable":true,"href":"https:\/\/ykmtest.com\/es\/wp-json\/wp\/v2\/product_brand?post=11646"},{"taxonomy":"product_cat","embeddable":true,"href":"https:\/\/ykmtest.com\/es\/wp-json\/wp\/v2\/product_cat?post=11646"},{"taxonomy":"product_tag","embeddable":true,"href":"https:\/\/ykmtest.com\/es\/wp-json\/wp\/v2\/product_tag?post=11646"}],"curies":[{"name":"wp","href":"https:\/\/api.w.org\/{rel}","templated":true}]}}