{"id":11656,"date":"2025-12-29T13:40:51","date_gmt":"2025-12-29T13:40:51","guid":{"rendered":"https:\/\/ykmtest.com\/?post_type=product&#038;p=11656"},"modified":"2025-12-29T13:40:52","modified_gmt":"2025-12-29T13:40:52","slug":"marshall-stability-test-machine-with-proving-ring","status":"publish","type":"product","link":"https:\/\/ykmtest.com\/es\/producto\/marshall-stability-test-machine-with-proving-ring\/","title":{"rendered":"M\u00e1quina de ensayo de estabilidad Marshall con anillo de ensayo"},"content":{"rendered":"<p>La m\u00e1quina anal\u00f3gica de ensayo de estabilidad Marshall est\u00e1 dise\u00f1ada para determinar los valores de estabilidad (capacidad m\u00e1xima de carga) y fluidez (deformaci\u00f3n en el momento de la rotura) de las mezclas bituminosas. Se utiliza para evaluar el rendimiento de las mezclas asf\u00e1lticas y estimar su comportamiento en el campo durante el dise\u00f1o de la mezcla y el control de calidad. El sistema anal\u00f3gico de estabilidad Marshall de YKMTEST consta de un bastidor de acero de doble columna de alta resistencia, una unidad de carga mec\u00e1nica, un anillo de ensayo y un indicador de deformaci\u00f3n. La carga se aplica a trav\u00e9s de una platina que se mueve a una velocidad constante. La carga aplicada se lee directamente desde un anillo de prueba calibrado; la carga m\u00e1xima en el momento de la falla de la muestra se registra como el valor de estabilidad. Simult\u00e1neamente, se mide la deformaci\u00f3n vertical para determinar el valor de fluidez. Un mecanismo de engranajes accionado manualmente acciona la platina de carga a la velocidad de ensayo est\u00e1ndar de 50,8 mm\/min. Esta velocidad de carga constante garantiza condiciones de ensayo uniformes en todas las muestras. El anillo de prueba, fabricado en acero para resortes de precisi\u00f3n, mide la deflexi\u00f3n con alta resoluci\u00f3n para mostrar la carga real aplicada sin necesidad de sensores el\u00e9ctricos. El sistema admite muestras de diversos tama\u00f1os. Se admiten muestras Marshall est\u00e1ndar de \u00f8101,6 mm, y tambi\u00e9n se pueden ensayar muestras de \u00f8152,4 mm utilizando placas adaptadoras opcionales. La altura del travesa\u00f1o es ajustable para colocar de forma segura moldes de diferentes alturas. Esta m\u00e1quina anal\u00f3gica de ensayo de estabilidad Marshall proporciona una soluci\u00f3n fiable, precisa y rentable para el dise\u00f1o de mezclas asf\u00e1lticas, la evaluaci\u00f3n del rendimiento y el control de calidad rutinario. Los resultados de los ensayos son precisos y repetibles, lo que permite realizar predicciones realistas del rendimiento del pavimento en servicio.<\/p>","protected":false},"excerpt":{"rendered":"<p>La m\u00e1quina anal\u00f3gica Marshall Stability Test Machine con anillo de prueba es un sistema manual de alta resistencia que mide la estabilidad y la fluidez de las mezclas bituminosas aplicando una carga constante a muestras Marshall est\u00e1ndar, lo que proporciona una evaluaci\u00f3n precisa, repetible y rentable del rendimiento del asfalto.<\/p>","protected":false},"featured_media":0,"template":"","meta":{"_acf_changed":false},"product_brand":[],"product_cat":[172,176],"product_tag":[],"class_list":{"0":"post-11656","1":"product","2":"type-product","3":"status-publish","5":"product_cat-asphalt","6":"product_cat-marshall-stability-bmd-and-indirect-tensile","9":"instock","10":"shipping-taxable","11":"product-type-simple"},"acf":[],"yoast_head":"<!-- This site is optimized with the Yoast SEO Premium plugin v26.5 (Yoast SEO v27.5) - https:\/\/yoast.com\/product\/yoast-seo-premium-wordpress\/ -->\n<title>Marshall Stability Test Machine with Proving Ring - YKM TEST<\/title>\n<meta name=\"description\" content=\"Analog Marshall Stability Test Machine with proving ring for accurate determination of stability and flow values of asphalt mixtures in quality control labs.\" \/>\n<meta name=\"robots\" content=\"index, follow, max-snippet:-1, max-image-preview:large, max-video-preview:-1\" \/>\n<link rel=\"canonical\" href=\"https:\/\/darkorchid-cheetah-525435.hostingersite.com\/product\/marshall-stability-test-machine-with-proving-ring\/\" \/>\n<meta property=\"og:locale\" content=\"es_ES\" \/>\n<meta property=\"og:type\" content=\"article\" \/>\n<meta property=\"og:title\" content=\"Marshall Stability Test Machine with Proving Ring\" \/>\n<meta property=\"og:description\" content=\"Analog Marshall Stability Test Machine with proving ring for accurate determination of stability and flow values of asphalt mixtures in quality control labs.\" \/>\n<meta property=\"og:url\" content=\"https:\/\/darkorchid-cheetah-525435.hostingersite.com\/product\/marshall-stability-test-machine-with-proving-ring\/\" \/>\n<meta property=\"og:site_name\" content=\"YKM TEST\" \/>\n<meta property=\"article:modified_time\" content=\"2025-12-29T13:40:52+00:00\" \/>\n<meta name=\"twitter:card\" content=\"summary_large_image\" \/>\n<meta name=\"twitter:label1\" content=\"Price\" \/>\n\t<meta name=\"twitter:data1\" content=\"\" \/>\n\t<meta name=\"twitter:label2\" content=\"Availability\" \/>\n\t<meta name=\"twitter:data2\" content=\"In stock\" \/>\n<script type=\"application\/ld+json\" class=\"yoast-schema-graph\">{\"@context\":\"https:\\\/\\\/schema.org\",\"@graph\":[{\"@type\":\"WebPage\",\"@id\":\"https:\\\/\\\/darkorchid-cheetah-525435.hostingersite.com\\\/product\\\/marshall-stability-test-machine-with-proving-ring\\\/\",\"url\":\"https:\\\/\\\/darkorchid-cheetah-525435.hostingersite.com\\\/product\\\/marshall-stability-test-machine-with-proving-ring\\\/\",\"name\":\"Marshall Stability Test Machine with Proving Ring - YKM TEST\",\"isPartOf\":{\"@id\":\"https:\\\/\\\/darkorchid-cheetah-525435.hostingersite.com\\\/#website\"},\"datePublished\":\"2025-12-29T13:40:51+00:00\",\"dateModified\":\"2025-12-29T13:40:52+00:00\",\"description\":\"Analog Marshall Stability Test Machine with proving ring for accurate determination of stability and flow values of asphalt mixtures in quality control labs.\",\"breadcrumb\":{\"@id\":\"https:\\\/\\\/darkorchid-cheetah-525435.hostingersite.com\\\/product\\\/marshall-stability-test-machine-with-proving-ring\\\/#breadcrumb\"},\"inLanguage\":\"es-AR\",\"potentialAction\":[{\"@type\":\"ReadAction\",\"target\":[\"https:\\\/\\\/darkorchid-cheetah-525435.hostingersite.com\\\/product\\\/marshall-stability-test-machine-with-proving-ring\\\/\"]}]},{\"@type\":\"BreadcrumbList\",\"@id\":\"https:\\\/\\\/darkorchid-cheetah-525435.hostingersite.com\\\/product\\\/marshall-stability-test-machine-with-proving-ring\\\/#breadcrumb\",\"itemListElement\":[{\"@type\":\"ListItem\",\"position\":1,\"name\":\"Home\",\"item\":\"https:\\\/\\\/darkorchid-cheetah-525435.hostingersite.com\\\/\"},{\"@type\":\"ListItem\",\"position\":2,\"name\":\"\u0422\u043e\u0432\u0430\u0440\u044b\",\"item\":\"https:\\\/\\\/ykmtest.com\\\/ru\\\/shop\\\/\"},{\"@type\":\"ListItem\",\"position\":3,\"name\":\"Marshall Stability Test Machine with Proving Ring\"}]},{\"@type\":\"WebSite\",\"@id\":\"https:\\\/\\\/darkorchid-cheetah-525435.hostingersite.com\\\/#website\",\"url\":\"https:\\\/\\\/darkorchid-cheetah-525435.hostingersite.com\\\/\",\"name\":\"YKM TEST\",\"description\":\"\",\"publisher\":{\"@id\":\"https:\\\/\\\/darkorchid-cheetah-525435.hostingersite.com\\\/#organization\"},\"potentialAction\":[{\"@type\":\"SearchAction\",\"target\":{\"@type\":\"EntryPoint\",\"urlTemplate\":\"https:\\\/\\\/darkorchid-cheetah-525435.hostingersite.com\\\/?s={search_term_string}\"},\"query-input\":{\"@type\":\"PropertyValueSpecification\",\"valueRequired\":true,\"valueName\":\"search_term_string\"}}],\"inLanguage\":\"es-AR\"},{\"@type\":[\"Organization\",\"Place\"],\"@id\":\"https:\\\/\\\/darkorchid-cheetah-525435.hostingersite.com\\\/#organization\",\"name\":\"YKM TEST\",\"url\":\"https:\\\/\\\/darkorchid-cheetah-525435.hostingersite.com\\\/\",\"logo\":{\"@id\":\"https:\\\/\\\/darkorchid-cheetah-525435.hostingersite.com\\\/product\\\/marshall-stability-test-machine-with-proving-ring\\\/#local-main-organization-logo\"},\"image\":{\"@id\":\"https:\\\/\\\/darkorchid-cheetah-525435.hostingersite.com\\\/product\\\/marshall-stability-test-machine-with-proving-ring\\\/#local-main-organization-logo\"},\"telephone\":[],\"openingHoursSpecification\":[{\"@type\":\"OpeningHoursSpecification\",\"dayOfWeek\":[\"Monday\",\"Tuesday\",\"Wednesday\",\"Thursday\",\"Friday\",\"Saturday\",\"Sunday\"],\"opens\":\"09:00\",\"closes\":\"17:00\"}]},{\"@type\":\"ImageObject\",\"inLanguage\":\"es-AR\",\"@id\":\"https:\\\/\\\/darkorchid-cheetah-525435.hostingersite.com\\\/product\\\/marshall-stability-test-machine-with-proving-ring\\\/#local-main-organization-logo\",\"url\":\"https:\\\/\\\/ykmtest.com\\\/wp-content\\\/uploads\\\/2025\\\/10\\\/Asset-2@2x-8.png\",\"contentUrl\":\"https:\\\/\\\/ykmtest.com\\\/wp-content\\\/uploads\\\/2025\\\/10\\\/Asset-2@2x-8.png\",\"width\":1550,\"height\":323,\"caption\":\"YKM TEST\"}]}<\/script>\n<meta property=\"product:price:currency\" content=\"USD\" \/>\n<meta property=\"og:availability\" content=\"instock\" \/>\n<meta property=\"product:availability\" content=\"instock\" \/>\n<meta property=\"product:condition\" content=\"new\" \/>\n<!-- \/ Yoast SEO Premium plugin. -->","yoast_head_json":{"title":"Marshall Stability Test Machine with Proving Ring - YKM TEST","description":"Analog Marshall Stability Test Machine with proving ring for accurate determination of stability and flow values of asphalt mixtures in quality control labs.","robots":{"index":"index","follow":"follow","max-snippet":"max-snippet:-1","max-image-preview":"max-image-preview:large","max-video-preview":"max-video-preview:-1"},"canonical":"https:\/\/darkorchid-cheetah-525435.hostingersite.com\/product\/marshall-stability-test-machine-with-proving-ring\/","og_locale":"es_ES","og_type":"article","og_title":"Marshall Stability Test Machine with Proving Ring","og_description":"Analog Marshall Stability Test Machine with proving ring for accurate determination of stability and flow values of asphalt mixtures in quality control labs.","og_url":"https:\/\/darkorchid-cheetah-525435.hostingersite.com\/product\/marshall-stability-test-machine-with-proving-ring\/","og_site_name":"YKM TEST","article_modified_time":"2025-12-29T13:40:52+00:00","twitter_card":"summary_large_image","twitter_misc":{"Price":"","Availability":"In stock"},"schema":{"@context":"https:\/\/schema.org","@graph":[{"@type":"WebPage","@id":"https:\/\/darkorchid-cheetah-525435.hostingersite.com\/product\/marshall-stability-test-machine-with-proving-ring\/","url":"https:\/\/darkorchid-cheetah-525435.hostingersite.com\/product\/marshall-stability-test-machine-with-proving-ring\/","name":"Marshall Stability Test Machine with Proving Ring - YKM TEST","isPartOf":{"@id":"https:\/\/darkorchid-cheetah-525435.hostingersite.com\/#website"},"datePublished":"2025-12-29T13:40:51+00:00","dateModified":"2025-12-29T13:40:52+00:00","description":"Analog Marshall Stability Test Machine with proving ring for accurate determination of stability and flow values of asphalt mixtures in quality control labs.","breadcrumb":{"@id":"https:\/\/darkorchid-cheetah-525435.hostingersite.com\/product\/marshall-stability-test-machine-with-proving-ring\/#breadcrumb"},"inLanguage":"es-AR","potentialAction":[{"@type":"ReadAction","target":["https:\/\/darkorchid-cheetah-525435.hostingersite.com\/product\/marshall-stability-test-machine-with-proving-ring\/"]}]},{"@type":"BreadcrumbList","@id":"https:\/\/darkorchid-cheetah-525435.hostingersite.com\/product\/marshall-stability-test-machine-with-proving-ring\/#breadcrumb","itemListElement":[{"@type":"ListItem","position":1,"name":"Home","item":"https:\/\/darkorchid-cheetah-525435.hostingersite.com\/"},{"@type":"ListItem","position":2,"name":"\u0422\u043e\u0432\u0430\u0440\u044b","item":"https:\/\/ykmtest.com\/ru\/shop\/"},{"@type":"ListItem","position":3,"name":"Marshall Stability Test Machine with Proving Ring"}]},{"@type":"WebSite","@id":"https:\/\/darkorchid-cheetah-525435.hostingersite.com\/#website","url":"https:\/\/darkorchid-cheetah-525435.hostingersite.com\/","name":"PRUEBA YKM","description":"","publisher":{"@id":"https:\/\/darkorchid-cheetah-525435.hostingersite.com\/#organization"},"potentialAction":[{"@type":"SearchAction","target":{"@type":"EntryPoint","urlTemplate":"https:\/\/darkorchid-cheetah-525435.hostingersite.com\/?s={search_term_string}"},"query-input":{"@type":"PropertyValueSpecification","valueRequired":true,"valueName":"search_term_string"}}],"inLanguage":"es-AR"},{"@type":["Organization","Place"],"@id":"https:\/\/darkorchid-cheetah-525435.hostingersite.com\/#organization","name":"PRUEBA YKM","url":"https:\/\/darkorchid-cheetah-525435.hostingersite.com\/","logo":{"@id":"https:\/\/darkorchid-cheetah-525435.hostingersite.com\/product\/marshall-stability-test-machine-with-proving-ring\/#local-main-organization-logo"},"image":{"@id":"https:\/\/darkorchid-cheetah-525435.hostingersite.com\/product\/marshall-stability-test-machine-with-proving-ring\/#local-main-organization-logo"},"telephone":[],"openingHoursSpecification":[{"@type":"OpeningHoursSpecification","dayOfWeek":["Monday","Tuesday","Wednesday","Thursday","Friday","Saturday","Sunday"],"opens":"09:00","closes":"17:00"}]},{"@type":"ImageObject","inLanguage":"es-AR","@id":"https:\/\/darkorchid-cheetah-525435.hostingersite.com\/product\/marshall-stability-test-machine-with-proving-ring\/#local-main-organization-logo","url":"https:\/\/ykmtest.com\/wp-content\/uploads\/2025\/10\/Asset-2@2x-8.png","contentUrl":"https:\/\/ykmtest.com\/wp-content\/uploads\/2025\/10\/Asset-2@2x-8.png","width":1550,"height":323,"caption":"YKM TEST"}]},"product_price_currency":"USD","og_availability":"instock","product_availability":"instock","product_condition":"new"},"_links":{"self":[{"href":"https:\/\/ykmtest.com\/es\/wp-json\/wp\/v2\/product\/11656","targetHints":{"allow":["GET"]}}],"collection":[{"href":"https:\/\/ykmtest.com\/es\/wp-json\/wp\/v2\/product"}],"about":[{"href":"https:\/\/ykmtest.com\/es\/wp-json\/wp\/v2\/types\/product"}],"version-history":[{"count":1,"href":"https:\/\/ykmtest.com\/es\/wp-json\/wp\/v2\/product\/11656\/revisions"}],"predecessor-version":[{"id":11657,"href":"https:\/\/ykmtest.com\/es\/wp-json\/wp\/v2\/product\/11656\/revisions\/11657"}],"wp:attachment":[{"href":"https:\/\/ykmtest.com\/es\/wp-json\/wp\/v2\/media?parent=11656"}],"wp:term":[{"taxonomy":"product_brand","embeddable":true,"href":"https:\/\/ykmtest.com\/es\/wp-json\/wp\/v2\/product_brand?post=11656"},{"taxonomy":"product_cat","embeddable":true,"href":"https:\/\/ykmtest.com\/es\/wp-json\/wp\/v2\/product_cat?post=11656"},{"taxonomy":"product_tag","embeddable":true,"href":"https:\/\/ykmtest.com\/es\/wp-json\/wp\/v2\/product_tag?post=11656"}],"curies":[{"name":"wp","href":"https:\/\/api.w.org\/{rel}","templated":true}]}}