{"id":11658,"date":"2025-12-30T07:26:21","date_gmt":"2025-12-30T07:26:21","guid":{"rendered":"https:\/\/ykmtest.com\/?post_type=product&#038;p=11658"},"modified":"2025-12-30T07:26:42","modified_gmt":"2025-12-30T07:26:42","slug":"automatic-marshall-stability-test-machine","status":"publish","type":"product","link":"https:\/\/ykmtest.com\/es\/producto\/automatic-marshall-stability-test-machine\/","title":{"rendered":"M\u00e1quina autom\u00e1tica para ensayos de estabilidad Marshall"},"content":{"rendered":"<p class=\"p3\"><span lang=\"TR\">La m\u00e1quina autom\u00e1tica para ensayos de estabilidad Marshall est\u00e1 dise\u00f1ada para determinar con gran precisi\u00f3n los valores m\u00e1ximos de carga (estabilidad) y fluidez de las mezclas asf\u00e1lticas. Este sistema totalmente autom\u00e1tico y controlado en circuito cerrado realiza la carga de las muestras, la adquisici\u00f3n de datos y la evaluaci\u00f3n de los resultados en un \u00fanico flujo de trabajo, utilizando una c\u00e9lula de carga de alta precisi\u00f3n y un sensor de deformaci\u00f3n digital. Desarrollado por YKMTEST, el sistema incorpora un robusto bastidor mec\u00e1nico y una unidad de carga electromec\u00e1nica silenciosa. Un mecanismo accionado por un motor paso a paso eleva la platina de carga a una velocidad constante de 50,8 mm\/min, aplicando una fuerza controlada a la muestra. La carga aplicada se mide continuamente mediante una c\u00e9lula de carga de 50 kN de alta precisi\u00f3n y compensada por temperatura, y se muestra digitalmente. En caso de fallo, se registra autom\u00e1ticamente la carga m\u00e1xima (estabilidad), mientras que la deformaci\u00f3n (flujo) se mide simult\u00e1neamente utilizando el sensor de desplazamiento conectado. La interfaz del operador est\u00e1 dise\u00f1ada para satisfacer los requisitos de los laboratorios de asfalto modernos. Los par\u00e1metros de prueba se introducen f\u00e1cilmente a trav\u00e9s de una pantalla t\u00e1ctil en color de 10\u2033; durante la prueba se muestra la curva de carga-deformaci\u00f3n en tiempo real y el sistema se detiene autom\u00e1ticamente al finalizar. El software registra la informaci\u00f3n de la muestra, la duraci\u00f3n de la carga, la estabilidad y los valores de flujo de cada prueba. Los datos se pueden transferir a trav\u00e9s de una conexi\u00f3n USB o PC, y la generaci\u00f3n autom\u00e1tica de informes permite un c\u00f3modo archivo. El bastidor de acero de doble columna garantiza una larga vida \u00fatil, mientras que el motor funciona de forma silenciosa y con m\u00ednimas vibraciones. El travesa\u00f1o ajustable admite tanto muestras Marshall est\u00e1ndar de \u00f8101,6 mm como muestras sobredimensionadas de \u00f8152,4 mm. El sistema de control est\u00e1 equipado con funciones de calibraci\u00f3n y auto-cero para minimizar los errores del operador. Cuando comienza la prueba, el sistema pone a cero la c\u00e9lula de carga y el sensor de deformaci\u00f3n; a continuaci\u00f3n, la carga se inicia autom\u00e1ticamente. Cuando se detecta la carga m\u00e1xima, la m\u00e1quina se detiene. Durante todo el proceso, la velocidad de la prueba se mantiene constante y la curva de carga-deformaci\u00f3n se muestra en tiempo real. El sistema de ensayo Marshall totalmente autom\u00e1tico de YKMTEST ofrece una alta precisi\u00f3n, repetibilidad y comodidad para el usuario. Proporciona un flujo de trabajo de ensayo estandarizado sin necesidad de lecturas manuales, ajustes mec\u00e1nicos o introducci\u00f3n manual de datos.<\/span><\/p>","protected":false},"excerpt":{"rendered":"<p>La m\u00e1quina autom\u00e1tica para pruebas de estabilidad Marshall es un sistema totalmente automatizado y de alta precisi\u00f3n que mide la estabilidad y la fluidez de las mezclas asf\u00e1lticas aplicando una carga constante a las muestras Marshall, registrando digitalmente la carga y la deformaci\u00f3n, y proporcionando una evaluaci\u00f3n precisa, repetible y f\u00e1cil de usar del rendimiento del asfalto con adquisici\u00f3n de datos y generaci\u00f3n de informes integrados.<\/p>","protected":false},"featured_media":0,"template":"","meta":{"_acf_changed":false},"product_brand":[],"product_cat":[172,176],"product_tag":[],"class_list":{"0":"post-11658","1":"product","2":"type-product","3":"status-publish","5":"product_cat-asphalt","6":"product_cat-marshall-stability-bmd-and-indirect-tensile","9":"instock","10":"shipping-taxable","11":"product-type-simple"},"acf":[],"yoast_head":"<!-- This site is optimized with the Yoast SEO Premium plugin v26.5 (Yoast SEO v27.5) - https:\/\/yoast.com\/product\/yoast-seo-premium-wordpress\/ -->\n<title>Automatic Marshall Stability Test Machine - YKM TEST<\/title>\n<meta name=\"description\" content=\"Automatic Marshall Stability Test Machine for digital, high-precision measurement of stability and flow of asphalt mixtures with automatic data recording.\" \/>\n<meta name=\"robots\" content=\"index, follow, max-snippet:-1, max-image-preview:large, max-video-preview:-1\" \/>\n<link rel=\"canonical\" href=\"https:\/\/darkorchid-cheetah-525435.hostingersite.com\/product\/automatic-marshall-stability-test-machine\/\" \/>\n<meta property=\"og:locale\" content=\"es_ES\" \/>\n<meta property=\"og:type\" content=\"article\" \/>\n<meta property=\"og:title\" content=\"Automatic Marshall Stability Test Machine\" \/>\n<meta property=\"og:description\" content=\"Automatic Marshall Stability Test Machine for digital, high-precision measurement of stability and flow of asphalt mixtures with automatic data recording.\" \/>\n<meta property=\"og:url\" content=\"https:\/\/darkorchid-cheetah-525435.hostingersite.com\/product\/automatic-marshall-stability-test-machine\/\" \/>\n<meta property=\"og:site_name\" content=\"YKM TEST\" \/>\n<meta property=\"article:modified_time\" content=\"2025-12-30T07:26:42+00:00\" \/>\n<meta name=\"twitter:card\" content=\"summary_large_image\" \/>\n<meta name=\"twitter:label1\" content=\"Price\" \/>\n\t<meta name=\"twitter:data1\" content=\"\" \/>\n\t<meta name=\"twitter:label2\" content=\"Availability\" \/>\n\t<meta name=\"twitter:data2\" content=\"In stock\" \/>\n<script type=\"application\/ld+json\" class=\"yoast-schema-graph\">{\"@context\":\"https:\\\/\\\/schema.org\",\"@graph\":[{\"@type\":\"WebPage\",\"@id\":\"https:\\\/\\\/darkorchid-cheetah-525435.hostingersite.com\\\/product\\\/automatic-marshall-stability-test-machine\\\/\",\"url\":\"https:\\\/\\\/darkorchid-cheetah-525435.hostingersite.com\\\/product\\\/automatic-marshall-stability-test-machine\\\/\",\"name\":\"Automatic Marshall Stability Test Machine - YKM TEST\",\"isPartOf\":{\"@id\":\"https:\\\/\\\/darkorchid-cheetah-525435.hostingersite.com\\\/#website\"},\"datePublished\":\"2025-12-30T07:26:21+00:00\",\"dateModified\":\"2025-12-30T07:26:42+00:00\",\"description\":\"Automatic Marshall Stability Test Machine for digital, high-precision measurement of stability and flow of asphalt mixtures with automatic data recording.\",\"breadcrumb\":{\"@id\":\"https:\\\/\\\/darkorchid-cheetah-525435.hostingersite.com\\\/product\\\/automatic-marshall-stability-test-machine\\\/#breadcrumb\"},\"inLanguage\":\"es-AR\",\"potentialAction\":[{\"@type\":\"ReadAction\",\"target\":[\"https:\\\/\\\/darkorchid-cheetah-525435.hostingersite.com\\\/product\\\/automatic-marshall-stability-test-machine\\\/\"]}]},{\"@type\":\"BreadcrumbList\",\"@id\":\"https:\\\/\\\/darkorchid-cheetah-525435.hostingersite.com\\\/product\\\/automatic-marshall-stability-test-machine\\\/#breadcrumb\",\"itemListElement\":[{\"@type\":\"ListItem\",\"position\":1,\"name\":\"Home\",\"item\":\"https:\\\/\\\/darkorchid-cheetah-525435.hostingersite.com\\\/\"},{\"@type\":\"ListItem\",\"position\":2,\"name\":\"\u0422\u043e\u0432\u0430\u0440\u044b\",\"item\":\"https:\\\/\\\/ykmtest.com\\\/ru\\\/shop\\\/\"},{\"@type\":\"ListItem\",\"position\":3,\"name\":\"Automatic Marshall Stability Test Machine\"}]},{\"@type\":\"WebSite\",\"@id\":\"https:\\\/\\\/darkorchid-cheetah-525435.hostingersite.com\\\/#website\",\"url\":\"https:\\\/\\\/darkorchid-cheetah-525435.hostingersite.com\\\/\",\"name\":\"YKM TEST\",\"description\":\"\",\"publisher\":{\"@id\":\"https:\\\/\\\/darkorchid-cheetah-525435.hostingersite.com\\\/#organization\"},\"potentialAction\":[{\"@type\":\"SearchAction\",\"target\":{\"@type\":\"EntryPoint\",\"urlTemplate\":\"https:\\\/\\\/darkorchid-cheetah-525435.hostingersite.com\\\/?s={search_term_string}\"},\"query-input\":{\"@type\":\"PropertyValueSpecification\",\"valueRequired\":true,\"valueName\":\"search_term_string\"}}],\"inLanguage\":\"es-AR\"},{\"@type\":[\"Organization\",\"Place\"],\"@id\":\"https:\\\/\\\/darkorchid-cheetah-525435.hostingersite.com\\\/#organization\",\"name\":\"YKM TEST\",\"url\":\"https:\\\/\\\/darkorchid-cheetah-525435.hostingersite.com\\\/\",\"logo\":{\"@id\":\"https:\\\/\\\/darkorchid-cheetah-525435.hostingersite.com\\\/product\\\/automatic-marshall-stability-test-machine\\\/#local-main-organization-logo\"},\"image\":{\"@id\":\"https:\\\/\\\/darkorchid-cheetah-525435.hostingersite.com\\\/product\\\/automatic-marshall-stability-test-machine\\\/#local-main-organization-logo\"},\"telephone\":[],\"openingHoursSpecification\":[{\"@type\":\"OpeningHoursSpecification\",\"dayOfWeek\":[\"Monday\",\"Tuesday\",\"Wednesday\",\"Thursday\",\"Friday\",\"Saturday\",\"Sunday\"],\"opens\":\"09:00\",\"closes\":\"17:00\"}]},{\"@type\":\"ImageObject\",\"inLanguage\":\"es-AR\",\"@id\":\"https:\\\/\\\/darkorchid-cheetah-525435.hostingersite.com\\\/product\\\/automatic-marshall-stability-test-machine\\\/#local-main-organization-logo\",\"url\":\"https:\\\/\\\/ykmtest.com\\\/wp-content\\\/uploads\\\/2025\\\/10\\\/Asset-2@2x-8.png\",\"contentUrl\":\"https:\\\/\\\/ykmtest.com\\\/wp-content\\\/uploads\\\/2025\\\/10\\\/Asset-2@2x-8.png\",\"width\":1550,\"height\":323,\"caption\":\"YKM TEST\"}]}<\/script>\n<meta property=\"product:price:currency\" content=\"USD\" \/>\n<meta property=\"og:availability\" content=\"instock\" \/>\n<meta property=\"product:availability\" content=\"instock\" \/>\n<meta property=\"product:condition\" content=\"new\" \/>\n<!-- \/ Yoast SEO Premium plugin. -->","yoast_head_json":{"title":"Automatic Marshall Stability Test Machine - YKM TEST","description":"Automatic Marshall Stability Test Machine for digital, high-precision measurement of stability and flow of asphalt mixtures with automatic data recording.","robots":{"index":"index","follow":"follow","max-snippet":"max-snippet:-1","max-image-preview":"max-image-preview:large","max-video-preview":"max-video-preview:-1"},"canonical":"https:\/\/darkorchid-cheetah-525435.hostingersite.com\/product\/automatic-marshall-stability-test-machine\/","og_locale":"es_ES","og_type":"article","og_title":"Automatic Marshall Stability Test Machine","og_description":"Automatic Marshall Stability Test Machine for digital, high-precision measurement of stability and flow of asphalt mixtures with automatic data recording.","og_url":"https:\/\/darkorchid-cheetah-525435.hostingersite.com\/product\/automatic-marshall-stability-test-machine\/","og_site_name":"YKM TEST","article_modified_time":"2025-12-30T07:26:42+00:00","twitter_card":"summary_large_image","twitter_misc":{"Price":"","Availability":"In stock"},"schema":{"@context":"https:\/\/schema.org","@graph":[{"@type":"WebPage","@id":"https:\/\/darkorchid-cheetah-525435.hostingersite.com\/product\/automatic-marshall-stability-test-machine\/","url":"https:\/\/darkorchid-cheetah-525435.hostingersite.com\/product\/automatic-marshall-stability-test-machine\/","name":"Automatic Marshall Stability Test Machine - YKM TEST","isPartOf":{"@id":"https:\/\/darkorchid-cheetah-525435.hostingersite.com\/#website"},"datePublished":"2025-12-30T07:26:21+00:00","dateModified":"2025-12-30T07:26:42+00:00","description":"Automatic Marshall Stability Test Machine for digital, high-precision measurement of stability and flow of asphalt mixtures with automatic data recording.","breadcrumb":{"@id":"https:\/\/darkorchid-cheetah-525435.hostingersite.com\/product\/automatic-marshall-stability-test-machine\/#breadcrumb"},"inLanguage":"es-AR","potentialAction":[{"@type":"ReadAction","target":["https:\/\/darkorchid-cheetah-525435.hostingersite.com\/product\/automatic-marshall-stability-test-machine\/"]}]},{"@type":"BreadcrumbList","@id":"https:\/\/darkorchid-cheetah-525435.hostingersite.com\/product\/automatic-marshall-stability-test-machine\/#breadcrumb","itemListElement":[{"@type":"ListItem","position":1,"name":"Home","item":"https:\/\/darkorchid-cheetah-525435.hostingersite.com\/"},{"@type":"ListItem","position":2,"name":"\u0422\u043e\u0432\u0430\u0440\u044b","item":"https:\/\/ykmtest.com\/ru\/shop\/"},{"@type":"ListItem","position":3,"name":"Automatic Marshall Stability Test Machine"}]},{"@type":"WebSite","@id":"https:\/\/darkorchid-cheetah-525435.hostingersite.com\/#website","url":"https:\/\/darkorchid-cheetah-525435.hostingersite.com\/","name":"PRUEBA YKM","description":"","publisher":{"@id":"https:\/\/darkorchid-cheetah-525435.hostingersite.com\/#organization"},"potentialAction":[{"@type":"SearchAction","target":{"@type":"EntryPoint","urlTemplate":"https:\/\/darkorchid-cheetah-525435.hostingersite.com\/?s={search_term_string}"},"query-input":{"@type":"PropertyValueSpecification","valueRequired":true,"valueName":"search_term_string"}}],"inLanguage":"es-AR"},{"@type":["Organization","Place"],"@id":"https:\/\/darkorchid-cheetah-525435.hostingersite.com\/#organization","name":"PRUEBA YKM","url":"https:\/\/darkorchid-cheetah-525435.hostingersite.com\/","logo":{"@id":"https:\/\/darkorchid-cheetah-525435.hostingersite.com\/product\/automatic-marshall-stability-test-machine\/#local-main-organization-logo"},"image":{"@id":"https:\/\/darkorchid-cheetah-525435.hostingersite.com\/product\/automatic-marshall-stability-test-machine\/#local-main-organization-logo"},"telephone":[],"openingHoursSpecification":[{"@type":"OpeningHoursSpecification","dayOfWeek":["Monday","Tuesday","Wednesday","Thursday","Friday","Saturday","Sunday"],"opens":"09:00","closes":"17:00"}]},{"@type":"ImageObject","inLanguage":"es-AR","@id":"https:\/\/darkorchid-cheetah-525435.hostingersite.com\/product\/automatic-marshall-stability-test-machine\/#local-main-organization-logo","url":"https:\/\/ykmtest.com\/wp-content\/uploads\/2025\/10\/Asset-2@2x-8.png","contentUrl":"https:\/\/ykmtest.com\/wp-content\/uploads\/2025\/10\/Asset-2@2x-8.png","width":1550,"height":323,"caption":"YKM TEST"}]},"product_price_currency":"USD","og_availability":"instock","product_availability":"instock","product_condition":"new"},"_links":{"self":[{"href":"https:\/\/ykmtest.com\/es\/wp-json\/wp\/v2\/product\/11658","targetHints":{"allow":["GET"]}}],"collection":[{"href":"https:\/\/ykmtest.com\/es\/wp-json\/wp\/v2\/product"}],"about":[{"href":"https:\/\/ykmtest.com\/es\/wp-json\/wp\/v2\/types\/product"}],"version-history":[{"count":2,"href":"https:\/\/ykmtest.com\/es\/wp-json\/wp\/v2\/product\/11658\/revisions"}],"predecessor-version":[{"id":11660,"href":"https:\/\/ykmtest.com\/es\/wp-json\/wp\/v2\/product\/11658\/revisions\/11660"}],"wp:attachment":[{"href":"https:\/\/ykmtest.com\/es\/wp-json\/wp\/v2\/media?parent=11658"}],"wp:term":[{"taxonomy":"product_brand","embeddable":true,"href":"https:\/\/ykmtest.com\/es\/wp-json\/wp\/v2\/product_brand?post=11658"},{"taxonomy":"product_cat","embeddable":true,"href":"https:\/\/ykmtest.com\/es\/wp-json\/wp\/v2\/product_cat?post=11658"},{"taxonomy":"product_tag","embeddable":true,"href":"https:\/\/ykmtest.com\/es\/wp-json\/wp\/v2\/product_tag?post=11658"}],"curies":[{"name":"wp","href":"https:\/\/api.w.org\/{rel}","templated":true}]}}