{"id":11661,"date":"2025-12-30T07:31:13","date_gmt":"2025-12-30T07:31:13","guid":{"rendered":"https:\/\/ykmtest.com\/?post_type=product&#038;p=11661"},"modified":"2025-12-30T07:31:14","modified_gmt":"2025-12-30T07:31:14","slug":"vialit-plate-adhesion-test-apparatus","status":"publish","type":"product","link":"https:\/\/ykmtest.com\/es\/producto\/vialit-plate-adhesion-test-apparatus\/","title":{"rendered":"Aparato para pruebas de adhesi\u00f3n en placas Vialit"},"content":{"rendered":"<p class=\"p3\"><span lang=\"TR\">El aparato de prueba de adhesi\u00f3n de placas Vialit est\u00e1 dise\u00f1ado para evaluar el rendimiento de adhesi\u00f3n entre los agregados y el bet\u00fan en laboratorios de producci\u00f3n y control de calidad de asfalto. En este m\u00e9todo, se recubre una placa de acero estandarizada con bet\u00fan, se esparcen \u201cvirutas\u201d sobre la superficie y se deja caer una bola de acero de 512 g sobre la placa para evaluar la capacidad de adhesi\u00f3n. El aparato sostiene la placa de prueba sobre tres pernos verticales montados en una base met\u00e1lica r\u00edgida. Tras el impacto, se cuenta el n\u00famero de gravilla desprendida para determinar el rendimiento de adhesi\u00f3n entre el agregado y el bet\u00fan.<\/span><\/p>","protected":false},"excerpt":{"rendered":"<p class=\"p1\"><span lang=\"TR\">El aparato de ensayo de adherencia de placas Vialit es un dispositivo de laboratorio que eval\u00faa la adherencia entre los agregados y el bet\u00fan dejando caer una bola de acero est\u00e1ndar sobre una placa recubierta de bet\u00fan con virutas superficiales y midiendo el n\u00famero de part\u00edculas desprendidas.<\/span><\/p>","protected":false},"featured_media":0,"template":"","meta":{"_acf_changed":false},"product_brand":[],"product_cat":[172,177],"product_tag":[],"class_list":{"0":"post-11661","1":"product","2":"type-product","3":"status-publish","5":"product_cat-asphalt","6":"product_cat-road-quality-testing","9":"instock","10":"shipping-taxable","11":"product-type-simple"},"acf":[],"yoast_head":"<!-- This site is optimized with the Yoast SEO Premium plugin v26.5 (Yoast SEO v26.5) - https:\/\/yoast.com\/wordpress\/plugins\/seo\/ -->\n<title>Vialit Plate Adhesion Test Apparatus - YKM TEST<\/title>\n<meta name=\"description\" content=\"Vialit Plate Adhesion Test Apparatus for evaluating aggregate\u2013bitumen adhesion by impact method in asphalt quality control laboratories.\" \/>\n<meta name=\"robots\" content=\"index, follow, max-snippet:-1, max-image-preview:large, max-video-preview:-1\" \/>\n<link rel=\"canonical\" href=\"https:\/\/darkorchid-cheetah-525435.hostingersite.com\/product\/vialit-plate-adhesion-test-apparatus\/\" \/>\n<meta property=\"og:locale\" content=\"es_ES\" \/>\n<meta property=\"og:type\" content=\"article\" \/>\n<meta property=\"og:title\" content=\"Vialit Plate Adhesion Test Apparatus\" \/>\n<meta property=\"og:description\" content=\"Vialit Plate Adhesion Test Apparatus for evaluating aggregate\u2013bitumen adhesion by impact method in asphalt quality control laboratories.\" \/>\n<meta property=\"og:url\" content=\"https:\/\/darkorchid-cheetah-525435.hostingersite.com\/product\/vialit-plate-adhesion-test-apparatus\/\" \/>\n<meta property=\"og:site_name\" content=\"YKM TEST\" \/>\n<meta property=\"article:modified_time\" content=\"2025-12-30T07:31:14+00:00\" \/>\n<meta name=\"twitter:card\" content=\"summary_large_image\" \/>\n<meta name=\"twitter:label1\" content=\"Price\" \/>\n\t<meta name=\"twitter:data1\" content=\"\" \/>\n\t<meta name=\"twitter:label2\" content=\"Availability\" \/>\n\t<meta name=\"twitter:data2\" content=\"In stock\" \/>\n<script type=\"application\/ld+json\" class=\"yoast-schema-graph\">{\"@context\":\"https:\/\/schema.org\",\"@graph\":[{\"@type\":\"WebPage\",\"@id\":\"https:\/\/darkorchid-cheetah-525435.hostingersite.com\/product\/vialit-plate-adhesion-test-apparatus\/\",\"url\":\"https:\/\/darkorchid-cheetah-525435.hostingersite.com\/product\/vialit-plate-adhesion-test-apparatus\/\",\"name\":\"Vialit Plate Adhesion Test Apparatus - YKM TEST\",\"isPartOf\":{\"@id\":\"https:\/\/darkorchid-cheetah-525435.hostingersite.com\/#website\"},\"datePublished\":\"2025-12-30T07:31:13+00:00\",\"dateModified\":\"2025-12-30T07:31:14+00:00\",\"description\":\"Vialit Plate Adhesion Test Apparatus for evaluating aggregate\u2013bitumen adhesion by impact method in asphalt quality control laboratories.\",\"breadcrumb\":{\"@id\":\"https:\/\/darkorchid-cheetah-525435.hostingersite.com\/product\/vialit-plate-adhesion-test-apparatus\/#breadcrumb\"},\"inLanguage\":\"es-AR\",\"potentialAction\":[{\"@type\":\"ReadAction\",\"target\":[\"https:\/\/darkorchid-cheetah-525435.hostingersite.com\/product\/vialit-plate-adhesion-test-apparatus\/\"]}]},{\"@type\":\"BreadcrumbList\",\"@id\":\"https:\/\/darkorchid-cheetah-525435.hostingersite.com\/product\/vialit-plate-adhesion-test-apparatus\/#breadcrumb\",\"itemListElement\":[{\"@type\":\"ListItem\",\"position\":1,\"name\":\"Home\",\"item\":\"https:\/\/darkorchid-cheetah-525435.hostingersite.com\/\"},{\"@type\":\"ListItem\",\"position\":2,\"name\":\"\u0422\u043e\u0432\u0430\u0440\u044b\",\"item\":\"https:\/\/ykmtest.com\/ru\/shop\/\"},{\"@type\":\"ListItem\",\"position\":3,\"name\":\"Vialit Plate Adhesion Test Apparatus\"}]},{\"@type\":\"WebSite\",\"@id\":\"https:\/\/darkorchid-cheetah-525435.hostingersite.com\/#website\",\"url\":\"https:\/\/darkorchid-cheetah-525435.hostingersite.com\/\",\"name\":\"YKM TEST\",\"description\":\"\",\"publisher\":{\"@id\":\"https:\/\/darkorchid-cheetah-525435.hostingersite.com\/#organization\"},\"potentialAction\":[{\"@type\":\"SearchAction\",\"target\":{\"@type\":\"EntryPoint\",\"urlTemplate\":\"https:\/\/darkorchid-cheetah-525435.hostingersite.com\/?s={search_term_string}\"},\"query-input\":{\"@type\":\"PropertyValueSpecification\",\"valueRequired\":true,\"valueName\":\"search_term_string\"}}],\"inLanguage\":\"es-AR\"},{\"@type\":[\"Organization\",\"Place\"],\"@id\":\"https:\/\/darkorchid-cheetah-525435.hostingersite.com\/#organization\",\"name\":\"YKM TEST\",\"url\":\"https:\/\/darkorchid-cheetah-525435.hostingersite.com\/\",\"logo\":{\"@id\":\"https:\/\/darkorchid-cheetah-525435.hostingersite.com\/product\/vialit-plate-adhesion-test-apparatus\/#local-main-organization-logo\"},\"image\":{\"@id\":\"https:\/\/darkorchid-cheetah-525435.hostingersite.com\/product\/vialit-plate-adhesion-test-apparatus\/#local-main-organization-logo\"},\"telephone\":[],\"openingHoursSpecification\":[{\"@type\":\"OpeningHoursSpecification\",\"dayOfWeek\":[\"Monday\",\"Tuesday\",\"Wednesday\",\"Thursday\",\"Friday\",\"Saturday\",\"Sunday\"],\"opens\":\"09:00\",\"closes\":\"17:00\"}]},{\"@type\":\"ImageObject\",\"inLanguage\":\"es-AR\",\"@id\":\"https:\/\/darkorchid-cheetah-525435.hostingersite.com\/product\/vialit-plate-adhesion-test-apparatus\/#local-main-organization-logo\",\"url\":\"https:\/\/ykmtest.com\/wp-content\/uploads\/2025\/10\/Asset-2@2x-8.png\",\"contentUrl\":\"https:\/\/ykmtest.com\/wp-content\/uploads\/2025\/10\/Asset-2@2x-8.png\",\"width\":1550,\"height\":323,\"caption\":\"YKM TEST\"}]}<\/script>\n<meta property=\"product:price:currency\" content=\"USD\" \/>\n<meta property=\"og:availability\" content=\"instock\" \/>\n<meta property=\"product:availability\" content=\"instock\" \/>\n<meta property=\"product:condition\" content=\"new\" \/>\n<!-- \/ Yoast SEO Premium plugin. -->","yoast_head_json":{"title":"Vialit Plate Adhesion Test Apparatus - YKM TEST","description":"Vialit Plate Adhesion Test Apparatus for evaluating aggregate\u2013bitumen adhesion by impact method in asphalt quality control laboratories.","robots":{"index":"index","follow":"follow","max-snippet":"max-snippet:-1","max-image-preview":"max-image-preview:large","max-video-preview":"max-video-preview:-1"},"canonical":"https:\/\/darkorchid-cheetah-525435.hostingersite.com\/product\/vialit-plate-adhesion-test-apparatus\/","og_locale":"es_ES","og_type":"article","og_title":"Vialit Plate Adhesion Test Apparatus","og_description":"Vialit Plate Adhesion Test Apparatus for evaluating aggregate\u2013bitumen adhesion by impact method in asphalt quality control laboratories.","og_url":"https:\/\/darkorchid-cheetah-525435.hostingersite.com\/product\/vialit-plate-adhesion-test-apparatus\/","og_site_name":"YKM TEST","article_modified_time":"2025-12-30T07:31:14+00:00","twitter_card":"summary_large_image","twitter_misc":{"Price":"","Availability":"In stock"},"schema":{"@context":"https:\/\/schema.org","@graph":[{"@type":"WebPage","@id":"https:\/\/darkorchid-cheetah-525435.hostingersite.com\/product\/vialit-plate-adhesion-test-apparatus\/","url":"https:\/\/darkorchid-cheetah-525435.hostingersite.com\/product\/vialit-plate-adhesion-test-apparatus\/","name":"Vialit Plate Adhesion Test Apparatus - YKM TEST","isPartOf":{"@id":"https:\/\/darkorchid-cheetah-525435.hostingersite.com\/#website"},"datePublished":"2025-12-30T07:31:13+00:00","dateModified":"2025-12-30T07:31:14+00:00","description":"Vialit Plate Adhesion Test Apparatus for evaluating aggregate\u2013bitumen adhesion by impact method in asphalt quality control laboratories.","breadcrumb":{"@id":"https:\/\/darkorchid-cheetah-525435.hostingersite.com\/product\/vialit-plate-adhesion-test-apparatus\/#breadcrumb"},"inLanguage":"es-AR","potentialAction":[{"@type":"ReadAction","target":["https:\/\/darkorchid-cheetah-525435.hostingersite.com\/product\/vialit-plate-adhesion-test-apparatus\/"]}]},{"@type":"BreadcrumbList","@id":"https:\/\/darkorchid-cheetah-525435.hostingersite.com\/product\/vialit-plate-adhesion-test-apparatus\/#breadcrumb","itemListElement":[{"@type":"ListItem","position":1,"name":"Home","item":"https:\/\/darkorchid-cheetah-525435.hostingersite.com\/"},{"@type":"ListItem","position":2,"name":"\u0422\u043e\u0432\u0430\u0440\u044b","item":"https:\/\/ykmtest.com\/ru\/shop\/"},{"@type":"ListItem","position":3,"name":"Vialit Plate Adhesion Test Apparatus"}]},{"@type":"WebSite","@id":"https:\/\/darkorchid-cheetah-525435.hostingersite.com\/#website","url":"https:\/\/darkorchid-cheetah-525435.hostingersite.com\/","name":"PRUEBA YKM","description":"","publisher":{"@id":"https:\/\/darkorchid-cheetah-525435.hostingersite.com\/#organization"},"potentialAction":[{"@type":"SearchAction","target":{"@type":"EntryPoint","urlTemplate":"https:\/\/darkorchid-cheetah-525435.hostingersite.com\/?s={search_term_string}"},"query-input":{"@type":"PropertyValueSpecification","valueRequired":true,"valueName":"search_term_string"}}],"inLanguage":"es-AR"},{"@type":["Organization","Place"],"@id":"https:\/\/darkorchid-cheetah-525435.hostingersite.com\/#organization","name":"PRUEBA YKM","url":"https:\/\/darkorchid-cheetah-525435.hostingersite.com\/","logo":{"@id":"https:\/\/darkorchid-cheetah-525435.hostingersite.com\/product\/vialit-plate-adhesion-test-apparatus\/#local-main-organization-logo"},"image":{"@id":"https:\/\/darkorchid-cheetah-525435.hostingersite.com\/product\/vialit-plate-adhesion-test-apparatus\/#local-main-organization-logo"},"telephone":[],"openingHoursSpecification":[{"@type":"OpeningHoursSpecification","dayOfWeek":["Monday","Tuesday","Wednesday","Thursday","Friday","Saturday","Sunday"],"opens":"09:00","closes":"17:00"}]},{"@type":"ImageObject","inLanguage":"es-AR","@id":"https:\/\/darkorchid-cheetah-525435.hostingersite.com\/product\/vialit-plate-adhesion-test-apparatus\/#local-main-organization-logo","url":"https:\/\/ykmtest.com\/wp-content\/uploads\/2025\/10\/Asset-2@2x-8.png","contentUrl":"https:\/\/ykmtest.com\/wp-content\/uploads\/2025\/10\/Asset-2@2x-8.png","width":1550,"height":323,"caption":"YKM TEST"}]},"product_price_currency":"USD","og_availability":"instock","product_availability":"instock","product_condition":"new"},"_links":{"self":[{"href":"https:\/\/ykmtest.com\/es\/wp-json\/wp\/v2\/product\/11661","targetHints":{"allow":["GET"]}}],"collection":[{"href":"https:\/\/ykmtest.com\/es\/wp-json\/wp\/v2\/product"}],"about":[{"href":"https:\/\/ykmtest.com\/es\/wp-json\/wp\/v2\/types\/product"}],"version-history":[{"count":1,"href":"https:\/\/ykmtest.com\/es\/wp-json\/wp\/v2\/product\/11661\/revisions"}],"predecessor-version":[{"id":11662,"href":"https:\/\/ykmtest.com\/es\/wp-json\/wp\/v2\/product\/11661\/revisions\/11662"}],"wp:attachment":[{"href":"https:\/\/ykmtest.com\/es\/wp-json\/wp\/v2\/media?parent=11661"}],"wp:term":[{"taxonomy":"product_brand","embeddable":true,"href":"https:\/\/ykmtest.com\/es\/wp-json\/wp\/v2\/product_brand?post=11661"},{"taxonomy":"product_cat","embeddable":true,"href":"https:\/\/ykmtest.com\/es\/wp-json\/wp\/v2\/product_cat?post=11661"},{"taxonomy":"product_tag","embeddable":true,"href":"https:\/\/ykmtest.com\/es\/wp-json\/wp\/v2\/product_tag?post=11661"}],"curies":[{"name":"wp","href":"https:\/\/api.w.org\/{rel}","templated":true}]}}