{"id":11670,"date":"2025-12-30T08:22:08","date_gmt":"2025-12-30T08:22:08","guid":{"rendered":"https:\/\/ykmtest.com\/?post_type=product&#038;p=11670"},"modified":"2025-12-30T08:22:32","modified_gmt":"2025-12-30T08:22:32","slug":"automatic-rock-uniaxial-and-triaxial-testing-systemautomatic-rock-uniaxial-and-triaxial-testing-system","status":"publish","type":"product","link":"https:\/\/ykmtest.com\/es\/producto\/automatic-rock-uniaxial-and-triaxial-testing-systemautomatic-rock-uniaxial-and-triaxial-testing-system\/","title":{"rendered":"Sistema autom\u00e1tico de ensayos uniaxiales y triaxiales de rocas"},"content":{"rendered":"<p>El sistema autom\u00e1tico de ensayos uniaxiales y triaxiales de rocas mide la respuesta de la muestra bajo carga axial mientras aplica simult\u00e1neamente presi\u00f3n de confinamiento, simulando as\u00ed las condiciones subterr\u00e1neas en un entorno de laboratorio controlado. Gracias a su mecanismo de control totalmente autom\u00e1tico, el sistema realiza ciclos de carga, descarga y tensi\u00f3n-deformaci\u00f3n con gran precisi\u00f3n. En los ensayos uniaxiales, el sistema determina la resistencia a la compresi\u00f3n uniaxial, el m\u00f3dulo de deformaci\u00f3n y el comportamiento de fallo de la muestra de roca, mientras que en los ensayos triaxiales se obtienen par\u00e1metros como la cohesi\u00f3n, el \u00e1ngulo de fricci\u00f3n interna y la envolvente de resistencia. El software del sistema registra datos como curvas de tensi\u00f3n-deformaci\u00f3n, valores de deformaci\u00f3n y par\u00e1metros el\u00e1sticos en tiempo real, lo que permite a los usuarios obtener conjuntos de datos fiables tanto para aplicaciones de investigaci\u00f3n como de ingenier\u00eda. Con una avanzada integraci\u00f3n de sensores, el sistema proporciona un control de la presi\u00f3n de confinamiento con una precisi\u00f3n de \u00b10,1 bar y mediciones de deformaci\u00f3n con una resoluci\u00f3n de nivel microm\u00e9trico. El sistema aplica la presi\u00f3n de confinamiento y la carga axial de forma totalmente autom\u00e1tica.<\/p>","protected":false},"excerpt":{"rendered":"<p>El sistema autom\u00e1tico de ensayos uniaxiales y triaxiales de rocas es un dispositivo de laboratorio avanzado dise\u00f1ado para investigar el comportamiento de muestras de rocas bajo diversas condiciones de tensi\u00f3n.<\/p>","protected":false},"featured_media":0,"template":"","meta":{"_acf_changed":false},"product_brand":[],"product_cat":[201,203],"product_tag":[],"class_list":{"0":"post-11670","1":"product","2":"type-product","3":"status-publish","5":"product_cat-rock","6":"product_cat-uniaxial-and-triaxial-testing-systems-on-rocks","9":"instock","10":"shipping-taxable","11":"product-type-simple"},"acf":[],"yoast_head":"<!-- This site is optimized with the Yoast SEO Premium plugin v26.5 (Yoast SEO v27.5) - https:\/\/yoast.com\/product\/yoast-seo-premium-wordpress\/ -->\n<title>Automatic Rock Uniaxial and Triaxial Testing System - YKM TEST<\/title>\n<meta name=\"description\" content=\"Automatic rock uniaxial and triaxial testing system for precise determination of strength, deformation, and stress\u2013strain behavior of rock specimens.\" \/>\n<meta name=\"robots\" content=\"index, follow, max-snippet:-1, max-image-preview:large, max-video-preview:-1\" \/>\n<link rel=\"canonical\" href=\"https:\/\/darkorchid-cheetah-525435.hostingersite.com\/product\/automatic-rock-uniaxial-and-triaxial-testing-systemautomatic-rock-uniaxial-and-triaxial-testing-system\/\" \/>\n<meta property=\"og:locale\" content=\"es_ES\" \/>\n<meta property=\"og:type\" content=\"article\" \/>\n<meta property=\"og:title\" content=\"Automatic Rock Uniaxial and Triaxial Testing System\" \/>\n<meta property=\"og:description\" content=\"Automatic rock uniaxial and triaxial testing system for precise determination of strength, deformation, and stress\u2013strain behavior of rock specimens.\" \/>\n<meta property=\"og:url\" content=\"https:\/\/darkorchid-cheetah-525435.hostingersite.com\/product\/automatic-rock-uniaxial-and-triaxial-testing-systemautomatic-rock-uniaxial-and-triaxial-testing-system\/\" \/>\n<meta property=\"og:site_name\" content=\"YKM TEST\" \/>\n<meta property=\"article:modified_time\" content=\"2025-12-30T08:22:32+00:00\" \/>\n<meta name=\"twitter:card\" content=\"summary_large_image\" \/>\n<meta name=\"twitter:label1\" content=\"Price\" \/>\n\t<meta name=\"twitter:data1\" content=\"\" \/>\n\t<meta name=\"twitter:label2\" content=\"Availability\" \/>\n\t<meta name=\"twitter:data2\" content=\"In stock\" \/>\n<script type=\"application\/ld+json\" class=\"yoast-schema-graph\">{\"@context\":\"https:\\\/\\\/schema.org\",\"@graph\":[{\"@type\":\"WebPage\",\"@id\":\"https:\\\/\\\/darkorchid-cheetah-525435.hostingersite.com\\\/product\\\/automatic-rock-uniaxial-and-triaxial-testing-systemautomatic-rock-uniaxial-and-triaxial-testing-system\\\/\",\"url\":\"https:\\\/\\\/darkorchid-cheetah-525435.hostingersite.com\\\/product\\\/automatic-rock-uniaxial-and-triaxial-testing-systemautomatic-rock-uniaxial-and-triaxial-testing-system\\\/\",\"name\":\"Automatic Rock Uniaxial and Triaxial Testing System - YKM TEST\",\"isPartOf\":{\"@id\":\"https:\\\/\\\/darkorchid-cheetah-525435.hostingersite.com\\\/#website\"},\"datePublished\":\"2025-12-30T08:22:08+00:00\",\"dateModified\":\"2025-12-30T08:22:32+00:00\",\"description\":\"Automatic rock uniaxial and triaxial testing system for precise determination of strength, deformation, and stress\u2013strain behavior of rock specimens.\",\"breadcrumb\":{\"@id\":\"https:\\\/\\\/darkorchid-cheetah-525435.hostingersite.com\\\/product\\\/automatic-rock-uniaxial-and-triaxial-testing-systemautomatic-rock-uniaxial-and-triaxial-testing-system\\\/#breadcrumb\"},\"inLanguage\":\"es-AR\",\"potentialAction\":[{\"@type\":\"ReadAction\",\"target\":[\"https:\\\/\\\/darkorchid-cheetah-525435.hostingersite.com\\\/product\\\/automatic-rock-uniaxial-and-triaxial-testing-systemautomatic-rock-uniaxial-and-triaxial-testing-system\\\/\"]}]},{\"@type\":\"BreadcrumbList\",\"@id\":\"https:\\\/\\\/darkorchid-cheetah-525435.hostingersite.com\\\/product\\\/automatic-rock-uniaxial-and-triaxial-testing-systemautomatic-rock-uniaxial-and-triaxial-testing-system\\\/#breadcrumb\",\"itemListElement\":[{\"@type\":\"ListItem\",\"position\":1,\"name\":\"Home\",\"item\":\"https:\\\/\\\/darkorchid-cheetah-525435.hostingersite.com\\\/\"},{\"@type\":\"ListItem\",\"position\":2,\"name\":\"\u0422\u043e\u0432\u0430\u0440\u044b\",\"item\":\"https:\\\/\\\/ykmtest.com\\\/ru\\\/shop\\\/\"},{\"@type\":\"ListItem\",\"position\":3,\"name\":\"Automatic Rock Uniaxial and Triaxial Testing System\"}]},{\"@type\":\"WebSite\",\"@id\":\"https:\\\/\\\/darkorchid-cheetah-525435.hostingersite.com\\\/#website\",\"url\":\"https:\\\/\\\/darkorchid-cheetah-525435.hostingersite.com\\\/\",\"name\":\"YKM TEST\",\"description\":\"\",\"publisher\":{\"@id\":\"https:\\\/\\\/darkorchid-cheetah-525435.hostingersite.com\\\/#organization\"},\"potentialAction\":[{\"@type\":\"SearchAction\",\"target\":{\"@type\":\"EntryPoint\",\"urlTemplate\":\"https:\\\/\\\/darkorchid-cheetah-525435.hostingersite.com\\\/?s={search_term_string}\"},\"query-input\":{\"@type\":\"PropertyValueSpecification\",\"valueRequired\":true,\"valueName\":\"search_term_string\"}}],\"inLanguage\":\"es-AR\"},{\"@type\":[\"Organization\",\"Place\"],\"@id\":\"https:\\\/\\\/darkorchid-cheetah-525435.hostingersite.com\\\/#organization\",\"name\":\"YKM TEST\",\"url\":\"https:\\\/\\\/darkorchid-cheetah-525435.hostingersite.com\\\/\",\"logo\":{\"@id\":\"https:\\\/\\\/darkorchid-cheetah-525435.hostingersite.com\\\/product\\\/automatic-rock-uniaxial-and-triaxial-testing-systemautomatic-rock-uniaxial-and-triaxial-testing-system\\\/#local-main-organization-logo\"},\"image\":{\"@id\":\"https:\\\/\\\/darkorchid-cheetah-525435.hostingersite.com\\\/product\\\/automatic-rock-uniaxial-and-triaxial-testing-systemautomatic-rock-uniaxial-and-triaxial-testing-system\\\/#local-main-organization-logo\"},\"telephone\":[],\"openingHoursSpecification\":[{\"@type\":\"OpeningHoursSpecification\",\"dayOfWeek\":[\"Monday\",\"Tuesday\",\"Wednesday\",\"Thursday\",\"Friday\",\"Saturday\",\"Sunday\"],\"opens\":\"09:00\",\"closes\":\"17:00\"}]},{\"@type\":\"ImageObject\",\"inLanguage\":\"es-AR\",\"@id\":\"https:\\\/\\\/darkorchid-cheetah-525435.hostingersite.com\\\/product\\\/automatic-rock-uniaxial-and-triaxial-testing-systemautomatic-rock-uniaxial-and-triaxial-testing-system\\\/#local-main-organization-logo\",\"url\":\"https:\\\/\\\/ykmtest.com\\\/wp-content\\\/uploads\\\/2025\\\/10\\\/Asset-2@2x-8.png\",\"contentUrl\":\"https:\\\/\\\/ykmtest.com\\\/wp-content\\\/uploads\\\/2025\\\/10\\\/Asset-2@2x-8.png\",\"width\":1550,\"height\":323,\"caption\":\"YKM TEST\"}]}<\/script>\n<meta property=\"product:price:currency\" content=\"USD\" \/>\n<meta property=\"og:availability\" content=\"instock\" \/>\n<meta property=\"product:availability\" content=\"instock\" \/>\n<meta property=\"product:condition\" content=\"new\" \/>\n<!-- \/ Yoast SEO Premium plugin. -->","yoast_head_json":{"title":"Automatic Rock Uniaxial and Triaxial Testing System - YKM TEST","description":"Automatic rock uniaxial and triaxial testing system for precise determination of strength, deformation, and stress\u2013strain behavior of rock specimens.","robots":{"index":"index","follow":"follow","max-snippet":"max-snippet:-1","max-image-preview":"max-image-preview:large","max-video-preview":"max-video-preview:-1"},"canonical":"https:\/\/darkorchid-cheetah-525435.hostingersite.com\/product\/automatic-rock-uniaxial-and-triaxial-testing-systemautomatic-rock-uniaxial-and-triaxial-testing-system\/","og_locale":"es_ES","og_type":"article","og_title":"Automatic Rock Uniaxial and Triaxial Testing System","og_description":"Automatic rock uniaxial and triaxial testing system for precise determination of strength, deformation, and stress\u2013strain behavior of rock specimens.","og_url":"https:\/\/darkorchid-cheetah-525435.hostingersite.com\/product\/automatic-rock-uniaxial-and-triaxial-testing-systemautomatic-rock-uniaxial-and-triaxial-testing-system\/","og_site_name":"YKM TEST","article_modified_time":"2025-12-30T08:22:32+00:00","twitter_card":"summary_large_image","twitter_misc":{"Price":"","Availability":"In stock"},"schema":{"@context":"https:\/\/schema.org","@graph":[{"@type":"WebPage","@id":"https:\/\/darkorchid-cheetah-525435.hostingersite.com\/product\/automatic-rock-uniaxial-and-triaxial-testing-systemautomatic-rock-uniaxial-and-triaxial-testing-system\/","url":"https:\/\/darkorchid-cheetah-525435.hostingersite.com\/product\/automatic-rock-uniaxial-and-triaxial-testing-systemautomatic-rock-uniaxial-and-triaxial-testing-system\/","name":"Automatic Rock Uniaxial and Triaxial Testing System - YKM TEST","isPartOf":{"@id":"https:\/\/darkorchid-cheetah-525435.hostingersite.com\/#website"},"datePublished":"2025-12-30T08:22:08+00:00","dateModified":"2025-12-30T08:22:32+00:00","description":"Automatic rock uniaxial and triaxial testing system for precise determination of strength, deformation, and stress\u2013strain behavior of rock specimens.","breadcrumb":{"@id":"https:\/\/darkorchid-cheetah-525435.hostingersite.com\/product\/automatic-rock-uniaxial-and-triaxial-testing-systemautomatic-rock-uniaxial-and-triaxial-testing-system\/#breadcrumb"},"inLanguage":"es-AR","potentialAction":[{"@type":"ReadAction","target":["https:\/\/darkorchid-cheetah-525435.hostingersite.com\/product\/automatic-rock-uniaxial-and-triaxial-testing-systemautomatic-rock-uniaxial-and-triaxial-testing-system\/"]}]},{"@type":"BreadcrumbList","@id":"https:\/\/darkorchid-cheetah-525435.hostingersite.com\/product\/automatic-rock-uniaxial-and-triaxial-testing-systemautomatic-rock-uniaxial-and-triaxial-testing-system\/#breadcrumb","itemListElement":[{"@type":"ListItem","position":1,"name":"Home","item":"https:\/\/darkorchid-cheetah-525435.hostingersite.com\/"},{"@type":"ListItem","position":2,"name":"\u0422\u043e\u0432\u0430\u0440\u044b","item":"https:\/\/ykmtest.com\/ru\/shop\/"},{"@type":"ListItem","position":3,"name":"Automatic Rock Uniaxial and Triaxial Testing System"}]},{"@type":"WebSite","@id":"https:\/\/darkorchid-cheetah-525435.hostingersite.com\/#website","url":"https:\/\/darkorchid-cheetah-525435.hostingersite.com\/","name":"PRUEBA YKM","description":"","publisher":{"@id":"https:\/\/darkorchid-cheetah-525435.hostingersite.com\/#organization"},"potentialAction":[{"@type":"SearchAction","target":{"@type":"EntryPoint","urlTemplate":"https:\/\/darkorchid-cheetah-525435.hostingersite.com\/?s={search_term_string}"},"query-input":{"@type":"PropertyValueSpecification","valueRequired":true,"valueName":"search_term_string"}}],"inLanguage":"es-AR"},{"@type":["Organization","Place"],"@id":"https:\/\/darkorchid-cheetah-525435.hostingersite.com\/#organization","name":"PRUEBA YKM","url":"https:\/\/darkorchid-cheetah-525435.hostingersite.com\/","logo":{"@id":"https:\/\/darkorchid-cheetah-525435.hostingersite.com\/product\/automatic-rock-uniaxial-and-triaxial-testing-systemautomatic-rock-uniaxial-and-triaxial-testing-system\/#local-main-organization-logo"},"image":{"@id":"https:\/\/darkorchid-cheetah-525435.hostingersite.com\/product\/automatic-rock-uniaxial-and-triaxial-testing-systemautomatic-rock-uniaxial-and-triaxial-testing-system\/#local-main-organization-logo"},"telephone":[],"openingHoursSpecification":[{"@type":"OpeningHoursSpecification","dayOfWeek":["Monday","Tuesday","Wednesday","Thursday","Friday","Saturday","Sunday"],"opens":"09:00","closes":"17:00"}]},{"@type":"ImageObject","inLanguage":"es-AR","@id":"https:\/\/darkorchid-cheetah-525435.hostingersite.com\/product\/automatic-rock-uniaxial-and-triaxial-testing-systemautomatic-rock-uniaxial-and-triaxial-testing-system\/#local-main-organization-logo","url":"https:\/\/ykmtest.com\/wp-content\/uploads\/2025\/10\/Asset-2@2x-8.png","contentUrl":"https:\/\/ykmtest.com\/wp-content\/uploads\/2025\/10\/Asset-2@2x-8.png","width":1550,"height":323,"caption":"YKM TEST"}]},"product_price_currency":"USD","og_availability":"instock","product_availability":"instock","product_condition":"new"},"_links":{"self":[{"href":"https:\/\/ykmtest.com\/es\/wp-json\/wp\/v2\/product\/11670","targetHints":{"allow":["GET"]}}],"collection":[{"href":"https:\/\/ykmtest.com\/es\/wp-json\/wp\/v2\/product"}],"about":[{"href":"https:\/\/ykmtest.com\/es\/wp-json\/wp\/v2\/types\/product"}],"version-history":[{"count":2,"href":"https:\/\/ykmtest.com\/es\/wp-json\/wp\/v2\/product\/11670\/revisions"}],"predecessor-version":[{"id":11672,"href":"https:\/\/ykmtest.com\/es\/wp-json\/wp\/v2\/product\/11670\/revisions\/11672"}],"wp:attachment":[{"href":"https:\/\/ykmtest.com\/es\/wp-json\/wp\/v2\/media?parent=11670"}],"wp:term":[{"taxonomy":"product_brand","embeddable":true,"href":"https:\/\/ykmtest.com\/es\/wp-json\/wp\/v2\/product_brand?post=11670"},{"taxonomy":"product_cat","embeddable":true,"href":"https:\/\/ykmtest.com\/es\/wp-json\/wp\/v2\/product_cat?post=11670"},{"taxonomy":"product_tag","embeddable":true,"href":"https:\/\/ykmtest.com\/es\/wp-json\/wp\/v2\/product_tag?post=11670"}],"curies":[{"name":"wp","href":"https:\/\/api.w.org\/{rel}","templated":true}]}}