{"id":11680,"date":"2025-12-30T08:50:57","date_gmt":"2025-12-30T08:50:57","guid":{"rendered":"https:\/\/ykmtest.com\/?post_type=product&#038;p=11680"},"modified":"2025-12-30T08:56:25","modified_gmt":"2025-12-30T08:56:25","slug":"universal-cutting-machine","status":"publish","type":"product","link":"https:\/\/ykmtest.com\/es\/producto\/universal-cutting-machine\/","title":{"rendered":"M\u00e1quina cortadora universal"},"content":{"rendered":"<p>La precisi\u00f3n requerida durante la preparaci\u00f3n de muestras se garantiza gracias a su estructura robusta y su potente sistema de motor.<\/p>\n<p>El dispositivo est\u00e1 disponible en tres tama\u00f1os diferentes:<\/p>\n<p><strong>Tama\u00f1o peque\u00f1o<\/strong><\/p>\n<ul>\n<li>Di\u00e1metro de la hoja de diamante: 350 mm<\/li>\n<li>Altura de corte: 135 mm<\/li>\n<\/ul>\n<h4>Tama\u00f1o mediano<\/h4>\n<ul>\n<li>Di\u00e1metro de la hoja de diamante: 450 mm<\/li>\n<li>Altura de corte: 175 mm<\/li>\n<\/ul>\n<h4>Tama\u00f1o grande<\/h4>\n<ul>\n<li>Di\u00e1metro de la hoja de diamante: 600 mm<\/li>\n<li>Altura de corte: 250 mm<\/li>\n<\/ul>\n<p>Estas opciones de tama\u00f1o permiten cortar f\u00e1cilmente las muestras o bloques de muestra a las dimensiones deseadas. El sistema de tornillo de banco en V utilizado durante el corte sujeta la muestra de forma segura, lo que elimina los defectos superficiales relacionados con las vibraciones y facilita el manejo. La unidad de refrigeraci\u00f3n y circulaci\u00f3n de agua evita el sobrecalentamiento de la cuchilla de corte, prolonga su vida \u00fatil y garantiza que las superficies de las muestras se preparen de forma uniforme sin da\u00f1os, al tiempo que minimiza la propagaci\u00f3n de part\u00edculas de polvo y protege la salud del operador.<\/p>","protected":false},"excerpt":{"rendered":"<p class=\"p3\"><span lang=\"TR\">La cortadora universal de n\u00facleos es un dispositivo de corte de laboratorio dise\u00f1ado para preparar muestras de concreto, roca, asfalto y similares con dimensiones estandarizadas para su ensayo.<\/span><\/p>","protected":false},"featured_media":0,"template":"","meta":{"_acf_changed":false},"product_brand":[],"product_cat":[205,201],"product_tag":[],"class_list":{"0":"post-11680","1":"product","2":"type-product","3":"status-publish","5":"product_cat-coring-cutting-and-grinding-machines-rock","6":"product_cat-rock","9":"instock","10":"shipping-taxable","11":"product-type-simple"},"acf":[],"yoast_head":"<!-- This site is optimized with the Yoast SEO Premium plugin v26.5 (Yoast SEO v27.5) - https:\/\/yoast.com\/product\/yoast-seo-premium-wordpress\/ -->\n<title>Universal Cutting Machine - YKM TEST<\/title>\n<meta name=\"description\" content=\"Universal cutting machine for precise cutting of concrete, rock, and asphalt specimens with water cooling and vibration-free clamping.\" \/>\n<meta name=\"robots\" content=\"index, follow, max-snippet:-1, max-image-preview:large, max-video-preview:-1\" \/>\n<link rel=\"canonical\" href=\"https:\/\/darkorchid-cheetah-525435.hostingersite.com\/product\/universal-cutting-machine\/\" \/>\n<meta property=\"og:locale\" content=\"es_ES\" \/>\n<meta property=\"og:type\" content=\"article\" \/>\n<meta property=\"og:title\" content=\"Universal Cutting Machine\" \/>\n<meta property=\"og:description\" content=\"Universal cutting machine for precise cutting of concrete, rock, and asphalt specimens with water cooling and vibration-free clamping.\" \/>\n<meta property=\"og:url\" content=\"https:\/\/darkorchid-cheetah-525435.hostingersite.com\/product\/universal-cutting-machine\/\" \/>\n<meta property=\"og:site_name\" content=\"YKM TEST\" \/>\n<meta property=\"article:modified_time\" content=\"2025-12-30T08:56:25+00:00\" \/>\n<meta name=\"twitter:card\" content=\"summary_large_image\" \/>\n<meta name=\"twitter:label1\" content=\"Price\" \/>\n\t<meta name=\"twitter:data1\" content=\"\" \/>\n\t<meta name=\"twitter:label2\" content=\"Availability\" \/>\n\t<meta name=\"twitter:data2\" content=\"In stock\" \/>\n<script type=\"application\/ld+json\" class=\"yoast-schema-graph\">{\"@context\":\"https:\\\/\\\/schema.org\",\"@graph\":[{\"@type\":\"WebPage\",\"@id\":\"https:\\\/\\\/darkorchid-cheetah-525435.hostingersite.com\\\/product\\\/universal-cutting-machine\\\/\",\"url\":\"https:\\\/\\\/darkorchid-cheetah-525435.hostingersite.com\\\/product\\\/universal-cutting-machine\\\/\",\"name\":\"Universal Cutting Machine - YKM TEST\",\"isPartOf\":{\"@id\":\"https:\\\/\\\/darkorchid-cheetah-525435.hostingersite.com\\\/#website\"},\"datePublished\":\"2025-12-30T08:50:57+00:00\",\"dateModified\":\"2025-12-30T08:56:25+00:00\",\"description\":\"Universal cutting machine for precise cutting of concrete, rock, and asphalt specimens with water cooling and vibration-free clamping.\",\"breadcrumb\":{\"@id\":\"https:\\\/\\\/darkorchid-cheetah-525435.hostingersite.com\\\/product\\\/universal-cutting-machine\\\/#breadcrumb\"},\"inLanguage\":\"es-AR\",\"potentialAction\":[{\"@type\":\"ReadAction\",\"target\":[\"https:\\\/\\\/darkorchid-cheetah-525435.hostingersite.com\\\/product\\\/universal-cutting-machine\\\/\"]}]},{\"@type\":\"BreadcrumbList\",\"@id\":\"https:\\\/\\\/darkorchid-cheetah-525435.hostingersite.com\\\/product\\\/universal-cutting-machine\\\/#breadcrumb\",\"itemListElement\":[{\"@type\":\"ListItem\",\"position\":1,\"name\":\"Home\",\"item\":\"https:\\\/\\\/darkorchid-cheetah-525435.hostingersite.com\\\/\"},{\"@type\":\"ListItem\",\"position\":2,\"name\":\"\u0422\u043e\u0432\u0430\u0440\u044b\",\"item\":\"https:\\\/\\\/ykmtest.com\\\/ru\\\/shop\\\/\"},{\"@type\":\"ListItem\",\"position\":3,\"name\":\"Universal Cutting Machine\"}]},{\"@type\":\"WebSite\",\"@id\":\"https:\\\/\\\/darkorchid-cheetah-525435.hostingersite.com\\\/#website\",\"url\":\"https:\\\/\\\/darkorchid-cheetah-525435.hostingersite.com\\\/\",\"name\":\"YKM TEST\",\"description\":\"\",\"publisher\":{\"@id\":\"https:\\\/\\\/darkorchid-cheetah-525435.hostingersite.com\\\/#organization\"},\"potentialAction\":[{\"@type\":\"SearchAction\",\"target\":{\"@type\":\"EntryPoint\",\"urlTemplate\":\"https:\\\/\\\/darkorchid-cheetah-525435.hostingersite.com\\\/?s={search_term_string}\"},\"query-input\":{\"@type\":\"PropertyValueSpecification\",\"valueRequired\":true,\"valueName\":\"search_term_string\"}}],\"inLanguage\":\"es-AR\"},{\"@type\":[\"Organization\",\"Place\"],\"@id\":\"https:\\\/\\\/darkorchid-cheetah-525435.hostingersite.com\\\/#organization\",\"name\":\"YKM TEST\",\"url\":\"https:\\\/\\\/darkorchid-cheetah-525435.hostingersite.com\\\/\",\"logo\":{\"@id\":\"https:\\\/\\\/darkorchid-cheetah-525435.hostingersite.com\\\/product\\\/universal-cutting-machine\\\/#local-main-organization-logo\"},\"image\":{\"@id\":\"https:\\\/\\\/darkorchid-cheetah-525435.hostingersite.com\\\/product\\\/universal-cutting-machine\\\/#local-main-organization-logo\"},\"telephone\":[],\"openingHoursSpecification\":[{\"@type\":\"OpeningHoursSpecification\",\"dayOfWeek\":[\"Monday\",\"Tuesday\",\"Wednesday\",\"Thursday\",\"Friday\",\"Saturday\",\"Sunday\"],\"opens\":\"09:00\",\"closes\":\"17:00\"}]},{\"@type\":\"ImageObject\",\"inLanguage\":\"es-AR\",\"@id\":\"https:\\\/\\\/darkorchid-cheetah-525435.hostingersite.com\\\/product\\\/universal-cutting-machine\\\/#local-main-organization-logo\",\"url\":\"https:\\\/\\\/ykmtest.com\\\/wp-content\\\/uploads\\\/2025\\\/10\\\/Asset-2@2x-8.png\",\"contentUrl\":\"https:\\\/\\\/ykmtest.com\\\/wp-content\\\/uploads\\\/2025\\\/10\\\/Asset-2@2x-8.png\",\"width\":1550,\"height\":323,\"caption\":\"YKM TEST\"}]}<\/script>\n<meta property=\"product:price:currency\" content=\"USD\" \/>\n<meta property=\"og:availability\" content=\"instock\" \/>\n<meta property=\"product:availability\" content=\"instock\" \/>\n<meta property=\"product:condition\" content=\"new\" \/>\n<!-- \/ Yoast SEO Premium plugin. -->","yoast_head_json":{"title":"Universal Cutting Machine - YKM TEST","description":"Universal cutting machine for precise cutting of concrete, rock, and asphalt specimens with water cooling and vibration-free clamping.","robots":{"index":"index","follow":"follow","max-snippet":"max-snippet:-1","max-image-preview":"max-image-preview:large","max-video-preview":"max-video-preview:-1"},"canonical":"https:\/\/darkorchid-cheetah-525435.hostingersite.com\/product\/universal-cutting-machine\/","og_locale":"es_ES","og_type":"article","og_title":"Universal Cutting Machine","og_description":"Universal cutting machine for precise cutting of concrete, rock, and asphalt specimens with water cooling and vibration-free clamping.","og_url":"https:\/\/darkorchid-cheetah-525435.hostingersite.com\/product\/universal-cutting-machine\/","og_site_name":"YKM TEST","article_modified_time":"2025-12-30T08:56:25+00:00","twitter_card":"summary_large_image","twitter_misc":{"Price":"","Availability":"In stock"},"schema":{"@context":"https:\/\/schema.org","@graph":[{"@type":"WebPage","@id":"https:\/\/darkorchid-cheetah-525435.hostingersite.com\/product\/universal-cutting-machine\/","url":"https:\/\/darkorchid-cheetah-525435.hostingersite.com\/product\/universal-cutting-machine\/","name":"Universal Cutting Machine - YKM TEST","isPartOf":{"@id":"https:\/\/darkorchid-cheetah-525435.hostingersite.com\/#website"},"datePublished":"2025-12-30T08:50:57+00:00","dateModified":"2025-12-30T08:56:25+00:00","description":"Universal cutting machine for precise cutting of concrete, rock, and asphalt specimens with water cooling and vibration-free clamping.","breadcrumb":{"@id":"https:\/\/darkorchid-cheetah-525435.hostingersite.com\/product\/universal-cutting-machine\/#breadcrumb"},"inLanguage":"es-AR","potentialAction":[{"@type":"ReadAction","target":["https:\/\/darkorchid-cheetah-525435.hostingersite.com\/product\/universal-cutting-machine\/"]}]},{"@type":"BreadcrumbList","@id":"https:\/\/darkorchid-cheetah-525435.hostingersite.com\/product\/universal-cutting-machine\/#breadcrumb","itemListElement":[{"@type":"ListItem","position":1,"name":"Home","item":"https:\/\/darkorchid-cheetah-525435.hostingersite.com\/"},{"@type":"ListItem","position":2,"name":"\u0422\u043e\u0432\u0430\u0440\u044b","item":"https:\/\/ykmtest.com\/ru\/shop\/"},{"@type":"ListItem","position":3,"name":"Universal Cutting Machine"}]},{"@type":"WebSite","@id":"https:\/\/darkorchid-cheetah-525435.hostingersite.com\/#website","url":"https:\/\/darkorchid-cheetah-525435.hostingersite.com\/","name":"PRUEBA YKM","description":"","publisher":{"@id":"https:\/\/darkorchid-cheetah-525435.hostingersite.com\/#organization"},"potentialAction":[{"@type":"SearchAction","target":{"@type":"EntryPoint","urlTemplate":"https:\/\/darkorchid-cheetah-525435.hostingersite.com\/?s={search_term_string}"},"query-input":{"@type":"PropertyValueSpecification","valueRequired":true,"valueName":"search_term_string"}}],"inLanguage":"es-AR"},{"@type":["Organization","Place"],"@id":"https:\/\/darkorchid-cheetah-525435.hostingersite.com\/#organization","name":"PRUEBA YKM","url":"https:\/\/darkorchid-cheetah-525435.hostingersite.com\/","logo":{"@id":"https:\/\/darkorchid-cheetah-525435.hostingersite.com\/product\/universal-cutting-machine\/#local-main-organization-logo"},"image":{"@id":"https:\/\/darkorchid-cheetah-525435.hostingersite.com\/product\/universal-cutting-machine\/#local-main-organization-logo"},"telephone":[],"openingHoursSpecification":[{"@type":"OpeningHoursSpecification","dayOfWeek":["Monday","Tuesday","Wednesday","Thursday","Friday","Saturday","Sunday"],"opens":"09:00","closes":"17:00"}]},{"@type":"ImageObject","inLanguage":"es-AR","@id":"https:\/\/darkorchid-cheetah-525435.hostingersite.com\/product\/universal-cutting-machine\/#local-main-organization-logo","url":"https:\/\/ykmtest.com\/wp-content\/uploads\/2025\/10\/Asset-2@2x-8.png","contentUrl":"https:\/\/ykmtest.com\/wp-content\/uploads\/2025\/10\/Asset-2@2x-8.png","width":1550,"height":323,"caption":"YKM TEST"}]},"product_price_currency":"USD","og_availability":"instock","product_availability":"instock","product_condition":"new"},"_links":{"self":[{"href":"https:\/\/ykmtest.com\/es\/wp-json\/wp\/v2\/product\/11680","targetHints":{"allow":["GET"]}}],"collection":[{"href":"https:\/\/ykmtest.com\/es\/wp-json\/wp\/v2\/product"}],"about":[{"href":"https:\/\/ykmtest.com\/es\/wp-json\/wp\/v2\/types\/product"}],"version-history":[{"count":1,"href":"https:\/\/ykmtest.com\/es\/wp-json\/wp\/v2\/product\/11680\/revisions"}],"predecessor-version":[{"id":11681,"href":"https:\/\/ykmtest.com\/es\/wp-json\/wp\/v2\/product\/11680\/revisions\/11681"}],"wp:attachment":[{"href":"https:\/\/ykmtest.com\/es\/wp-json\/wp\/v2\/media?parent=11680"}],"wp:term":[{"taxonomy":"product_brand","embeddable":true,"href":"https:\/\/ykmtest.com\/es\/wp-json\/wp\/v2\/product_brand?post=11680"},{"taxonomy":"product_cat","embeddable":true,"href":"https:\/\/ykmtest.com\/es\/wp-json\/wp\/v2\/product_cat?post=11680"},{"taxonomy":"product_tag","embeddable":true,"href":"https:\/\/ykmtest.com\/es\/wp-json\/wp\/v2\/product_tag?post=11680"}],"curies":[{"name":"wp","href":"https:\/\/api.w.org\/{rel}","templated":true}]}}