{"id":11720,"date":"2025-12-31T08:21:07","date_gmt":"2025-12-31T08:21:07","guid":{"rendered":"https:\/\/ykmtest.com\/?post_type=product&#038;p=11720"},"modified":"2025-12-31T08:21:08","modified_gmt":"2025-12-31T08:21:08","slug":"large-type-length-comparator-with-readout-unit","status":"publish","type":"product","link":"https:\/\/ykmtest.com\/es\/producto\/large-type-length-comparator-with-readout-unit\/","title":{"rendered":"Comparador de longitud de tipo grande con unidad de lectura"},"content":{"rendered":"<p>El comparador de longitud de tipo grande con unidad de lectura es un dispositivo profesional dise\u00f1ado para medir con gran precisi\u00f3n los cambios de longitud de muestras de hormig\u00f3n, mortero y cemento. Se utiliza especialmente para analizar la deformaci\u00f3n debida a la expansi\u00f3n, la contracci\u00f3n y las condiciones de curado. Este sistema se ha desarrollado para medir los cambios dimensionales lineales de muestras prism\u00e1ticas o cil\u00edndricas en un entorno de laboratorio en relaci\u00f3n con un marco de referencia preciso. El comparador de longitud de gran tama\u00f1o de YKMTEST est\u00e1 equipado con un puente de medici\u00f3n de acero r\u00edgido, pernos de referencia de acero inoxidable y un sensor de medici\u00f3n digital de alta resoluci\u00f3n. La medici\u00f3n se realiza poniendo en contacto la muestra entre un punto de apoyo fijo en el marco de referencia y la punta de medici\u00f3n m\u00f3vil. Cuando se coloca la muestra, la unidad de lectura digital de la punta de medici\u00f3n muestra la diferencia de longitud a nivel microm\u00e9trico. Este sistema permite un control fiable de los cambios de longitud dependientes del tiempo, como la contracci\u00f3n por secado o la expansi\u00f3n inducida por sulfatos. El dispositivo puede adaptarse a diferentes longitudes tanto para muestras prism\u00e1ticas como cil\u00edndricas. Su amplio rango de medici\u00f3n cubre una gran variedad de tama\u00f1os de muestras. La unidad de lectura digital proporciona mediciones con una resoluci\u00f3n de 0,001 mm y muestra tanto los valores instant\u00e1neos como los diferenciales. La unidad de lectura tambi\u00e9n cuenta con funciones de f\u00e1cil calibraci\u00f3n y puesta a cero. Dado que los puntos de apoyo permanecen fijos durante la medici\u00f3n, se minimizan los errores de medici\u00f3n inducidos por el operador.<\/p>","protected":false},"excerpt":{"rendered":"<p>El comparador de longitudes de gran tama\u00f1o con unidad de lectura es un dispositivo de laboratorio profesional dise\u00f1ado para medir con gran precisi\u00f3n los cambios de longitud dependientes del tiempo en muestras de hormig\u00f3n, mortero y cemento. Este comparador de longitudes de gran tama\u00f1o con unidad de lectura digital se utiliza especialmente para analizar la deformaci\u00f3n causada por la contracci\u00f3n, la expansi\u00f3n y las condiciones de curado, proporcionando mediciones microm\u00e9tricas fiables a lo largo de programas de pruebas a largo plazo.<\/p>","protected":false},"featured_media":0,"template":"","meta":{"_acf_changed":false},"product_brand":[],"product_cat":[159,165],"product_tag":[],"class_list":{"0":"post-11720","1":"product","2":"type-product","3":"status-publish","5":"product_cat-cement-mortar","6":"product_cat-shrinkage-and-expansion","9":"instock","10":"shipping-taxable","11":"product-type-simple"},"acf":[],"yoast_head":"<!-- This site is optimized with the Yoast SEO Premium plugin v26.5 (Yoast SEO v27.5) - https:\/\/yoast.com\/product\/yoast-seo-premium-wordpress\/ -->\n<title>Large Type Length Comparator with Readout Unit - YKM TEST<\/title>\n<meta name=\"description\" content=\"Large Type Length Comparator with Readout Unit is a high-precision laboratory device used to measure shrinkage and expansion of concrete, mortar, and cement specimens with 0.001 mm resolution.\" \/>\n<meta name=\"robots\" content=\"index, follow, max-snippet:-1, max-image-preview:large, max-video-preview:-1\" \/>\n<link rel=\"canonical\" href=\"https:\/\/darkorchid-cheetah-525435.hostingersite.com\/product\/large-type-length-comparator-with-readout-unit\/\" \/>\n<meta property=\"og:locale\" content=\"es_ES\" \/>\n<meta property=\"og:type\" content=\"article\" \/>\n<meta property=\"og:title\" content=\"Large Type Length Comparator with Readout Unit\" \/>\n<meta property=\"og:description\" content=\"Large Type Length Comparator with Readout Unit is a high-precision laboratory device used to measure shrinkage and expansion of concrete, mortar, and cement specimens with 0.001 mm resolution.\" \/>\n<meta property=\"og:url\" content=\"https:\/\/darkorchid-cheetah-525435.hostingersite.com\/product\/large-type-length-comparator-with-readout-unit\/\" \/>\n<meta property=\"og:site_name\" content=\"YKM TEST\" \/>\n<meta property=\"article:modified_time\" content=\"2025-12-31T08:21:08+00:00\" \/>\n<meta name=\"twitter:card\" content=\"summary_large_image\" \/>\n<meta name=\"twitter:label1\" content=\"Price\" \/>\n\t<meta name=\"twitter:data1\" content=\"\" \/>\n\t<meta name=\"twitter:label2\" content=\"Availability\" \/>\n\t<meta name=\"twitter:data2\" content=\"In stock\" \/>\n<script type=\"application\/ld+json\" class=\"yoast-schema-graph\">{\"@context\":\"https:\\\/\\\/schema.org\",\"@graph\":[{\"@type\":\"WebPage\",\"@id\":\"https:\\\/\\\/darkorchid-cheetah-525435.hostingersite.com\\\/product\\\/large-type-length-comparator-with-readout-unit\\\/\",\"url\":\"https:\\\/\\\/darkorchid-cheetah-525435.hostingersite.com\\\/product\\\/large-type-length-comparator-with-readout-unit\\\/\",\"name\":\"Large Type Length Comparator with Readout Unit - YKM TEST\",\"isPartOf\":{\"@id\":\"https:\\\/\\\/darkorchid-cheetah-525435.hostingersite.com\\\/#website\"},\"datePublished\":\"2025-12-31T08:21:07+00:00\",\"dateModified\":\"2025-12-31T08:21:08+00:00\",\"description\":\"Large Type Length Comparator with Readout Unit is a high-precision laboratory device used to measure shrinkage and expansion of concrete, mortar, and cement specimens with 0.001 mm resolution.\",\"breadcrumb\":{\"@id\":\"https:\\\/\\\/darkorchid-cheetah-525435.hostingersite.com\\\/product\\\/large-type-length-comparator-with-readout-unit\\\/#breadcrumb\"},\"inLanguage\":\"es-AR\",\"potentialAction\":[{\"@type\":\"ReadAction\",\"target\":[\"https:\\\/\\\/darkorchid-cheetah-525435.hostingersite.com\\\/product\\\/large-type-length-comparator-with-readout-unit\\\/\"]}]},{\"@type\":\"BreadcrumbList\",\"@id\":\"https:\\\/\\\/darkorchid-cheetah-525435.hostingersite.com\\\/product\\\/large-type-length-comparator-with-readout-unit\\\/#breadcrumb\",\"itemListElement\":[{\"@type\":\"ListItem\",\"position\":1,\"name\":\"Home\",\"item\":\"https:\\\/\\\/darkorchid-cheetah-525435.hostingersite.com\\\/\"},{\"@type\":\"ListItem\",\"position\":2,\"name\":\"\u0422\u043e\u0432\u0430\u0440\u044b\",\"item\":\"https:\\\/\\\/ykmtest.com\\\/ru\\\/shop\\\/\"},{\"@type\":\"ListItem\",\"position\":3,\"name\":\"Large Type Length Comparator with Readout Unit\"}]},{\"@type\":\"WebSite\",\"@id\":\"https:\\\/\\\/darkorchid-cheetah-525435.hostingersite.com\\\/#website\",\"url\":\"https:\\\/\\\/darkorchid-cheetah-525435.hostingersite.com\\\/\",\"name\":\"YKM TEST\",\"description\":\"\",\"publisher\":{\"@id\":\"https:\\\/\\\/darkorchid-cheetah-525435.hostingersite.com\\\/#organization\"},\"potentialAction\":[{\"@type\":\"SearchAction\",\"target\":{\"@type\":\"EntryPoint\",\"urlTemplate\":\"https:\\\/\\\/darkorchid-cheetah-525435.hostingersite.com\\\/?s={search_term_string}\"},\"query-input\":{\"@type\":\"PropertyValueSpecification\",\"valueRequired\":true,\"valueName\":\"search_term_string\"}}],\"inLanguage\":\"es-AR\"},{\"@type\":[\"Organization\",\"Place\"],\"@id\":\"https:\\\/\\\/darkorchid-cheetah-525435.hostingersite.com\\\/#organization\",\"name\":\"YKM TEST\",\"url\":\"https:\\\/\\\/darkorchid-cheetah-525435.hostingersite.com\\\/\",\"logo\":{\"@id\":\"https:\\\/\\\/darkorchid-cheetah-525435.hostingersite.com\\\/product\\\/large-type-length-comparator-with-readout-unit\\\/#local-main-organization-logo\"},\"image\":{\"@id\":\"https:\\\/\\\/darkorchid-cheetah-525435.hostingersite.com\\\/product\\\/large-type-length-comparator-with-readout-unit\\\/#local-main-organization-logo\"},\"telephone\":[],\"openingHoursSpecification\":[{\"@type\":\"OpeningHoursSpecification\",\"dayOfWeek\":[\"Monday\",\"Tuesday\",\"Wednesday\",\"Thursday\",\"Friday\",\"Saturday\",\"Sunday\"],\"opens\":\"09:00\",\"closes\":\"17:00\"}]},{\"@type\":\"ImageObject\",\"inLanguage\":\"es-AR\",\"@id\":\"https:\\\/\\\/darkorchid-cheetah-525435.hostingersite.com\\\/product\\\/large-type-length-comparator-with-readout-unit\\\/#local-main-organization-logo\",\"url\":\"https:\\\/\\\/ykmtest.com\\\/wp-content\\\/uploads\\\/2025\\\/10\\\/Asset-2@2x-8.png\",\"contentUrl\":\"https:\\\/\\\/ykmtest.com\\\/wp-content\\\/uploads\\\/2025\\\/10\\\/Asset-2@2x-8.png\",\"width\":1550,\"height\":323,\"caption\":\"YKM TEST\"}]}<\/script>\n<meta property=\"product:price:currency\" content=\"USD\" \/>\n<meta property=\"og:availability\" content=\"instock\" \/>\n<meta property=\"product:availability\" content=\"instock\" \/>\n<meta property=\"product:condition\" content=\"new\" \/>\n<!-- \/ Yoast SEO Premium plugin. -->","yoast_head_json":{"title":"Large Type Length Comparator with Readout Unit - YKM TEST","description":"Large Type Length Comparator with Readout Unit is a high-precision laboratory device used to measure shrinkage and expansion of concrete, mortar, and cement specimens with 0.001 mm resolution.","robots":{"index":"index","follow":"follow","max-snippet":"max-snippet:-1","max-image-preview":"max-image-preview:large","max-video-preview":"max-video-preview:-1"},"canonical":"https:\/\/darkorchid-cheetah-525435.hostingersite.com\/product\/large-type-length-comparator-with-readout-unit\/","og_locale":"es_ES","og_type":"article","og_title":"Large Type Length Comparator with Readout Unit","og_description":"Large Type Length Comparator with Readout Unit is a high-precision laboratory device used to measure shrinkage and expansion of concrete, mortar, and cement specimens with 0.001 mm resolution.","og_url":"https:\/\/darkorchid-cheetah-525435.hostingersite.com\/product\/large-type-length-comparator-with-readout-unit\/","og_site_name":"YKM TEST","article_modified_time":"2025-12-31T08:21:08+00:00","twitter_card":"summary_large_image","twitter_misc":{"Price":"","Availability":"In stock"},"schema":{"@context":"https:\/\/schema.org","@graph":[{"@type":"WebPage","@id":"https:\/\/darkorchid-cheetah-525435.hostingersite.com\/product\/large-type-length-comparator-with-readout-unit\/","url":"https:\/\/darkorchid-cheetah-525435.hostingersite.com\/product\/large-type-length-comparator-with-readout-unit\/","name":"Large Type Length Comparator with Readout Unit - YKM TEST","isPartOf":{"@id":"https:\/\/darkorchid-cheetah-525435.hostingersite.com\/#website"},"datePublished":"2025-12-31T08:21:07+00:00","dateModified":"2025-12-31T08:21:08+00:00","description":"Large Type Length Comparator with Readout Unit is a high-precision laboratory device used to measure shrinkage and expansion of concrete, mortar, and cement specimens with 0.001 mm resolution.","breadcrumb":{"@id":"https:\/\/darkorchid-cheetah-525435.hostingersite.com\/product\/large-type-length-comparator-with-readout-unit\/#breadcrumb"},"inLanguage":"es-AR","potentialAction":[{"@type":"ReadAction","target":["https:\/\/darkorchid-cheetah-525435.hostingersite.com\/product\/large-type-length-comparator-with-readout-unit\/"]}]},{"@type":"BreadcrumbList","@id":"https:\/\/darkorchid-cheetah-525435.hostingersite.com\/product\/large-type-length-comparator-with-readout-unit\/#breadcrumb","itemListElement":[{"@type":"ListItem","position":1,"name":"Home","item":"https:\/\/darkorchid-cheetah-525435.hostingersite.com\/"},{"@type":"ListItem","position":2,"name":"\u0422\u043e\u0432\u0430\u0440\u044b","item":"https:\/\/ykmtest.com\/ru\/shop\/"},{"@type":"ListItem","position":3,"name":"Large Type Length Comparator with Readout Unit"}]},{"@type":"WebSite","@id":"https:\/\/darkorchid-cheetah-525435.hostingersite.com\/#website","url":"https:\/\/darkorchid-cheetah-525435.hostingersite.com\/","name":"PRUEBA YKM","description":"","publisher":{"@id":"https:\/\/darkorchid-cheetah-525435.hostingersite.com\/#organization"},"potentialAction":[{"@type":"SearchAction","target":{"@type":"EntryPoint","urlTemplate":"https:\/\/darkorchid-cheetah-525435.hostingersite.com\/?s={search_term_string}"},"query-input":{"@type":"PropertyValueSpecification","valueRequired":true,"valueName":"search_term_string"}}],"inLanguage":"es-AR"},{"@type":["Organization","Place"],"@id":"https:\/\/darkorchid-cheetah-525435.hostingersite.com\/#organization","name":"PRUEBA YKM","url":"https:\/\/darkorchid-cheetah-525435.hostingersite.com\/","logo":{"@id":"https:\/\/darkorchid-cheetah-525435.hostingersite.com\/product\/large-type-length-comparator-with-readout-unit\/#local-main-organization-logo"},"image":{"@id":"https:\/\/darkorchid-cheetah-525435.hostingersite.com\/product\/large-type-length-comparator-with-readout-unit\/#local-main-organization-logo"},"telephone":[],"openingHoursSpecification":[{"@type":"OpeningHoursSpecification","dayOfWeek":["Monday","Tuesday","Wednesday","Thursday","Friday","Saturday","Sunday"],"opens":"09:00","closes":"17:00"}]},{"@type":"ImageObject","inLanguage":"es-AR","@id":"https:\/\/darkorchid-cheetah-525435.hostingersite.com\/product\/large-type-length-comparator-with-readout-unit\/#local-main-organization-logo","url":"https:\/\/ykmtest.com\/wp-content\/uploads\/2025\/10\/Asset-2@2x-8.png","contentUrl":"https:\/\/ykmtest.com\/wp-content\/uploads\/2025\/10\/Asset-2@2x-8.png","width":1550,"height":323,"caption":"YKM TEST"}]},"product_price_currency":"USD","og_availability":"instock","product_availability":"instock","product_condition":"new"},"_links":{"self":[{"href":"https:\/\/ykmtest.com\/es\/wp-json\/wp\/v2\/product\/11720","targetHints":{"allow":["GET"]}}],"collection":[{"href":"https:\/\/ykmtest.com\/es\/wp-json\/wp\/v2\/product"}],"about":[{"href":"https:\/\/ykmtest.com\/es\/wp-json\/wp\/v2\/types\/product"}],"version-history":[{"count":1,"href":"https:\/\/ykmtest.com\/es\/wp-json\/wp\/v2\/product\/11720\/revisions"}],"predecessor-version":[{"id":11721,"href":"https:\/\/ykmtest.com\/es\/wp-json\/wp\/v2\/product\/11720\/revisions\/11721"}],"wp:attachment":[{"href":"https:\/\/ykmtest.com\/es\/wp-json\/wp\/v2\/media?parent=11720"}],"wp:term":[{"taxonomy":"product_brand","embeddable":true,"href":"https:\/\/ykmtest.com\/es\/wp-json\/wp\/v2\/product_brand?post=11720"},{"taxonomy":"product_cat","embeddable":true,"href":"https:\/\/ykmtest.com\/es\/wp-json\/wp\/v2\/product_cat?post=11720"},{"taxonomy":"product_tag","embeddable":true,"href":"https:\/\/ykmtest.com\/es\/wp-json\/wp\/v2\/product_tag?post=11720"}],"curies":[{"name":"wp","href":"https:\/\/api.w.org\/{rel}","templated":true}]}}