{"id":11726,"date":"2025-12-31T08:48:53","date_gmt":"2025-12-31T08:48:53","guid":{"rendered":"https:\/\/ykmtest.com\/?post_type=product&#038;p=11726"},"modified":"2025-12-31T08:48:54","modified_gmt":"2025-12-31T08:48:54","slug":"le-chatelier-water-bath","status":"publish","type":"product","link":"https:\/\/ykmtest.com\/es\/producto\/le-chatelier-water-bath\/","title":{"rendered":"Ba\u00f1o Mar\u00eda Le Chatelier"},"content":{"rendered":"<p>El ba\u00f1o de agua Le Chatelier es un ba\u00f1o de agua de laboratorio con control preciso de la temperatura, dise\u00f1ado para curar moldes Le Chatelier en condiciones controladas para realizar pruebas de expansi\u00f3n de volumen (solidez) del cemento. El dispositivo se ha desarrollado para someter a prueba muestras de cemento bajo perfiles de temperatura espec\u00edficos, ofreciendo una alta estabilidad t\u00e9rmica, una distribuci\u00f3n uniforme de la temperatura y una fiabilidad operativa a largo plazo. El ba\u00f1o de agua Le Chatelier de YKMTEST cuenta con un tanque interior de acero inoxidable duradero y un cuerpo exterior aislado. El tanque interior est\u00e1 dise\u00f1ado geom\u00e9tricamente para optimizar la circulaci\u00f3n del agua, lo que garantiza una temperatura uniforme en todo el ba\u00f1o. Esta caracter\u00edstica garantiza que todas las muestras de cemento est\u00e9n expuestas a las mismas condiciones t\u00e9rmicas. El sistema de calentamiento est\u00e1 equipado con resistencias de alta eficiencia que llevan r\u00e1pidamente la temperatura del agua al valor deseado. La unidad de control de temperatura digital permite un ajuste con una precisi\u00f3n de 0,1 \u00b0C y mantiene una temperatura del agua estable durante la prueba, evitando fluctuaciones repentinas. La temperatura del agua se puede ajustar y estabilizar normalmente seg\u00fan los procedimientos de prueba a 27 \u00b0C, 30 \u00b0C u 85 \u00b0C. El ba\u00f1o est\u00e1 dise\u00f1ado para albergar hasta 12 moldes Le Chatelier simult\u00e1neamente. El tanque interior de acero inoxidable es resistente a la corrosi\u00f3n y f\u00e1cil de limpiar. Una rejilla de soporte perforada en la parte superior garantiza que los moldes permanezcan en posici\u00f3n vertical y segura durante toda la prueba, evitando que se vuelquen. El cuerpo exterior del dispositivo est\u00e1 fabricado en acero con recubrimiento electrost\u00e1tico en polvo, lo que le confiere un aspecto est\u00e9tico y una protecci\u00f3n duradera contra la corrosi\u00f3n. Las paredes interiores aisladas minimizan la p\u00e9rdida de calor y mejoran la eficiencia energ\u00e9tica. La tapa del ba\u00f1o, fabricada en acero inoxidable, mejora la retenci\u00f3n del calor y evita la evaporaci\u00f3n y la p\u00e9rdida de calor durante la prueba.<\/p>","protected":false},"excerpt":{"rendered":"<p><span lang=\"TR\">El ba\u00f1o de agua Le Chatelier es un ba\u00f1o de laboratorio de acero inoxidable con control digital preciso de la temperatura y circulaci\u00f3n uniforme del agua, dise\u00f1ado para curar hasta 12 moldes Le Chatelier simult\u00e1neamente y realizar pruebas fiables de solidez del cemento (expansi\u00f3n de volumen).<\/span><\/p>","protected":false},"featured_media":0,"template":"","meta":{"_acf_changed":false},"product_brand":[],"product_cat":[159,166],"product_tag":[],"class_list":{"0":"post-11726","1":"product","2":"type-product","3":"status-publish","5":"product_cat-cement-mortar","6":"product_cat-soundness-of-cement-and-limes","9":"instock","10":"shipping-taxable","11":"product-type-simple"},"acf":[],"yoast_head":"<!-- This site is optimized with the Yoast SEO Premium plugin v26.5 (Yoast SEO v27.5) - https:\/\/yoast.com\/product\/yoast-seo-premium-wordpress\/ -->\n<title>Le Chatelier Water Bath - YKM TEST<\/title>\n<meta name=\"description\" content=\"Le Chatelier Water Bath is a stainless-steel laboratory bath with precise digital temperature control, designed to cure up to 12 Le Chatelier moulds simultaneously for cement soundness and volume expansion testing.\" \/>\n<meta name=\"robots\" content=\"index, follow, max-snippet:-1, max-image-preview:large, max-video-preview:-1\" \/>\n<link rel=\"canonical\" href=\"https:\/\/ykmtest.com\/es\/producto\/le-chatelier-water-bath\/\" \/>\n<meta property=\"og:locale\" content=\"es_ES\" \/>\n<meta property=\"og:type\" content=\"article\" \/>\n<meta property=\"og:title\" content=\"Le Chatelier Water Bath\" \/>\n<meta property=\"og:description\" content=\"Le Chatelier Water Bath is a stainless-steel laboratory bath with precise digital temperature control, designed to cure up to 12 Le Chatelier moulds simultaneously for cement soundness and volume expansion testing.\" \/>\n<meta property=\"og:url\" content=\"https:\/\/ykmtest.com\/es\/producto\/le-chatelier-water-bath\/\" \/>\n<meta property=\"og:site_name\" content=\"YKM TEST\" \/>\n<meta property=\"article:modified_time\" content=\"2025-12-31T08:48:54+00:00\" \/>\n<meta name=\"twitter:card\" content=\"summary_large_image\" \/>\n<meta name=\"twitter:label1\" content=\"Price\" \/>\n\t<meta name=\"twitter:data1\" content=\"\" \/>\n\t<meta name=\"twitter:label2\" content=\"Availability\" \/>\n\t<meta name=\"twitter:data2\" content=\"In stock\" \/>\n<script type=\"application\/ld+json\" class=\"yoast-schema-graph\">{\"@context\":\"https:\\\/\\\/schema.org\",\"@graph\":[{\"@type\":\"WebPage\",\"@id\":\"https:\\\/\\\/ykmtest.com\\\/product\\\/le-chatelier-water-bath\\\/\",\"url\":\"https:\\\/\\\/ykmtest.com\\\/product\\\/le-chatelier-water-bath\\\/\",\"name\":\"Le Chatelier Water Bath - YKM TEST\",\"isPartOf\":{\"@id\":\"https:\\\/\\\/darkorchid-cheetah-525435.hostingersite.com\\\/#website\"},\"datePublished\":\"2025-12-31T08:48:53+00:00\",\"dateModified\":\"2025-12-31T08:48:54+00:00\",\"description\":\"Le Chatelier Water Bath is a stainless-steel laboratory bath with precise digital temperature control, designed to cure up to 12 Le Chatelier moulds simultaneously for cement soundness and volume expansion testing.\",\"breadcrumb\":{\"@id\":\"https:\\\/\\\/ykmtest.com\\\/product\\\/le-chatelier-water-bath\\\/#breadcrumb\"},\"inLanguage\":\"es-AR\",\"potentialAction\":[{\"@type\":\"ReadAction\",\"target\":[\"https:\\\/\\\/ykmtest.com\\\/product\\\/le-chatelier-water-bath\\\/\"]}]},{\"@type\":\"BreadcrumbList\",\"@id\":\"https:\\\/\\\/ykmtest.com\\\/product\\\/le-chatelier-water-bath\\\/#breadcrumb\",\"itemListElement\":[{\"@type\":\"ListItem\",\"position\":1,\"name\":\"Home\",\"item\":\"https:\\\/\\\/darkorchid-cheetah-525435.hostingersite.com\\\/\"},{\"@type\":\"ListItem\",\"position\":2,\"name\":\"\u0422\u043e\u0432\u0430\u0440\u044b\",\"item\":\"https:\\\/\\\/ykmtest.com\\\/ru\\\/shop\\\/\"},{\"@type\":\"ListItem\",\"position\":3,\"name\":\"Le Chatelier Water Bath\"}]},{\"@type\":\"WebSite\",\"@id\":\"https:\\\/\\\/darkorchid-cheetah-525435.hostingersite.com\\\/#website\",\"url\":\"https:\\\/\\\/darkorchid-cheetah-525435.hostingersite.com\\\/\",\"name\":\"YKM TEST\",\"description\":\"\",\"publisher\":{\"@id\":\"https:\\\/\\\/darkorchid-cheetah-525435.hostingersite.com\\\/#organization\"},\"potentialAction\":[{\"@type\":\"SearchAction\",\"target\":{\"@type\":\"EntryPoint\",\"urlTemplate\":\"https:\\\/\\\/darkorchid-cheetah-525435.hostingersite.com\\\/?s={search_term_string}\"},\"query-input\":{\"@type\":\"PropertyValueSpecification\",\"valueRequired\":true,\"valueName\":\"search_term_string\"}}],\"inLanguage\":\"es-AR\"},{\"@type\":[\"Organization\",\"Place\"],\"@id\":\"https:\\\/\\\/darkorchid-cheetah-525435.hostingersite.com\\\/#organization\",\"name\":\"YKM TEST\",\"url\":\"https:\\\/\\\/darkorchid-cheetah-525435.hostingersite.com\\\/\",\"logo\":{\"@id\":\"https:\\\/\\\/ykmtest.com\\\/product\\\/le-chatelier-water-bath\\\/#local-main-organization-logo\"},\"image\":{\"@id\":\"https:\\\/\\\/ykmtest.com\\\/product\\\/le-chatelier-water-bath\\\/#local-main-organization-logo\"},\"telephone\":[],\"openingHoursSpecification\":[{\"@type\":\"OpeningHoursSpecification\",\"dayOfWeek\":[\"Monday\",\"Tuesday\",\"Wednesday\",\"Thursday\",\"Friday\",\"Saturday\",\"Sunday\"],\"opens\":\"09:00\",\"closes\":\"17:00\"}]},{\"@type\":\"ImageObject\",\"inLanguage\":\"es-AR\",\"@id\":\"https:\\\/\\\/ykmtest.com\\\/product\\\/le-chatelier-water-bath\\\/#local-main-organization-logo\",\"url\":\"https:\\\/\\\/ykmtest.com\\\/wp-content\\\/uploads\\\/2025\\\/10\\\/Asset-2@2x-8.png\",\"contentUrl\":\"https:\\\/\\\/ykmtest.com\\\/wp-content\\\/uploads\\\/2025\\\/10\\\/Asset-2@2x-8.png\",\"width\":1550,\"height\":323,\"caption\":\"YKM TEST\"}]}<\/script>\n<meta property=\"product:price:currency\" content=\"USD\" \/>\n<meta property=\"og:availability\" content=\"instock\" \/>\n<meta property=\"product:availability\" content=\"instock\" \/>\n<meta property=\"product:condition\" content=\"new\" \/>\n<!-- \/ Yoast SEO Premium plugin. -->","yoast_head_json":{"title":"Le Chatelier Water Bath - YKM TEST","description":"Le Chatelier Water Bath is a stainless-steel laboratory bath with precise digital temperature control, designed to cure up to 12 Le Chatelier moulds simultaneously for cement soundness and volume expansion testing.","robots":{"index":"index","follow":"follow","max-snippet":"max-snippet:-1","max-image-preview":"max-image-preview:large","max-video-preview":"max-video-preview:-1"},"canonical":"https:\/\/ykmtest.com\/es\/producto\/le-chatelier-water-bath\/","og_locale":"es_ES","og_type":"article","og_title":"Le Chatelier Water Bath","og_description":"Le Chatelier Water Bath is a stainless-steel laboratory bath with precise digital temperature control, designed to cure up to 12 Le Chatelier moulds simultaneously for cement soundness and volume expansion testing.","og_url":"https:\/\/ykmtest.com\/es\/producto\/le-chatelier-water-bath\/","og_site_name":"YKM TEST","article_modified_time":"2025-12-31T08:48:54+00:00","twitter_card":"summary_large_image","twitter_misc":{"Price":"","Availability":"In stock"},"schema":{"@context":"https:\/\/schema.org","@graph":[{"@type":"WebPage","@id":"https:\/\/ykmtest.com\/product\/le-chatelier-water-bath\/","url":"https:\/\/ykmtest.com\/product\/le-chatelier-water-bath\/","name":"Le Chatelier Water Bath - YKM TEST","isPartOf":{"@id":"https:\/\/darkorchid-cheetah-525435.hostingersite.com\/#website"},"datePublished":"2025-12-31T08:48:53+00:00","dateModified":"2025-12-31T08:48:54+00:00","description":"Le Chatelier Water Bath is a stainless-steel laboratory bath with precise digital temperature control, designed to cure up to 12 Le Chatelier moulds simultaneously for cement soundness and volume expansion testing.","breadcrumb":{"@id":"https:\/\/ykmtest.com\/product\/le-chatelier-water-bath\/#breadcrumb"},"inLanguage":"es-AR","potentialAction":[{"@type":"ReadAction","target":["https:\/\/ykmtest.com\/product\/le-chatelier-water-bath\/"]}]},{"@type":"BreadcrumbList","@id":"https:\/\/ykmtest.com\/product\/le-chatelier-water-bath\/#breadcrumb","itemListElement":[{"@type":"ListItem","position":1,"name":"Home","item":"https:\/\/darkorchid-cheetah-525435.hostingersite.com\/"},{"@type":"ListItem","position":2,"name":"\u0422\u043e\u0432\u0430\u0440\u044b","item":"https:\/\/ykmtest.com\/ru\/shop\/"},{"@type":"ListItem","position":3,"name":"Le Chatelier Water Bath"}]},{"@type":"WebSite","@id":"https:\/\/darkorchid-cheetah-525435.hostingersite.com\/#website","url":"https:\/\/darkorchid-cheetah-525435.hostingersite.com\/","name":"PRUEBA YKM","description":"","publisher":{"@id":"https:\/\/darkorchid-cheetah-525435.hostingersite.com\/#organization"},"potentialAction":[{"@type":"SearchAction","target":{"@type":"EntryPoint","urlTemplate":"https:\/\/darkorchid-cheetah-525435.hostingersite.com\/?s={search_term_string}"},"query-input":{"@type":"PropertyValueSpecification","valueRequired":true,"valueName":"search_term_string"}}],"inLanguage":"es-AR"},{"@type":["Organization","Place"],"@id":"https:\/\/darkorchid-cheetah-525435.hostingersite.com\/#organization","name":"PRUEBA YKM","url":"https:\/\/darkorchid-cheetah-525435.hostingersite.com\/","logo":{"@id":"https:\/\/ykmtest.com\/product\/le-chatelier-water-bath\/#local-main-organization-logo"},"image":{"@id":"https:\/\/ykmtest.com\/product\/le-chatelier-water-bath\/#local-main-organization-logo"},"telephone":[],"openingHoursSpecification":[{"@type":"OpeningHoursSpecification","dayOfWeek":["Monday","Tuesday","Wednesday","Thursday","Friday","Saturday","Sunday"],"opens":"09:00","closes":"17:00"}]},{"@type":"ImageObject","inLanguage":"es-AR","@id":"https:\/\/ykmtest.com\/product\/le-chatelier-water-bath\/#local-main-organization-logo","url":"https:\/\/ykmtest.com\/wp-content\/uploads\/2025\/10\/Asset-2@2x-8.png","contentUrl":"https:\/\/ykmtest.com\/wp-content\/uploads\/2025\/10\/Asset-2@2x-8.png","width":1550,"height":323,"caption":"YKM TEST"}]},"product_price_currency":"USD","og_availability":"instock","product_availability":"instock","product_condition":"new"},"_links":{"self":[{"href":"https:\/\/ykmtest.com\/es\/wp-json\/wp\/v2\/product\/11726","targetHints":{"allow":["GET"]}}],"collection":[{"href":"https:\/\/ykmtest.com\/es\/wp-json\/wp\/v2\/product"}],"about":[{"href":"https:\/\/ykmtest.com\/es\/wp-json\/wp\/v2\/types\/product"}],"version-history":[{"count":1,"href":"https:\/\/ykmtest.com\/es\/wp-json\/wp\/v2\/product\/11726\/revisions"}],"predecessor-version":[{"id":11727,"href":"https:\/\/ykmtest.com\/es\/wp-json\/wp\/v2\/product\/11726\/revisions\/11727"}],"wp:attachment":[{"href":"https:\/\/ykmtest.com\/es\/wp-json\/wp\/v2\/media?parent=11726"}],"wp:term":[{"taxonomy":"product_brand","embeddable":true,"href":"https:\/\/ykmtest.com\/es\/wp-json\/wp\/v2\/product_brand?post=11726"},{"taxonomy":"product_cat","embeddable":true,"href":"https:\/\/ykmtest.com\/es\/wp-json\/wp\/v2\/product_cat?post=11726"},{"taxonomy":"product_tag","embeddable":true,"href":"https:\/\/ykmtest.com\/es\/wp-json\/wp\/v2\/product_tag?post=11726"}],"curies":[{"name":"wp","href":"https:\/\/api.w.org\/{rel}","templated":true}]}}