{"id":11732,"date":"2025-12-31T11:09:59","date_gmt":"2025-12-31T11:09:59","guid":{"rendered":"https:\/\/ykmtest.com\/?post_type=product&#038;p=11732"},"modified":"2025-12-31T11:09:59","modified_gmt":"2025-12-31T11:09:59","slug":"blaine-air-permeability-apparatus","status":"publish","type":"product","link":"https:\/\/ykmtest.com\/es\/producto\/blaine-air-permeability-apparatus\/","title":{"rendered":"Aparato Blaine para medir la permeabilidad al aire"},"content":{"rendered":"<p>El aparato de permeabilidad al aire de Blaine se utiliza para determinar de forma fiable y reproducible la superficie espec\u00edfica (finura de Blaine) del cemento, la cal y otros aglutinantes finos. El aparato consta de un man\u00f3metro de vidrio de precisi\u00f3n, l\u00edquido para man\u00f3metro, disco filtrante, soporte de ensayo, \u00e9mbolo de goma, embudo y componentes de pist\u00f3n de precisi\u00f3n. El ensayo se basa en el principio de hacer pasar aire a trav\u00e9s de una muestra de cemento de volumen y porosidad conocidos bajo una diferencia de presi\u00f3n constante. El tiempo de paso del aire medido est\u00e1 directamente relacionado con el tama\u00f1o de las part\u00edculas y el \u00e1rea superficial del material. Cuando este tiempo se calcula utilizando la ecuaci\u00f3n de Blaine, se expresa como el \u00e1rea superficial espec\u00edfica del cemento (cm\u00b2\/g). El aparato est\u00e1 fabricado en vidrio borosilicato para garantizar resultados de alta precisi\u00f3n y estanqueidad. El tubo del man\u00f3metro est\u00e1 marcado con una escala graduada para lecturas claras y precisas. La celda de Blaine, fabricada en lat\u00f3n mecanizado, proporciona valores de porosidad reproducibles para cada muestra. El usuario determina la constante de ensayo mediante la calibraci\u00f3n con cemento de referencia y luego mide la muestra de ensayo utilizando el mismo procedimiento para calcular la finura. La celda Blaine, que incluye el cuerpo, el disco perforado y el pist\u00f3n, est\u00e1 montada sobre una base met\u00e1lica r\u00edgida y dise\u00f1ada para mantener una densidad de compactaci\u00f3n constante de la muestra. Un soporte de filtro adecuadamente poroso garantiza un flujo de aire laminar y la estabilidad de la medici\u00f3n. Los componentes volum\u00e9tricos de vidrio transparente, la ubicaci\u00f3n con aislamiento t\u00e9rmico y un indicador opcional de temperatura ambiente ayudan a mantener el equilibrio t\u00e9rmico y a minimizar las incertidumbres relacionadas con la viscosidad. La calibraci\u00f3n se puede realizar r\u00e1pidamente utilizando material de referencia, lo que garantiza la trazabilidad entre diferentes lotes. Las superficies lisas, las juntas resistentes a los productos qu\u00edmicos y un dise\u00f1o de celda f\u00e1cilmente desmontable permiten una limpieza y un reensamblaje r\u00e1pidos. El sistema est\u00e1 disponible con una sola estaci\u00f3n o con m\u00faltiples celdas en paralelo, con consumibles y piezas de repuesto, como filtros, discos y pistones, totalmente compatibles dentro de la misma plataforma. La arquitectura del aparato est\u00e1 desarrollada para cumplir con los requisitos de precisi\u00f3n dimensional y control de tiempo\/presi\u00f3n especificados en las normas ASTM C204, EN 196-6 y AASHTO T153. Esto garantiza resultados de finura Blaine estandarizados, comparables y reportables para el control de calidad de la producci\u00f3n, pruebas de aceptaci\u00f3n y estudios de I+D. La construcci\u00f3n duradera y los bajos requisitos de mantenimiento proporcionan un rendimiento estable durante muchos a\u00f1os.<\/p>","protected":false},"excerpt":{"rendered":"<p><span lang=\"TR\">El aparato de permeabilidad al aire de Blaine es un dispositivo de laboratorio de precisi\u00f3n que mide el \u00e1rea superficial espec\u00edfica (finura de Blaine) del cemento y otros aglutinantes finos midiendo el tiempo que tarda el aire en atravesar una muestra compactada bajo presi\u00f3n controlada, lo que garantiza resultados precisos, reproducibles y conformes a las normas.<\/span><\/p>","protected":false},"featured_media":0,"template":"","meta":{"_acf_changed":false},"product_brand":[],"product_cat":[167,159],"product_tag":[],"class_list":{"0":"post-11732","1":"product","2":"type-product","3":"status-publish","5":"product_cat-blaine-air-permeability-fineness","6":"product_cat-cement-mortar","9":"instock","10":"shipping-taxable","11":"product-type-simple"},"acf":[],"yoast_head":"<!-- This site is optimized with the Yoast SEO Premium plugin v26.5 (Yoast SEO v26.5) - https:\/\/yoast.com\/wordpress\/plugins\/seo\/ -->\n<title>Blaine Air Permeability Apparatus - YKM TEST<\/title>\n<meta name=\"description\" content=\"Blaine Air Permeability Apparatus is a precision laboratory device used to measure the specific surface area (Blaine fineness) of cement and fine binders by controlled air flow, delivering accurate and standards-compliant results per ASTM and EN methods.\" \/>\n<meta name=\"robots\" content=\"index, follow, max-snippet:-1, max-image-preview:large, max-video-preview:-1\" \/>\n<link rel=\"canonical\" href=\"https:\/\/ykmtest.com\/es\/producto\/blaine-air-permeability-apparatus\/\" \/>\n<meta property=\"og:locale\" content=\"es_ES\" \/>\n<meta property=\"og:type\" content=\"article\" \/>\n<meta property=\"og:title\" content=\"Blaine Air Permeability Apparatus\" \/>\n<meta property=\"og:description\" content=\"Blaine Air Permeability Apparatus is a precision laboratory device used to measure the specific surface area (Blaine fineness) of cement and fine binders by controlled air flow, delivering accurate and standards-compliant results per ASTM and EN methods.\" \/>\n<meta property=\"og:url\" content=\"https:\/\/ykmtest.com\/es\/producto\/blaine-air-permeability-apparatus\/\" \/>\n<meta property=\"og:site_name\" content=\"YKM TEST\" \/>\n<meta name=\"twitter:card\" content=\"summary_large_image\" \/>\n<meta name=\"twitter:label1\" content=\"Price\" \/>\n\t<meta name=\"twitter:data1\" content=\"\" \/>\n\t<meta name=\"twitter:label2\" content=\"Availability\" \/>\n\t<meta name=\"twitter:data2\" content=\"In stock\" \/>\n<script type=\"application\/ld+json\" class=\"yoast-schema-graph\">{\"@context\":\"https:\/\/schema.org\",\"@graph\":[{\"@type\":\"WebPage\",\"@id\":\"https:\/\/ykmtest.com\/product\/blaine-air-permeability-apparatus\/\",\"url\":\"https:\/\/ykmtest.com\/product\/blaine-air-permeability-apparatus\/\",\"name\":\"Blaine Air Permeability Apparatus - YKM TEST\",\"isPartOf\":{\"@id\":\"https:\/\/darkorchid-cheetah-525435.hostingersite.com\/#website\"},\"datePublished\":\"2025-12-31T11:09:59+00:00\",\"description\":\"Blaine Air Permeability Apparatus is a precision laboratory device used to measure the specific surface area (Blaine fineness) of cement and fine binders by controlled air flow, delivering accurate and standards-compliant results per ASTM and EN methods.\",\"breadcrumb\":{\"@id\":\"https:\/\/ykmtest.com\/product\/blaine-air-permeability-apparatus\/#breadcrumb\"},\"inLanguage\":\"es-AR\",\"potentialAction\":[{\"@type\":\"ReadAction\",\"target\":[\"https:\/\/ykmtest.com\/product\/blaine-air-permeability-apparatus\/\"]}]},{\"@type\":\"BreadcrumbList\",\"@id\":\"https:\/\/ykmtest.com\/product\/blaine-air-permeability-apparatus\/#breadcrumb\",\"itemListElement\":[{\"@type\":\"ListItem\",\"position\":1,\"name\":\"Home\",\"item\":\"https:\/\/darkorchid-cheetah-525435.hostingersite.com\/\"},{\"@type\":\"ListItem\",\"position\":2,\"name\":\"\u0422\u043e\u0432\u0430\u0440\u044b\",\"item\":\"https:\/\/ykmtest.com\/ru\/shop\/\"},{\"@type\":\"ListItem\",\"position\":3,\"name\":\"Blaine Air Permeability Apparatus\"}]},{\"@type\":\"WebSite\",\"@id\":\"https:\/\/darkorchid-cheetah-525435.hostingersite.com\/#website\",\"url\":\"https:\/\/darkorchid-cheetah-525435.hostingersite.com\/\",\"name\":\"YKM TEST\",\"description\":\"\",\"publisher\":{\"@id\":\"https:\/\/darkorchid-cheetah-525435.hostingersite.com\/#organization\"},\"potentialAction\":[{\"@type\":\"SearchAction\",\"target\":{\"@type\":\"EntryPoint\",\"urlTemplate\":\"https:\/\/darkorchid-cheetah-525435.hostingersite.com\/?s={search_term_string}\"},\"query-input\":{\"@type\":\"PropertyValueSpecification\",\"valueRequired\":true,\"valueName\":\"search_term_string\"}}],\"inLanguage\":\"es-AR\"},{\"@type\":[\"Organization\",\"Place\"],\"@id\":\"https:\/\/darkorchid-cheetah-525435.hostingersite.com\/#organization\",\"name\":\"YKM TEST\",\"url\":\"https:\/\/darkorchid-cheetah-525435.hostingersite.com\/\",\"logo\":{\"@id\":\"https:\/\/ykmtest.com\/product\/blaine-air-permeability-apparatus\/#local-main-organization-logo\"},\"image\":{\"@id\":\"https:\/\/ykmtest.com\/product\/blaine-air-permeability-apparatus\/#local-main-organization-logo\"},\"telephone\":[],\"openingHoursSpecification\":[{\"@type\":\"OpeningHoursSpecification\",\"dayOfWeek\":[\"Monday\",\"Tuesday\",\"Wednesday\",\"Thursday\",\"Friday\",\"Saturday\",\"Sunday\"],\"opens\":\"09:00\",\"closes\":\"17:00\"}]},{\"@type\":\"ImageObject\",\"inLanguage\":\"es-AR\",\"@id\":\"https:\/\/ykmtest.com\/product\/blaine-air-permeability-apparatus\/#local-main-organization-logo\",\"url\":\"https:\/\/ykmtest.com\/wp-content\/uploads\/2025\/10\/Asset-2@2x-8.png\",\"contentUrl\":\"https:\/\/ykmtest.com\/wp-content\/uploads\/2025\/10\/Asset-2@2x-8.png\",\"width\":1550,\"height\":323,\"caption\":\"YKM TEST\"}]}<\/script>\n<meta property=\"product:price:currency\" content=\"USD\" \/>\n<meta property=\"og:availability\" content=\"instock\" \/>\n<meta property=\"product:availability\" content=\"instock\" \/>\n<meta property=\"product:condition\" content=\"new\" \/>\n<!-- \/ Yoast SEO Premium plugin. -->","yoast_head_json":{"title":"Blaine Air Permeability Apparatus - YKM TEST","description":"Blaine Air Permeability Apparatus is a precision laboratory device used to measure the specific surface area (Blaine fineness) of cement and fine binders by controlled air flow, delivering accurate and standards-compliant results per ASTM and EN methods.","robots":{"index":"index","follow":"follow","max-snippet":"max-snippet:-1","max-image-preview":"max-image-preview:large","max-video-preview":"max-video-preview:-1"},"canonical":"https:\/\/ykmtest.com\/es\/producto\/blaine-air-permeability-apparatus\/","og_locale":"es_ES","og_type":"article","og_title":"Blaine Air Permeability Apparatus","og_description":"Blaine Air Permeability Apparatus is a precision laboratory device used to measure the specific surface area (Blaine fineness) of cement and fine binders by controlled air flow, delivering accurate and standards-compliant results per ASTM and EN methods.","og_url":"https:\/\/ykmtest.com\/es\/producto\/blaine-air-permeability-apparatus\/","og_site_name":"YKM TEST","twitter_card":"summary_large_image","twitter_misc":{"Price":"","Availability":"In stock"},"schema":{"@context":"https:\/\/schema.org","@graph":[{"@type":"WebPage","@id":"https:\/\/ykmtest.com\/product\/blaine-air-permeability-apparatus\/","url":"https:\/\/ykmtest.com\/product\/blaine-air-permeability-apparatus\/","name":"Blaine Air Permeability Apparatus - YKM TEST","isPartOf":{"@id":"https:\/\/darkorchid-cheetah-525435.hostingersite.com\/#website"},"datePublished":"2025-12-31T11:09:59+00:00","description":"Blaine Air Permeability Apparatus is a precision laboratory device used to measure the specific surface area (Blaine fineness) of cement and fine binders by controlled air flow, delivering accurate and standards-compliant results per ASTM and EN methods.","breadcrumb":{"@id":"https:\/\/ykmtest.com\/product\/blaine-air-permeability-apparatus\/#breadcrumb"},"inLanguage":"es-AR","potentialAction":[{"@type":"ReadAction","target":["https:\/\/ykmtest.com\/product\/blaine-air-permeability-apparatus\/"]}]},{"@type":"BreadcrumbList","@id":"https:\/\/ykmtest.com\/product\/blaine-air-permeability-apparatus\/#breadcrumb","itemListElement":[{"@type":"ListItem","position":1,"name":"Home","item":"https:\/\/darkorchid-cheetah-525435.hostingersite.com\/"},{"@type":"ListItem","position":2,"name":"\u0422\u043e\u0432\u0430\u0440\u044b","item":"https:\/\/ykmtest.com\/ru\/shop\/"},{"@type":"ListItem","position":3,"name":"Blaine Air Permeability Apparatus"}]},{"@type":"WebSite","@id":"https:\/\/darkorchid-cheetah-525435.hostingersite.com\/#website","url":"https:\/\/darkorchid-cheetah-525435.hostingersite.com\/","name":"PRUEBA YKM","description":"","publisher":{"@id":"https:\/\/darkorchid-cheetah-525435.hostingersite.com\/#organization"},"potentialAction":[{"@type":"SearchAction","target":{"@type":"EntryPoint","urlTemplate":"https:\/\/darkorchid-cheetah-525435.hostingersite.com\/?s={search_term_string}"},"query-input":{"@type":"PropertyValueSpecification","valueRequired":true,"valueName":"search_term_string"}}],"inLanguage":"es-AR"},{"@type":["Organization","Place"],"@id":"https:\/\/darkorchid-cheetah-525435.hostingersite.com\/#organization","name":"PRUEBA YKM","url":"https:\/\/darkorchid-cheetah-525435.hostingersite.com\/","logo":{"@id":"https:\/\/ykmtest.com\/product\/blaine-air-permeability-apparatus\/#local-main-organization-logo"},"image":{"@id":"https:\/\/ykmtest.com\/product\/blaine-air-permeability-apparatus\/#local-main-organization-logo"},"telephone":[],"openingHoursSpecification":[{"@type":"OpeningHoursSpecification","dayOfWeek":["Monday","Tuesday","Wednesday","Thursday","Friday","Saturday","Sunday"],"opens":"09:00","closes":"17:00"}]},{"@type":"ImageObject","inLanguage":"es-AR","@id":"https:\/\/ykmtest.com\/product\/blaine-air-permeability-apparatus\/#local-main-organization-logo","url":"https:\/\/ykmtest.com\/wp-content\/uploads\/2025\/10\/Asset-2@2x-8.png","contentUrl":"https:\/\/ykmtest.com\/wp-content\/uploads\/2025\/10\/Asset-2@2x-8.png","width":1550,"height":323,"caption":"YKM TEST"}]},"product_price_currency":"USD","og_availability":"instock","product_availability":"instock","product_condition":"new"},"_links":{"self":[{"href":"https:\/\/ykmtest.com\/es\/wp-json\/wp\/v2\/product\/11732","targetHints":{"allow":["GET"]}}],"collection":[{"href":"https:\/\/ykmtest.com\/es\/wp-json\/wp\/v2\/product"}],"about":[{"href":"https:\/\/ykmtest.com\/es\/wp-json\/wp\/v2\/types\/product"}],"version-history":[{"count":1,"href":"https:\/\/ykmtest.com\/es\/wp-json\/wp\/v2\/product\/11732\/revisions"}],"predecessor-version":[{"id":11733,"href":"https:\/\/ykmtest.com\/es\/wp-json\/wp\/v2\/product\/11732\/revisions\/11733"}],"wp:attachment":[{"href":"https:\/\/ykmtest.com\/es\/wp-json\/wp\/v2\/media?parent=11732"}],"wp:term":[{"taxonomy":"product_brand","embeddable":true,"href":"https:\/\/ykmtest.com\/es\/wp-json\/wp\/v2\/product_brand?post=11732"},{"taxonomy":"product_cat","embeddable":true,"href":"https:\/\/ykmtest.com\/es\/wp-json\/wp\/v2\/product_cat?post=11732"},{"taxonomy":"product_tag","embeddable":true,"href":"https:\/\/ykmtest.com\/es\/wp-json\/wp\/v2\/product_tag?post=11732"}],"curies":[{"name":"wp","href":"https:\/\/api.w.org\/{rel}","templated":true}]}}