{"id":11736,"date":"2025-12-31T11:44:47","date_gmt":"2025-12-31T11:44:47","guid":{"rendered":"https:\/\/ykmtest.com\/?post_type=product&#038;p=11736"},"modified":"2026-01-02T06:41:56","modified_gmt":"2026-01-02T06:41:56","slug":"heat-of-hydration-of-cement-calorimeters","status":"publish","type":"product","link":"https:\/\/ykmtest.com\/es\/producto\/heat-of-hydration-of-cement-calorimeters\/","title":{"rendered":"Calor de hidrataci\u00f3n del cemento Calor\u00edmetros"},"content":{"rendered":"<p>El calor\u00edmetro para medir el calor de hidrataci\u00f3n del cemento es un dispositivo de laboratorio de alta precisi\u00f3n dise\u00f1ado para medir con exactitud la energ\u00eda t\u00e9rmica liberada durante el proceso de hidrataci\u00f3n del cemento. Este sistema se utiliza especialmente para determinar las caracter\u00edsticas de hidrataci\u00f3n temprana y tard\u00eda de los cementos Portland, hidr\u00e1ulicos y de bajo calor. Los datos obtenidos revelan la reactividad qu\u00edmica del cemento, la velocidad de hidrataci\u00f3n y la curva de evoluci\u00f3n del calor. El aparato consta de un recipiente Dewar al vac\u00edo que minimiza la p\u00e9rdida de calor, una carcasa exterior aislada, un sistema de agitaci\u00f3n a velocidad constante y un term\u00f3metro digital de alta resoluci\u00f3n. El principio fundamental del dispositivo es medir la cantidad de calor generada por la reacci\u00f3n de hidrataci\u00f3n en la mezcla de cemento y agua a trav\u00e9s del aumento de temperatura resultante en el sistema aislado. La muestra se coloca en el recipiente de agitaci\u00f3n dentro del recipiente Dewar. Se a\u00f1ade agua a una temperatura espec\u00edfica y la mezcla se homogeneiza a velocidad constante utilizando el agitador el\u00e9ctrico integrado. Mientras tanto, el term\u00f3metro digital de alta precisi\u00f3n supervisa los cambios de temperatura con una resoluci\u00f3n de 0,01 \u00b0C. El aumento de temperatura medido se convierte directamente en energ\u00eda t\u00e9rmica en julios o cal\/g seg\u00fan la constante de calibraci\u00f3n del sistema. El sistema Dewar, con su construcci\u00f3n de doble pared al vac\u00edo, impide casi por completo el intercambio de calor con el entorno. Esto garantiza que, durante la prueba, la temperatura interna solo se vea influida por la energ\u00eda de reacci\u00f3n, lo que elimina las desviaciones de medici\u00f3n causadas por las fluctuaciones de temperatura externas. El cuerpo exterior del calor\u00edmetro est\u00e1 recubierto con aislamiento t\u00e9rmico de alta densidad y alojado dentro de una robusta carcasa met\u00e1lica para su protecci\u00f3n.<\/p>","protected":false},"excerpt":{"rendered":"<p>El calor\u00edmetro para medir el calor de hidrataci\u00f3n del cemento es un dispositivo de laboratorio de alta precisi\u00f3n que mide el calor liberado durante la hidrataci\u00f3n del cemento utilizando un recipiente Dewar con aislamiento al vac\u00edo, agitaci\u00f3n a velocidad constante y un term\u00f3metro de alta resoluci\u00f3n, lo que proporciona datos precisos sobre la reactividad del cemento, la velocidad de hidrataci\u00f3n y la evoluci\u00f3n del calor.<\/p>","protected":false},"featured_media":0,"template":"","meta":{"_acf_changed":false},"product_brand":[],"product_cat":[159],"product_tag":[],"class_list":{"0":"post-11736","1":"product","2":"type-product","3":"status-publish","5":"product_cat-cement-mortar","8":"instock","9":"shipping-taxable","10":"product-type-simple"},"acf":[],"yoast_head":"<!-- This site is optimized with the Yoast SEO Premium plugin v26.5 (Yoast SEO v27.5) - https:\/\/yoast.com\/product\/yoast-seo-premium-wordpress\/ -->\n<title>Heat of Hydration of Cement Calorimeters - YKM TEST<\/title>\n<meta name=\"description\" content=\"Heat of Hydration of Cement Calorimeter is a high-precision laboratory device that measures the heat released during cement hydration, providing accurate data on cement reactivity, hydration rate, and heat evolution using a vacuum-insulated Dewar vessel and high-resolution thermometer.\" \/>\n<meta name=\"robots\" content=\"index, follow, max-snippet:-1, max-image-preview:large, max-video-preview:-1\" \/>\n<link rel=\"canonical\" href=\"https:\/\/ykmtest.com\/es\/producto\/heat-of-hydration-of-cement-calorimeters\/\" \/>\n<meta property=\"og:locale\" content=\"es_ES\" \/>\n<meta property=\"og:type\" content=\"article\" \/>\n<meta property=\"og:title\" content=\"Heat of Hydration of Cement Calorimeters\" \/>\n<meta property=\"og:description\" content=\"Heat of Hydration of Cement Calorimeter is a high-precision laboratory device that measures the heat released during cement hydration, providing accurate data on cement reactivity, hydration rate, and heat evolution using a vacuum-insulated Dewar vessel and high-resolution thermometer.\" \/>\n<meta property=\"og:url\" content=\"https:\/\/ykmtest.com\/es\/producto\/heat-of-hydration-of-cement-calorimeters\/\" \/>\n<meta property=\"og:site_name\" content=\"YKM TEST\" \/>\n<meta property=\"article:modified_time\" content=\"2026-01-02T06:41:56+00:00\" \/>\n<meta name=\"twitter:card\" content=\"summary_large_image\" \/>\n<meta name=\"twitter:label1\" content=\"Price\" \/>\n\t<meta name=\"twitter:data1\" content=\"\" \/>\n\t<meta name=\"twitter:label2\" content=\"Availability\" \/>\n\t<meta name=\"twitter:data2\" content=\"In stock\" \/>\n<script type=\"application\/ld+json\" class=\"yoast-schema-graph\">{\"@context\":\"https:\\\/\\\/schema.org\",\"@graph\":[{\"@type\":\"WebPage\",\"@id\":\"https:\\\/\\\/ykmtest.com\\\/product\\\/heat-of-hydration-of-cement-calorimeters\\\/\",\"url\":\"https:\\\/\\\/ykmtest.com\\\/product\\\/heat-of-hydration-of-cement-calorimeters\\\/\",\"name\":\"Heat of Hydration of Cement Calorimeters - YKM TEST\",\"isPartOf\":{\"@id\":\"https:\\\/\\\/darkorchid-cheetah-525435.hostingersite.com\\\/#website\"},\"datePublished\":\"2025-12-31T11:44:47+00:00\",\"dateModified\":\"2026-01-02T06:41:56+00:00\",\"description\":\"Heat of Hydration of Cement Calorimeter is a high-precision laboratory device that measures the heat released during cement hydration, providing accurate data on cement reactivity, hydration rate, and heat evolution using a vacuum-insulated Dewar vessel and high-resolution thermometer.\",\"breadcrumb\":{\"@id\":\"https:\\\/\\\/ykmtest.com\\\/product\\\/heat-of-hydration-of-cement-calorimeters\\\/#breadcrumb\"},\"inLanguage\":\"es-AR\",\"potentialAction\":[{\"@type\":\"ReadAction\",\"target\":[\"https:\\\/\\\/ykmtest.com\\\/product\\\/heat-of-hydration-of-cement-calorimeters\\\/\"]}]},{\"@type\":\"BreadcrumbList\",\"@id\":\"https:\\\/\\\/ykmtest.com\\\/product\\\/heat-of-hydration-of-cement-calorimeters\\\/#breadcrumb\",\"itemListElement\":[{\"@type\":\"ListItem\",\"position\":1,\"name\":\"Home\",\"item\":\"https:\\\/\\\/darkorchid-cheetah-525435.hostingersite.com\\\/\"},{\"@type\":\"ListItem\",\"position\":2,\"name\":\"\u0422\u043e\u0432\u0430\u0440\u044b\",\"item\":\"https:\\\/\\\/ykmtest.com\\\/ru\\\/shop\\\/\"},{\"@type\":\"ListItem\",\"position\":3,\"name\":\"Heat of Hydration of Cement Calorimeters\"}]},{\"@type\":\"WebSite\",\"@id\":\"https:\\\/\\\/darkorchid-cheetah-525435.hostingersite.com\\\/#website\",\"url\":\"https:\\\/\\\/darkorchid-cheetah-525435.hostingersite.com\\\/\",\"name\":\"YKM TEST\",\"description\":\"\",\"publisher\":{\"@id\":\"https:\\\/\\\/darkorchid-cheetah-525435.hostingersite.com\\\/#organization\"},\"potentialAction\":[{\"@type\":\"SearchAction\",\"target\":{\"@type\":\"EntryPoint\",\"urlTemplate\":\"https:\\\/\\\/darkorchid-cheetah-525435.hostingersite.com\\\/?s={search_term_string}\"},\"query-input\":{\"@type\":\"PropertyValueSpecification\",\"valueRequired\":true,\"valueName\":\"search_term_string\"}}],\"inLanguage\":\"es-AR\"},{\"@type\":[\"Organization\",\"Place\"],\"@id\":\"https:\\\/\\\/darkorchid-cheetah-525435.hostingersite.com\\\/#organization\",\"name\":\"YKM TEST\",\"url\":\"https:\\\/\\\/darkorchid-cheetah-525435.hostingersite.com\\\/\",\"logo\":{\"@id\":\"https:\\\/\\\/ykmtest.com\\\/product\\\/heat-of-hydration-of-cement-calorimeters\\\/#local-main-organization-logo\"},\"image\":{\"@id\":\"https:\\\/\\\/ykmtest.com\\\/product\\\/heat-of-hydration-of-cement-calorimeters\\\/#local-main-organization-logo\"},\"telephone\":[],\"openingHoursSpecification\":[{\"@type\":\"OpeningHoursSpecification\",\"dayOfWeek\":[\"Monday\",\"Tuesday\",\"Wednesday\",\"Thursday\",\"Friday\",\"Saturday\",\"Sunday\"],\"opens\":\"09:00\",\"closes\":\"17:00\"}]},{\"@type\":\"ImageObject\",\"inLanguage\":\"es-AR\",\"@id\":\"https:\\\/\\\/ykmtest.com\\\/product\\\/heat-of-hydration-of-cement-calorimeters\\\/#local-main-organization-logo\",\"url\":\"https:\\\/\\\/ykmtest.com\\\/wp-content\\\/uploads\\\/2025\\\/10\\\/Asset-2@2x-8.png\",\"contentUrl\":\"https:\\\/\\\/ykmtest.com\\\/wp-content\\\/uploads\\\/2025\\\/10\\\/Asset-2@2x-8.png\",\"width\":1550,\"height\":323,\"caption\":\"YKM TEST\"}]}<\/script>\n<meta property=\"product:price:currency\" content=\"USD\" \/>\n<meta property=\"og:availability\" content=\"instock\" \/>\n<meta property=\"product:availability\" content=\"instock\" \/>\n<meta property=\"product:condition\" content=\"new\" \/>\n<!-- \/ Yoast SEO Premium plugin. -->","yoast_head_json":{"title":"Heat of Hydration of Cement Calorimeters - YKM TEST","description":"Heat of Hydration of Cement Calorimeter is a high-precision laboratory device that measures the heat released during cement hydration, providing accurate data on cement reactivity, hydration rate, and heat evolution using a vacuum-insulated Dewar vessel and high-resolution thermometer.","robots":{"index":"index","follow":"follow","max-snippet":"max-snippet:-1","max-image-preview":"max-image-preview:large","max-video-preview":"max-video-preview:-1"},"canonical":"https:\/\/ykmtest.com\/es\/producto\/heat-of-hydration-of-cement-calorimeters\/","og_locale":"es_ES","og_type":"article","og_title":"Heat of Hydration of Cement Calorimeters","og_description":"Heat of Hydration of Cement Calorimeter is a high-precision laboratory device that measures the heat released during cement hydration, providing accurate data on cement reactivity, hydration rate, and heat evolution using a vacuum-insulated Dewar vessel and high-resolution thermometer.","og_url":"https:\/\/ykmtest.com\/es\/producto\/heat-of-hydration-of-cement-calorimeters\/","og_site_name":"YKM TEST","article_modified_time":"2026-01-02T06:41:56+00:00","twitter_card":"summary_large_image","twitter_misc":{"Price":"","Availability":"In stock"},"schema":{"@context":"https:\/\/schema.org","@graph":[{"@type":"WebPage","@id":"https:\/\/ykmtest.com\/product\/heat-of-hydration-of-cement-calorimeters\/","url":"https:\/\/ykmtest.com\/product\/heat-of-hydration-of-cement-calorimeters\/","name":"Heat of Hydration of Cement Calorimeters - YKM TEST","isPartOf":{"@id":"https:\/\/darkorchid-cheetah-525435.hostingersite.com\/#website"},"datePublished":"2025-12-31T11:44:47+00:00","dateModified":"2026-01-02T06:41:56+00:00","description":"Heat of Hydration of Cement Calorimeter is a high-precision laboratory device that measures the heat released during cement hydration, providing accurate data on cement reactivity, hydration rate, and heat evolution using a vacuum-insulated Dewar vessel and high-resolution thermometer.","breadcrumb":{"@id":"https:\/\/ykmtest.com\/product\/heat-of-hydration-of-cement-calorimeters\/#breadcrumb"},"inLanguage":"es-AR","potentialAction":[{"@type":"ReadAction","target":["https:\/\/ykmtest.com\/product\/heat-of-hydration-of-cement-calorimeters\/"]}]},{"@type":"BreadcrumbList","@id":"https:\/\/ykmtest.com\/product\/heat-of-hydration-of-cement-calorimeters\/#breadcrumb","itemListElement":[{"@type":"ListItem","position":1,"name":"Home","item":"https:\/\/darkorchid-cheetah-525435.hostingersite.com\/"},{"@type":"ListItem","position":2,"name":"\u0422\u043e\u0432\u0430\u0440\u044b","item":"https:\/\/ykmtest.com\/ru\/shop\/"},{"@type":"ListItem","position":3,"name":"Heat of Hydration of Cement Calorimeters"}]},{"@type":"WebSite","@id":"https:\/\/darkorchid-cheetah-525435.hostingersite.com\/#website","url":"https:\/\/darkorchid-cheetah-525435.hostingersite.com\/","name":"PRUEBA YKM","description":"","publisher":{"@id":"https:\/\/darkorchid-cheetah-525435.hostingersite.com\/#organization"},"potentialAction":[{"@type":"SearchAction","target":{"@type":"EntryPoint","urlTemplate":"https:\/\/darkorchid-cheetah-525435.hostingersite.com\/?s={search_term_string}"},"query-input":{"@type":"PropertyValueSpecification","valueRequired":true,"valueName":"search_term_string"}}],"inLanguage":"es-AR"},{"@type":["Organization","Place"],"@id":"https:\/\/darkorchid-cheetah-525435.hostingersite.com\/#organization","name":"PRUEBA YKM","url":"https:\/\/darkorchid-cheetah-525435.hostingersite.com\/","logo":{"@id":"https:\/\/ykmtest.com\/product\/heat-of-hydration-of-cement-calorimeters\/#local-main-organization-logo"},"image":{"@id":"https:\/\/ykmtest.com\/product\/heat-of-hydration-of-cement-calorimeters\/#local-main-organization-logo"},"telephone":[],"openingHoursSpecification":[{"@type":"OpeningHoursSpecification","dayOfWeek":["Monday","Tuesday","Wednesday","Thursday","Friday","Saturday","Sunday"],"opens":"09:00","closes":"17:00"}]},{"@type":"ImageObject","inLanguage":"es-AR","@id":"https:\/\/ykmtest.com\/product\/heat-of-hydration-of-cement-calorimeters\/#local-main-organization-logo","url":"https:\/\/ykmtest.com\/wp-content\/uploads\/2025\/10\/Asset-2@2x-8.png","contentUrl":"https:\/\/ykmtest.com\/wp-content\/uploads\/2025\/10\/Asset-2@2x-8.png","width":1550,"height":323,"caption":"YKM TEST"}]},"product_price_currency":"USD","og_availability":"instock","product_availability":"instock","product_condition":"new"},"_links":{"self":[{"href":"https:\/\/ykmtest.com\/es\/wp-json\/wp\/v2\/product\/11736","targetHints":{"allow":["GET"]}}],"collection":[{"href":"https:\/\/ykmtest.com\/es\/wp-json\/wp\/v2\/product"}],"about":[{"href":"https:\/\/ykmtest.com\/es\/wp-json\/wp\/v2\/types\/product"}],"version-history":[{"count":2,"href":"https:\/\/ykmtest.com\/es\/wp-json\/wp\/v2\/product\/11736\/revisions"}],"predecessor-version":[{"id":11738,"href":"https:\/\/ykmtest.com\/es\/wp-json\/wp\/v2\/product\/11736\/revisions\/11738"}],"wp:attachment":[{"href":"https:\/\/ykmtest.com\/es\/wp-json\/wp\/v2\/media?parent=11736"}],"wp:term":[{"taxonomy":"product_brand","embeddable":true,"href":"https:\/\/ykmtest.com\/es\/wp-json\/wp\/v2\/product_brand?post=11736"},{"taxonomy":"product_cat","embeddable":true,"href":"https:\/\/ykmtest.com\/es\/wp-json\/wp\/v2\/product_cat?post=11736"},{"taxonomy":"product_tag","embeddable":true,"href":"https:\/\/ykmtest.com\/es\/wp-json\/wp\/v2\/product_tag?post=11736"}],"curies":[{"name":"wp","href":"https:\/\/api.w.org\/{rel}","templated":true}]}}