{"id":11772,"date":"2026-01-02T13:41:00","date_gmt":"2026-01-02T13:41:00","guid":{"rendered":"https:\/\/ykmtest.com\/?post_type=product&#038;p=11772"},"modified":"2026-01-05T07:11:26","modified_gmt":"2026-01-05T07:11:26","slug":"jigs-for-compression-and-flexure-tests","status":"publish","type":"product","link":"https:\/\/ykmtest.com\/es\/producto\/jigs-for-compression-and-flexure-tests\/","title":{"rendered":"Plantillas para ensayos de compresi\u00f3n y flexi\u00f3n"},"content":{"rendered":"<p>Las plantillas para ensayos de compresi\u00f3n y flexi\u00f3n son soluciones de fijaci\u00f3n de precisi\u00f3n dise\u00f1adas para garantizar que las cargas se apliquen a las muestras de cemento y mortero de forma repetible, estandarizada y precisa. El cuerpo r\u00edgido y las superficies de contacto rectificadas y tratadas t\u00e9rmicamente mantienen las tolerancias de paralelismo y planitud, minimizando la carga exc\u00e9ntrica. Para los ensayos de flexi\u00f3n, los dispositivos de carga de tres puntos y de tercer punto cuentan con rodillos de alta dureza soportados por cojinetes y soportes de baja fricci\u00f3n, lo que proporciona una distribuci\u00f3n uniforme del momento a lo largo de la muestra. Las luces ajustables permiten una r\u00e1pida configuraci\u00f3n de las distancias de soporte est\u00e1ndar para prismas de 40 \u00d7 40 \u00d7 160 mm. En los dispositivos de compresi\u00f3n, el componente superior de asiento esf\u00e9rico compensa las desalineaciones menores, mientras que las superficies de contacto superior e inferior de alta dureza reducen la rotura de los bordes y garantizan una transferencia de carga uniforme para cubos de 50 mm y semiprismas. Los anillos gu\u00eda de centrado, las superficies de soporte magn\u00e9ticas\/ranuradas y los mecanismos de bloqueo de cambio r\u00e1pido aceleran la manipulaci\u00f3n del molde y la muestra y reducen la dependencia del operador. Los recubrimientos resistentes a la corrosi\u00f3n, la geometr\u00eda lisa y f\u00e1cil de limpiar y los bordes redondeados proporcionan una larga vida \u00fatil y un bajo mantenimiento en programas de laboratorio intensivos. Los adaptadores de altura y las piezas distanciadoras compatibles optimizan la carrera del pist\u00f3n, acortan los tiempos de ciclo y maximizan la utilizaci\u00f3n de la rigidez del bastidor. La arquitectura del dispositivo se ha desarrollado para cumplir con las normas EN 196-1 \/ ISO 679 para la flexi\u00f3n de prismas de mortero y la compresi\u00f3n de medio prisma, as\u00ed como con las normas ASTM C348 (flexi\u00f3n), ASTM C349 (compresi\u00f3n de medio prisma) y ASTM C109 (compresi\u00f3n de cubos de 50 mm) en t\u00e9rminos de precisi\u00f3n dimensional y geometr\u00eda de carga. Las plantillas para ensayos de compresi\u00f3n y flexi\u00f3n proporcionan una configuraci\u00f3n fiable, r\u00e1pida y f\u00e1cil de usar para obtener resultados conformes con las normas, comparables y comunicables en laboratorios de control de calidad e I+D.<\/p>","protected":false},"excerpt":{"rendered":"<p>Las plantillas para ensayos de compresi\u00f3n y flexi\u00f3n son accesorios dise\u00f1ados con precisi\u00f3n para garantizar una carga estandarizada, precisa y repetible de las muestras de cemento y mortero, con el fin de obtener ensayos de resistencia fiables.<\/p>","protected":false},"featured_media":0,"template":"","meta":{"_acf_changed":false},"product_brand":[],"product_cat":[159,164],"product_tag":[],"class_list":{"0":"post-11772","1":"product","2":"type-product","3":"status-publish","5":"product_cat-cement-mortar","6":"product_cat-compressive-strength-testing","9":"instock","10":"shipping-taxable","11":"product-type-simple"},"acf":[],"yoast_head":"<!-- This site is optimized with the Yoast SEO Premium plugin v26.5 (Yoast SEO v27.5) - https:\/\/yoast.com\/product\/yoast-seo-premium-wordpress\/ -->\n<title>Jigs for Compression and Flexure Tests - YKM TEST<\/title>\n<meta name=\"description\" content=\"Jigs for Compression and Flexure Tests are precision fixtures that ensure accurate, repeatable, and standard-compliant loading of cement and mortar specimens.\" \/>\n<meta name=\"robots\" content=\"index, follow, max-snippet:-1, max-image-preview:large, max-video-preview:-1\" \/>\n<link rel=\"canonical\" href=\"https:\/\/darkorchid-cheetah-525435.hostingersite.com\/product\/jigs-for-compression-and-flexure-tests\/\" \/>\n<meta property=\"og:locale\" content=\"es_ES\" \/>\n<meta property=\"og:type\" content=\"article\" \/>\n<meta property=\"og:title\" content=\"Jigs for Compression and Flexure Tests\" \/>\n<meta property=\"og:description\" content=\"Jigs for Compression and Flexure Tests are precision fixtures that ensure accurate, repeatable, and standard-compliant loading of cement and mortar specimens.\" \/>\n<meta property=\"og:url\" content=\"https:\/\/darkorchid-cheetah-525435.hostingersite.com\/product\/jigs-for-compression-and-flexure-tests\/\" \/>\n<meta property=\"og:site_name\" content=\"YKM TEST\" \/>\n<meta property=\"article:modified_time\" content=\"2026-01-05T07:11:26+00:00\" \/>\n<meta name=\"twitter:card\" content=\"summary_large_image\" \/>\n<meta name=\"twitter:label1\" content=\"Price\" \/>\n\t<meta name=\"twitter:data1\" content=\"\" \/>\n\t<meta name=\"twitter:label2\" content=\"Availability\" \/>\n\t<meta name=\"twitter:data2\" content=\"In stock\" \/>\n<script type=\"application\/ld+json\" class=\"yoast-schema-graph\">{\"@context\":\"https:\\\/\\\/schema.org\",\"@graph\":[{\"@type\":\"WebPage\",\"@id\":\"https:\\\/\\\/darkorchid-cheetah-525435.hostingersite.com\\\/product\\\/jigs-for-compression-and-flexure-tests\\\/\",\"url\":\"https:\\\/\\\/darkorchid-cheetah-525435.hostingersite.com\\\/product\\\/jigs-for-compression-and-flexure-tests\\\/\",\"name\":\"Jigs for Compression and Flexure Tests - YKM TEST\",\"isPartOf\":{\"@id\":\"https:\\\/\\\/darkorchid-cheetah-525435.hostingersite.com\\\/#website\"},\"datePublished\":\"2026-01-02T13:41:00+00:00\",\"dateModified\":\"2026-01-05T07:11:26+00:00\",\"description\":\"Jigs for Compression and Flexure Tests are precision fixtures that ensure accurate, repeatable, and standard-compliant loading of cement and mortar specimens.\",\"breadcrumb\":{\"@id\":\"https:\\\/\\\/darkorchid-cheetah-525435.hostingersite.com\\\/product\\\/jigs-for-compression-and-flexure-tests\\\/#breadcrumb\"},\"inLanguage\":\"es-AR\",\"potentialAction\":[{\"@type\":\"ReadAction\",\"target\":[\"https:\\\/\\\/darkorchid-cheetah-525435.hostingersite.com\\\/product\\\/jigs-for-compression-and-flexure-tests\\\/\"]}]},{\"@type\":\"BreadcrumbList\",\"@id\":\"https:\\\/\\\/darkorchid-cheetah-525435.hostingersite.com\\\/product\\\/jigs-for-compression-and-flexure-tests\\\/#breadcrumb\",\"itemListElement\":[{\"@type\":\"ListItem\",\"position\":1,\"name\":\"Home\",\"item\":\"https:\\\/\\\/darkorchid-cheetah-525435.hostingersite.com\\\/\"},{\"@type\":\"ListItem\",\"position\":2,\"name\":\"\u0422\u043e\u0432\u0430\u0440\u044b\",\"item\":\"https:\\\/\\\/ykmtest.com\\\/ru\\\/shop\\\/\"},{\"@type\":\"ListItem\",\"position\":3,\"name\":\"Jigs for Compression and Flexure Tests\"}]},{\"@type\":\"WebSite\",\"@id\":\"https:\\\/\\\/darkorchid-cheetah-525435.hostingersite.com\\\/#website\",\"url\":\"https:\\\/\\\/darkorchid-cheetah-525435.hostingersite.com\\\/\",\"name\":\"YKM TEST\",\"description\":\"\",\"publisher\":{\"@id\":\"https:\\\/\\\/darkorchid-cheetah-525435.hostingersite.com\\\/#organization\"},\"potentialAction\":[{\"@type\":\"SearchAction\",\"target\":{\"@type\":\"EntryPoint\",\"urlTemplate\":\"https:\\\/\\\/darkorchid-cheetah-525435.hostingersite.com\\\/?s={search_term_string}\"},\"query-input\":{\"@type\":\"PropertyValueSpecification\",\"valueRequired\":true,\"valueName\":\"search_term_string\"}}],\"inLanguage\":\"es-AR\"},{\"@type\":[\"Organization\",\"Place\"],\"@id\":\"https:\\\/\\\/darkorchid-cheetah-525435.hostingersite.com\\\/#organization\",\"name\":\"YKM TEST\",\"url\":\"https:\\\/\\\/darkorchid-cheetah-525435.hostingersite.com\\\/\",\"logo\":{\"@id\":\"https:\\\/\\\/darkorchid-cheetah-525435.hostingersite.com\\\/product\\\/jigs-for-compression-and-flexure-tests\\\/#local-main-organization-logo\"},\"image\":{\"@id\":\"https:\\\/\\\/darkorchid-cheetah-525435.hostingersite.com\\\/product\\\/jigs-for-compression-and-flexure-tests\\\/#local-main-organization-logo\"},\"telephone\":[],\"openingHoursSpecification\":[{\"@type\":\"OpeningHoursSpecification\",\"dayOfWeek\":[\"Monday\",\"Tuesday\",\"Wednesday\",\"Thursday\",\"Friday\",\"Saturday\",\"Sunday\"],\"opens\":\"09:00\",\"closes\":\"17:00\"}]},{\"@type\":\"ImageObject\",\"inLanguage\":\"es-AR\",\"@id\":\"https:\\\/\\\/darkorchid-cheetah-525435.hostingersite.com\\\/product\\\/jigs-for-compression-and-flexure-tests\\\/#local-main-organization-logo\",\"url\":\"https:\\\/\\\/ykmtest.com\\\/wp-content\\\/uploads\\\/2025\\\/10\\\/Asset-2@2x-8.png\",\"contentUrl\":\"https:\\\/\\\/ykmtest.com\\\/wp-content\\\/uploads\\\/2025\\\/10\\\/Asset-2@2x-8.png\",\"width\":1550,\"height\":323,\"caption\":\"YKM TEST\"}]}<\/script>\n<meta property=\"product:price:currency\" content=\"USD\" \/>\n<meta property=\"og:availability\" content=\"instock\" \/>\n<meta property=\"product:availability\" content=\"instock\" \/>\n<meta property=\"product:condition\" content=\"new\" \/>\n<!-- \/ Yoast SEO Premium plugin. -->","yoast_head_json":{"title":"Jigs for Compression and Flexure Tests - YKM TEST","description":"Jigs for Compression and Flexure Tests are precision fixtures that ensure accurate, repeatable, and standard-compliant loading of cement and mortar specimens.","robots":{"index":"index","follow":"follow","max-snippet":"max-snippet:-1","max-image-preview":"max-image-preview:large","max-video-preview":"max-video-preview:-1"},"canonical":"https:\/\/darkorchid-cheetah-525435.hostingersite.com\/product\/jigs-for-compression-and-flexure-tests\/","og_locale":"es_ES","og_type":"article","og_title":"Jigs for Compression and Flexure Tests","og_description":"Jigs for Compression and Flexure Tests are precision fixtures that ensure accurate, repeatable, and standard-compliant loading of cement and mortar specimens.","og_url":"https:\/\/darkorchid-cheetah-525435.hostingersite.com\/product\/jigs-for-compression-and-flexure-tests\/","og_site_name":"YKM TEST","article_modified_time":"2026-01-05T07:11:26+00:00","twitter_card":"summary_large_image","twitter_misc":{"Price":"","Availability":"In stock"},"schema":{"@context":"https:\/\/schema.org","@graph":[{"@type":"WebPage","@id":"https:\/\/darkorchid-cheetah-525435.hostingersite.com\/product\/jigs-for-compression-and-flexure-tests\/","url":"https:\/\/darkorchid-cheetah-525435.hostingersite.com\/product\/jigs-for-compression-and-flexure-tests\/","name":"Jigs for Compression and Flexure Tests - YKM TEST","isPartOf":{"@id":"https:\/\/darkorchid-cheetah-525435.hostingersite.com\/#website"},"datePublished":"2026-01-02T13:41:00+00:00","dateModified":"2026-01-05T07:11:26+00:00","description":"Jigs for Compression and Flexure Tests are precision fixtures that ensure accurate, repeatable, and standard-compliant loading of cement and mortar specimens.","breadcrumb":{"@id":"https:\/\/darkorchid-cheetah-525435.hostingersite.com\/product\/jigs-for-compression-and-flexure-tests\/#breadcrumb"},"inLanguage":"es-AR","potentialAction":[{"@type":"ReadAction","target":["https:\/\/darkorchid-cheetah-525435.hostingersite.com\/product\/jigs-for-compression-and-flexure-tests\/"]}]},{"@type":"BreadcrumbList","@id":"https:\/\/darkorchid-cheetah-525435.hostingersite.com\/product\/jigs-for-compression-and-flexure-tests\/#breadcrumb","itemListElement":[{"@type":"ListItem","position":1,"name":"Home","item":"https:\/\/darkorchid-cheetah-525435.hostingersite.com\/"},{"@type":"ListItem","position":2,"name":"\u0422\u043e\u0432\u0430\u0440\u044b","item":"https:\/\/ykmtest.com\/ru\/shop\/"},{"@type":"ListItem","position":3,"name":"Jigs for Compression and Flexure Tests"}]},{"@type":"WebSite","@id":"https:\/\/darkorchid-cheetah-525435.hostingersite.com\/#website","url":"https:\/\/darkorchid-cheetah-525435.hostingersite.com\/","name":"PRUEBA YKM","description":"","publisher":{"@id":"https:\/\/darkorchid-cheetah-525435.hostingersite.com\/#organization"},"potentialAction":[{"@type":"SearchAction","target":{"@type":"EntryPoint","urlTemplate":"https:\/\/darkorchid-cheetah-525435.hostingersite.com\/?s={search_term_string}"},"query-input":{"@type":"PropertyValueSpecification","valueRequired":true,"valueName":"search_term_string"}}],"inLanguage":"es-AR"},{"@type":["Organization","Place"],"@id":"https:\/\/darkorchid-cheetah-525435.hostingersite.com\/#organization","name":"PRUEBA YKM","url":"https:\/\/darkorchid-cheetah-525435.hostingersite.com\/","logo":{"@id":"https:\/\/darkorchid-cheetah-525435.hostingersite.com\/product\/jigs-for-compression-and-flexure-tests\/#local-main-organization-logo"},"image":{"@id":"https:\/\/darkorchid-cheetah-525435.hostingersite.com\/product\/jigs-for-compression-and-flexure-tests\/#local-main-organization-logo"},"telephone":[],"openingHoursSpecification":[{"@type":"OpeningHoursSpecification","dayOfWeek":["Monday","Tuesday","Wednesday","Thursday","Friday","Saturday","Sunday"],"opens":"09:00","closes":"17:00"}]},{"@type":"ImageObject","inLanguage":"es-AR","@id":"https:\/\/darkorchid-cheetah-525435.hostingersite.com\/product\/jigs-for-compression-and-flexure-tests\/#local-main-organization-logo","url":"https:\/\/ykmtest.com\/wp-content\/uploads\/2025\/10\/Asset-2@2x-8.png","contentUrl":"https:\/\/ykmtest.com\/wp-content\/uploads\/2025\/10\/Asset-2@2x-8.png","width":1550,"height":323,"caption":"YKM TEST"}]},"product_price_currency":"USD","og_availability":"instock","product_availability":"instock","product_condition":"new"},"_links":{"self":[{"href":"https:\/\/ykmtest.com\/es\/wp-json\/wp\/v2\/product\/11772","targetHints":{"allow":["GET"]}}],"collection":[{"href":"https:\/\/ykmtest.com\/es\/wp-json\/wp\/v2\/product"}],"about":[{"href":"https:\/\/ykmtest.com\/es\/wp-json\/wp\/v2\/types\/product"}],"version-history":[{"count":2,"href":"https:\/\/ykmtest.com\/es\/wp-json\/wp\/v2\/product\/11772\/revisions"}],"predecessor-version":[{"id":11793,"href":"https:\/\/ykmtest.com\/es\/wp-json\/wp\/v2\/product\/11772\/revisions\/11793"}],"wp:attachment":[{"href":"https:\/\/ykmtest.com\/es\/wp-json\/wp\/v2\/media?parent=11772"}],"wp:term":[{"taxonomy":"product_brand","embeddable":true,"href":"https:\/\/ykmtest.com\/es\/wp-json\/wp\/v2\/product_brand?post=11772"},{"taxonomy":"product_cat","embeddable":true,"href":"https:\/\/ykmtest.com\/es\/wp-json\/wp\/v2\/product_cat?post=11772"},{"taxonomy":"product_tag","embeddable":true,"href":"https:\/\/ykmtest.com\/es\/wp-json\/wp\/v2\/product_tag?post=11772"}],"curies":[{"name":"wp","href":"https:\/\/api.w.org\/{rel}","templated":true}]}}