{"id":11804,"date":"2026-01-05T07:45:26","date_gmt":"2026-01-05T07:45:26","guid":{"rendered":"https:\/\/ykmtest.com\/?post_type=product&#038;p=11804"},"modified":"2026-01-05T07:45:27","modified_gmt":"2026-01-05T07:45:27","slug":"marsh-funnel-viscometer","status":"publish","type":"product","link":"https:\/\/ykmtest.com\/es\/producto\/marsh-funnel-viscometer\/","title":{"rendered":"Viscos\u00edmetro de embudo Marsh"},"content":{"rendered":"<p>El viscos\u00edmetro Marsh Funnel es un embudo de medici\u00f3n profesional dise\u00f1ado para evaluar de forma r\u00e1pida y repetible la viscosidad de lechadas a base de cemento, lodos para la mejora del suelo y fluidos de perforaci\u00f3n a trav\u00e9s del tiempo de eflujo. El cuerpo de acero inoxidable pulido (o pol\u00edmero de alta resistencia), el orificio calibrado de geometr\u00eda est\u00e1ndar (\u22483\/16 pulgadas \u2248 4,7 mm) y la v\u00e1lvula a prueba de fugas mantienen el flujo laminar. Un soporte r\u00edgido de tres patas con un nivel de burbuja garantiza una nivelaci\u00f3n precisa en cada configuraci\u00f3n. El embudo de gran capacidad, con marcas de llenado claras que indican el nivel de inicio, agiliza la preparaci\u00f3n de las muestras. Un recipiente colector de 946 ml (1 cuarto de gal\u00f3n), combinado con un cron\u00f3metro digital o anal\u00f3gico de alta resoluci\u00f3n, minimiza la dependencia del operador. El borde antigoteo, el control de apertura\/cierre r\u00e1pido y las juntas de baja fricci\u00f3n reducen el retraso en el arranque y los errores por fugas. Las superficies internas lisas y los conjuntos de orificio y v\u00e1lvula extra\u00edbles sin herramientas acortan el tiempo de limpieza, mientras que los materiales resistentes a la corrosi\u00f3n garantizan una larga vida \u00fatil en condiciones de campo y con aglutinantes alcalinos. Los accesorios opcionales incluyen un adaptador de malla fina, un term\u00f3metro de verificaci\u00f3n de temperatura y un estuche de transporte para mejorar la eficiencia en programas intensivos de laboratorio o de campo. El dise\u00f1o del aparato se ha desarrollado de acuerdo con las expectativas internacionales para la determinaci\u00f3n del flujo mediante el m\u00e9todo del embudo. Proporciona precisi\u00f3n dimensional y flujo repetible para los procedimientos comunes del embudo de Marsh en perforaciones y t\u00faneles (por ejemplo, tiempo de eflujo de 1 cuarto de gal\u00f3n al estilo API) y lodos de construcci\u00f3n a base de arcilla. Como resultado, las comparaciones de dise\u00f1o de mezclas, el control de calidad de la producci\u00f3n y las pruebas de aceptaci\u00f3n en campo producen resultados conformes con las normas, comparables y reportables. El cuerpo duradero, los mecanismos de nivelaci\u00f3n y sincronizaci\u00f3n f\u00e1ciles de usar y los bajos requisitos de mantenimiento hacen del viscos\u00edmetro de embudo Marsh una soluci\u00f3n r\u00e1pida, econ\u00f3mica y confiable para monitorear la viscosidad de la lechada y el lodo.<\/p>","protected":false},"excerpt":{"rendered":"<p>El viscos\u00edmetro Marsh Funnel es un dispositivo duradero, f\u00e1cil de usar y conforme a las normas, dise\u00f1ado para proporcionar mediciones r\u00e1pidas, repetibles y precisas de la viscosidad de lechadas, lodos y fluidos de perforaci\u00f3n mediante pruebas de tiempo de eflujo consistentes.<\/p>","protected":false},"featured_media":0,"template":"","meta":{"_acf_changed":false},"product_brand":[],"product_cat":[159,171],"product_tag":[],"class_list":{"0":"post-11804","1":"product","2":"type-product","3":"status-publish","5":"product_cat-cement-mortar","6":"product_cat-mud-flow-and-density","9":"instock","10":"shipping-taxable","11":"product-type-simple"},"acf":[],"yoast_head":"<!-- This site is optimized with the Yoast SEO Premium plugin v26.5 (Yoast SEO v27.5) - https:\/\/yoast.com\/product\/yoast-seo-premium-wordpress\/ -->\n<title>Marsh Funnel Viscometer - YKM TEST<\/title>\n<meta name=\"description\" content=\"Durable Marsh Funnel Viscometer designed for fast and repeatable viscosity testing of grouts, slurries, and drilling fluids by efflux time.\" \/>\n<meta name=\"robots\" content=\"index, follow, max-snippet:-1, max-image-preview:large, max-video-preview:-1\" \/>\n<link rel=\"canonical\" href=\"https:\/\/darkorchid-cheetah-525435.hostingersite.com\/product\/marsh-funnel-viscometer\/\" \/>\n<meta property=\"og:locale\" content=\"es_ES\" \/>\n<meta property=\"og:type\" content=\"article\" \/>\n<meta property=\"og:title\" content=\"Marsh Funnel Viscometer\" \/>\n<meta property=\"og:description\" content=\"Durable Marsh Funnel Viscometer designed for fast and repeatable viscosity testing of grouts, slurries, and drilling fluids by efflux time.\" \/>\n<meta property=\"og:url\" content=\"https:\/\/darkorchid-cheetah-525435.hostingersite.com\/product\/marsh-funnel-viscometer\/\" \/>\n<meta property=\"og:site_name\" content=\"YKM TEST\" \/>\n<meta property=\"article:modified_time\" content=\"2026-01-05T07:45:27+00:00\" \/>\n<meta name=\"twitter:card\" content=\"summary_large_image\" \/>\n<meta name=\"twitter:label1\" content=\"Price\" \/>\n\t<meta name=\"twitter:data1\" content=\"\" \/>\n\t<meta name=\"twitter:label2\" content=\"Availability\" \/>\n\t<meta name=\"twitter:data2\" content=\"In stock\" \/>\n<script type=\"application\/ld+json\" class=\"yoast-schema-graph\">{\"@context\":\"https:\\\/\\\/schema.org\",\"@graph\":[{\"@type\":\"WebPage\",\"@id\":\"https:\\\/\\\/darkorchid-cheetah-525435.hostingersite.com\\\/product\\\/marsh-funnel-viscometer\\\/\",\"url\":\"https:\\\/\\\/darkorchid-cheetah-525435.hostingersite.com\\\/product\\\/marsh-funnel-viscometer\\\/\",\"name\":\"Marsh Funnel Viscometer - YKM TEST\",\"isPartOf\":{\"@id\":\"https:\\\/\\\/darkorchid-cheetah-525435.hostingersite.com\\\/#website\"},\"datePublished\":\"2026-01-05T07:45:26+00:00\",\"dateModified\":\"2026-01-05T07:45:27+00:00\",\"description\":\"Durable Marsh Funnel Viscometer designed for fast and repeatable viscosity testing of grouts, slurries, and drilling fluids by efflux time.\",\"breadcrumb\":{\"@id\":\"https:\\\/\\\/darkorchid-cheetah-525435.hostingersite.com\\\/product\\\/marsh-funnel-viscometer\\\/#breadcrumb\"},\"inLanguage\":\"es-AR\",\"potentialAction\":[{\"@type\":\"ReadAction\",\"target\":[\"https:\\\/\\\/darkorchid-cheetah-525435.hostingersite.com\\\/product\\\/marsh-funnel-viscometer\\\/\"]}]},{\"@type\":\"BreadcrumbList\",\"@id\":\"https:\\\/\\\/darkorchid-cheetah-525435.hostingersite.com\\\/product\\\/marsh-funnel-viscometer\\\/#breadcrumb\",\"itemListElement\":[{\"@type\":\"ListItem\",\"position\":1,\"name\":\"Home\",\"item\":\"https:\\\/\\\/darkorchid-cheetah-525435.hostingersite.com\\\/\"},{\"@type\":\"ListItem\",\"position\":2,\"name\":\"\u0422\u043e\u0432\u0430\u0440\u044b\",\"item\":\"https:\\\/\\\/ykmtest.com\\\/ru\\\/shop\\\/\"},{\"@type\":\"ListItem\",\"position\":3,\"name\":\"Marsh Funnel Viscometer\"}]},{\"@type\":\"WebSite\",\"@id\":\"https:\\\/\\\/darkorchid-cheetah-525435.hostingersite.com\\\/#website\",\"url\":\"https:\\\/\\\/darkorchid-cheetah-525435.hostingersite.com\\\/\",\"name\":\"YKM TEST\",\"description\":\"\",\"publisher\":{\"@id\":\"https:\\\/\\\/darkorchid-cheetah-525435.hostingersite.com\\\/#organization\"},\"potentialAction\":[{\"@type\":\"SearchAction\",\"target\":{\"@type\":\"EntryPoint\",\"urlTemplate\":\"https:\\\/\\\/darkorchid-cheetah-525435.hostingersite.com\\\/?s={search_term_string}\"},\"query-input\":{\"@type\":\"PropertyValueSpecification\",\"valueRequired\":true,\"valueName\":\"search_term_string\"}}],\"inLanguage\":\"es-AR\"},{\"@type\":[\"Organization\",\"Place\"],\"@id\":\"https:\\\/\\\/darkorchid-cheetah-525435.hostingersite.com\\\/#organization\",\"name\":\"YKM TEST\",\"url\":\"https:\\\/\\\/darkorchid-cheetah-525435.hostingersite.com\\\/\",\"logo\":{\"@id\":\"https:\\\/\\\/darkorchid-cheetah-525435.hostingersite.com\\\/product\\\/marsh-funnel-viscometer\\\/#local-main-organization-logo\"},\"image\":{\"@id\":\"https:\\\/\\\/darkorchid-cheetah-525435.hostingersite.com\\\/product\\\/marsh-funnel-viscometer\\\/#local-main-organization-logo\"},\"telephone\":[],\"openingHoursSpecification\":[{\"@type\":\"OpeningHoursSpecification\",\"dayOfWeek\":[\"Monday\",\"Tuesday\",\"Wednesday\",\"Thursday\",\"Friday\",\"Saturday\",\"Sunday\"],\"opens\":\"09:00\",\"closes\":\"17:00\"}]},{\"@type\":\"ImageObject\",\"inLanguage\":\"es-AR\",\"@id\":\"https:\\\/\\\/darkorchid-cheetah-525435.hostingersite.com\\\/product\\\/marsh-funnel-viscometer\\\/#local-main-organization-logo\",\"url\":\"https:\\\/\\\/ykmtest.com\\\/wp-content\\\/uploads\\\/2025\\\/10\\\/Asset-2@2x-8.png\",\"contentUrl\":\"https:\\\/\\\/ykmtest.com\\\/wp-content\\\/uploads\\\/2025\\\/10\\\/Asset-2@2x-8.png\",\"width\":1550,\"height\":323,\"caption\":\"YKM TEST\"}]}<\/script>\n<meta property=\"product:price:currency\" content=\"USD\" \/>\n<meta property=\"og:availability\" content=\"instock\" \/>\n<meta property=\"product:availability\" content=\"instock\" \/>\n<meta property=\"product:condition\" content=\"new\" \/>\n<!-- \/ Yoast SEO Premium plugin. -->","yoast_head_json":{"title":"Marsh Funnel Viscometer - YKM TEST","description":"Durable Marsh Funnel Viscometer designed for fast and repeatable viscosity testing of grouts, slurries, and drilling fluids by efflux time.","robots":{"index":"index","follow":"follow","max-snippet":"max-snippet:-1","max-image-preview":"max-image-preview:large","max-video-preview":"max-video-preview:-1"},"canonical":"https:\/\/darkorchid-cheetah-525435.hostingersite.com\/product\/marsh-funnel-viscometer\/","og_locale":"es_ES","og_type":"article","og_title":"Marsh Funnel Viscometer","og_description":"Durable Marsh Funnel Viscometer designed for fast and repeatable viscosity testing of grouts, slurries, and drilling fluids by efflux time.","og_url":"https:\/\/darkorchid-cheetah-525435.hostingersite.com\/product\/marsh-funnel-viscometer\/","og_site_name":"YKM TEST","article_modified_time":"2026-01-05T07:45:27+00:00","twitter_card":"summary_large_image","twitter_misc":{"Price":"","Availability":"In stock"},"schema":{"@context":"https:\/\/schema.org","@graph":[{"@type":"WebPage","@id":"https:\/\/darkorchid-cheetah-525435.hostingersite.com\/product\/marsh-funnel-viscometer\/","url":"https:\/\/darkorchid-cheetah-525435.hostingersite.com\/product\/marsh-funnel-viscometer\/","name":"Marsh Funnel Viscometer - YKM TEST","isPartOf":{"@id":"https:\/\/darkorchid-cheetah-525435.hostingersite.com\/#website"},"datePublished":"2026-01-05T07:45:26+00:00","dateModified":"2026-01-05T07:45:27+00:00","description":"Durable Marsh Funnel Viscometer designed for fast and repeatable viscosity testing of grouts, slurries, and drilling fluids by efflux time.","breadcrumb":{"@id":"https:\/\/darkorchid-cheetah-525435.hostingersite.com\/product\/marsh-funnel-viscometer\/#breadcrumb"},"inLanguage":"es-AR","potentialAction":[{"@type":"ReadAction","target":["https:\/\/darkorchid-cheetah-525435.hostingersite.com\/product\/marsh-funnel-viscometer\/"]}]},{"@type":"BreadcrumbList","@id":"https:\/\/darkorchid-cheetah-525435.hostingersite.com\/product\/marsh-funnel-viscometer\/#breadcrumb","itemListElement":[{"@type":"ListItem","position":1,"name":"Home","item":"https:\/\/darkorchid-cheetah-525435.hostingersite.com\/"},{"@type":"ListItem","position":2,"name":"\u0422\u043e\u0432\u0430\u0440\u044b","item":"https:\/\/ykmtest.com\/ru\/shop\/"},{"@type":"ListItem","position":3,"name":"Marsh Funnel Viscometer"}]},{"@type":"WebSite","@id":"https:\/\/darkorchid-cheetah-525435.hostingersite.com\/#website","url":"https:\/\/darkorchid-cheetah-525435.hostingersite.com\/","name":"PRUEBA YKM","description":"","publisher":{"@id":"https:\/\/darkorchid-cheetah-525435.hostingersite.com\/#organization"},"potentialAction":[{"@type":"SearchAction","target":{"@type":"EntryPoint","urlTemplate":"https:\/\/darkorchid-cheetah-525435.hostingersite.com\/?s={search_term_string}"},"query-input":{"@type":"PropertyValueSpecification","valueRequired":true,"valueName":"search_term_string"}}],"inLanguage":"es-AR"},{"@type":["Organization","Place"],"@id":"https:\/\/darkorchid-cheetah-525435.hostingersite.com\/#organization","name":"PRUEBA YKM","url":"https:\/\/darkorchid-cheetah-525435.hostingersite.com\/","logo":{"@id":"https:\/\/darkorchid-cheetah-525435.hostingersite.com\/product\/marsh-funnel-viscometer\/#local-main-organization-logo"},"image":{"@id":"https:\/\/darkorchid-cheetah-525435.hostingersite.com\/product\/marsh-funnel-viscometer\/#local-main-organization-logo"},"telephone":[],"openingHoursSpecification":[{"@type":"OpeningHoursSpecification","dayOfWeek":["Monday","Tuesday","Wednesday","Thursday","Friday","Saturday","Sunday"],"opens":"09:00","closes":"17:00"}]},{"@type":"ImageObject","inLanguage":"es-AR","@id":"https:\/\/darkorchid-cheetah-525435.hostingersite.com\/product\/marsh-funnel-viscometer\/#local-main-organization-logo","url":"https:\/\/ykmtest.com\/wp-content\/uploads\/2025\/10\/Asset-2@2x-8.png","contentUrl":"https:\/\/ykmtest.com\/wp-content\/uploads\/2025\/10\/Asset-2@2x-8.png","width":1550,"height":323,"caption":"YKM TEST"}]},"product_price_currency":"USD","og_availability":"instock","product_availability":"instock","product_condition":"new"},"_links":{"self":[{"href":"https:\/\/ykmtest.com\/es\/wp-json\/wp\/v2\/product\/11804","targetHints":{"allow":["GET"]}}],"collection":[{"href":"https:\/\/ykmtest.com\/es\/wp-json\/wp\/v2\/product"}],"about":[{"href":"https:\/\/ykmtest.com\/es\/wp-json\/wp\/v2\/types\/product"}],"version-history":[{"count":1,"href":"https:\/\/ykmtest.com\/es\/wp-json\/wp\/v2\/product\/11804\/revisions"}],"predecessor-version":[{"id":11805,"href":"https:\/\/ykmtest.com\/es\/wp-json\/wp\/v2\/product\/11804\/revisions\/11805"}],"wp:attachment":[{"href":"https:\/\/ykmtest.com\/es\/wp-json\/wp\/v2\/media?parent=11804"}],"wp:term":[{"taxonomy":"product_brand","embeddable":true,"href":"https:\/\/ykmtest.com\/es\/wp-json\/wp\/v2\/product_brand?post=11804"},{"taxonomy":"product_cat","embeddable":true,"href":"https:\/\/ykmtest.com\/es\/wp-json\/wp\/v2\/product_cat?post=11804"},{"taxonomy":"product_tag","embeddable":true,"href":"https:\/\/ykmtest.com\/es\/wp-json\/wp\/v2\/product_tag?post=11804"}],"curies":[{"name":"wp","href":"https:\/\/api.w.org\/{rel}","templated":true}]}}