{"id":6601,"date":"2025-10-08T16:19:38","date_gmt":"2025-10-08T16:19:38","guid":{"rendered":"https:\/\/ykmtest.com\/?post_type=product&#038;p=6601"},"modified":"2025-10-12T09:33:37","modified_gmt":"2025-10-12T09:33:37","slug":"asphalt-rotating-thin-film-oven","status":"publish","type":"product","link":"https:\/\/ykmtest.com\/es\/producto\/asphalt-rotating-thin-film-oven\/","title":{"rendered":"Horno rotativo de pel\u00edcula delgada para asfalto"},"content":{"rendered":"","protected":false},"excerpt":{"rendered":"<p>El dispositivo est\u00e1 dise\u00f1ado para estudiar los efectos del aire y el calor sobre los materiales asf\u00e1lticos semis\u00f3lidos. La c\u00e1mara interna est\u00e1 fabricada \u00edntegramente en acero inoxidable, con aislamiento entre el marco externo y la c\u00e1mara mediante un material especial. La placa gira a una velocidad de 15 \u00b1 0,2 rpm. El horno requiere un compresor de aire o una bomba de diafragma para funcionar. Est\u00e1 equipado con un termostato digital para mantener una temperatura constante de 163 \u00b0C, un term\u00f3metro de control ASTM 13C, un sistema de ventilaci\u00f3n y ocho recipientes de vidrio de 64 x 140 mm. Adem\u00e1s, el horno incluye un termostato de seguridad doble para evitar el sobrecalentamiento.<\/p>","protected":false},"featured_media":0,"template":"","meta":{"_acf_changed":false},"product_brand":[],"product_cat":[211],"product_tag":[],"class_list":{"0":"post-6601","1":"product","2":"type-product","3":"status-publish","5":"product_cat-asphalt-bitumen","8":"instock","9":"shipping-taxable","10":"product-type-simple"},"acf":[],"yoast_head":"<!-- This site is optimized with the Yoast SEO Premium plugin v26.5 (Yoast SEO v27.5) - https:\/\/yoast.com\/product\/yoast-seo-premium-wordpress\/ -->\n<title>Asphalt Rotating Thin-Film Oven - YKM TEST<\/title>\n<meta name=\"robots\" content=\"index, follow, max-snippet:-1, max-image-preview:large, max-video-preview:-1\" \/>\n<link rel=\"canonical\" href=\"https:\/\/ykmtest.com\/es\/producto\/asphalt-rotating-thin-film-oven\/\" \/>\n<meta property=\"og:locale\" content=\"es_ES\" \/>\n<meta property=\"og:type\" content=\"article\" \/>\n<meta property=\"og:title\" content=\"Asphalt Rotating Thin-Film Oven\" \/>\n<meta property=\"og:description\" content=\"The device is designed to study the effects of air and heat on semi-solid asphalt materials. The internal chamber is made entirely of stainless steel, with insulation between the external frame and the chamber using a special material. The plate rotates at a speed of 15 \u00b1 0.2 rpm. The oven requires an air compressor or diaphragm pump for operation. It is equipped with a digital thermostat to maintain a constant temperature of 163\u00b0C, an ASTM 13C control thermometer, a ventilation system, and eight glass containers measuring 64 x 140 mm. Additionally, the oven includes a dual safety thermostat to prevent overheating.\" \/>\n<meta property=\"og:url\" content=\"https:\/\/ykmtest.com\/es\/producto\/asphalt-rotating-thin-film-oven\/\" \/>\n<meta property=\"og:site_name\" content=\"YKM TEST\" \/>\n<meta property=\"article:modified_time\" content=\"2025-10-12T09:33:37+00:00\" \/>\n<meta name=\"twitter:card\" content=\"summary_large_image\" \/>\n<meta name=\"twitter:label1\" content=\"Price\" \/>\n\t<meta name=\"twitter:data1\" content=\"\" \/>\n\t<meta name=\"twitter:label2\" content=\"Availability\" \/>\n\t<meta name=\"twitter:data2\" content=\"In stock\" \/>\n<script type=\"application\/ld+json\" class=\"yoast-schema-graph\">{\"@context\":\"https:\\\/\\\/schema.org\",\"@graph\":[{\"@type\":\"WebPage\",\"@id\":\"https:\\\/\\\/ykmtest.com\\\/product\\\/asphalt-rotating-thin-film-oven\\\/\",\"url\":\"https:\\\/\\\/ykmtest.com\\\/product\\\/asphalt-rotating-thin-film-oven\\\/\",\"name\":\"Asphalt Rotating Thin-Film Oven - YKM TEST\",\"isPartOf\":{\"@id\":\"https:\\\/\\\/darkorchid-cheetah-525435.hostingersite.com\\\/#website\"},\"datePublished\":\"2025-10-08T16:19:38+00:00\",\"dateModified\":\"2025-10-12T09:33:37+00:00\",\"breadcrumb\":{\"@id\":\"https:\\\/\\\/ykmtest.com\\\/product\\\/asphalt-rotating-thin-film-oven\\\/#breadcrumb\"},\"inLanguage\":\"es-AR\",\"potentialAction\":[{\"@type\":\"ReadAction\",\"target\":[\"https:\\\/\\\/ykmtest.com\\\/product\\\/asphalt-rotating-thin-film-oven\\\/\"]}]},{\"@type\":\"BreadcrumbList\",\"@id\":\"https:\\\/\\\/ykmtest.com\\\/product\\\/asphalt-rotating-thin-film-oven\\\/#breadcrumb\",\"itemListElement\":[{\"@type\":\"ListItem\",\"position\":1,\"name\":\"Home\",\"item\":\"https:\\\/\\\/darkorchid-cheetah-525435.hostingersite.com\\\/\"},{\"@type\":\"ListItem\",\"position\":2,\"name\":\"\u0422\u043e\u0432\u0430\u0440\u044b\",\"item\":\"https:\\\/\\\/ykmtest.com\\\/ru\\\/shop\\\/\"},{\"@type\":\"ListItem\",\"position\":3,\"name\":\"Asphalt Rotating Thin-Film Oven\"}]},{\"@type\":\"WebSite\",\"@id\":\"https:\\\/\\\/darkorchid-cheetah-525435.hostingersite.com\\\/#website\",\"url\":\"https:\\\/\\\/darkorchid-cheetah-525435.hostingersite.com\\\/\",\"name\":\"YKM TEST\",\"description\":\"\",\"publisher\":{\"@id\":\"https:\\\/\\\/darkorchid-cheetah-525435.hostingersite.com\\\/#organization\"},\"potentialAction\":[{\"@type\":\"SearchAction\",\"target\":{\"@type\":\"EntryPoint\",\"urlTemplate\":\"https:\\\/\\\/darkorchid-cheetah-525435.hostingersite.com\\\/?s={search_term_string}\"},\"query-input\":{\"@type\":\"PropertyValueSpecification\",\"valueRequired\":true,\"valueName\":\"search_term_string\"}}],\"inLanguage\":\"es-AR\"},{\"@type\":[\"Organization\",\"Place\"],\"@id\":\"https:\\\/\\\/darkorchid-cheetah-525435.hostingersite.com\\\/#organization\",\"name\":\"YKM TEST\",\"url\":\"https:\\\/\\\/darkorchid-cheetah-525435.hostingersite.com\\\/\",\"logo\":{\"@id\":\"https:\\\/\\\/ykmtest.com\\\/product\\\/asphalt-rotating-thin-film-oven\\\/#local-main-organization-logo\"},\"image\":{\"@id\":\"https:\\\/\\\/ykmtest.com\\\/product\\\/asphalt-rotating-thin-film-oven\\\/#local-main-organization-logo\"},\"telephone\":[],\"openingHoursSpecification\":[{\"@type\":\"OpeningHoursSpecification\",\"dayOfWeek\":[\"Monday\",\"Tuesday\",\"Wednesday\",\"Thursday\",\"Friday\",\"Saturday\",\"Sunday\"],\"opens\":\"09:00\",\"closes\":\"17:00\"}]},{\"@type\":\"ImageObject\",\"inLanguage\":\"es-AR\",\"@id\":\"https:\\\/\\\/ykmtest.com\\\/product\\\/asphalt-rotating-thin-film-oven\\\/#local-main-organization-logo\",\"url\":\"https:\\\/\\\/ykmtest.com\\\/wp-content\\\/uploads\\\/2025\\\/10\\\/Asset-2@2x-8.png\",\"contentUrl\":\"https:\\\/\\\/ykmtest.com\\\/wp-content\\\/uploads\\\/2025\\\/10\\\/Asset-2@2x-8.png\",\"width\":1550,\"height\":323,\"caption\":\"YKM TEST\"}]}<\/script>\n<meta property=\"product:price:currency\" content=\"USD\" \/>\n<meta property=\"og:availability\" content=\"instock\" \/>\n<meta property=\"product:availability\" content=\"instock\" \/>\n<meta property=\"product:condition\" content=\"new\" \/>\n<!-- \/ Yoast SEO Premium plugin. -->","yoast_head_json":{"title":"Asphalt Rotating Thin-Film Oven - YKM TEST","robots":{"index":"index","follow":"follow","max-snippet":"max-snippet:-1","max-image-preview":"max-image-preview:large","max-video-preview":"max-video-preview:-1"},"canonical":"https:\/\/ykmtest.com\/es\/producto\/asphalt-rotating-thin-film-oven\/","og_locale":"es_ES","og_type":"article","og_title":"Asphalt Rotating Thin-Film Oven","og_description":"The device is designed to study the effects of air and heat on semi-solid asphalt materials. The internal chamber is made entirely of stainless steel, with insulation between the external frame and the chamber using a special material. The plate rotates at a speed of 15 \u00b1 0.2 rpm. The oven requires an air compressor or diaphragm pump for operation. It is equipped with a digital thermostat to maintain a constant temperature of 163\u00b0C, an ASTM 13C control thermometer, a ventilation system, and eight glass containers measuring 64 x 140 mm. Additionally, the oven includes a dual safety thermostat to prevent overheating.","og_url":"https:\/\/ykmtest.com\/es\/producto\/asphalt-rotating-thin-film-oven\/","og_site_name":"YKM TEST","article_modified_time":"2025-10-12T09:33:37+00:00","twitter_card":"summary_large_image","twitter_misc":{"Price":"","Availability":"In stock"},"schema":{"@context":"https:\/\/schema.org","@graph":[{"@type":"WebPage","@id":"https:\/\/ykmtest.com\/product\/asphalt-rotating-thin-film-oven\/","url":"https:\/\/ykmtest.com\/product\/asphalt-rotating-thin-film-oven\/","name":"Asphalt Rotating Thin-Film Oven - YKM TEST","isPartOf":{"@id":"https:\/\/darkorchid-cheetah-525435.hostingersite.com\/#website"},"datePublished":"2025-10-08T16:19:38+00:00","dateModified":"2025-10-12T09:33:37+00:00","breadcrumb":{"@id":"https:\/\/ykmtest.com\/product\/asphalt-rotating-thin-film-oven\/#breadcrumb"},"inLanguage":"es-AR","potentialAction":[{"@type":"ReadAction","target":["https:\/\/ykmtest.com\/product\/asphalt-rotating-thin-film-oven\/"]}]},{"@type":"BreadcrumbList","@id":"https:\/\/ykmtest.com\/product\/asphalt-rotating-thin-film-oven\/#breadcrumb","itemListElement":[{"@type":"ListItem","position":1,"name":"Home","item":"https:\/\/darkorchid-cheetah-525435.hostingersite.com\/"},{"@type":"ListItem","position":2,"name":"\u0422\u043e\u0432\u0430\u0440\u044b","item":"https:\/\/ykmtest.com\/ru\/shop\/"},{"@type":"ListItem","position":3,"name":"Asphalt Rotating Thin-Film Oven"}]},{"@type":"WebSite","@id":"https:\/\/darkorchid-cheetah-525435.hostingersite.com\/#website","url":"https:\/\/darkorchid-cheetah-525435.hostingersite.com\/","name":"PRUEBA YKM","description":"","publisher":{"@id":"https:\/\/darkorchid-cheetah-525435.hostingersite.com\/#organization"},"potentialAction":[{"@type":"SearchAction","target":{"@type":"EntryPoint","urlTemplate":"https:\/\/darkorchid-cheetah-525435.hostingersite.com\/?s={search_term_string}"},"query-input":{"@type":"PropertyValueSpecification","valueRequired":true,"valueName":"search_term_string"}}],"inLanguage":"es-AR"},{"@type":["Organization","Place"],"@id":"https:\/\/darkorchid-cheetah-525435.hostingersite.com\/#organization","name":"PRUEBA YKM","url":"https:\/\/darkorchid-cheetah-525435.hostingersite.com\/","logo":{"@id":"https:\/\/ykmtest.com\/product\/asphalt-rotating-thin-film-oven\/#local-main-organization-logo"},"image":{"@id":"https:\/\/ykmtest.com\/product\/asphalt-rotating-thin-film-oven\/#local-main-organization-logo"},"telephone":[],"openingHoursSpecification":[{"@type":"OpeningHoursSpecification","dayOfWeek":["Monday","Tuesday","Wednesday","Thursday","Friday","Saturday","Sunday"],"opens":"09:00","closes":"17:00"}]},{"@type":"ImageObject","inLanguage":"es-AR","@id":"https:\/\/ykmtest.com\/product\/asphalt-rotating-thin-film-oven\/#local-main-organization-logo","url":"https:\/\/ykmtest.com\/wp-content\/uploads\/2025\/10\/Asset-2@2x-8.png","contentUrl":"https:\/\/ykmtest.com\/wp-content\/uploads\/2025\/10\/Asset-2@2x-8.png","width":1550,"height":323,"caption":"YKM TEST"}]},"product_price_currency":"USD","og_availability":"instock","product_availability":"instock","product_condition":"new"},"_links":{"self":[{"href":"https:\/\/ykmtest.com\/es\/wp-json\/wp\/v2\/product\/6601","targetHints":{"allow":["GET"]}}],"collection":[{"href":"https:\/\/ykmtest.com\/es\/wp-json\/wp\/v2\/product"}],"about":[{"href":"https:\/\/ykmtest.com\/es\/wp-json\/wp\/v2\/types\/product"}],"version-history":[{"count":0,"href":"https:\/\/ykmtest.com\/es\/wp-json\/wp\/v2\/product\/6601\/revisions"}],"wp:attachment":[{"href":"https:\/\/ykmtest.com\/es\/wp-json\/wp\/v2\/media?parent=6601"}],"wp:term":[{"taxonomy":"product_brand","embeddable":true,"href":"https:\/\/ykmtest.com\/es\/wp-json\/wp\/v2\/product_brand?post=6601"},{"taxonomy":"product_cat","embeddable":true,"href":"https:\/\/ykmtest.com\/es\/wp-json\/wp\/v2\/product_cat?post=6601"},{"taxonomy":"product_tag","embeddable":true,"href":"https:\/\/ykmtest.com\/es\/wp-json\/wp\/v2\/product_tag?post=6601"}],"curies":[{"name":"wp","href":"https:\/\/api.w.org\/{rel}","templated":true}]}}