{"id":6616,"date":"2025-10-08T16:44:49","date_gmt":"2025-10-08T16:44:49","guid":{"rendered":"https:\/\/ykmtest.com\/?post_type=product&#038;p=6616"},"modified":"2025-10-12T09:05:57","modified_gmt":"2025-10-12T09:05:57","slug":"dijital-standart-tar-efflux-viscometer","status":"publish","type":"product","link":"https:\/\/ykmtest.com\/es\/producto\/dijital-standart-tar-efflux-viscometer\/","title":{"rendered":"Viscos\u00edmetro Dijital Standart Tar \/ Efflux"},"content":{"rendered":"","protected":false},"excerpt":{"rendered":"<p>Los viscos\u00edmetros se utilizan para medir la viscosidad del bet\u00fan fluidificado y los aceites para carreteras. Este dispositivo consta de un tanque de acero inoxidable, un agitador, un calentador de inmersi\u00f3n con control reost\u00e1tico y un termostato digital para llevar el agua a la temperatura deseada. Tambi\u00e9n incluye una bobina de enfriamiento integrada para la conexi\u00f3n de agua. El viscos\u00edmetro Matest est\u00e1 equipado con un termostato de seguridad doble para evitar el sobrecalentamiento. El dispositivo se suministra con un term\u00f3metro de vidrio de control IP 8C, que mide en el rango de 0 a 45 \u00b0C con una precisi\u00f3n de 0,2 \u00b0C, y un cilindro de vidrio graduado con una capacidad de 100 ml.<\/p>","protected":false},"featured_media":7064,"template":"","meta":{"_acf_changed":false},"product_brand":[],"product_cat":[172,211],"product_tag":[],"class_list":{"0":"post-6616","1":"product","2":"type-product","3":"status-publish","4":"has-post-thumbnail","6":"product_cat-asphalt","7":"product_cat-asphalt-bitumen","10":"instock","11":"shipping-taxable","12":"product-type-simple"},"acf":[],"yoast_head":"<!-- This site is optimized with the Yoast SEO Premium plugin v26.5 (Yoast SEO v26.5) - https:\/\/yoast.com\/wordpress\/plugins\/seo\/ -->\n<title>Dijital Standart Tar \/ Efflux Viscometer - YKM TEST<\/title>\n<meta name=\"robots\" content=\"index, follow, max-snippet:-1, max-image-preview:large, max-video-preview:-1\" \/>\n<link rel=\"canonical\" href=\"https:\/\/ykmtest.com\/es\/producto\/dijital-standart-tar-efflux-viscometer\/\" \/>\n<meta property=\"og:locale\" content=\"es_ES\" \/>\n<meta property=\"og:type\" content=\"article\" \/>\n<meta property=\"og:title\" content=\"Dijital Standart Tar \/ Efflux Viscometer\" \/>\n<meta property=\"og:description\" content=\"Viscometers are used to measure the viscosity of cutback bitumen and road oils. This device consists of a stainless steel tank, an agitator, an immersion heater with rheostat control, and a digital thermostat to bring the water to the desired temperature. It also includes an integrated cooling coil for water connection. The Matest viscometer is equipped with a dual safety thermostat to prevent overheating. The device is supplied with an IP 8C control glass thermometer, measuring in the range of 0\u201345\u00b0C with a precision of 0.2\u00b0C, and a graduated glass cylinder with a capacity of 100 ml.\" \/>\n<meta property=\"og:url\" content=\"https:\/\/ykmtest.com\/es\/producto\/dijital-standart-tar-efflux-viscometer\/\" \/>\n<meta property=\"og:site_name\" content=\"YKM TEST\" \/>\n<meta property=\"article:modified_time\" content=\"2025-10-12T09:05:57+00:00\" \/>\n<meta property=\"og:image\" content=\"https:\/\/ykmtest.com\/wp-content\/uploads\/2025\/10\/Screenshot_5.png\" \/>\n\t<meta property=\"og:image:width\" content=\"1100\" \/>\n\t<meta property=\"og:image:height\" content=\"800\" \/>\n\t<meta property=\"og:image:type\" content=\"image\/png\" \/>\n<meta name=\"twitter:card\" content=\"summary_large_image\" \/>\n<meta name=\"twitter:label1\" content=\"Price\" \/>\n\t<meta name=\"twitter:data1\" content=\"\" \/>\n\t<meta name=\"twitter:label2\" content=\"Availability\" \/>\n\t<meta name=\"twitter:data2\" content=\"In stock\" \/>\n<script type=\"application\/ld+json\" class=\"yoast-schema-graph\">{\"@context\":\"https:\/\/schema.org\",\"@graph\":[{\"@type\":\"WebPage\",\"@id\":\"https:\/\/ykmtest.com\/product\/dijital-standart-tar-efflux-viscometer\/\",\"url\":\"https:\/\/ykmtest.com\/product\/dijital-standart-tar-efflux-viscometer\/\",\"name\":\"Dijital Standart Tar \/ Efflux Viscometer - YKM TEST\",\"isPartOf\":{\"@id\":\"https:\/\/darkorchid-cheetah-525435.hostingersite.com\/#website\"},\"primaryImageOfPage\":{\"@id\":\"https:\/\/ykmtest.com\/product\/dijital-standart-tar-efflux-viscometer\/#primaryimage\"},\"image\":{\"@id\":\"https:\/\/ykmtest.com\/product\/dijital-standart-tar-efflux-viscometer\/#primaryimage\"},\"thumbnailUrl\":\"https:\/\/ykmtest.com\/wp-content\/uploads\/2025\/10\/Screenshot_5.png\",\"datePublished\":\"2025-10-08T16:44:49+00:00\",\"dateModified\":\"2025-10-12T09:05:57+00:00\",\"breadcrumb\":{\"@id\":\"https:\/\/ykmtest.com\/product\/dijital-standart-tar-efflux-viscometer\/#breadcrumb\"},\"inLanguage\":\"es-AR\",\"potentialAction\":[{\"@type\":\"ReadAction\",\"target\":[\"https:\/\/ykmtest.com\/product\/dijital-standart-tar-efflux-viscometer\/\"]}]},{\"@type\":\"ImageObject\",\"inLanguage\":\"es-AR\",\"@id\":\"https:\/\/ykmtest.com\/product\/dijital-standart-tar-efflux-viscometer\/#primaryimage\",\"url\":\"https:\/\/ykmtest.com\/wp-content\/uploads\/2025\/10\/Screenshot_5.png\",\"contentUrl\":\"https:\/\/ykmtest.com\/wp-content\/uploads\/2025\/10\/Screenshot_5.png\",\"width\":1100,\"height\":800},{\"@type\":\"BreadcrumbList\",\"@id\":\"https:\/\/ykmtest.com\/product\/dijital-standart-tar-efflux-viscometer\/#breadcrumb\",\"itemListElement\":[{\"@type\":\"ListItem\",\"position\":1,\"name\":\"Home\",\"item\":\"https:\/\/darkorchid-cheetah-525435.hostingersite.com\/\"},{\"@type\":\"ListItem\",\"position\":2,\"name\":\"\u0422\u043e\u0432\u0430\u0440\u044b\",\"item\":\"https:\/\/ykmtest.com\/ru\/shop\/\"},{\"@type\":\"ListItem\",\"position\":3,\"name\":\"Dijital Standart Tar \/ Efflux Viscometer\"}]},{\"@type\":\"WebSite\",\"@id\":\"https:\/\/darkorchid-cheetah-525435.hostingersite.com\/#website\",\"url\":\"https:\/\/darkorchid-cheetah-525435.hostingersite.com\/\",\"name\":\"YKM TEST\",\"description\":\"\",\"publisher\":{\"@id\":\"https:\/\/darkorchid-cheetah-525435.hostingersite.com\/#organization\"},\"potentialAction\":[{\"@type\":\"SearchAction\",\"target\":{\"@type\":\"EntryPoint\",\"urlTemplate\":\"https:\/\/darkorchid-cheetah-525435.hostingersite.com\/?s={search_term_string}\"},\"query-input\":{\"@type\":\"PropertyValueSpecification\",\"valueRequired\":true,\"valueName\":\"search_term_string\"}}],\"inLanguage\":\"es-AR\"},{\"@type\":[\"Organization\",\"Place\"],\"@id\":\"https:\/\/darkorchid-cheetah-525435.hostingersite.com\/#organization\",\"name\":\"YKM TEST\",\"url\":\"https:\/\/darkorchid-cheetah-525435.hostingersite.com\/\",\"logo\":{\"@id\":\"https:\/\/ykmtest.com\/product\/dijital-standart-tar-efflux-viscometer\/#local-main-organization-logo\"},\"image\":{\"@id\":\"https:\/\/ykmtest.com\/product\/dijital-standart-tar-efflux-viscometer\/#local-main-organization-logo\"},\"telephone\":[],\"openingHoursSpecification\":[{\"@type\":\"OpeningHoursSpecification\",\"dayOfWeek\":[\"Monday\",\"Tuesday\",\"Wednesday\",\"Thursday\",\"Friday\",\"Saturday\",\"Sunday\"],\"opens\":\"09:00\",\"closes\":\"17:00\"}]},{\"@type\":\"ImageObject\",\"inLanguage\":\"es-AR\",\"@id\":\"https:\/\/ykmtest.com\/product\/dijital-standart-tar-efflux-viscometer\/#local-main-organization-logo\",\"url\":\"https:\/\/ykmtest.com\/wp-content\/uploads\/2025\/10\/Asset-2@2x-8.png\",\"contentUrl\":\"https:\/\/ykmtest.com\/wp-content\/uploads\/2025\/10\/Asset-2@2x-8.png\",\"width\":1550,\"height\":323,\"caption\":\"YKM TEST\"}]}<\/script>\n<meta property=\"product:price:currency\" content=\"USD\" \/>\n<meta property=\"og:availability\" content=\"instock\" \/>\n<meta property=\"product:availability\" content=\"instock\" \/>\n<meta property=\"product:condition\" content=\"new\" \/>\n<!-- \/ Yoast SEO Premium plugin. -->","yoast_head_json":{"title":"Dijital Standart Tar \/ Efflux Viscometer - YKM TEST","robots":{"index":"index","follow":"follow","max-snippet":"max-snippet:-1","max-image-preview":"max-image-preview:large","max-video-preview":"max-video-preview:-1"},"canonical":"https:\/\/ykmtest.com\/es\/producto\/dijital-standart-tar-efflux-viscometer\/","og_locale":"es_ES","og_type":"article","og_title":"Dijital Standart Tar \/ Efflux Viscometer","og_description":"Viscometers are used to measure the viscosity of cutback bitumen and road oils. This device consists of a stainless steel tank, an agitator, an immersion heater with rheostat control, and a digital thermostat to bring the water to the desired temperature. It also includes an integrated cooling coil for water connection. The Matest viscometer is equipped with a dual safety thermostat to prevent overheating. The device is supplied with an IP 8C control glass thermometer, measuring in the range of 0\u201345\u00b0C with a precision of 0.2\u00b0C, and a graduated glass cylinder with a capacity of 100 ml.","og_url":"https:\/\/ykmtest.com\/es\/producto\/dijital-standart-tar-efflux-viscometer\/","og_site_name":"YKM TEST","article_modified_time":"2025-10-12T09:05:57+00:00","og_image":[{"width":1100,"height":800,"url":"https:\/\/ykmtest.com\/wp-content\/uploads\/2025\/10\/Screenshot_5.png","type":"image\/png"}],"twitter_card":"summary_large_image","twitter_misc":{"Price":"","Availability":"In stock"},"schema":{"@context":"https:\/\/schema.org","@graph":[{"@type":"WebPage","@id":"https:\/\/ykmtest.com\/product\/dijital-standart-tar-efflux-viscometer\/","url":"https:\/\/ykmtest.com\/product\/dijital-standart-tar-efflux-viscometer\/","name":"Dijital Standart Tar \/ Efflux Viscometer - YKM TEST","isPartOf":{"@id":"https:\/\/darkorchid-cheetah-525435.hostingersite.com\/#website"},"primaryImageOfPage":{"@id":"https:\/\/ykmtest.com\/product\/dijital-standart-tar-efflux-viscometer\/#primaryimage"},"image":{"@id":"https:\/\/ykmtest.com\/product\/dijital-standart-tar-efflux-viscometer\/#primaryimage"},"thumbnailUrl":"https:\/\/ykmtest.com\/wp-content\/uploads\/2025\/10\/Screenshot_5.png","datePublished":"2025-10-08T16:44:49+00:00","dateModified":"2025-10-12T09:05:57+00:00","breadcrumb":{"@id":"https:\/\/ykmtest.com\/product\/dijital-standart-tar-efflux-viscometer\/#breadcrumb"},"inLanguage":"es-AR","potentialAction":[{"@type":"ReadAction","target":["https:\/\/ykmtest.com\/product\/dijital-standart-tar-efflux-viscometer\/"]}]},{"@type":"ImageObject","inLanguage":"es-AR","@id":"https:\/\/ykmtest.com\/product\/dijital-standart-tar-efflux-viscometer\/#primaryimage","url":"https:\/\/ykmtest.com\/wp-content\/uploads\/2025\/10\/Screenshot_5.png","contentUrl":"https:\/\/ykmtest.com\/wp-content\/uploads\/2025\/10\/Screenshot_5.png","width":1100,"height":800},{"@type":"BreadcrumbList","@id":"https:\/\/ykmtest.com\/product\/dijital-standart-tar-efflux-viscometer\/#breadcrumb","itemListElement":[{"@type":"ListItem","position":1,"name":"Home","item":"https:\/\/darkorchid-cheetah-525435.hostingersite.com\/"},{"@type":"ListItem","position":2,"name":"\u0422\u043e\u0432\u0430\u0440\u044b","item":"https:\/\/ykmtest.com\/ru\/shop\/"},{"@type":"ListItem","position":3,"name":"Dijital Standart Tar \/ Efflux Viscometer"}]},{"@type":"WebSite","@id":"https:\/\/darkorchid-cheetah-525435.hostingersite.com\/#website","url":"https:\/\/darkorchid-cheetah-525435.hostingersite.com\/","name":"PRUEBA YKM","description":"","publisher":{"@id":"https:\/\/darkorchid-cheetah-525435.hostingersite.com\/#organization"},"potentialAction":[{"@type":"SearchAction","target":{"@type":"EntryPoint","urlTemplate":"https:\/\/darkorchid-cheetah-525435.hostingersite.com\/?s={search_term_string}"},"query-input":{"@type":"PropertyValueSpecification","valueRequired":true,"valueName":"search_term_string"}}],"inLanguage":"es-AR"},{"@type":["Organization","Place"],"@id":"https:\/\/darkorchid-cheetah-525435.hostingersite.com\/#organization","name":"PRUEBA YKM","url":"https:\/\/darkorchid-cheetah-525435.hostingersite.com\/","logo":{"@id":"https:\/\/ykmtest.com\/product\/dijital-standart-tar-efflux-viscometer\/#local-main-organization-logo"},"image":{"@id":"https:\/\/ykmtest.com\/product\/dijital-standart-tar-efflux-viscometer\/#local-main-organization-logo"},"telephone":[],"openingHoursSpecification":[{"@type":"OpeningHoursSpecification","dayOfWeek":["Monday","Tuesday","Wednesday","Thursday","Friday","Saturday","Sunday"],"opens":"09:00","closes":"17:00"}]},{"@type":"ImageObject","inLanguage":"es-AR","@id":"https:\/\/ykmtest.com\/product\/dijital-standart-tar-efflux-viscometer\/#local-main-organization-logo","url":"https:\/\/ykmtest.com\/wp-content\/uploads\/2025\/10\/Asset-2@2x-8.png","contentUrl":"https:\/\/ykmtest.com\/wp-content\/uploads\/2025\/10\/Asset-2@2x-8.png","width":1550,"height":323,"caption":"YKM TEST"}]},"product_price_currency":"USD","og_availability":"instock","product_availability":"instock","product_condition":"new"},"_links":{"self":[{"href":"https:\/\/ykmtest.com\/es\/wp-json\/wp\/v2\/product\/6616","targetHints":{"allow":["GET"]}}],"collection":[{"href":"https:\/\/ykmtest.com\/es\/wp-json\/wp\/v2\/product"}],"about":[{"href":"https:\/\/ykmtest.com\/es\/wp-json\/wp\/v2\/types\/product"}],"version-history":[{"count":0,"href":"https:\/\/ykmtest.com\/es\/wp-json\/wp\/v2\/product\/6616\/revisions"}],"wp:featuredmedia":[{"embeddable":true,"href":"https:\/\/ykmtest.com\/es\/wp-json\/wp\/v2\/media\/7064"}],"wp:attachment":[{"href":"https:\/\/ykmtest.com\/es\/wp-json\/wp\/v2\/media?parent=6616"}],"wp:term":[{"taxonomy":"product_brand","embeddable":true,"href":"https:\/\/ykmtest.com\/es\/wp-json\/wp\/v2\/product_brand?post=6616"},{"taxonomy":"product_cat","embeddable":true,"href":"https:\/\/ykmtest.com\/es\/wp-json\/wp\/v2\/product_cat?post=6616"},{"taxonomy":"product_tag","embeddable":true,"href":"https:\/\/ykmtest.com\/es\/wp-json\/wp\/v2\/product_tag?post=6616"}],"curies":[{"name":"wp","href":"https:\/\/api.w.org\/{rel}","templated":true}]}}