{"id":6628,"date":"2025-10-08T17:59:20","date_gmt":"2025-10-08T17:59:20","guid":{"rendered":"https:\/\/ykmtest.com\/?post_type=product&#038;p=6628"},"modified":"2025-10-12T08:54:57","modified_gmt":"2025-10-12T08:54:57","slug":"mot-straight-edge","status":"publish","type":"product","link":"https:\/\/ykmtest.com\/es\/producto\/mot-straight-edge\/","title":{"rendered":"Mot Straight Edge"},"content":{"rendered":"","protected":false},"excerpt":{"rendered":"<p>Se utiliza una regla de aproximadamente 3 metros de longitud y perfil recto para medir la regularidad lateral de las superficies de las carreteras. Su dise\u00f1o ligero permite apoyarla de manera uniforme en ambos extremos, creando una altura constante entre la superficie de la carretera y la regla. Las irregularidades verticales se miden con precisi\u00f3n utilizando cu\u00f1as graduadas. Adem\u00e1s, esta regla es ideal para su uso en losas de piso y otras superficies donde la regularidad del acabado es crucial.<\/p>","protected":false},"featured_media":7070,"template":"","meta":{"_acf_changed":false},"product_brand":[],"product_cat":[211],"product_tag":[],"class_list":{"0":"post-6628","1":"product","2":"type-product","3":"status-publish","4":"has-post-thumbnail","6":"product_cat-asphalt-bitumen","9":"instock","10":"shipping-taxable","11":"product-type-simple"},"acf":[],"yoast_head":"<!-- This site is optimized with the Yoast SEO Premium plugin v26.5 (Yoast SEO v27.5) - https:\/\/yoast.com\/product\/yoast-seo-premium-wordpress\/ -->\n<title>Mot Straight Edge - YKM TEST<\/title>\n<meta name=\"robots\" content=\"index, follow, max-snippet:-1, max-image-preview:large, max-video-preview:-1\" \/>\n<link rel=\"canonical\" href=\"https:\/\/ykmtest.com\/es\/producto\/mot-straight-edge\/\" \/>\n<meta property=\"og:locale\" content=\"es_ES\" \/>\n<meta property=\"og:type\" content=\"article\" \/>\n<meta property=\"og:title\" content=\"Mot Straight Edge\" \/>\n<meta property=\"og:description\" content=\"A straight edge, approximately 3 meters in length and with a straight profile, is used to measure the lateral regularity of road surfaces. Its lightweight design allows it to be evenly supported at both ends, creating a consistent height between the road surface and the straight edge. Vertical irregularities are accurately measured using graduated wedges. Additionally, this straight edge is ideal for use on floor slabs and other surfaces where finish regularity is crucial.\" \/>\n<meta property=\"og:url\" content=\"https:\/\/ykmtest.com\/es\/producto\/mot-straight-edge\/\" \/>\n<meta property=\"og:site_name\" content=\"YKM TEST\" \/>\n<meta property=\"article:modified_time\" content=\"2025-10-12T08:54:57+00:00\" \/>\n<meta property=\"og:image\" content=\"https:\/\/ykmtest.com\/wp-content\/uploads\/2025\/10\/Screenshot_5-1.png\" \/>\n\t<meta property=\"og:image:width\" content=\"1100\" \/>\n\t<meta property=\"og:image:height\" content=\"800\" \/>\n\t<meta property=\"og:image:type\" content=\"image\/png\" \/>\n<meta name=\"twitter:card\" content=\"summary_large_image\" \/>\n<meta name=\"twitter:label1\" content=\"Price\" \/>\n\t<meta name=\"twitter:data1\" content=\"\" \/>\n\t<meta name=\"twitter:label2\" content=\"Availability\" \/>\n\t<meta name=\"twitter:data2\" content=\"In stock\" \/>\n<script type=\"application\/ld+json\" class=\"yoast-schema-graph\">{\"@context\":\"https:\\\/\\\/schema.org\",\"@graph\":[{\"@type\":\"WebPage\",\"@id\":\"https:\\\/\\\/ykmtest.com\\\/product\\\/mot-straight-edge\\\/\",\"url\":\"https:\\\/\\\/ykmtest.com\\\/product\\\/mot-straight-edge\\\/\",\"name\":\"Mot Straight Edge - YKM TEST\",\"isPartOf\":{\"@id\":\"https:\\\/\\\/darkorchid-cheetah-525435.hostingersite.com\\\/#website\"},\"primaryImageOfPage\":{\"@id\":\"https:\\\/\\\/ykmtest.com\\\/product\\\/mot-straight-edge\\\/#primaryimage\"},\"image\":{\"@id\":\"https:\\\/\\\/ykmtest.com\\\/product\\\/mot-straight-edge\\\/#primaryimage\"},\"thumbnailUrl\":\"https:\\\/\\\/ykmtest.com\\\/wp-content\\\/uploads\\\/2025\\\/10\\\/Screenshot_5-1.png\",\"datePublished\":\"2025-10-08T17:59:20+00:00\",\"dateModified\":\"2025-10-12T08:54:57+00:00\",\"breadcrumb\":{\"@id\":\"https:\\\/\\\/ykmtest.com\\\/product\\\/mot-straight-edge\\\/#breadcrumb\"},\"inLanguage\":\"es-AR\",\"potentialAction\":[{\"@type\":\"ReadAction\",\"target\":[\"https:\\\/\\\/ykmtest.com\\\/product\\\/mot-straight-edge\\\/\"]}]},{\"@type\":\"ImageObject\",\"inLanguage\":\"es-AR\",\"@id\":\"https:\\\/\\\/ykmtest.com\\\/product\\\/mot-straight-edge\\\/#primaryimage\",\"url\":\"https:\\\/\\\/ykmtest.com\\\/wp-content\\\/uploads\\\/2025\\\/10\\\/Screenshot_5-1.png\",\"contentUrl\":\"https:\\\/\\\/ykmtest.com\\\/wp-content\\\/uploads\\\/2025\\\/10\\\/Screenshot_5-1.png\",\"width\":1100,\"height\":800},{\"@type\":\"BreadcrumbList\",\"@id\":\"https:\\\/\\\/ykmtest.com\\\/product\\\/mot-straight-edge\\\/#breadcrumb\",\"itemListElement\":[{\"@type\":\"ListItem\",\"position\":1,\"name\":\"Home\",\"item\":\"https:\\\/\\\/darkorchid-cheetah-525435.hostingersite.com\\\/\"},{\"@type\":\"ListItem\",\"position\":2,\"name\":\"\u0422\u043e\u0432\u0430\u0440\u044b\",\"item\":\"https:\\\/\\\/ykmtest.com\\\/ru\\\/shop\\\/\"},{\"@type\":\"ListItem\",\"position\":3,\"name\":\"Mot Straight Edge\"}]},{\"@type\":\"WebSite\",\"@id\":\"https:\\\/\\\/darkorchid-cheetah-525435.hostingersite.com\\\/#website\",\"url\":\"https:\\\/\\\/darkorchid-cheetah-525435.hostingersite.com\\\/\",\"name\":\"YKM TEST\",\"description\":\"\",\"publisher\":{\"@id\":\"https:\\\/\\\/darkorchid-cheetah-525435.hostingersite.com\\\/#organization\"},\"potentialAction\":[{\"@type\":\"SearchAction\",\"target\":{\"@type\":\"EntryPoint\",\"urlTemplate\":\"https:\\\/\\\/darkorchid-cheetah-525435.hostingersite.com\\\/?s={search_term_string}\"},\"query-input\":{\"@type\":\"PropertyValueSpecification\",\"valueRequired\":true,\"valueName\":\"search_term_string\"}}],\"inLanguage\":\"es-AR\"},{\"@type\":[\"Organization\",\"Place\"],\"@id\":\"https:\\\/\\\/darkorchid-cheetah-525435.hostingersite.com\\\/#organization\",\"name\":\"YKM TEST\",\"url\":\"https:\\\/\\\/darkorchid-cheetah-525435.hostingersite.com\\\/\",\"logo\":{\"@id\":\"https:\\\/\\\/ykmtest.com\\\/product\\\/mot-straight-edge\\\/#local-main-organization-logo\"},\"image\":{\"@id\":\"https:\\\/\\\/ykmtest.com\\\/product\\\/mot-straight-edge\\\/#local-main-organization-logo\"},\"telephone\":[],\"openingHoursSpecification\":[{\"@type\":\"OpeningHoursSpecification\",\"dayOfWeek\":[\"Monday\",\"Tuesday\",\"Wednesday\",\"Thursday\",\"Friday\",\"Saturday\",\"Sunday\"],\"opens\":\"09:00\",\"closes\":\"17:00\"}]},{\"@type\":\"ImageObject\",\"inLanguage\":\"es-AR\",\"@id\":\"https:\\\/\\\/ykmtest.com\\\/product\\\/mot-straight-edge\\\/#local-main-organization-logo\",\"url\":\"https:\\\/\\\/ykmtest.com\\\/wp-content\\\/uploads\\\/2025\\\/10\\\/Asset-2@2x-8.png\",\"contentUrl\":\"https:\\\/\\\/ykmtest.com\\\/wp-content\\\/uploads\\\/2025\\\/10\\\/Asset-2@2x-8.png\",\"width\":1550,\"height\":323,\"caption\":\"YKM TEST\"}]}<\/script>\n<meta property=\"product:price:currency\" content=\"USD\" \/>\n<meta property=\"og:availability\" content=\"instock\" \/>\n<meta property=\"product:availability\" content=\"instock\" \/>\n<meta property=\"product:condition\" content=\"new\" \/>\n<!-- \/ Yoast SEO Premium plugin. -->","yoast_head_json":{"title":"Mot Straight Edge - YKM TEST","robots":{"index":"index","follow":"follow","max-snippet":"max-snippet:-1","max-image-preview":"max-image-preview:large","max-video-preview":"max-video-preview:-1"},"canonical":"https:\/\/ykmtest.com\/es\/producto\/mot-straight-edge\/","og_locale":"es_ES","og_type":"article","og_title":"Mot Straight Edge","og_description":"A straight edge, approximately 3 meters in length and with a straight profile, is used to measure the lateral regularity of road surfaces. Its lightweight design allows it to be evenly supported at both ends, creating a consistent height between the road surface and the straight edge. Vertical irregularities are accurately measured using graduated wedges. Additionally, this straight edge is ideal for use on floor slabs and other surfaces where finish regularity is crucial.","og_url":"https:\/\/ykmtest.com\/es\/producto\/mot-straight-edge\/","og_site_name":"YKM TEST","article_modified_time":"2025-10-12T08:54:57+00:00","og_image":[{"width":1100,"height":800,"url":"https:\/\/ykmtest.com\/wp-content\/uploads\/2025\/10\/Screenshot_5-1.png","type":"image\/png"}],"twitter_card":"summary_large_image","twitter_misc":{"Price":"","Availability":"In stock"},"schema":{"@context":"https:\/\/schema.org","@graph":[{"@type":"WebPage","@id":"https:\/\/ykmtest.com\/product\/mot-straight-edge\/","url":"https:\/\/ykmtest.com\/product\/mot-straight-edge\/","name":"Mot Straight Edge - YKM TEST","isPartOf":{"@id":"https:\/\/darkorchid-cheetah-525435.hostingersite.com\/#website"},"primaryImageOfPage":{"@id":"https:\/\/ykmtest.com\/product\/mot-straight-edge\/#primaryimage"},"image":{"@id":"https:\/\/ykmtest.com\/product\/mot-straight-edge\/#primaryimage"},"thumbnailUrl":"https:\/\/ykmtest.com\/wp-content\/uploads\/2025\/10\/Screenshot_5-1.png","datePublished":"2025-10-08T17:59:20+00:00","dateModified":"2025-10-12T08:54:57+00:00","breadcrumb":{"@id":"https:\/\/ykmtest.com\/product\/mot-straight-edge\/#breadcrumb"},"inLanguage":"es-AR","potentialAction":[{"@type":"ReadAction","target":["https:\/\/ykmtest.com\/product\/mot-straight-edge\/"]}]},{"@type":"ImageObject","inLanguage":"es-AR","@id":"https:\/\/ykmtest.com\/product\/mot-straight-edge\/#primaryimage","url":"https:\/\/ykmtest.com\/wp-content\/uploads\/2025\/10\/Screenshot_5-1.png","contentUrl":"https:\/\/ykmtest.com\/wp-content\/uploads\/2025\/10\/Screenshot_5-1.png","width":1100,"height":800},{"@type":"BreadcrumbList","@id":"https:\/\/ykmtest.com\/product\/mot-straight-edge\/#breadcrumb","itemListElement":[{"@type":"ListItem","position":1,"name":"Home","item":"https:\/\/darkorchid-cheetah-525435.hostingersite.com\/"},{"@type":"ListItem","position":2,"name":"\u0422\u043e\u0432\u0430\u0440\u044b","item":"https:\/\/ykmtest.com\/ru\/shop\/"},{"@type":"ListItem","position":3,"name":"Mot Straight Edge"}]},{"@type":"WebSite","@id":"https:\/\/darkorchid-cheetah-525435.hostingersite.com\/#website","url":"https:\/\/darkorchid-cheetah-525435.hostingersite.com\/","name":"PRUEBA YKM","description":"","publisher":{"@id":"https:\/\/darkorchid-cheetah-525435.hostingersite.com\/#organization"},"potentialAction":[{"@type":"SearchAction","target":{"@type":"EntryPoint","urlTemplate":"https:\/\/darkorchid-cheetah-525435.hostingersite.com\/?s={search_term_string}"},"query-input":{"@type":"PropertyValueSpecification","valueRequired":true,"valueName":"search_term_string"}}],"inLanguage":"es-AR"},{"@type":["Organization","Place"],"@id":"https:\/\/darkorchid-cheetah-525435.hostingersite.com\/#organization","name":"PRUEBA YKM","url":"https:\/\/darkorchid-cheetah-525435.hostingersite.com\/","logo":{"@id":"https:\/\/ykmtest.com\/product\/mot-straight-edge\/#local-main-organization-logo"},"image":{"@id":"https:\/\/ykmtest.com\/product\/mot-straight-edge\/#local-main-organization-logo"},"telephone":[],"openingHoursSpecification":[{"@type":"OpeningHoursSpecification","dayOfWeek":["Monday","Tuesday","Wednesday","Thursday","Friday","Saturday","Sunday"],"opens":"09:00","closes":"17:00"}]},{"@type":"ImageObject","inLanguage":"es-AR","@id":"https:\/\/ykmtest.com\/product\/mot-straight-edge\/#local-main-organization-logo","url":"https:\/\/ykmtest.com\/wp-content\/uploads\/2025\/10\/Asset-2@2x-8.png","contentUrl":"https:\/\/ykmtest.com\/wp-content\/uploads\/2025\/10\/Asset-2@2x-8.png","width":1550,"height":323,"caption":"YKM TEST"}]},"product_price_currency":"USD","og_availability":"instock","product_availability":"instock","product_condition":"new"},"_links":{"self":[{"href":"https:\/\/ykmtest.com\/es\/wp-json\/wp\/v2\/product\/6628","targetHints":{"allow":["GET"]}}],"collection":[{"href":"https:\/\/ykmtest.com\/es\/wp-json\/wp\/v2\/product"}],"about":[{"href":"https:\/\/ykmtest.com\/es\/wp-json\/wp\/v2\/types\/product"}],"version-history":[{"count":0,"href":"https:\/\/ykmtest.com\/es\/wp-json\/wp\/v2\/product\/6628\/revisions"}],"wp:featuredmedia":[{"embeddable":true,"href":"https:\/\/ykmtest.com\/es\/wp-json\/wp\/v2\/media\/7070"}],"wp:attachment":[{"href":"https:\/\/ykmtest.com\/es\/wp-json\/wp\/v2\/media?parent=6628"}],"wp:term":[{"taxonomy":"product_brand","embeddable":true,"href":"https:\/\/ykmtest.com\/es\/wp-json\/wp\/v2\/product_brand?post=6628"},{"taxonomy":"product_cat","embeddable":true,"href":"https:\/\/ykmtest.com\/es\/wp-json\/wp\/v2\/product_cat?post=6628"},{"taxonomy":"product_tag","embeddable":true,"href":"https:\/\/ykmtest.com\/es\/wp-json\/wp\/v2\/product_tag?post=6628"}],"curies":[{"name":"wp","href":"https:\/\/api.w.org\/{rel}","templated":true}]}}