{"id":6663,"date":"2025-10-08T19:29:12","date_gmt":"2025-10-08T19:29:12","guid":{"rendered":"https:\/\/ykmtest.com\/?post_type=product&#038;p=6663"},"modified":"2025-12-19T15:07:16","modified_gmt":"2025-12-19T15:07:16","slug":"impermeability-test-set","status":"publish","type":"product","link":"https:\/\/ykmtest.com\/es\/producto\/impermeability-test-set\/","title":{"rendered":"Conjunto para prueba de impermeabilidad"},"content":{"rendered":"","protected":false},"excerpt":{"rendered":"<p>El dispositivo de permeabilidad del concreto funciona seg\u00fan el principio de aplicar agua a presi\u00f3n sobre la superficie del concreto endurecido. Tras esta aplicaci\u00f3n, la muestra se corta por la mitad para medir la profundidad de penetraci\u00f3n del agua. Esta medici\u00f3n de la superficie cortada ayuda a determinar la permeabilidad al agua del concreto. Nuestros dispositivos son adecuados para probar 3, 6 o 12 muestras, ya sean cubos de 150 \u00d7 150 mm o cilindros de 150 \u00d7 300 mm. El tanque de recolecci\u00f3n de agua y el aparato de compresi\u00f3n de muestras est\u00e1n fabricados en acero inoxidable para mayor durabilidad. La permeabilidad al agua se puede leer directamente a trav\u00e9s de la bureta graduada montada en el panel frontal. El dispositivo tiene una capacidad de presi\u00f3n de 10 bares, con incrementos de presi\u00f3n ajustables con una precisi\u00f3n de 0,2 bares.<\/p>\n<p>Especificaciones t\u00e9cnicas:<\/p>\n<p>Capacidad: 3, 6 o 12 muestras.<\/p>\n<p>Presi\u00f3n m\u00e1xima de trabajo: 10 bar<\/p>","protected":false},"featured_media":7895,"template":"","meta":{"_acf_changed":false},"product_brand":[],"product_cat":[142],"product_tag":[],"class_list":{"0":"post-6663","1":"product","2":"type-product","3":"status-publish","4":"has-post-thumbnail","6":"product_cat-concrete","9":"instock","10":"shipping-taxable","11":"product-type-simple"},"acf":[],"yoast_head":"<!-- This site is optimized with the Yoast SEO Premium plugin v26.5 (Yoast SEO v27.5) - https:\/\/yoast.com\/product\/yoast-seo-premium-wordpress\/ -->\n<title>Impermeability Test Set - YKM TEST<\/title>\n<meta name=\"robots\" content=\"index, follow, max-snippet:-1, max-image-preview:large, max-video-preview:-1\" \/>\n<link rel=\"canonical\" href=\"https:\/\/ykmtest.com\/es\/producto\/impermeability-test-set\/\" \/>\n<meta property=\"og:locale\" content=\"es_ES\" \/>\n<meta property=\"og:type\" content=\"article\" \/>\n<meta property=\"og:title\" content=\"Impermeability Test Set\" \/>\n<meta property=\"og:description\" content=\"The concrete permeability device operates on the principle of applying pressurized water to the surface of hardened concrete. After this application, the specimen is cut in half to measure the depth of water penetration. This measurement from the cut surface helps determine the water permeability of the concrete. Our devices are suitable for testing 3, 6, or 12 specimens of either 150x150 mm cubes or 150x300 mm cylinders. The water collection tank and sample compression apparatus are made of stainless steel for durability. Water permeability can be directly read via the graduated burette mounted on the front panel. The device has a pressure capacity of 10 bars, with pressure increments adjustable to a precision of 0.2 bars.  Technical Specifications:  Capacity: 3, 6, or 12 samples  Max. Working Pressure: 10 bar\" \/>\n<meta property=\"og:url\" content=\"https:\/\/ykmtest.com\/es\/producto\/impermeability-test-set\/\" \/>\n<meta property=\"og:site_name\" content=\"YKM TEST\" \/>\n<meta property=\"article:modified_time\" content=\"2025-12-19T15:07:16+00:00\" \/>\n<meta property=\"og:image\" content=\"https:\/\/ykmtest.com\/wp-content\/uploads\/2025\/10\/Screenshot_3-copy.jpg\" \/>\n\t<meta property=\"og:image:width\" content=\"1650\" \/>\n\t<meta property=\"og:image:height\" content=\"1200\" \/>\n\t<meta property=\"og:image:type\" content=\"image\/jpeg\" \/>\n<meta name=\"twitter:card\" content=\"summary_large_image\" \/>\n<meta name=\"twitter:label1\" content=\"Price\" \/>\n\t<meta name=\"twitter:data1\" content=\"\" \/>\n\t<meta name=\"twitter:label2\" content=\"Availability\" \/>\n\t<meta name=\"twitter:data2\" content=\"In stock\" \/>\n<script type=\"application\/ld+json\" class=\"yoast-schema-graph\">{\"@context\":\"https:\\\/\\\/schema.org\",\"@graph\":[{\"@type\":\"WebPage\",\"@id\":\"https:\\\/\\\/ykmtest.com\\\/product\\\/impermeability-test-set\\\/\",\"url\":\"https:\\\/\\\/ykmtest.com\\\/product\\\/impermeability-test-set\\\/\",\"name\":\"Impermeability Test Set - YKM TEST\",\"isPartOf\":{\"@id\":\"https:\\\/\\\/darkorchid-cheetah-525435.hostingersite.com\\\/#website\"},\"primaryImageOfPage\":{\"@id\":\"https:\\\/\\\/ykmtest.com\\\/product\\\/impermeability-test-set\\\/#primaryimage\"},\"image\":{\"@id\":\"https:\\\/\\\/ykmtest.com\\\/product\\\/impermeability-test-set\\\/#primaryimage\"},\"thumbnailUrl\":\"https:\\\/\\\/ykmtest.com\\\/wp-content\\\/uploads\\\/2025\\\/10\\\/Screenshot_3-copy.jpg\",\"datePublished\":\"2025-10-08T19:29:12+00:00\",\"dateModified\":\"2025-12-19T15:07:16+00:00\",\"breadcrumb\":{\"@id\":\"https:\\\/\\\/ykmtest.com\\\/product\\\/impermeability-test-set\\\/#breadcrumb\"},\"inLanguage\":\"es-AR\",\"potentialAction\":[{\"@type\":\"ReadAction\",\"target\":[\"https:\\\/\\\/ykmtest.com\\\/product\\\/impermeability-test-set\\\/\"]}]},{\"@type\":\"ImageObject\",\"inLanguage\":\"es-AR\",\"@id\":\"https:\\\/\\\/ykmtest.com\\\/product\\\/impermeability-test-set\\\/#primaryimage\",\"url\":\"https:\\\/\\\/ykmtest.com\\\/wp-content\\\/uploads\\\/2025\\\/10\\\/Screenshot_3-copy.jpg\",\"contentUrl\":\"https:\\\/\\\/ykmtest.com\\\/wp-content\\\/uploads\\\/2025\\\/10\\\/Screenshot_3-copy.jpg\",\"width\":1650,\"height\":1200},{\"@type\":\"BreadcrumbList\",\"@id\":\"https:\\\/\\\/ykmtest.com\\\/product\\\/impermeability-test-set\\\/#breadcrumb\",\"itemListElement\":[{\"@type\":\"ListItem\",\"position\":1,\"name\":\"Home\",\"item\":\"https:\\\/\\\/darkorchid-cheetah-525435.hostingersite.com\\\/\"},{\"@type\":\"ListItem\",\"position\":2,\"name\":\"\u0422\u043e\u0432\u0430\u0440\u044b\",\"item\":\"https:\\\/\\\/ykmtest.com\\\/ru\\\/shop\\\/\"},{\"@type\":\"ListItem\",\"position\":3,\"name\":\"Impermeability Test Set\"}]},{\"@type\":\"WebSite\",\"@id\":\"https:\\\/\\\/darkorchid-cheetah-525435.hostingersite.com\\\/#website\",\"url\":\"https:\\\/\\\/darkorchid-cheetah-525435.hostingersite.com\\\/\",\"name\":\"YKM TEST\",\"description\":\"\",\"publisher\":{\"@id\":\"https:\\\/\\\/darkorchid-cheetah-525435.hostingersite.com\\\/#organization\"},\"potentialAction\":[{\"@type\":\"SearchAction\",\"target\":{\"@type\":\"EntryPoint\",\"urlTemplate\":\"https:\\\/\\\/darkorchid-cheetah-525435.hostingersite.com\\\/?s={search_term_string}\"},\"query-input\":{\"@type\":\"PropertyValueSpecification\",\"valueRequired\":true,\"valueName\":\"search_term_string\"}}],\"inLanguage\":\"es-AR\"},{\"@type\":[\"Organization\",\"Place\"],\"@id\":\"https:\\\/\\\/darkorchid-cheetah-525435.hostingersite.com\\\/#organization\",\"name\":\"YKM TEST\",\"url\":\"https:\\\/\\\/darkorchid-cheetah-525435.hostingersite.com\\\/\",\"logo\":{\"@id\":\"https:\\\/\\\/ykmtest.com\\\/product\\\/impermeability-test-set\\\/#local-main-organization-logo\"},\"image\":{\"@id\":\"https:\\\/\\\/ykmtest.com\\\/product\\\/impermeability-test-set\\\/#local-main-organization-logo\"},\"telephone\":[],\"openingHoursSpecification\":[{\"@type\":\"OpeningHoursSpecification\",\"dayOfWeek\":[\"Monday\",\"Tuesday\",\"Wednesday\",\"Thursday\",\"Friday\",\"Saturday\",\"Sunday\"],\"opens\":\"09:00\",\"closes\":\"17:00\"}]},{\"@type\":\"ImageObject\",\"inLanguage\":\"es-AR\",\"@id\":\"https:\\\/\\\/ykmtest.com\\\/product\\\/impermeability-test-set\\\/#local-main-organization-logo\",\"url\":\"https:\\\/\\\/ykmtest.com\\\/wp-content\\\/uploads\\\/2025\\\/10\\\/Asset-2@2x-8.png\",\"contentUrl\":\"https:\\\/\\\/ykmtest.com\\\/wp-content\\\/uploads\\\/2025\\\/10\\\/Asset-2@2x-8.png\",\"width\":1550,\"height\":323,\"caption\":\"YKM TEST\"}]}<\/script>\n<meta property=\"product:price:currency\" content=\"USD\" \/>\n<meta property=\"og:availability\" content=\"instock\" \/>\n<meta property=\"product:availability\" content=\"instock\" \/>\n<meta property=\"product:condition\" content=\"new\" \/>\n<!-- \/ Yoast SEO Premium plugin. -->","yoast_head_json":{"title":"Impermeability Test Set - YKM TEST","robots":{"index":"index","follow":"follow","max-snippet":"max-snippet:-1","max-image-preview":"max-image-preview:large","max-video-preview":"max-video-preview:-1"},"canonical":"https:\/\/ykmtest.com\/es\/producto\/impermeability-test-set\/","og_locale":"es_ES","og_type":"article","og_title":"Impermeability Test Set","og_description":"The concrete permeability device operates on the principle of applying pressurized water to the surface of hardened concrete. After this application, the specimen is cut in half to measure the depth of water penetration. This measurement from the cut surface helps determine the water permeability of the concrete. Our devices are suitable for testing 3, 6, or 12 specimens of either 150x150 mm cubes or 150x300 mm cylinders. The water collection tank and sample compression apparatus are made of stainless steel for durability. Water permeability can be directly read via the graduated burette mounted on the front panel. The device has a pressure capacity of 10 bars, with pressure increments adjustable to a precision of 0.2 bars.  Technical Specifications:  Capacity: 3, 6, or 12 samples  Max. Working Pressure: 10 bar","og_url":"https:\/\/ykmtest.com\/es\/producto\/impermeability-test-set\/","og_site_name":"YKM TEST","article_modified_time":"2025-12-19T15:07:16+00:00","og_image":[{"width":1650,"height":1200,"url":"https:\/\/ykmtest.com\/wp-content\/uploads\/2025\/10\/Screenshot_3-copy.jpg","type":"image\/jpeg"}],"twitter_card":"summary_large_image","twitter_misc":{"Price":"","Availability":"In stock"},"schema":{"@context":"https:\/\/schema.org","@graph":[{"@type":"WebPage","@id":"https:\/\/ykmtest.com\/product\/impermeability-test-set\/","url":"https:\/\/ykmtest.com\/product\/impermeability-test-set\/","name":"Impermeability Test Set - YKM TEST","isPartOf":{"@id":"https:\/\/darkorchid-cheetah-525435.hostingersite.com\/#website"},"primaryImageOfPage":{"@id":"https:\/\/ykmtest.com\/product\/impermeability-test-set\/#primaryimage"},"image":{"@id":"https:\/\/ykmtest.com\/product\/impermeability-test-set\/#primaryimage"},"thumbnailUrl":"https:\/\/ykmtest.com\/wp-content\/uploads\/2025\/10\/Screenshot_3-copy.jpg","datePublished":"2025-10-08T19:29:12+00:00","dateModified":"2025-12-19T15:07:16+00:00","breadcrumb":{"@id":"https:\/\/ykmtest.com\/product\/impermeability-test-set\/#breadcrumb"},"inLanguage":"es-AR","potentialAction":[{"@type":"ReadAction","target":["https:\/\/ykmtest.com\/product\/impermeability-test-set\/"]}]},{"@type":"ImageObject","inLanguage":"es-AR","@id":"https:\/\/ykmtest.com\/product\/impermeability-test-set\/#primaryimage","url":"https:\/\/ykmtest.com\/wp-content\/uploads\/2025\/10\/Screenshot_3-copy.jpg","contentUrl":"https:\/\/ykmtest.com\/wp-content\/uploads\/2025\/10\/Screenshot_3-copy.jpg","width":1650,"height":1200},{"@type":"BreadcrumbList","@id":"https:\/\/ykmtest.com\/product\/impermeability-test-set\/#breadcrumb","itemListElement":[{"@type":"ListItem","position":1,"name":"Home","item":"https:\/\/darkorchid-cheetah-525435.hostingersite.com\/"},{"@type":"ListItem","position":2,"name":"\u0422\u043e\u0432\u0430\u0440\u044b","item":"https:\/\/ykmtest.com\/ru\/shop\/"},{"@type":"ListItem","position":3,"name":"Impermeability Test Set"}]},{"@type":"WebSite","@id":"https:\/\/darkorchid-cheetah-525435.hostingersite.com\/#website","url":"https:\/\/darkorchid-cheetah-525435.hostingersite.com\/","name":"PRUEBA YKM","description":"","publisher":{"@id":"https:\/\/darkorchid-cheetah-525435.hostingersite.com\/#organization"},"potentialAction":[{"@type":"SearchAction","target":{"@type":"EntryPoint","urlTemplate":"https:\/\/darkorchid-cheetah-525435.hostingersite.com\/?s={search_term_string}"},"query-input":{"@type":"PropertyValueSpecification","valueRequired":true,"valueName":"search_term_string"}}],"inLanguage":"es-AR"},{"@type":["Organization","Place"],"@id":"https:\/\/darkorchid-cheetah-525435.hostingersite.com\/#organization","name":"PRUEBA YKM","url":"https:\/\/darkorchid-cheetah-525435.hostingersite.com\/","logo":{"@id":"https:\/\/ykmtest.com\/product\/impermeability-test-set\/#local-main-organization-logo"},"image":{"@id":"https:\/\/ykmtest.com\/product\/impermeability-test-set\/#local-main-organization-logo"},"telephone":[],"openingHoursSpecification":[{"@type":"OpeningHoursSpecification","dayOfWeek":["Monday","Tuesday","Wednesday","Thursday","Friday","Saturday","Sunday"],"opens":"09:00","closes":"17:00"}]},{"@type":"ImageObject","inLanguage":"es-AR","@id":"https:\/\/ykmtest.com\/product\/impermeability-test-set\/#local-main-organization-logo","url":"https:\/\/ykmtest.com\/wp-content\/uploads\/2025\/10\/Asset-2@2x-8.png","contentUrl":"https:\/\/ykmtest.com\/wp-content\/uploads\/2025\/10\/Asset-2@2x-8.png","width":1550,"height":323,"caption":"YKM TEST"}]},"product_price_currency":"USD","og_availability":"instock","product_availability":"instock","product_condition":"new"},"_links":{"self":[{"href":"https:\/\/ykmtest.com\/es\/wp-json\/wp\/v2\/product\/6663","targetHints":{"allow":["GET"]}}],"collection":[{"href":"https:\/\/ykmtest.com\/es\/wp-json\/wp\/v2\/product"}],"about":[{"href":"https:\/\/ykmtest.com\/es\/wp-json\/wp\/v2\/types\/product"}],"version-history":[{"count":1,"href":"https:\/\/ykmtest.com\/es\/wp-json\/wp\/v2\/product\/6663\/revisions"}],"predecessor-version":[{"id":9627,"href":"https:\/\/ykmtest.com\/es\/wp-json\/wp\/v2\/product\/6663\/revisions\/9627"}],"wp:featuredmedia":[{"embeddable":true,"href":"https:\/\/ykmtest.com\/es\/wp-json\/wp\/v2\/media\/7895"}],"wp:attachment":[{"href":"https:\/\/ykmtest.com\/es\/wp-json\/wp\/v2\/media?parent=6663"}],"wp:term":[{"taxonomy":"product_brand","embeddable":true,"href":"https:\/\/ykmtest.com\/es\/wp-json\/wp\/v2\/product_brand?post=6663"},{"taxonomy":"product_cat","embeddable":true,"href":"https:\/\/ykmtest.com\/es\/wp-json\/wp\/v2\/product_cat?post=6663"},{"taxonomy":"product_tag","embeddable":true,"href":"https:\/\/ykmtest.com\/es\/wp-json\/wp\/v2\/product_tag?post=6663"}],"curies":[{"name":"wp","href":"https:\/\/api.w.org\/{rel}","templated":true}]}}