{"id":10794,"date":"2025-12-15T09:52:24","date_gmt":"2025-12-15T09:52:24","guid":{"rendered":"https:\/\/ykmtest.com\/?post_type=product&#038;p=10794"},"modified":"2025-12-15T09:52:27","modified_gmt":"2025-12-15T09:52:27","slug":"hand-operated-auger","status":"publish","type":"product","link":"https:\/\/ykmtest.com\/french\/produit\/hand-operated-auger\/","title":{"rendered":"Tari\u00e8re \u00e0 commande manuelle"},"content":{"rendered":"<p style=\"font-weight: 400;\">Le syst\u00e8me de tari\u00e8re manuelle se compose principalement d'un m\u00e9canisme de levier manuel, d'une pince de pr\u00e9hension de la tari\u00e8re et de tiges d'extension. L'op\u00e9rateur fait avancer la tari\u00e8re dans le sol en tournant la manivelle manuellement. La tari\u00e8re \u00e0 main est con\u00e7ue pour \u00eatre facile \u00e0 utiliser. En tournant dans la direction oppos\u00e9e, la tari\u00e8re peut \u00eatre retir\u00e9e en toute s\u00e9curit\u00e9. Cette conception permet un contr\u00f4le direct par l'op\u00e9rateur et minimise les risques dans les environnements de terrain \u00e0 faible infrastructure. La tari\u00e8re manuelle est dot\u00e9e d'une structure modulaire compatible avec diff\u00e9rents types et diam\u00e8tres de tari\u00e8res. Cette tari\u00e8re manuelle peut fonctionner avec des tari\u00e8res de 50 \u00e0 150 mm de diam\u00e8tre. Avec des tiges d'extension appropri\u00e9es, il est possible d'atteindre des profondeurs de forage sup\u00e9rieures \u00e0 1 m\u00e8tre. Le plus grand avantage du syst\u00e8me de forage manuel est son ind\u00e9pendance vis-\u00e0-vis des sources d'\u00e9nergie externes ; il fonctionne enti\u00e8rement gr\u00e2ce \u00e0 la force humaine. Par cons\u00e9quent, la tari\u00e8re \u00e0 main permet d'effectuer des op\u00e9rations d'\u00e9chantillonnage du sol m\u00eame dans des endroits \u00e9loign\u00e9s o\u00f9 il n'y a pas d'\u00e9lectricit\u00e9 ou de carburant. En outre, l'appareil est compact et l\u00e9ger, ce qui le rend facile \u00e0 transporter, et la configuration ergonomique de la poign\u00e9e permet une utilisation confortable de la tari\u00e8re \u00e0 main.<\/p>","protected":false},"excerpt":{"rendered":"<div>\n<p class=\"p2\">La tari\u00e8re \u00e0 sol manuelle est un syst\u00e8me de forage du sol manuel con\u00e7u pour l'\u00e9chantillonnage et l'\u00e9tude du sol sur le terrain. Il convient aux endroits inaccessibles aux syst\u00e8mes hydrauliques ou motoris\u00e9s, ainsi qu'aux zones o\u00f9 les ressources en \u00e9lectricit\u00e9 ou en carburant sont limit\u00e9es.<\/p>\n<\/div>","protected":false},"featured_media":0,"template":"","meta":{"_acf_changed":false},"product_brand":[],"product_cat":[199],"product_tag":[],"class_list":{"0":"post-10794","1":"product","2":"type-product","3":"status-publish","5":"product_cat-soil-sampling","8":"instock","9":"shipping-taxable","10":"product-type-simple"},"acf":[],"yoast_head":"<!-- This site is optimized with the Yoast SEO Premium plugin v26.5 (Yoast SEO v27.5) - https:\/\/yoast.com\/product\/yoast-seo-premium-wordpress\/ -->\n<title>Hand Operated Auger - YKM TEST<\/title>\n<meta name=\"description\" content=\"Hand Operated Soil Auger System: Hand-powered drilling for depths &gt;1m. Independent, portable, and compatible with 50-150mm augers for remote soil sampling.\" \/>\n<meta name=\"robots\" content=\"index, follow, max-snippet:-1, max-image-preview:large, max-video-preview:-1\" \/>\n<link rel=\"canonical\" href=\"https:\/\/ykmtest.com\/french\/produit\/hand-operated-auger\/\" \/>\n<meta property=\"og:locale\" content=\"fr_FR\" \/>\n<meta property=\"og:type\" content=\"article\" \/>\n<meta property=\"og:title\" content=\"Hand Operated Auger\" \/>\n<meta property=\"og:description\" content=\"Hand Operated Soil Auger System: Hand-powered drilling for depths &gt;1m. Independent, portable, and compatible with 50-150mm augers for remote soil sampling.\" \/>\n<meta property=\"og:url\" content=\"https:\/\/ykmtest.com\/french\/produit\/hand-operated-auger\/\" \/>\n<meta property=\"og:site_name\" content=\"YKM TEST\" \/>\n<meta property=\"article:modified_time\" content=\"2025-12-15T09:52:27+00:00\" \/>\n<meta name=\"twitter:card\" content=\"summary_large_image\" \/>\n<meta name=\"twitter:label1\" content=\"Prix\" \/>\n\t<meta name=\"twitter:data1\" content=\"\" \/>\n\t<meta name=\"twitter:label2\" content=\"Disponibilit\u00e9\" \/>\n\t<meta name=\"twitter:data2\" content=\"En stock\" \/>\n<script type=\"application\/ld+json\" class=\"yoast-schema-graph\">{\"@context\":\"https:\\\/\\\/schema.org\",\"@graph\":[{\"@type\":\"WebPage\",\"@id\":\"https:\\\/\\\/ykmtest.com\\\/product\\\/hand-operated-auger\\\/\",\"url\":\"https:\\\/\\\/ykmtest.com\\\/product\\\/hand-operated-auger\\\/\",\"name\":\"Hand Operated Auger - YKM TEST\",\"isPartOf\":{\"@id\":\"https:\\\/\\\/darkorchid-cheetah-525435.hostingersite.com\\\/#website\"},\"datePublished\":\"2025-12-15T09:52:24+00:00\",\"dateModified\":\"2025-12-15T09:52:27+00:00\",\"description\":\"Hand Operated Soil Auger System: Hand-powered drilling for depths >1m. Independent, portable, and compatible with 50-150mm augers for remote soil sampling.\",\"breadcrumb\":{\"@id\":\"https:\\\/\\\/ykmtest.com\\\/product\\\/hand-operated-auger\\\/#breadcrumb\"},\"inLanguage\":\"fr-FR\",\"potentialAction\":[{\"@type\":\"ReadAction\",\"target\":[\"https:\\\/\\\/ykmtest.com\\\/product\\\/hand-operated-auger\\\/\"]}]},{\"@type\":\"BreadcrumbList\",\"@id\":\"https:\\\/\\\/ykmtest.com\\\/product\\\/hand-operated-auger\\\/#breadcrumb\",\"itemListElement\":[{\"@type\":\"ListItem\",\"position\":1,\"name\":\"Home\",\"item\":\"https:\\\/\\\/darkorchid-cheetah-525435.hostingersite.com\\\/\"},{\"@type\":\"ListItem\",\"position\":2,\"name\":\"\u0422\u043e\u0432\u0430\u0440\u044b\",\"item\":\"https:\\\/\\\/ykmtest.com\\\/ru\\\/shop\\\/\"},{\"@type\":\"ListItem\",\"position\":3,\"name\":\"Hand Operated Auger\"}]},{\"@type\":\"WebSite\",\"@id\":\"https:\\\/\\\/darkorchid-cheetah-525435.hostingersite.com\\\/#website\",\"url\":\"https:\\\/\\\/darkorchid-cheetah-525435.hostingersite.com\\\/\",\"name\":\"YKM TEST\",\"description\":\"\",\"publisher\":{\"@id\":\"https:\\\/\\\/darkorchid-cheetah-525435.hostingersite.com\\\/#organization\"},\"potentialAction\":[{\"@type\":\"SearchAction\",\"target\":{\"@type\":\"EntryPoint\",\"urlTemplate\":\"https:\\\/\\\/darkorchid-cheetah-525435.hostingersite.com\\\/?s={search_term_string}\"},\"query-input\":{\"@type\":\"PropertyValueSpecification\",\"valueRequired\":true,\"valueName\":\"search_term_string\"}}],\"inLanguage\":\"fr-FR\"},{\"@type\":[\"Organization\",\"Place\"],\"@id\":\"https:\\\/\\\/darkorchid-cheetah-525435.hostingersite.com\\\/#organization\",\"name\":\"YKM TEST\",\"url\":\"https:\\\/\\\/darkorchid-cheetah-525435.hostingersite.com\\\/\",\"logo\":{\"@id\":\"https:\\\/\\\/ykmtest.com\\\/product\\\/hand-operated-auger\\\/#local-main-organization-logo\"},\"image\":{\"@id\":\"https:\\\/\\\/ykmtest.com\\\/product\\\/hand-operated-auger\\\/#local-main-organization-logo\"},\"telephone\":[],\"openingHoursSpecification\":[{\"@type\":\"OpeningHoursSpecification\",\"dayOfWeek\":[\"Monday\",\"Tuesday\",\"Wednesday\",\"Thursday\",\"Friday\",\"Saturday\",\"Sunday\"],\"opens\":\"09:00\",\"closes\":\"17:00\"}]},{\"@type\":\"ImageObject\",\"inLanguage\":\"fr-FR\",\"@id\":\"https:\\\/\\\/ykmtest.com\\\/product\\\/hand-operated-auger\\\/#local-main-organization-logo\",\"url\":\"https:\\\/\\\/ykmtest.com\\\/wp-content\\\/uploads\\\/2025\\\/10\\\/Asset-2@2x-8.png\",\"contentUrl\":\"https:\\\/\\\/ykmtest.com\\\/wp-content\\\/uploads\\\/2025\\\/10\\\/Asset-2@2x-8.png\",\"width\":1550,\"height\":323,\"caption\":\"YKM TEST\"}]}<\/script>\n<meta property=\"product:price:currency\" content=\"USD\" \/>\n<meta property=\"og:availability\" content=\"instock\" \/>\n<meta property=\"product:availability\" content=\"instock\" \/>\n<meta property=\"product:condition\" content=\"new\" \/>\n<!-- \/ Yoast SEO Premium plugin. -->","yoast_head_json":{"title":"Hand Operated Auger - YKM TEST","description":"Hand Operated Soil Auger System: Hand-powered drilling for depths >1m. Independent, portable, and compatible with 50-150mm augers for remote soil sampling.","robots":{"index":"index","follow":"follow","max-snippet":"max-snippet:-1","max-image-preview":"max-image-preview:large","max-video-preview":"max-video-preview:-1"},"canonical":"https:\/\/ykmtest.com\/french\/produit\/hand-operated-auger\/","og_locale":"fr_FR","og_type":"article","og_title":"Hand Operated Auger","og_description":"Hand Operated Soil Auger System: Hand-powered drilling for depths >1m. Independent, portable, and compatible with 50-150mm augers for remote soil sampling.","og_url":"https:\/\/ykmtest.com\/french\/produit\/hand-operated-auger\/","og_site_name":"YKM TEST","article_modified_time":"2025-12-15T09:52:27+00:00","twitter_card":"summary_large_image","twitter_misc":{"Prix":"","Disponibilit\u00e9":"En stock"},"schema":{"@context":"https:\/\/schema.org","@graph":[{"@type":"WebPage","@id":"https:\/\/ykmtest.com\/product\/hand-operated-auger\/","url":"https:\/\/ykmtest.com\/product\/hand-operated-auger\/","name":"Hand Operated Auger - YKM TEST","isPartOf":{"@id":"https:\/\/darkorchid-cheetah-525435.hostingersite.com\/#website"},"datePublished":"2025-12-15T09:52:24+00:00","dateModified":"2025-12-15T09:52:27+00:00","description":"Hand Operated Soil Auger System: Hand-powered drilling for depths >1m. Independent, portable, and compatible with 50-150mm augers for remote soil sampling.","breadcrumb":{"@id":"https:\/\/ykmtest.com\/product\/hand-operated-auger\/#breadcrumb"},"inLanguage":"fr-FR","potentialAction":[{"@type":"ReadAction","target":["https:\/\/ykmtest.com\/product\/hand-operated-auger\/"]}]},{"@type":"BreadcrumbList","@id":"https:\/\/ykmtest.com\/product\/hand-operated-auger\/#breadcrumb","itemListElement":[{"@type":"ListItem","position":1,"name":"Home","item":"https:\/\/darkorchid-cheetah-525435.hostingersite.com\/"},{"@type":"ListItem","position":2,"name":"\u0422\u043e\u0432\u0430\u0440\u044b","item":"https:\/\/ykmtest.com\/ru\/shop\/"},{"@type":"ListItem","position":3,"name":"Hand Operated Auger"}]},{"@type":"WebSite","@id":"https:\/\/darkorchid-cheetah-525435.hostingersite.com\/#website","url":"https:\/\/darkorchid-cheetah-525435.hostingersite.com\/","name":"TEST YKM","description":"","publisher":{"@id":"https:\/\/darkorchid-cheetah-525435.hostingersite.com\/#organization"},"potentialAction":[{"@type":"SearchAction","target":{"@type":"EntryPoint","urlTemplate":"https:\/\/darkorchid-cheetah-525435.hostingersite.com\/?s={search_term_string}"},"query-input":{"@type":"PropertyValueSpecification","valueRequired":true,"valueName":"search_term_string"}}],"inLanguage":"fr-FR"},{"@type":["Organization","Place"],"@id":"https:\/\/darkorchid-cheetah-525435.hostingersite.com\/#organization","name":"TEST YKM","url":"https:\/\/darkorchid-cheetah-525435.hostingersite.com\/","logo":{"@id":"https:\/\/ykmtest.com\/product\/hand-operated-auger\/#local-main-organization-logo"},"image":{"@id":"https:\/\/ykmtest.com\/product\/hand-operated-auger\/#local-main-organization-logo"},"telephone":[],"openingHoursSpecification":[{"@type":"OpeningHoursSpecification","dayOfWeek":["Monday","Tuesday","Wednesday","Thursday","Friday","Saturday","Sunday"],"opens":"09:00","closes":"17:00"}]},{"@type":"ImageObject","inLanguage":"fr-FR","@id":"https:\/\/ykmtest.com\/product\/hand-operated-auger\/#local-main-organization-logo","url":"https:\/\/ykmtest.com\/wp-content\/uploads\/2025\/10\/Asset-2@2x-8.png","contentUrl":"https:\/\/ykmtest.com\/wp-content\/uploads\/2025\/10\/Asset-2@2x-8.png","width":1550,"height":323,"caption":"YKM TEST"}]},"product_price_currency":"USD","og_availability":"instock","product_availability":"instock","product_condition":"new"},"_links":{"self":[{"href":"https:\/\/ykmtest.com\/french\/wp-json\/wp\/v2\/product\/10794","targetHints":{"allow":["GET"]}}],"collection":[{"href":"https:\/\/ykmtest.com\/french\/wp-json\/wp\/v2\/product"}],"about":[{"href":"https:\/\/ykmtest.com\/french\/wp-json\/wp\/v2\/types\/product"}],"version-history":[{"count":1,"href":"https:\/\/ykmtest.com\/french\/wp-json\/wp\/v2\/product\/10794\/revisions"}],"predecessor-version":[{"id":10795,"href":"https:\/\/ykmtest.com\/french\/wp-json\/wp\/v2\/product\/10794\/revisions\/10795"}],"wp:attachment":[{"href":"https:\/\/ykmtest.com\/french\/wp-json\/wp\/v2\/media?parent=10794"}],"wp:term":[{"taxonomy":"product_brand","embeddable":true,"href":"https:\/\/ykmtest.com\/french\/wp-json\/wp\/v2\/product_brand?post=10794"},{"taxonomy":"product_cat","embeddable":true,"href":"https:\/\/ykmtest.com\/french\/wp-json\/wp\/v2\/product_cat?post=10794"},{"taxonomy":"product_tag","embeddable":true,"href":"https:\/\/ykmtest.com\/french\/wp-json\/wp\/v2\/product_tag?post=10794"}],"curies":[{"name":"wp","href":"https:\/\/api.w.org\/{rel}","templated":true}]}}