{"id":10803,"date":"2025-12-15T11:51:42","date_gmt":"2025-12-15T11:51:42","guid":{"rendered":"https:\/\/ykmtest.com\/?post_type=product&#038;p=10803"},"modified":"2026-01-05T08:24:53","modified_gmt":"2026-01-05T08:24:53","slug":"dynamic-cone-penetrometer-dcp","status":"publish","type":"product","link":"https:\/\/ykmtest.com\/french\/produit\/dynamic-cone-penetrometer-dcp\/","title":{"rendered":"P\u00e9n\u00e9trom\u00e8tre \u00e0 c\u00f4ne dynamique (DCP)"},"content":{"rendered":"<p>Gr\u00e2ce \u00e0 son m\u00e9canisme d'impact \u00e0 double masse, il permet d'effectuer des mesures stables et pr\u00e9cises dans les couches de sol tendres et relativement rigides. Le DCP se compose d'un corps en acier, d'une pointe conique, d'une \u00e9chelle de mesure et d'un marteau de poids standard que l'on laisse tomber d'une hauteur fixe. \u00c0 chaque chute, le marteau transf\u00e8re son \u00e9nergie au sol par l'interm\u00e9diaire de la tige, ce qui permet \u00e0 la pointe conique de p\u00e9n\u00e9trer dans le sol. La p\u00e9n\u00e9tration enregistr\u00e9e par coup (mm\/coup) est directement corr\u00e9l\u00e9e \u00e0 la densit\u00e9 relative du sol. Ces mesures permettent de calculer les valeurs du California Bearing Ratio (CBR) ou des param\u00e8tres \u00e9quivalents de capacit\u00e9 portante. L'appareil est dot\u00e9 d'un c\u00f4ne en acier tremp\u00e9 de 60\u00b0, de bielles tremp\u00e9es, d'une poign\u00e9e ergonomique et d'une \u00e9chelle millim\u00e9trique clairement lisible, ce qui le rend parfaitement adapt\u00e9 \u00e0 une utilisation sur le terrain. Sa structure modulaire permet de le transporter et de l'assembler facilement, et l'ensemble de l'unit\u00e9 peut \u00eatre mis en place en quelques minutes. Pendant l'essai, les changements soudains du taux de p\u00e9n\u00e9tration \u00e0 diff\u00e9rentes profondeurs permettent d'identifier facilement les diff\u00e9rents types de sol (par exemple, argile rigide, sable meuble ou transitions de gravier). En outre, des compteurs m\u00e9caniques ou \u00e9lectroniques optionnels peuvent \u00eatre utilis\u00e9s pour enregistrer le nombre de coups et les valeurs de p\u00e9n\u00e9tration. Cet appareil est largement utilis\u00e9 dans les projets d'ing\u00e9nierie pour \u00e9valuer les propri\u00e9t\u00e9s du sol in situ, d\u00e9terminer les limites des couches et contr\u00f4ler la qualit\u00e9 des remblais. Il fournit des r\u00e9sultats pr\u00e9cis, rapides et reproductibles, ce qui en fait une solution fiable pour les enqu\u00eates sur le terrain.<\/p>","protected":false},"excerpt":{"rendered":"<p>Le p\u00e9n\u00e9trom\u00e8tre dynamique \u00e0 c\u00f4ne est un appareil d'essai pratique utilis\u00e9 pour d\u00e9terminer la capacit\u00e9 portante du sol, la densit\u00e9 relative et les transitions entre les couches.<\/p>","protected":false},"featured_media":0,"template":"","meta":{"_acf_changed":false},"product_brand":[],"product_cat":[198,197],"product_tag":[],"class_list":{"0":"post-10803","1":"product","2":"type-product","3":"status-publish","5":"product_cat-field-inspection","6":"product_cat-soil-field","9":"instock","10":"shipping-taxable","11":"product-type-simple"},"acf":[],"yoast_head":"<!-- This site is optimized with the Yoast SEO Premium plugin v26.5 (Yoast SEO v27.5) - https:\/\/yoast.com\/product\/yoast-seo-premium-wordpress\/ -->\n<title>Dynamic Cone Penetrometer (DCP) - YKM TEST<\/title>\n<meta name=\"description\" content=\"Dynamic Cone Penetrometer (DCP) is a field testing device used to determine soil bearing capacity, CBR values, and layer transitions.\" \/>\n<meta name=\"robots\" content=\"index, follow, max-snippet:-1, max-image-preview:large, max-video-preview:-1\" \/>\n<link rel=\"canonical\" href=\"https:\/\/ykmtest.com\/french\/produit\/dynamic-cone-penetrometer-dcp\/\" \/>\n<meta property=\"og:locale\" content=\"fr_FR\" \/>\n<meta property=\"og:type\" content=\"article\" \/>\n<meta property=\"og:title\" content=\"Dynamic Cone Penetrometer (DCP)\" \/>\n<meta property=\"og:description\" content=\"Dynamic Cone Penetrometer (DCP) is a field testing device used to determine soil bearing capacity, CBR values, and layer transitions.\" \/>\n<meta property=\"og:url\" content=\"https:\/\/ykmtest.com\/french\/produit\/dynamic-cone-penetrometer-dcp\/\" \/>\n<meta property=\"og:site_name\" content=\"YKM TEST\" \/>\n<meta property=\"article:modified_time\" content=\"2026-01-05T08:24:53+00:00\" \/>\n<meta name=\"twitter:card\" content=\"summary_large_image\" \/>\n<meta name=\"twitter:label1\" content=\"Prix\" \/>\n\t<meta name=\"twitter:data1\" content=\"\" \/>\n\t<meta name=\"twitter:label2\" content=\"Disponibilit\u00e9\" \/>\n\t<meta name=\"twitter:data2\" content=\"En stock\" \/>\n<script type=\"application\/ld+json\" class=\"yoast-schema-graph\">{\"@context\":\"https:\\\/\\\/schema.org\",\"@graph\":[{\"@type\":\"WebPage\",\"@id\":\"https:\\\/\\\/ykmtest.com\\\/product\\\/dynamic-cone-penetrometer-dcp\\\/\",\"url\":\"https:\\\/\\\/ykmtest.com\\\/product\\\/dynamic-cone-penetrometer-dcp\\\/\",\"name\":\"Dynamic Cone Penetrometer (DCP) - YKM TEST\",\"isPartOf\":{\"@id\":\"https:\\\/\\\/darkorchid-cheetah-525435.hostingersite.com\\\/#website\"},\"datePublished\":\"2025-12-15T11:51:42+00:00\",\"dateModified\":\"2026-01-05T08:24:53+00:00\",\"description\":\"Dynamic Cone Penetrometer (DCP) is a field testing device used to determine soil bearing capacity, CBR values, and layer transitions.\",\"breadcrumb\":{\"@id\":\"https:\\\/\\\/ykmtest.com\\\/product\\\/dynamic-cone-penetrometer-dcp\\\/#breadcrumb\"},\"inLanguage\":\"fr-FR\",\"potentialAction\":[{\"@type\":\"ReadAction\",\"target\":[\"https:\\\/\\\/ykmtest.com\\\/product\\\/dynamic-cone-penetrometer-dcp\\\/\"]}]},{\"@type\":\"BreadcrumbList\",\"@id\":\"https:\\\/\\\/ykmtest.com\\\/product\\\/dynamic-cone-penetrometer-dcp\\\/#breadcrumb\",\"itemListElement\":[{\"@type\":\"ListItem\",\"position\":1,\"name\":\"Home\",\"item\":\"https:\\\/\\\/darkorchid-cheetah-525435.hostingersite.com\\\/\"},{\"@type\":\"ListItem\",\"position\":2,\"name\":\"\u0422\u043e\u0432\u0430\u0440\u044b\",\"item\":\"https:\\\/\\\/ykmtest.com\\\/ru\\\/shop\\\/\"},{\"@type\":\"ListItem\",\"position\":3,\"name\":\"Dynamic Cone Penetrometer (DCP)\"}]},{\"@type\":\"WebSite\",\"@id\":\"https:\\\/\\\/darkorchid-cheetah-525435.hostingersite.com\\\/#website\",\"url\":\"https:\\\/\\\/darkorchid-cheetah-525435.hostingersite.com\\\/\",\"name\":\"YKM TEST\",\"description\":\"\",\"publisher\":{\"@id\":\"https:\\\/\\\/darkorchid-cheetah-525435.hostingersite.com\\\/#organization\"},\"potentialAction\":[{\"@type\":\"SearchAction\",\"target\":{\"@type\":\"EntryPoint\",\"urlTemplate\":\"https:\\\/\\\/darkorchid-cheetah-525435.hostingersite.com\\\/?s={search_term_string}\"},\"query-input\":{\"@type\":\"PropertyValueSpecification\",\"valueRequired\":true,\"valueName\":\"search_term_string\"}}],\"inLanguage\":\"fr-FR\"},{\"@type\":[\"Organization\",\"Place\"],\"@id\":\"https:\\\/\\\/darkorchid-cheetah-525435.hostingersite.com\\\/#organization\",\"name\":\"YKM TEST\",\"url\":\"https:\\\/\\\/darkorchid-cheetah-525435.hostingersite.com\\\/\",\"logo\":{\"@id\":\"https:\\\/\\\/ykmtest.com\\\/product\\\/dynamic-cone-penetrometer-dcp\\\/#local-main-organization-logo\"},\"image\":{\"@id\":\"https:\\\/\\\/ykmtest.com\\\/product\\\/dynamic-cone-penetrometer-dcp\\\/#local-main-organization-logo\"},\"telephone\":[],\"openingHoursSpecification\":[{\"@type\":\"OpeningHoursSpecification\",\"dayOfWeek\":[\"Monday\",\"Tuesday\",\"Wednesday\",\"Thursday\",\"Friday\",\"Saturday\",\"Sunday\"],\"opens\":\"09:00\",\"closes\":\"17:00\"}]},{\"@type\":\"ImageObject\",\"inLanguage\":\"fr-FR\",\"@id\":\"https:\\\/\\\/ykmtest.com\\\/product\\\/dynamic-cone-penetrometer-dcp\\\/#local-main-organization-logo\",\"url\":\"https:\\\/\\\/ykmtest.com\\\/wp-content\\\/uploads\\\/2025\\\/10\\\/Asset-2@2x-8.png\",\"contentUrl\":\"https:\\\/\\\/ykmtest.com\\\/wp-content\\\/uploads\\\/2025\\\/10\\\/Asset-2@2x-8.png\",\"width\":1550,\"height\":323,\"caption\":\"YKM TEST\"}]}<\/script>\n<meta property=\"product:price:currency\" content=\"USD\" \/>\n<meta property=\"og:availability\" content=\"instock\" \/>\n<meta property=\"product:availability\" content=\"instock\" \/>\n<meta property=\"product:condition\" content=\"new\" \/>\n<!-- \/ Yoast SEO Premium plugin. -->","yoast_head_json":{"title":"Dynamic Cone Penetrometer (DCP) - YKM TEST","description":"Dynamic Cone Penetrometer (DCP) is a field testing device used to determine soil bearing capacity, CBR values, and layer transitions.","robots":{"index":"index","follow":"follow","max-snippet":"max-snippet:-1","max-image-preview":"max-image-preview:large","max-video-preview":"max-video-preview:-1"},"canonical":"https:\/\/ykmtest.com\/french\/produit\/dynamic-cone-penetrometer-dcp\/","og_locale":"fr_FR","og_type":"article","og_title":"Dynamic Cone Penetrometer (DCP)","og_description":"Dynamic Cone Penetrometer (DCP) is a field testing device used to determine soil bearing capacity, CBR values, and layer transitions.","og_url":"https:\/\/ykmtest.com\/french\/produit\/dynamic-cone-penetrometer-dcp\/","og_site_name":"YKM TEST","article_modified_time":"2026-01-05T08:24:53+00:00","twitter_card":"summary_large_image","twitter_misc":{"Prix":"","Disponibilit\u00e9":"En stock"},"schema":{"@context":"https:\/\/schema.org","@graph":[{"@type":"WebPage","@id":"https:\/\/ykmtest.com\/product\/dynamic-cone-penetrometer-dcp\/","url":"https:\/\/ykmtest.com\/product\/dynamic-cone-penetrometer-dcp\/","name":"Dynamic Cone Penetrometer (DCP) - YKM TEST","isPartOf":{"@id":"https:\/\/darkorchid-cheetah-525435.hostingersite.com\/#website"},"datePublished":"2025-12-15T11:51:42+00:00","dateModified":"2026-01-05T08:24:53+00:00","description":"Dynamic Cone Penetrometer (DCP) is a field testing device used to determine soil bearing capacity, CBR values, and layer transitions.","breadcrumb":{"@id":"https:\/\/ykmtest.com\/product\/dynamic-cone-penetrometer-dcp\/#breadcrumb"},"inLanguage":"fr-FR","potentialAction":[{"@type":"ReadAction","target":["https:\/\/ykmtest.com\/product\/dynamic-cone-penetrometer-dcp\/"]}]},{"@type":"BreadcrumbList","@id":"https:\/\/ykmtest.com\/product\/dynamic-cone-penetrometer-dcp\/#breadcrumb","itemListElement":[{"@type":"ListItem","position":1,"name":"Home","item":"https:\/\/darkorchid-cheetah-525435.hostingersite.com\/"},{"@type":"ListItem","position":2,"name":"\u0422\u043e\u0432\u0430\u0440\u044b","item":"https:\/\/ykmtest.com\/ru\/shop\/"},{"@type":"ListItem","position":3,"name":"Dynamic Cone Penetrometer (DCP)"}]},{"@type":"WebSite","@id":"https:\/\/darkorchid-cheetah-525435.hostingersite.com\/#website","url":"https:\/\/darkorchid-cheetah-525435.hostingersite.com\/","name":"TEST YKM","description":"","publisher":{"@id":"https:\/\/darkorchid-cheetah-525435.hostingersite.com\/#organization"},"potentialAction":[{"@type":"SearchAction","target":{"@type":"EntryPoint","urlTemplate":"https:\/\/darkorchid-cheetah-525435.hostingersite.com\/?s={search_term_string}"},"query-input":{"@type":"PropertyValueSpecification","valueRequired":true,"valueName":"search_term_string"}}],"inLanguage":"fr-FR"},{"@type":["Organization","Place"],"@id":"https:\/\/darkorchid-cheetah-525435.hostingersite.com\/#organization","name":"TEST YKM","url":"https:\/\/darkorchid-cheetah-525435.hostingersite.com\/","logo":{"@id":"https:\/\/ykmtest.com\/product\/dynamic-cone-penetrometer-dcp\/#local-main-organization-logo"},"image":{"@id":"https:\/\/ykmtest.com\/product\/dynamic-cone-penetrometer-dcp\/#local-main-organization-logo"},"telephone":[],"openingHoursSpecification":[{"@type":"OpeningHoursSpecification","dayOfWeek":["Monday","Tuesday","Wednesday","Thursday","Friday","Saturday","Sunday"],"opens":"09:00","closes":"17:00"}]},{"@type":"ImageObject","inLanguage":"fr-FR","@id":"https:\/\/ykmtest.com\/product\/dynamic-cone-penetrometer-dcp\/#local-main-organization-logo","url":"https:\/\/ykmtest.com\/wp-content\/uploads\/2025\/10\/Asset-2@2x-8.png","contentUrl":"https:\/\/ykmtest.com\/wp-content\/uploads\/2025\/10\/Asset-2@2x-8.png","width":1550,"height":323,"caption":"YKM TEST"}]},"product_price_currency":"USD","og_availability":"instock","product_availability":"instock","product_condition":"new"},"_links":{"self":[{"href":"https:\/\/ykmtest.com\/french\/wp-json\/wp\/v2\/product\/10803","targetHints":{"allow":["GET"]}}],"collection":[{"href":"https:\/\/ykmtest.com\/french\/wp-json\/wp\/v2\/product"}],"about":[{"href":"https:\/\/ykmtest.com\/french\/wp-json\/wp\/v2\/types\/product"}],"version-history":[{"count":2,"href":"https:\/\/ykmtest.com\/french\/wp-json\/wp\/v2\/product\/10803\/revisions"}],"predecessor-version":[{"id":11810,"href":"https:\/\/ykmtest.com\/french\/wp-json\/wp\/v2\/product\/10803\/revisions\/11810"}],"wp:attachment":[{"href":"https:\/\/ykmtest.com\/french\/wp-json\/wp\/v2\/media?parent=10803"}],"wp:term":[{"taxonomy":"product_brand","embeddable":true,"href":"https:\/\/ykmtest.com\/french\/wp-json\/wp\/v2\/product_brand?post=10803"},{"taxonomy":"product_cat","embeddable":true,"href":"https:\/\/ykmtest.com\/french\/wp-json\/wp\/v2\/product_cat?post=10803"},{"taxonomy":"product_tag","embeddable":true,"href":"https:\/\/ykmtest.com\/french\/wp-json\/wp\/v2\/product_tag?post=10803"}],"curies":[{"name":"wp","href":"https:\/\/api.w.org\/{rel}","templated":true}]}}