{"id":11164,"date":"2025-12-16T09:43:58","date_gmt":"2025-12-16T09:43:58","guid":{"rendered":"https:\/\/ykmtest.com\/?post_type=product&#038;p=11164"},"modified":"2025-12-16T10:33:40","modified_gmt":"2025-12-16T10:33:40","slug":"digital-plate-bearing-test-set","status":"publish","type":"product","link":"https:\/\/ykmtest.com\/french\/produit\/digital-plate-bearing-test-set\/","title":{"rendered":"Ensemble d'essai de roulement \u00e0 plaque num\u00e9rique"},"content":{"rendered":"<p>Le banc d'essai num\u00e9rique pour roulements \u00e0 plaques comprend un cric hydraulique \u00e0 haute pression, une pompe manuelle \u00e0 r\u00e9glage fin, une unit\u00e9 de mesure num\u00e9rique calibr\u00e9e de la charge et du d\u00e9placement, des capteurs de d\u00e9placement num\u00e9riques \u00e0 haute r\u00e9solution, une poutre de r\u00e9f\u00e9rence rigide et des plaques de chargement en acier usin\u00e9 de diff\u00e9rents diam\u00e8tres. Le syst\u00e8me d'application de la charge transf\u00e8re une force axiale uniform\u00e9ment r\u00e9partie \u00e0 la plaque de chargement par l'interm\u00e9diaire du cric. Une t\u00eate d'assise positionn\u00e9e au centre, qui peut \u00eatre sur\u00e9lev\u00e9e \u00e0 l'aide d'accessoires suppl\u00e9mentaires, \u00e9limine les erreurs d'alignement et assure une r\u00e9partition homog\u00e8ne des contraintes sur la surface de la plaque. La charge peut \u00eatre lue en kN ou en kgf au moyen d'un indicateur num\u00e9rique \u00e0 taux d'\u00e9chantillonnage \u00e9lev\u00e9 ; les fonctions de mise \u00e0 z\u00e9ro et de maintien de la valeur de cr\u00eate am\u00e9liorent le confort d'utilisation. Le tassement est mesur\u00e9 \u00e0 l'aide de capteurs de d\u00e9placement num\u00e9riques multicanaux positionn\u00e9s sur la poutre de r\u00e9f\u00e9rence avec des supports magn\u00e9tiques, offrant une r\u00e9solution de 0,001 mm. Cette disposition permet d'isoler tout mouvement provenant du v\u00e9rin ou du syst\u00e8me de r\u00e9action, et de calculer le tassement moyen de la plaque de chargement gr\u00e2ce \u00e0 une surveillance simultan\u00e9e des trois points. L'indicateur num\u00e9rique et l'enregistreur de donn\u00e9es collectent la charge et le d\u00e9placement sur une base temporelle synchronis\u00e9e ; les coefficients d'\u00e9talonnage sont g\u00e9r\u00e9s par le menu, offrant une capacit\u00e9 d'\u00e9talonnage en 8 points. L'interface USB permet le transfert de donn\u00e9es brutes. L'alimentation par batterie permet des op\u00e9rations de longue dur\u00e9e sur le terrain tout en maintenant la stabilit\u00e9 de l'\u00e9talonnage. L'ensemble est compatible avec les diam\u00e8tres de plaque standard de 300, 450, 600 et 760 mm, et les diam\u00e8tres de plaque personnalis\u00e9s peuvent \u00eatre d\u00e9finis par l'utilisateur. La poutre de r\u00e9f\u00e9rence, dot\u00e9e de pieds r\u00e9glables et de supports magn\u00e9tiques articul\u00e9s, facilite la mise en place et fournit une r\u00e9f\u00e9rence rigide sous diff\u00e9rents profils de sol.Tous les canaux de mesure peuvent \u00eatre contr\u00f4l\u00e9s simultan\u00e9ment sur un seul \u00e9cran num\u00e9rique.<\/p>","protected":false},"excerpt":{"rendered":"<p class=\"p3\"><span lang=\"TR\">Le Digital Plate Bearing Test Set est utilis\u00e9 pour les essais de charge sur plaque sur le terrain afin d'\u00e9valuer la portance du sol. Il recueille et affiche les valeurs de charge et de tassement \u00e0 l'aide d'un \u00e9cran tactile de 5\u2033.<\/span><\/p>","protected":false},"featured_media":0,"template":"","meta":{"_acf_changed":false},"product_brand":[],"product_cat":[200,197],"product_tag":[],"class_list":{"0":"post-11164","1":"product","2":"type-product","3":"status-publish","5":"product_cat-density-bearing-capacity","6":"product_cat-soil-field","9":"instock","10":"shipping-taxable","11":"product-type-simple"},"acf":[],"yoast_head":"<!-- This site is optimized with the Yoast SEO Premium plugin v26.5 (Yoast SEO v27.5) - https:\/\/yoast.com\/product\/yoast-seo-premium-wordpress\/ -->\n<title>Digital Plate Bearing Test Set - YKM TEST<\/title>\n<meta name=\"description\" content=\"Digital Plate Bearing Test Set is used for field plate load testing to measure soil bearing capacity and settlement with digital accuracy.\" \/>\n<meta name=\"robots\" content=\"index, follow, max-snippet:-1, max-image-preview:large, max-video-preview:-1\" \/>\n<link rel=\"canonical\" href=\"https:\/\/darkorchid-cheetah-525435.hostingersite.com\/product\/digital-plate-bearing-test-set\/\" \/>\n<meta property=\"og:locale\" content=\"fr_FR\" \/>\n<meta property=\"og:type\" content=\"article\" \/>\n<meta property=\"og:title\" content=\"Digital Plate Bearing Test Set\" \/>\n<meta property=\"og:description\" content=\"Digital Plate Bearing Test Set is used for field plate load testing to measure soil bearing capacity and settlement with digital accuracy.\" \/>\n<meta property=\"og:url\" content=\"https:\/\/darkorchid-cheetah-525435.hostingersite.com\/product\/digital-plate-bearing-test-set\/\" \/>\n<meta property=\"og:site_name\" content=\"YKM TEST\" \/>\n<meta property=\"article:modified_time\" content=\"2025-12-16T10:33:40+00:00\" \/>\n<meta name=\"twitter:card\" content=\"summary_large_image\" \/>\n<meta name=\"twitter:label1\" content=\"Prix\" \/>\n\t<meta name=\"twitter:data1\" content=\"\" \/>\n\t<meta name=\"twitter:label2\" content=\"Disponibilit\u00e9\" \/>\n\t<meta name=\"twitter:data2\" content=\"En stock\" \/>\n<script type=\"application\/ld+json\" class=\"yoast-schema-graph\">{\"@context\":\"https:\\\/\\\/schema.org\",\"@graph\":[{\"@type\":\"WebPage\",\"@id\":\"https:\\\/\\\/darkorchid-cheetah-525435.hostingersite.com\\\/product\\\/digital-plate-bearing-test-set\\\/\",\"url\":\"https:\\\/\\\/darkorchid-cheetah-525435.hostingersite.com\\\/product\\\/digital-plate-bearing-test-set\\\/\",\"name\":\"Digital Plate Bearing Test Set - YKM TEST\",\"isPartOf\":{\"@id\":\"https:\\\/\\\/darkorchid-cheetah-525435.hostingersite.com\\\/#website\"},\"datePublished\":\"2025-12-16T09:43:58+00:00\",\"dateModified\":\"2025-12-16T10:33:40+00:00\",\"description\":\"Digital Plate Bearing Test Set is used for field plate load testing to measure soil bearing capacity and settlement with digital accuracy.\",\"breadcrumb\":{\"@id\":\"https:\\\/\\\/darkorchid-cheetah-525435.hostingersite.com\\\/product\\\/digital-plate-bearing-test-set\\\/#breadcrumb\"},\"inLanguage\":\"fr-FR\",\"potentialAction\":[{\"@type\":\"ReadAction\",\"target\":[\"https:\\\/\\\/darkorchid-cheetah-525435.hostingersite.com\\\/product\\\/digital-plate-bearing-test-set\\\/\"]}]},{\"@type\":\"BreadcrumbList\",\"@id\":\"https:\\\/\\\/darkorchid-cheetah-525435.hostingersite.com\\\/product\\\/digital-plate-bearing-test-set\\\/#breadcrumb\",\"itemListElement\":[{\"@type\":\"ListItem\",\"position\":1,\"name\":\"Home\",\"item\":\"https:\\\/\\\/darkorchid-cheetah-525435.hostingersite.com\\\/\"},{\"@type\":\"ListItem\",\"position\":2,\"name\":\"\u0422\u043e\u0432\u0430\u0440\u044b\",\"item\":\"https:\\\/\\\/ykmtest.com\\\/ru\\\/shop\\\/\"},{\"@type\":\"ListItem\",\"position\":3,\"name\":\"Digital Plate Bearing Test Set\"}]},{\"@type\":\"WebSite\",\"@id\":\"https:\\\/\\\/darkorchid-cheetah-525435.hostingersite.com\\\/#website\",\"url\":\"https:\\\/\\\/darkorchid-cheetah-525435.hostingersite.com\\\/\",\"name\":\"YKM TEST\",\"description\":\"\",\"publisher\":{\"@id\":\"https:\\\/\\\/darkorchid-cheetah-525435.hostingersite.com\\\/#organization\"},\"potentialAction\":[{\"@type\":\"SearchAction\",\"target\":{\"@type\":\"EntryPoint\",\"urlTemplate\":\"https:\\\/\\\/darkorchid-cheetah-525435.hostingersite.com\\\/?s={search_term_string}\"},\"query-input\":{\"@type\":\"PropertyValueSpecification\",\"valueRequired\":true,\"valueName\":\"search_term_string\"}}],\"inLanguage\":\"fr-FR\"},{\"@type\":[\"Organization\",\"Place\"],\"@id\":\"https:\\\/\\\/darkorchid-cheetah-525435.hostingersite.com\\\/#organization\",\"name\":\"YKM TEST\",\"url\":\"https:\\\/\\\/darkorchid-cheetah-525435.hostingersite.com\\\/\",\"logo\":{\"@id\":\"https:\\\/\\\/darkorchid-cheetah-525435.hostingersite.com\\\/product\\\/digital-plate-bearing-test-set\\\/#local-main-organization-logo\"},\"image\":{\"@id\":\"https:\\\/\\\/darkorchid-cheetah-525435.hostingersite.com\\\/product\\\/digital-plate-bearing-test-set\\\/#local-main-organization-logo\"},\"telephone\":[],\"openingHoursSpecification\":[{\"@type\":\"OpeningHoursSpecification\",\"dayOfWeek\":[\"Monday\",\"Tuesday\",\"Wednesday\",\"Thursday\",\"Friday\",\"Saturday\",\"Sunday\"],\"opens\":\"09:00\",\"closes\":\"17:00\"}]},{\"@type\":\"ImageObject\",\"inLanguage\":\"fr-FR\",\"@id\":\"https:\\\/\\\/darkorchid-cheetah-525435.hostingersite.com\\\/product\\\/digital-plate-bearing-test-set\\\/#local-main-organization-logo\",\"url\":\"https:\\\/\\\/ykmtest.com\\\/wp-content\\\/uploads\\\/2025\\\/10\\\/Asset-2@2x-8.png\",\"contentUrl\":\"https:\\\/\\\/ykmtest.com\\\/wp-content\\\/uploads\\\/2025\\\/10\\\/Asset-2@2x-8.png\",\"width\":1550,\"height\":323,\"caption\":\"YKM TEST\"}]}<\/script>\n<meta property=\"product:price:currency\" content=\"USD\" \/>\n<meta property=\"og:availability\" content=\"instock\" \/>\n<meta property=\"product:availability\" content=\"instock\" \/>\n<meta property=\"product:condition\" content=\"new\" \/>\n<!-- \/ Yoast SEO Premium plugin. -->","yoast_head_json":{"title":"Digital Plate Bearing Test Set - YKM TEST","description":"Digital Plate Bearing Test Set is used for field plate load testing to measure soil bearing capacity and settlement with digital accuracy.","robots":{"index":"index","follow":"follow","max-snippet":"max-snippet:-1","max-image-preview":"max-image-preview:large","max-video-preview":"max-video-preview:-1"},"canonical":"https:\/\/darkorchid-cheetah-525435.hostingersite.com\/product\/digital-plate-bearing-test-set\/","og_locale":"fr_FR","og_type":"article","og_title":"Digital Plate Bearing Test Set","og_description":"Digital Plate Bearing Test Set is used for field plate load testing to measure soil bearing capacity and settlement with digital accuracy.","og_url":"https:\/\/darkorchid-cheetah-525435.hostingersite.com\/product\/digital-plate-bearing-test-set\/","og_site_name":"YKM TEST","article_modified_time":"2025-12-16T10:33:40+00:00","twitter_card":"summary_large_image","twitter_misc":{"Prix":"","Disponibilit\u00e9":"En stock"},"schema":{"@context":"https:\/\/schema.org","@graph":[{"@type":"WebPage","@id":"https:\/\/darkorchid-cheetah-525435.hostingersite.com\/product\/digital-plate-bearing-test-set\/","url":"https:\/\/darkorchid-cheetah-525435.hostingersite.com\/product\/digital-plate-bearing-test-set\/","name":"Digital Plate Bearing Test Set - YKM TEST","isPartOf":{"@id":"https:\/\/darkorchid-cheetah-525435.hostingersite.com\/#website"},"datePublished":"2025-12-16T09:43:58+00:00","dateModified":"2025-12-16T10:33:40+00:00","description":"Digital Plate Bearing Test Set is used for field plate load testing to measure soil bearing capacity and settlement with digital accuracy.","breadcrumb":{"@id":"https:\/\/darkorchid-cheetah-525435.hostingersite.com\/product\/digital-plate-bearing-test-set\/#breadcrumb"},"inLanguage":"fr-FR","potentialAction":[{"@type":"ReadAction","target":["https:\/\/darkorchid-cheetah-525435.hostingersite.com\/product\/digital-plate-bearing-test-set\/"]}]},{"@type":"BreadcrumbList","@id":"https:\/\/darkorchid-cheetah-525435.hostingersite.com\/product\/digital-plate-bearing-test-set\/#breadcrumb","itemListElement":[{"@type":"ListItem","position":1,"name":"Home","item":"https:\/\/darkorchid-cheetah-525435.hostingersite.com\/"},{"@type":"ListItem","position":2,"name":"\u0422\u043e\u0432\u0430\u0440\u044b","item":"https:\/\/ykmtest.com\/ru\/shop\/"},{"@type":"ListItem","position":3,"name":"Digital Plate Bearing Test Set"}]},{"@type":"WebSite","@id":"https:\/\/darkorchid-cheetah-525435.hostingersite.com\/#website","url":"https:\/\/darkorchid-cheetah-525435.hostingersite.com\/","name":"TEST YKM","description":"","publisher":{"@id":"https:\/\/darkorchid-cheetah-525435.hostingersite.com\/#organization"},"potentialAction":[{"@type":"SearchAction","target":{"@type":"EntryPoint","urlTemplate":"https:\/\/darkorchid-cheetah-525435.hostingersite.com\/?s={search_term_string}"},"query-input":{"@type":"PropertyValueSpecification","valueRequired":true,"valueName":"search_term_string"}}],"inLanguage":"fr-FR"},{"@type":["Organization","Place"],"@id":"https:\/\/darkorchid-cheetah-525435.hostingersite.com\/#organization","name":"TEST YKM","url":"https:\/\/darkorchid-cheetah-525435.hostingersite.com\/","logo":{"@id":"https:\/\/darkorchid-cheetah-525435.hostingersite.com\/product\/digital-plate-bearing-test-set\/#local-main-organization-logo"},"image":{"@id":"https:\/\/darkorchid-cheetah-525435.hostingersite.com\/product\/digital-plate-bearing-test-set\/#local-main-organization-logo"},"telephone":[],"openingHoursSpecification":[{"@type":"OpeningHoursSpecification","dayOfWeek":["Monday","Tuesday","Wednesday","Thursday","Friday","Saturday","Sunday"],"opens":"09:00","closes":"17:00"}]},{"@type":"ImageObject","inLanguage":"fr-FR","@id":"https:\/\/darkorchid-cheetah-525435.hostingersite.com\/product\/digital-plate-bearing-test-set\/#local-main-organization-logo","url":"https:\/\/ykmtest.com\/wp-content\/uploads\/2025\/10\/Asset-2@2x-8.png","contentUrl":"https:\/\/ykmtest.com\/wp-content\/uploads\/2025\/10\/Asset-2@2x-8.png","width":1550,"height":323,"caption":"YKM TEST"}]},"product_price_currency":"USD","og_availability":"instock","product_availability":"instock","product_condition":"new"},"_links":{"self":[{"href":"https:\/\/ykmtest.com\/french\/wp-json\/wp\/v2\/product\/11164","targetHints":{"allow":["GET"]}}],"collection":[{"href":"https:\/\/ykmtest.com\/french\/wp-json\/wp\/v2\/product"}],"about":[{"href":"https:\/\/ykmtest.com\/french\/wp-json\/wp\/v2\/types\/product"}],"version-history":[{"count":1,"href":"https:\/\/ykmtest.com\/french\/wp-json\/wp\/v2\/product\/11164\/revisions"}],"predecessor-version":[{"id":11165,"href":"https:\/\/ykmtest.com\/french\/wp-json\/wp\/v2\/product\/11164\/revisions\/11165"}],"wp:attachment":[{"href":"https:\/\/ykmtest.com\/french\/wp-json\/wp\/v2\/media?parent=11164"}],"wp:term":[{"taxonomy":"product_brand","embeddable":true,"href":"https:\/\/ykmtest.com\/french\/wp-json\/wp\/v2\/product_brand?post=11164"},{"taxonomy":"product_cat","embeddable":true,"href":"https:\/\/ykmtest.com\/french\/wp-json\/wp\/v2\/product_cat?post=11164"},{"taxonomy":"product_tag","embeddable":true,"href":"https:\/\/ykmtest.com\/french\/wp-json\/wp\/v2\/product_tag?post=11164"}],"curies":[{"name":"wp","href":"https:\/\/api.w.org\/{rel}","templated":true}]}}