{"id":11174,"date":"2025-12-16T11:36:57","date_gmt":"2025-12-16T11:36:57","guid":{"rendered":"https:\/\/ykmtest.com\/?post_type=product&#038;p=11174"},"modified":"2025-12-16T11:36:58","modified_gmt":"2025-12-16T11:36:58","slug":"proctor-cbr-marshall-specimen-extruder","status":"publish","type":"product","link":"https:\/\/ykmtest.com\/french\/produit\/proctor-cbr-marshall-specimen-extruder\/","title":{"rendered":"Extrudeuse d'\u00e9chantillons Proctor \/ CBR \/ Marshall"},"content":{"rendered":"<p>L'extrudeuse d'\u00e9chantillons Proctor \/ CBR \/ Marshall permet d'extraire rapidement et en toute s\u00e9curit\u00e9 les \u00e9chantillons rest\u00e9s dans les moules apr\u00e8s les essais. Sa structure en acier rigide, son v\u00e9rin hydraulique de grande capacit\u00e9 et son jeu d'adaptateurs interchangeables compatibles avec diff\u00e9rentes tailles d'\u00e9chantillons assurent un fonctionnement durable et convivial. L'unit\u00e9 fonctionne avec un v\u00e9rin hydraulique m\u00e9canique d'une capacit\u00e9 de 50 kN et est enti\u00e8rement compatible avec les moules Proctor et CBR de 4\u2033 (100 mm) et 6\u2033 (150 mm), ainsi qu'avec les moules \u00e0 m\u00e9lange Marshall. Une large plaque de base et une plate-forme de support r\u00e9glable en hauteur permettent d'utiliser des moules de diff\u00e9rentes tailles. Des kits d'adaptation optionnels permettent d'utiliser des moules de diff\u00e9rentes hauteurs. L'extrudeuse d'\u00e9chantillons Proctor \/ CBR \/ Marshall am\u00e9liore l'efficacit\u00e9 de l'op\u00e9rateur gr\u00e2ce \u00e0 sa conception compacte et \u00e0 sa facilit\u00e9 d'utilisation. Toutes les pi\u00e8ces m\u00e9talliques sont prot\u00e9g\u00e9es par un rev\u00eatement de surface galvanis\u00e9, ce qui minimise les risques de corrosion lors d'une utilisation \u00e0 long terme. Son fonctionnement silencieux, sa configuration ergonomique et son m\u00e9canisme n\u00e9cessitant peu d'entretien en font une solution id\u00e9ale pour les laboratoires d'essais g\u00e9otechniques, de chauss\u00e9es, d'asphalte et de mat\u00e9riaux.<\/p>","protected":false},"excerpt":{"rendered":"<p class=\"p3\"><span lang=\"TR\">L'extrudeuse d'\u00e9chantillons Proctor \/ CBR \/ Marshall est con\u00e7ue pour retirer facilement les \u00e9chantillons de sol et d'asphalte compact\u00e9s des moules Proctor, CBR et Marshall.<\/span><\/p>","protected":false},"featured_media":0,"template":"","meta":{"_acf_changed":false},"product_brand":[],"product_cat":[120,119],"product_tag":[],"class_list":{"0":"post-11174","1":"product","2":"type-product","3":"status-publish","5":"product_cat-sample-preparation","6":"product_cat-soil-lab","9":"instock","10":"shipping-taxable","11":"product-type-simple"},"acf":[],"yoast_head":"<!-- This site is optimized with the Yoast SEO Premium plugin v26.5 (Yoast SEO v27.5) - https:\/\/yoast.com\/product\/yoast-seo-premium-wordpress\/ -->\n<title>Proctor \/ CBR \/ Marshall Specimen Extruder - YKM TEST<\/title>\n<meta name=\"description\" content=\"Proctor \/ CBR \/ Marshall Specimen Extruder allows safe, fast, and efficient extraction of soil and asphalt specimens from standard Proctor, CBR, and Marshall molds.\" \/>\n<meta name=\"robots\" content=\"index, follow, max-snippet:-1, max-image-preview:large, max-video-preview:-1\" \/>\n<link rel=\"canonical\" href=\"https:\/\/darkorchid-cheetah-525435.hostingersite.com\/product\/proctor-cbr-marshall-specimen-extruder\/\" \/>\n<meta property=\"og:locale\" content=\"fr_FR\" \/>\n<meta property=\"og:type\" content=\"article\" \/>\n<meta property=\"og:title\" content=\"Proctor \/ CBR \/ Marshall Specimen Extruder\" \/>\n<meta property=\"og:description\" content=\"Proctor \/ CBR \/ Marshall Specimen Extruder allows safe, fast, and efficient extraction of soil and asphalt specimens from standard Proctor, CBR, and Marshall molds.\" \/>\n<meta property=\"og:url\" content=\"https:\/\/darkorchid-cheetah-525435.hostingersite.com\/product\/proctor-cbr-marshall-specimen-extruder\/\" \/>\n<meta property=\"og:site_name\" content=\"YKM TEST\" \/>\n<meta property=\"article:modified_time\" content=\"2025-12-16T11:36:58+00:00\" \/>\n<meta name=\"twitter:card\" content=\"summary_large_image\" \/>\n<meta name=\"twitter:label1\" content=\"Prix\" \/>\n\t<meta name=\"twitter:data1\" content=\"\" \/>\n\t<meta name=\"twitter:label2\" content=\"Disponibilit\u00e9\" \/>\n\t<meta name=\"twitter:data2\" content=\"En stock\" \/>\n<script type=\"application\/ld+json\" class=\"yoast-schema-graph\">{\"@context\":\"https:\\\/\\\/schema.org\",\"@graph\":[{\"@type\":\"WebPage\",\"@id\":\"https:\\\/\\\/darkorchid-cheetah-525435.hostingersite.com\\\/product\\\/proctor-cbr-marshall-specimen-extruder\\\/\",\"url\":\"https:\\\/\\\/darkorchid-cheetah-525435.hostingersite.com\\\/product\\\/proctor-cbr-marshall-specimen-extruder\\\/\",\"name\":\"Proctor \\\/ CBR \\\/ Marshall Specimen Extruder - YKM TEST\",\"isPartOf\":{\"@id\":\"https:\\\/\\\/darkorchid-cheetah-525435.hostingersite.com\\\/#website\"},\"datePublished\":\"2025-12-16T11:36:57+00:00\",\"dateModified\":\"2025-12-16T11:36:58+00:00\",\"description\":\"Proctor \\\/ CBR \\\/ Marshall Specimen Extruder allows safe, fast, and efficient extraction of soil and asphalt specimens from standard Proctor, CBR, and Marshall molds.\",\"breadcrumb\":{\"@id\":\"https:\\\/\\\/darkorchid-cheetah-525435.hostingersite.com\\\/product\\\/proctor-cbr-marshall-specimen-extruder\\\/#breadcrumb\"},\"inLanguage\":\"fr-FR\",\"potentialAction\":[{\"@type\":\"ReadAction\",\"target\":[\"https:\\\/\\\/darkorchid-cheetah-525435.hostingersite.com\\\/product\\\/proctor-cbr-marshall-specimen-extruder\\\/\"]}]},{\"@type\":\"BreadcrumbList\",\"@id\":\"https:\\\/\\\/darkorchid-cheetah-525435.hostingersite.com\\\/product\\\/proctor-cbr-marshall-specimen-extruder\\\/#breadcrumb\",\"itemListElement\":[{\"@type\":\"ListItem\",\"position\":1,\"name\":\"Home\",\"item\":\"https:\\\/\\\/darkorchid-cheetah-525435.hostingersite.com\\\/\"},{\"@type\":\"ListItem\",\"position\":2,\"name\":\"\u0422\u043e\u0432\u0430\u0440\u044b\",\"item\":\"https:\\\/\\\/ykmtest.com\\\/ru\\\/shop\\\/\"},{\"@type\":\"ListItem\",\"position\":3,\"name\":\"Proctor \\\/ CBR \\\/ Marshall Specimen Extruder\"}]},{\"@type\":\"WebSite\",\"@id\":\"https:\\\/\\\/darkorchid-cheetah-525435.hostingersite.com\\\/#website\",\"url\":\"https:\\\/\\\/darkorchid-cheetah-525435.hostingersite.com\\\/\",\"name\":\"YKM TEST\",\"description\":\"\",\"publisher\":{\"@id\":\"https:\\\/\\\/darkorchid-cheetah-525435.hostingersite.com\\\/#organization\"},\"potentialAction\":[{\"@type\":\"SearchAction\",\"target\":{\"@type\":\"EntryPoint\",\"urlTemplate\":\"https:\\\/\\\/darkorchid-cheetah-525435.hostingersite.com\\\/?s={search_term_string}\"},\"query-input\":{\"@type\":\"PropertyValueSpecification\",\"valueRequired\":true,\"valueName\":\"search_term_string\"}}],\"inLanguage\":\"fr-FR\"},{\"@type\":[\"Organization\",\"Place\"],\"@id\":\"https:\\\/\\\/darkorchid-cheetah-525435.hostingersite.com\\\/#organization\",\"name\":\"YKM TEST\",\"url\":\"https:\\\/\\\/darkorchid-cheetah-525435.hostingersite.com\\\/\",\"logo\":{\"@id\":\"https:\\\/\\\/darkorchid-cheetah-525435.hostingersite.com\\\/product\\\/proctor-cbr-marshall-specimen-extruder\\\/#local-main-organization-logo\"},\"image\":{\"@id\":\"https:\\\/\\\/darkorchid-cheetah-525435.hostingersite.com\\\/product\\\/proctor-cbr-marshall-specimen-extruder\\\/#local-main-organization-logo\"},\"telephone\":[],\"openingHoursSpecification\":[{\"@type\":\"OpeningHoursSpecification\",\"dayOfWeek\":[\"Monday\",\"Tuesday\",\"Wednesday\",\"Thursday\",\"Friday\",\"Saturday\",\"Sunday\"],\"opens\":\"09:00\",\"closes\":\"17:00\"}]},{\"@type\":\"ImageObject\",\"inLanguage\":\"fr-FR\",\"@id\":\"https:\\\/\\\/darkorchid-cheetah-525435.hostingersite.com\\\/product\\\/proctor-cbr-marshall-specimen-extruder\\\/#local-main-organization-logo\",\"url\":\"https:\\\/\\\/ykmtest.com\\\/wp-content\\\/uploads\\\/2025\\\/10\\\/Asset-2@2x-8.png\",\"contentUrl\":\"https:\\\/\\\/ykmtest.com\\\/wp-content\\\/uploads\\\/2025\\\/10\\\/Asset-2@2x-8.png\",\"width\":1550,\"height\":323,\"caption\":\"YKM TEST\"}]}<\/script>\n<meta property=\"product:price:currency\" content=\"USD\" \/>\n<meta property=\"og:availability\" content=\"instock\" \/>\n<meta property=\"product:availability\" content=\"instock\" \/>\n<meta property=\"product:condition\" content=\"new\" \/>\n<!-- \/ Yoast SEO Premium plugin. -->","yoast_head_json":{"title":"Proctor \/ CBR \/ Marshall Specimen Extruder - YKM TEST","description":"Proctor \/ CBR \/ Marshall Specimen Extruder allows safe, fast, and efficient extraction of soil and asphalt specimens from standard Proctor, CBR, and Marshall molds.","robots":{"index":"index","follow":"follow","max-snippet":"max-snippet:-1","max-image-preview":"max-image-preview:large","max-video-preview":"max-video-preview:-1"},"canonical":"https:\/\/darkorchid-cheetah-525435.hostingersite.com\/product\/proctor-cbr-marshall-specimen-extruder\/","og_locale":"fr_FR","og_type":"article","og_title":"Proctor \/ CBR \/ Marshall Specimen Extruder","og_description":"Proctor \/ CBR \/ Marshall Specimen Extruder allows safe, fast, and efficient extraction of soil and asphalt specimens from standard Proctor, CBR, and Marshall molds.","og_url":"https:\/\/darkorchid-cheetah-525435.hostingersite.com\/product\/proctor-cbr-marshall-specimen-extruder\/","og_site_name":"YKM TEST","article_modified_time":"2025-12-16T11:36:58+00:00","twitter_card":"summary_large_image","twitter_misc":{"Prix":"","Disponibilit\u00e9":"En stock"},"schema":{"@context":"https:\/\/schema.org","@graph":[{"@type":"WebPage","@id":"https:\/\/darkorchid-cheetah-525435.hostingersite.com\/product\/proctor-cbr-marshall-specimen-extruder\/","url":"https:\/\/darkorchid-cheetah-525435.hostingersite.com\/product\/proctor-cbr-marshall-specimen-extruder\/","name":"Proctor \/ CBR \/ Marshall Specimen Extruder - YKM TEST","isPartOf":{"@id":"https:\/\/darkorchid-cheetah-525435.hostingersite.com\/#website"},"datePublished":"2025-12-16T11:36:57+00:00","dateModified":"2025-12-16T11:36:58+00:00","description":"Proctor \/ CBR \/ Marshall Specimen Extruder allows safe, fast, and efficient extraction of soil and asphalt specimens from standard Proctor, CBR, and Marshall molds.","breadcrumb":{"@id":"https:\/\/darkorchid-cheetah-525435.hostingersite.com\/product\/proctor-cbr-marshall-specimen-extruder\/#breadcrumb"},"inLanguage":"fr-FR","potentialAction":[{"@type":"ReadAction","target":["https:\/\/darkorchid-cheetah-525435.hostingersite.com\/product\/proctor-cbr-marshall-specimen-extruder\/"]}]},{"@type":"BreadcrumbList","@id":"https:\/\/darkorchid-cheetah-525435.hostingersite.com\/product\/proctor-cbr-marshall-specimen-extruder\/#breadcrumb","itemListElement":[{"@type":"ListItem","position":1,"name":"Home","item":"https:\/\/darkorchid-cheetah-525435.hostingersite.com\/"},{"@type":"ListItem","position":2,"name":"\u0422\u043e\u0432\u0430\u0440\u044b","item":"https:\/\/ykmtest.com\/ru\/shop\/"},{"@type":"ListItem","position":3,"name":"Proctor \/ CBR \/ Marshall Specimen Extruder"}]},{"@type":"WebSite","@id":"https:\/\/darkorchid-cheetah-525435.hostingersite.com\/#website","url":"https:\/\/darkorchid-cheetah-525435.hostingersite.com\/","name":"TEST YKM","description":"","publisher":{"@id":"https:\/\/darkorchid-cheetah-525435.hostingersite.com\/#organization"},"potentialAction":[{"@type":"SearchAction","target":{"@type":"EntryPoint","urlTemplate":"https:\/\/darkorchid-cheetah-525435.hostingersite.com\/?s={search_term_string}"},"query-input":{"@type":"PropertyValueSpecification","valueRequired":true,"valueName":"search_term_string"}}],"inLanguage":"fr-FR"},{"@type":["Organization","Place"],"@id":"https:\/\/darkorchid-cheetah-525435.hostingersite.com\/#organization","name":"TEST YKM","url":"https:\/\/darkorchid-cheetah-525435.hostingersite.com\/","logo":{"@id":"https:\/\/darkorchid-cheetah-525435.hostingersite.com\/product\/proctor-cbr-marshall-specimen-extruder\/#local-main-organization-logo"},"image":{"@id":"https:\/\/darkorchid-cheetah-525435.hostingersite.com\/product\/proctor-cbr-marshall-specimen-extruder\/#local-main-organization-logo"},"telephone":[],"openingHoursSpecification":[{"@type":"OpeningHoursSpecification","dayOfWeek":["Monday","Tuesday","Wednesday","Thursday","Friday","Saturday","Sunday"],"opens":"09:00","closes":"17:00"}]},{"@type":"ImageObject","inLanguage":"fr-FR","@id":"https:\/\/darkorchid-cheetah-525435.hostingersite.com\/product\/proctor-cbr-marshall-specimen-extruder\/#local-main-organization-logo","url":"https:\/\/ykmtest.com\/wp-content\/uploads\/2025\/10\/Asset-2@2x-8.png","contentUrl":"https:\/\/ykmtest.com\/wp-content\/uploads\/2025\/10\/Asset-2@2x-8.png","width":1550,"height":323,"caption":"YKM TEST"}]},"product_price_currency":"USD","og_availability":"instock","product_availability":"instock","product_condition":"new"},"_links":{"self":[{"href":"https:\/\/ykmtest.com\/french\/wp-json\/wp\/v2\/product\/11174","targetHints":{"allow":["GET"]}}],"collection":[{"href":"https:\/\/ykmtest.com\/french\/wp-json\/wp\/v2\/product"}],"about":[{"href":"https:\/\/ykmtest.com\/french\/wp-json\/wp\/v2\/types\/product"}],"version-history":[{"count":1,"href":"https:\/\/ykmtest.com\/french\/wp-json\/wp\/v2\/product\/11174\/revisions"}],"predecessor-version":[{"id":11175,"href":"https:\/\/ykmtest.com\/french\/wp-json\/wp\/v2\/product\/11174\/revisions\/11175"}],"wp:attachment":[{"href":"https:\/\/ykmtest.com\/french\/wp-json\/wp\/v2\/media?parent=11174"}],"wp:term":[{"taxonomy":"product_brand","embeddable":true,"href":"https:\/\/ykmtest.com\/french\/wp-json\/wp\/v2\/product_brand?post=11174"},{"taxonomy":"product_cat","embeddable":true,"href":"https:\/\/ykmtest.com\/french\/wp-json\/wp\/v2\/product_cat?post=11174"},{"taxonomy":"product_tag","embeddable":true,"href":"https:\/\/ykmtest.com\/french\/wp-json\/wp\/v2\/product_tag?post=11174"}],"curies":[{"name":"wp","href":"https:\/\/api.w.org\/{rel}","templated":true}]}}