{"id":11198,"date":"2025-12-17T08:32:49","date_gmt":"2025-12-17T08:32:49","guid":{"rendered":"https:\/\/ykmtest.com\/?post_type=product&#038;p=11198"},"modified":"2025-12-17T08:32:50","modified_gmt":"2025-12-17T08:32:50","slug":"linear-shrinkage-mould","status":"publish","type":"product","link":"https:\/\/ykmtest.com\/french\/produit\/linear-shrinkage-mould\/","title":{"rendered":"Moule \u00e0 r\u00e9tr\u00e9cissement lin\u00e9aire"},"content":{"rendered":"<p>Le moule de r\u00e9traction lin\u00e9aire est dot\u00e9 d'un corps rigide, d'une finition de surface lisse et d'une g\u00e9om\u00e9trie interne \u00e9troitement contr\u00f4l\u00e9e. Il garantit la pr\u00e9cision dimensionnelle lors de la mise en place de l'\u00e9chantillon et la pr\u00e9servation de la forme avant le s\u00e9chage. Le corps du moule est fabriqu\u00e9 en laiton r\u00e9sistant \u00e0 la corrosion ; son auge \u00e0 section droite est usin\u00e9e pour maintenir une largeur et une profondeur constantes sur toute sa longueur.<\/p>","protected":false},"excerpt":{"rendered":"<p>Le moule de retrait lin\u00e9aire est un moule usin\u00e9 avec pr\u00e9cision con\u00e7u pour former des \u00e9chantillons de sol \u00e0 grain fin en une section transversale uniforme afin d'\u00e9valuer le comportement du retrait lin\u00e9aire.<\/p>","protected":false},"featured_media":0,"template":"","meta":{"_acf_changed":false},"product_brand":[],"product_cat":[121,119],"product_tag":[],"class_list":{"0":"post-11198","1":"product","2":"type-product","3":"status-publish","5":"product_cat-atterberg-limits-particle-size-analysis","6":"product_cat-soil-lab","9":"instock","10":"shipping-taxable","11":"product-type-simple"},"acf":[],"yoast_head":"<!-- This site is optimized with the Yoast SEO Premium plugin v26.5 (Yoast SEO v26.5) - https:\/\/yoast.com\/wordpress\/plugins\/seo\/ -->\n<title>Linear Shrinkage Mould - YKM TEST<\/title>\n<meta name=\"description\" content=\"Linear Shrinkage Mould is a precision-machined brass mould used to form soil specimens for accurate evaluation of linear shrinkage behavior.\" \/>\n<meta name=\"robots\" content=\"index, follow, max-snippet:-1, max-image-preview:large, max-video-preview:-1\" \/>\n<link rel=\"canonical\" href=\"https:\/\/darkorchid-cheetah-525435.hostingersite.com\/product\/linear-shrinkage-mould\/\" \/>\n<meta property=\"og:locale\" content=\"fr_FR\" \/>\n<meta property=\"og:type\" content=\"article\" \/>\n<meta property=\"og:title\" content=\"Linear Shrinkage Mould\" \/>\n<meta property=\"og:description\" content=\"Linear Shrinkage Mould is a precision-machined brass mould used to form soil specimens for accurate evaluation of linear shrinkage behavior.\" \/>\n<meta property=\"og:url\" content=\"https:\/\/darkorchid-cheetah-525435.hostingersite.com\/product\/linear-shrinkage-mould\/\" \/>\n<meta property=\"og:site_name\" content=\"YKM TEST\" \/>\n<meta property=\"article:modified_time\" content=\"2025-12-17T08:32:50+00:00\" \/>\n<meta name=\"twitter:card\" content=\"summary_large_image\" \/>\n<meta name=\"twitter:label1\" content=\"Prix\" \/>\n\t<meta name=\"twitter:data1\" content=\"\" \/>\n\t<meta name=\"twitter:label2\" content=\"Disponibilit\u00e9\" \/>\n\t<meta name=\"twitter:data2\" content=\"En stock\" \/>\n<script type=\"application\/ld+json\" class=\"yoast-schema-graph\">{\"@context\":\"https:\/\/schema.org\",\"@graph\":[{\"@type\":\"WebPage\",\"@id\":\"https:\/\/darkorchid-cheetah-525435.hostingersite.com\/product\/linear-shrinkage-mould\/\",\"url\":\"https:\/\/darkorchid-cheetah-525435.hostingersite.com\/product\/linear-shrinkage-mould\/\",\"name\":\"Linear Shrinkage Mould - YKM TEST\",\"isPartOf\":{\"@id\":\"https:\/\/darkorchid-cheetah-525435.hostingersite.com\/#website\"},\"datePublished\":\"2025-12-17T08:32:49+00:00\",\"dateModified\":\"2025-12-17T08:32:50+00:00\",\"description\":\"Linear Shrinkage Mould is a precision-machined brass mould used to form soil specimens for accurate evaluation of linear shrinkage behavior.\",\"breadcrumb\":{\"@id\":\"https:\/\/darkorchid-cheetah-525435.hostingersite.com\/product\/linear-shrinkage-mould\/#breadcrumb\"},\"inLanguage\":\"fr-FR\",\"potentialAction\":[{\"@type\":\"ReadAction\",\"target\":[\"https:\/\/darkorchid-cheetah-525435.hostingersite.com\/product\/linear-shrinkage-mould\/\"]}]},{\"@type\":\"BreadcrumbList\",\"@id\":\"https:\/\/darkorchid-cheetah-525435.hostingersite.com\/product\/linear-shrinkage-mould\/#breadcrumb\",\"itemListElement\":[{\"@type\":\"ListItem\",\"position\":1,\"name\":\"Home\",\"item\":\"https:\/\/darkorchid-cheetah-525435.hostingersite.com\/\"},{\"@type\":\"ListItem\",\"position\":2,\"name\":\"\u0422\u043e\u0432\u0430\u0440\u044b\",\"item\":\"https:\/\/ykmtest.com\/ru\/shop\/\"},{\"@type\":\"ListItem\",\"position\":3,\"name\":\"Linear Shrinkage Mould\"}]},{\"@type\":\"WebSite\",\"@id\":\"https:\/\/darkorchid-cheetah-525435.hostingersite.com\/#website\",\"url\":\"https:\/\/darkorchid-cheetah-525435.hostingersite.com\/\",\"name\":\"YKM TEST\",\"description\":\"\",\"publisher\":{\"@id\":\"https:\/\/darkorchid-cheetah-525435.hostingersite.com\/#organization\"},\"potentialAction\":[{\"@type\":\"SearchAction\",\"target\":{\"@type\":\"EntryPoint\",\"urlTemplate\":\"https:\/\/darkorchid-cheetah-525435.hostingersite.com\/?s={search_term_string}\"},\"query-input\":{\"@type\":\"PropertyValueSpecification\",\"valueRequired\":true,\"valueName\":\"search_term_string\"}}],\"inLanguage\":\"fr-FR\"},{\"@type\":[\"Organization\",\"Place\"],\"@id\":\"https:\/\/darkorchid-cheetah-525435.hostingersite.com\/#organization\",\"name\":\"YKM TEST\",\"url\":\"https:\/\/darkorchid-cheetah-525435.hostingersite.com\/\",\"logo\":{\"@id\":\"https:\/\/darkorchid-cheetah-525435.hostingersite.com\/product\/linear-shrinkage-mould\/#local-main-organization-logo\"},\"image\":{\"@id\":\"https:\/\/darkorchid-cheetah-525435.hostingersite.com\/product\/linear-shrinkage-mould\/#local-main-organization-logo\"},\"telephone\":[],\"openingHoursSpecification\":[{\"@type\":\"OpeningHoursSpecification\",\"dayOfWeek\":[\"Monday\",\"Tuesday\",\"Wednesday\",\"Thursday\",\"Friday\",\"Saturday\",\"Sunday\"],\"opens\":\"09:00\",\"closes\":\"17:00\"}]},{\"@type\":\"ImageObject\",\"inLanguage\":\"fr-FR\",\"@id\":\"https:\/\/darkorchid-cheetah-525435.hostingersite.com\/product\/linear-shrinkage-mould\/#local-main-organization-logo\",\"url\":\"https:\/\/ykmtest.com\/wp-content\/uploads\/2025\/10\/Asset-2@2x-8.png\",\"contentUrl\":\"https:\/\/ykmtest.com\/wp-content\/uploads\/2025\/10\/Asset-2@2x-8.png\",\"width\":1550,\"height\":323,\"caption\":\"YKM TEST\"}]}<\/script>\n<meta property=\"product:price:currency\" content=\"USD\" \/>\n<meta property=\"og:availability\" content=\"instock\" \/>\n<meta property=\"product:availability\" content=\"instock\" \/>\n<meta property=\"product:condition\" content=\"new\" \/>\n<!-- \/ Yoast SEO Premium plugin. -->","yoast_head_json":{"title":"Linear Shrinkage Mould - YKM TEST","description":"Linear Shrinkage Mould is a precision-machined brass mould used to form soil specimens for accurate evaluation of linear shrinkage behavior.","robots":{"index":"index","follow":"follow","max-snippet":"max-snippet:-1","max-image-preview":"max-image-preview:large","max-video-preview":"max-video-preview:-1"},"canonical":"https:\/\/darkorchid-cheetah-525435.hostingersite.com\/product\/linear-shrinkage-mould\/","og_locale":"fr_FR","og_type":"article","og_title":"Linear Shrinkage Mould","og_description":"Linear Shrinkage Mould is a precision-machined brass mould used to form soil specimens for accurate evaluation of linear shrinkage behavior.","og_url":"https:\/\/darkorchid-cheetah-525435.hostingersite.com\/product\/linear-shrinkage-mould\/","og_site_name":"YKM TEST","article_modified_time":"2025-12-17T08:32:50+00:00","twitter_card":"summary_large_image","twitter_misc":{"Prix":"","Disponibilit\u00e9":"En stock"},"schema":{"@context":"https:\/\/schema.org","@graph":[{"@type":"WebPage","@id":"https:\/\/darkorchid-cheetah-525435.hostingersite.com\/product\/linear-shrinkage-mould\/","url":"https:\/\/darkorchid-cheetah-525435.hostingersite.com\/product\/linear-shrinkage-mould\/","name":"Linear Shrinkage Mould - YKM TEST","isPartOf":{"@id":"https:\/\/darkorchid-cheetah-525435.hostingersite.com\/#website"},"datePublished":"2025-12-17T08:32:49+00:00","dateModified":"2025-12-17T08:32:50+00:00","description":"Linear Shrinkage Mould is a precision-machined brass mould used to form soil specimens for accurate evaluation of linear shrinkage behavior.","breadcrumb":{"@id":"https:\/\/darkorchid-cheetah-525435.hostingersite.com\/product\/linear-shrinkage-mould\/#breadcrumb"},"inLanguage":"fr-FR","potentialAction":[{"@type":"ReadAction","target":["https:\/\/darkorchid-cheetah-525435.hostingersite.com\/product\/linear-shrinkage-mould\/"]}]},{"@type":"BreadcrumbList","@id":"https:\/\/darkorchid-cheetah-525435.hostingersite.com\/product\/linear-shrinkage-mould\/#breadcrumb","itemListElement":[{"@type":"ListItem","position":1,"name":"Home","item":"https:\/\/darkorchid-cheetah-525435.hostingersite.com\/"},{"@type":"ListItem","position":2,"name":"\u0422\u043e\u0432\u0430\u0440\u044b","item":"https:\/\/ykmtest.com\/ru\/shop\/"},{"@type":"ListItem","position":3,"name":"Linear Shrinkage Mould"}]},{"@type":"WebSite","@id":"https:\/\/darkorchid-cheetah-525435.hostingersite.com\/#website","url":"https:\/\/darkorchid-cheetah-525435.hostingersite.com\/","name":"TEST YKM","description":"","publisher":{"@id":"https:\/\/darkorchid-cheetah-525435.hostingersite.com\/#organization"},"potentialAction":[{"@type":"SearchAction","target":{"@type":"EntryPoint","urlTemplate":"https:\/\/darkorchid-cheetah-525435.hostingersite.com\/?s={search_term_string}"},"query-input":{"@type":"PropertyValueSpecification","valueRequired":true,"valueName":"search_term_string"}}],"inLanguage":"fr-FR"},{"@type":["Organization","Place"],"@id":"https:\/\/darkorchid-cheetah-525435.hostingersite.com\/#organization","name":"TEST YKM","url":"https:\/\/darkorchid-cheetah-525435.hostingersite.com\/","logo":{"@id":"https:\/\/darkorchid-cheetah-525435.hostingersite.com\/product\/linear-shrinkage-mould\/#local-main-organization-logo"},"image":{"@id":"https:\/\/darkorchid-cheetah-525435.hostingersite.com\/product\/linear-shrinkage-mould\/#local-main-organization-logo"},"telephone":[],"openingHoursSpecification":[{"@type":"OpeningHoursSpecification","dayOfWeek":["Monday","Tuesday","Wednesday","Thursday","Friday","Saturday","Sunday"],"opens":"09:00","closes":"17:00"}]},{"@type":"ImageObject","inLanguage":"fr-FR","@id":"https:\/\/darkorchid-cheetah-525435.hostingersite.com\/product\/linear-shrinkage-mould\/#local-main-organization-logo","url":"https:\/\/ykmtest.com\/wp-content\/uploads\/2025\/10\/Asset-2@2x-8.png","contentUrl":"https:\/\/ykmtest.com\/wp-content\/uploads\/2025\/10\/Asset-2@2x-8.png","width":1550,"height":323,"caption":"YKM TEST"}]},"product_price_currency":"USD","og_availability":"instock","product_availability":"instock","product_condition":"new"},"_links":{"self":[{"href":"https:\/\/ykmtest.com\/french\/wp-json\/wp\/v2\/product\/11198","targetHints":{"allow":["GET"]}}],"collection":[{"href":"https:\/\/ykmtest.com\/french\/wp-json\/wp\/v2\/product"}],"about":[{"href":"https:\/\/ykmtest.com\/french\/wp-json\/wp\/v2\/types\/product"}],"version-history":[{"count":1,"href":"https:\/\/ykmtest.com\/french\/wp-json\/wp\/v2\/product\/11198\/revisions"}],"predecessor-version":[{"id":11199,"href":"https:\/\/ykmtest.com\/french\/wp-json\/wp\/v2\/product\/11198\/revisions\/11199"}],"wp:attachment":[{"href":"https:\/\/ykmtest.com\/french\/wp-json\/wp\/v2\/media?parent=11198"}],"wp:term":[{"taxonomy":"product_brand","embeddable":true,"href":"https:\/\/ykmtest.com\/french\/wp-json\/wp\/v2\/product_brand?post=11198"},{"taxonomy":"product_cat","embeddable":true,"href":"https:\/\/ykmtest.com\/french\/wp-json\/wp\/v2\/product_cat?post=11198"},{"taxonomy":"product_tag","embeddable":true,"href":"https:\/\/ykmtest.com\/french\/wp-json\/wp\/v2\/product_tag?post=11198"}],"curies":[{"name":"wp","href":"https:\/\/api.w.org\/{rel}","templated":true}]}}