{"id":11213,"date":"2025-12-17T12:05:36","date_gmt":"2025-12-17T12:05:36","guid":{"rendered":"https:\/\/ykmtest.com\/?post_type=product&#038;p=11213"},"modified":"2025-12-17T12:05:37","modified_gmt":"2025-12-17T12:05:37","slug":"dead-weight-consolidation-machine-oedometer","status":"publish","type":"product","link":"https:\/\/ykmtest.com\/french\/produit\/dead-weight-consolidation-machine-oedometer\/","title":{"rendered":"Machine de consolidation \u00e0 poids mort (\u0153dom\u00e8tre)"},"content":{"rendered":"<p>La machine de consolidation du poids mort (Oedometer) est utilis\u00e9e pour d\u00e9terminer le potentiel de tassement, le coefficient de consolidation (cv), le coefficient de compressibilit\u00e9 (mv) et les indices de compression (Cc, Cr). Fonctionnant selon les principes classiques de l'oedom\u00e8tre, le syst\u00e8me contraint l'\u00e9chantillon lat\u00e9ralement, n'autorisant la d\u00e9formation que dans la direction verticale. La charge verticale est appliqu\u00e9e par un syst\u00e8me pr\u00e9cis de bras de levier utilisant des poids morts plac\u00e9s sur la poutre de chargement. Un m\u00e9canisme de verrouillage assure un positionnement s\u00fbr lors des changements de poids. Cette m\u00e9thode permet un transfert de charge constant et lin\u00e9aire \u00e0 l'\u00e9chantillon au fil du temps. Au c\u0153ur de l'appareil se trouve la cellule de consolidation plac\u00e9e sur un cadre r\u00e9sistant aux vibrations. La cellule comprend un anneau d'\u00e9chantillonnage en acier inoxydable avec des surfaces rectifi\u00e9es, des pierres poreuses sup\u00e9rieures et inf\u00e9rieures, un coussin de charge pour une distribution uniforme de la pression et un r\u00e9servoir d'eau pour maintenir une saturation compl\u00e8te. Le syst\u00e8me de levier assure une application contr\u00f4l\u00e9e des poids et un avantage m\u00e9canique constant \u00e0 chaque \u00e9tape du chargement. Le verrouillage du levier assure un positionnement s\u00fbr lors des changements de charge. Pendant les essais, les mesures de d\u00e9formation sont utilis\u00e9es pour g\u00e9n\u00e9rer des courbes de consolidation (log t - \u0394H). Ces courbes permettent de calculer cv, mv, av, Cc et Cr. Ces param\u00e8tres sont utilis\u00e9s pour estimer la dur\u00e9e et l'ampleur du tassement du sol. Les mesures de d\u00e9formation peuvent \u00eatre effectu\u00e9es \u00e0 l'aide de comparateurs analogiques ou de capteurs de d\u00e9placement num\u00e9riques.<\/p>","protected":false},"excerpt":{"rendered":"<p class=\"p3\"><span lang=\"TR\">La machine de consolidation du poids mort (Oedometer) est un syst\u00e8me d'essai de haute pr\u00e9cision con\u00e7u pour \u00e9valuer la compression unidimensionnelle et le comportement de consolidation des \u00e9chantillons de sol \u00e0 grain fin en laboratoire.<\/span><\/p>","protected":false},"featured_media":0,"template":"","meta":{"_acf_changed":false},"product_brand":[],"product_cat":[122,119],"product_tag":[],"class_list":{"0":"post-11213","1":"product","2":"type-product","3":"status-publish","5":"product_cat-soil-consolidation-testing","6":"product_cat-soil-lab","9":"instock","10":"shipping-taxable","11":"product-type-simple"},"acf":[],"yoast_head":"<!-- This site is optimized with the Yoast SEO Premium plugin v26.5 (Yoast SEO v27.5) - https:\/\/yoast.com\/product\/yoast-seo-premium-wordpress\/ -->\n<title>Dead-Weight Consolidation Machine (Oedometer) - YKM TEST<\/title>\n<meta name=\"description\" content=\"Dead-Weight Consolidation Machine (Oedometer) is used to determine one-dimensional consolidation and settlement behavior of soils.\" \/>\n<meta name=\"robots\" content=\"index, follow, max-snippet:-1, max-image-preview:large, max-video-preview:-1\" \/>\n<link rel=\"canonical\" href=\"https:\/\/darkorchid-cheetah-525435.hostingersite.com\/product\/dead-weight-consolidation-machine-oedometer\/\" \/>\n<meta property=\"og:locale\" content=\"fr_FR\" \/>\n<meta property=\"og:type\" content=\"article\" \/>\n<meta property=\"og:title\" content=\"Dead-Weight Consolidation Machine (Oedometer)\" \/>\n<meta property=\"og:description\" content=\"Dead-Weight Consolidation Machine (Oedometer) is used to determine one-dimensional consolidation and settlement behavior of soils.\" \/>\n<meta property=\"og:url\" content=\"https:\/\/darkorchid-cheetah-525435.hostingersite.com\/product\/dead-weight-consolidation-machine-oedometer\/\" \/>\n<meta property=\"og:site_name\" content=\"YKM TEST\" \/>\n<meta property=\"article:modified_time\" content=\"2025-12-17T12:05:37+00:00\" \/>\n<meta name=\"twitter:card\" content=\"summary_large_image\" \/>\n<meta name=\"twitter:label1\" content=\"Prix\" \/>\n\t<meta name=\"twitter:data1\" content=\"\" \/>\n\t<meta name=\"twitter:label2\" content=\"Disponibilit\u00e9\" \/>\n\t<meta name=\"twitter:data2\" content=\"En stock\" \/>\n<script type=\"application\/ld+json\" class=\"yoast-schema-graph\">{\"@context\":\"https:\\\/\\\/schema.org\",\"@graph\":[{\"@type\":\"WebPage\",\"@id\":\"https:\\\/\\\/darkorchid-cheetah-525435.hostingersite.com\\\/product\\\/dead-weight-consolidation-machine-oedometer\\\/\",\"url\":\"https:\\\/\\\/darkorchid-cheetah-525435.hostingersite.com\\\/product\\\/dead-weight-consolidation-machine-oedometer\\\/\",\"name\":\"Dead-Weight Consolidation Machine (Oedometer) - YKM TEST\",\"isPartOf\":{\"@id\":\"https:\\\/\\\/darkorchid-cheetah-525435.hostingersite.com\\\/#website\"},\"datePublished\":\"2025-12-17T12:05:36+00:00\",\"dateModified\":\"2025-12-17T12:05:37+00:00\",\"description\":\"Dead-Weight Consolidation Machine (Oedometer) is used to determine one-dimensional consolidation and settlement behavior of soils.\",\"breadcrumb\":{\"@id\":\"https:\\\/\\\/darkorchid-cheetah-525435.hostingersite.com\\\/product\\\/dead-weight-consolidation-machine-oedometer\\\/#breadcrumb\"},\"inLanguage\":\"fr-FR\",\"potentialAction\":[{\"@type\":\"ReadAction\",\"target\":[\"https:\\\/\\\/darkorchid-cheetah-525435.hostingersite.com\\\/product\\\/dead-weight-consolidation-machine-oedometer\\\/\"]}]},{\"@type\":\"BreadcrumbList\",\"@id\":\"https:\\\/\\\/darkorchid-cheetah-525435.hostingersite.com\\\/product\\\/dead-weight-consolidation-machine-oedometer\\\/#breadcrumb\",\"itemListElement\":[{\"@type\":\"ListItem\",\"position\":1,\"name\":\"Home\",\"item\":\"https:\\\/\\\/darkorchid-cheetah-525435.hostingersite.com\\\/\"},{\"@type\":\"ListItem\",\"position\":2,\"name\":\"\u0422\u043e\u0432\u0430\u0440\u044b\",\"item\":\"https:\\\/\\\/ykmtest.com\\\/ru\\\/shop\\\/\"},{\"@type\":\"ListItem\",\"position\":3,\"name\":\"Dead-Weight Consolidation Machine (Oedometer)\"}]},{\"@type\":\"WebSite\",\"@id\":\"https:\\\/\\\/darkorchid-cheetah-525435.hostingersite.com\\\/#website\",\"url\":\"https:\\\/\\\/darkorchid-cheetah-525435.hostingersite.com\\\/\",\"name\":\"YKM TEST\",\"description\":\"\",\"publisher\":{\"@id\":\"https:\\\/\\\/darkorchid-cheetah-525435.hostingersite.com\\\/#organization\"},\"potentialAction\":[{\"@type\":\"SearchAction\",\"target\":{\"@type\":\"EntryPoint\",\"urlTemplate\":\"https:\\\/\\\/darkorchid-cheetah-525435.hostingersite.com\\\/?s={search_term_string}\"},\"query-input\":{\"@type\":\"PropertyValueSpecification\",\"valueRequired\":true,\"valueName\":\"search_term_string\"}}],\"inLanguage\":\"fr-FR\"},{\"@type\":[\"Organization\",\"Place\"],\"@id\":\"https:\\\/\\\/darkorchid-cheetah-525435.hostingersite.com\\\/#organization\",\"name\":\"YKM TEST\",\"url\":\"https:\\\/\\\/darkorchid-cheetah-525435.hostingersite.com\\\/\",\"logo\":{\"@id\":\"https:\\\/\\\/darkorchid-cheetah-525435.hostingersite.com\\\/product\\\/dead-weight-consolidation-machine-oedometer\\\/#local-main-organization-logo\"},\"image\":{\"@id\":\"https:\\\/\\\/darkorchid-cheetah-525435.hostingersite.com\\\/product\\\/dead-weight-consolidation-machine-oedometer\\\/#local-main-organization-logo\"},\"telephone\":[],\"openingHoursSpecification\":[{\"@type\":\"OpeningHoursSpecification\",\"dayOfWeek\":[\"Monday\",\"Tuesday\",\"Wednesday\",\"Thursday\",\"Friday\",\"Saturday\",\"Sunday\"],\"opens\":\"09:00\",\"closes\":\"17:00\"}]},{\"@type\":\"ImageObject\",\"inLanguage\":\"fr-FR\",\"@id\":\"https:\\\/\\\/darkorchid-cheetah-525435.hostingersite.com\\\/product\\\/dead-weight-consolidation-machine-oedometer\\\/#local-main-organization-logo\",\"url\":\"https:\\\/\\\/ykmtest.com\\\/wp-content\\\/uploads\\\/2025\\\/10\\\/Asset-2@2x-8.png\",\"contentUrl\":\"https:\\\/\\\/ykmtest.com\\\/wp-content\\\/uploads\\\/2025\\\/10\\\/Asset-2@2x-8.png\",\"width\":1550,\"height\":323,\"caption\":\"YKM TEST\"}]}<\/script>\n<meta property=\"product:price:currency\" content=\"USD\" \/>\n<meta property=\"og:availability\" content=\"instock\" \/>\n<meta property=\"product:availability\" content=\"instock\" \/>\n<meta property=\"product:condition\" content=\"new\" \/>\n<!-- \/ Yoast SEO Premium plugin. -->","yoast_head_json":{"title":"Dead-Weight Consolidation Machine (Oedometer) - YKM TEST","description":"Dead-Weight Consolidation Machine (Oedometer) is used to determine one-dimensional consolidation and settlement behavior of soils.","robots":{"index":"index","follow":"follow","max-snippet":"max-snippet:-1","max-image-preview":"max-image-preview:large","max-video-preview":"max-video-preview:-1"},"canonical":"https:\/\/darkorchid-cheetah-525435.hostingersite.com\/product\/dead-weight-consolidation-machine-oedometer\/","og_locale":"fr_FR","og_type":"article","og_title":"Dead-Weight Consolidation Machine (Oedometer)","og_description":"Dead-Weight Consolidation Machine (Oedometer) is used to determine one-dimensional consolidation and settlement behavior of soils.","og_url":"https:\/\/darkorchid-cheetah-525435.hostingersite.com\/product\/dead-weight-consolidation-machine-oedometer\/","og_site_name":"YKM TEST","article_modified_time":"2025-12-17T12:05:37+00:00","twitter_card":"summary_large_image","twitter_misc":{"Prix":"","Disponibilit\u00e9":"En stock"},"schema":{"@context":"https:\/\/schema.org","@graph":[{"@type":"WebPage","@id":"https:\/\/darkorchid-cheetah-525435.hostingersite.com\/product\/dead-weight-consolidation-machine-oedometer\/","url":"https:\/\/darkorchid-cheetah-525435.hostingersite.com\/product\/dead-weight-consolidation-machine-oedometer\/","name":"Dead-Weight Consolidation Machine (Oedometer) - YKM TEST","isPartOf":{"@id":"https:\/\/darkorchid-cheetah-525435.hostingersite.com\/#website"},"datePublished":"2025-12-17T12:05:36+00:00","dateModified":"2025-12-17T12:05:37+00:00","description":"Dead-Weight Consolidation Machine (Oedometer) is used to determine one-dimensional consolidation and settlement behavior of soils.","breadcrumb":{"@id":"https:\/\/darkorchid-cheetah-525435.hostingersite.com\/product\/dead-weight-consolidation-machine-oedometer\/#breadcrumb"},"inLanguage":"fr-FR","potentialAction":[{"@type":"ReadAction","target":["https:\/\/darkorchid-cheetah-525435.hostingersite.com\/product\/dead-weight-consolidation-machine-oedometer\/"]}]},{"@type":"BreadcrumbList","@id":"https:\/\/darkorchid-cheetah-525435.hostingersite.com\/product\/dead-weight-consolidation-machine-oedometer\/#breadcrumb","itemListElement":[{"@type":"ListItem","position":1,"name":"Home","item":"https:\/\/darkorchid-cheetah-525435.hostingersite.com\/"},{"@type":"ListItem","position":2,"name":"\u0422\u043e\u0432\u0430\u0440\u044b","item":"https:\/\/ykmtest.com\/ru\/shop\/"},{"@type":"ListItem","position":3,"name":"Dead-Weight Consolidation Machine (Oedometer)"}]},{"@type":"WebSite","@id":"https:\/\/darkorchid-cheetah-525435.hostingersite.com\/#website","url":"https:\/\/darkorchid-cheetah-525435.hostingersite.com\/","name":"TEST YKM","description":"","publisher":{"@id":"https:\/\/darkorchid-cheetah-525435.hostingersite.com\/#organization"},"potentialAction":[{"@type":"SearchAction","target":{"@type":"EntryPoint","urlTemplate":"https:\/\/darkorchid-cheetah-525435.hostingersite.com\/?s={search_term_string}"},"query-input":{"@type":"PropertyValueSpecification","valueRequired":true,"valueName":"search_term_string"}}],"inLanguage":"fr-FR"},{"@type":["Organization","Place"],"@id":"https:\/\/darkorchid-cheetah-525435.hostingersite.com\/#organization","name":"TEST YKM","url":"https:\/\/darkorchid-cheetah-525435.hostingersite.com\/","logo":{"@id":"https:\/\/darkorchid-cheetah-525435.hostingersite.com\/product\/dead-weight-consolidation-machine-oedometer\/#local-main-organization-logo"},"image":{"@id":"https:\/\/darkorchid-cheetah-525435.hostingersite.com\/product\/dead-weight-consolidation-machine-oedometer\/#local-main-organization-logo"},"telephone":[],"openingHoursSpecification":[{"@type":"OpeningHoursSpecification","dayOfWeek":["Monday","Tuesday","Wednesday","Thursday","Friday","Saturday","Sunday"],"opens":"09:00","closes":"17:00"}]},{"@type":"ImageObject","inLanguage":"fr-FR","@id":"https:\/\/darkorchid-cheetah-525435.hostingersite.com\/product\/dead-weight-consolidation-machine-oedometer\/#local-main-organization-logo","url":"https:\/\/ykmtest.com\/wp-content\/uploads\/2025\/10\/Asset-2@2x-8.png","contentUrl":"https:\/\/ykmtest.com\/wp-content\/uploads\/2025\/10\/Asset-2@2x-8.png","width":1550,"height":323,"caption":"YKM TEST"}]},"product_price_currency":"USD","og_availability":"instock","product_availability":"instock","product_condition":"new"},"_links":{"self":[{"href":"https:\/\/ykmtest.com\/french\/wp-json\/wp\/v2\/product\/11213","targetHints":{"allow":["GET"]}}],"collection":[{"href":"https:\/\/ykmtest.com\/french\/wp-json\/wp\/v2\/product"}],"about":[{"href":"https:\/\/ykmtest.com\/french\/wp-json\/wp\/v2\/types\/product"}],"version-history":[{"count":1,"href":"https:\/\/ykmtest.com\/french\/wp-json\/wp\/v2\/product\/11213\/revisions"}],"predecessor-version":[{"id":11214,"href":"https:\/\/ykmtest.com\/french\/wp-json\/wp\/v2\/product\/11213\/revisions\/11214"}],"wp:attachment":[{"href":"https:\/\/ykmtest.com\/french\/wp-json\/wp\/v2\/media?parent=11213"}],"wp:term":[{"taxonomy":"product_brand","embeddable":true,"href":"https:\/\/ykmtest.com\/french\/wp-json\/wp\/v2\/product_brand?post=11213"},{"taxonomy":"product_cat","embeddable":true,"href":"https:\/\/ykmtest.com\/french\/wp-json\/wp\/v2\/product_cat?post=11213"},{"taxonomy":"product_tag","embeddable":true,"href":"https:\/\/ykmtest.com\/french\/wp-json\/wp\/v2\/product_tag?post=11213"}],"curies":[{"name":"wp","href":"https:\/\/api.w.org\/{rel}","templated":true}]}}