{"id":11215,"date":"2025-12-17T12:35:39","date_gmt":"2025-12-17T12:35:39","guid":{"rendered":"https:\/\/ykmtest.com\/?post_type=product&#038;p=11215"},"modified":"2025-12-17T12:35:40","modified_gmt":"2025-12-17T12:35:40","slug":"analog-digital-direct-and-residual-shear-testing-machine-dead-weight","status":"publish","type":"product","link":"https:\/\/ykmtest.com\/french\/produit\/analog-digital-direct-and-residual-shear-testing-machine-dead-weight\/","title":{"rendered":"Machine d'essai de cisaillement analogique\/num\u00e9rique direct et r\u00e9siduel (poids mort)"},"content":{"rendered":"<p>La machine d'essai de cisaillement direct et r\u00e9siduel analogique\/num\u00e9rique (poids mort) est dot\u00e9e d'un cadre rigide en acier, de guides lin\u00e9aires sans jeu, d'une grande capacit\u00e9 de course et d'une capacit\u00e9 de mesure analogique\/num\u00e9rique simultan\u00e9e. Elle fournit des r\u00e9sultats reproductibles dans des conditions de cisaillement maximal et r\u00e9siduel. L'unit\u00e9 de chargement par poids mort fonctionne avec un bras de levier de haute pr\u00e9cision et un jeu de poids calibr\u00e9s. Le bras de levier, plac\u00e9 sur un support stable, minimise l'excentricit\u00e9 et assure le transfert uniforme de la force normale \u00e0 l'\u00e9chantillon.  Le si\u00e8ge sph\u00e9rique de la t\u00eate de chargement s'adapte aux d\u00e9salignements mineurs. Le d\u00e9placement en cisaillement est appliqu\u00e9 par un m\u00e9canisme de mouvement lin\u00e9aire \u00e0 vis sans jeu, assurant un chargement en douceur \u00e0 un taux constant et contr\u00f4l\u00e9. Une large gamme de vitesses permet de s\u00e9lectionner le taux de cisaillement appropri\u00e9 pour les sols denses, moyens et meubles. La conception \u00e0 longue course assure un cisaillement continu dans la plage r\u00e9siduelle ; les interrupteurs de fin de course emp\u00eachent la surcharge m\u00e9canique et l'endommagement du capteur. Dans la configuration analogique, la force de cisaillement est mesur\u00e9e \u00e0 l'aide d'un anneau de v\u00e9rification calibr\u00e9, tandis que le d\u00e9placement de cisaillement horizontal et le tassement vertical sont lus en temps r\u00e9el \u00e0 l'aide de comparateurs analogiques. L'assemblage de la bo\u00eete de cisaillement prend en charge diff\u00e9rentes tailles de bo\u00eetes et est compatible avec les plaques poreuses, les pierres poreuses \u00e0 haute perm\u00e9abilit\u00e9 et les jeux de poids, ce qui permet de tester diff\u00e9rents types de sol.<\/p>","protected":false},"excerpt":{"rendered":"<p class=\"p3\"><span lang=\"TR\">La machine d'essai de cisaillement direct et r\u00e9siduel analogique\/num\u00e9rique (poids mort) est un syst\u00e8me de caisson de cisaillement con\u00e7u pour \u00e9valuer le comportement en cisaillement des sols \u00e0 grains fins et granulaires en utilisant un principe de charge normale de poids mort.<\/span><\/p>","protected":false},"featured_media":0,"template":"","meta":{"_acf_changed":false},"product_brand":[],"product_cat":[123,119],"product_tag":[],"class_list":{"0":"post-11215","1":"product","2":"type-product","3":"status-publish","5":"product_cat-direct-residual-shear-equipments","6":"product_cat-soil-lab","9":"instock","10":"shipping-taxable","11":"product-type-simple"},"acf":[],"yoast_head":"<!-- This site is optimized with the Yoast SEO Premium plugin v26.5 (Yoast SEO v27.5) - https:\/\/yoast.com\/product\/yoast-seo-premium-wordpress\/ -->\n<title>Analog \/ Digital Direct and Residual Shear Testing Machine (Dead-Weight) - YKM TEST<\/title>\n<meta name=\"description\" content=\"Direct and Residual Shear Testing Machine (Dead-Weight) evaluates peak and residual shear behavior of soils under dead-weight loading.\" \/>\n<meta name=\"robots\" content=\"index, follow, max-snippet:-1, max-image-preview:large, max-video-preview:-1\" \/>\n<link rel=\"canonical\" href=\"https:\/\/darkorchid-cheetah-525435.hostingersite.com\/product\/analog-digital-direct-and-residual-shear-testing-machine-dead-weight\/\" \/>\n<meta property=\"og:locale\" content=\"fr_FR\" \/>\n<meta property=\"og:type\" content=\"article\" \/>\n<meta property=\"og:title\" content=\"Analog \/ Digital Direct and Residual Shear Testing Machine (Dead-Weight)\" \/>\n<meta property=\"og:description\" content=\"Direct and Residual Shear Testing Machine (Dead-Weight) evaluates peak and residual shear behavior of soils under dead-weight loading.\" \/>\n<meta property=\"og:url\" content=\"https:\/\/darkorchid-cheetah-525435.hostingersite.com\/product\/analog-digital-direct-and-residual-shear-testing-machine-dead-weight\/\" \/>\n<meta property=\"og:site_name\" content=\"YKM TEST\" \/>\n<meta property=\"article:modified_time\" content=\"2025-12-17T12:35:40+00:00\" \/>\n<meta name=\"twitter:card\" content=\"summary_large_image\" \/>\n<meta name=\"twitter:label1\" content=\"Prix\" \/>\n\t<meta name=\"twitter:data1\" content=\"\" \/>\n\t<meta name=\"twitter:label2\" content=\"Disponibilit\u00e9\" \/>\n\t<meta name=\"twitter:data2\" content=\"En stock\" \/>\n<script type=\"application\/ld+json\" class=\"yoast-schema-graph\">{\"@context\":\"https:\\\/\\\/schema.org\",\"@graph\":[{\"@type\":\"WebPage\",\"@id\":\"https:\\\/\\\/darkorchid-cheetah-525435.hostingersite.com\\\/product\\\/analog-digital-direct-and-residual-shear-testing-machine-dead-weight\\\/\",\"url\":\"https:\\\/\\\/darkorchid-cheetah-525435.hostingersite.com\\\/product\\\/analog-digital-direct-and-residual-shear-testing-machine-dead-weight\\\/\",\"name\":\"Analog \\\/ Digital Direct and Residual Shear Testing Machine (Dead-Weight) - YKM TEST\",\"isPartOf\":{\"@id\":\"https:\\\/\\\/darkorchid-cheetah-525435.hostingersite.com\\\/#website\"},\"datePublished\":\"2025-12-17T12:35:39+00:00\",\"dateModified\":\"2025-12-17T12:35:40+00:00\",\"description\":\"Direct and Residual Shear Testing Machine (Dead-Weight) evaluates peak and residual shear behavior of soils under dead-weight loading.\",\"breadcrumb\":{\"@id\":\"https:\\\/\\\/darkorchid-cheetah-525435.hostingersite.com\\\/product\\\/analog-digital-direct-and-residual-shear-testing-machine-dead-weight\\\/#breadcrumb\"},\"inLanguage\":\"fr-FR\",\"potentialAction\":[{\"@type\":\"ReadAction\",\"target\":[\"https:\\\/\\\/darkorchid-cheetah-525435.hostingersite.com\\\/product\\\/analog-digital-direct-and-residual-shear-testing-machine-dead-weight\\\/\"]}]},{\"@type\":\"BreadcrumbList\",\"@id\":\"https:\\\/\\\/darkorchid-cheetah-525435.hostingersite.com\\\/product\\\/analog-digital-direct-and-residual-shear-testing-machine-dead-weight\\\/#breadcrumb\",\"itemListElement\":[{\"@type\":\"ListItem\",\"position\":1,\"name\":\"Home\",\"item\":\"https:\\\/\\\/darkorchid-cheetah-525435.hostingersite.com\\\/\"},{\"@type\":\"ListItem\",\"position\":2,\"name\":\"\u0422\u043e\u0432\u0430\u0440\u044b\",\"item\":\"https:\\\/\\\/ykmtest.com\\\/ru\\\/shop\\\/\"},{\"@type\":\"ListItem\",\"position\":3,\"name\":\"Analog \\\/ Digital Direct and Residual Shear Testing Machine (Dead-Weight)\"}]},{\"@type\":\"WebSite\",\"@id\":\"https:\\\/\\\/darkorchid-cheetah-525435.hostingersite.com\\\/#website\",\"url\":\"https:\\\/\\\/darkorchid-cheetah-525435.hostingersite.com\\\/\",\"name\":\"YKM TEST\",\"description\":\"\",\"publisher\":{\"@id\":\"https:\\\/\\\/darkorchid-cheetah-525435.hostingersite.com\\\/#organization\"},\"potentialAction\":[{\"@type\":\"SearchAction\",\"target\":{\"@type\":\"EntryPoint\",\"urlTemplate\":\"https:\\\/\\\/darkorchid-cheetah-525435.hostingersite.com\\\/?s={search_term_string}\"},\"query-input\":{\"@type\":\"PropertyValueSpecification\",\"valueRequired\":true,\"valueName\":\"search_term_string\"}}],\"inLanguage\":\"fr-FR\"},{\"@type\":[\"Organization\",\"Place\"],\"@id\":\"https:\\\/\\\/darkorchid-cheetah-525435.hostingersite.com\\\/#organization\",\"name\":\"YKM TEST\",\"url\":\"https:\\\/\\\/darkorchid-cheetah-525435.hostingersite.com\\\/\",\"logo\":{\"@id\":\"https:\\\/\\\/darkorchid-cheetah-525435.hostingersite.com\\\/product\\\/analog-digital-direct-and-residual-shear-testing-machine-dead-weight\\\/#local-main-organization-logo\"},\"image\":{\"@id\":\"https:\\\/\\\/darkorchid-cheetah-525435.hostingersite.com\\\/product\\\/analog-digital-direct-and-residual-shear-testing-machine-dead-weight\\\/#local-main-organization-logo\"},\"telephone\":[],\"openingHoursSpecification\":[{\"@type\":\"OpeningHoursSpecification\",\"dayOfWeek\":[\"Monday\",\"Tuesday\",\"Wednesday\",\"Thursday\",\"Friday\",\"Saturday\",\"Sunday\"],\"opens\":\"09:00\",\"closes\":\"17:00\"}]},{\"@type\":\"ImageObject\",\"inLanguage\":\"fr-FR\",\"@id\":\"https:\\\/\\\/darkorchid-cheetah-525435.hostingersite.com\\\/product\\\/analog-digital-direct-and-residual-shear-testing-machine-dead-weight\\\/#local-main-organization-logo\",\"url\":\"https:\\\/\\\/ykmtest.com\\\/wp-content\\\/uploads\\\/2025\\\/10\\\/Asset-2@2x-8.png\",\"contentUrl\":\"https:\\\/\\\/ykmtest.com\\\/wp-content\\\/uploads\\\/2025\\\/10\\\/Asset-2@2x-8.png\",\"width\":1550,\"height\":323,\"caption\":\"YKM TEST\"}]}<\/script>\n<meta property=\"product:price:currency\" content=\"USD\" \/>\n<meta property=\"og:availability\" content=\"instock\" \/>\n<meta property=\"product:availability\" content=\"instock\" \/>\n<meta property=\"product:condition\" content=\"new\" \/>\n<!-- \/ Yoast SEO Premium plugin. -->","yoast_head_json":{"title":"Analog \/ Digital Direct and Residual Shear Testing Machine (Dead-Weight) - YKM TEST","description":"Direct and Residual Shear Testing Machine (Dead-Weight) evaluates peak and residual shear behavior of soils under dead-weight loading.","robots":{"index":"index","follow":"follow","max-snippet":"max-snippet:-1","max-image-preview":"max-image-preview:large","max-video-preview":"max-video-preview:-1"},"canonical":"https:\/\/darkorchid-cheetah-525435.hostingersite.com\/product\/analog-digital-direct-and-residual-shear-testing-machine-dead-weight\/","og_locale":"fr_FR","og_type":"article","og_title":"Analog \/ Digital Direct and Residual Shear Testing Machine (Dead-Weight)","og_description":"Direct and Residual Shear Testing Machine (Dead-Weight) evaluates peak and residual shear behavior of soils under dead-weight loading.","og_url":"https:\/\/darkorchid-cheetah-525435.hostingersite.com\/product\/analog-digital-direct-and-residual-shear-testing-machine-dead-weight\/","og_site_name":"YKM TEST","article_modified_time":"2025-12-17T12:35:40+00:00","twitter_card":"summary_large_image","twitter_misc":{"Prix":"","Disponibilit\u00e9":"En stock"},"schema":{"@context":"https:\/\/schema.org","@graph":[{"@type":"WebPage","@id":"https:\/\/darkorchid-cheetah-525435.hostingersite.com\/product\/analog-digital-direct-and-residual-shear-testing-machine-dead-weight\/","url":"https:\/\/darkorchid-cheetah-525435.hostingersite.com\/product\/analog-digital-direct-and-residual-shear-testing-machine-dead-weight\/","name":"Analog \/ Digital Direct and Residual Shear Testing Machine (Dead-Weight) - YKM TEST","isPartOf":{"@id":"https:\/\/darkorchid-cheetah-525435.hostingersite.com\/#website"},"datePublished":"2025-12-17T12:35:39+00:00","dateModified":"2025-12-17T12:35:40+00:00","description":"Direct and Residual Shear Testing Machine (Dead-Weight) evaluates peak and residual shear behavior of soils under dead-weight loading.","breadcrumb":{"@id":"https:\/\/darkorchid-cheetah-525435.hostingersite.com\/product\/analog-digital-direct-and-residual-shear-testing-machine-dead-weight\/#breadcrumb"},"inLanguage":"fr-FR","potentialAction":[{"@type":"ReadAction","target":["https:\/\/darkorchid-cheetah-525435.hostingersite.com\/product\/analog-digital-direct-and-residual-shear-testing-machine-dead-weight\/"]}]},{"@type":"BreadcrumbList","@id":"https:\/\/darkorchid-cheetah-525435.hostingersite.com\/product\/analog-digital-direct-and-residual-shear-testing-machine-dead-weight\/#breadcrumb","itemListElement":[{"@type":"ListItem","position":1,"name":"Home","item":"https:\/\/darkorchid-cheetah-525435.hostingersite.com\/"},{"@type":"ListItem","position":2,"name":"\u0422\u043e\u0432\u0430\u0440\u044b","item":"https:\/\/ykmtest.com\/ru\/shop\/"},{"@type":"ListItem","position":3,"name":"Analog \/ Digital Direct and Residual Shear Testing Machine (Dead-Weight)"}]},{"@type":"WebSite","@id":"https:\/\/darkorchid-cheetah-525435.hostingersite.com\/#website","url":"https:\/\/darkorchid-cheetah-525435.hostingersite.com\/","name":"TEST YKM","description":"","publisher":{"@id":"https:\/\/darkorchid-cheetah-525435.hostingersite.com\/#organization"},"potentialAction":[{"@type":"SearchAction","target":{"@type":"EntryPoint","urlTemplate":"https:\/\/darkorchid-cheetah-525435.hostingersite.com\/?s={search_term_string}"},"query-input":{"@type":"PropertyValueSpecification","valueRequired":true,"valueName":"search_term_string"}}],"inLanguage":"fr-FR"},{"@type":["Organization","Place"],"@id":"https:\/\/darkorchid-cheetah-525435.hostingersite.com\/#organization","name":"TEST YKM","url":"https:\/\/darkorchid-cheetah-525435.hostingersite.com\/","logo":{"@id":"https:\/\/darkorchid-cheetah-525435.hostingersite.com\/product\/analog-digital-direct-and-residual-shear-testing-machine-dead-weight\/#local-main-organization-logo"},"image":{"@id":"https:\/\/darkorchid-cheetah-525435.hostingersite.com\/product\/analog-digital-direct-and-residual-shear-testing-machine-dead-weight\/#local-main-organization-logo"},"telephone":[],"openingHoursSpecification":[{"@type":"OpeningHoursSpecification","dayOfWeek":["Monday","Tuesday","Wednesday","Thursday","Friday","Saturday","Sunday"],"opens":"09:00","closes":"17:00"}]},{"@type":"ImageObject","inLanguage":"fr-FR","@id":"https:\/\/darkorchid-cheetah-525435.hostingersite.com\/product\/analog-digital-direct-and-residual-shear-testing-machine-dead-weight\/#local-main-organization-logo","url":"https:\/\/ykmtest.com\/wp-content\/uploads\/2025\/10\/Asset-2@2x-8.png","contentUrl":"https:\/\/ykmtest.com\/wp-content\/uploads\/2025\/10\/Asset-2@2x-8.png","width":1550,"height":323,"caption":"YKM TEST"}]},"product_price_currency":"USD","og_availability":"instock","product_availability":"instock","product_condition":"new"},"_links":{"self":[{"href":"https:\/\/ykmtest.com\/french\/wp-json\/wp\/v2\/product\/11215","targetHints":{"allow":["GET"]}}],"collection":[{"href":"https:\/\/ykmtest.com\/french\/wp-json\/wp\/v2\/product"}],"about":[{"href":"https:\/\/ykmtest.com\/french\/wp-json\/wp\/v2\/types\/product"}],"version-history":[{"count":1,"href":"https:\/\/ykmtest.com\/french\/wp-json\/wp\/v2\/product\/11215\/revisions"}],"predecessor-version":[{"id":11216,"href":"https:\/\/ykmtest.com\/french\/wp-json\/wp\/v2\/product\/11215\/revisions\/11216"}],"wp:attachment":[{"href":"https:\/\/ykmtest.com\/french\/wp-json\/wp\/v2\/media?parent=11215"}],"wp:term":[{"taxonomy":"product_brand","embeddable":true,"href":"https:\/\/ykmtest.com\/french\/wp-json\/wp\/v2\/product_brand?post=11215"},{"taxonomy":"product_cat","embeddable":true,"href":"https:\/\/ykmtest.com\/french\/wp-json\/wp\/v2\/product_cat?post=11215"},{"taxonomy":"product_tag","embeddable":true,"href":"https:\/\/ykmtest.com\/french\/wp-json\/wp\/v2\/product_tag?post=11215"}],"curies":[{"name":"wp","href":"https:\/\/api.w.org\/{rel}","templated":true}]}}