{"id":11217,"date":"2025-12-17T13:06:16","date_gmt":"2025-12-17T13:06:16","guid":{"rendered":"https:\/\/ykmtest.com\/?post_type=product&#038;p=11217"},"modified":"2025-12-17T13:06:17","modified_gmt":"2025-12-17T13:06:17","slug":"automatic-direct-and-residual-shear-box-machine-dead-weight-type","status":"publish","type":"product","link":"https:\/\/ykmtest.com\/french\/produit\/automatic-direct-and-residual-shear-box-machine-dead-weight-type\/","title":{"rendered":"Machine automatique \u00e0 cisaillement direct et r\u00e9siduel (type \u00e0 poids mort)"},"content":{"rendered":"<p>La machine automatique de cisaillement direct et r\u00e9siduel (type poids mort) prend en charge les essais drain\u00e9s (CD), non drain\u00e9s (CU) et consolid\u00e9s non drain\u00e9s (UU), ainsi que les modes de cisaillement r\u00e9siduel et cyclique. Le syst\u00e8me m\u00e9canique consiste en une plate-forme en acier de haute rigidit\u00e9 \u00e9quip\u00e9e d'un m\u00e9canisme de vis de pr\u00e9cision sans jeu, entra\u00een\u00e9 par un moteur pas \u00e0 pas. La vitesse de cisaillement peut \u00eatre r\u00e9gl\u00e9e entre 0,00001 et 10,00000 mm\/min, en maintenant une vitesse constante pendant les essais de longue dur\u00e9e. Une unit\u00e9 de chargement d'une capacit\u00e9 de 5 kN applique la force de cisaillement horizontale. Des caissons de cisaillement modulaires de 60\u00d760 mm, 100\u00d7100 mm et 300\u00d7300 mm permettent de tester diff\u00e9rents types de sol. Un syst\u00e8me ADC 24 bits, des capteurs de d\u00e9placement d'une r\u00e9solution de 0,001 mm et des capteurs de pression interstitielle en option permettent d'obtenir des donn\u00e9es d'une pr\u00e9cision de l'ordre du micron tout au long de l'essai. Des interrupteurs de fin de course et des but\u00e9es m\u00e9caniques prot\u00e8gent \u00e0 la fois l'\u00e9chantillon et l'\u00e9quipement. L'interface logicielle contr\u00f4le automatiquement toutes les \u00e9tapes de l'essai. Apr\u00e8s avoir saisi les param\u00e8tres de l'essai, le syst\u00e8me effectue le cisaillement, l'arr\u00eat et l'enregistrement des donn\u00e9es de mani\u00e8re autonome. Les graphiques charge-d\u00e9placement sont affich\u00e9s en temps r\u00e9el, et la coh\u00e9sion (c) et l'angle de frottement interne (\u03c6) sont automatiquement calcul\u00e9s \u00e0 la fin de l'essai. En mode de cisaillement r\u00e9siduel, l'appareil continue \u00e0 cisailler apr\u00e8s que la r\u00e9sistance maximale a \u00e9t\u00e9 atteinte et enregistre la r\u00e9sistance r\u00e9siduelle une fois que le plan de cisaillement est enti\u00e8rement mobilis\u00e9. En mode cyclique, l'actionneur \u00e0 vis applique une charge r\u00e9p\u00e9t\u00e9e selon des sch\u00e9mas d\u00e9finis par l'utilisateur. Apr\u00e8s l'essai, le syst\u00e8me g\u00e9n\u00e8re des rapports conformes aux normes internationales. Les rapports comprennent les courbes de contrainte de cisaillement-d\u00e9placement, les valeurs de r\u00e9sistance maximale et r\u00e9siduelle, et les calculs de c-\u03c6. Les donn\u00e9es peuvent \u00eatre export\u00e9es au format PDF ou Excel. Les capteurs haute r\u00e9solution et le syst\u00e8me d'entra\u00eenement lin\u00e9aire de pr\u00e9cision garantissent des performances stables lors des essais \u00e0 long terme, en fournissant des mouvements fluides et sans frottement, ainsi que des r\u00e9sultats hautement reproductibles. Par rapport aux syst\u00e8mes manuels traditionnels, la machine automatique d'essai de cisaillement direct offre une plus grande pr\u00e9cision, une plus grande fiabilit\u00e9 et une plus grande facilit\u00e9 d'utilisation. Sa commande automatique \u00e0 bouton unique, son unit\u00e9 d'acquisition de donn\u00e9es \u00e0 haute r\u00e9solution et ses algorithmes logiciels avanc\u00e9s permettent une analyse d\u00e9taill\u00e9e du comportement du sol sous charge statique, r\u00e9siduelle et cyclique.<\/p>","protected":false},"excerpt":{"rendered":"<p class=\"p3\"><span lang=\"TR\">La machine automatique de cisaillement direct et r\u00e9siduel (type poids mort) est un syst\u00e8me d'essai contr\u00f4l\u00e9 par ordinateur con\u00e7u pour d\u00e9terminer les param\u00e8tres de r\u00e9sistance au cisaillement (c et \u03c6) des sols coh\u00e9sifs et non coh\u00e9sifs.<\/span><\/p>","protected":false},"featured_media":0,"template":"","meta":{"_acf_changed":false},"product_brand":[],"product_cat":[123,119],"product_tag":[],"class_list":{"0":"post-11217","1":"product","2":"type-product","3":"status-publish","5":"product_cat-direct-residual-shear-equipments","6":"product_cat-soil-lab","9":"instock","10":"shipping-taxable","11":"product-type-simple"},"acf":[],"yoast_head":"<!-- This site is optimized with the Yoast SEO Premium plugin v26.5 (Yoast SEO v27.5) - https:\/\/yoast.com\/product\/yoast-seo-premium-wordpress\/ -->\n<title>Automatic Direct and Residual Shear Box Machine (Dead-Weight Type) - YKM TEST<\/title>\n<meta name=\"description\" content=\"Automatic Direct and Residual Shear Box Machine determines soil shear strength parameters (c and \u03c6) with computer-controlled dead-weight loading.\" \/>\n<meta name=\"robots\" content=\"index, follow, max-snippet:-1, max-image-preview:large, max-video-preview:-1\" \/>\n<link rel=\"canonical\" href=\"https:\/\/darkorchid-cheetah-525435.hostingersite.com\/product\/automatic-direct-and-residual-shear-box-machine-dead-weight-type\/\" \/>\n<meta property=\"og:locale\" content=\"fr_FR\" \/>\n<meta property=\"og:type\" content=\"article\" \/>\n<meta property=\"og:title\" content=\"Automatic Direct and Residual Shear Box Machine (Dead-Weight Type)\" \/>\n<meta property=\"og:description\" content=\"Automatic Direct and Residual Shear Box Machine determines soil shear strength parameters (c and \u03c6) with computer-controlled dead-weight loading.\" \/>\n<meta property=\"og:url\" content=\"https:\/\/darkorchid-cheetah-525435.hostingersite.com\/product\/automatic-direct-and-residual-shear-box-machine-dead-weight-type\/\" \/>\n<meta property=\"og:site_name\" content=\"YKM TEST\" \/>\n<meta property=\"article:modified_time\" content=\"2025-12-17T13:06:17+00:00\" \/>\n<meta name=\"twitter:card\" content=\"summary_large_image\" \/>\n<meta name=\"twitter:label1\" content=\"Prix\" \/>\n\t<meta name=\"twitter:data1\" content=\"\" \/>\n\t<meta name=\"twitter:label2\" content=\"Disponibilit\u00e9\" \/>\n\t<meta name=\"twitter:data2\" content=\"En stock\" \/>\n<script type=\"application\/ld+json\" class=\"yoast-schema-graph\">{\"@context\":\"https:\\\/\\\/schema.org\",\"@graph\":[{\"@type\":\"WebPage\",\"@id\":\"https:\\\/\\\/darkorchid-cheetah-525435.hostingersite.com\\\/product\\\/automatic-direct-and-residual-shear-box-machine-dead-weight-type\\\/\",\"url\":\"https:\\\/\\\/darkorchid-cheetah-525435.hostingersite.com\\\/product\\\/automatic-direct-and-residual-shear-box-machine-dead-weight-type\\\/\",\"name\":\"Automatic Direct and Residual Shear Box Machine (Dead-Weight Type) - YKM TEST\",\"isPartOf\":{\"@id\":\"https:\\\/\\\/darkorchid-cheetah-525435.hostingersite.com\\\/#website\"},\"datePublished\":\"2025-12-17T13:06:16+00:00\",\"dateModified\":\"2025-12-17T13:06:17+00:00\",\"description\":\"Automatic Direct and Residual Shear Box Machine determines soil shear strength parameters (c and \u03c6) with computer-controlled dead-weight loading.\",\"breadcrumb\":{\"@id\":\"https:\\\/\\\/darkorchid-cheetah-525435.hostingersite.com\\\/product\\\/automatic-direct-and-residual-shear-box-machine-dead-weight-type\\\/#breadcrumb\"},\"inLanguage\":\"fr-FR\",\"potentialAction\":[{\"@type\":\"ReadAction\",\"target\":[\"https:\\\/\\\/darkorchid-cheetah-525435.hostingersite.com\\\/product\\\/automatic-direct-and-residual-shear-box-machine-dead-weight-type\\\/\"]}]},{\"@type\":\"BreadcrumbList\",\"@id\":\"https:\\\/\\\/darkorchid-cheetah-525435.hostingersite.com\\\/product\\\/automatic-direct-and-residual-shear-box-machine-dead-weight-type\\\/#breadcrumb\",\"itemListElement\":[{\"@type\":\"ListItem\",\"position\":1,\"name\":\"Home\",\"item\":\"https:\\\/\\\/darkorchid-cheetah-525435.hostingersite.com\\\/\"},{\"@type\":\"ListItem\",\"position\":2,\"name\":\"\u0422\u043e\u0432\u0430\u0440\u044b\",\"item\":\"https:\\\/\\\/ykmtest.com\\\/ru\\\/shop\\\/\"},{\"@type\":\"ListItem\",\"position\":3,\"name\":\"Automatic Direct and Residual Shear Box Machine (Dead-Weight Type)\"}]},{\"@type\":\"WebSite\",\"@id\":\"https:\\\/\\\/darkorchid-cheetah-525435.hostingersite.com\\\/#website\",\"url\":\"https:\\\/\\\/darkorchid-cheetah-525435.hostingersite.com\\\/\",\"name\":\"YKM TEST\",\"description\":\"\",\"publisher\":{\"@id\":\"https:\\\/\\\/darkorchid-cheetah-525435.hostingersite.com\\\/#organization\"},\"potentialAction\":[{\"@type\":\"SearchAction\",\"target\":{\"@type\":\"EntryPoint\",\"urlTemplate\":\"https:\\\/\\\/darkorchid-cheetah-525435.hostingersite.com\\\/?s={search_term_string}\"},\"query-input\":{\"@type\":\"PropertyValueSpecification\",\"valueRequired\":true,\"valueName\":\"search_term_string\"}}],\"inLanguage\":\"fr-FR\"},{\"@type\":[\"Organization\",\"Place\"],\"@id\":\"https:\\\/\\\/darkorchid-cheetah-525435.hostingersite.com\\\/#organization\",\"name\":\"YKM TEST\",\"url\":\"https:\\\/\\\/darkorchid-cheetah-525435.hostingersite.com\\\/\",\"logo\":{\"@id\":\"https:\\\/\\\/darkorchid-cheetah-525435.hostingersite.com\\\/product\\\/automatic-direct-and-residual-shear-box-machine-dead-weight-type\\\/#local-main-organization-logo\"},\"image\":{\"@id\":\"https:\\\/\\\/darkorchid-cheetah-525435.hostingersite.com\\\/product\\\/automatic-direct-and-residual-shear-box-machine-dead-weight-type\\\/#local-main-organization-logo\"},\"telephone\":[],\"openingHoursSpecification\":[{\"@type\":\"OpeningHoursSpecification\",\"dayOfWeek\":[\"Monday\",\"Tuesday\",\"Wednesday\",\"Thursday\",\"Friday\",\"Saturday\",\"Sunday\"],\"opens\":\"09:00\",\"closes\":\"17:00\"}]},{\"@type\":\"ImageObject\",\"inLanguage\":\"fr-FR\",\"@id\":\"https:\\\/\\\/darkorchid-cheetah-525435.hostingersite.com\\\/product\\\/automatic-direct-and-residual-shear-box-machine-dead-weight-type\\\/#local-main-organization-logo\",\"url\":\"https:\\\/\\\/ykmtest.com\\\/wp-content\\\/uploads\\\/2025\\\/10\\\/Asset-2@2x-8.png\",\"contentUrl\":\"https:\\\/\\\/ykmtest.com\\\/wp-content\\\/uploads\\\/2025\\\/10\\\/Asset-2@2x-8.png\",\"width\":1550,\"height\":323,\"caption\":\"YKM TEST\"}]}<\/script>\n<meta property=\"product:price:currency\" content=\"USD\" \/>\n<meta property=\"og:availability\" content=\"instock\" \/>\n<meta property=\"product:availability\" content=\"instock\" \/>\n<meta property=\"product:condition\" content=\"new\" \/>\n<!-- \/ Yoast SEO Premium plugin. -->","yoast_head_json":{"title":"Automatic Direct and Residual Shear Box Machine (Dead-Weight Type) - YKM TEST","description":"Automatic Direct and Residual Shear Box Machine determines soil shear strength parameters (c and \u03c6) with computer-controlled dead-weight loading.","robots":{"index":"index","follow":"follow","max-snippet":"max-snippet:-1","max-image-preview":"max-image-preview:large","max-video-preview":"max-video-preview:-1"},"canonical":"https:\/\/darkorchid-cheetah-525435.hostingersite.com\/product\/automatic-direct-and-residual-shear-box-machine-dead-weight-type\/","og_locale":"fr_FR","og_type":"article","og_title":"Automatic Direct and Residual Shear Box Machine (Dead-Weight Type)","og_description":"Automatic Direct and Residual Shear Box Machine determines soil shear strength parameters (c and \u03c6) with computer-controlled dead-weight loading.","og_url":"https:\/\/darkorchid-cheetah-525435.hostingersite.com\/product\/automatic-direct-and-residual-shear-box-machine-dead-weight-type\/","og_site_name":"YKM TEST","article_modified_time":"2025-12-17T13:06:17+00:00","twitter_card":"summary_large_image","twitter_misc":{"Prix":"","Disponibilit\u00e9":"En stock"},"schema":{"@context":"https:\/\/schema.org","@graph":[{"@type":"WebPage","@id":"https:\/\/darkorchid-cheetah-525435.hostingersite.com\/product\/automatic-direct-and-residual-shear-box-machine-dead-weight-type\/","url":"https:\/\/darkorchid-cheetah-525435.hostingersite.com\/product\/automatic-direct-and-residual-shear-box-machine-dead-weight-type\/","name":"Automatic Direct and Residual Shear Box Machine (Dead-Weight Type) - YKM TEST","isPartOf":{"@id":"https:\/\/darkorchid-cheetah-525435.hostingersite.com\/#website"},"datePublished":"2025-12-17T13:06:16+00:00","dateModified":"2025-12-17T13:06:17+00:00","description":"Automatic Direct and Residual Shear Box Machine determines soil shear strength parameters (c and \u03c6) with computer-controlled dead-weight loading.","breadcrumb":{"@id":"https:\/\/darkorchid-cheetah-525435.hostingersite.com\/product\/automatic-direct-and-residual-shear-box-machine-dead-weight-type\/#breadcrumb"},"inLanguage":"fr-FR","potentialAction":[{"@type":"ReadAction","target":["https:\/\/darkorchid-cheetah-525435.hostingersite.com\/product\/automatic-direct-and-residual-shear-box-machine-dead-weight-type\/"]}]},{"@type":"BreadcrumbList","@id":"https:\/\/darkorchid-cheetah-525435.hostingersite.com\/product\/automatic-direct-and-residual-shear-box-machine-dead-weight-type\/#breadcrumb","itemListElement":[{"@type":"ListItem","position":1,"name":"Home","item":"https:\/\/darkorchid-cheetah-525435.hostingersite.com\/"},{"@type":"ListItem","position":2,"name":"\u0422\u043e\u0432\u0430\u0440\u044b","item":"https:\/\/ykmtest.com\/ru\/shop\/"},{"@type":"ListItem","position":3,"name":"Automatic Direct and Residual Shear Box Machine (Dead-Weight Type)"}]},{"@type":"WebSite","@id":"https:\/\/darkorchid-cheetah-525435.hostingersite.com\/#website","url":"https:\/\/darkorchid-cheetah-525435.hostingersite.com\/","name":"TEST YKM","description":"","publisher":{"@id":"https:\/\/darkorchid-cheetah-525435.hostingersite.com\/#organization"},"potentialAction":[{"@type":"SearchAction","target":{"@type":"EntryPoint","urlTemplate":"https:\/\/darkorchid-cheetah-525435.hostingersite.com\/?s={search_term_string}"},"query-input":{"@type":"PropertyValueSpecification","valueRequired":true,"valueName":"search_term_string"}}],"inLanguage":"fr-FR"},{"@type":["Organization","Place"],"@id":"https:\/\/darkorchid-cheetah-525435.hostingersite.com\/#organization","name":"TEST YKM","url":"https:\/\/darkorchid-cheetah-525435.hostingersite.com\/","logo":{"@id":"https:\/\/darkorchid-cheetah-525435.hostingersite.com\/product\/automatic-direct-and-residual-shear-box-machine-dead-weight-type\/#local-main-organization-logo"},"image":{"@id":"https:\/\/darkorchid-cheetah-525435.hostingersite.com\/product\/automatic-direct-and-residual-shear-box-machine-dead-weight-type\/#local-main-organization-logo"},"telephone":[],"openingHoursSpecification":[{"@type":"OpeningHoursSpecification","dayOfWeek":["Monday","Tuesday","Wednesday","Thursday","Friday","Saturday","Sunday"],"opens":"09:00","closes":"17:00"}]},{"@type":"ImageObject","inLanguage":"fr-FR","@id":"https:\/\/darkorchid-cheetah-525435.hostingersite.com\/product\/automatic-direct-and-residual-shear-box-machine-dead-weight-type\/#local-main-organization-logo","url":"https:\/\/ykmtest.com\/wp-content\/uploads\/2025\/10\/Asset-2@2x-8.png","contentUrl":"https:\/\/ykmtest.com\/wp-content\/uploads\/2025\/10\/Asset-2@2x-8.png","width":1550,"height":323,"caption":"YKM TEST"}]},"product_price_currency":"USD","og_availability":"instock","product_availability":"instock","product_condition":"new"},"_links":{"self":[{"href":"https:\/\/ykmtest.com\/french\/wp-json\/wp\/v2\/product\/11217","targetHints":{"allow":["GET"]}}],"collection":[{"href":"https:\/\/ykmtest.com\/french\/wp-json\/wp\/v2\/product"}],"about":[{"href":"https:\/\/ykmtest.com\/french\/wp-json\/wp\/v2\/types\/product"}],"version-history":[{"count":1,"href":"https:\/\/ykmtest.com\/french\/wp-json\/wp\/v2\/product\/11217\/revisions"}],"predecessor-version":[{"id":11218,"href":"https:\/\/ykmtest.com\/french\/wp-json\/wp\/v2\/product\/11217\/revisions\/11218"}],"wp:attachment":[{"href":"https:\/\/ykmtest.com\/french\/wp-json\/wp\/v2\/media?parent=11217"}],"wp:term":[{"taxonomy":"product_brand","embeddable":true,"href":"https:\/\/ykmtest.com\/french\/wp-json\/wp\/v2\/product_brand?post=11217"},{"taxonomy":"product_cat","embeddable":true,"href":"https:\/\/ykmtest.com\/french\/wp-json\/wp\/v2\/product_cat?post=11217"},{"taxonomy":"product_tag","embeddable":true,"href":"https:\/\/ykmtest.com\/french\/wp-json\/wp\/v2\/product_tag?post=11217"}],"curies":[{"name":"wp","href":"https:\/\/api.w.org\/{rel}","templated":true}]}}