{"id":11219,"date":"2025-12-17T13:19:13","date_gmt":"2025-12-17T13:19:13","guid":{"rendered":"https:\/\/ykmtest.com\/?post_type=product&#038;p=11219"},"modified":"2025-12-17T13:19:14","modified_gmt":"2025-12-17T13:19:14","slug":"standard-triaxial-test-set-with-built-in-data-channel","status":"publish","type":"product","link":"https:\/\/ykmtest.com\/french\/produit\/standard-triaxial-test-set-with-built-in-data-channel\/","title":{"rendered":"Ensemble d'essai triaxial standard avec canal de donn\u00e9es int\u00e9gr\u00e9"},"content":{"rendered":"<p>Le banc d'essai triaxial standard prend enti\u00e8rement en charge les modes d'essai UU (Unconsolidated Undrained), CU (Consolidated Undrained) et CD (Consolidated Drained). Cela permet de d\u00e9terminer avec pr\u00e9cision la r\u00e9sistance au cisaillement, les caract\u00e9ristiques de d\u00e9formation, les param\u00e8tres de cisaillement (c, \u03c6) et le comportement volum\u00e9trique dans diff\u00e9rentes conditions de drainage et de consolidation. Les canaux de donn\u00e9es int\u00e9gr\u00e9s et la technologie moderne d'acquisition de donn\u00e9es permettent l'enregistrement et l'analyse en temps r\u00e9el de tous les param\u00e8tres de mesure. Les essais UU repr\u00e9sentent le comportement \u00e0 court terme dans des conditions non consolid\u00e9es et non drain\u00e9es. Les essais CU sont r\u00e9alis\u00e9s apr\u00e8s consolidation, avec un drainage ferm\u00e9, ce qui permet de d\u00e9terminer les param\u00e8tres de contrainte effective gr\u00e2ce \u00e0 la surveillance de la pression interstitielle. Les essais CD sont r\u00e9alis\u00e9s dans des conditions consolid\u00e9es et drain\u00e9es pour la r\u00e9ponse \u00e0 long terme sous contraintes effectives. Les cellules triaxiales sont dot\u00e9es d'un corps en acrylique transparent tr\u00e8s r\u00e9sistant et d'embouts en aluminium. Les cellules s'adaptent \u00e0 diff\u00e9rents diam\u00e8tres d'\u00e9chantillons et utilisent un syst\u00e8me d'\u00e9tanch\u00e9it\u00e9 sp\u00e9cial pour maintenir une pression stable pendant des essais prolong\u00e9s. La pression de la cellule, la contre-pression et les lignes de drainage sont contr\u00f4l\u00e9es par le syst\u00e8me d'acquisition de donn\u00e9es int\u00e9gr\u00e9. Le cadre de chargement utilise une structure rigide \u00e0 deux colonnes avec un syst\u00e8me de chargement entra\u00een\u00e9 par servomoteur pour un contr\u00f4le pr\u00e9cis de la d\u00e9formation. La plage de contr\u00f4le de la vitesse s'\u00e9tend de 0,00001 mm\/min \u00e0 50 mm\/min, ce qui offre une excellente flexibilit\u00e9 pour les essais UU rapides et les essais CD de longue dur\u00e9e. Les canaux de donn\u00e9es int\u00e9gr\u00e9s enregistrent simultan\u00e9ment les mesures de charge, de d\u00e9placement, de pression et de variation de volume par le biais de cellules de charge et de capteurs de pression. Contrairement aux syst\u00e8mes manuels traditionnels, le syst\u00e8me triaxial YKMTEST int\u00e8gre tous les canaux de mesure directement dans l'unit\u00e9 h\u00f4te. Cette architecture multi-canaux de donn\u00e9es int\u00e9gr\u00e9e (8 canaux) \u00e9limine le besoin de modules DAQ externes, r\u00e9duit la complexit\u00e9 du c\u00e2blage et am\u00e9liore la fiabilit\u00e9 des mesures. Les donn\u00e9es enregistr\u00e9es peuvent \u00eatre visualis\u00e9es en temps r\u00e9el sur l'\u00e9cran num\u00e9rique, contr\u00f4l\u00e9es graphiquement et transf\u00e9r\u00e9es vers un logiciel PC. Le syst\u00e8me de contr\u00f4le de la pression fonctionne \u00e0 l'aide d'unit\u00e9s huile\/eau assist\u00e9es par un compresseur. La pression de la cellule peut atteindre 1 700 kPa, tandis que la contre-pression peut atteindre 1 000 kPa. Les transducteurs de pression de haute pr\u00e9cision offrent une r\u00e9solution de \u00b10,1 kPa. Les mesures de changement de volume sont contr\u00f4l\u00e9es \u00e0 l'aide d'une unit\u00e9 \u00e9lectronique de changement de volume. Le syst\u00e8me d'acquisition de donn\u00e9es int\u00e9gr\u00e9 peut s'interfacer avec des enregistreurs de donn\u00e9es externes pour les configurations \u00e0 cellules multiples.<\/p>","protected":false},"excerpt":{"rendered":"<p class=\"p3\"><span lang=\"TR\">Le banc d'essai triaxial standard avec canal de donn\u00e9es int\u00e9gr\u00e9 est un syst\u00e8me de laboratoire professionnel con\u00e7u pour d\u00e9terminer avec pr\u00e9cision le comportement m\u00e9canique des sols sous charge axiale, la r\u00e9ponse \u00e0 la pression interstitielle et les caract\u00e9ristiques de r\u00e9sistance dans diverses conditions de drainage.<\/span><\/p>","protected":false},"featured_media":0,"template":"","meta":{"_acf_changed":false},"product_brand":[],"product_cat":[119,124],"product_tag":[],"class_list":{"0":"post-11219","1":"product","2":"type-product","3":"status-publish","5":"product_cat-soil-lab","6":"product_cat-triaxial-testing-equipments","9":"instock","10":"shipping-taxable","11":"product-type-simple"},"acf":[],"yoast_head":"<!-- This site is optimized with the Yoast SEO Premium plugin v26.5 (Yoast SEO v27.5) - https:\/\/yoast.com\/product\/yoast-seo-premium-wordpress\/ -->\n<title>Standard Triaxial Test Set with Built-in Data Channel - YKM TEST<\/title>\n<meta name=\"description\" content=\"Standard Triaxial Test Set with built-in data channels enables accurate UU, CU, and CD soil strength testing with real-time data acquisition.\" \/>\n<meta name=\"robots\" content=\"index, follow, max-snippet:-1, max-image-preview:large, max-video-preview:-1\" \/>\n<link rel=\"canonical\" href=\"https:\/\/darkorchid-cheetah-525435.hostingersite.com\/product\/standard-triaxial-test-set-with-built-in-data-channel\/\" \/>\n<meta property=\"og:locale\" content=\"fr_FR\" \/>\n<meta property=\"og:type\" content=\"article\" \/>\n<meta property=\"og:title\" content=\"Standard Triaxial Test Set with Built-in Data Channel\" \/>\n<meta property=\"og:description\" content=\"Standard Triaxial Test Set with built-in data channels enables accurate UU, CU, and CD soil strength testing with real-time data acquisition.\" \/>\n<meta property=\"og:url\" content=\"https:\/\/darkorchid-cheetah-525435.hostingersite.com\/product\/standard-triaxial-test-set-with-built-in-data-channel\/\" \/>\n<meta property=\"og:site_name\" content=\"YKM TEST\" \/>\n<meta property=\"article:modified_time\" content=\"2025-12-17T13:19:14+00:00\" \/>\n<meta name=\"twitter:card\" content=\"summary_large_image\" \/>\n<meta name=\"twitter:label1\" content=\"Prix\" \/>\n\t<meta name=\"twitter:data1\" content=\"\" \/>\n\t<meta name=\"twitter:label2\" content=\"Disponibilit\u00e9\" \/>\n\t<meta name=\"twitter:data2\" content=\"En stock\" \/>\n<script type=\"application\/ld+json\" class=\"yoast-schema-graph\">{\"@context\":\"https:\\\/\\\/schema.org\",\"@graph\":[{\"@type\":\"WebPage\",\"@id\":\"https:\\\/\\\/darkorchid-cheetah-525435.hostingersite.com\\\/product\\\/standard-triaxial-test-set-with-built-in-data-channel\\\/\",\"url\":\"https:\\\/\\\/darkorchid-cheetah-525435.hostingersite.com\\\/product\\\/standard-triaxial-test-set-with-built-in-data-channel\\\/\",\"name\":\"Standard Triaxial Test Set with Built-in Data Channel - YKM TEST\",\"isPartOf\":{\"@id\":\"https:\\\/\\\/darkorchid-cheetah-525435.hostingersite.com\\\/#website\"},\"datePublished\":\"2025-12-17T13:19:13+00:00\",\"dateModified\":\"2025-12-17T13:19:14+00:00\",\"description\":\"Standard Triaxial Test Set with built-in data channels enables accurate UU, CU, and CD soil strength testing with real-time data acquisition.\",\"breadcrumb\":{\"@id\":\"https:\\\/\\\/darkorchid-cheetah-525435.hostingersite.com\\\/product\\\/standard-triaxial-test-set-with-built-in-data-channel\\\/#breadcrumb\"},\"inLanguage\":\"fr-FR\",\"potentialAction\":[{\"@type\":\"ReadAction\",\"target\":[\"https:\\\/\\\/darkorchid-cheetah-525435.hostingersite.com\\\/product\\\/standard-triaxial-test-set-with-built-in-data-channel\\\/\"]}]},{\"@type\":\"BreadcrumbList\",\"@id\":\"https:\\\/\\\/darkorchid-cheetah-525435.hostingersite.com\\\/product\\\/standard-triaxial-test-set-with-built-in-data-channel\\\/#breadcrumb\",\"itemListElement\":[{\"@type\":\"ListItem\",\"position\":1,\"name\":\"Home\",\"item\":\"https:\\\/\\\/darkorchid-cheetah-525435.hostingersite.com\\\/\"},{\"@type\":\"ListItem\",\"position\":2,\"name\":\"\u0422\u043e\u0432\u0430\u0440\u044b\",\"item\":\"https:\\\/\\\/ykmtest.com\\\/ru\\\/shop\\\/\"},{\"@type\":\"ListItem\",\"position\":3,\"name\":\"Standard Triaxial Test Set with Built-in Data Channel\"}]},{\"@type\":\"WebSite\",\"@id\":\"https:\\\/\\\/darkorchid-cheetah-525435.hostingersite.com\\\/#website\",\"url\":\"https:\\\/\\\/darkorchid-cheetah-525435.hostingersite.com\\\/\",\"name\":\"YKM TEST\",\"description\":\"\",\"publisher\":{\"@id\":\"https:\\\/\\\/darkorchid-cheetah-525435.hostingersite.com\\\/#organization\"},\"potentialAction\":[{\"@type\":\"SearchAction\",\"target\":{\"@type\":\"EntryPoint\",\"urlTemplate\":\"https:\\\/\\\/darkorchid-cheetah-525435.hostingersite.com\\\/?s={search_term_string}\"},\"query-input\":{\"@type\":\"PropertyValueSpecification\",\"valueRequired\":true,\"valueName\":\"search_term_string\"}}],\"inLanguage\":\"fr-FR\"},{\"@type\":[\"Organization\",\"Place\"],\"@id\":\"https:\\\/\\\/darkorchid-cheetah-525435.hostingersite.com\\\/#organization\",\"name\":\"YKM TEST\",\"url\":\"https:\\\/\\\/darkorchid-cheetah-525435.hostingersite.com\\\/\",\"logo\":{\"@id\":\"https:\\\/\\\/darkorchid-cheetah-525435.hostingersite.com\\\/product\\\/standard-triaxial-test-set-with-built-in-data-channel\\\/#local-main-organization-logo\"},\"image\":{\"@id\":\"https:\\\/\\\/darkorchid-cheetah-525435.hostingersite.com\\\/product\\\/standard-triaxial-test-set-with-built-in-data-channel\\\/#local-main-organization-logo\"},\"telephone\":[],\"openingHoursSpecification\":[{\"@type\":\"OpeningHoursSpecification\",\"dayOfWeek\":[\"Monday\",\"Tuesday\",\"Wednesday\",\"Thursday\",\"Friday\",\"Saturday\",\"Sunday\"],\"opens\":\"09:00\",\"closes\":\"17:00\"}]},{\"@type\":\"ImageObject\",\"inLanguage\":\"fr-FR\",\"@id\":\"https:\\\/\\\/darkorchid-cheetah-525435.hostingersite.com\\\/product\\\/standard-triaxial-test-set-with-built-in-data-channel\\\/#local-main-organization-logo\",\"url\":\"https:\\\/\\\/ykmtest.com\\\/wp-content\\\/uploads\\\/2025\\\/10\\\/Asset-2@2x-8.png\",\"contentUrl\":\"https:\\\/\\\/ykmtest.com\\\/wp-content\\\/uploads\\\/2025\\\/10\\\/Asset-2@2x-8.png\",\"width\":1550,\"height\":323,\"caption\":\"YKM TEST\"}]}<\/script>\n<meta property=\"product:price:currency\" content=\"USD\" \/>\n<meta property=\"og:availability\" content=\"instock\" \/>\n<meta property=\"product:availability\" content=\"instock\" \/>\n<meta property=\"product:condition\" content=\"new\" \/>\n<!-- \/ Yoast SEO Premium plugin. -->","yoast_head_json":{"title":"Standard Triaxial Test Set with Built-in Data Channel - YKM TEST","description":"Standard Triaxial Test Set with built-in data channels enables accurate UU, CU, and CD soil strength testing with real-time data acquisition.","robots":{"index":"index","follow":"follow","max-snippet":"max-snippet:-1","max-image-preview":"max-image-preview:large","max-video-preview":"max-video-preview:-1"},"canonical":"https:\/\/darkorchid-cheetah-525435.hostingersite.com\/product\/standard-triaxial-test-set-with-built-in-data-channel\/","og_locale":"fr_FR","og_type":"article","og_title":"Standard Triaxial Test Set with Built-in Data Channel","og_description":"Standard Triaxial Test Set with built-in data channels enables accurate UU, CU, and CD soil strength testing with real-time data acquisition.","og_url":"https:\/\/darkorchid-cheetah-525435.hostingersite.com\/product\/standard-triaxial-test-set-with-built-in-data-channel\/","og_site_name":"YKM TEST","article_modified_time":"2025-12-17T13:19:14+00:00","twitter_card":"summary_large_image","twitter_misc":{"Prix":"","Disponibilit\u00e9":"En stock"},"schema":{"@context":"https:\/\/schema.org","@graph":[{"@type":"WebPage","@id":"https:\/\/darkorchid-cheetah-525435.hostingersite.com\/product\/standard-triaxial-test-set-with-built-in-data-channel\/","url":"https:\/\/darkorchid-cheetah-525435.hostingersite.com\/product\/standard-triaxial-test-set-with-built-in-data-channel\/","name":"Standard Triaxial Test Set with Built-in Data Channel - YKM TEST","isPartOf":{"@id":"https:\/\/darkorchid-cheetah-525435.hostingersite.com\/#website"},"datePublished":"2025-12-17T13:19:13+00:00","dateModified":"2025-12-17T13:19:14+00:00","description":"Standard Triaxial Test Set with built-in data channels enables accurate UU, CU, and CD soil strength testing with real-time data acquisition.","breadcrumb":{"@id":"https:\/\/darkorchid-cheetah-525435.hostingersite.com\/product\/standard-triaxial-test-set-with-built-in-data-channel\/#breadcrumb"},"inLanguage":"fr-FR","potentialAction":[{"@type":"ReadAction","target":["https:\/\/darkorchid-cheetah-525435.hostingersite.com\/product\/standard-triaxial-test-set-with-built-in-data-channel\/"]}]},{"@type":"BreadcrumbList","@id":"https:\/\/darkorchid-cheetah-525435.hostingersite.com\/product\/standard-triaxial-test-set-with-built-in-data-channel\/#breadcrumb","itemListElement":[{"@type":"ListItem","position":1,"name":"Home","item":"https:\/\/darkorchid-cheetah-525435.hostingersite.com\/"},{"@type":"ListItem","position":2,"name":"\u0422\u043e\u0432\u0430\u0440\u044b","item":"https:\/\/ykmtest.com\/ru\/shop\/"},{"@type":"ListItem","position":3,"name":"Standard Triaxial Test Set with Built-in Data Channel"}]},{"@type":"WebSite","@id":"https:\/\/darkorchid-cheetah-525435.hostingersite.com\/#website","url":"https:\/\/darkorchid-cheetah-525435.hostingersite.com\/","name":"TEST YKM","description":"","publisher":{"@id":"https:\/\/darkorchid-cheetah-525435.hostingersite.com\/#organization"},"potentialAction":[{"@type":"SearchAction","target":{"@type":"EntryPoint","urlTemplate":"https:\/\/darkorchid-cheetah-525435.hostingersite.com\/?s={search_term_string}"},"query-input":{"@type":"PropertyValueSpecification","valueRequired":true,"valueName":"search_term_string"}}],"inLanguage":"fr-FR"},{"@type":["Organization","Place"],"@id":"https:\/\/darkorchid-cheetah-525435.hostingersite.com\/#organization","name":"TEST YKM","url":"https:\/\/darkorchid-cheetah-525435.hostingersite.com\/","logo":{"@id":"https:\/\/darkorchid-cheetah-525435.hostingersite.com\/product\/standard-triaxial-test-set-with-built-in-data-channel\/#local-main-organization-logo"},"image":{"@id":"https:\/\/darkorchid-cheetah-525435.hostingersite.com\/product\/standard-triaxial-test-set-with-built-in-data-channel\/#local-main-organization-logo"},"telephone":[],"openingHoursSpecification":[{"@type":"OpeningHoursSpecification","dayOfWeek":["Monday","Tuesday","Wednesday","Thursday","Friday","Saturday","Sunday"],"opens":"09:00","closes":"17:00"}]},{"@type":"ImageObject","inLanguage":"fr-FR","@id":"https:\/\/darkorchid-cheetah-525435.hostingersite.com\/product\/standard-triaxial-test-set-with-built-in-data-channel\/#local-main-organization-logo","url":"https:\/\/ykmtest.com\/wp-content\/uploads\/2025\/10\/Asset-2@2x-8.png","contentUrl":"https:\/\/ykmtest.com\/wp-content\/uploads\/2025\/10\/Asset-2@2x-8.png","width":1550,"height":323,"caption":"YKM TEST"}]},"product_price_currency":"USD","og_availability":"instock","product_availability":"instock","product_condition":"new"},"_links":{"self":[{"href":"https:\/\/ykmtest.com\/french\/wp-json\/wp\/v2\/product\/11219","targetHints":{"allow":["GET"]}}],"collection":[{"href":"https:\/\/ykmtest.com\/french\/wp-json\/wp\/v2\/product"}],"about":[{"href":"https:\/\/ykmtest.com\/french\/wp-json\/wp\/v2\/types\/product"}],"version-history":[{"count":1,"href":"https:\/\/ykmtest.com\/french\/wp-json\/wp\/v2\/product\/11219\/revisions"}],"predecessor-version":[{"id":11221,"href":"https:\/\/ykmtest.com\/french\/wp-json\/wp\/v2\/product\/11219\/revisions\/11221"}],"wp:attachment":[{"href":"https:\/\/ykmtest.com\/french\/wp-json\/wp\/v2\/media?parent=11219"}],"wp:term":[{"taxonomy":"product_brand","embeddable":true,"href":"https:\/\/ykmtest.com\/french\/wp-json\/wp\/v2\/product_brand?post=11219"},{"taxonomy":"product_cat","embeddable":true,"href":"https:\/\/ykmtest.com\/french\/wp-json\/wp\/v2\/product_cat?post=11219"},{"taxonomy":"product_tag","embeddable":true,"href":"https:\/\/ykmtest.com\/french\/wp-json\/wp\/v2\/product_tag?post=11219"}],"curies":[{"name":"wp","href":"https:\/\/api.w.org\/{rel}","templated":true}]}}