{"id":11237,"date":"2025-12-18T12:08:46","date_gmt":"2025-12-18T12:08:46","guid":{"rendered":"https:\/\/ykmtest.com\/?post_type=product&#038;p=11237"},"modified":"2025-12-18T12:08:47","modified_gmt":"2025-12-18T12:08:47","slug":"automatic-cbr-testing-machine-digitest","status":"publish","type":"product","link":"https:\/\/ykmtest.com\/french\/produit\/automatic-cbr-testing-machine-digitest\/","title":{"rendered":"Machine d'essai CBR automatique DigiTest"},"content":{"rendered":"<p class=\"p3\"><span lang=\"TR\">Le m\u00e9canisme de chargement fonctionne \u00e0 une vitesse de p\u00e9n\u00e9tration constante, conform\u00e9ment aux normes d'essai CBR, et la vitesse peut \u00eatre r\u00e9gl\u00e9e par l'op\u00e9rateur. La capacit\u00e9 de charge de 50 kN r\u00e9pond facilement aux exigences de contrainte standard pour les moules CBR. La charge est mesur\u00e9e par une cellule de charge et la p\u00e9n\u00e9tration est contr\u00f4l\u00e9e par un capteur de d\u00e9placement \u00e0 haute r\u00e9solution. Le syst\u00e8me de mesure prend en charge l'\u00e9talonnage multipoint pour une stabilit\u00e9 \u00e0 long terme et une faible hyst\u00e9r\u00e9sis. La traverse r\u00e9glable permet une configuration rapide avec diff\u00e9rentes dispositions de moules\/\u00e9chantillons. Des interrupteurs de fin de course sup\u00e9rieur\/inf\u00e9rieur, un arr\u00eat d'urgence et une protection contre les surcharges sont inclus pour la s\u00e9curit\u00e9 de l'op\u00e9rateur et la protection de l'\u00e9quipement. Un \u00e9cran tactile int\u00e9gr\u00e9 de 7\u2033 enregistre simultan\u00e9ment la charge et le d\u00e9placement, ce qui permet d'\u00e9tablir des graphiques en temps r\u00e9el, de capturer les valeurs maximales et d'\u00e9tablir des rapports automatis\u00e9s. La vitesse d'essai, la position et les donn\u00e9es en temps r\u00e9el sont clairement affich\u00e9es. Les profils d'essai peuvent \u00eatre stock\u00e9s et rappel\u00e9s pour des mesures r\u00e9p\u00e9t\u00e9es en utilisant les m\u00eames param\u00e8tres. L'interface de l'\u00e9cran tactile contr\u00f4l\u00e9 par microprocesseur comprend des taux de chargement pr\u00e9r\u00e9gl\u00e9s et des tableaux de p\u00e9n\u00e9tration conformes aux normes d'essai actuelles. Les op\u00e9rateurs peuvent s\u00e9lectionner des proc\u00e9dures standard ou d\u00e9finir des modes d'essai personnalis\u00e9s avec des vitesses de chargement et des intervalles de lecture sp\u00e9cifi\u00e9s par l'utilisateur. Les courbes charge-d\u00e9formation en temps r\u00e9el et les valeurs CBR finales sont affich\u00e9es \u00e0 la fin de l'essai. Les unit\u00e9s de charge (kg ou kN) et de d\u00e9placement (mm ou pouce) peuvent \u00eatre s\u00e9lectionn\u00e9es. Des options linguistiques en anglais et en turc sont disponibles. Le syst\u00e8me prend en charge l'\u00e9talonnage des cellules de charge en 10 points et des LVDT en 10 points pour une pr\u00e9cision maximale. L'essai CBR est r\u00e9alis\u00e9 en appliquant une charge \u00e0 l'\u00e9chantillon de sol \u00e0 l'aide du piston de section standard tout en surveillant la charge et la p\u00e9n\u00e9tration. Les charges mesur\u00e9es sont compar\u00e9es aux valeurs de r\u00e9f\u00e9rence standard pour calculer le CBR \u00e0 2,5% et 5% de p\u00e9n\u00e9tration. Des valeurs CBR plus \u00e9lev\u00e9es indiquent des mat\u00e9riaux plus rigides et plus r\u00e9sistants.<\/span><\/p>","protected":false},"excerpt":{"rendered":"<p class=\"p3\"><span lang=\"TR\">La machine d'essai CBR automatique (CBR DigiTest) est con\u00e7ue pour d\u00e9terminer le coefficient de portance californien (CBR) des sous-fondations, des mat\u00e9riaux de fondation et des sols. Le syst\u00e8me se compose d'un cadre de charge \u00e0 deux colonnes motoris\u00e9 et d'une plate-forme de mesure num\u00e9rique int\u00e9gr\u00e9e. Son corps rigide, son entra\u00eenement \u00e0 faibles vibrations et sa t\u00eate de chargement r\u00e9glable assurent un transfert uniforme de la charge axiale et une p\u00e9n\u00e9tration stable \u00e0 vitesse constante, produisant des donn\u00e9es de charge-d\u00e9formation reproductibles. La configuration de table et la r\u00e9partition \u00e9quilibr\u00e9e du poids assurent un fonctionnement s\u00fbr et stable dans les environnements de laboratoire.<\/span><\/p>","protected":false},"featured_media":0,"template":"","meta":{"_acf_changed":false},"product_brand":[],"product_cat":[125,119],"product_tag":[],"class_list":{"0":"post-11237","1":"product","2":"type-product","3":"status-publish","5":"product_cat-cbr-california-bearing-ratio","6":"product_cat-soil-lab","9":"instock","10":"shipping-taxable","11":"product-type-simple"},"acf":[],"yoast_head":"<!-- This site is optimized with the Yoast SEO Premium plugin v26.5 (Yoast SEO v27.5) - https:\/\/yoast.com\/product\/yoast-seo-premium-wordpress\/ -->\n<title>Automatic CBR Testing Machine DigiTest - YKM TEST<\/title>\n<meta name=\"description\" content=\"Automatic CBR Testing Machine (DigiTest) determines California Bearing Ratio of soils with motorized loading and digital data acquisition.\" \/>\n<meta name=\"robots\" content=\"index, follow, max-snippet:-1, max-image-preview:large, max-video-preview:-1\" \/>\n<link rel=\"canonical\" href=\"https:\/\/darkorchid-cheetah-525435.hostingersite.com\/product\/automatic-cbr-testing-machine-digitest\/\" \/>\n<meta property=\"og:locale\" content=\"fr_FR\" \/>\n<meta property=\"og:type\" content=\"article\" \/>\n<meta property=\"og:title\" content=\"Automatic CBR Testing Machine DigiTest\" \/>\n<meta property=\"og:description\" content=\"Automatic CBR Testing Machine (DigiTest) determines California Bearing Ratio of soils with motorized loading and digital data acquisition.\" \/>\n<meta property=\"og:url\" content=\"https:\/\/darkorchid-cheetah-525435.hostingersite.com\/product\/automatic-cbr-testing-machine-digitest\/\" \/>\n<meta property=\"og:site_name\" content=\"YKM TEST\" \/>\n<meta property=\"article:modified_time\" content=\"2025-12-18T12:08:47+00:00\" \/>\n<meta name=\"twitter:card\" content=\"summary_large_image\" \/>\n<meta name=\"twitter:label1\" content=\"Prix\" \/>\n\t<meta name=\"twitter:data1\" content=\"\" \/>\n\t<meta name=\"twitter:label2\" content=\"Disponibilit\u00e9\" \/>\n\t<meta name=\"twitter:data2\" content=\"En stock\" \/>\n<script type=\"application\/ld+json\" class=\"yoast-schema-graph\">{\"@context\":\"https:\\\/\\\/schema.org\",\"@graph\":[{\"@type\":\"WebPage\",\"@id\":\"https:\\\/\\\/darkorchid-cheetah-525435.hostingersite.com\\\/product\\\/automatic-cbr-testing-machine-digitest\\\/\",\"url\":\"https:\\\/\\\/darkorchid-cheetah-525435.hostingersite.com\\\/product\\\/automatic-cbr-testing-machine-digitest\\\/\",\"name\":\"Automatic CBR Testing Machine DigiTest - YKM TEST\",\"isPartOf\":{\"@id\":\"https:\\\/\\\/darkorchid-cheetah-525435.hostingersite.com\\\/#website\"},\"datePublished\":\"2025-12-18T12:08:46+00:00\",\"dateModified\":\"2025-12-18T12:08:47+00:00\",\"description\":\"Automatic CBR Testing Machine (DigiTest) determines California Bearing Ratio of soils with motorized loading and digital data acquisition.\",\"breadcrumb\":{\"@id\":\"https:\\\/\\\/darkorchid-cheetah-525435.hostingersite.com\\\/product\\\/automatic-cbr-testing-machine-digitest\\\/#breadcrumb\"},\"inLanguage\":\"fr-FR\",\"potentialAction\":[{\"@type\":\"ReadAction\",\"target\":[\"https:\\\/\\\/darkorchid-cheetah-525435.hostingersite.com\\\/product\\\/automatic-cbr-testing-machine-digitest\\\/\"]}]},{\"@type\":\"BreadcrumbList\",\"@id\":\"https:\\\/\\\/darkorchid-cheetah-525435.hostingersite.com\\\/product\\\/automatic-cbr-testing-machine-digitest\\\/#breadcrumb\",\"itemListElement\":[{\"@type\":\"ListItem\",\"position\":1,\"name\":\"Home\",\"item\":\"https:\\\/\\\/darkorchid-cheetah-525435.hostingersite.com\\\/\"},{\"@type\":\"ListItem\",\"position\":2,\"name\":\"\u0422\u043e\u0432\u0430\u0440\u044b\",\"item\":\"https:\\\/\\\/ykmtest.com\\\/ru\\\/shop\\\/\"},{\"@type\":\"ListItem\",\"position\":3,\"name\":\"Automatic CBR Testing Machine DigiTest\"}]},{\"@type\":\"WebSite\",\"@id\":\"https:\\\/\\\/darkorchid-cheetah-525435.hostingersite.com\\\/#website\",\"url\":\"https:\\\/\\\/darkorchid-cheetah-525435.hostingersite.com\\\/\",\"name\":\"YKM TEST\",\"description\":\"\",\"publisher\":{\"@id\":\"https:\\\/\\\/darkorchid-cheetah-525435.hostingersite.com\\\/#organization\"},\"potentialAction\":[{\"@type\":\"SearchAction\",\"target\":{\"@type\":\"EntryPoint\",\"urlTemplate\":\"https:\\\/\\\/darkorchid-cheetah-525435.hostingersite.com\\\/?s={search_term_string}\"},\"query-input\":{\"@type\":\"PropertyValueSpecification\",\"valueRequired\":true,\"valueName\":\"search_term_string\"}}],\"inLanguage\":\"fr-FR\"},{\"@type\":[\"Organization\",\"Place\"],\"@id\":\"https:\\\/\\\/darkorchid-cheetah-525435.hostingersite.com\\\/#organization\",\"name\":\"YKM TEST\",\"url\":\"https:\\\/\\\/darkorchid-cheetah-525435.hostingersite.com\\\/\",\"logo\":{\"@id\":\"https:\\\/\\\/darkorchid-cheetah-525435.hostingersite.com\\\/product\\\/automatic-cbr-testing-machine-digitest\\\/#local-main-organization-logo\"},\"image\":{\"@id\":\"https:\\\/\\\/darkorchid-cheetah-525435.hostingersite.com\\\/product\\\/automatic-cbr-testing-machine-digitest\\\/#local-main-organization-logo\"},\"telephone\":[],\"openingHoursSpecification\":[{\"@type\":\"OpeningHoursSpecification\",\"dayOfWeek\":[\"Monday\",\"Tuesday\",\"Wednesday\",\"Thursday\",\"Friday\",\"Saturday\",\"Sunday\"],\"opens\":\"09:00\",\"closes\":\"17:00\"}]},{\"@type\":\"ImageObject\",\"inLanguage\":\"fr-FR\",\"@id\":\"https:\\\/\\\/darkorchid-cheetah-525435.hostingersite.com\\\/product\\\/automatic-cbr-testing-machine-digitest\\\/#local-main-organization-logo\",\"url\":\"https:\\\/\\\/ykmtest.com\\\/wp-content\\\/uploads\\\/2025\\\/10\\\/Asset-2@2x-8.png\",\"contentUrl\":\"https:\\\/\\\/ykmtest.com\\\/wp-content\\\/uploads\\\/2025\\\/10\\\/Asset-2@2x-8.png\",\"width\":1550,\"height\":323,\"caption\":\"YKM TEST\"}]}<\/script>\n<meta property=\"product:price:currency\" content=\"USD\" \/>\n<meta property=\"og:availability\" content=\"instock\" \/>\n<meta property=\"product:availability\" content=\"instock\" \/>\n<meta property=\"product:condition\" content=\"new\" \/>\n<!-- \/ Yoast SEO Premium plugin. -->","yoast_head_json":{"title":"Automatic CBR Testing Machine DigiTest - YKM TEST","description":"Automatic CBR Testing Machine (DigiTest) determines California Bearing Ratio of soils with motorized loading and digital data acquisition.","robots":{"index":"index","follow":"follow","max-snippet":"max-snippet:-1","max-image-preview":"max-image-preview:large","max-video-preview":"max-video-preview:-1"},"canonical":"https:\/\/darkorchid-cheetah-525435.hostingersite.com\/product\/automatic-cbr-testing-machine-digitest\/","og_locale":"fr_FR","og_type":"article","og_title":"Automatic CBR Testing Machine DigiTest","og_description":"Automatic CBR Testing Machine (DigiTest) determines California Bearing Ratio of soils with motorized loading and digital data acquisition.","og_url":"https:\/\/darkorchid-cheetah-525435.hostingersite.com\/product\/automatic-cbr-testing-machine-digitest\/","og_site_name":"YKM TEST","article_modified_time":"2025-12-18T12:08:47+00:00","twitter_card":"summary_large_image","twitter_misc":{"Prix":"","Disponibilit\u00e9":"En stock"},"schema":{"@context":"https:\/\/schema.org","@graph":[{"@type":"WebPage","@id":"https:\/\/darkorchid-cheetah-525435.hostingersite.com\/product\/automatic-cbr-testing-machine-digitest\/","url":"https:\/\/darkorchid-cheetah-525435.hostingersite.com\/product\/automatic-cbr-testing-machine-digitest\/","name":"Automatic CBR Testing Machine DigiTest - YKM TEST","isPartOf":{"@id":"https:\/\/darkorchid-cheetah-525435.hostingersite.com\/#website"},"datePublished":"2025-12-18T12:08:46+00:00","dateModified":"2025-12-18T12:08:47+00:00","description":"Automatic CBR Testing Machine (DigiTest) determines California Bearing Ratio of soils with motorized loading and digital data acquisition.","breadcrumb":{"@id":"https:\/\/darkorchid-cheetah-525435.hostingersite.com\/product\/automatic-cbr-testing-machine-digitest\/#breadcrumb"},"inLanguage":"fr-FR","potentialAction":[{"@type":"ReadAction","target":["https:\/\/darkorchid-cheetah-525435.hostingersite.com\/product\/automatic-cbr-testing-machine-digitest\/"]}]},{"@type":"BreadcrumbList","@id":"https:\/\/darkorchid-cheetah-525435.hostingersite.com\/product\/automatic-cbr-testing-machine-digitest\/#breadcrumb","itemListElement":[{"@type":"ListItem","position":1,"name":"Home","item":"https:\/\/darkorchid-cheetah-525435.hostingersite.com\/"},{"@type":"ListItem","position":2,"name":"\u0422\u043e\u0432\u0430\u0440\u044b","item":"https:\/\/ykmtest.com\/ru\/shop\/"},{"@type":"ListItem","position":3,"name":"Automatic CBR Testing Machine DigiTest"}]},{"@type":"WebSite","@id":"https:\/\/darkorchid-cheetah-525435.hostingersite.com\/#website","url":"https:\/\/darkorchid-cheetah-525435.hostingersite.com\/","name":"TEST YKM","description":"","publisher":{"@id":"https:\/\/darkorchid-cheetah-525435.hostingersite.com\/#organization"},"potentialAction":[{"@type":"SearchAction","target":{"@type":"EntryPoint","urlTemplate":"https:\/\/darkorchid-cheetah-525435.hostingersite.com\/?s={search_term_string}"},"query-input":{"@type":"PropertyValueSpecification","valueRequired":true,"valueName":"search_term_string"}}],"inLanguage":"fr-FR"},{"@type":["Organization","Place"],"@id":"https:\/\/darkorchid-cheetah-525435.hostingersite.com\/#organization","name":"TEST YKM","url":"https:\/\/darkorchid-cheetah-525435.hostingersite.com\/","logo":{"@id":"https:\/\/darkorchid-cheetah-525435.hostingersite.com\/product\/automatic-cbr-testing-machine-digitest\/#local-main-organization-logo"},"image":{"@id":"https:\/\/darkorchid-cheetah-525435.hostingersite.com\/product\/automatic-cbr-testing-machine-digitest\/#local-main-organization-logo"},"telephone":[],"openingHoursSpecification":[{"@type":"OpeningHoursSpecification","dayOfWeek":["Monday","Tuesday","Wednesday","Thursday","Friday","Saturday","Sunday"],"opens":"09:00","closes":"17:00"}]},{"@type":"ImageObject","inLanguage":"fr-FR","@id":"https:\/\/darkorchid-cheetah-525435.hostingersite.com\/product\/automatic-cbr-testing-machine-digitest\/#local-main-organization-logo","url":"https:\/\/ykmtest.com\/wp-content\/uploads\/2025\/10\/Asset-2@2x-8.png","contentUrl":"https:\/\/ykmtest.com\/wp-content\/uploads\/2025\/10\/Asset-2@2x-8.png","width":1550,"height":323,"caption":"YKM TEST"}]},"product_price_currency":"USD","og_availability":"instock","product_availability":"instock","product_condition":"new"},"_links":{"self":[{"href":"https:\/\/ykmtest.com\/french\/wp-json\/wp\/v2\/product\/11237","targetHints":{"allow":["GET"]}}],"collection":[{"href":"https:\/\/ykmtest.com\/french\/wp-json\/wp\/v2\/product"}],"about":[{"href":"https:\/\/ykmtest.com\/french\/wp-json\/wp\/v2\/types\/product"}],"version-history":[{"count":1,"href":"https:\/\/ykmtest.com\/french\/wp-json\/wp\/v2\/product\/11237\/revisions"}],"predecessor-version":[{"id":11238,"href":"https:\/\/ykmtest.com\/french\/wp-json\/wp\/v2\/product\/11237\/revisions\/11238"}],"wp:attachment":[{"href":"https:\/\/ykmtest.com\/french\/wp-json\/wp\/v2\/media?parent=11237"}],"wp:term":[{"taxonomy":"product_brand","embeddable":true,"href":"https:\/\/ykmtest.com\/french\/wp-json\/wp\/v2\/product_brand?post=11237"},{"taxonomy":"product_cat","embeddable":true,"href":"https:\/\/ykmtest.com\/french\/wp-json\/wp\/v2\/product_cat?post=11237"},{"taxonomy":"product_tag","embeddable":true,"href":"https:\/\/ykmtest.com\/french\/wp-json\/wp\/v2\/product_tag?post=11237"}],"curies":[{"name":"wp","href":"https:\/\/api.w.org\/{rel}","templated":true}]}}