{"id":11239,"date":"2025-12-18T12:22:09","date_gmt":"2025-12-18T12:22:09","guid":{"rendered":"https:\/\/ykmtest.com\/?post_type=product&#038;p=11239"},"modified":"2025-12-18T12:22:11","modified_gmt":"2025-12-18T12:22:11","slug":"automatic-universal-testing-machine-versaload","status":"publish","type":"product","link":"https:\/\/ykmtest.com\/french\/produit\/automatic-universal-testing-machine-versaload\/","title":{"rendered":"Machine d'essai universelle automatique \u2013 VersaLoad"},"content":{"rendered":"<p class=\"p3\"><span lang=\"TR\">L'architecture de contr\u00f4le en boucle ferm\u00e9e prend en charge les modes de test contr\u00f4l\u00e9s par la charge, le d\u00e9placement et la d\u00e9formation. Un capteur de charge int\u00e9gr\u00e9 et un capteur de d\u00e9placement \u00e0 haute r\u00e9solution fournissent une capacit\u00e9 de mesure lin\u00e9aire et \u00e0 grande \u00e9chelle. La mise \u00e0 z\u00e9ro automatique, la capture des pics et le contr\u00f4le du taux bas\u00e9 sur la charge ou le d\u00e9placement sont standard. Le panneau op\u00e9rateur int\u00e9gr\u00e9 \u00e0 quatre canaux acquiert simultan\u00e9ment plusieurs entr\u00e9es de capteur, ce qui permet d'\u00e9tablir des graphiques en temps r\u00e9el, des annotations et des flux de travail de rapport rapide avec des mod\u00e8les pr\u00e9format\u00e9s. VersaLoad est dot\u00e9 d'une traverse modulaire et d'une interface de fixation \u00e0 changement rapide. Les plateaux de compression, les pinces de traction, les dispositifs de flexion \u00e0 trois ou quatre points, les accessoires br\u00e9siliens (tension indirecte) et les adaptateurs pour mat\u00e9riaux civils peuvent \u00eatre utilis\u00e9s de mani\u00e8re interchangeable sur un seul et m\u00eame cadre d'essai. Un grand d\u00e9gagement vertical et une traverse r\u00e9glable permettent de positionner diff\u00e9rentes g\u00e9om\u00e9tries d'\u00e9chantillons sans d\u00e9salignement. L'interface utilisateur est g\u00e9r\u00e9e par un panneau de commande \u00e0 \u00e9cran tactile et un logiciel PC. La vitesse d'essai, la charge ou la d\u00e9formation cible, les crit\u00e8res d'arr\u00eat et les limites de s\u00e9curit\u00e9 sont configur\u00e9s \u00e0 partir d'un seul \u00e9cran. Des mod\u00e8les d'essai pr\u00e9d\u00e9finis et une biblioth\u00e8que de m\u00e9thodes permettent de r\u00e9p\u00e9ter rapidement les essais en utilisant des param\u00e8tres identiques. La s\u00e9curit\u00e9 et l'ergonomie sont au c\u0153ur de la conception. Deux limiteurs de surcourse et un bouton d'arr\u00eat d'urgence sont fournis en standard. Le servomoteur silencieux et le ch\u00e2ssis amortissant les vibrations am\u00e9liorent les performances du laboratoire et le confort de l'op\u00e9rateur.<\/span><\/p>","protected":false},"excerpt":{"rendered":"<p>Machine d'essai universelle automatique, VersaLoad est un banc d'essai servo\u00e9lectrique en boucle ferm\u00e9e con\u00e7u pour effectuer des essais de traction, de compression et de flexion sur une seule plate-forme. Sa structure rigide \u00e0 deux colonnes, son entra\u00eenement de pr\u00e9cision par vis \u00e0 billes\/moteur asservi et sa t\u00eate de chargement \u00e0 si\u00e8ge sph\u00e9rique garantissent un transfert uniforme de la charge sur l'\u00e9chantillon et offrent des performances de charge-d\u00e9placement r\u00e9p\u00e9tables et \u00e0 faibles vibrations.<\/p>","protected":false},"featured_media":0,"template":"","meta":{"_acf_changed":false},"product_brand":[],"product_cat":[125,119],"product_tag":[],"class_list":{"0":"post-11239","1":"product","2":"type-product","3":"status-publish","5":"product_cat-cbr-california-bearing-ratio","6":"product_cat-soil-lab","9":"instock","10":"shipping-taxable","11":"product-type-simple"},"acf":[],"yoast_head":"<!-- This site is optimized with the Yoast SEO Premium plugin v26.5 (Yoast SEO v26.5) - https:\/\/yoast.com\/wordpress\/plugins\/seo\/ -->\n<title>Automatic Universal Testing Machine \u2013 VersaLoad - YKM TEST<\/title>\n<meta name=\"description\" content=\"Automatic Universal Testing Machine VersaLoad performs tensile, compression, and flexural tests with servo-electric closed-loop control.\" \/>\n<meta name=\"robots\" content=\"index, follow, max-snippet:-1, max-image-preview:large, max-video-preview:-1\" \/>\n<link rel=\"canonical\" href=\"https:\/\/darkorchid-cheetah-525435.hostingersite.com\/product\/automatic-universal-testing-machine-versaload\/\" \/>\n<meta property=\"og:locale\" content=\"fr_FR\" \/>\n<meta property=\"og:type\" content=\"article\" \/>\n<meta property=\"og:title\" content=\"Automatic Universal Testing Machine \u2013 VersaLoad\" \/>\n<meta property=\"og:description\" content=\"Automatic Universal Testing Machine VersaLoad performs tensile, compression, and flexural tests with servo-electric closed-loop control.\" \/>\n<meta property=\"og:url\" content=\"https:\/\/darkorchid-cheetah-525435.hostingersite.com\/product\/automatic-universal-testing-machine-versaload\/\" \/>\n<meta property=\"og:site_name\" content=\"YKM TEST\" \/>\n<meta property=\"article:modified_time\" content=\"2025-12-18T12:22:11+00:00\" \/>\n<meta name=\"twitter:card\" content=\"summary_large_image\" \/>\n<meta name=\"twitter:label1\" content=\"Prix\" \/>\n\t<meta name=\"twitter:data1\" content=\"\" \/>\n\t<meta name=\"twitter:label2\" content=\"Disponibilit\u00e9\" \/>\n\t<meta name=\"twitter:data2\" content=\"En stock\" \/>\n<script type=\"application\/ld+json\" class=\"yoast-schema-graph\">{\"@context\":\"https:\/\/schema.org\",\"@graph\":[{\"@type\":\"WebPage\",\"@id\":\"https:\/\/darkorchid-cheetah-525435.hostingersite.com\/product\/automatic-universal-testing-machine-versaload\/\",\"url\":\"https:\/\/darkorchid-cheetah-525435.hostingersite.com\/product\/automatic-universal-testing-machine-versaload\/\",\"name\":\"Automatic Universal Testing Machine \u2013 VersaLoad - YKM TEST\",\"isPartOf\":{\"@id\":\"https:\/\/darkorchid-cheetah-525435.hostingersite.com\/#website\"},\"datePublished\":\"2025-12-18T12:22:09+00:00\",\"dateModified\":\"2025-12-18T12:22:11+00:00\",\"description\":\"Automatic Universal Testing Machine VersaLoad performs tensile, compression, and flexural tests with servo-electric closed-loop control.\",\"breadcrumb\":{\"@id\":\"https:\/\/darkorchid-cheetah-525435.hostingersite.com\/product\/automatic-universal-testing-machine-versaload\/#breadcrumb\"},\"inLanguage\":\"fr-FR\",\"potentialAction\":[{\"@type\":\"ReadAction\",\"target\":[\"https:\/\/darkorchid-cheetah-525435.hostingersite.com\/product\/automatic-universal-testing-machine-versaload\/\"]}]},{\"@type\":\"BreadcrumbList\",\"@id\":\"https:\/\/darkorchid-cheetah-525435.hostingersite.com\/product\/automatic-universal-testing-machine-versaload\/#breadcrumb\",\"itemListElement\":[{\"@type\":\"ListItem\",\"position\":1,\"name\":\"Home\",\"item\":\"https:\/\/darkorchid-cheetah-525435.hostingersite.com\/\"},{\"@type\":\"ListItem\",\"position\":2,\"name\":\"\u0422\u043e\u0432\u0430\u0440\u044b\",\"item\":\"https:\/\/ykmtest.com\/ru\/shop\/\"},{\"@type\":\"ListItem\",\"position\":3,\"name\":\"Automatic Universal Testing Machine \u2013 VersaLoad\"}]},{\"@type\":\"WebSite\",\"@id\":\"https:\/\/darkorchid-cheetah-525435.hostingersite.com\/#website\",\"url\":\"https:\/\/darkorchid-cheetah-525435.hostingersite.com\/\",\"name\":\"YKM TEST\",\"description\":\"\",\"publisher\":{\"@id\":\"https:\/\/darkorchid-cheetah-525435.hostingersite.com\/#organization\"},\"potentialAction\":[{\"@type\":\"SearchAction\",\"target\":{\"@type\":\"EntryPoint\",\"urlTemplate\":\"https:\/\/darkorchid-cheetah-525435.hostingersite.com\/?s={search_term_string}\"},\"query-input\":{\"@type\":\"PropertyValueSpecification\",\"valueRequired\":true,\"valueName\":\"search_term_string\"}}],\"inLanguage\":\"fr-FR\"},{\"@type\":[\"Organization\",\"Place\"],\"@id\":\"https:\/\/darkorchid-cheetah-525435.hostingersite.com\/#organization\",\"name\":\"YKM TEST\",\"url\":\"https:\/\/darkorchid-cheetah-525435.hostingersite.com\/\",\"logo\":{\"@id\":\"https:\/\/darkorchid-cheetah-525435.hostingersite.com\/product\/automatic-universal-testing-machine-versaload\/#local-main-organization-logo\"},\"image\":{\"@id\":\"https:\/\/darkorchid-cheetah-525435.hostingersite.com\/product\/automatic-universal-testing-machine-versaload\/#local-main-organization-logo\"},\"telephone\":[],\"openingHoursSpecification\":[{\"@type\":\"OpeningHoursSpecification\",\"dayOfWeek\":[\"Monday\",\"Tuesday\",\"Wednesday\",\"Thursday\",\"Friday\",\"Saturday\",\"Sunday\"],\"opens\":\"09:00\",\"closes\":\"17:00\"}]},{\"@type\":\"ImageObject\",\"inLanguage\":\"fr-FR\",\"@id\":\"https:\/\/darkorchid-cheetah-525435.hostingersite.com\/product\/automatic-universal-testing-machine-versaload\/#local-main-organization-logo\",\"url\":\"https:\/\/ykmtest.com\/wp-content\/uploads\/2025\/10\/Asset-2@2x-8.png\",\"contentUrl\":\"https:\/\/ykmtest.com\/wp-content\/uploads\/2025\/10\/Asset-2@2x-8.png\",\"width\":1550,\"height\":323,\"caption\":\"YKM TEST\"}]}<\/script>\n<meta property=\"product:price:currency\" content=\"USD\" \/>\n<meta property=\"og:availability\" content=\"instock\" \/>\n<meta property=\"product:availability\" content=\"instock\" \/>\n<meta property=\"product:condition\" content=\"new\" \/>\n<!-- \/ Yoast SEO Premium plugin. -->","yoast_head_json":{"title":"Automatic Universal Testing Machine \u2013 VersaLoad - YKM TEST","description":"Automatic Universal Testing Machine VersaLoad performs tensile, compression, and flexural tests with servo-electric closed-loop control.","robots":{"index":"index","follow":"follow","max-snippet":"max-snippet:-1","max-image-preview":"max-image-preview:large","max-video-preview":"max-video-preview:-1"},"canonical":"https:\/\/darkorchid-cheetah-525435.hostingersite.com\/product\/automatic-universal-testing-machine-versaload\/","og_locale":"fr_FR","og_type":"article","og_title":"Automatic Universal Testing Machine \u2013 VersaLoad","og_description":"Automatic Universal Testing Machine VersaLoad performs tensile, compression, and flexural tests with servo-electric closed-loop control.","og_url":"https:\/\/darkorchid-cheetah-525435.hostingersite.com\/product\/automatic-universal-testing-machine-versaload\/","og_site_name":"YKM TEST","article_modified_time":"2025-12-18T12:22:11+00:00","twitter_card":"summary_large_image","twitter_misc":{"Prix":"","Disponibilit\u00e9":"En stock"},"schema":{"@context":"https:\/\/schema.org","@graph":[{"@type":"WebPage","@id":"https:\/\/darkorchid-cheetah-525435.hostingersite.com\/product\/automatic-universal-testing-machine-versaload\/","url":"https:\/\/darkorchid-cheetah-525435.hostingersite.com\/product\/automatic-universal-testing-machine-versaload\/","name":"Automatic Universal Testing Machine \u2013 VersaLoad - YKM TEST","isPartOf":{"@id":"https:\/\/darkorchid-cheetah-525435.hostingersite.com\/#website"},"datePublished":"2025-12-18T12:22:09+00:00","dateModified":"2025-12-18T12:22:11+00:00","description":"Automatic Universal Testing Machine VersaLoad performs tensile, compression, and flexural tests with servo-electric closed-loop control.","breadcrumb":{"@id":"https:\/\/darkorchid-cheetah-525435.hostingersite.com\/product\/automatic-universal-testing-machine-versaload\/#breadcrumb"},"inLanguage":"fr-FR","potentialAction":[{"@type":"ReadAction","target":["https:\/\/darkorchid-cheetah-525435.hostingersite.com\/product\/automatic-universal-testing-machine-versaload\/"]}]},{"@type":"BreadcrumbList","@id":"https:\/\/darkorchid-cheetah-525435.hostingersite.com\/product\/automatic-universal-testing-machine-versaload\/#breadcrumb","itemListElement":[{"@type":"ListItem","position":1,"name":"Home","item":"https:\/\/darkorchid-cheetah-525435.hostingersite.com\/"},{"@type":"ListItem","position":2,"name":"\u0422\u043e\u0432\u0430\u0440\u044b","item":"https:\/\/ykmtest.com\/ru\/shop\/"},{"@type":"ListItem","position":3,"name":"Automatic Universal Testing Machine \u2013 VersaLoad"}]},{"@type":"WebSite","@id":"https:\/\/darkorchid-cheetah-525435.hostingersite.com\/#website","url":"https:\/\/darkorchid-cheetah-525435.hostingersite.com\/","name":"TEST YKM","description":"","publisher":{"@id":"https:\/\/darkorchid-cheetah-525435.hostingersite.com\/#organization"},"potentialAction":[{"@type":"SearchAction","target":{"@type":"EntryPoint","urlTemplate":"https:\/\/darkorchid-cheetah-525435.hostingersite.com\/?s={search_term_string}"},"query-input":{"@type":"PropertyValueSpecification","valueRequired":true,"valueName":"search_term_string"}}],"inLanguage":"fr-FR"},{"@type":["Organization","Place"],"@id":"https:\/\/darkorchid-cheetah-525435.hostingersite.com\/#organization","name":"TEST YKM","url":"https:\/\/darkorchid-cheetah-525435.hostingersite.com\/","logo":{"@id":"https:\/\/darkorchid-cheetah-525435.hostingersite.com\/product\/automatic-universal-testing-machine-versaload\/#local-main-organization-logo"},"image":{"@id":"https:\/\/darkorchid-cheetah-525435.hostingersite.com\/product\/automatic-universal-testing-machine-versaload\/#local-main-organization-logo"},"telephone":[],"openingHoursSpecification":[{"@type":"OpeningHoursSpecification","dayOfWeek":["Monday","Tuesday","Wednesday","Thursday","Friday","Saturday","Sunday"],"opens":"09:00","closes":"17:00"}]},{"@type":"ImageObject","inLanguage":"fr-FR","@id":"https:\/\/darkorchid-cheetah-525435.hostingersite.com\/product\/automatic-universal-testing-machine-versaload\/#local-main-organization-logo","url":"https:\/\/ykmtest.com\/wp-content\/uploads\/2025\/10\/Asset-2@2x-8.png","contentUrl":"https:\/\/ykmtest.com\/wp-content\/uploads\/2025\/10\/Asset-2@2x-8.png","width":1550,"height":323,"caption":"YKM TEST"}]},"product_price_currency":"USD","og_availability":"instock","product_availability":"instock","product_condition":"new"},"_links":{"self":[{"href":"https:\/\/ykmtest.com\/french\/wp-json\/wp\/v2\/product\/11239","targetHints":{"allow":["GET"]}}],"collection":[{"href":"https:\/\/ykmtest.com\/french\/wp-json\/wp\/v2\/product"}],"about":[{"href":"https:\/\/ykmtest.com\/french\/wp-json\/wp\/v2\/types\/product"}],"version-history":[{"count":1,"href":"https:\/\/ykmtest.com\/french\/wp-json\/wp\/v2\/product\/11239\/revisions"}],"predecessor-version":[{"id":11240,"href":"https:\/\/ykmtest.com\/french\/wp-json\/wp\/v2\/product\/11239\/revisions\/11240"}],"wp:attachment":[{"href":"https:\/\/ykmtest.com\/french\/wp-json\/wp\/v2\/media?parent=11239"}],"wp:term":[{"taxonomy":"product_brand","embeddable":true,"href":"https:\/\/ykmtest.com\/french\/wp-json\/wp\/v2\/product_brand?post=11239"},{"taxonomy":"product_cat","embeddable":true,"href":"https:\/\/ykmtest.com\/french\/wp-json\/wp\/v2\/product_cat?post=11239"},{"taxonomy":"product_tag","embeddable":true,"href":"https:\/\/ykmtest.com\/french\/wp-json\/wp\/v2\/product_tag?post=11239"}],"curies":[{"name":"wp","href":"https:\/\/api.w.org\/{rel}","templated":true}]}}