{"id":11332,"date":"2025-12-19T10:59:37","date_gmt":"2025-12-19T10:59:37","guid":{"rendered":"https:\/\/ykmtest.com\/?post_type=product&#038;p=11332"},"modified":"2025-12-23T09:32:51","modified_gmt":"2025-12-23T09:32:51","slug":"sand-equivalent-test-set","status":"publish","type":"product","link":"https:\/\/ykmtest.com\/french\/produit\/sand-equivalent-test-set\/","title":{"rendered":"Ensemble d'essai \u00e9quivalent au sable"},"content":{"rendered":"<p>L'ensemble de test d'\u00e9quivalence de sable se compose de tubes cylindriques transparents gradu\u00e9s, d'un bras d'agitation m\u00e9canique, d'un siphon d'aspiration, d'une pipette de mesure, de tuyaux en caoutchouc, d'un r\u00e9cipient de m\u00e9lange pour la pr\u00e9paration de la solution, d'un support de transport lest\u00e9 et d'un r\u00e9cipient pour l'analyse de l'humidit\u00e9. Les tubes transparents sont munis de marques d'\u00e9talonnage pour une lecture facile. L'agitateur m\u00e9canique en option augmente la r\u00e9p\u00e9tabilit\u00e9 des tests et minimise l'influence de l'op\u00e9rateur.<\/p>","protected":false},"excerpt":{"rendered":"<p class=\"p3\"><span lang=\"TR\">L'ensemble de test d'\u00e9quivalence de sable est con\u00e7u pour d\u00e9terminer la quantit\u00e9 d'argile, de limon et de poussi\u00e8re dans les agr\u00e9gats \u00e0 grains fins. Il s'agit d'un appareil de laboratoire fiable et facile \u00e0 utiliser. Le test mesure la proportion de contaminants fins dans le sol et les agr\u00e9gats, \u00e9valuant la propret\u00e9 du mat\u00e9riau et l'ad\u00e9quation granulom\u00e9trique.<\/span><\/p>","protected":false},"featured_media":0,"template":"","meta":{"_acf_changed":false},"product_brand":[],"product_cat":[129,119],"product_tag":[],"class_list":{"0":"post-11332","1":"product","2":"type-product","3":"status-publish","5":"product_cat-sand-equivalent-test","6":"product_cat-soil-lab","9":"instock","10":"shipping-taxable","11":"product-type-simple"},"acf":[],"yoast_head":"<!-- This site is optimized with the Yoast SEO Premium plugin v26.5 (Yoast SEO v27.5) - https:\/\/yoast.com\/product\/yoast-seo-premium-wordpress\/ -->\n<title>Sand Equivalent Test Set - YKM TEST<\/title>\n<meta name=\"description\" content=\"Reliable Sand Equivalent Test Set for measuring clay, silt, and dust content in fine aggregates. Ideal for evaluating soil and aggregate cleanliness and suitability in construction projects. Easy-to-use with optional mechanical shaker for improved accuracy.\" \/>\n<meta name=\"robots\" content=\"index, follow, max-snippet:-1, max-image-preview:large, max-video-preview:-1\" \/>\n<link rel=\"canonical\" href=\"https:\/\/ykmtest.com\/french\/produit\/sand-equivalent-test-set\/\" \/>\n<meta property=\"og:locale\" content=\"fr_FR\" \/>\n<meta property=\"og:type\" content=\"article\" \/>\n<meta property=\"og:title\" content=\"Sand Equivalent Test Set\" \/>\n<meta property=\"og:description\" content=\"Reliable Sand Equivalent Test Set for measuring clay, silt, and dust content in fine aggregates. Ideal for evaluating soil and aggregate cleanliness and suitability in construction projects. Easy-to-use with optional mechanical shaker for improved accuracy.\" \/>\n<meta property=\"og:url\" content=\"https:\/\/ykmtest.com\/french\/produit\/sand-equivalent-test-set\/\" \/>\n<meta property=\"og:site_name\" content=\"YKM TEST\" \/>\n<meta property=\"article:modified_time\" content=\"2025-12-23T09:32:51+00:00\" \/>\n<meta name=\"twitter:card\" content=\"summary_large_image\" \/>\n<meta name=\"twitter:label1\" content=\"Prix\" \/>\n\t<meta name=\"twitter:data1\" content=\"\" \/>\n\t<meta name=\"twitter:label2\" content=\"Disponibilit\u00e9\" \/>\n\t<meta name=\"twitter:data2\" content=\"En stock\" \/>\n<script type=\"application\/ld+json\" class=\"yoast-schema-graph\">{\"@context\":\"https:\\\/\\\/schema.org\",\"@graph\":[{\"@type\":\"WebPage\",\"@id\":\"https:\\\/\\\/ykmtest.com\\\/product\\\/sand-equivalent-test-set\\\/\",\"url\":\"https:\\\/\\\/ykmtest.com\\\/product\\\/sand-equivalent-test-set\\\/\",\"name\":\"Sand Equivalent Test Set - YKM TEST\",\"isPartOf\":{\"@id\":\"https:\\\/\\\/darkorchid-cheetah-525435.hostingersite.com\\\/#website\"},\"datePublished\":\"2025-12-19T10:59:37+00:00\",\"dateModified\":\"2025-12-23T09:32:51+00:00\",\"description\":\"Reliable Sand Equivalent Test Set for measuring clay, silt, and dust content in fine aggregates. Ideal for evaluating soil and aggregate cleanliness and suitability in construction projects. Easy-to-use with optional mechanical shaker for improved accuracy.\",\"breadcrumb\":{\"@id\":\"https:\\\/\\\/ykmtest.com\\\/product\\\/sand-equivalent-test-set\\\/#breadcrumb\"},\"inLanguage\":\"fr-FR\",\"potentialAction\":[{\"@type\":\"ReadAction\",\"target\":[\"https:\\\/\\\/ykmtest.com\\\/product\\\/sand-equivalent-test-set\\\/\"]}]},{\"@type\":\"BreadcrumbList\",\"@id\":\"https:\\\/\\\/ykmtest.com\\\/product\\\/sand-equivalent-test-set\\\/#breadcrumb\",\"itemListElement\":[{\"@type\":\"ListItem\",\"position\":1,\"name\":\"Home\",\"item\":\"https:\\\/\\\/darkorchid-cheetah-525435.hostingersite.com\\\/\"},{\"@type\":\"ListItem\",\"position\":2,\"name\":\"\u0422\u043e\u0432\u0430\u0440\u044b\",\"item\":\"https:\\\/\\\/ykmtest.com\\\/ru\\\/shop\\\/\"},{\"@type\":\"ListItem\",\"position\":3,\"name\":\"Sand Equivalent Test Set\"}]},{\"@type\":\"WebSite\",\"@id\":\"https:\\\/\\\/darkorchid-cheetah-525435.hostingersite.com\\\/#website\",\"url\":\"https:\\\/\\\/darkorchid-cheetah-525435.hostingersite.com\\\/\",\"name\":\"YKM TEST\",\"description\":\"\",\"publisher\":{\"@id\":\"https:\\\/\\\/darkorchid-cheetah-525435.hostingersite.com\\\/#organization\"},\"potentialAction\":[{\"@type\":\"SearchAction\",\"target\":{\"@type\":\"EntryPoint\",\"urlTemplate\":\"https:\\\/\\\/darkorchid-cheetah-525435.hostingersite.com\\\/?s={search_term_string}\"},\"query-input\":{\"@type\":\"PropertyValueSpecification\",\"valueRequired\":true,\"valueName\":\"search_term_string\"}}],\"inLanguage\":\"fr-FR\"},{\"@type\":[\"Organization\",\"Place\"],\"@id\":\"https:\\\/\\\/darkorchid-cheetah-525435.hostingersite.com\\\/#organization\",\"name\":\"YKM TEST\",\"url\":\"https:\\\/\\\/darkorchid-cheetah-525435.hostingersite.com\\\/\",\"logo\":{\"@id\":\"https:\\\/\\\/ykmtest.com\\\/product\\\/sand-equivalent-test-set\\\/#local-main-organization-logo\"},\"image\":{\"@id\":\"https:\\\/\\\/ykmtest.com\\\/product\\\/sand-equivalent-test-set\\\/#local-main-organization-logo\"},\"telephone\":[],\"openingHoursSpecification\":[{\"@type\":\"OpeningHoursSpecification\",\"dayOfWeek\":[\"Monday\",\"Tuesday\",\"Wednesday\",\"Thursday\",\"Friday\",\"Saturday\",\"Sunday\"],\"opens\":\"09:00\",\"closes\":\"17:00\"}]},{\"@type\":\"ImageObject\",\"inLanguage\":\"fr-FR\",\"@id\":\"https:\\\/\\\/ykmtest.com\\\/product\\\/sand-equivalent-test-set\\\/#local-main-organization-logo\",\"url\":\"https:\\\/\\\/ykmtest.com\\\/wp-content\\\/uploads\\\/2025\\\/10\\\/Asset-2@2x-8.png\",\"contentUrl\":\"https:\\\/\\\/ykmtest.com\\\/wp-content\\\/uploads\\\/2025\\\/10\\\/Asset-2@2x-8.png\",\"width\":1550,\"height\":323,\"caption\":\"YKM TEST\"}]}<\/script>\n<meta property=\"product:price:currency\" content=\"USD\" \/>\n<meta property=\"og:availability\" content=\"instock\" \/>\n<meta property=\"product:availability\" content=\"instock\" \/>\n<meta property=\"product:condition\" content=\"new\" \/>\n<!-- \/ Yoast SEO Premium plugin. -->","yoast_head_json":{"title":"Sand Equivalent Test Set - YKM TEST","description":"Reliable Sand Equivalent Test Set for measuring clay, silt, and dust content in fine aggregates. Ideal for evaluating soil and aggregate cleanliness and suitability in construction projects. Easy-to-use with optional mechanical shaker for improved accuracy.","robots":{"index":"index","follow":"follow","max-snippet":"max-snippet:-1","max-image-preview":"max-image-preview:large","max-video-preview":"max-video-preview:-1"},"canonical":"https:\/\/ykmtest.com\/french\/produit\/sand-equivalent-test-set\/","og_locale":"fr_FR","og_type":"article","og_title":"Sand Equivalent Test Set","og_description":"Reliable Sand Equivalent Test Set for measuring clay, silt, and dust content in fine aggregates. Ideal for evaluating soil and aggregate cleanliness and suitability in construction projects. Easy-to-use with optional mechanical shaker for improved accuracy.","og_url":"https:\/\/ykmtest.com\/french\/produit\/sand-equivalent-test-set\/","og_site_name":"YKM TEST","article_modified_time":"2025-12-23T09:32:51+00:00","twitter_card":"summary_large_image","twitter_misc":{"Prix":"","Disponibilit\u00e9":"En stock"},"schema":{"@context":"https:\/\/schema.org","@graph":[{"@type":"WebPage","@id":"https:\/\/ykmtest.com\/product\/sand-equivalent-test-set\/","url":"https:\/\/ykmtest.com\/product\/sand-equivalent-test-set\/","name":"Sand Equivalent Test Set - YKM TEST","isPartOf":{"@id":"https:\/\/darkorchid-cheetah-525435.hostingersite.com\/#website"},"datePublished":"2025-12-19T10:59:37+00:00","dateModified":"2025-12-23T09:32:51+00:00","description":"Reliable Sand Equivalent Test Set for measuring clay, silt, and dust content in fine aggregates. Ideal for evaluating soil and aggregate cleanliness and suitability in construction projects. Easy-to-use with optional mechanical shaker for improved accuracy.","breadcrumb":{"@id":"https:\/\/ykmtest.com\/product\/sand-equivalent-test-set\/#breadcrumb"},"inLanguage":"fr-FR","potentialAction":[{"@type":"ReadAction","target":["https:\/\/ykmtest.com\/product\/sand-equivalent-test-set\/"]}]},{"@type":"BreadcrumbList","@id":"https:\/\/ykmtest.com\/product\/sand-equivalent-test-set\/#breadcrumb","itemListElement":[{"@type":"ListItem","position":1,"name":"Home","item":"https:\/\/darkorchid-cheetah-525435.hostingersite.com\/"},{"@type":"ListItem","position":2,"name":"\u0422\u043e\u0432\u0430\u0440\u044b","item":"https:\/\/ykmtest.com\/ru\/shop\/"},{"@type":"ListItem","position":3,"name":"Sand Equivalent Test Set"}]},{"@type":"WebSite","@id":"https:\/\/darkorchid-cheetah-525435.hostingersite.com\/#website","url":"https:\/\/darkorchid-cheetah-525435.hostingersite.com\/","name":"TEST YKM","description":"","publisher":{"@id":"https:\/\/darkorchid-cheetah-525435.hostingersite.com\/#organization"},"potentialAction":[{"@type":"SearchAction","target":{"@type":"EntryPoint","urlTemplate":"https:\/\/darkorchid-cheetah-525435.hostingersite.com\/?s={search_term_string}"},"query-input":{"@type":"PropertyValueSpecification","valueRequired":true,"valueName":"search_term_string"}}],"inLanguage":"fr-FR"},{"@type":["Organization","Place"],"@id":"https:\/\/darkorchid-cheetah-525435.hostingersite.com\/#organization","name":"TEST YKM","url":"https:\/\/darkorchid-cheetah-525435.hostingersite.com\/","logo":{"@id":"https:\/\/ykmtest.com\/product\/sand-equivalent-test-set\/#local-main-organization-logo"},"image":{"@id":"https:\/\/ykmtest.com\/product\/sand-equivalent-test-set\/#local-main-organization-logo"},"telephone":[],"openingHoursSpecification":[{"@type":"OpeningHoursSpecification","dayOfWeek":["Monday","Tuesday","Wednesday","Thursday","Friday","Saturday","Sunday"],"opens":"09:00","closes":"17:00"}]},{"@type":"ImageObject","inLanguage":"fr-FR","@id":"https:\/\/ykmtest.com\/product\/sand-equivalent-test-set\/#local-main-organization-logo","url":"https:\/\/ykmtest.com\/wp-content\/uploads\/2025\/10\/Asset-2@2x-8.png","contentUrl":"https:\/\/ykmtest.com\/wp-content\/uploads\/2025\/10\/Asset-2@2x-8.png","width":1550,"height":323,"caption":"YKM TEST"}]},"product_price_currency":"USD","og_availability":"instock","product_availability":"instock","product_condition":"new"},"_links":{"self":[{"href":"https:\/\/ykmtest.com\/french\/wp-json\/wp\/v2\/product\/11332","targetHints":{"allow":["GET"]}}],"collection":[{"href":"https:\/\/ykmtest.com\/french\/wp-json\/wp\/v2\/product"}],"about":[{"href":"https:\/\/ykmtest.com\/french\/wp-json\/wp\/v2\/types\/product"}],"version-history":[{"count":2,"href":"https:\/\/ykmtest.com\/french\/wp-json\/wp\/v2\/product\/11332\/revisions"}],"predecessor-version":[{"id":11430,"href":"https:\/\/ykmtest.com\/french\/wp-json\/wp\/v2\/product\/11332\/revisions\/11430"}],"wp:attachment":[{"href":"https:\/\/ykmtest.com\/french\/wp-json\/wp\/v2\/media?parent=11332"}],"wp:term":[{"taxonomy":"product_brand","embeddable":true,"href":"https:\/\/ykmtest.com\/french\/wp-json\/wp\/v2\/product_brand?post=11332"},{"taxonomy":"product_cat","embeddable":true,"href":"https:\/\/ykmtest.com\/french\/wp-json\/wp\/v2\/product_cat?post=11332"},{"taxonomy":"product_tag","embeddable":true,"href":"https:\/\/ykmtest.com\/french\/wp-json\/wp\/v2\/product_tag?post=11332"}],"curies":[{"name":"wp","href":"https:\/\/api.w.org\/{rel}","templated":true}]}}