{"id":11350,"date":"2025-12-19T12:10:08","date_gmt":"2025-12-19T12:10:08","guid":{"rendered":"https:\/\/ykmtest.com\/?post_type=product&#038;p=11350"},"modified":"2025-12-19T15:19:49","modified_gmt":"2025-12-19T15:19:49","slug":"laboratory-type-crusher-and-grinder","status":"publish","type":"product","link":"https:\/\/ykmtest.com\/french\/produit\/laboratory-type-crusher-and-grinder\/","title":{"rendered":"Broyeur et concasseur de laboratoire"},"content":{"rendered":"<p class=\"p3\"><span lang=\"TR\">La section du concasseur \u00e0 m\u00e2choires comprend un r\u00e9glage continu de l'\u00e9cartement, une compensation du point z\u00e9ro\/de l'usure et une chambre de broyage \u00e0 nettoyage rapide pour atteindre la taille de particule souhait\u00e9e. Des roulements \u00e0 haute rigidit\u00e9, un entra\u00eenement \u00e9quilibr\u00e9 et un angle de pincement optimis\u00e9 garantissent des performances de broyage stables, m\u00eame avec des mat\u00e9riaux durs. C\u00f4t\u00e9 broyeur, des ensembles de broyage en acier r\u00e9sistant \u00e0 l'usure ou en carbure de tungst\u00e8ne sont s\u00e9lectionn\u00e9s en fonction de la compatibilit\u00e9 des mat\u00e9riaux. La chambre de broyage \u00e9tanche limite les \u00e9missions de poussi\u00e8res et r\u00e9duit les pertes d'\u00e9chantillons. Les bols \u00e0 verrouillage rapide et les finitions de surface lisses permettent un nettoyage rapide et une maintenance r\u00e9duite entre les lots. Le ch\u00e2ssis modulaire, la tr\u00e9mie d'alimentation, les grands plateaux de collecte et la base r\u00e9sistante aux vibrations rendent le syst\u00e8me adapt\u00e9 \u00e0 une utilisation intensive. Toutes les pi\u00e8ces en contact avec le produit sont fabriqu\u00e9es \u00e0 partir de mat\u00e9riaux r\u00e9sistants \u00e0 la corrosion. L'arr\u00eat d'urgence, la protection contre les surcharges et les verrouillages de s\u00e9curit\u00e9 du couvercle sont des caract\u00e9ristiques standard.<\/span><\/p>","protected":false},"excerpt":{"rendered":"<p class=\"p3\"><span lang=\"TR\">Le concasseur et broyeur de type laboratoire est une unit\u00e9 de haute durabilit\u00e9, orient\u00e9e vers la s\u00e9curit\u00e9 de l'op\u00e9rateur, qui combine le concassage primaire et le broyage fin sur une seule plate-forme pour la pr\u00e9paration d'\u00e9chantillons de min\u00e9raux, de roches, de clinker, de scories, de c\u00e9ramiques et de mat\u00e9riaux de construction. Le syst\u00e8me est configur\u00e9 avec un module de concassage \u00e0 m\u00e2choires dot\u00e9 d'une ouverture de d\u00e9charge r\u00e9glable et d'options de broyage \u00e0 anneaux et \u00e0 disques pour produire une poudre analytiquement fine. Ainsi, l'\u00e9chantillon est r\u00e9duit de la taille des particules \u00e0 l'\u00e9chelle du micron de mani\u00e8re contr\u00f4l\u00e9e et est pr\u00eat pour les analyses ult\u00e9rieures (XRF, XRD, ICP, taille des particules, etc.).<\/span><\/p>","protected":false},"featured_media":0,"template":"","meta":{"_acf_changed":false},"product_brand":[],"product_cat":[135,136],"product_tag":[],"class_list":{"0":"post-11350","1":"product","2":"type-product","3":"status-publish","5":"product_cat-aggregate","6":"product_cat-sample-preparation-aggregate","9":"instock","10":"shipping-taxable","11":"product-type-simple"},"acf":[],"yoast_head":"<!-- This site is optimized with the Yoast SEO Premium plugin v26.5 (Yoast SEO v27.5) - https:\/\/yoast.com\/product\/yoast-seo-premium-wordpress\/ -->\n<title>Laboratory Type Crusher and Grinder - YKM TEST<\/title>\n<meta name=\"description\" content=\"Durable Laboratory Type Crusher and Grinder for primary crushing and fine grinding of minerals, rocks, and materials. Features adjustable discharge and fine powder production.\" \/>\n<meta name=\"robots\" content=\"index, follow, max-snippet:-1, max-image-preview:large, max-video-preview:-1\" \/>\n<link rel=\"canonical\" href=\"https:\/\/ykmtest.com\/french\/produit\/laboratory-type-crusher-and-grinder\/\" \/>\n<meta property=\"og:locale\" content=\"fr_FR\" \/>\n<meta property=\"og:type\" content=\"article\" \/>\n<meta property=\"og:title\" content=\"Laboratory Type Crusher and Grinder\" \/>\n<meta property=\"og:description\" content=\"Durable Laboratory Type Crusher and Grinder for primary crushing and fine grinding of minerals, rocks, and materials. Features adjustable discharge and fine powder production.\" \/>\n<meta property=\"og:url\" content=\"https:\/\/ykmtest.com\/french\/produit\/laboratory-type-crusher-and-grinder\/\" \/>\n<meta property=\"og:site_name\" content=\"YKM TEST\" \/>\n<meta property=\"article:modified_time\" content=\"2025-12-19T15:19:49+00:00\" \/>\n<meta name=\"twitter:card\" content=\"summary_large_image\" \/>\n<meta name=\"twitter:label1\" content=\"Prix\" \/>\n\t<meta name=\"twitter:data1\" content=\"\" \/>\n\t<meta name=\"twitter:label2\" content=\"Disponibilit\u00e9\" \/>\n\t<meta name=\"twitter:data2\" content=\"En stock\" \/>\n<script type=\"application\/ld+json\" class=\"yoast-schema-graph\">{\"@context\":\"https:\\\/\\\/schema.org\",\"@graph\":[{\"@type\":\"WebPage\",\"@id\":\"https:\\\/\\\/ykmtest.com\\\/product\\\/laboratory-type-crusher-and-grinder\\\/\",\"url\":\"https:\\\/\\\/ykmtest.com\\\/product\\\/laboratory-type-crusher-and-grinder\\\/\",\"name\":\"Laboratory Type Crusher and Grinder - YKM TEST\",\"isPartOf\":{\"@id\":\"https:\\\/\\\/darkorchid-cheetah-525435.hostingersite.com\\\/#website\"},\"datePublished\":\"2025-12-19T12:10:08+00:00\",\"dateModified\":\"2025-12-19T15:19:49+00:00\",\"description\":\"Durable Laboratory Type Crusher and Grinder for primary crushing and fine grinding of minerals, rocks, and materials. Features adjustable discharge and fine powder production.\",\"breadcrumb\":{\"@id\":\"https:\\\/\\\/ykmtest.com\\\/product\\\/laboratory-type-crusher-and-grinder\\\/#breadcrumb\"},\"inLanguage\":\"fr-FR\",\"potentialAction\":[{\"@type\":\"ReadAction\",\"target\":[\"https:\\\/\\\/ykmtest.com\\\/product\\\/laboratory-type-crusher-and-grinder\\\/\"]}]},{\"@type\":\"BreadcrumbList\",\"@id\":\"https:\\\/\\\/ykmtest.com\\\/product\\\/laboratory-type-crusher-and-grinder\\\/#breadcrumb\",\"itemListElement\":[{\"@type\":\"ListItem\",\"position\":1,\"name\":\"Home\",\"item\":\"https:\\\/\\\/darkorchid-cheetah-525435.hostingersite.com\\\/\"},{\"@type\":\"ListItem\",\"position\":2,\"name\":\"\u0422\u043e\u0432\u0430\u0440\u044b\",\"item\":\"https:\\\/\\\/ykmtest.com\\\/ru\\\/shop\\\/\"},{\"@type\":\"ListItem\",\"position\":3,\"name\":\"Laboratory Type Crusher and Grinder\"}]},{\"@type\":\"WebSite\",\"@id\":\"https:\\\/\\\/darkorchid-cheetah-525435.hostingersite.com\\\/#website\",\"url\":\"https:\\\/\\\/darkorchid-cheetah-525435.hostingersite.com\\\/\",\"name\":\"YKM TEST\",\"description\":\"\",\"publisher\":{\"@id\":\"https:\\\/\\\/darkorchid-cheetah-525435.hostingersite.com\\\/#organization\"},\"potentialAction\":[{\"@type\":\"SearchAction\",\"target\":{\"@type\":\"EntryPoint\",\"urlTemplate\":\"https:\\\/\\\/darkorchid-cheetah-525435.hostingersite.com\\\/?s={search_term_string}\"},\"query-input\":{\"@type\":\"PropertyValueSpecification\",\"valueRequired\":true,\"valueName\":\"search_term_string\"}}],\"inLanguage\":\"fr-FR\"},{\"@type\":[\"Organization\",\"Place\"],\"@id\":\"https:\\\/\\\/darkorchid-cheetah-525435.hostingersite.com\\\/#organization\",\"name\":\"YKM TEST\",\"url\":\"https:\\\/\\\/darkorchid-cheetah-525435.hostingersite.com\\\/\",\"logo\":{\"@id\":\"https:\\\/\\\/ykmtest.com\\\/product\\\/laboratory-type-crusher-and-grinder\\\/#local-main-organization-logo\"},\"image\":{\"@id\":\"https:\\\/\\\/ykmtest.com\\\/product\\\/laboratory-type-crusher-and-grinder\\\/#local-main-organization-logo\"},\"telephone\":[],\"openingHoursSpecification\":[{\"@type\":\"OpeningHoursSpecification\",\"dayOfWeek\":[\"Monday\",\"Tuesday\",\"Wednesday\",\"Thursday\",\"Friday\",\"Saturday\",\"Sunday\"],\"opens\":\"09:00\",\"closes\":\"17:00\"}]},{\"@type\":\"ImageObject\",\"inLanguage\":\"fr-FR\",\"@id\":\"https:\\\/\\\/ykmtest.com\\\/product\\\/laboratory-type-crusher-and-grinder\\\/#local-main-organization-logo\",\"url\":\"https:\\\/\\\/ykmtest.com\\\/wp-content\\\/uploads\\\/2025\\\/10\\\/Asset-2@2x-8.png\",\"contentUrl\":\"https:\\\/\\\/ykmtest.com\\\/wp-content\\\/uploads\\\/2025\\\/10\\\/Asset-2@2x-8.png\",\"width\":1550,\"height\":323,\"caption\":\"YKM TEST\"}]}<\/script>\n<meta property=\"product:price:currency\" content=\"USD\" \/>\n<meta property=\"og:availability\" content=\"instock\" \/>\n<meta property=\"product:availability\" content=\"instock\" \/>\n<meta property=\"product:condition\" content=\"new\" \/>\n<!-- \/ Yoast SEO Premium plugin. -->","yoast_head_json":{"title":"Laboratory Type Crusher and Grinder - YKM TEST","description":"Durable Laboratory Type Crusher and Grinder for primary crushing and fine grinding of minerals, rocks, and materials. Features adjustable discharge and fine powder production.","robots":{"index":"index","follow":"follow","max-snippet":"max-snippet:-1","max-image-preview":"max-image-preview:large","max-video-preview":"max-video-preview:-1"},"canonical":"https:\/\/ykmtest.com\/french\/produit\/laboratory-type-crusher-and-grinder\/","og_locale":"fr_FR","og_type":"article","og_title":"Laboratory Type Crusher and Grinder","og_description":"Durable Laboratory Type Crusher and Grinder for primary crushing and fine grinding of minerals, rocks, and materials. Features adjustable discharge and fine powder production.","og_url":"https:\/\/ykmtest.com\/french\/produit\/laboratory-type-crusher-and-grinder\/","og_site_name":"YKM TEST","article_modified_time":"2025-12-19T15:19:49+00:00","twitter_card":"summary_large_image","twitter_misc":{"Prix":"","Disponibilit\u00e9":"En stock"},"schema":{"@context":"https:\/\/schema.org","@graph":[{"@type":"WebPage","@id":"https:\/\/ykmtest.com\/product\/laboratory-type-crusher-and-grinder\/","url":"https:\/\/ykmtest.com\/product\/laboratory-type-crusher-and-grinder\/","name":"Laboratory Type Crusher and Grinder - YKM TEST","isPartOf":{"@id":"https:\/\/darkorchid-cheetah-525435.hostingersite.com\/#website"},"datePublished":"2025-12-19T12:10:08+00:00","dateModified":"2025-12-19T15:19:49+00:00","description":"Durable Laboratory Type Crusher and Grinder for primary crushing and fine grinding of minerals, rocks, and materials. Features adjustable discharge and fine powder production.","breadcrumb":{"@id":"https:\/\/ykmtest.com\/product\/laboratory-type-crusher-and-grinder\/#breadcrumb"},"inLanguage":"fr-FR","potentialAction":[{"@type":"ReadAction","target":["https:\/\/ykmtest.com\/product\/laboratory-type-crusher-and-grinder\/"]}]},{"@type":"BreadcrumbList","@id":"https:\/\/ykmtest.com\/product\/laboratory-type-crusher-and-grinder\/#breadcrumb","itemListElement":[{"@type":"ListItem","position":1,"name":"Home","item":"https:\/\/darkorchid-cheetah-525435.hostingersite.com\/"},{"@type":"ListItem","position":2,"name":"\u0422\u043e\u0432\u0430\u0440\u044b","item":"https:\/\/ykmtest.com\/ru\/shop\/"},{"@type":"ListItem","position":3,"name":"Laboratory Type Crusher and Grinder"}]},{"@type":"WebSite","@id":"https:\/\/darkorchid-cheetah-525435.hostingersite.com\/#website","url":"https:\/\/darkorchid-cheetah-525435.hostingersite.com\/","name":"TEST YKM","description":"","publisher":{"@id":"https:\/\/darkorchid-cheetah-525435.hostingersite.com\/#organization"},"potentialAction":[{"@type":"SearchAction","target":{"@type":"EntryPoint","urlTemplate":"https:\/\/darkorchid-cheetah-525435.hostingersite.com\/?s={search_term_string}"},"query-input":{"@type":"PropertyValueSpecification","valueRequired":true,"valueName":"search_term_string"}}],"inLanguage":"fr-FR"},{"@type":["Organization","Place"],"@id":"https:\/\/darkorchid-cheetah-525435.hostingersite.com\/#organization","name":"TEST YKM","url":"https:\/\/darkorchid-cheetah-525435.hostingersite.com\/","logo":{"@id":"https:\/\/ykmtest.com\/product\/laboratory-type-crusher-and-grinder\/#local-main-organization-logo"},"image":{"@id":"https:\/\/ykmtest.com\/product\/laboratory-type-crusher-and-grinder\/#local-main-organization-logo"},"telephone":[],"openingHoursSpecification":[{"@type":"OpeningHoursSpecification","dayOfWeek":["Monday","Tuesday","Wednesday","Thursday","Friday","Saturday","Sunday"],"opens":"09:00","closes":"17:00"}]},{"@type":"ImageObject","inLanguage":"fr-FR","@id":"https:\/\/ykmtest.com\/product\/laboratory-type-crusher-and-grinder\/#local-main-organization-logo","url":"https:\/\/ykmtest.com\/wp-content\/uploads\/2025\/10\/Asset-2@2x-8.png","contentUrl":"https:\/\/ykmtest.com\/wp-content\/uploads\/2025\/10\/Asset-2@2x-8.png","width":1550,"height":323,"caption":"YKM TEST"}]},"product_price_currency":"USD","og_availability":"instock","product_availability":"instock","product_condition":"new"},"_links":{"self":[{"href":"https:\/\/ykmtest.com\/french\/wp-json\/wp\/v2\/product\/11350","targetHints":{"allow":["GET"]}}],"collection":[{"href":"https:\/\/ykmtest.com\/french\/wp-json\/wp\/v2\/product"}],"about":[{"href":"https:\/\/ykmtest.com\/french\/wp-json\/wp\/v2\/types\/product"}],"version-history":[{"count":1,"href":"https:\/\/ykmtest.com\/french\/wp-json\/wp\/v2\/product\/11350\/revisions"}],"predecessor-version":[{"id":11351,"href":"https:\/\/ykmtest.com\/french\/wp-json\/wp\/v2\/product\/11350\/revisions\/11351"}],"wp:attachment":[{"href":"https:\/\/ykmtest.com\/french\/wp-json\/wp\/v2\/media?parent=11350"}],"wp:term":[{"taxonomy":"product_brand","embeddable":true,"href":"https:\/\/ykmtest.com\/french\/wp-json\/wp\/v2\/product_brand?post=11350"},{"taxonomy":"product_cat","embeddable":true,"href":"https:\/\/ykmtest.com\/french\/wp-json\/wp\/v2\/product_cat?post=11350"},{"taxonomy":"product_tag","embeddable":true,"href":"https:\/\/ykmtest.com\/french\/wp-json\/wp\/v2\/product_tag?post=11350"}],"curies":[{"name":"wp","href":"https:\/\/api.w.org\/{rel}","templated":true}]}}