{"id":11352,"date":"2025-12-19T12:16:54","date_gmt":"2025-12-19T12:16:54","guid":{"rendered":"https:\/\/ykmtest.com\/?post_type=product&#038;p=11352"},"modified":"2025-12-19T12:16:55","modified_gmt":"2025-12-19T12:16:55","slug":"flakiness-index-sieve-sets-bs","status":"publish","type":"product","link":"https:\/\/ykmtest.com\/french\/produit\/flakiness-index-sieve-sets-bs\/","title":{"rendered":"Jeux de tamis pour indice de floculation BS"},"content":{"rendered":"<p>Le jeu se compose de 7 tamis convenant \u00e0 des \u00e9chantillons de 6,3 mm \u00e0 63 mm. Chaque cadre porte un marquage permanent indiquant clairement la taille de la fente et la taille du tamis correspondant. Les corps en acier sont recouverts d'un rev\u00eatement r\u00e9sistant \u00e0 la corrosion. La conception empilable minimise l'espace de stockage. Si n\u00e9cessaire, diff\u00e9rentes combinaisons de tailles de fentes peuvent \u00eatre configur\u00e9es sur le m\u00eame cadre pour s'adapter \u00e0 diff\u00e9rentes granulom\u00e9tries.<\/p>","protected":false},"excerpt":{"rendered":"<p class=\"p3\"><span lang=\"TR\">Le jeu de tamis pour l'indice de floconnage BS est un jeu de tamis conforme \u00e0 la norme BS 812, con\u00e7u pour d\u00e9terminer le taux de floconnage des particules d'agr\u00e9gats. Les ouvertures de fente usin\u00e9es avec pr\u00e9cision sont bas\u00e9es sur des crit\u00e8res d'\u00e9paisseur correspondant \u00e0 la taille interm\u00e9diaire de chaque paire de tamis, ce qui garantit une classification reproductible pour diff\u00e9rentes fractions de particules.<\/span><\/p>","protected":false},"featured_media":0,"template":"","meta":{"_acf_changed":false},"product_brand":[],"product_cat":[135,137],"product_tag":[],"class_list":{"0":"post-11352","1":"product","2":"type-product","3":"status-publish","5":"product_cat-aggregate","6":"product_cat-classification","9":"instock","10":"shipping-taxable","11":"product-type-simple"},"acf":[],"yoast_head":"<!-- This site is optimized with the Yoast SEO Premium plugin v26.5 (Yoast SEO v27.5) - https:\/\/yoast.com\/product\/yoast-seo-premium-wordpress\/ -->\n<title>Flakiness Index Sieve Sets BS - YKM TEST<\/title>\n<meta name=\"description\" content=\"Reliable Flakiness Index Sieve Set BS (BS 812-compliant) for accurate determination of flakiness ratio in aggregate particles. Precision-machined slots ensure repeatable results.\" \/>\n<meta name=\"robots\" content=\"index, follow, max-snippet:-1, max-image-preview:large, max-video-preview:-1\" \/>\n<link rel=\"canonical\" href=\"https:\/\/ykmtest.com\/french\/produit\/flakiness-index-sieve-sets-bs\/\" \/>\n<meta property=\"og:locale\" content=\"fr_FR\" \/>\n<meta property=\"og:type\" content=\"article\" \/>\n<meta property=\"og:title\" content=\"Flakiness Index Sieve Sets BS\" \/>\n<meta property=\"og:description\" content=\"Reliable Flakiness Index Sieve Set BS (BS 812-compliant) for accurate determination of flakiness ratio in aggregate particles. Precision-machined slots ensure repeatable results.\" \/>\n<meta property=\"og:url\" content=\"https:\/\/ykmtest.com\/french\/produit\/flakiness-index-sieve-sets-bs\/\" \/>\n<meta property=\"og:site_name\" content=\"YKM TEST\" \/>\n<meta property=\"article:modified_time\" content=\"2025-12-19T12:16:55+00:00\" \/>\n<meta name=\"twitter:card\" content=\"summary_large_image\" \/>\n<meta name=\"twitter:label1\" content=\"Prix\" \/>\n\t<meta name=\"twitter:data1\" content=\"\" \/>\n\t<meta name=\"twitter:label2\" content=\"Disponibilit\u00e9\" \/>\n\t<meta name=\"twitter:data2\" content=\"En stock\" \/>\n<script type=\"application\/ld+json\" class=\"yoast-schema-graph\">{\"@context\":\"https:\\\/\\\/schema.org\",\"@graph\":[{\"@type\":\"WebPage\",\"@id\":\"https:\\\/\\\/ykmtest.com\\\/product\\\/flakiness-index-sieve-sets-bs\\\/\",\"url\":\"https:\\\/\\\/ykmtest.com\\\/product\\\/flakiness-index-sieve-sets-bs\\\/\",\"name\":\"Flakiness Index Sieve Sets BS - YKM TEST\",\"isPartOf\":{\"@id\":\"https:\\\/\\\/darkorchid-cheetah-525435.hostingersite.com\\\/#website\"},\"datePublished\":\"2025-12-19T12:16:54+00:00\",\"dateModified\":\"2025-12-19T12:16:55+00:00\",\"description\":\"Reliable Flakiness Index Sieve Set BS (BS 812-compliant) for accurate determination of flakiness ratio in aggregate particles. Precision-machined slots ensure repeatable results.\",\"breadcrumb\":{\"@id\":\"https:\\\/\\\/ykmtest.com\\\/product\\\/flakiness-index-sieve-sets-bs\\\/#breadcrumb\"},\"inLanguage\":\"fr-FR\",\"potentialAction\":[{\"@type\":\"ReadAction\",\"target\":[\"https:\\\/\\\/ykmtest.com\\\/product\\\/flakiness-index-sieve-sets-bs\\\/\"]}]},{\"@type\":\"BreadcrumbList\",\"@id\":\"https:\\\/\\\/ykmtest.com\\\/product\\\/flakiness-index-sieve-sets-bs\\\/#breadcrumb\",\"itemListElement\":[{\"@type\":\"ListItem\",\"position\":1,\"name\":\"Home\",\"item\":\"https:\\\/\\\/darkorchid-cheetah-525435.hostingersite.com\\\/\"},{\"@type\":\"ListItem\",\"position\":2,\"name\":\"\u0422\u043e\u0432\u0430\u0440\u044b\",\"item\":\"https:\\\/\\\/ykmtest.com\\\/ru\\\/shop\\\/\"},{\"@type\":\"ListItem\",\"position\":3,\"name\":\"Flakiness Index Sieve Sets BS\"}]},{\"@type\":\"WebSite\",\"@id\":\"https:\\\/\\\/darkorchid-cheetah-525435.hostingersite.com\\\/#website\",\"url\":\"https:\\\/\\\/darkorchid-cheetah-525435.hostingersite.com\\\/\",\"name\":\"YKM TEST\",\"description\":\"\",\"publisher\":{\"@id\":\"https:\\\/\\\/darkorchid-cheetah-525435.hostingersite.com\\\/#organization\"},\"potentialAction\":[{\"@type\":\"SearchAction\",\"target\":{\"@type\":\"EntryPoint\",\"urlTemplate\":\"https:\\\/\\\/darkorchid-cheetah-525435.hostingersite.com\\\/?s={search_term_string}\"},\"query-input\":{\"@type\":\"PropertyValueSpecification\",\"valueRequired\":true,\"valueName\":\"search_term_string\"}}],\"inLanguage\":\"fr-FR\"},{\"@type\":[\"Organization\",\"Place\"],\"@id\":\"https:\\\/\\\/darkorchid-cheetah-525435.hostingersite.com\\\/#organization\",\"name\":\"YKM TEST\",\"url\":\"https:\\\/\\\/darkorchid-cheetah-525435.hostingersite.com\\\/\",\"logo\":{\"@id\":\"https:\\\/\\\/ykmtest.com\\\/product\\\/flakiness-index-sieve-sets-bs\\\/#local-main-organization-logo\"},\"image\":{\"@id\":\"https:\\\/\\\/ykmtest.com\\\/product\\\/flakiness-index-sieve-sets-bs\\\/#local-main-organization-logo\"},\"telephone\":[],\"openingHoursSpecification\":[{\"@type\":\"OpeningHoursSpecification\",\"dayOfWeek\":[\"Monday\",\"Tuesday\",\"Wednesday\",\"Thursday\",\"Friday\",\"Saturday\",\"Sunday\"],\"opens\":\"09:00\",\"closes\":\"17:00\"}]},{\"@type\":\"ImageObject\",\"inLanguage\":\"fr-FR\",\"@id\":\"https:\\\/\\\/ykmtest.com\\\/product\\\/flakiness-index-sieve-sets-bs\\\/#local-main-organization-logo\",\"url\":\"https:\\\/\\\/ykmtest.com\\\/wp-content\\\/uploads\\\/2025\\\/10\\\/Asset-2@2x-8.png\",\"contentUrl\":\"https:\\\/\\\/ykmtest.com\\\/wp-content\\\/uploads\\\/2025\\\/10\\\/Asset-2@2x-8.png\",\"width\":1550,\"height\":323,\"caption\":\"YKM TEST\"}]}<\/script>\n<meta property=\"product:price:currency\" content=\"USD\" \/>\n<meta property=\"og:availability\" content=\"instock\" \/>\n<meta property=\"product:availability\" content=\"instock\" \/>\n<meta property=\"product:condition\" content=\"new\" \/>\n<!-- \/ Yoast SEO Premium plugin. -->","yoast_head_json":{"title":"Flakiness Index Sieve Sets BS - YKM TEST","description":"Reliable Flakiness Index Sieve Set BS (BS 812-compliant) for accurate determination of flakiness ratio in aggregate particles. Precision-machined slots ensure repeatable results.","robots":{"index":"index","follow":"follow","max-snippet":"max-snippet:-1","max-image-preview":"max-image-preview:large","max-video-preview":"max-video-preview:-1"},"canonical":"https:\/\/ykmtest.com\/french\/produit\/flakiness-index-sieve-sets-bs\/","og_locale":"fr_FR","og_type":"article","og_title":"Flakiness Index Sieve Sets BS","og_description":"Reliable Flakiness Index Sieve Set BS (BS 812-compliant) for accurate determination of flakiness ratio in aggregate particles. Precision-machined slots ensure repeatable results.","og_url":"https:\/\/ykmtest.com\/french\/produit\/flakiness-index-sieve-sets-bs\/","og_site_name":"YKM TEST","article_modified_time":"2025-12-19T12:16:55+00:00","twitter_card":"summary_large_image","twitter_misc":{"Prix":"","Disponibilit\u00e9":"En stock"},"schema":{"@context":"https:\/\/schema.org","@graph":[{"@type":"WebPage","@id":"https:\/\/ykmtest.com\/product\/flakiness-index-sieve-sets-bs\/","url":"https:\/\/ykmtest.com\/product\/flakiness-index-sieve-sets-bs\/","name":"Flakiness Index Sieve Sets BS - YKM TEST","isPartOf":{"@id":"https:\/\/darkorchid-cheetah-525435.hostingersite.com\/#website"},"datePublished":"2025-12-19T12:16:54+00:00","dateModified":"2025-12-19T12:16:55+00:00","description":"Reliable Flakiness Index Sieve Set BS (BS 812-compliant) for accurate determination of flakiness ratio in aggregate particles. Precision-machined slots ensure repeatable results.","breadcrumb":{"@id":"https:\/\/ykmtest.com\/product\/flakiness-index-sieve-sets-bs\/#breadcrumb"},"inLanguage":"fr-FR","potentialAction":[{"@type":"ReadAction","target":["https:\/\/ykmtest.com\/product\/flakiness-index-sieve-sets-bs\/"]}]},{"@type":"BreadcrumbList","@id":"https:\/\/ykmtest.com\/product\/flakiness-index-sieve-sets-bs\/#breadcrumb","itemListElement":[{"@type":"ListItem","position":1,"name":"Home","item":"https:\/\/darkorchid-cheetah-525435.hostingersite.com\/"},{"@type":"ListItem","position":2,"name":"\u0422\u043e\u0432\u0430\u0440\u044b","item":"https:\/\/ykmtest.com\/ru\/shop\/"},{"@type":"ListItem","position":3,"name":"Flakiness Index Sieve Sets BS"}]},{"@type":"WebSite","@id":"https:\/\/darkorchid-cheetah-525435.hostingersite.com\/#website","url":"https:\/\/darkorchid-cheetah-525435.hostingersite.com\/","name":"TEST YKM","description":"","publisher":{"@id":"https:\/\/darkorchid-cheetah-525435.hostingersite.com\/#organization"},"potentialAction":[{"@type":"SearchAction","target":{"@type":"EntryPoint","urlTemplate":"https:\/\/darkorchid-cheetah-525435.hostingersite.com\/?s={search_term_string}"},"query-input":{"@type":"PropertyValueSpecification","valueRequired":true,"valueName":"search_term_string"}}],"inLanguage":"fr-FR"},{"@type":["Organization","Place"],"@id":"https:\/\/darkorchid-cheetah-525435.hostingersite.com\/#organization","name":"TEST YKM","url":"https:\/\/darkorchid-cheetah-525435.hostingersite.com\/","logo":{"@id":"https:\/\/ykmtest.com\/product\/flakiness-index-sieve-sets-bs\/#local-main-organization-logo"},"image":{"@id":"https:\/\/ykmtest.com\/product\/flakiness-index-sieve-sets-bs\/#local-main-organization-logo"},"telephone":[],"openingHoursSpecification":[{"@type":"OpeningHoursSpecification","dayOfWeek":["Monday","Tuesday","Wednesday","Thursday","Friday","Saturday","Sunday"],"opens":"09:00","closes":"17:00"}]},{"@type":"ImageObject","inLanguage":"fr-FR","@id":"https:\/\/ykmtest.com\/product\/flakiness-index-sieve-sets-bs\/#local-main-organization-logo","url":"https:\/\/ykmtest.com\/wp-content\/uploads\/2025\/10\/Asset-2@2x-8.png","contentUrl":"https:\/\/ykmtest.com\/wp-content\/uploads\/2025\/10\/Asset-2@2x-8.png","width":1550,"height":323,"caption":"YKM TEST"}]},"product_price_currency":"USD","og_availability":"instock","product_availability":"instock","product_condition":"new"},"_links":{"self":[{"href":"https:\/\/ykmtest.com\/french\/wp-json\/wp\/v2\/product\/11352","targetHints":{"allow":["GET"]}}],"collection":[{"href":"https:\/\/ykmtest.com\/french\/wp-json\/wp\/v2\/product"}],"about":[{"href":"https:\/\/ykmtest.com\/french\/wp-json\/wp\/v2\/types\/product"}],"version-history":[{"count":1,"href":"https:\/\/ykmtest.com\/french\/wp-json\/wp\/v2\/product\/11352\/revisions"}],"predecessor-version":[{"id":11353,"href":"https:\/\/ykmtest.com\/french\/wp-json\/wp\/v2\/product\/11352\/revisions\/11353"}],"wp:attachment":[{"href":"https:\/\/ykmtest.com\/french\/wp-json\/wp\/v2\/media?parent=11352"}],"wp:term":[{"taxonomy":"product_brand","embeddable":true,"href":"https:\/\/ykmtest.com\/french\/wp-json\/wp\/v2\/product_brand?post=11352"},{"taxonomy":"product_cat","embeddable":true,"href":"https:\/\/ykmtest.com\/french\/wp-json\/wp\/v2\/product_cat?post=11352"},{"taxonomy":"product_tag","embeddable":true,"href":"https:\/\/ykmtest.com\/french\/wp-json\/wp\/v2\/product_tag?post=11352"}],"curies":[{"name":"wp","href":"https:\/\/api.w.org\/{rel}","templated":true}]}}