{"id":11391,"date":"2025-12-22T08:44:05","date_gmt":"2025-12-22T08:44:05","guid":{"rendered":"https:\/\/ykmtest.com\/?post_type=product&#038;p=11391"},"modified":"2025-12-22T08:44:06","modified_gmt":"2025-12-22T08:44:06","slug":"abrasion-testing-machine-according-to-bohme","status":"publish","type":"product","link":"https:\/\/ykmtest.com\/french\/produit\/abrasion-testing-machine-according-to-bohme\/","title":{"rendered":"Machine d'essai d'abrasion selon B\u00f6hme"},"content":{"rendered":"<p class=\"p3\">Un compte-tours num\u00e9rique et le panneau op\u00e9rateur programmable de la machine d'essai d'abrasion B\u00f6hme arr\u00eatent automatiquement le fonctionnement lorsque le nombre de tours pr\u00e9d\u00e9fini est atteint. L'essai commence par le placement de l'\u00e9chantillon sur le disque d'acier \u00e0 rotation horizontale de la machine d'essai d'abrasion B\u00f6hme et par l'application d'une charge constante. Un mat\u00e9riau abrasif est r\u00e9pandu sur la surface pendant l'essai. Pendant que le disque tourne \u00e0 une vitesse constante (30 \u00b1 1 tr\/min), la charge appliqu\u00e9e g\u00e9n\u00e8re une abrasion r\u00e9p\u00e9titive sur la surface de l'\u00e9chantillon. Apr\u00e8s le nombre de tours sp\u00e9cifi\u00e9, la perte de volume (mm\u00b3) sur la surface test\u00e9e est mesur\u00e9e pour calculer la r\u00e9sistance \u00e0 l'abrasion \u00e0 l'aide de la machine d'essai d'abrasion B\u00f6hme.<\/p>","protected":false},"excerpt":{"rendered":"<p class=\"p3\"><span lang=\"TR\">La machine d'essai d'abrasion horizontale de B\u00f6hme est con\u00e7ue pour d\u00e9terminer la r\u00e9sistance \u00e0 l'abrasion des pav\u00e9s en b\u00e9ton, des dalles et des surfaces en pierre naturelle de mani\u00e8re fiable et reproductible. Une table d'abrasion horizontale mont\u00e9e sur un cadre en acier rigide et un entra\u00eenement par moteur-r\u00e9ducteur de pr\u00e9cision assurent une vitesse de rotation constante et un contact uniforme tout au long de l'essai. Le bras de chargement applique une pression standard \u00e0 l'aide d'un syst\u00e8me de poids mort.<\/span><\/p>","protected":false},"featured_media":0,"template":"","meta":{"_acf_changed":false},"product_brand":[],"product_cat":[138,135],"product_tag":[],"class_list":{"0":"post-11391","1":"product","2":"type-product","3":"status-publish","5":"product_cat-abrasion-fragmentation-and-wear","6":"product_cat-aggregate","9":"instock","10":"shipping-taxable","11":"product-type-simple"},"acf":[],"yoast_head":"<!-- This site is optimized with the Yoast SEO Premium plugin v26.5 (Yoast SEO v27.5) - https:\/\/yoast.com\/product\/yoast-seo-premium-wordpress\/ -->\n<title>Abrasion Testing Machine According to B\u00f6hme - YKM TEST<\/title>\n<meta name=\"description\" content=\"B\u00f6hme horizontal abrasion testing machine accurately measures abrasion resistance of concrete, paving blocks and natural stone surfaces.\" \/>\n<meta name=\"robots\" content=\"index, follow, max-snippet:-1, max-image-preview:large, max-video-preview:-1\" \/>\n<link rel=\"canonical\" href=\"https:\/\/darkorchid-cheetah-525435.hostingersite.com\/product\/abrasion-testing-machine-according-to-bohme\/\" \/>\n<meta property=\"og:locale\" content=\"fr_FR\" \/>\n<meta property=\"og:type\" content=\"article\" \/>\n<meta property=\"og:title\" content=\"Abrasion Testing Machine According to B\u00f6hme\" \/>\n<meta property=\"og:description\" content=\"B\u00f6hme horizontal abrasion testing machine accurately measures abrasion resistance of concrete, paving blocks and natural stone surfaces.\" \/>\n<meta property=\"og:url\" content=\"https:\/\/darkorchid-cheetah-525435.hostingersite.com\/product\/abrasion-testing-machine-according-to-bohme\/\" \/>\n<meta property=\"og:site_name\" content=\"YKM TEST\" \/>\n<meta property=\"article:modified_time\" content=\"2025-12-22T08:44:06+00:00\" \/>\n<meta name=\"twitter:card\" content=\"summary_large_image\" \/>\n<meta name=\"twitter:label1\" content=\"Prix\" \/>\n\t<meta name=\"twitter:data1\" content=\"\" \/>\n\t<meta name=\"twitter:label2\" content=\"Disponibilit\u00e9\" \/>\n\t<meta name=\"twitter:data2\" content=\"En stock\" \/>\n<script type=\"application\/ld+json\" class=\"yoast-schema-graph\">{\"@context\":\"https:\\\/\\\/schema.org\",\"@graph\":[{\"@type\":\"WebPage\",\"@id\":\"https:\\\/\\\/darkorchid-cheetah-525435.hostingersite.com\\\/product\\\/abrasion-testing-machine-according-to-bohme\\\/\",\"url\":\"https:\\\/\\\/darkorchid-cheetah-525435.hostingersite.com\\\/product\\\/abrasion-testing-machine-according-to-bohme\\\/\",\"name\":\"Abrasion Testing Machine According to B\u00f6hme - YKM TEST\",\"isPartOf\":{\"@id\":\"https:\\\/\\\/darkorchid-cheetah-525435.hostingersite.com\\\/#website\"},\"datePublished\":\"2025-12-22T08:44:05+00:00\",\"dateModified\":\"2025-12-22T08:44:06+00:00\",\"description\":\"B\u00f6hme horizontal abrasion testing machine accurately measures abrasion resistance of concrete, paving blocks and natural stone surfaces.\",\"breadcrumb\":{\"@id\":\"https:\\\/\\\/darkorchid-cheetah-525435.hostingersite.com\\\/product\\\/abrasion-testing-machine-according-to-bohme\\\/#breadcrumb\"},\"inLanguage\":\"fr-FR\",\"potentialAction\":[{\"@type\":\"ReadAction\",\"target\":[\"https:\\\/\\\/darkorchid-cheetah-525435.hostingersite.com\\\/product\\\/abrasion-testing-machine-according-to-bohme\\\/\"]}]},{\"@type\":\"BreadcrumbList\",\"@id\":\"https:\\\/\\\/darkorchid-cheetah-525435.hostingersite.com\\\/product\\\/abrasion-testing-machine-according-to-bohme\\\/#breadcrumb\",\"itemListElement\":[{\"@type\":\"ListItem\",\"position\":1,\"name\":\"Home\",\"item\":\"https:\\\/\\\/darkorchid-cheetah-525435.hostingersite.com\\\/\"},{\"@type\":\"ListItem\",\"position\":2,\"name\":\"\u0422\u043e\u0432\u0430\u0440\u044b\",\"item\":\"https:\\\/\\\/ykmtest.com\\\/ru\\\/shop\\\/\"},{\"@type\":\"ListItem\",\"position\":3,\"name\":\"Abrasion Testing Machine According to B\u00f6hme\"}]},{\"@type\":\"WebSite\",\"@id\":\"https:\\\/\\\/darkorchid-cheetah-525435.hostingersite.com\\\/#website\",\"url\":\"https:\\\/\\\/darkorchid-cheetah-525435.hostingersite.com\\\/\",\"name\":\"YKM TEST\",\"description\":\"\",\"publisher\":{\"@id\":\"https:\\\/\\\/darkorchid-cheetah-525435.hostingersite.com\\\/#organization\"},\"potentialAction\":[{\"@type\":\"SearchAction\",\"target\":{\"@type\":\"EntryPoint\",\"urlTemplate\":\"https:\\\/\\\/darkorchid-cheetah-525435.hostingersite.com\\\/?s={search_term_string}\"},\"query-input\":{\"@type\":\"PropertyValueSpecification\",\"valueRequired\":true,\"valueName\":\"search_term_string\"}}],\"inLanguage\":\"fr-FR\"},{\"@type\":[\"Organization\",\"Place\"],\"@id\":\"https:\\\/\\\/darkorchid-cheetah-525435.hostingersite.com\\\/#organization\",\"name\":\"YKM TEST\",\"url\":\"https:\\\/\\\/darkorchid-cheetah-525435.hostingersite.com\\\/\",\"logo\":{\"@id\":\"https:\\\/\\\/darkorchid-cheetah-525435.hostingersite.com\\\/product\\\/abrasion-testing-machine-according-to-bohme\\\/#local-main-organization-logo\"},\"image\":{\"@id\":\"https:\\\/\\\/darkorchid-cheetah-525435.hostingersite.com\\\/product\\\/abrasion-testing-machine-according-to-bohme\\\/#local-main-organization-logo\"},\"telephone\":[],\"openingHoursSpecification\":[{\"@type\":\"OpeningHoursSpecification\",\"dayOfWeek\":[\"Monday\",\"Tuesday\",\"Wednesday\",\"Thursday\",\"Friday\",\"Saturday\",\"Sunday\"],\"opens\":\"09:00\",\"closes\":\"17:00\"}]},{\"@type\":\"ImageObject\",\"inLanguage\":\"fr-FR\",\"@id\":\"https:\\\/\\\/darkorchid-cheetah-525435.hostingersite.com\\\/product\\\/abrasion-testing-machine-according-to-bohme\\\/#local-main-organization-logo\",\"url\":\"https:\\\/\\\/ykmtest.com\\\/wp-content\\\/uploads\\\/2025\\\/10\\\/Asset-2@2x-8.png\",\"contentUrl\":\"https:\\\/\\\/ykmtest.com\\\/wp-content\\\/uploads\\\/2025\\\/10\\\/Asset-2@2x-8.png\",\"width\":1550,\"height\":323,\"caption\":\"YKM TEST\"}]}<\/script>\n<meta property=\"product:price:currency\" content=\"USD\" \/>\n<meta property=\"og:availability\" content=\"instock\" \/>\n<meta property=\"product:availability\" content=\"instock\" \/>\n<meta property=\"product:condition\" content=\"new\" \/>\n<!-- \/ Yoast SEO Premium plugin. -->","yoast_head_json":{"title":"Abrasion Testing Machine According to B\u00f6hme - YKM TEST","description":"B\u00f6hme horizontal abrasion testing machine accurately measures abrasion resistance of concrete, paving blocks and natural stone surfaces.","robots":{"index":"index","follow":"follow","max-snippet":"max-snippet:-1","max-image-preview":"max-image-preview:large","max-video-preview":"max-video-preview:-1"},"canonical":"https:\/\/darkorchid-cheetah-525435.hostingersite.com\/product\/abrasion-testing-machine-according-to-bohme\/","og_locale":"fr_FR","og_type":"article","og_title":"Abrasion Testing Machine According to B\u00f6hme","og_description":"B\u00f6hme horizontal abrasion testing machine accurately measures abrasion resistance of concrete, paving blocks and natural stone surfaces.","og_url":"https:\/\/darkorchid-cheetah-525435.hostingersite.com\/product\/abrasion-testing-machine-according-to-bohme\/","og_site_name":"YKM TEST","article_modified_time":"2025-12-22T08:44:06+00:00","twitter_card":"summary_large_image","twitter_misc":{"Prix":"","Disponibilit\u00e9":"En stock"},"schema":{"@context":"https:\/\/schema.org","@graph":[{"@type":"WebPage","@id":"https:\/\/darkorchid-cheetah-525435.hostingersite.com\/product\/abrasion-testing-machine-according-to-bohme\/","url":"https:\/\/darkorchid-cheetah-525435.hostingersite.com\/product\/abrasion-testing-machine-according-to-bohme\/","name":"Abrasion Testing Machine According to B\u00f6hme - YKM TEST","isPartOf":{"@id":"https:\/\/darkorchid-cheetah-525435.hostingersite.com\/#website"},"datePublished":"2025-12-22T08:44:05+00:00","dateModified":"2025-12-22T08:44:06+00:00","description":"B\u00f6hme horizontal abrasion testing machine accurately measures abrasion resistance of concrete, paving blocks and natural stone surfaces.","breadcrumb":{"@id":"https:\/\/darkorchid-cheetah-525435.hostingersite.com\/product\/abrasion-testing-machine-according-to-bohme\/#breadcrumb"},"inLanguage":"fr-FR","potentialAction":[{"@type":"ReadAction","target":["https:\/\/darkorchid-cheetah-525435.hostingersite.com\/product\/abrasion-testing-machine-according-to-bohme\/"]}]},{"@type":"BreadcrumbList","@id":"https:\/\/darkorchid-cheetah-525435.hostingersite.com\/product\/abrasion-testing-machine-according-to-bohme\/#breadcrumb","itemListElement":[{"@type":"ListItem","position":1,"name":"Home","item":"https:\/\/darkorchid-cheetah-525435.hostingersite.com\/"},{"@type":"ListItem","position":2,"name":"\u0422\u043e\u0432\u0430\u0440\u044b","item":"https:\/\/ykmtest.com\/ru\/shop\/"},{"@type":"ListItem","position":3,"name":"Abrasion Testing Machine According to B\u00f6hme"}]},{"@type":"WebSite","@id":"https:\/\/darkorchid-cheetah-525435.hostingersite.com\/#website","url":"https:\/\/darkorchid-cheetah-525435.hostingersite.com\/","name":"TEST YKM","description":"","publisher":{"@id":"https:\/\/darkorchid-cheetah-525435.hostingersite.com\/#organization"},"potentialAction":[{"@type":"SearchAction","target":{"@type":"EntryPoint","urlTemplate":"https:\/\/darkorchid-cheetah-525435.hostingersite.com\/?s={search_term_string}"},"query-input":{"@type":"PropertyValueSpecification","valueRequired":true,"valueName":"search_term_string"}}],"inLanguage":"fr-FR"},{"@type":["Organization","Place"],"@id":"https:\/\/darkorchid-cheetah-525435.hostingersite.com\/#organization","name":"TEST YKM","url":"https:\/\/darkorchid-cheetah-525435.hostingersite.com\/","logo":{"@id":"https:\/\/darkorchid-cheetah-525435.hostingersite.com\/product\/abrasion-testing-machine-according-to-bohme\/#local-main-organization-logo"},"image":{"@id":"https:\/\/darkorchid-cheetah-525435.hostingersite.com\/product\/abrasion-testing-machine-according-to-bohme\/#local-main-organization-logo"},"telephone":[],"openingHoursSpecification":[{"@type":"OpeningHoursSpecification","dayOfWeek":["Monday","Tuesday","Wednesday","Thursday","Friday","Saturday","Sunday"],"opens":"09:00","closes":"17:00"}]},{"@type":"ImageObject","inLanguage":"fr-FR","@id":"https:\/\/darkorchid-cheetah-525435.hostingersite.com\/product\/abrasion-testing-machine-according-to-bohme\/#local-main-organization-logo","url":"https:\/\/ykmtest.com\/wp-content\/uploads\/2025\/10\/Asset-2@2x-8.png","contentUrl":"https:\/\/ykmtest.com\/wp-content\/uploads\/2025\/10\/Asset-2@2x-8.png","width":1550,"height":323,"caption":"YKM TEST"}]},"product_price_currency":"USD","og_availability":"instock","product_availability":"instock","product_condition":"new"},"_links":{"self":[{"href":"https:\/\/ykmtest.com\/french\/wp-json\/wp\/v2\/product\/11391","targetHints":{"allow":["GET"]}}],"collection":[{"href":"https:\/\/ykmtest.com\/french\/wp-json\/wp\/v2\/product"}],"about":[{"href":"https:\/\/ykmtest.com\/french\/wp-json\/wp\/v2\/types\/product"}],"version-history":[{"count":1,"href":"https:\/\/ykmtest.com\/french\/wp-json\/wp\/v2\/product\/11391\/revisions"}],"predecessor-version":[{"id":11392,"href":"https:\/\/ykmtest.com\/french\/wp-json\/wp\/v2\/product\/11391\/revisions\/11392"}],"wp:attachment":[{"href":"https:\/\/ykmtest.com\/french\/wp-json\/wp\/v2\/media?parent=11391"}],"wp:term":[{"taxonomy":"product_brand","embeddable":true,"href":"https:\/\/ykmtest.com\/french\/wp-json\/wp\/v2\/product_brand?post=11391"},{"taxonomy":"product_cat","embeddable":true,"href":"https:\/\/ykmtest.com\/french\/wp-json\/wp\/v2\/product_cat?post=11391"},{"taxonomy":"product_tag","embeddable":true,"href":"https:\/\/ykmtest.com\/french\/wp-json\/wp\/v2\/product_tag?post=11391"}],"curies":[{"name":"wp","href":"https:\/\/api.w.org\/{rel}","templated":true}]}}