{"id":11415,"date":"2025-12-23T08:26:03","date_gmt":"2025-12-23T08:26:03","guid":{"rendered":"https:\/\/ykmtest.com\/?post_type=product&#038;p=11415"},"modified":"2025-12-23T08:26:04","modified_gmt":"2025-12-23T08:26:04","slug":"specific-gravity-frame","status":"publish","type":"product","link":"https:\/\/ykmtest.com\/french\/produit\/specific-gravity-frame\/","title":{"rendered":"Cadre de densit\u00e9 sp\u00e9cifique"},"content":{"rendered":"<p class=\"p3\"><span lang=\"TR\">Un support rigide en acier soutient en toute s\u00e9curit\u00e9 une balance \u00e9lectronique mont\u00e9e sur le dessus avec un crochet ; une plate-forme r\u00e9glable en hauteur situ\u00e9e en dessous porte un r\u00e9servoir d'eau permettant de peser les \u00e9chantillons dans l'air et dans l'eau. Le cadre est recouvert d'un rev\u00eatement en poudre \u00e9lectrostatique. Des pieds de nivellement et des surfaces d'alignement permettent de maintenir un alignement pr\u00e9cis entre la balance et le r\u00e9servoir. Des paniers de densit\u00e9 \u00e0 mailles en acier inoxydable et un dispositif de suspension des \u00e9chantillons en b\u00e9ton permettent d'immerger en toute s\u00e9curit\u00e9 diff\u00e9rents types d'\u00e9chantillons. Le r\u00e9servoir d'eau est \u00e9quip\u00e9 d'un robinet de vidange, d'un rebord anti-\u00e9claboussures et d'une large ouverture de vidange. Les raccords rapides permettent de changer rapidement de panier.<\/span><\/p>","protected":false},"excerpt":{"rendered":"<p>Le cadre de gravit\u00e9 sp\u00e9cifique est un syst\u00e8me de pesage hydrostatique utilis\u00e9 pour d\u00e9terminer la gravit\u00e9 sp\u00e9cifique (densit\u00e9 relative) et l'absorption d'eau des agr\u00e9gats et des \u00e9chantillons de b\u00e9ton durci.<\/p>","protected":false},"featured_media":0,"template":"","meta":{"_acf_changed":false},"product_brand":[],"product_cat":[135,139],"product_tag":[],"class_list":{"0":"post-11415","1":"product","2":"type-product","3":"status-publish","5":"product_cat-aggregate","6":"product_cat-density-and-water-absorption","9":"instock","10":"shipping-taxable","11":"product-type-simple"},"acf":[],"yoast_head":"<!-- This site is optimized with the Yoast SEO Premium plugin v26.5 (Yoast SEO v26.5) - https:\/\/yoast.com\/wordpress\/plugins\/seo\/ -->\n<title>Specific Gravity Frame - YKM TEST<\/title>\n<meta name=\"description\" content=\"Specific Gravity Frame determines relative density and water absorption of aggregates and concrete using hydrostatic weighing methods.\" \/>\n<meta name=\"robots\" content=\"index, follow, max-snippet:-1, max-image-preview:large, max-video-preview:-1\" \/>\n<link rel=\"canonical\" href=\"https:\/\/darkorchid-cheetah-525435.hostingersite.com\/product\/specific-gravity-frame\/\" \/>\n<meta property=\"og:locale\" content=\"fr_FR\" \/>\n<meta property=\"og:type\" content=\"article\" \/>\n<meta property=\"og:title\" content=\"Specific Gravity Frame\" \/>\n<meta property=\"og:description\" content=\"Specific Gravity Frame determines relative density and water absorption of aggregates and concrete using hydrostatic weighing methods.\" \/>\n<meta property=\"og:url\" content=\"https:\/\/darkorchid-cheetah-525435.hostingersite.com\/product\/specific-gravity-frame\/\" \/>\n<meta property=\"og:site_name\" content=\"YKM TEST\" \/>\n<meta property=\"article:modified_time\" content=\"2025-12-23T08:26:04+00:00\" \/>\n<meta name=\"twitter:card\" content=\"summary_large_image\" \/>\n<meta name=\"twitter:label1\" content=\"Prix\" \/>\n\t<meta name=\"twitter:data1\" content=\"\" \/>\n\t<meta name=\"twitter:label2\" content=\"Disponibilit\u00e9\" \/>\n\t<meta name=\"twitter:data2\" content=\"En stock\" \/>\n<script type=\"application\/ld+json\" class=\"yoast-schema-graph\">{\"@context\":\"https:\/\/schema.org\",\"@graph\":[{\"@type\":\"WebPage\",\"@id\":\"https:\/\/darkorchid-cheetah-525435.hostingersite.com\/product\/specific-gravity-frame\/\",\"url\":\"https:\/\/darkorchid-cheetah-525435.hostingersite.com\/product\/specific-gravity-frame\/\",\"name\":\"Specific Gravity Frame - YKM TEST\",\"isPartOf\":{\"@id\":\"https:\/\/darkorchid-cheetah-525435.hostingersite.com\/#website\"},\"datePublished\":\"2025-12-23T08:26:03+00:00\",\"dateModified\":\"2025-12-23T08:26:04+00:00\",\"description\":\"Specific Gravity Frame determines relative density and water absorption of aggregates and concrete using hydrostatic weighing methods.\",\"breadcrumb\":{\"@id\":\"https:\/\/darkorchid-cheetah-525435.hostingersite.com\/product\/specific-gravity-frame\/#breadcrumb\"},\"inLanguage\":\"fr-FR\",\"potentialAction\":[{\"@type\":\"ReadAction\",\"target\":[\"https:\/\/darkorchid-cheetah-525435.hostingersite.com\/product\/specific-gravity-frame\/\"]}]},{\"@type\":\"BreadcrumbList\",\"@id\":\"https:\/\/darkorchid-cheetah-525435.hostingersite.com\/product\/specific-gravity-frame\/#breadcrumb\",\"itemListElement\":[{\"@type\":\"ListItem\",\"position\":1,\"name\":\"Home\",\"item\":\"https:\/\/darkorchid-cheetah-525435.hostingersite.com\/\"},{\"@type\":\"ListItem\",\"position\":2,\"name\":\"\u0422\u043e\u0432\u0430\u0440\u044b\",\"item\":\"https:\/\/ykmtest.com\/ru\/shop\/\"},{\"@type\":\"ListItem\",\"position\":3,\"name\":\"Specific Gravity Frame\"}]},{\"@type\":\"WebSite\",\"@id\":\"https:\/\/darkorchid-cheetah-525435.hostingersite.com\/#website\",\"url\":\"https:\/\/darkorchid-cheetah-525435.hostingersite.com\/\",\"name\":\"YKM TEST\",\"description\":\"\",\"publisher\":{\"@id\":\"https:\/\/darkorchid-cheetah-525435.hostingersite.com\/#organization\"},\"potentialAction\":[{\"@type\":\"SearchAction\",\"target\":{\"@type\":\"EntryPoint\",\"urlTemplate\":\"https:\/\/darkorchid-cheetah-525435.hostingersite.com\/?s={search_term_string}\"},\"query-input\":{\"@type\":\"PropertyValueSpecification\",\"valueRequired\":true,\"valueName\":\"search_term_string\"}}],\"inLanguage\":\"fr-FR\"},{\"@type\":[\"Organization\",\"Place\"],\"@id\":\"https:\/\/darkorchid-cheetah-525435.hostingersite.com\/#organization\",\"name\":\"YKM TEST\",\"url\":\"https:\/\/darkorchid-cheetah-525435.hostingersite.com\/\",\"logo\":{\"@id\":\"https:\/\/darkorchid-cheetah-525435.hostingersite.com\/product\/specific-gravity-frame\/#local-main-organization-logo\"},\"image\":{\"@id\":\"https:\/\/darkorchid-cheetah-525435.hostingersite.com\/product\/specific-gravity-frame\/#local-main-organization-logo\"},\"telephone\":[],\"openingHoursSpecification\":[{\"@type\":\"OpeningHoursSpecification\",\"dayOfWeek\":[\"Monday\",\"Tuesday\",\"Wednesday\",\"Thursday\",\"Friday\",\"Saturday\",\"Sunday\"],\"opens\":\"09:00\",\"closes\":\"17:00\"}]},{\"@type\":\"ImageObject\",\"inLanguage\":\"fr-FR\",\"@id\":\"https:\/\/darkorchid-cheetah-525435.hostingersite.com\/product\/specific-gravity-frame\/#local-main-organization-logo\",\"url\":\"https:\/\/ykmtest.com\/wp-content\/uploads\/2025\/10\/Asset-2@2x-8.png\",\"contentUrl\":\"https:\/\/ykmtest.com\/wp-content\/uploads\/2025\/10\/Asset-2@2x-8.png\",\"width\":1550,\"height\":323,\"caption\":\"YKM TEST\"}]}<\/script>\n<meta property=\"product:price:currency\" content=\"USD\" \/>\n<meta property=\"og:availability\" content=\"instock\" \/>\n<meta property=\"product:availability\" content=\"instock\" \/>\n<meta property=\"product:condition\" content=\"new\" \/>\n<!-- \/ Yoast SEO Premium plugin. -->","yoast_head_json":{"title":"Specific Gravity Frame - YKM TEST","description":"Specific Gravity Frame determines relative density and water absorption of aggregates and concrete using hydrostatic weighing methods.","robots":{"index":"index","follow":"follow","max-snippet":"max-snippet:-1","max-image-preview":"max-image-preview:large","max-video-preview":"max-video-preview:-1"},"canonical":"https:\/\/darkorchid-cheetah-525435.hostingersite.com\/product\/specific-gravity-frame\/","og_locale":"fr_FR","og_type":"article","og_title":"Specific Gravity Frame","og_description":"Specific Gravity Frame determines relative density and water absorption of aggregates and concrete using hydrostatic weighing methods.","og_url":"https:\/\/darkorchid-cheetah-525435.hostingersite.com\/product\/specific-gravity-frame\/","og_site_name":"YKM TEST","article_modified_time":"2025-12-23T08:26:04+00:00","twitter_card":"summary_large_image","twitter_misc":{"Prix":"","Disponibilit\u00e9":"En stock"},"schema":{"@context":"https:\/\/schema.org","@graph":[{"@type":"WebPage","@id":"https:\/\/darkorchid-cheetah-525435.hostingersite.com\/product\/specific-gravity-frame\/","url":"https:\/\/darkorchid-cheetah-525435.hostingersite.com\/product\/specific-gravity-frame\/","name":"Specific Gravity Frame - YKM TEST","isPartOf":{"@id":"https:\/\/darkorchid-cheetah-525435.hostingersite.com\/#website"},"datePublished":"2025-12-23T08:26:03+00:00","dateModified":"2025-12-23T08:26:04+00:00","description":"Specific Gravity Frame determines relative density and water absorption of aggregates and concrete using hydrostatic weighing methods.","breadcrumb":{"@id":"https:\/\/darkorchid-cheetah-525435.hostingersite.com\/product\/specific-gravity-frame\/#breadcrumb"},"inLanguage":"fr-FR","potentialAction":[{"@type":"ReadAction","target":["https:\/\/darkorchid-cheetah-525435.hostingersite.com\/product\/specific-gravity-frame\/"]}]},{"@type":"BreadcrumbList","@id":"https:\/\/darkorchid-cheetah-525435.hostingersite.com\/product\/specific-gravity-frame\/#breadcrumb","itemListElement":[{"@type":"ListItem","position":1,"name":"Home","item":"https:\/\/darkorchid-cheetah-525435.hostingersite.com\/"},{"@type":"ListItem","position":2,"name":"\u0422\u043e\u0432\u0430\u0440\u044b","item":"https:\/\/ykmtest.com\/ru\/shop\/"},{"@type":"ListItem","position":3,"name":"Specific Gravity Frame"}]},{"@type":"WebSite","@id":"https:\/\/darkorchid-cheetah-525435.hostingersite.com\/#website","url":"https:\/\/darkorchid-cheetah-525435.hostingersite.com\/","name":"TEST YKM","description":"","publisher":{"@id":"https:\/\/darkorchid-cheetah-525435.hostingersite.com\/#organization"},"potentialAction":[{"@type":"SearchAction","target":{"@type":"EntryPoint","urlTemplate":"https:\/\/darkorchid-cheetah-525435.hostingersite.com\/?s={search_term_string}"},"query-input":{"@type":"PropertyValueSpecification","valueRequired":true,"valueName":"search_term_string"}}],"inLanguage":"fr-FR"},{"@type":["Organization","Place"],"@id":"https:\/\/darkorchid-cheetah-525435.hostingersite.com\/#organization","name":"TEST YKM","url":"https:\/\/darkorchid-cheetah-525435.hostingersite.com\/","logo":{"@id":"https:\/\/darkorchid-cheetah-525435.hostingersite.com\/product\/specific-gravity-frame\/#local-main-organization-logo"},"image":{"@id":"https:\/\/darkorchid-cheetah-525435.hostingersite.com\/product\/specific-gravity-frame\/#local-main-organization-logo"},"telephone":[],"openingHoursSpecification":[{"@type":"OpeningHoursSpecification","dayOfWeek":["Monday","Tuesday","Wednesday","Thursday","Friday","Saturday","Sunday"],"opens":"09:00","closes":"17:00"}]},{"@type":"ImageObject","inLanguage":"fr-FR","@id":"https:\/\/darkorchid-cheetah-525435.hostingersite.com\/product\/specific-gravity-frame\/#local-main-organization-logo","url":"https:\/\/ykmtest.com\/wp-content\/uploads\/2025\/10\/Asset-2@2x-8.png","contentUrl":"https:\/\/ykmtest.com\/wp-content\/uploads\/2025\/10\/Asset-2@2x-8.png","width":1550,"height":323,"caption":"YKM TEST"}]},"product_price_currency":"USD","og_availability":"instock","product_availability":"instock","product_condition":"new"},"_links":{"self":[{"href":"https:\/\/ykmtest.com\/french\/wp-json\/wp\/v2\/product\/11415","targetHints":{"allow":["GET"]}}],"collection":[{"href":"https:\/\/ykmtest.com\/french\/wp-json\/wp\/v2\/product"}],"about":[{"href":"https:\/\/ykmtest.com\/french\/wp-json\/wp\/v2\/types\/product"}],"version-history":[{"count":1,"href":"https:\/\/ykmtest.com\/french\/wp-json\/wp\/v2\/product\/11415\/revisions"}],"predecessor-version":[{"id":11416,"href":"https:\/\/ykmtest.com\/french\/wp-json\/wp\/v2\/product\/11415\/revisions\/11416"}],"wp:attachment":[{"href":"https:\/\/ykmtest.com\/french\/wp-json\/wp\/v2\/media?parent=11415"}],"wp:term":[{"taxonomy":"product_brand","embeddable":true,"href":"https:\/\/ykmtest.com\/french\/wp-json\/wp\/v2\/product_brand?post=11415"},{"taxonomy":"product_cat","embeddable":true,"href":"https:\/\/ykmtest.com\/french\/wp-json\/wp\/v2\/product_cat?post=11415"},{"taxonomy":"product_tag","embeddable":true,"href":"https:\/\/ykmtest.com\/french\/wp-json\/wp\/v2\/product_tag?post=11415"}],"curies":[{"name":"wp","href":"https:\/\/api.w.org\/{rel}","templated":true}]}}