{"id":11419,"date":"2025-12-23T08:38:58","date_gmt":"2025-12-23T08:38:58","guid":{"rendered":"https:\/\/ykmtest.com\/?post_type=product&#038;p=11419"},"modified":"2025-12-23T08:38:59","modified_gmt":"2025-12-23T08:38:59","slug":"specific-gravity-bottles-pycnometers","status":"publish","type":"product","link":"https:\/\/ykmtest.com\/french\/produit\/specific-gravity-bottles-pycnometers\/","title":{"rendered":"Bouteilles \u00e0 densim\u00e8tre (pycnom\u00e8tres)"},"content":{"rendered":"<p class=\"p3\"><span lang=\"TR\">Le corps en verre borosilicat\u00e9 \u00e0 paroi \u00e9paisse r\u00e9siste aux chocs thermiques et aux interactions chimiques ; la stabilit\u00e9 dimensionnelle garantit des r\u00e9sultats reproductibles lors d'une utilisation \u00e0 long terme. L'embouchure de la bouteille est scell\u00e9e par un joint en verre rod\u00e9 et un bouchon avec trou capillaire. Le capillaire permet une \u00e9vacuation contr\u00f4l\u00e9e de l'air emprisonn\u00e9 et favorise un remplissage r\u00e9p\u00e9table \u00e0 volume constant. L'ajustement entre le bouchon et le col est rectifi\u00e9 selon une tol\u00e9rance serr\u00e9e pour assurer une \u00e9tanch\u00e9it\u00e9 fiable ; des configurations avec des bouchons en verre ou en PTFE sont disponibles. La famille de produits est propos\u00e9e en plusieurs capacit\u00e9s pour r\u00e9pondre aux besoins des laboratoires (g\u00e9n\u00e9ralement 50 ml, 100 ml, 250 ml, 500 ml). Chaque bouteille est calibr\u00e9e \u00e0 20 \u00b0C et marqu\u00e9e \u201c\u00e0 contenir\u201d pour assurer la coh\u00e9rence des mesures entre les \u00e9chantillons. Chaque bouchon est appari\u00e9 \u00e0 sa bouteille pour maintenir la pr\u00e9cision de l'\u00e9tanch\u00e9it\u00e9 ; un capuchon protecteur et un manchon de transport sont disponibles en option.<\/span><\/p>","protected":false},"excerpt":{"rendered":"<p>Les bouteilles \u00e0 gravit\u00e9 sp\u00e9cifique (pycnom\u00e8tres) sont des r\u00e9cipients volum\u00e9triques \u00e0 tol\u00e9rance \u00e9troite con\u00e7us pour d\u00e9terminer la gravit\u00e9 sp\u00e9cifique (densit\u00e9 relative) des mat\u00e9riaux \u00e0 grains fins et des liquides chimiques.<\/p>","protected":false},"featured_media":0,"template":"","meta":{"_acf_changed":false},"product_brand":[],"product_cat":[135,139],"product_tag":[],"class_list":{"0":"post-11419","1":"product","2":"type-product","3":"status-publish","5":"product_cat-aggregate","6":"product_cat-density-and-water-absorption","9":"instock","10":"shipping-taxable","11":"product-type-simple"},"acf":[],"yoast_head":"<!-- This site is optimized with the Yoast SEO Premium plugin v26.5 (Yoast SEO v26.5) - https:\/\/yoast.com\/wordpress\/plugins\/seo\/ -->\n<title>Specific Gravity Bottles (Pycnometers) - YKM TEST<\/title>\n<meta name=\"description\" content=\"Specific Gravity Bottles (Pycnometers) determine relative density of fine materials and liquids with calibrated borosilicate glass containers.\" \/>\n<meta name=\"robots\" content=\"index, follow, max-snippet:-1, max-image-preview:large, max-video-preview:-1\" \/>\n<link rel=\"canonical\" href=\"https:\/\/darkorchid-cheetah-525435.hostingersite.com\/product\/specific-gravity-bottles-pycnometers\/\" \/>\n<meta property=\"og:locale\" content=\"fr_FR\" \/>\n<meta property=\"og:type\" content=\"article\" \/>\n<meta property=\"og:title\" content=\"Specific Gravity Bottles (Pycnometers)\" \/>\n<meta property=\"og:description\" content=\"Specific Gravity Bottles (Pycnometers) determine relative density of fine materials and liquids with calibrated borosilicate glass containers.\" \/>\n<meta property=\"og:url\" content=\"https:\/\/darkorchid-cheetah-525435.hostingersite.com\/product\/specific-gravity-bottles-pycnometers\/\" \/>\n<meta property=\"og:site_name\" content=\"YKM TEST\" \/>\n<meta property=\"article:modified_time\" content=\"2025-12-23T08:38:59+00:00\" \/>\n<meta name=\"twitter:card\" content=\"summary_large_image\" \/>\n<meta name=\"twitter:label1\" content=\"Prix\" \/>\n\t<meta name=\"twitter:data1\" content=\"\" \/>\n\t<meta name=\"twitter:label2\" content=\"Disponibilit\u00e9\" \/>\n\t<meta name=\"twitter:data2\" content=\"En stock\" \/>\n<script type=\"application\/ld+json\" class=\"yoast-schema-graph\">{\"@context\":\"https:\/\/schema.org\",\"@graph\":[{\"@type\":\"WebPage\",\"@id\":\"https:\/\/darkorchid-cheetah-525435.hostingersite.com\/product\/specific-gravity-bottles-pycnometers\/\",\"url\":\"https:\/\/darkorchid-cheetah-525435.hostingersite.com\/product\/specific-gravity-bottles-pycnometers\/\",\"name\":\"Specific Gravity Bottles (Pycnometers) - YKM TEST\",\"isPartOf\":{\"@id\":\"https:\/\/darkorchid-cheetah-525435.hostingersite.com\/#website\"},\"datePublished\":\"2025-12-23T08:38:58+00:00\",\"dateModified\":\"2025-12-23T08:38:59+00:00\",\"description\":\"Specific Gravity Bottles (Pycnometers) determine relative density of fine materials and liquids with calibrated borosilicate glass containers.\",\"breadcrumb\":{\"@id\":\"https:\/\/darkorchid-cheetah-525435.hostingersite.com\/product\/specific-gravity-bottles-pycnometers\/#breadcrumb\"},\"inLanguage\":\"fr-FR\",\"potentialAction\":[{\"@type\":\"ReadAction\",\"target\":[\"https:\/\/darkorchid-cheetah-525435.hostingersite.com\/product\/specific-gravity-bottles-pycnometers\/\"]}]},{\"@type\":\"BreadcrumbList\",\"@id\":\"https:\/\/darkorchid-cheetah-525435.hostingersite.com\/product\/specific-gravity-bottles-pycnometers\/#breadcrumb\",\"itemListElement\":[{\"@type\":\"ListItem\",\"position\":1,\"name\":\"Home\",\"item\":\"https:\/\/darkorchid-cheetah-525435.hostingersite.com\/\"},{\"@type\":\"ListItem\",\"position\":2,\"name\":\"\u0422\u043e\u0432\u0430\u0440\u044b\",\"item\":\"https:\/\/ykmtest.com\/ru\/shop\/\"},{\"@type\":\"ListItem\",\"position\":3,\"name\":\"Specific Gravity Bottles (Pycnometers)\"}]},{\"@type\":\"WebSite\",\"@id\":\"https:\/\/darkorchid-cheetah-525435.hostingersite.com\/#website\",\"url\":\"https:\/\/darkorchid-cheetah-525435.hostingersite.com\/\",\"name\":\"YKM TEST\",\"description\":\"\",\"publisher\":{\"@id\":\"https:\/\/darkorchid-cheetah-525435.hostingersite.com\/#organization\"},\"potentialAction\":[{\"@type\":\"SearchAction\",\"target\":{\"@type\":\"EntryPoint\",\"urlTemplate\":\"https:\/\/darkorchid-cheetah-525435.hostingersite.com\/?s={search_term_string}\"},\"query-input\":{\"@type\":\"PropertyValueSpecification\",\"valueRequired\":true,\"valueName\":\"search_term_string\"}}],\"inLanguage\":\"fr-FR\"},{\"@type\":[\"Organization\",\"Place\"],\"@id\":\"https:\/\/darkorchid-cheetah-525435.hostingersite.com\/#organization\",\"name\":\"YKM TEST\",\"url\":\"https:\/\/darkorchid-cheetah-525435.hostingersite.com\/\",\"logo\":{\"@id\":\"https:\/\/darkorchid-cheetah-525435.hostingersite.com\/product\/specific-gravity-bottles-pycnometers\/#local-main-organization-logo\"},\"image\":{\"@id\":\"https:\/\/darkorchid-cheetah-525435.hostingersite.com\/product\/specific-gravity-bottles-pycnometers\/#local-main-organization-logo\"},\"telephone\":[],\"openingHoursSpecification\":[{\"@type\":\"OpeningHoursSpecification\",\"dayOfWeek\":[\"Monday\",\"Tuesday\",\"Wednesday\",\"Thursday\",\"Friday\",\"Saturday\",\"Sunday\"],\"opens\":\"09:00\",\"closes\":\"17:00\"}]},{\"@type\":\"ImageObject\",\"inLanguage\":\"fr-FR\",\"@id\":\"https:\/\/darkorchid-cheetah-525435.hostingersite.com\/product\/specific-gravity-bottles-pycnometers\/#local-main-organization-logo\",\"url\":\"https:\/\/ykmtest.com\/wp-content\/uploads\/2025\/10\/Asset-2@2x-8.png\",\"contentUrl\":\"https:\/\/ykmtest.com\/wp-content\/uploads\/2025\/10\/Asset-2@2x-8.png\",\"width\":1550,\"height\":323,\"caption\":\"YKM TEST\"}]}<\/script>\n<meta property=\"product:price:currency\" content=\"USD\" \/>\n<meta property=\"og:availability\" content=\"instock\" \/>\n<meta property=\"product:availability\" content=\"instock\" \/>\n<meta property=\"product:condition\" content=\"new\" \/>\n<!-- \/ Yoast SEO Premium plugin. -->","yoast_head_json":{"title":"Specific Gravity Bottles (Pycnometers) - YKM TEST","description":"Specific Gravity Bottles (Pycnometers) determine relative density of fine materials and liquids with calibrated borosilicate glass containers.","robots":{"index":"index","follow":"follow","max-snippet":"max-snippet:-1","max-image-preview":"max-image-preview:large","max-video-preview":"max-video-preview:-1"},"canonical":"https:\/\/darkorchid-cheetah-525435.hostingersite.com\/product\/specific-gravity-bottles-pycnometers\/","og_locale":"fr_FR","og_type":"article","og_title":"Specific Gravity Bottles (Pycnometers)","og_description":"Specific Gravity Bottles (Pycnometers) determine relative density of fine materials and liquids with calibrated borosilicate glass containers.","og_url":"https:\/\/darkorchid-cheetah-525435.hostingersite.com\/product\/specific-gravity-bottles-pycnometers\/","og_site_name":"YKM TEST","article_modified_time":"2025-12-23T08:38:59+00:00","twitter_card":"summary_large_image","twitter_misc":{"Prix":"","Disponibilit\u00e9":"En stock"},"schema":{"@context":"https:\/\/schema.org","@graph":[{"@type":"WebPage","@id":"https:\/\/darkorchid-cheetah-525435.hostingersite.com\/product\/specific-gravity-bottles-pycnometers\/","url":"https:\/\/darkorchid-cheetah-525435.hostingersite.com\/product\/specific-gravity-bottles-pycnometers\/","name":"Specific Gravity Bottles (Pycnometers) - YKM TEST","isPartOf":{"@id":"https:\/\/darkorchid-cheetah-525435.hostingersite.com\/#website"},"datePublished":"2025-12-23T08:38:58+00:00","dateModified":"2025-12-23T08:38:59+00:00","description":"Specific Gravity Bottles (Pycnometers) determine relative density of fine materials and liquids with calibrated borosilicate glass containers.","breadcrumb":{"@id":"https:\/\/darkorchid-cheetah-525435.hostingersite.com\/product\/specific-gravity-bottles-pycnometers\/#breadcrumb"},"inLanguage":"fr-FR","potentialAction":[{"@type":"ReadAction","target":["https:\/\/darkorchid-cheetah-525435.hostingersite.com\/product\/specific-gravity-bottles-pycnometers\/"]}]},{"@type":"BreadcrumbList","@id":"https:\/\/darkorchid-cheetah-525435.hostingersite.com\/product\/specific-gravity-bottles-pycnometers\/#breadcrumb","itemListElement":[{"@type":"ListItem","position":1,"name":"Home","item":"https:\/\/darkorchid-cheetah-525435.hostingersite.com\/"},{"@type":"ListItem","position":2,"name":"\u0422\u043e\u0432\u0430\u0440\u044b","item":"https:\/\/ykmtest.com\/ru\/shop\/"},{"@type":"ListItem","position":3,"name":"Specific Gravity Bottles (Pycnometers)"}]},{"@type":"WebSite","@id":"https:\/\/darkorchid-cheetah-525435.hostingersite.com\/#website","url":"https:\/\/darkorchid-cheetah-525435.hostingersite.com\/","name":"TEST YKM","description":"","publisher":{"@id":"https:\/\/darkorchid-cheetah-525435.hostingersite.com\/#organization"},"potentialAction":[{"@type":"SearchAction","target":{"@type":"EntryPoint","urlTemplate":"https:\/\/darkorchid-cheetah-525435.hostingersite.com\/?s={search_term_string}"},"query-input":{"@type":"PropertyValueSpecification","valueRequired":true,"valueName":"search_term_string"}}],"inLanguage":"fr-FR"},{"@type":["Organization","Place"],"@id":"https:\/\/darkorchid-cheetah-525435.hostingersite.com\/#organization","name":"TEST YKM","url":"https:\/\/darkorchid-cheetah-525435.hostingersite.com\/","logo":{"@id":"https:\/\/darkorchid-cheetah-525435.hostingersite.com\/product\/specific-gravity-bottles-pycnometers\/#local-main-organization-logo"},"image":{"@id":"https:\/\/darkorchid-cheetah-525435.hostingersite.com\/product\/specific-gravity-bottles-pycnometers\/#local-main-organization-logo"},"telephone":[],"openingHoursSpecification":[{"@type":"OpeningHoursSpecification","dayOfWeek":["Monday","Tuesday","Wednesday","Thursday","Friday","Saturday","Sunday"],"opens":"09:00","closes":"17:00"}]},{"@type":"ImageObject","inLanguage":"fr-FR","@id":"https:\/\/darkorchid-cheetah-525435.hostingersite.com\/product\/specific-gravity-bottles-pycnometers\/#local-main-organization-logo","url":"https:\/\/ykmtest.com\/wp-content\/uploads\/2025\/10\/Asset-2@2x-8.png","contentUrl":"https:\/\/ykmtest.com\/wp-content\/uploads\/2025\/10\/Asset-2@2x-8.png","width":1550,"height":323,"caption":"YKM TEST"}]},"product_price_currency":"USD","og_availability":"instock","product_availability":"instock","product_condition":"new"},"_links":{"self":[{"href":"https:\/\/ykmtest.com\/french\/wp-json\/wp\/v2\/product\/11419","targetHints":{"allow":["GET"]}}],"collection":[{"href":"https:\/\/ykmtest.com\/french\/wp-json\/wp\/v2\/product"}],"about":[{"href":"https:\/\/ykmtest.com\/french\/wp-json\/wp\/v2\/types\/product"}],"version-history":[{"count":1,"href":"https:\/\/ykmtest.com\/french\/wp-json\/wp\/v2\/product\/11419\/revisions"}],"predecessor-version":[{"id":11420,"href":"https:\/\/ykmtest.com\/french\/wp-json\/wp\/v2\/product\/11419\/revisions\/11420"}],"wp:attachment":[{"href":"https:\/\/ykmtest.com\/french\/wp-json\/wp\/v2\/media?parent=11419"}],"wp:term":[{"taxonomy":"product_brand","embeddable":true,"href":"https:\/\/ykmtest.com\/french\/wp-json\/wp\/v2\/product_brand?post=11419"},{"taxonomy":"product_cat","embeddable":true,"href":"https:\/\/ykmtest.com\/french\/wp-json\/wp\/v2\/product_cat?post=11419"},{"taxonomy":"product_tag","embeddable":true,"href":"https:\/\/ykmtest.com\/french\/wp-json\/wp\/v2\/product_tag?post=11419"}],"curies":[{"name":"wp","href":"https:\/\/api.w.org\/{rel}","templated":true}]}}