{"id":11442,"date":"2025-12-23T12:28:10","date_gmt":"2025-12-23T12:28:10","guid":{"rendered":"https:\/\/ykmtest.com\/?post_type=product&#038;p=11442"},"modified":"2025-12-23T12:28:11","modified_gmt":"2025-12-23T12:28:11","slug":"pression-pro-astm-aashto-automatic-compression-testing-machines-for-cylinders","status":"publish","type":"product","link":"https:\/\/ykmtest.com\/french\/produit\/pression-pro-astm-aashto-automatic-compression-testing-machines-for-cylinders\/","title":{"rendered":"Pression Pro ASTM &amp; AASHTO \u2013 Machines d'essai de compression automatiques pour cylindres"},"content":{"rendered":"<p data-start=\"732\" data-end=\"1169\">Les machines d'essai de compression automatique Pression Pro sont des syst\u00e8mes de laboratoire avanc\u00e9s con\u00e7us pour d\u00e9terminer de mani\u00e8re pr\u00e9cise et reproductible la r\u00e9sistance \u00e0 la compression des cylindres de b\u00e9ton, des \u00e9chantillons de mortier, de la pierre naturelle et d'autres mat\u00e9riaux de construction. Gr\u00e2ce \u00e0 l'application enti\u00e8rement automatique de la charge, \u00e0 la mesure, \u00e0 l'enregistrement des donn\u00e9es et \u00e0 l'\u00e9tablissement de rapports, le syst\u00e8me \u00e9limine l'influence de l'op\u00e9rateur et garantit des r\u00e9sultats d'essai tra\u00e7ables et conformes aux normes.<\/p>\n<p data-start=\"1171\" data-end=\"1797\">Le corps de la machine est constitu\u00e9 d'une structure monobloc soud\u00e9e \u00e0 partir de plaques d'acier \u00e0 haute r\u00e9sistance d\u00e9coup\u00e9es par commande num\u00e9rique, ce qui lui conf\u00e8re une rigidit\u00e9 exceptionnelle et une r\u00e9partition uniforme des contraintes sous charge. Cette conception minimise les d\u00e9viations axiales pendant les essais et garantit la stabilit\u00e9 dimensionnelle \u00e0 long terme. Des plateaux de chargement en acier rectifi\u00e9 et tremp\u00e9 sont utilis\u00e9s ; le plateau sup\u00e9rieur est \u00e0 assise sph\u00e9rique pour garantir une r\u00e9partition uniforme de la charge, tandis que le plateau inf\u00e9rieur permet d'aligner facilement les \u00e9chantillons \u00e0 l'aide d'anneaux de centrage. Le piston et le cylindre hydrauliques sont usin\u00e9s avec pr\u00e9cision, avec des tol\u00e9rances de l'ordre du micron, et \u00e9quip\u00e9s d'\u00e9l\u00e9ments d'\u00e9tanch\u00e9it\u00e9 r\u00e9sistants \u00e0 la haute pression.<\/p>\n<p data-start=\"1799\" data-end=\"2129\">L'unit\u00e9 de puissance hydraulique g\u00e9n\u00e8re de la pression \u00e0 l'aide d'un syst\u00e8me de pompe silencieux. Le d\u00e9bit d'huile est r\u00e9gul\u00e9 par une vanne proportionnelle afin de maintenir un taux de charge constant et pr\u00e9cis tout au long de l'essai, conform\u00e9ment aux exigences des normes ASTM C39 et AASHTO T 22. Le syst\u00e8me est con\u00e7u pour n\u00e9cessiter peu d'entretien et pour fonctionner en continu en laboratoire.<\/p>\n<p data-start=\"2131\" data-end=\"2617\">La mesure de la charge est effectu\u00e9e \u00e0 l'aide d'un capteur de pression \u00e9lectronique de haute pr\u00e9cision (\u00b10,25%), compens\u00e9 \u00e9lectroniquement pour les variations de temp\u00e9rature. Le syst\u00e8me de mesure comprend une fonction d'\u00e9talonnage en 10 points, permettant des courbes d'\u00e9talonnage ind\u00e9pendantes pour diff\u00e9rentes plages de charge et garantissant une pr\u00e9cision \u00e9gale pour les capacit\u00e9s faibles et \u00e9lev\u00e9es. Les proc\u00e9dures d'\u00e9talonnage peuvent \u00eatre effectu\u00e9es directement via le panneau de commande. L'int\u00e9gration d'une cellule de charge en option permet une double capacit\u00e9 de mesure.<\/p>\n<p data-start=\"2619\" data-end=\"3234\">Le syst\u00e8me de contr\u00f4le SenseProC Touch Panel g\u00e8re automatiquement l'ensemble du cycle d'essai, y compris le contr\u00f4le de la charge, la d\u00e9tection des d\u00e9faillances, l'acquisition des donn\u00e9es et le calcul des r\u00e9sultats. L'\u00e9cran tactile couleur de 7 pouces avec affichage IPS \u00e0 fort contraste offre une interface utilisateur intuitive pour s\u00e9lectionner le type d'\u00e9chantillon, les dimensions, le taux de charge et les param\u00e8tres d'essai. Les graphiques des temps de charge sont affich\u00e9s en temps r\u00e9el et les r\u00e9sultats des tests sont automatiquement enregistr\u00e9s avec la date, l'identifiant de l'\u00e9chantillon, le nom de l'op\u00e9rateur et les informations du laboratoire. La m\u00e9moire interne stocke plus de 2000 enregistrements d'essais, et l'exportation des donn\u00e9es est possible via USB, Ethernet ou une imprimante optionnelle.<\/p>\n<p data-start=\"3236\" data-end=\"3697\">Le logiciel int\u00e9gr\u00e9 SenseProCom permet un contr\u00f4le, une surveillance, une analyse et un rapport complets \u00e0 distance par le biais d'un PC. Les donn\u00e9es de charge, de temps et de pression en temps r\u00e9el sont affich\u00e9es graphiquement, avec des options pour l'analyse contrainte-d\u00e9formation \u00e0 l'aide de capteurs optionnels tels que LVDT et jauges de contrainte. Les courbes d'essai peuvent \u00eatre compar\u00e9es, superpos\u00e9es et export\u00e9es aux formats PDF, Excel ou CSV. L'historique des \u00e9talonnages est archiv\u00e9 num\u00e9riquement, ce qui garantit une tra\u00e7abilit\u00e9 totale pour les laboratoires accr\u00e9dit\u00e9s.<\/p>\n<p data-start=\"3699\" data-end=\"3987\">Les caract\u00e9ristiques de s\u00e9curit\u00e9 comprennent une protection automatique contre les surcharges, une alarme de niveau d'huile, un syst\u00e8me d'arr\u00eat d'urgence, un bo\u00eetier de s\u00e9curit\u00e9 en polycarbonate avec verrouillage de la porte et un retour automatique du piston apr\u00e8s une d\u00e9faillance de l'\u00e9chantillon. Les pieds amortisseurs de vibrations et la r\u00e9partition \u00e9quilibr\u00e9e des masses am\u00e9liorent la stabilit\u00e9 pendant le fonctionnement.<\/p>\n<p data-start=\"3989\" data-end=\"4413\">Les machines d'essai de compression automatique Pression Pro ASTM &amp; AASHTO sont disponibles en capacit\u00e9s de 2000 kN et 3000 kN, adapt\u00e9es aux cylindres de b\u00e9ton standard tels que 100\u00d7200 mm et 150\u00d7300 mm. Les machines offrent un large espace de travail, un centrage rapide des \u00e9prouvettes et des surfaces de plateau lisses pour des flux de travail efficaces, ce qui les rend id\u00e9ales pour le contr\u00f4le de qualit\u00e9 professionnel, la recherche et les laboratoires d'essais accr\u00e9dit\u00e9s.<\/p>","protected":false},"excerpt":{"rendered":"<p>Les machines d'essai de compression automatique Pression Pro sont des syst\u00e8mes enti\u00e8rement automatiques de haute pr\u00e9cision con\u00e7us pour d\u00e9terminer avec pr\u00e9cision la r\u00e9sistance \u00e0 la compression du b\u00e9ton, du mortier, de la pierre et des mat\u00e9riaux de construction conform\u00e9ment aux normes ASTM et AASHTO.<\/p>","protected":false},"featured_media":0,"template":"","meta":{"_acf_changed":false},"product_brand":[],"product_cat":[142,143],"product_tag":[],"class_list":{"0":"post-11442","1":"product","2":"type-product","3":"status-publish","5":"product_cat-concrete","6":"product_cat-concrete-compression-machines","9":"instock","10":"shipping-taxable","11":"product-type-simple"},"acf":[],"yoast_head":"<!-- This site is optimized with the Yoast SEO Premium plugin v26.5 (Yoast SEO v26.5) - https:\/\/yoast.com\/wordpress\/plugins\/seo\/ -->\n<title>Pression Pro ASTM &amp; AASHTO \u2013 Automatic Compression Testing Machines for Cylinders - YKM TEST<\/title>\n<meta name=\"description\" content=\"Pression Pro Automatic Compression Testing Machines deliver fully automatic, high-accuracy compressive strength testing for concrete and construction materials.\" \/>\n<meta name=\"robots\" content=\"index, follow, max-snippet:-1, max-image-preview:large, max-video-preview:-1\" \/>\n<link rel=\"canonical\" href=\"https:\/\/darkorchid-cheetah-525435.hostingersite.com\/product\/pression-pro-astm-aashto-automatic-compression-testing-machines-for-cylinders\/\" \/>\n<meta property=\"og:locale\" content=\"fr_FR\" \/>\n<meta property=\"og:type\" content=\"article\" \/>\n<meta property=\"og:title\" content=\"Pression Pro ASTM &amp; AASHTO \u2013 Automatic Compression Testing Machines for Cylinders\" \/>\n<meta property=\"og:description\" content=\"Pression Pro Automatic Compression Testing Machines deliver fully automatic, high-accuracy compressive strength testing for concrete and construction materials.\" \/>\n<meta property=\"og:url\" content=\"https:\/\/darkorchid-cheetah-525435.hostingersite.com\/product\/pression-pro-astm-aashto-automatic-compression-testing-machines-for-cylinders\/\" \/>\n<meta property=\"og:site_name\" content=\"YKM TEST\" \/>\n<meta property=\"article:modified_time\" content=\"2025-12-23T12:28:11+00:00\" \/>\n<meta name=\"twitter:card\" content=\"summary_large_image\" \/>\n<meta name=\"twitter:label1\" content=\"Prix\" \/>\n\t<meta name=\"twitter:data1\" content=\"\" \/>\n\t<meta name=\"twitter:label2\" content=\"Disponibilit\u00e9\" \/>\n\t<meta name=\"twitter:data2\" content=\"En stock\" \/>\n<script type=\"application\/ld+json\" class=\"yoast-schema-graph\">{\"@context\":\"https:\/\/schema.org\",\"@graph\":[{\"@type\":\"WebPage\",\"@id\":\"https:\/\/darkorchid-cheetah-525435.hostingersite.com\/product\/pression-pro-astm-aashto-automatic-compression-testing-machines-for-cylinders\/\",\"url\":\"https:\/\/darkorchid-cheetah-525435.hostingersite.com\/product\/pression-pro-astm-aashto-automatic-compression-testing-machines-for-cylinders\/\",\"name\":\"Pression Pro ASTM & AASHTO \u2013 Automatic Compression Testing Machines for Cylinders - YKM TEST\",\"isPartOf\":{\"@id\":\"https:\/\/darkorchid-cheetah-525435.hostingersite.com\/#website\"},\"datePublished\":\"2025-12-23T12:28:10+00:00\",\"dateModified\":\"2025-12-23T12:28:11+00:00\",\"description\":\"Pression Pro Automatic Compression Testing Machines deliver fully automatic, high-accuracy compressive strength testing for concrete and construction materials.\",\"breadcrumb\":{\"@id\":\"https:\/\/darkorchid-cheetah-525435.hostingersite.com\/product\/pression-pro-astm-aashto-automatic-compression-testing-machines-for-cylinders\/#breadcrumb\"},\"inLanguage\":\"fr-FR\",\"potentialAction\":[{\"@type\":\"ReadAction\",\"target\":[\"https:\/\/darkorchid-cheetah-525435.hostingersite.com\/product\/pression-pro-astm-aashto-automatic-compression-testing-machines-for-cylinders\/\"]}]},{\"@type\":\"BreadcrumbList\",\"@id\":\"https:\/\/darkorchid-cheetah-525435.hostingersite.com\/product\/pression-pro-astm-aashto-automatic-compression-testing-machines-for-cylinders\/#breadcrumb\",\"itemListElement\":[{\"@type\":\"ListItem\",\"position\":1,\"name\":\"Home\",\"item\":\"https:\/\/darkorchid-cheetah-525435.hostingersite.com\/\"},{\"@type\":\"ListItem\",\"position\":2,\"name\":\"\u0422\u043e\u0432\u0430\u0440\u044b\",\"item\":\"https:\/\/ykmtest.com\/ru\/shop\/\"},{\"@type\":\"ListItem\",\"position\":3,\"name\":\"Pression Pro ASTM &#038; AASHTO \u2013 Automatic Compression Testing Machines for Cylinders\"}]},{\"@type\":\"WebSite\",\"@id\":\"https:\/\/darkorchid-cheetah-525435.hostingersite.com\/#website\",\"url\":\"https:\/\/darkorchid-cheetah-525435.hostingersite.com\/\",\"name\":\"YKM TEST\",\"description\":\"\",\"publisher\":{\"@id\":\"https:\/\/darkorchid-cheetah-525435.hostingersite.com\/#organization\"},\"potentialAction\":[{\"@type\":\"SearchAction\",\"target\":{\"@type\":\"EntryPoint\",\"urlTemplate\":\"https:\/\/darkorchid-cheetah-525435.hostingersite.com\/?s={search_term_string}\"},\"query-input\":{\"@type\":\"PropertyValueSpecification\",\"valueRequired\":true,\"valueName\":\"search_term_string\"}}],\"inLanguage\":\"fr-FR\"},{\"@type\":[\"Organization\",\"Place\"],\"@id\":\"https:\/\/darkorchid-cheetah-525435.hostingersite.com\/#organization\",\"name\":\"YKM TEST\",\"url\":\"https:\/\/darkorchid-cheetah-525435.hostingersite.com\/\",\"logo\":{\"@id\":\"https:\/\/darkorchid-cheetah-525435.hostingersite.com\/product\/pression-pro-astm-aashto-automatic-compression-testing-machines-for-cylinders\/#local-main-organization-logo\"},\"image\":{\"@id\":\"https:\/\/darkorchid-cheetah-525435.hostingersite.com\/product\/pression-pro-astm-aashto-automatic-compression-testing-machines-for-cylinders\/#local-main-organization-logo\"},\"telephone\":[],\"openingHoursSpecification\":[{\"@type\":\"OpeningHoursSpecification\",\"dayOfWeek\":[\"Monday\",\"Tuesday\",\"Wednesday\",\"Thursday\",\"Friday\",\"Saturday\",\"Sunday\"],\"opens\":\"09:00\",\"closes\":\"17:00\"}]},{\"@type\":\"ImageObject\",\"inLanguage\":\"fr-FR\",\"@id\":\"https:\/\/darkorchid-cheetah-525435.hostingersite.com\/product\/pression-pro-astm-aashto-automatic-compression-testing-machines-for-cylinders\/#local-main-organization-logo\",\"url\":\"https:\/\/ykmtest.com\/wp-content\/uploads\/2025\/10\/Asset-2@2x-8.png\",\"contentUrl\":\"https:\/\/ykmtest.com\/wp-content\/uploads\/2025\/10\/Asset-2@2x-8.png\",\"width\":1550,\"height\":323,\"caption\":\"YKM TEST\"}]}<\/script>\n<meta property=\"product:price:currency\" content=\"USD\" \/>\n<meta property=\"og:availability\" content=\"instock\" \/>\n<meta property=\"product:availability\" content=\"instock\" \/>\n<meta property=\"product:condition\" content=\"new\" \/>\n<!-- \/ Yoast SEO Premium plugin. -->","yoast_head_json":{"title":"Pression Pro ASTM & AASHTO \u2013 Automatic Compression Testing Machines for Cylinders - YKM TEST","description":"Pression Pro Automatic Compression Testing Machines deliver fully automatic, high-accuracy compressive strength testing for concrete and construction materials.","robots":{"index":"index","follow":"follow","max-snippet":"max-snippet:-1","max-image-preview":"max-image-preview:large","max-video-preview":"max-video-preview:-1"},"canonical":"https:\/\/darkorchid-cheetah-525435.hostingersite.com\/product\/pression-pro-astm-aashto-automatic-compression-testing-machines-for-cylinders\/","og_locale":"fr_FR","og_type":"article","og_title":"Pression Pro ASTM & AASHTO \u2013 Automatic Compression Testing Machines for Cylinders","og_description":"Pression Pro Automatic Compression Testing Machines deliver fully automatic, high-accuracy compressive strength testing for concrete and construction materials.","og_url":"https:\/\/darkorchid-cheetah-525435.hostingersite.com\/product\/pression-pro-astm-aashto-automatic-compression-testing-machines-for-cylinders\/","og_site_name":"YKM TEST","article_modified_time":"2025-12-23T12:28:11+00:00","twitter_card":"summary_large_image","twitter_misc":{"Prix":"","Disponibilit\u00e9":"En stock"},"schema":{"@context":"https:\/\/schema.org","@graph":[{"@type":"WebPage","@id":"https:\/\/darkorchid-cheetah-525435.hostingersite.com\/product\/pression-pro-astm-aashto-automatic-compression-testing-machines-for-cylinders\/","url":"https:\/\/darkorchid-cheetah-525435.hostingersite.com\/product\/pression-pro-astm-aashto-automatic-compression-testing-machines-for-cylinders\/","name":"Pression Pro ASTM & AASHTO \u2013 Automatic Compression Testing Machines for Cylinders - YKM TEST","isPartOf":{"@id":"https:\/\/darkorchid-cheetah-525435.hostingersite.com\/#website"},"datePublished":"2025-12-23T12:28:10+00:00","dateModified":"2025-12-23T12:28:11+00:00","description":"Pression Pro Automatic Compression Testing Machines deliver fully automatic, high-accuracy compressive strength testing for concrete and construction materials.","breadcrumb":{"@id":"https:\/\/darkorchid-cheetah-525435.hostingersite.com\/product\/pression-pro-astm-aashto-automatic-compression-testing-machines-for-cylinders\/#breadcrumb"},"inLanguage":"fr-FR","potentialAction":[{"@type":"ReadAction","target":["https:\/\/darkorchid-cheetah-525435.hostingersite.com\/product\/pression-pro-astm-aashto-automatic-compression-testing-machines-for-cylinders\/"]}]},{"@type":"BreadcrumbList","@id":"https:\/\/darkorchid-cheetah-525435.hostingersite.com\/product\/pression-pro-astm-aashto-automatic-compression-testing-machines-for-cylinders\/#breadcrumb","itemListElement":[{"@type":"ListItem","position":1,"name":"Home","item":"https:\/\/darkorchid-cheetah-525435.hostingersite.com\/"},{"@type":"ListItem","position":2,"name":"\u0422\u043e\u0432\u0430\u0440\u044b","item":"https:\/\/ykmtest.com\/ru\/shop\/"},{"@type":"ListItem","position":3,"name":"Pression Pro ASTM &#038; AASHTO \u2013 Automatic Compression Testing Machines for Cylinders"}]},{"@type":"WebSite","@id":"https:\/\/darkorchid-cheetah-525435.hostingersite.com\/#website","url":"https:\/\/darkorchid-cheetah-525435.hostingersite.com\/","name":"TEST YKM","description":"","publisher":{"@id":"https:\/\/darkorchid-cheetah-525435.hostingersite.com\/#organization"},"potentialAction":[{"@type":"SearchAction","target":{"@type":"EntryPoint","urlTemplate":"https:\/\/darkorchid-cheetah-525435.hostingersite.com\/?s={search_term_string}"},"query-input":{"@type":"PropertyValueSpecification","valueRequired":true,"valueName":"search_term_string"}}],"inLanguage":"fr-FR"},{"@type":["Organization","Place"],"@id":"https:\/\/darkorchid-cheetah-525435.hostingersite.com\/#organization","name":"TEST YKM","url":"https:\/\/darkorchid-cheetah-525435.hostingersite.com\/","logo":{"@id":"https:\/\/darkorchid-cheetah-525435.hostingersite.com\/product\/pression-pro-astm-aashto-automatic-compression-testing-machines-for-cylinders\/#local-main-organization-logo"},"image":{"@id":"https:\/\/darkorchid-cheetah-525435.hostingersite.com\/product\/pression-pro-astm-aashto-automatic-compression-testing-machines-for-cylinders\/#local-main-organization-logo"},"telephone":[],"openingHoursSpecification":[{"@type":"OpeningHoursSpecification","dayOfWeek":["Monday","Tuesday","Wednesday","Thursday","Friday","Saturday","Sunday"],"opens":"09:00","closes":"17:00"}]},{"@type":"ImageObject","inLanguage":"fr-FR","@id":"https:\/\/darkorchid-cheetah-525435.hostingersite.com\/product\/pression-pro-astm-aashto-automatic-compression-testing-machines-for-cylinders\/#local-main-organization-logo","url":"https:\/\/ykmtest.com\/wp-content\/uploads\/2025\/10\/Asset-2@2x-8.png","contentUrl":"https:\/\/ykmtest.com\/wp-content\/uploads\/2025\/10\/Asset-2@2x-8.png","width":1550,"height":323,"caption":"YKM TEST"}]},"product_price_currency":"USD","og_availability":"instock","product_availability":"instock","product_condition":"new"},"_links":{"self":[{"href":"https:\/\/ykmtest.com\/french\/wp-json\/wp\/v2\/product\/11442","targetHints":{"allow":["GET"]}}],"collection":[{"href":"https:\/\/ykmtest.com\/french\/wp-json\/wp\/v2\/product"}],"about":[{"href":"https:\/\/ykmtest.com\/french\/wp-json\/wp\/v2\/types\/product"}],"version-history":[{"count":1,"href":"https:\/\/ykmtest.com\/french\/wp-json\/wp\/v2\/product\/11442\/revisions"}],"predecessor-version":[{"id":11443,"href":"https:\/\/ykmtest.com\/french\/wp-json\/wp\/v2\/product\/11442\/revisions\/11443"}],"wp:attachment":[{"href":"https:\/\/ykmtest.com\/french\/wp-json\/wp\/v2\/media?parent=11442"}],"wp:term":[{"taxonomy":"product_brand","embeddable":true,"href":"https:\/\/ykmtest.com\/french\/wp-json\/wp\/v2\/product_brand?post=11442"},{"taxonomy":"product_cat","embeddable":true,"href":"https:\/\/ykmtest.com\/french\/wp-json\/wp\/v2\/product_cat?post=11442"},{"taxonomy":"product_tag","embeddable":true,"href":"https:\/\/ykmtest.com\/french\/wp-json\/wp\/v2\/product_tag?post=11442"}],"curies":[{"name":"wp","href":"https:\/\/api.w.org\/{rel}","templated":true}]}}